{"id":91425,"date":"2024-10-11T01:59:10","date_gmt":"2024-10-10T23:59:10","guid":{"rendered":"https:\/\/ewl.jcd.pl\/b2b\/dziekujemy\/"},"modified":"2026-02-05T16:04:58","modified_gmt":"2026-02-05T15:04:58","slug":"dyakuyemo","status":"publish","type":"page","link":"https:\/\/ewl.com.pl\/ua\/dyakuyemo\/","title":{"rendered":"\u0414\u044f\u043a\u0443\u0454\u043c\u043e"},"content":{"rendered":"","protected":false},"excerpt":{"rendered":"","protected":false},"author":1,"featured_media":0,"parent":0,"menu_order":0,"comment_status":"closed","ping_status":"closed","template":"template-thank-you.php","meta":{"_acf_changed":false,"content-type":"","inline_featured_image":false,"footnotes":""},"class_list":["post-91425","page","type-page","status-publish","hentry"],"acf":[],"yoast_head":"<!-- This site is optimized with the Yoast SEO plugin v27.4 - https:\/\/yoast.com\/product\/yoast-seo-wordpress\/ -->\n<title>\u0414\u044f\u043a\u0443\u0454\u043c\u043e za wype\u0142nienie formularza - EWL Group<\/title>\n<meta name=\"description\" content=\"Dzi\u0119kujemy za wype\u0142nienie formularza! Wkr\u00f3tce skontaktujemy si\u0119 z Tob\u0105, aby om\u00f3wi\u0107 szczeg\u00f3\u0142y i odpowiedzie\u0107 na Twoje pytania.\" \/>\n<meta name=\"robots\" content=\"index, follow, max-snippet:-1, max-image-preview:large, max-video-preview:-1\" \/>\n<link rel=\"canonical\" href=\"https:\/\/ewl.com.pl\/ua\/dyakuyemo\/\" \/>\n<meta property=\"og:locale\" content=\"uk_UA\" \/>\n<meta property=\"og:type\" content=\"article\" \/>\n<meta property=\"og:title\" content=\"\u0414\u044f\u043a\u0443\u0454\u043c\u043e za wype\u0142nienie formularza - EWL Group\" \/>\n<meta property=\"og:description\" content=\"Dzi\u0119kujemy za wype\u0142nienie formularza! Wkr\u00f3tce skontaktujemy si\u0119 z Tob\u0105, aby om\u00f3wi\u0107 szczeg\u00f3\u0142y i odpowiedzie\u0107 na Twoje pytania.\" \/>\n<meta property=\"og:url\" content=\"https:\/\/ewl.com.pl\/ua\/dyakuyemo\/\" \/>\n<meta property=\"og:site_name\" content=\"EWL Global Services\" \/>\n<meta property=\"article:modified_time\" content=\"2026-02-05T15:04:58+00:00\" \/>\n<meta name=\"twitter:card\" content=\"summary_large_image\" \/>\n<script type=\"application\/ld+json\" class=\"yoast-schema-graph\">{\"@context\":\"https:\\\/\\\/schema.org\",\"@graph\":[{\"@type\":\"WebPage\",\"@id\":\"https:\\\/\\\/ewl.com.pl\\\/ua\\\/dyakuyemo\\\/\",\"url\":\"https:\\\/\\\/ewl.com.pl\\\/ua\\\/dyakuyemo\\\/\",\"name\":\"\u0414\u044f\u043a\u0443\u0454\u043c\u043e za wype\u0142nienie formularza - EWL Group\",\"isPartOf\":{\"@id\":\"https:\\\/\\\/ewl.com.pl\\\/ua\\\/#website\"},\"datePublished\":\"2024-10-10T23:59:10+00:00\",\"dateModified\":\"2026-02-05T15:04:58+00:00\",\"description\":\"Dzi\u0119kujemy za wype\u0142nienie formularza! Wkr\u00f3tce skontaktujemy si\u0119 z Tob\u0105, aby om\u00f3wi\u0107 szczeg\u00f3\u0142y i odpowiedzie\u0107 na Twoje pytania.\",\"breadcrumb\":{\"@id\":\"https:\\\/\\\/ewl.com.pl\\\/ua\\\/dyakuyemo\\\/#breadcrumb\"},\"inLanguage\":\"uk-UA\",\"potentialAction\":[{\"@type\":\"ReadAction\",\"target\":[\"https:\\\/\\\/ewl.com.pl\\\/ua\\\/dyakuyemo\\\/\"]}]},{\"@type\":\"BreadcrumbList\",\"@id\":\"https:\\\/\\\/ewl.com.pl\\\/ua\\\/dyakuyemo\\\/#breadcrumb\",\"itemListElement\":[{\"@type\":\"ListItem\",\"position\":1,\"name\":\"Home\",\"item\":\"https:\\\/\\\/ewl.com.pl\\\/ua\\\/\"},{\"@type\":\"ListItem\",\"position\":2,\"name\":\"\u0414\u044f\u043a\u0443\u0454\u043c\u043e\"}]},{\"@type\":\"WebSite\",\"@id\":\"https:\\\/\\\/ewl.com.pl\\\/ua\\\/#website\",\"url\":\"https:\\\/\\\/ewl.com.pl\\\/ua\\\/\",\"name\":\"EWL Group - Agencja Zatrudnienia i Us\u0142ugi HR\",\"description\":\"EWL Group to agencja zatrudnienia i us\u0142ugi HR. Pomagamy firmom szybko uzupe\u0142nia\u0107 braki kadrowe i skupi\u0107 si\u0119 na rozwoju biznesu.\",\"publisher\":{\"@id\":\"https:\\\/\\\/ewl.com.pl\\\/ua\\\/#organization\"},\"potentialAction\":[{\"@type\":\"SearchAction\",\"target\":{\"@type\":\"EntryPoint\",\"urlTemplate\":\"https:\\\/\\\/ewl.com.pl\\\/ua\\\/?s={search_term_string}\"},\"query-input\":{\"@type\":\"PropertyValueSpecification\",\"valueRequired\":true,\"valueName\":\"search_term_string\"}}],\"inLanguage\":\"uk-UA\"},{\"@type\":\"Organization\",\"@id\":\"https:\\\/\\\/ewl.com.pl\\\/ua\\\/#organization\",\"name\":\"EWL Group - Agencja Zatrudnienia i Us\u0142ugi HR\",\"url\":\"https:\\\/\\\/ewl.com.pl\\\/ua\\\/\",\"logo\":{\"@type\":\"ImageObject\",\"inLanguage\":\"uk-UA\",\"@id\":\"https:\\\/\\\/ewl.com.pl\\\/ua\\\/#\\\/schema\\\/logo\\\/image\\\/\",\"url\":\"https:\\\/\\\/ewl.com.pl\\\/wp-content\\\/uploads\\\/2020\\\/06\\\/logo-white@2x.png\",\"contentUrl\":\"https:\\\/\\\/ewl.com.pl\\\/wp-content\\\/uploads\\\/2020\\\/06\\\/logo-white@2x.png\",\"width\":312,\"height\":130,\"caption\":\"EWL Group - Agencja Zatrudnienia i Us\u0142ugi HR\"},\"image\":{\"@id\":\"https:\\\/\\\/ewl.com.pl\\\/ua\\\/#\\\/schema\\\/logo\\\/image\\\/\"}}]}<\/script>\n<!-- \/ Yoast SEO plugin. -->","yoast_head_json":{"title":"\u0414\u044f\u043a\u0443\u0454\u043c\u043e za wype\u0142nienie formularza - EWL Group","description":"Dzi\u0119kujemy za wype\u0142nienie formularza! Wkr\u00f3tce skontaktujemy si\u0119 z Tob\u0105, aby om\u00f3wi\u0107 szczeg\u00f3\u0142y i odpowiedzie\u0107 na Twoje pytania.","robots":{"index":"index","follow":"follow","max-snippet":"max-snippet:-1","max-image-preview":"max-image-preview:large","max-video-preview":"max-video-preview:-1"},"canonical":"https:\/\/ewl.com.pl\/ua\/dyakuyemo\/","og_locale":"uk_UA","og_type":"article","og_title":"\u0414\u044f\u043a\u0443\u0454\u043c\u043e za wype\u0142nienie formularza - EWL Group","og_description":"Dzi\u0119kujemy za wype\u0142nienie formularza! Wkr\u00f3tce skontaktujemy si\u0119 z Tob\u0105, aby om\u00f3wi\u0107 szczeg\u00f3\u0142y i odpowiedzie\u0107 na Twoje pytania.","og_url":"https:\/\/ewl.com.pl\/ua\/dyakuyemo\/","og_site_name":"EWL Global Services","article_modified_time":"2026-02-05T15:04:58+00:00","twitter_card":"summary_large_image","schema":{"@context":"https:\/\/schema.org","@graph":[{"@type":"WebPage","@id":"https:\/\/ewl.com.pl\/ua\/dyakuyemo\/","url":"https:\/\/ewl.com.pl\/ua\/dyakuyemo\/","name":"\u0414\u044f\u043a\u0443\u0454\u043c\u043e za wype\u0142nienie formularza - EWL Group","isPartOf":{"@id":"https:\/\/ewl.com.pl\/ua\/#website"},"datePublished":"2024-10-10T23:59:10+00:00","dateModified":"2026-02-05T15:04:58+00:00","description":"Dzi\u0119kujemy za wype\u0142nienie formularza! Wkr\u00f3tce skontaktujemy si\u0119 z Tob\u0105, aby om\u00f3wi\u0107 szczeg\u00f3\u0142y i odpowiedzie\u0107 na Twoje pytania.","breadcrumb":{"@id":"https:\/\/ewl.com.pl\/ua\/dyakuyemo\/#breadcrumb"},"inLanguage":"uk-UA","potentialAction":[{"@type":"ReadAction","target":["https:\/\/ewl.com.pl\/ua\/dyakuyemo\/"]}]},{"@type":"BreadcrumbList","@id":"https:\/\/ewl.com.pl\/ua\/dyakuyemo\/#breadcrumb","itemListElement":[{"@type":"ListItem","position":1,"name":"Home","item":"https:\/\/ewl.com.pl\/ua\/"},{"@type":"ListItem","position":2,"name":"\u0414\u044f\u043a\u0443\u0454\u043c\u043e"}]},{"@type":"WebSite","@id":"https:\/\/ewl.com.pl\/ua\/#website","url":"https:\/\/ewl.com.pl\/ua\/","name":"EWL Group - Agencja Zatrudnienia i Us\u0142ugi HR","description":"EWL Group to agencja zatrudnienia i us\u0142ugi HR. Pomagamy firmom szybko uzupe\u0142nia\u0107 braki kadrowe i skupi\u0107 si\u0119 na rozwoju biznesu.","publisher":{"@id":"https:\/\/ewl.com.pl\/ua\/#organization"},"potentialAction":[{"@type":"SearchAction","target":{"@type":"EntryPoint","urlTemplate":"https:\/\/ewl.com.pl\/ua\/?s={search_term_string}"},"query-input":{"@type":"PropertyValueSpecification","valueRequired":true,"valueName":"search_term_string"}}],"inLanguage":"uk-UA"},{"@type":"Organization","@id":"https:\/\/ewl.com.pl\/ua\/#organization","name":"EWL Group - Agencja Zatrudnienia i Us\u0142ugi HR","url":"https:\/\/ewl.com.pl\/ua\/","logo":{"@type":"ImageObject","inLanguage":"uk-UA","@id":"https:\/\/ewl.com.pl\/ua\/#\/schema\/logo\/image\/","url":"https:\/\/ewl.com.pl\/wp-content\/uploads\/2020\/06\/logo-white@2x.png","contentUrl":"https:\/\/ewl.com.pl\/wp-content\/uploads\/2020\/06\/logo-white@2x.png","width":312,"height":130,"caption":"EWL Group - Agencja Zatrudnienia i Us\u0142ugi HR"},"image":{"@id":"https:\/\/ewl.com.pl\/ua\/#\/schema\/logo\/image\/"}}]}},"_links":{"self":[{"href":"https:\/\/ewl.com.pl\/ua\/wp-json\/wp\/v2\/pages\/91425","targetHints":{"allow":["GET"]}}],"collection":[{"href":"https:\/\/ewl.com.pl\/ua\/wp-json\/wp\/v2\/pages"}],"about":[{"href":"https:\/\/ewl.com.pl\/ua\/wp-json\/wp\/v2\/types\/page"}],"author":[{"embeddable":true,"href":"https:\/\/ewl.com.pl\/ua\/wp-json\/wp\/v2\/users\/1"}],"replies":[{"embeddable":true,"href":"https:\/\/ewl.com.pl\/ua\/wp-json\/wp\/v2\/comments?post=91425"}],"version-history":[{"count":2,"href":"https:\/\/ewl.com.pl\/ua\/wp-json\/wp\/v2\/pages\/91425\/revisions"}],"predecessor-version":[{"id":91427,"href":"https:\/\/ewl.com.pl\/ua\/wp-json\/wp\/v2\/pages\/91425\/revisions\/91427"}],"wp:attachment":[{"href":"https:\/\/ewl.com.pl\/ua\/wp-json\/wp\/v2\/media?parent=91425"}],"curies":[{"name":"wp","href":"https:\/\/api.w.org\/{rel}","templated":true}]}}