{"id":91409,"date":"2025-05-27T00:33:52","date_gmt":"2025-05-26T22:33:52","guid":{"rendered":"https:\/\/ewl.jcd.pl\/b2b\/o-nas\/"},"modified":"2026-02-05T16:06:21","modified_gmt":"2026-02-05T15:06:21","slug":"pro-nas","status":"publish","type":"page","link":"https:\/\/ewl.com.pl\/ua\/pro-nas\/","title":{"rendered":"\u041f\u0440\u043e \u043d\u0430\u0441"},"content":{"rendered":"","protected":false},"excerpt":{"rendered":"","protected":false},"author":6,"featured_media":0,"parent":0,"menu_order":0,"comment_status":"closed","ping_status":"closed","template":"template-simple.php","meta":{"_acf_changed":false,"content-type":"","inline_featured_image":false,"footnotes":""},"class_list":["post-91409","page","type-page","status-publish","hentry"],"acf":[],"yoast_head":"<!-- This site is optimized with the Yoast SEO plugin v26.9 - https:\/\/yoast.com\/product\/yoast-seo-wordpress\/ -->\n<title>\u041f\u0440\u043e \u043d\u0430\u0441 - EWL Group<\/title>\n<meta name=\"description\" content=\"\u0414\u0456\u0437\u043d\u0430\u0439\u0442\u0435\u0441\u044f \u0431\u0456\u043b\u044c\u0448\u0435 \u043f\u0440\u043e EWL Group. \u041c\u0438 \u043f\u043e\u0454\u0434\u043d\u0443\u0454\u043c\u043e \u0434\u043e\u0441\u0432\u0456\u0434 \u0443 \u0440\u0435\u043a\u0440\u0443\u0442\u0438\u043d\u0433\u0443 \u0437 \u0433\u043b\u0438\u0431\u043e\u043a\u0438\u043c \u0437\u043d\u0430\u043d\u043d\u044f\u043c \u0440\u0438\u043d\u043a\u0443 \u043f\u0440\u0430\u0446\u0456.\" \/>\n<meta name=\"robots\" content=\"index, follow, max-snippet:-1, max-image-preview:large, max-video-preview:-1\" \/>\n<link rel=\"canonical\" href=\"https:\/\/ewl.com.pl\/ua\/pro-nas\/\" \/>\n<meta property=\"og:locale\" content=\"uk_UA\" \/>\n<meta property=\"og:type\" content=\"article\" \/>\n<meta property=\"og:title\" content=\"\u041f\u0440\u043e \u043d\u0430\u0441 - EWL Group\" \/>\n<meta property=\"og:description\" content=\"\u0414\u0456\u0437\u043d\u0430\u0439\u0442\u0435\u0441\u044f \u0431\u0456\u043b\u044c\u0448\u0435 \u043f\u0440\u043e EWL Group. \u041c\u0438 \u043f\u043e\u0454\u0434\u043d\u0443\u0454\u043c\u043e \u0434\u043e\u0441\u0432\u0456\u0434 \u0443 \u0440\u0435\u043a\u0440\u0443\u0442\u0438\u043d\u0433\u0443 \u0437 \u0433\u043b\u0438\u0431\u043e\u043a\u0438\u043c \u0437\u043d\u0430\u043d\u043d\u044f\u043c \u0440\u0438\u043d\u043a\u0443 \u043f\u0440\u0430\u0446\u0456.\" \/>\n<meta property=\"og:url\" content=\"https:\/\/ewl.com.pl\/ua\/pro-nas\/\" \/>\n<meta property=\"og:site_name\" content=\"EWL Global Services\" \/>\n<meta property=\"article:modified_time\" content=\"2026-02-05T15:06:21+00:00\" \/>\n<meta name=\"twitter:card\" content=\"summary_large_image\" \/>\n<script type=\"application\/ld+json\" class=\"yoast-schema-graph\">{\"@context\":\"https:\/\/schema.org\",\"@graph\":[{\"@type\":\"WebPage\",\"@id\":\"https:\/\/ewl.com.pl\/ua\/pro-nas\/\",\"url\":\"https:\/\/ewl.com.pl\/ua\/pro-nas\/\",\"name\":\"\u041f\u0440\u043e \u043d\u0430\u0441 - EWL Group\",\"isPartOf\":{\"@id\":\"https:\/\/ewl.com.pl\/ua\/#website\"},\"datePublished\":\"2025-05-26T22:33:52+00:00\",\"dateModified\":\"2026-02-05T15:06:21+00:00\",\"description\":\"\u0414\u0456\u0437\u043d\u0430\u0439\u0442\u0435\u0441\u044f \u0431\u0456\u043b\u044c\u0448\u0435 \u043f\u0440\u043e EWL Group. \u041c\u0438 \u043f\u043e\u0454\u0434\u043d\u0443\u0454\u043c\u043e \u0434\u043e\u0441\u0432\u0456\u0434 \u0443 \u0440\u0435\u043a\u0440\u0443\u0442\u0438\u043d\u0433\u0443 \u0437 \u0433\u043b\u0438\u0431\u043e\u043a\u0438\u043c \u0437\u043d\u0430\u043d\u043d\u044f\u043c \u0440\u0438\u043d\u043a\u0443 \u043f\u0440\u0430\u0446\u0456.\",\"breadcrumb\":{\"@id\":\"https:\/\/ewl.com.pl\/ua\/pro-nas\/#breadcrumb\"},\"inLanguage\":\"uk-UA\",\"potentialAction\":[{\"@type\":\"ReadAction\",\"target\":[\"https:\/\/ewl.com.pl\/ua\/pro-nas\/\"]}]},{\"@type\":\"BreadcrumbList\",\"@id\":\"https:\/\/ewl.com.pl\/ua\/pro-nas\/#breadcrumb\",\"itemListElement\":[{\"@type\":\"ListItem\",\"position\":1,\"name\":\"Home\",\"item\":\"https:\/\/ewl.com.pl\/ua\/\"},{\"@type\":\"ListItem\",\"position\":2,\"name\":\"\u041f\u0440\u043e \u043d\u0430\u0441\"}]},{\"@type\":\"WebSite\",\"@id\":\"https:\/\/ewl.com.pl\/ua\/#website\",\"url\":\"https:\/\/ewl.com.pl\/ua\/\",\"name\":\"EWL Group - Agencja Zatrudnienia i Us\u0142ugi HR\",\"description\":\"EWL Group to agencja zatrudnienia i us\u0142ugi HR. Pomagamy firmom szybko uzupe\u0142nia\u0107 braki kadrowe i skupi\u0107 si\u0119 na rozwoju biznesu.\",\"publisher\":{\"@id\":\"https:\/\/ewl.com.pl\/ua\/#organization\"},\"potentialAction\":[{\"@type\":\"SearchAction\",\"target\":{\"@type\":\"EntryPoint\",\"urlTemplate\":\"https:\/\/ewl.com.pl\/ua\/?s={search_term_string}\"},\"query-input\":{\"@type\":\"PropertyValueSpecification\",\"valueRequired\":true,\"valueName\":\"search_term_string\"}}],\"inLanguage\":\"uk-UA\"},{\"@type\":\"Organization\",\"@id\":\"https:\/\/ewl.com.pl\/ua\/#organization\",\"name\":\"EWL Group - Agencja Zatrudnienia i Us\u0142ugi HR\",\"url\":\"https:\/\/ewl.com.pl\/ua\/\",\"logo\":{\"@type\":\"ImageObject\",\"inLanguage\":\"uk-UA\",\"@id\":\"https:\/\/ewl.com.pl\/ua\/#\/schema\/logo\/image\/\",\"url\":\"https:\/\/ewl.com.pl\/wp-content\/uploads\/2020\/06\/logo-white@2x.png\",\"contentUrl\":\"https:\/\/ewl.com.pl\/wp-content\/uploads\/2020\/06\/logo-white@2x.png\",\"width\":312,\"height\":130,\"caption\":\"EWL Group - Agencja Zatrudnienia i Us\u0142ugi HR\"},\"image\":{\"@id\":\"https:\/\/ewl.com.pl\/ua\/#\/schema\/logo\/image\/\"}}]}<\/script>\n<!-- \/ Yoast SEO plugin. -->","yoast_head_json":{"title":"\u041f\u0440\u043e \u043d\u0430\u0441 - EWL Group","description":"\u0414\u0456\u0437\u043d\u0430\u0439\u0442\u0435\u0441\u044f \u0431\u0456\u043b\u044c\u0448\u0435 \u043f\u0440\u043e EWL Group. \u041c\u0438 \u043f\u043e\u0454\u0434\u043d\u0443\u0454\u043c\u043e \u0434\u043e\u0441\u0432\u0456\u0434 \u0443 \u0440\u0435\u043a\u0440\u0443\u0442\u0438\u043d\u0433\u0443 \u0437 \u0433\u043b\u0438\u0431\u043e\u043a\u0438\u043c \u0437\u043d\u0430\u043d\u043d\u044f\u043c \u0440\u0438\u043d\u043a\u0443 \u043f\u0440\u0430\u0446\u0456.","robots":{"index":"index","follow":"follow","max-snippet":"max-snippet:-1","max-image-preview":"max-image-preview:large","max-video-preview":"max-video-preview:-1"},"canonical":"https:\/\/ewl.com.pl\/ua\/pro-nas\/","og_locale":"uk_UA","og_type":"article","og_title":"\u041f\u0440\u043e \u043d\u0430\u0441 - EWL Group","og_description":"\u0414\u0456\u0437\u043d\u0430\u0439\u0442\u0435\u0441\u044f \u0431\u0456\u043b\u044c\u0448\u0435 \u043f\u0440\u043e EWL Group. \u041c\u0438 \u043f\u043e\u0454\u0434\u043d\u0443\u0454\u043c\u043e \u0434\u043e\u0441\u0432\u0456\u0434 \u0443 \u0440\u0435\u043a\u0440\u0443\u0442\u0438\u043d\u0433\u0443 \u0437 \u0433\u043b\u0438\u0431\u043e\u043a\u0438\u043c \u0437\u043d\u0430\u043d\u043d\u044f\u043c \u0440\u0438\u043d\u043a\u0443 \u043f\u0440\u0430\u0446\u0456.","og_url":"https:\/\/ewl.com.pl\/ua\/pro-nas\/","og_site_name":"EWL Global Services","article_modified_time":"2026-02-05T15:06:21+00:00","twitter_card":"summary_large_image","schema":{"@context":"https:\/\/schema.org","@graph":[{"@type":"WebPage","@id":"https:\/\/ewl.com.pl\/ua\/pro-nas\/","url":"https:\/\/ewl.com.pl\/ua\/pro-nas\/","name":"\u041f\u0440\u043e \u043d\u0430\u0441 - EWL Group","isPartOf":{"@id":"https:\/\/ewl.com.pl\/ua\/#website"},"datePublished":"2025-05-26T22:33:52+00:00","dateModified":"2026-02-05T15:06:21+00:00","description":"\u0414\u0456\u0437\u043d\u0430\u0439\u0442\u0435\u0441\u044f \u0431\u0456\u043b\u044c\u0448\u0435 \u043f\u0440\u043e EWL Group. \u041c\u0438 \u043f\u043e\u0454\u0434\u043d\u0443\u0454\u043c\u043e \u0434\u043e\u0441\u0432\u0456\u0434 \u0443 \u0440\u0435\u043a\u0440\u0443\u0442\u0438\u043d\u0433\u0443 \u0437 \u0433\u043b\u0438\u0431\u043e\u043a\u0438\u043c \u0437\u043d\u0430\u043d\u043d\u044f\u043c \u0440\u0438\u043d\u043a\u0443 \u043f\u0440\u0430\u0446\u0456.","breadcrumb":{"@id":"https:\/\/ewl.com.pl\/ua\/pro-nas\/#breadcrumb"},"inLanguage":"uk-UA","potentialAction":[{"@type":"ReadAction","target":["https:\/\/ewl.com.pl\/ua\/pro-nas\/"]}]},{"@type":"BreadcrumbList","@id":"https:\/\/ewl.com.pl\/ua\/pro-nas\/#breadcrumb","itemListElement":[{"@type":"ListItem","position":1,"name":"Home","item":"https:\/\/ewl.com.pl\/ua\/"},{"@type":"ListItem","position":2,"name":"\u041f\u0440\u043e \u043d\u0430\u0441"}]},{"@type":"WebSite","@id":"https:\/\/ewl.com.pl\/ua\/#website","url":"https:\/\/ewl.com.pl\/ua\/","name":"EWL Group - Agencja Zatrudnienia i Us\u0142ugi HR","description":"EWL Group to agencja zatrudnienia i us\u0142ugi HR. Pomagamy firmom szybko uzupe\u0142nia\u0107 braki kadrowe i skupi\u0107 si\u0119 na rozwoju biznesu.","publisher":{"@id":"https:\/\/ewl.com.pl\/ua\/#organization"},"potentialAction":[{"@type":"SearchAction","target":{"@type":"EntryPoint","urlTemplate":"https:\/\/ewl.com.pl\/ua\/?s={search_term_string}"},"query-input":{"@type":"PropertyValueSpecification","valueRequired":true,"valueName":"search_term_string"}}],"inLanguage":"uk-UA"},{"@type":"Organization","@id":"https:\/\/ewl.com.pl\/ua\/#organization","name":"EWL Group - Agencja Zatrudnienia i Us\u0142ugi HR","url":"https:\/\/ewl.com.pl\/ua\/","logo":{"@type":"ImageObject","inLanguage":"uk-UA","@id":"https:\/\/ewl.com.pl\/ua\/#\/schema\/logo\/image\/","url":"https:\/\/ewl.com.pl\/wp-content\/uploads\/2020\/06\/logo-white@2x.png","contentUrl":"https:\/\/ewl.com.pl\/wp-content\/uploads\/2020\/06\/logo-white@2x.png","width":312,"height":130,"caption":"EWL Group - Agencja Zatrudnienia i Us\u0142ugi HR"},"image":{"@id":"https:\/\/ewl.com.pl\/ua\/#\/schema\/logo\/image\/"}}]}},"_links":{"self":[{"href":"https:\/\/ewl.com.pl\/ua\/wp-json\/wp\/v2\/pages\/91409","targetHints":{"allow":["GET"]}}],"collection":[{"href":"https:\/\/ewl.com.pl\/ua\/wp-json\/wp\/v2\/pages"}],"about":[{"href":"https:\/\/ewl.com.pl\/ua\/wp-json\/wp\/v2\/types\/page"}],"author":[{"embeddable":true,"href":"https:\/\/ewl.com.pl\/ua\/wp-json\/wp\/v2\/users\/6"}],"replies":[{"embeddable":true,"href":"https:\/\/ewl.com.pl\/ua\/wp-json\/wp\/v2\/comments?post=91409"}],"version-history":[{"count":2,"href":"https:\/\/ewl.com.pl\/ua\/wp-json\/wp\/v2\/pages\/91409\/revisions"}],"predecessor-version":[{"id":91432,"href":"https:\/\/ewl.com.pl\/ua\/wp-json\/wp\/v2\/pages\/91409\/revisions\/91432"}],"wp:attachment":[{"href":"https:\/\/ewl.com.pl\/ua\/wp-json\/wp\/v2\/media?parent=91409"}],"curies":[{"name":"wp","href":"https:\/\/api.w.org\/{rel}","templated":true}]}}