{"id":91370,"date":"2024-12-23T20:34:54","date_gmt":"2024-12-23T19:34:54","guid":{"rendered":"https:\/\/ewl.jcd.pl\/b2b\/strefa-kandydata\/"},"modified":"2026-02-05T16:07:04","modified_gmt":"2026-02-05T15:07:04","slug":"oblast-kandydata","status":"publish","type":"page","link":"https:\/\/ewl.com.pl\/ua\/oblast-kandydata\/","title":{"rendered":"\u041e\u0431\u043b\u0430\u0441\u0442\u044c \u043a\u0430\u043d\u0434\u0438\u0434\u0430\u0442\u0430"},"content":{"rendered":"","protected":false},"excerpt":{"rendered":"","protected":false},"author":6,"featured_media":0,"parent":0,"menu_order":0,"comment_status":"closed","ping_status":"closed","template":"template-simple.php","meta":{"_acf_changed":false,"content-type":"","inline_featured_image":false,"footnotes":""},"class_list":["post-91370","page","type-page","status-publish","hentry"],"acf":[],"yoast_head":"<!-- This site is optimized with the Yoast SEO plugin v26.9 - https:\/\/yoast.com\/product\/yoast-seo-wordpress\/ -->\n<title>\u041e\u0431\u043b\u0430\u0441\u0442\u044c \u043a\u0430\u043d\u0434\u0438\u0434\u0430\u0442\u0430 - \u0412\u0430\u0448\u0430 \u043a\u0430\u0440&#039;\u0454\u0440\u0430 \u0432 EWL<\/title>\n<meta name=\"description\" content=\"\u0414\u0456\u0437\u043d\u0430\u0439\u0442\u0435\u0441\u044f, \u044f\u043a EWL Group \u0434\u0431\u0430\u0454 \u043f\u0440\u043e \u0441\u0432\u043e\u0457\u0445 \u043f\u0440\u0430\u0446\u0456\u0432\u043d\u0438\u043a\u0456\u0432. \u041c\u0438 \u0437\u0430\u0431\u0435\u0437\u043f\u0435\u0447\u0443\u0454\u043c\u043e \u043f\u0440\u043e\u0436\u0438\u0432\u0430\u043d\u043d\u044f, \u043b\u0435\u0433\u0430\u043b\u0456\u0437\u0430\u0446\u0456\u044e \u0442\u0430 \u043f\u0456\u0434\u0442\u0440\u0438\u043c\u043a\u0443 24\/7. \u041f\u0435\u0440\u0435\u0432\u0456\u0440\u0442\u0435 \u0430\u043a\u0442\u0443\u0430\u043b\u044c\u043d\u0456 \u043f\u0440\u043e\u043f\u043e\u0437\u0438\u0446\u0456\u0457 \u0440\u043e\u0431\u043e\u0442\u0438!\" \/>\n<meta name=\"robots\" content=\"index, follow, max-snippet:-1, max-image-preview:large, max-video-preview:-1\" \/>\n<link rel=\"canonical\" href=\"https:\/\/ewl.com.pl\/ua\/oblast-kandydata\/\" \/>\n<meta property=\"og:locale\" content=\"uk_UA\" \/>\n<meta property=\"og:type\" content=\"article\" \/>\n<meta property=\"og:title\" content=\"\u041e\u0431\u043b\u0430\u0441\u0442\u044c \u043a\u0430\u043d\u0434\u0438\u0434\u0430\u0442\u0430 - \u0412\u0430\u0448\u0430 \u043a\u0430\u0440&#039;\u0454\u0440\u0430 \u0432 EWL\" \/>\n<meta property=\"og:description\" content=\"\u0414\u0456\u0437\u043d\u0430\u0439\u0442\u0435\u0441\u044f, \u044f\u043a EWL Group \u0434\u0431\u0430\u0454 \u043f\u0440\u043e \u0441\u0432\u043e\u0457\u0445 \u043f\u0440\u0430\u0446\u0456\u0432\u043d\u0438\u043a\u0456\u0432. \u041c\u0438 \u0437\u0430\u0431\u0435\u0437\u043f\u0435\u0447\u0443\u0454\u043c\u043e \u043f\u0440\u043e\u0436\u0438\u0432\u0430\u043d\u043d\u044f, \u043b\u0435\u0433\u0430\u043b\u0456\u0437\u0430\u0446\u0456\u044e \u0442\u0430 \u043f\u0456\u0434\u0442\u0440\u0438\u043c\u043a\u0443 24\/7. \u041f\u0435\u0440\u0435\u0432\u0456\u0440\u0442\u0435 \u0430\u043a\u0442\u0443\u0430\u043b\u044c\u043d\u0456 \u043f\u0440\u043e\u043f\u043e\u0437\u0438\u0446\u0456\u0457 \u0440\u043e\u0431\u043e\u0442\u0438!\" \/>\n<meta property=\"og:url\" content=\"https:\/\/ewl.com.pl\/ua\/oblast-kandydata\/\" \/>\n<meta property=\"og:site_name\" content=\"EWL Global Services\" \/>\n<meta property=\"article:modified_time\" content=\"2026-02-05T15:07:04+00:00\" \/>\n<meta name=\"twitter:card\" content=\"summary_large_image\" \/>\n<script type=\"application\/ld+json\" class=\"yoast-schema-graph\">{\"@context\":\"https:\/\/schema.org\",\"@graph\":[{\"@type\":\"WebPage\",\"@id\":\"https:\/\/ewl.com.pl\/ua\/oblast-kandydata\/\",\"url\":\"https:\/\/ewl.com.pl\/ua\/oblast-kandydata\/\",\"name\":\"\u041e\u0431\u043b\u0430\u0441\u0442\u044c \u043a\u0430\u043d\u0434\u0438\u0434\u0430\u0442\u0430 - \u0412\u0430\u0448\u0430 \u043a\u0430\u0440'\u0454\u0440\u0430 \u0432 EWL\",\"isPartOf\":{\"@id\":\"https:\/\/ewl.com.pl\/ua\/#website\"},\"datePublished\":\"2024-12-23T19:34:54+00:00\",\"dateModified\":\"2026-02-05T15:07:04+00:00\",\"description\":\"\u0414\u0456\u0437\u043d\u0430\u0439\u0442\u0435\u0441\u044f, \u044f\u043a EWL Group \u0434\u0431\u0430\u0454 \u043f\u0440\u043e \u0441\u0432\u043e\u0457\u0445 \u043f\u0440\u0430\u0446\u0456\u0432\u043d\u0438\u043a\u0456\u0432. \u041c\u0438 \u0437\u0430\u0431\u0435\u0437\u043f\u0435\u0447\u0443\u0454\u043c\u043e \u043f\u0440\u043e\u0436\u0438\u0432\u0430\u043d\u043d\u044f, \u043b\u0435\u0433\u0430\u043b\u0456\u0437\u0430\u0446\u0456\u044e \u0442\u0430 \u043f\u0456\u0434\u0442\u0440\u0438\u043c\u043a\u0443 24\/7. \u041f\u0435\u0440\u0435\u0432\u0456\u0440\u0442\u0435 \u0430\u043a\u0442\u0443\u0430\u043b\u044c\u043d\u0456 \u043f\u0440\u043e\u043f\u043e\u0437\u0438\u0446\u0456\u0457 \u0440\u043e\u0431\u043e\u0442\u0438!\",\"breadcrumb\":{\"@id\":\"https:\/\/ewl.com.pl\/ua\/oblast-kandydata\/#breadcrumb\"},\"inLanguage\":\"uk-UA\",\"potentialAction\":[{\"@type\":\"ReadAction\",\"target\":[\"https:\/\/ewl.com.pl\/ua\/oblast-kandydata\/\"]}]},{\"@type\":\"BreadcrumbList\",\"@id\":\"https:\/\/ewl.com.pl\/ua\/oblast-kandydata\/#breadcrumb\",\"itemListElement\":[{\"@type\":\"ListItem\",\"position\":1,\"name\":\"Home\",\"item\":\"https:\/\/ewl.com.pl\/ua\/\"},{\"@type\":\"ListItem\",\"position\":2,\"name\":\"\u041e\u0431\u043b\u0430\u0441\u0442\u044c \u043a\u0430\u043d\u0434\u0438\u0434\u0430\u0442\u0430\"}]},{\"@type\":\"WebSite\",\"@id\":\"https:\/\/ewl.com.pl\/ua\/#website\",\"url\":\"https:\/\/ewl.com.pl\/ua\/\",\"name\":\"EWL Group - Agencja Zatrudnienia i Us\u0142ugi HR\",\"description\":\"EWL Group to agencja zatrudnienia i us\u0142ugi HR. Pomagamy firmom szybko uzupe\u0142nia\u0107 braki kadrowe i skupi\u0107 si\u0119 na rozwoju biznesu.\",\"publisher\":{\"@id\":\"https:\/\/ewl.com.pl\/ua\/#organization\"},\"potentialAction\":[{\"@type\":\"SearchAction\",\"target\":{\"@type\":\"EntryPoint\",\"urlTemplate\":\"https:\/\/ewl.com.pl\/ua\/?s={search_term_string}\"},\"query-input\":{\"@type\":\"PropertyValueSpecification\",\"valueRequired\":true,\"valueName\":\"search_term_string\"}}],\"inLanguage\":\"uk-UA\"},{\"@type\":\"Organization\",\"@id\":\"https:\/\/ewl.com.pl\/ua\/#organization\",\"name\":\"EWL Group - Agencja Zatrudnienia i Us\u0142ugi HR\",\"url\":\"https:\/\/ewl.com.pl\/ua\/\",\"logo\":{\"@type\":\"ImageObject\",\"inLanguage\":\"uk-UA\",\"@id\":\"https:\/\/ewl.com.pl\/ua\/#\/schema\/logo\/image\/\",\"url\":\"https:\/\/ewl.com.pl\/wp-content\/uploads\/2020\/06\/logo-white@2x.png\",\"contentUrl\":\"https:\/\/ewl.com.pl\/wp-content\/uploads\/2020\/06\/logo-white@2x.png\",\"width\":312,\"height\":130,\"caption\":\"EWL Group - Agencja Zatrudnienia i Us\u0142ugi HR\"},\"image\":{\"@id\":\"https:\/\/ewl.com.pl\/ua\/#\/schema\/logo\/image\/\"}}]}<\/script>\n<!-- \/ Yoast SEO plugin. -->","yoast_head_json":{"title":"\u041e\u0431\u043b\u0430\u0441\u0442\u044c \u043a\u0430\u043d\u0434\u0438\u0434\u0430\u0442\u0430 - \u0412\u0430\u0448\u0430 \u043a\u0430\u0440'\u0454\u0440\u0430 \u0432 EWL","description":"\u0414\u0456\u0437\u043d\u0430\u0439\u0442\u0435\u0441\u044f, \u044f\u043a EWL Group \u0434\u0431\u0430\u0454 \u043f\u0440\u043e \u0441\u0432\u043e\u0457\u0445 \u043f\u0440\u0430\u0446\u0456\u0432\u043d\u0438\u043a\u0456\u0432. \u041c\u0438 \u0437\u0430\u0431\u0435\u0437\u043f\u0435\u0447\u0443\u0454\u043c\u043e \u043f\u0440\u043e\u0436\u0438\u0432\u0430\u043d\u043d\u044f, \u043b\u0435\u0433\u0430\u043b\u0456\u0437\u0430\u0446\u0456\u044e \u0442\u0430 \u043f\u0456\u0434\u0442\u0440\u0438\u043c\u043a\u0443 24\/7. \u041f\u0435\u0440\u0435\u0432\u0456\u0440\u0442\u0435 \u0430\u043a\u0442\u0443\u0430\u043b\u044c\u043d\u0456 \u043f\u0440\u043e\u043f\u043e\u0437\u0438\u0446\u0456\u0457 \u0440\u043e\u0431\u043e\u0442\u0438!","robots":{"index":"index","follow":"follow","max-snippet":"max-snippet:-1","max-image-preview":"max-image-preview:large","max-video-preview":"max-video-preview:-1"},"canonical":"https:\/\/ewl.com.pl\/ua\/oblast-kandydata\/","og_locale":"uk_UA","og_type":"article","og_title":"\u041e\u0431\u043b\u0430\u0441\u0442\u044c \u043a\u0430\u043d\u0434\u0438\u0434\u0430\u0442\u0430 - \u0412\u0430\u0448\u0430 \u043a\u0430\u0440'\u0454\u0440\u0430 \u0432 EWL","og_description":"\u0414\u0456\u0437\u043d\u0430\u0439\u0442\u0435\u0441\u044f, \u044f\u043a EWL Group \u0434\u0431\u0430\u0454 \u043f\u0440\u043e \u0441\u0432\u043e\u0457\u0445 \u043f\u0440\u0430\u0446\u0456\u0432\u043d\u0438\u043a\u0456\u0432. \u041c\u0438 \u0437\u0430\u0431\u0435\u0437\u043f\u0435\u0447\u0443\u0454\u043c\u043e \u043f\u0440\u043e\u0436\u0438\u0432\u0430\u043d\u043d\u044f, \u043b\u0435\u0433\u0430\u043b\u0456\u0437\u0430\u0446\u0456\u044e \u0442\u0430 \u043f\u0456\u0434\u0442\u0440\u0438\u043c\u043a\u0443 24\/7. \u041f\u0435\u0440\u0435\u0432\u0456\u0440\u0442\u0435 \u0430\u043a\u0442\u0443\u0430\u043b\u044c\u043d\u0456 \u043f\u0440\u043e\u043f\u043e\u0437\u0438\u0446\u0456\u0457 \u0440\u043e\u0431\u043e\u0442\u0438!","og_url":"https:\/\/ewl.com.pl\/ua\/oblast-kandydata\/","og_site_name":"EWL Global Services","article_modified_time":"2026-02-05T15:07:04+00:00","twitter_card":"summary_large_image","schema":{"@context":"https:\/\/schema.org","@graph":[{"@type":"WebPage","@id":"https:\/\/ewl.com.pl\/ua\/oblast-kandydata\/","url":"https:\/\/ewl.com.pl\/ua\/oblast-kandydata\/","name":"\u041e\u0431\u043b\u0430\u0441\u0442\u044c \u043a\u0430\u043d\u0434\u0438\u0434\u0430\u0442\u0430 - \u0412\u0430\u0448\u0430 \u043a\u0430\u0440'\u0454\u0440\u0430 \u0432 EWL","isPartOf":{"@id":"https:\/\/ewl.com.pl\/ua\/#website"},"datePublished":"2024-12-23T19:34:54+00:00","dateModified":"2026-02-05T15:07:04+00:00","description":"\u0414\u0456\u0437\u043d\u0430\u0439\u0442\u0435\u0441\u044f, \u044f\u043a EWL Group \u0434\u0431\u0430\u0454 \u043f\u0440\u043e \u0441\u0432\u043e\u0457\u0445 \u043f\u0440\u0430\u0446\u0456\u0432\u043d\u0438\u043a\u0456\u0432. \u041c\u0438 \u0437\u0430\u0431\u0435\u0437\u043f\u0435\u0447\u0443\u0454\u043c\u043e \u043f\u0440\u043e\u0436\u0438\u0432\u0430\u043d\u043d\u044f, \u043b\u0435\u0433\u0430\u043b\u0456\u0437\u0430\u0446\u0456\u044e \u0442\u0430 \u043f\u0456\u0434\u0442\u0440\u0438\u043c\u043a\u0443 24\/7. \u041f\u0435\u0440\u0435\u0432\u0456\u0440\u0442\u0435 \u0430\u043a\u0442\u0443\u0430\u043b\u044c\u043d\u0456 \u043f\u0440\u043e\u043f\u043e\u0437\u0438\u0446\u0456\u0457 \u0440\u043e\u0431\u043e\u0442\u0438!","breadcrumb":{"@id":"https:\/\/ewl.com.pl\/ua\/oblast-kandydata\/#breadcrumb"},"inLanguage":"uk-UA","potentialAction":[{"@type":"ReadAction","target":["https:\/\/ewl.com.pl\/ua\/oblast-kandydata\/"]}]},{"@type":"BreadcrumbList","@id":"https:\/\/ewl.com.pl\/ua\/oblast-kandydata\/#breadcrumb","itemListElement":[{"@type":"ListItem","position":1,"name":"Home","item":"https:\/\/ewl.com.pl\/ua\/"},{"@type":"ListItem","position":2,"name":"\u041e\u0431\u043b\u0430\u0441\u0442\u044c \u043a\u0430\u043d\u0434\u0438\u0434\u0430\u0442\u0430"}]},{"@type":"WebSite","@id":"https:\/\/ewl.com.pl\/ua\/#website","url":"https:\/\/ewl.com.pl\/ua\/","name":"EWL Group - Agencja Zatrudnienia i Us\u0142ugi HR","description":"EWL Group to agencja zatrudnienia i us\u0142ugi HR. Pomagamy firmom szybko uzupe\u0142nia\u0107 braki kadrowe i skupi\u0107 si\u0119 na rozwoju biznesu.","publisher":{"@id":"https:\/\/ewl.com.pl\/ua\/#organization"},"potentialAction":[{"@type":"SearchAction","target":{"@type":"EntryPoint","urlTemplate":"https:\/\/ewl.com.pl\/ua\/?s={search_term_string}"},"query-input":{"@type":"PropertyValueSpecification","valueRequired":true,"valueName":"search_term_string"}}],"inLanguage":"uk-UA"},{"@type":"Organization","@id":"https:\/\/ewl.com.pl\/ua\/#organization","name":"EWL Group - Agencja Zatrudnienia i Us\u0142ugi HR","url":"https:\/\/ewl.com.pl\/ua\/","logo":{"@type":"ImageObject","inLanguage":"uk-UA","@id":"https:\/\/ewl.com.pl\/ua\/#\/schema\/logo\/image\/","url":"https:\/\/ewl.com.pl\/wp-content\/uploads\/2020\/06\/logo-white@2x.png","contentUrl":"https:\/\/ewl.com.pl\/wp-content\/uploads\/2020\/06\/logo-white@2x.png","width":312,"height":130,"caption":"EWL Group - Agencja Zatrudnienia i Us\u0142ugi HR"},"image":{"@id":"https:\/\/ewl.com.pl\/ua\/#\/schema\/logo\/image\/"}}]}},"_links":{"self":[{"href":"https:\/\/ewl.com.pl\/ua\/wp-json\/wp\/v2\/pages\/91370","targetHints":{"allow":["GET"]}}],"collection":[{"href":"https:\/\/ewl.com.pl\/ua\/wp-json\/wp\/v2\/pages"}],"about":[{"href":"https:\/\/ewl.com.pl\/ua\/wp-json\/wp\/v2\/types\/page"}],"author":[{"embeddable":true,"href":"https:\/\/ewl.com.pl\/ua\/wp-json\/wp\/v2\/users\/6"}],"replies":[{"embeddable":true,"href":"https:\/\/ewl.com.pl\/ua\/wp-json\/wp\/v2\/comments?post=91370"}],"version-history":[{"count":2,"href":"https:\/\/ewl.com.pl\/ua\/wp-json\/wp\/v2\/pages\/91370\/revisions"}],"predecessor-version":[{"id":91436,"href":"https:\/\/ewl.com.pl\/ua\/wp-json\/wp\/v2\/pages\/91370\/revisions\/91436"}],"wp:attachment":[{"href":"https:\/\/ewl.com.pl\/ua\/wp-json\/wp\/v2\/media?parent=91370"}],"curies":[{"name":"wp","href":"https:\/\/api.w.org\/{rel}","templated":true}]}}