{"id":88133,"date":"2024-10-03T19:10:37","date_gmt":"2024-10-03T17:10:37","guid":{"rendered":"https:\/\/ewl-b2b.jcd\/legalizacja-zatrudnienia\/"},"modified":"2024-11-04T14:23:43","modified_gmt":"2024-11-04T13:23:43","slug":"legalisatie-werkgelegenheid","status":"publish","type":"page","link":"https:\/\/ewl.com.pl\/nl\/legalisatie-werkgelegenheid\/","title":{"rendered":"Legalisatie van tewerkstelling &#8211; u geeft alle formaliteiten aan ons door"},"content":{"rendered":"","protected":false},"excerpt":{"rendered":"","protected":false},"author":1,"featured_media":0,"parent":0,"menu_order":0,"comment_status":"closed","ping_status":"closed","template":"template-simple.php","meta":{"_acf_changed":false,"content-type":"","inline_featured_image":false,"footnotes":""},"class_list":["post-88133","page","type-page","status-publish","hentry"],"acf":[],"yoast_head":"<!-- This site is optimized with the Yoast SEO plugin v26.9 - https:\/\/yoast.com\/product\/yoast-seo-wordpress\/ -->\n<title>Legalisatie van tewerkstelling - u geeft alle formaliteiten aan ons door<\/title>\n<meta name=\"description\" content=\"Legalizacja zatrudnienia bez stresu! EWL Group zajmuje si\u0119 wszystkimi formalno\u015bciami, zapewniaj\u0105c szybki i bezproblemowy proces zatrudnienia.\" \/>\n<meta name=\"robots\" content=\"index, follow, max-snippet:-1, max-image-preview:large, max-video-preview:-1\" \/>\n<link rel=\"canonical\" href=\"https:\/\/ewl.com.pl\/nl\/legalisatie-werkgelegenheid\/\" \/>\n<meta property=\"og:locale\" content=\"nl_NL\" \/>\n<meta property=\"og:type\" content=\"article\" \/>\n<meta property=\"og:title\" content=\"Legalisatie van tewerkstelling - u geeft alle formaliteiten aan ons door\" \/>\n<meta property=\"og:description\" content=\"Legalizacja zatrudnienia bez stresu! EWL Group zajmuje si\u0119 wszystkimi formalno\u015bciami, zapewniaj\u0105c szybki i bezproblemowy proces zatrudnienia.\" \/>\n<meta property=\"og:url\" content=\"https:\/\/ewl.com.pl\/nl\/legalisatie-werkgelegenheid\/\" \/>\n<meta property=\"og:site_name\" content=\"EWL Global Services\" \/>\n<meta property=\"article:modified_time\" content=\"2024-11-04T13:23:43+00:00\" \/>\n<meta name=\"twitter:card\" content=\"summary_large_image\" \/>\n<script type=\"application\/ld+json\" class=\"yoast-schema-graph\">{\"@context\":\"https:\/\/schema.org\",\"@graph\":[{\"@type\":\"WebPage\",\"@id\":\"https:\/\/ewl.com.pl\/nl\/legalisatie-werkgelegenheid\/\",\"url\":\"https:\/\/ewl.com.pl\/nl\/legalisatie-werkgelegenheid\/\",\"name\":\"Legalisatie van tewerkstelling - u geeft alle formaliteiten aan ons door\",\"isPartOf\":{\"@id\":\"https:\/\/ewl.com.pl\/nl\/#website\"},\"datePublished\":\"2024-10-03T17:10:37+00:00\",\"dateModified\":\"2024-11-04T13:23:43+00:00\",\"description\":\"Legalizacja zatrudnienia bez stresu! EWL Group zajmuje si\u0119 wszystkimi formalno\u015bciami, zapewniaj\u0105c szybki i bezproblemowy proces zatrudnienia.\",\"breadcrumb\":{\"@id\":\"https:\/\/ewl.com.pl\/nl\/legalisatie-werkgelegenheid\/#breadcrumb\"},\"inLanguage\":\"nl-NL\",\"potentialAction\":[{\"@type\":\"ReadAction\",\"target\":[\"https:\/\/ewl.com.pl\/nl\/legalisatie-werkgelegenheid\/\"]}]},{\"@type\":\"BreadcrumbList\",\"@id\":\"https:\/\/ewl.com.pl\/nl\/legalisatie-werkgelegenheid\/#breadcrumb\",\"itemListElement\":[{\"@type\":\"ListItem\",\"position\":1,\"name\":\"Home\",\"item\":\"https:\/\/ewl.com.pl\/nl\/\"},{\"@type\":\"ListItem\",\"position\":2,\"name\":\"Legalisatie van tewerkstelling &#8211; u geeft alle formaliteiten aan ons door\"}]},{\"@type\":\"WebSite\",\"@id\":\"https:\/\/ewl.com.pl\/nl\/#website\",\"url\":\"https:\/\/ewl.com.pl\/nl\/\",\"name\":\"EWL Group - Agencja Zatrudnienia i Us\u0142ugi HR\",\"description\":\"EWL Group to agencja zatrudnienia i us\u0142ugi HR. Pomagamy firmom szybko uzupe\u0142nia\u0107 braki kadrowe i skupi\u0107 si\u0119 na rozwoju biznesu.\",\"publisher\":{\"@id\":\"https:\/\/ewl.com.pl\/nl\/#organization\"},\"potentialAction\":[{\"@type\":\"SearchAction\",\"target\":{\"@type\":\"EntryPoint\",\"urlTemplate\":\"https:\/\/ewl.com.pl\/nl\/?s={search_term_string}\"},\"query-input\":{\"@type\":\"PropertyValueSpecification\",\"valueRequired\":true,\"valueName\":\"search_term_string\"}}],\"inLanguage\":\"nl-NL\"},{\"@type\":\"Organization\",\"@id\":\"https:\/\/ewl.com.pl\/nl\/#organization\",\"name\":\"EWL Group - Agencja Zatrudnienia i Us\u0142ugi HR\",\"url\":\"https:\/\/ewl.com.pl\/nl\/\",\"logo\":{\"@type\":\"ImageObject\",\"inLanguage\":\"nl-NL\",\"@id\":\"https:\/\/ewl.com.pl\/nl\/#\/schema\/logo\/image\/\",\"url\":\"https:\/\/ewl.com.pl\/wp-content\/uploads\/2020\/06\/logo-white@2x.png\",\"contentUrl\":\"https:\/\/ewl.com.pl\/wp-content\/uploads\/2020\/06\/logo-white@2x.png\",\"width\":312,\"height\":130,\"caption\":\"EWL Group - Agencja Zatrudnienia i Us\u0142ugi HR\"},\"image\":{\"@id\":\"https:\/\/ewl.com.pl\/nl\/#\/schema\/logo\/image\/\"}}]}<\/script>\n<!-- \/ Yoast SEO plugin. -->","yoast_head_json":{"title":"Legalisatie van tewerkstelling - u geeft alle formaliteiten aan ons door","description":"Legalizacja zatrudnienia bez stresu! EWL Group zajmuje si\u0119 wszystkimi formalno\u015bciami, zapewniaj\u0105c szybki i bezproblemowy proces zatrudnienia.","robots":{"index":"index","follow":"follow","max-snippet":"max-snippet:-1","max-image-preview":"max-image-preview:large","max-video-preview":"max-video-preview:-1"},"canonical":"https:\/\/ewl.com.pl\/nl\/legalisatie-werkgelegenheid\/","og_locale":"nl_NL","og_type":"article","og_title":"Legalisatie van tewerkstelling - u geeft alle formaliteiten aan ons door","og_description":"Legalizacja zatrudnienia bez stresu! EWL Group zajmuje si\u0119 wszystkimi formalno\u015bciami, zapewniaj\u0105c szybki i bezproblemowy proces zatrudnienia.","og_url":"https:\/\/ewl.com.pl\/nl\/legalisatie-werkgelegenheid\/","og_site_name":"EWL Global Services","article_modified_time":"2024-11-04T13:23:43+00:00","twitter_card":"summary_large_image","schema":{"@context":"https:\/\/schema.org","@graph":[{"@type":"WebPage","@id":"https:\/\/ewl.com.pl\/nl\/legalisatie-werkgelegenheid\/","url":"https:\/\/ewl.com.pl\/nl\/legalisatie-werkgelegenheid\/","name":"Legalisatie van tewerkstelling - u geeft alle formaliteiten aan ons door","isPartOf":{"@id":"https:\/\/ewl.com.pl\/nl\/#website"},"datePublished":"2024-10-03T17:10:37+00:00","dateModified":"2024-11-04T13:23:43+00:00","description":"Legalizacja zatrudnienia bez stresu! EWL Group zajmuje si\u0119 wszystkimi formalno\u015bciami, zapewniaj\u0105c szybki i bezproblemowy proces zatrudnienia.","breadcrumb":{"@id":"https:\/\/ewl.com.pl\/nl\/legalisatie-werkgelegenheid\/#breadcrumb"},"inLanguage":"nl-NL","potentialAction":[{"@type":"ReadAction","target":["https:\/\/ewl.com.pl\/nl\/legalisatie-werkgelegenheid\/"]}]},{"@type":"BreadcrumbList","@id":"https:\/\/ewl.com.pl\/nl\/legalisatie-werkgelegenheid\/#breadcrumb","itemListElement":[{"@type":"ListItem","position":1,"name":"Home","item":"https:\/\/ewl.com.pl\/nl\/"},{"@type":"ListItem","position":2,"name":"Legalisatie van tewerkstelling &#8211; u geeft alle formaliteiten aan ons door"}]},{"@type":"WebSite","@id":"https:\/\/ewl.com.pl\/nl\/#website","url":"https:\/\/ewl.com.pl\/nl\/","name":"EWL Group - Agencja Zatrudnienia i Us\u0142ugi HR","description":"EWL Group to agencja zatrudnienia i us\u0142ugi HR. Pomagamy firmom szybko uzupe\u0142nia\u0107 braki kadrowe i skupi\u0107 si\u0119 na rozwoju biznesu.","publisher":{"@id":"https:\/\/ewl.com.pl\/nl\/#organization"},"potentialAction":[{"@type":"SearchAction","target":{"@type":"EntryPoint","urlTemplate":"https:\/\/ewl.com.pl\/nl\/?s={search_term_string}"},"query-input":{"@type":"PropertyValueSpecification","valueRequired":true,"valueName":"search_term_string"}}],"inLanguage":"nl-NL"},{"@type":"Organization","@id":"https:\/\/ewl.com.pl\/nl\/#organization","name":"EWL Group - Agencja Zatrudnienia i Us\u0142ugi HR","url":"https:\/\/ewl.com.pl\/nl\/","logo":{"@type":"ImageObject","inLanguage":"nl-NL","@id":"https:\/\/ewl.com.pl\/nl\/#\/schema\/logo\/image\/","url":"https:\/\/ewl.com.pl\/wp-content\/uploads\/2020\/06\/logo-white@2x.png","contentUrl":"https:\/\/ewl.com.pl\/wp-content\/uploads\/2020\/06\/logo-white@2x.png","width":312,"height":130,"caption":"EWL Group - Agencja Zatrudnienia i Us\u0142ugi HR"},"image":{"@id":"https:\/\/ewl.com.pl\/nl\/#\/schema\/logo\/image\/"}}]}},"_links":{"self":[{"href":"https:\/\/ewl.com.pl\/nl\/wp-json\/wp\/v2\/pages\/88133","targetHints":{"allow":["GET"]}}],"collection":[{"href":"https:\/\/ewl.com.pl\/nl\/wp-json\/wp\/v2\/pages"}],"about":[{"href":"https:\/\/ewl.com.pl\/nl\/wp-json\/wp\/v2\/types\/page"}],"author":[{"embeddable":true,"href":"https:\/\/ewl.com.pl\/nl\/wp-json\/wp\/v2\/users\/1"}],"replies":[{"embeddable":true,"href":"https:\/\/ewl.com.pl\/nl\/wp-json\/wp\/v2\/comments?post=88133"}],"version-history":[{"count":2,"href":"https:\/\/ewl.com.pl\/nl\/wp-json\/wp\/v2\/pages\/88133\/revisions"}],"predecessor-version":[{"id":88205,"href":"https:\/\/ewl.com.pl\/nl\/wp-json\/wp\/v2\/pages\/88133\/revisions\/88205"}],"wp:attachment":[{"href":"https:\/\/ewl.com.pl\/nl\/wp-json\/wp\/v2\/media?parent=88133"}],"curies":[{"name":"wp","href":"https:\/\/api.w.org\/{rel}","templated":true}]}}