{"id":88127,"date":"2024-10-03T19:06:58","date_gmt":"2024-10-03T17:06:58","guid":{"rendered":"https:\/\/ewl-b2b.jcd\/leasing-pracownikow\/"},"modified":"2024-11-04T15:39:29","modified_gmt":"2024-11-04T14:39:29","slug":"leasen-van-werknemers","status":"publish","type":"page","link":"https:\/\/ewl.com.pl\/nl\/leasen-van-werknemers\/","title":{"rendered":"Leasen van werknemers"},"content":{"rendered":"","protected":false},"excerpt":{"rendered":"","protected":false},"author":1,"featured_media":0,"parent":0,"menu_order":0,"comment_status":"closed","ping_status":"closed","template":"template-simple.php","meta":{"_acf_changed":false,"content-type":"","inline_featured_image":false,"footnotes":""},"class_list":["post-88127","page","type-page","status-publish","hentry"],"acf":[],"yoast_head":"<!-- This site is optimized with the Yoast SEO plugin v26.9 - https:\/\/yoast.com\/product\/yoast-seo-wordpress\/ -->\n<title>Leasen van werknemers - EWL Group<\/title>\n<meta name=\"description\" content=\"EWL Group oferuje kompleksowe us\u0142ugi leasingu pracownik\u00f3w, zapewniaj\u0105c elastyczne i efektywne rozwi\u0105zania kadrowe. Skorzystaj z naszych us\u0142ug!\" \/>\n<meta name=\"robots\" content=\"index, follow, max-snippet:-1, max-image-preview:large, max-video-preview:-1\" \/>\n<link rel=\"canonical\" href=\"https:\/\/ewl.com.pl\/nl\/leasen-van-werknemers\/\" \/>\n<meta property=\"og:locale\" content=\"nl_NL\" \/>\n<meta property=\"og:type\" content=\"article\" \/>\n<meta property=\"og:title\" content=\"Leasen van werknemers - EWL Group\" \/>\n<meta property=\"og:description\" content=\"EWL Group oferuje kompleksowe us\u0142ugi leasingu pracownik\u00f3w, zapewniaj\u0105c elastyczne i efektywne rozwi\u0105zania kadrowe. Skorzystaj z naszych us\u0142ug!\" \/>\n<meta property=\"og:url\" content=\"https:\/\/ewl.com.pl\/nl\/leasen-van-werknemers\/\" \/>\n<meta property=\"og:site_name\" content=\"EWL Global Services\" \/>\n<meta property=\"article:modified_time\" content=\"2024-11-04T14:39:29+00:00\" \/>\n<meta name=\"twitter:card\" content=\"summary_large_image\" \/>\n<script type=\"application\/ld+json\" class=\"yoast-schema-graph\">{\"@context\":\"https:\/\/schema.org\",\"@graph\":[{\"@type\":\"WebPage\",\"@id\":\"https:\/\/ewl.com.pl\/nl\/leasen-van-werknemers\/\",\"url\":\"https:\/\/ewl.com.pl\/nl\/leasen-van-werknemers\/\",\"name\":\"Leasen van werknemers - EWL Group\",\"isPartOf\":{\"@id\":\"https:\/\/ewl.com.pl\/nl\/#website\"},\"datePublished\":\"2024-10-03T17:06:58+00:00\",\"dateModified\":\"2024-11-04T14:39:29+00:00\",\"description\":\"EWL Group oferuje kompleksowe us\u0142ugi leasingu pracownik\u00f3w, zapewniaj\u0105c elastyczne i efektywne rozwi\u0105zania kadrowe. Skorzystaj z naszych us\u0142ug!\",\"breadcrumb\":{\"@id\":\"https:\/\/ewl.com.pl\/nl\/leasen-van-werknemers\/#breadcrumb\"},\"inLanguage\":\"nl-NL\",\"potentialAction\":[{\"@type\":\"ReadAction\",\"target\":[\"https:\/\/ewl.com.pl\/nl\/leasen-van-werknemers\/\"]}]},{\"@type\":\"BreadcrumbList\",\"@id\":\"https:\/\/ewl.com.pl\/nl\/leasen-van-werknemers\/#breadcrumb\",\"itemListElement\":[{\"@type\":\"ListItem\",\"position\":1,\"name\":\"Home\",\"item\":\"https:\/\/ewl.com.pl\/nl\/\"},{\"@type\":\"ListItem\",\"position\":2,\"name\":\"Leasen van werknemers\"}]},{\"@type\":\"WebSite\",\"@id\":\"https:\/\/ewl.com.pl\/nl\/#website\",\"url\":\"https:\/\/ewl.com.pl\/nl\/\",\"name\":\"EWL Group - Agencja Zatrudnienia i Us\u0142ugi HR\",\"description\":\"EWL Group to agencja zatrudnienia i us\u0142ugi HR. Pomagamy firmom szybko uzupe\u0142nia\u0107 braki kadrowe i skupi\u0107 si\u0119 na rozwoju biznesu.\",\"publisher\":{\"@id\":\"https:\/\/ewl.com.pl\/nl\/#organization\"},\"potentialAction\":[{\"@type\":\"SearchAction\",\"target\":{\"@type\":\"EntryPoint\",\"urlTemplate\":\"https:\/\/ewl.com.pl\/nl\/?s={search_term_string}\"},\"query-input\":{\"@type\":\"PropertyValueSpecification\",\"valueRequired\":true,\"valueName\":\"search_term_string\"}}],\"inLanguage\":\"nl-NL\"},{\"@type\":\"Organization\",\"@id\":\"https:\/\/ewl.com.pl\/nl\/#organization\",\"name\":\"EWL Group - Agencja Zatrudnienia i Us\u0142ugi HR\",\"url\":\"https:\/\/ewl.com.pl\/nl\/\",\"logo\":{\"@type\":\"ImageObject\",\"inLanguage\":\"nl-NL\",\"@id\":\"https:\/\/ewl.com.pl\/nl\/#\/schema\/logo\/image\/\",\"url\":\"https:\/\/ewl.com.pl\/wp-content\/uploads\/2020\/06\/logo-white@2x.png\",\"contentUrl\":\"https:\/\/ewl.com.pl\/wp-content\/uploads\/2020\/06\/logo-white@2x.png\",\"width\":312,\"height\":130,\"caption\":\"EWL Group - Agencja Zatrudnienia i Us\u0142ugi HR\"},\"image\":{\"@id\":\"https:\/\/ewl.com.pl\/nl\/#\/schema\/logo\/image\/\"}}]}<\/script>\n<!-- \/ Yoast SEO plugin. -->","yoast_head_json":{"title":"Leasen van werknemers - EWL Group","description":"EWL Group oferuje kompleksowe us\u0142ugi leasingu pracownik\u00f3w, zapewniaj\u0105c elastyczne i efektywne rozwi\u0105zania kadrowe. Skorzystaj z naszych us\u0142ug!","robots":{"index":"index","follow":"follow","max-snippet":"max-snippet:-1","max-image-preview":"max-image-preview:large","max-video-preview":"max-video-preview:-1"},"canonical":"https:\/\/ewl.com.pl\/nl\/leasen-van-werknemers\/","og_locale":"nl_NL","og_type":"article","og_title":"Leasen van werknemers - EWL Group","og_description":"EWL Group oferuje kompleksowe us\u0142ugi leasingu pracownik\u00f3w, zapewniaj\u0105c elastyczne i efektywne rozwi\u0105zania kadrowe. Skorzystaj z naszych us\u0142ug!","og_url":"https:\/\/ewl.com.pl\/nl\/leasen-van-werknemers\/","og_site_name":"EWL Global Services","article_modified_time":"2024-11-04T14:39:29+00:00","twitter_card":"summary_large_image","schema":{"@context":"https:\/\/schema.org","@graph":[{"@type":"WebPage","@id":"https:\/\/ewl.com.pl\/nl\/leasen-van-werknemers\/","url":"https:\/\/ewl.com.pl\/nl\/leasen-van-werknemers\/","name":"Leasen van werknemers - EWL Group","isPartOf":{"@id":"https:\/\/ewl.com.pl\/nl\/#website"},"datePublished":"2024-10-03T17:06:58+00:00","dateModified":"2024-11-04T14:39:29+00:00","description":"EWL Group oferuje kompleksowe us\u0142ugi leasingu pracownik\u00f3w, zapewniaj\u0105c elastyczne i efektywne rozwi\u0105zania kadrowe. Skorzystaj z naszych us\u0142ug!","breadcrumb":{"@id":"https:\/\/ewl.com.pl\/nl\/leasen-van-werknemers\/#breadcrumb"},"inLanguage":"nl-NL","potentialAction":[{"@type":"ReadAction","target":["https:\/\/ewl.com.pl\/nl\/leasen-van-werknemers\/"]}]},{"@type":"BreadcrumbList","@id":"https:\/\/ewl.com.pl\/nl\/leasen-van-werknemers\/#breadcrumb","itemListElement":[{"@type":"ListItem","position":1,"name":"Home","item":"https:\/\/ewl.com.pl\/nl\/"},{"@type":"ListItem","position":2,"name":"Leasen van werknemers"}]},{"@type":"WebSite","@id":"https:\/\/ewl.com.pl\/nl\/#website","url":"https:\/\/ewl.com.pl\/nl\/","name":"EWL Group - Agencja Zatrudnienia i Us\u0142ugi HR","description":"EWL Group to agencja zatrudnienia i us\u0142ugi HR. Pomagamy firmom szybko uzupe\u0142nia\u0107 braki kadrowe i skupi\u0107 si\u0119 na rozwoju biznesu.","publisher":{"@id":"https:\/\/ewl.com.pl\/nl\/#organization"},"potentialAction":[{"@type":"SearchAction","target":{"@type":"EntryPoint","urlTemplate":"https:\/\/ewl.com.pl\/nl\/?s={search_term_string}"},"query-input":{"@type":"PropertyValueSpecification","valueRequired":true,"valueName":"search_term_string"}}],"inLanguage":"nl-NL"},{"@type":"Organization","@id":"https:\/\/ewl.com.pl\/nl\/#organization","name":"EWL Group - Agencja Zatrudnienia i Us\u0142ugi HR","url":"https:\/\/ewl.com.pl\/nl\/","logo":{"@type":"ImageObject","inLanguage":"nl-NL","@id":"https:\/\/ewl.com.pl\/nl\/#\/schema\/logo\/image\/","url":"https:\/\/ewl.com.pl\/wp-content\/uploads\/2020\/06\/logo-white@2x.png","contentUrl":"https:\/\/ewl.com.pl\/wp-content\/uploads\/2020\/06\/logo-white@2x.png","width":312,"height":130,"caption":"EWL Group - Agencja Zatrudnienia i Us\u0142ugi HR"},"image":{"@id":"https:\/\/ewl.com.pl\/nl\/#\/schema\/logo\/image\/"}}]}},"_links":{"self":[{"href":"https:\/\/ewl.com.pl\/nl\/wp-json\/wp\/v2\/pages\/88127","targetHints":{"allow":["GET"]}}],"collection":[{"href":"https:\/\/ewl.com.pl\/nl\/wp-json\/wp\/v2\/pages"}],"about":[{"href":"https:\/\/ewl.com.pl\/nl\/wp-json\/wp\/v2\/types\/page"}],"author":[{"embeddable":true,"href":"https:\/\/ewl.com.pl\/nl\/wp-json\/wp\/v2\/users\/1"}],"replies":[{"embeddable":true,"href":"https:\/\/ewl.com.pl\/nl\/wp-json\/wp\/v2\/comments?post=88127"}],"version-history":[{"count":3,"href":"https:\/\/ewl.com.pl\/nl\/wp-json\/wp\/v2\/pages\/88127\/revisions"}],"predecessor-version":[{"id":88218,"href":"https:\/\/ewl.com.pl\/nl\/wp-json\/wp\/v2\/pages\/88127\/revisions\/88218"}],"wp:attachment":[{"href":"https:\/\/ewl.com.pl\/nl\/wp-json\/wp\/v2\/media?parent=88127"}],"curies":[{"name":"wp","href":"https:\/\/api.w.org\/{rel}","templated":true}]}}