{"id":91842,"date":"2026-04-23T14:18:12","date_gmt":"2026-04-23T12:18:12","guid":{"rendered":"http:\/\/ewl-b2b.jcd\/?page_id=91842"},"modified":"2026-04-23T14:18:12","modified_gmt":"2026-04-23T12:18:12","slug":"legalizacija-zaposljavanja","status":"publish","type":"page","link":"https:\/\/ewl.com.pl\/hr\/legalizacija-zaposljavanja\/","title":{"rendered":"Legalizacija zapo\u0161ljavanja \u2013 sve formalnosti prepu\u0161tate nama"},"content":{"rendered":"","protected":false},"excerpt":{"rendered":"","protected":false},"author":1,"featured_media":0,"parent":0,"menu_order":0,"comment_status":"closed","ping_status":"closed","template":"template-simple.php","meta":{"_acf_changed":false,"content-type":"","inline_featured_image":false,"footnotes":""},"class_list":["post-91842","page","type-page","status-publish","hentry"],"acf":[],"yoast_head":"<!-- This site is optimized with the Yoast SEO plugin v27.4 - https:\/\/yoast.com\/product\/yoast-seo-wordpress\/ -->\n<title>Legalizacija zapo\u0161ljavanja \u2013 sve formalnosti prepu\u0161tate nama<\/title>\n<meta name=\"description\" content=\"Legalizacja zatrudnienia bez stresu! EWL Group zajmuje si\u0119 wszystkimi formalno\u015bciami, zapewniaj\u0105c szybki i bezproblemowy proces zatrudnienia.\" \/>\n<meta name=\"robots\" content=\"index, follow, max-snippet:-1, max-image-preview:large, max-video-preview:-1\" \/>\n<link rel=\"canonical\" href=\"https:\/\/ewl.com.pl\/hr\/legalizacija-zaposljavanja\/\" \/>\n<meta property=\"og:locale\" content=\"hr_HR\" \/>\n<meta property=\"og:type\" content=\"article\" \/>\n<meta property=\"og:title\" content=\"Legalizacija zapo\u0161ljavanja \u2013 sve formalnosti prepu\u0161tate nama\" \/>\n<meta property=\"og:description\" content=\"Legalizacja zatrudnienia bez stresu! EWL Group zajmuje si\u0119 wszystkimi formalno\u015bciami, zapewniaj\u0105c szybki i bezproblemowy proces zatrudnienia.\" \/>\n<meta property=\"og:url\" content=\"https:\/\/ewl.com.pl\/hr\/legalizacija-zaposljavanja\/\" \/>\n<meta property=\"og:site_name\" content=\"EWL Global Services\" \/>\n<meta name=\"twitter:card\" content=\"summary_large_image\" \/>\n<script type=\"application\/ld+json\" class=\"yoast-schema-graph\">{\"@context\":\"https:\\\/\\\/schema.org\",\"@graph\":[{\"@type\":\"WebPage\",\"@id\":\"https:\\\/\\\/ewl.com.pl\\\/hr\\\/legalizacija-zaposljavanja\\\/\",\"url\":\"https:\\\/\\\/ewl.com.pl\\\/hr\\\/legalizacija-zaposljavanja\\\/\",\"name\":\"Legalizacija zapo\u0161ljavanja \u2013 sve formalnosti prepu\u0161tate nama\",\"isPartOf\":{\"@id\":\"https:\\\/\\\/ewl.com.pl\\\/hr\\\/#website\"},\"datePublished\":\"2026-04-23T12:18:12+00:00\",\"description\":\"Legalizacja zatrudnienia bez stresu! EWL Group zajmuje si\u0119 wszystkimi formalno\u015bciami, zapewniaj\u0105c szybki i bezproblemowy proces zatrudnienia.\",\"breadcrumb\":{\"@id\":\"https:\\\/\\\/ewl.com.pl\\\/hr\\\/legalizacija-zaposljavanja\\\/#breadcrumb\"},\"inLanguage\":\"hr\",\"potentialAction\":[{\"@type\":\"ReadAction\",\"target\":[\"https:\\\/\\\/ewl.com.pl\\\/hr\\\/legalizacija-zaposljavanja\\\/\"]}]},{\"@type\":\"BreadcrumbList\",\"@id\":\"https:\\\/\\\/ewl.com.pl\\\/hr\\\/legalizacija-zaposljavanja\\\/#breadcrumb\",\"itemListElement\":[{\"@type\":\"ListItem\",\"position\":1,\"name\":\"Home\",\"item\":\"https:\\\/\\\/ewl.com.pl\\\/hr\\\/\"},{\"@type\":\"ListItem\",\"position\":2,\"name\":\"Legalizacija zapo\u0161ljavanja \u2013 sve formalnosti prepu\u0161tate nama\"}]},{\"@type\":\"WebSite\",\"@id\":\"https:\\\/\\\/ewl.com.pl\\\/hr\\\/#website\",\"url\":\"https:\\\/\\\/ewl.com.pl\\\/hr\\\/\",\"name\":\"EWL Group - Agencja Zatrudnienia i Us\u0142ugi HR\",\"description\":\"EWL Group to agencja zatrudnienia i us\u0142ugi HR. Pomagamy firmom szybko uzupe\u0142nia\u0107 braki kadrowe i skupi\u0107 si\u0119 na rozwoju biznesu.\",\"publisher\":{\"@id\":\"https:\\\/\\\/ewl.com.pl\\\/hr\\\/#organization\"},\"potentialAction\":[{\"@type\":\"SearchAction\",\"target\":{\"@type\":\"EntryPoint\",\"urlTemplate\":\"https:\\\/\\\/ewl.com.pl\\\/hr\\\/?s={search_term_string}\"},\"query-input\":{\"@type\":\"PropertyValueSpecification\",\"valueRequired\":true,\"valueName\":\"search_term_string\"}}],\"inLanguage\":\"hr\"},{\"@type\":\"Organization\",\"@id\":\"https:\\\/\\\/ewl.com.pl\\\/hr\\\/#organization\",\"name\":\"EWL Group - Agencja Zatrudnienia i Us\u0142ugi HR\",\"url\":\"https:\\\/\\\/ewl.com.pl\\\/hr\\\/\",\"logo\":{\"@type\":\"ImageObject\",\"inLanguage\":\"hr\",\"@id\":\"https:\\\/\\\/ewl.com.pl\\\/hr\\\/#\\\/schema\\\/logo\\\/image\\\/\",\"url\":\"https:\\\/\\\/ewl.com.pl\\\/wp-content\\\/uploads\\\/2020\\\/06\\\/logo-white@2x.png\",\"contentUrl\":\"https:\\\/\\\/ewl.com.pl\\\/wp-content\\\/uploads\\\/2020\\\/06\\\/logo-white@2x.png\",\"width\":312,\"height\":130,\"caption\":\"EWL Group - Agencja Zatrudnienia i Us\u0142ugi HR\"},\"image\":{\"@id\":\"https:\\\/\\\/ewl.com.pl\\\/hr\\\/#\\\/schema\\\/logo\\\/image\\\/\"}}]}<\/script>\n<!-- \/ Yoast SEO plugin. -->","yoast_head_json":{"title":"Legalizacija zapo\u0161ljavanja \u2013 sve formalnosti prepu\u0161tate nama","description":"Legalizacja zatrudnienia bez stresu! EWL Group zajmuje si\u0119 wszystkimi formalno\u015bciami, zapewniaj\u0105c szybki i bezproblemowy proces zatrudnienia.","robots":{"index":"index","follow":"follow","max-snippet":"max-snippet:-1","max-image-preview":"max-image-preview:large","max-video-preview":"max-video-preview:-1"},"canonical":"https:\/\/ewl.com.pl\/hr\/legalizacija-zaposljavanja\/","og_locale":"hr_HR","og_type":"article","og_title":"Legalizacija zapo\u0161ljavanja \u2013 sve formalnosti prepu\u0161tate nama","og_description":"Legalizacja zatrudnienia bez stresu! EWL Group zajmuje si\u0119 wszystkimi formalno\u015bciami, zapewniaj\u0105c szybki i bezproblemowy proces zatrudnienia.","og_url":"https:\/\/ewl.com.pl\/hr\/legalizacija-zaposljavanja\/","og_site_name":"EWL Global Services","twitter_card":"summary_large_image","schema":{"@context":"https:\/\/schema.org","@graph":[{"@type":"WebPage","@id":"https:\/\/ewl.com.pl\/hr\/legalizacija-zaposljavanja\/","url":"https:\/\/ewl.com.pl\/hr\/legalizacija-zaposljavanja\/","name":"Legalizacija zapo\u0161ljavanja \u2013 sve formalnosti prepu\u0161tate nama","isPartOf":{"@id":"https:\/\/ewl.com.pl\/hr\/#website"},"datePublished":"2026-04-23T12:18:12+00:00","description":"Legalizacja zatrudnienia bez stresu! EWL Group zajmuje si\u0119 wszystkimi formalno\u015bciami, zapewniaj\u0105c szybki i bezproblemowy proces zatrudnienia.","breadcrumb":{"@id":"https:\/\/ewl.com.pl\/hr\/legalizacija-zaposljavanja\/#breadcrumb"},"inLanguage":"hr","potentialAction":[{"@type":"ReadAction","target":["https:\/\/ewl.com.pl\/hr\/legalizacija-zaposljavanja\/"]}]},{"@type":"BreadcrumbList","@id":"https:\/\/ewl.com.pl\/hr\/legalizacija-zaposljavanja\/#breadcrumb","itemListElement":[{"@type":"ListItem","position":1,"name":"Home","item":"https:\/\/ewl.com.pl\/hr\/"},{"@type":"ListItem","position":2,"name":"Legalizacija zapo\u0161ljavanja \u2013 sve formalnosti prepu\u0161tate nama"}]},{"@type":"WebSite","@id":"https:\/\/ewl.com.pl\/hr\/#website","url":"https:\/\/ewl.com.pl\/hr\/","name":"EWL Group - Agencja Zatrudnienia i Us\u0142ugi HR","description":"EWL Group to agencja zatrudnienia i us\u0142ugi HR. Pomagamy firmom szybko uzupe\u0142nia\u0107 braki kadrowe i skupi\u0107 si\u0119 na rozwoju biznesu.","publisher":{"@id":"https:\/\/ewl.com.pl\/hr\/#organization"},"potentialAction":[{"@type":"SearchAction","target":{"@type":"EntryPoint","urlTemplate":"https:\/\/ewl.com.pl\/hr\/?s={search_term_string}"},"query-input":{"@type":"PropertyValueSpecification","valueRequired":true,"valueName":"search_term_string"}}],"inLanguage":"hr"},{"@type":"Organization","@id":"https:\/\/ewl.com.pl\/hr\/#organization","name":"EWL Group - Agencja Zatrudnienia i Us\u0142ugi HR","url":"https:\/\/ewl.com.pl\/hr\/","logo":{"@type":"ImageObject","inLanguage":"hr","@id":"https:\/\/ewl.com.pl\/hr\/#\/schema\/logo\/image\/","url":"https:\/\/ewl.com.pl\/wp-content\/uploads\/2020\/06\/logo-white@2x.png","contentUrl":"https:\/\/ewl.com.pl\/wp-content\/uploads\/2020\/06\/logo-white@2x.png","width":312,"height":130,"caption":"EWL Group - Agencja Zatrudnienia i Us\u0142ugi HR"},"image":{"@id":"https:\/\/ewl.com.pl\/hr\/#\/schema\/logo\/image\/"}}]}},"_links":{"self":[{"href":"https:\/\/ewl.com.pl\/hr\/wp-json\/wp\/v2\/pages\/91842","targetHints":{"allow":["GET"]}}],"collection":[{"href":"https:\/\/ewl.com.pl\/hr\/wp-json\/wp\/v2\/pages"}],"about":[{"href":"https:\/\/ewl.com.pl\/hr\/wp-json\/wp\/v2\/types\/page"}],"author":[{"embeddable":true,"href":"https:\/\/ewl.com.pl\/hr\/wp-json\/wp\/v2\/users\/1"}],"replies":[{"embeddable":true,"href":"https:\/\/ewl.com.pl\/hr\/wp-json\/wp\/v2\/comments?post=91842"}],"version-history":[{"count":0,"href":"https:\/\/ewl.com.pl\/hr\/wp-json\/wp\/v2\/pages\/91842\/revisions"}],"wp:attachment":[{"href":"https:\/\/ewl.com.pl\/hr\/wp-json\/wp\/v2\/media?parent=91842"}],"curies":[{"name":"wp","href":"https:\/\/api.w.org\/{rel}","templated":true}]}}