{"id":91838,"date":"2026-04-23T13:24:40","date_gmt":"2026-04-23T11:24:40","guid":{"rendered":"http:\/\/ewl-b2b.jcd\/?page_id=91838"},"modified":"2026-04-23T13:24:40","modified_gmt":"2026-04-23T11:24:40","slug":"smjestaj-za-radnike","status":"publish","type":"page","link":"https:\/\/ewl.com.pl\/hr\/smjestaj-za-radnike\/","title":{"rendered":"Smje\u0161taj za radnike"},"content":{"rendered":"","protected":false},"excerpt":{"rendered":"","protected":false},"author":1,"featured_media":0,"parent":0,"menu_order":0,"comment_status":"closed","ping_status":"closed","template":"template-simple.php","meta":{"_acf_changed":false,"content-type":"","inline_featured_image":false,"footnotes":""},"class_list":["post-91838","page","type-page","status-publish","hentry"],"acf":[],"yoast_head":"<!-- This site is optimized with the Yoast SEO plugin v27.4 - https:\/\/yoast.com\/product\/yoast-seo-wordpress\/ -->\n<title>Smje\u0161taj za radnike - EWL Group<\/title>\n<meta name=\"description\" content=\"EWL Group oferuje komfortowe kwatery pracownicze dla pracownik\u00f3w z Europy Wschodniej i Azji. Zapewniamy bezpieczne i wygodne zakwaterowanie.\" \/>\n<meta name=\"robots\" content=\"index, follow, max-snippet:-1, max-image-preview:large, max-video-preview:-1\" \/>\n<link rel=\"canonical\" href=\"https:\/\/ewl.com.pl\/hr\/smjestaj-za-radnike\/\" \/>\n<meta property=\"og:locale\" content=\"hr_HR\" \/>\n<meta property=\"og:type\" content=\"article\" \/>\n<meta property=\"og:title\" content=\"Smje\u0161taj za radnike - EWL Group\" \/>\n<meta property=\"og:description\" content=\"EWL Group oferuje komfortowe kwatery pracownicze dla pracownik\u00f3w z Europy Wschodniej i Azji. Zapewniamy bezpieczne i wygodne zakwaterowanie.\" \/>\n<meta property=\"og:url\" content=\"https:\/\/ewl.com.pl\/hr\/smjestaj-za-radnike\/\" \/>\n<meta property=\"og:site_name\" content=\"EWL Global Services\" \/>\n<meta name=\"twitter:card\" content=\"summary_large_image\" \/>\n<script type=\"application\/ld+json\" class=\"yoast-schema-graph\">{\"@context\":\"https:\\\/\\\/schema.org\",\"@graph\":[{\"@type\":\"WebPage\",\"@id\":\"https:\\\/\\\/ewl.com.pl\\\/hr\\\/smjestaj-za-radnike\\\/\",\"url\":\"https:\\\/\\\/ewl.com.pl\\\/hr\\\/smjestaj-za-radnike\\\/\",\"name\":\"Smje\u0161taj za radnike - EWL Group\",\"isPartOf\":{\"@id\":\"https:\\\/\\\/ewl.com.pl\\\/hr\\\/#website\"},\"datePublished\":\"2026-04-23T11:24:40+00:00\",\"description\":\"EWL Group oferuje komfortowe kwatery pracownicze dla pracownik\u00f3w z Europy Wschodniej i Azji. Zapewniamy bezpieczne i wygodne zakwaterowanie.\",\"breadcrumb\":{\"@id\":\"https:\\\/\\\/ewl.com.pl\\\/hr\\\/smjestaj-za-radnike\\\/#breadcrumb\"},\"inLanguage\":\"hr\",\"potentialAction\":[{\"@type\":\"ReadAction\",\"target\":[\"https:\\\/\\\/ewl.com.pl\\\/hr\\\/smjestaj-za-radnike\\\/\"]}]},{\"@type\":\"BreadcrumbList\",\"@id\":\"https:\\\/\\\/ewl.com.pl\\\/hr\\\/smjestaj-za-radnike\\\/#breadcrumb\",\"itemListElement\":[{\"@type\":\"ListItem\",\"position\":1,\"name\":\"Home\",\"item\":\"https:\\\/\\\/ewl.com.pl\\\/hr\\\/\"},{\"@type\":\"ListItem\",\"position\":2,\"name\":\"Smje\u0161taj za radnike\"}]},{\"@type\":\"WebSite\",\"@id\":\"https:\\\/\\\/ewl.com.pl\\\/hr\\\/#website\",\"url\":\"https:\\\/\\\/ewl.com.pl\\\/hr\\\/\",\"name\":\"EWL Group - Agencja Zatrudnienia i Us\u0142ugi HR\",\"description\":\"EWL Group to agencja zatrudnienia i us\u0142ugi HR. Pomagamy firmom szybko uzupe\u0142nia\u0107 braki kadrowe i skupi\u0107 si\u0119 na rozwoju biznesu.\",\"publisher\":{\"@id\":\"https:\\\/\\\/ewl.com.pl\\\/hr\\\/#organization\"},\"potentialAction\":[{\"@type\":\"SearchAction\",\"target\":{\"@type\":\"EntryPoint\",\"urlTemplate\":\"https:\\\/\\\/ewl.com.pl\\\/hr\\\/?s={search_term_string}\"},\"query-input\":{\"@type\":\"PropertyValueSpecification\",\"valueRequired\":true,\"valueName\":\"search_term_string\"}}],\"inLanguage\":\"hr\"},{\"@type\":\"Organization\",\"@id\":\"https:\\\/\\\/ewl.com.pl\\\/hr\\\/#organization\",\"name\":\"EWL Group - Agencja Zatrudnienia i Us\u0142ugi HR\",\"url\":\"https:\\\/\\\/ewl.com.pl\\\/hr\\\/\",\"logo\":{\"@type\":\"ImageObject\",\"inLanguage\":\"hr\",\"@id\":\"https:\\\/\\\/ewl.com.pl\\\/hr\\\/#\\\/schema\\\/logo\\\/image\\\/\",\"url\":\"https:\\\/\\\/ewl.com.pl\\\/wp-content\\\/uploads\\\/2020\\\/06\\\/logo-white@2x.png\",\"contentUrl\":\"https:\\\/\\\/ewl.com.pl\\\/wp-content\\\/uploads\\\/2020\\\/06\\\/logo-white@2x.png\",\"width\":312,\"height\":130,\"caption\":\"EWL Group - Agencja Zatrudnienia i Us\u0142ugi HR\"},\"image\":{\"@id\":\"https:\\\/\\\/ewl.com.pl\\\/hr\\\/#\\\/schema\\\/logo\\\/image\\\/\"}}]}<\/script>\n<!-- \/ Yoast SEO plugin. -->","yoast_head_json":{"title":"Smje\u0161taj za radnike - EWL Group","description":"EWL Group oferuje komfortowe kwatery pracownicze dla pracownik\u00f3w z Europy Wschodniej i Azji. Zapewniamy bezpieczne i wygodne zakwaterowanie.","robots":{"index":"index","follow":"follow","max-snippet":"max-snippet:-1","max-image-preview":"max-image-preview:large","max-video-preview":"max-video-preview:-1"},"canonical":"https:\/\/ewl.com.pl\/hr\/smjestaj-za-radnike\/","og_locale":"hr_HR","og_type":"article","og_title":"Smje\u0161taj za radnike - EWL Group","og_description":"EWL Group oferuje komfortowe kwatery pracownicze dla pracownik\u00f3w z Europy Wschodniej i Azji. Zapewniamy bezpieczne i wygodne zakwaterowanie.","og_url":"https:\/\/ewl.com.pl\/hr\/smjestaj-za-radnike\/","og_site_name":"EWL Global Services","twitter_card":"summary_large_image","schema":{"@context":"https:\/\/schema.org","@graph":[{"@type":"WebPage","@id":"https:\/\/ewl.com.pl\/hr\/smjestaj-za-radnike\/","url":"https:\/\/ewl.com.pl\/hr\/smjestaj-za-radnike\/","name":"Smje\u0161taj za radnike - EWL Group","isPartOf":{"@id":"https:\/\/ewl.com.pl\/hr\/#website"},"datePublished":"2026-04-23T11:24:40+00:00","description":"EWL Group oferuje komfortowe kwatery pracownicze dla pracownik\u00f3w z Europy Wschodniej i Azji. Zapewniamy bezpieczne i wygodne zakwaterowanie.","breadcrumb":{"@id":"https:\/\/ewl.com.pl\/hr\/smjestaj-za-radnike\/#breadcrumb"},"inLanguage":"hr","potentialAction":[{"@type":"ReadAction","target":["https:\/\/ewl.com.pl\/hr\/smjestaj-za-radnike\/"]}]},{"@type":"BreadcrumbList","@id":"https:\/\/ewl.com.pl\/hr\/smjestaj-za-radnike\/#breadcrumb","itemListElement":[{"@type":"ListItem","position":1,"name":"Home","item":"https:\/\/ewl.com.pl\/hr\/"},{"@type":"ListItem","position":2,"name":"Smje\u0161taj za radnike"}]},{"@type":"WebSite","@id":"https:\/\/ewl.com.pl\/hr\/#website","url":"https:\/\/ewl.com.pl\/hr\/","name":"EWL Group - Agencja Zatrudnienia i Us\u0142ugi HR","description":"EWL Group to agencja zatrudnienia i us\u0142ugi HR. Pomagamy firmom szybko uzupe\u0142nia\u0107 braki kadrowe i skupi\u0107 si\u0119 na rozwoju biznesu.","publisher":{"@id":"https:\/\/ewl.com.pl\/hr\/#organization"},"potentialAction":[{"@type":"SearchAction","target":{"@type":"EntryPoint","urlTemplate":"https:\/\/ewl.com.pl\/hr\/?s={search_term_string}"},"query-input":{"@type":"PropertyValueSpecification","valueRequired":true,"valueName":"search_term_string"}}],"inLanguage":"hr"},{"@type":"Organization","@id":"https:\/\/ewl.com.pl\/hr\/#organization","name":"EWL Group - Agencja Zatrudnienia i Us\u0142ugi HR","url":"https:\/\/ewl.com.pl\/hr\/","logo":{"@type":"ImageObject","inLanguage":"hr","@id":"https:\/\/ewl.com.pl\/hr\/#\/schema\/logo\/image\/","url":"https:\/\/ewl.com.pl\/wp-content\/uploads\/2020\/06\/logo-white@2x.png","contentUrl":"https:\/\/ewl.com.pl\/wp-content\/uploads\/2020\/06\/logo-white@2x.png","width":312,"height":130,"caption":"EWL Group - Agencja Zatrudnienia i Us\u0142ugi HR"},"image":{"@id":"https:\/\/ewl.com.pl\/hr\/#\/schema\/logo\/image\/"}}]}},"_links":{"self":[{"href":"https:\/\/ewl.com.pl\/hr\/wp-json\/wp\/v2\/pages\/91838","targetHints":{"allow":["GET"]}}],"collection":[{"href":"https:\/\/ewl.com.pl\/hr\/wp-json\/wp\/v2\/pages"}],"about":[{"href":"https:\/\/ewl.com.pl\/hr\/wp-json\/wp\/v2\/types\/page"}],"author":[{"embeddable":true,"href":"https:\/\/ewl.com.pl\/hr\/wp-json\/wp\/v2\/users\/1"}],"replies":[{"embeddable":true,"href":"https:\/\/ewl.com.pl\/hr\/wp-json\/wp\/v2\/comments?post=91838"}],"version-history":[{"count":0,"href":"https:\/\/ewl.com.pl\/hr\/wp-json\/wp\/v2\/pages\/91838\/revisions"}],"wp:attachment":[{"href":"https:\/\/ewl.com.pl\/hr\/wp-json\/wp\/v2\/media?parent=91838"}],"curies":[{"name":"wp","href":"https:\/\/api.w.org\/{rel}","templated":true}]}}