{"id":63,"date":"2020-04-14T12:45:13","date_gmt":"2020-04-14T10:45:13","guid":{"rendered":"http:\/\/localhost\/ewl-b2c\/?page_id=63"},"modified":"2023-04-20T08:17:42","modified_gmt":"2023-04-20T06:17:42","slug":"o-nas","status":"publish","type":"page","link":"https:\/\/ewl.com.pl\/ewl\/o-nas\/","title":{"rendered":"Kim jeste\u015bmy?"},"content":{"rendered":"","protected":false},"excerpt":{"rendered":"","protected":false},"author":1,"featured_media":0,"parent":0,"menu_order":0,"comment_status":"closed","ping_status":"closed","template":"","meta":{"_acf_changed":false,"footnotes":""},"class_list":["post-63","page","type-page","status-publish","hentry"],"acf":[],"yoast_head":"<!-- This site is optimized with the Yoast SEO plugin v24.9 - https:\/\/yoast.com\/wordpress\/plugins\/seo\/ -->\n<title>Lider na rynku zatrudnienia obcokrajowc\u00f3w - EWL Group<\/title>\n<meta name=\"description\" content=\"Poznaj korzy\u015bci wsp\u00f3\u0142pracy z najwi\u0119ksz\u0105 agencj\u0105 na rynku. Wieloletnie do\u015bwiadczenie w rekrutacji pracownik\u00f3w z zagranicy. Leasing i outsourcing pracownik\u00f3w\" \/>\n<meta name=\"robots\" content=\"index, follow, max-snippet:-1, max-image-preview:large, max-video-preview:-1\" \/>\n<link rel=\"canonical\" href=\"https:\/\/ewl.com.pl\/\" \/>\n<meta property=\"og:locale\" content=\"pl_PL\" \/>\n<meta property=\"og:type\" content=\"article\" \/>\n<meta property=\"og:title\" content=\"Lider na rynku zatrudnienia obcokrajowc\u00f3w - EWL Group\" \/>\n<meta property=\"og:description\" content=\"Poznaj korzy\u015bci wsp\u00f3\u0142pracy z najwi\u0119ksz\u0105 agencj\u0105 na rynku. Wieloletnie do\u015bwiadczenie w rekrutacji pracownik\u00f3w z zagranicy. Leasing i outsourcing pracownik\u00f3w\" \/>\n<meta property=\"og:url\" content=\"https:\/\/ewl.com.pl\/\" \/>\n<meta property=\"og:site_name\" content=\"EWL Group\" \/>\n<meta property=\"article:modified_time\" content=\"2023-04-20T06:17:42+00:00\" \/>\n<meta name=\"twitter:card\" content=\"summary_large_image\" \/>\n<script type=\"application\/ld+json\" class=\"yoast-schema-graph\">{\"@context\":\"https:\/\/schema.org\",\"@graph\":[{\"@type\":\"WebPage\",\"@id\":\"https:\/\/ewl.com.pl\/ewl\/o-nas\/\",\"url\":\"https:\/\/ewl.com.pl\/\",\"name\":\"Lider na rynku zatrudnienia obcokrajowc\u00f3w - EWL Group\",\"isPartOf\":{\"@id\":\"https:\/\/ewl.com.pl\/ewl\/#website\"},\"datePublished\":\"2020-04-14T10:45:13+00:00\",\"dateModified\":\"2023-04-20T06:17:42+00:00\",\"description\":\"Poznaj korzy\u015bci wsp\u00f3\u0142pracy z najwi\u0119ksz\u0105 agencj\u0105 na rynku. Wieloletnie do\u015bwiadczenie w rekrutacji pracownik\u00f3w z zagranicy. Leasing i outsourcing pracownik\u00f3w\",\"breadcrumb\":{\"@id\":\"https:\/\/ewl.com.pl\/#breadcrumb\"},\"inLanguage\":\"pl-PL\",\"potentialAction\":[{\"@type\":\"ReadAction\",\"target\":[\"https:\/\/ewl.com.pl\/\"]}]},{\"@type\":\"BreadcrumbList\",\"@id\":\"https:\/\/ewl.com.pl\/#breadcrumb\",\"itemListElement\":[{\"@type\":\"ListItem\",\"position\":1,\"name\":\"Home\",\"item\":\"https:\/\/ewl.com.pl\/ewl\/\"},{\"@type\":\"ListItem\",\"position\":2,\"name\":\"Kim jeste\u015bmy?\"}]},{\"@type\":\"WebSite\",\"@id\":\"https:\/\/ewl.com.pl\/ewl\/#website\",\"url\":\"https:\/\/ewl.com.pl\/ewl\/\",\"name\":\"EWL Group\",\"description\":\"\",\"publisher\":{\"@id\":\"https:\/\/ewl.com.pl\/ewl\/#organization\"},\"potentialAction\":[{\"@type\":\"SearchAction\",\"target\":{\"@type\":\"EntryPoint\",\"urlTemplate\":\"https:\/\/ewl.com.pl\/ewl\/?s={search_term_string}\"},\"query-input\":{\"@type\":\"PropertyValueSpecification\",\"valueRequired\":true,\"valueName\":\"search_term_string\"}}],\"inLanguage\":\"pl-PL\"},{\"@type\":\"Organization\",\"@id\":\"https:\/\/ewl.com.pl\/ewl\/#organization\",\"name\":\"EWL Group\",\"url\":\"https:\/\/ewl.com.pl\/ewl\/\",\"logo\":{\"@type\":\"ImageObject\",\"inLanguage\":\"pl-PL\",\"@id\":\"https:\/\/ewl.com.pl\/ewl\/#\/schema\/logo\/image\/\",\"url\":\"https:\/\/ewl.com.pl\/wp-content\/uploads\/2020\/06\/logo-white@2x.png\",\"contentUrl\":\"https:\/\/ewl.com.pl\/wp-content\/uploads\/2020\/06\/logo-white@2x.png\",\"width\":312,\"height\":130,\"caption\":\"EWL Group\"},\"image\":{\"@id\":\"https:\/\/ewl.com.pl\/ewl\/#\/schema\/logo\/image\/\"}}]}<\/script>\n<!-- \/ Yoast SEO plugin. -->","yoast_head_json":{"title":"Lider na rynku zatrudnienia obcokrajowc\u00f3w - EWL Group","description":"Poznaj korzy\u015bci wsp\u00f3\u0142pracy z najwi\u0119ksz\u0105 agencj\u0105 na rynku. Wieloletnie do\u015bwiadczenie w rekrutacji pracownik\u00f3w z zagranicy. Leasing i outsourcing pracownik\u00f3w","robots":{"index":"index","follow":"follow","max-snippet":"max-snippet:-1","max-image-preview":"max-image-preview:large","max-video-preview":"max-video-preview:-1"},"canonical":"https:\/\/ewl.com.pl\/","og_locale":"pl_PL","og_type":"article","og_title":"Lider na rynku zatrudnienia obcokrajowc\u00f3w - EWL Group","og_description":"Poznaj korzy\u015bci wsp\u00f3\u0142pracy z najwi\u0119ksz\u0105 agencj\u0105 na rynku. Wieloletnie do\u015bwiadczenie w rekrutacji pracownik\u00f3w z zagranicy. Leasing i outsourcing pracownik\u00f3w","og_url":"https:\/\/ewl.com.pl\/","og_site_name":"EWL Group","article_modified_time":"2023-04-20T06:17:42+00:00","twitter_card":"summary_large_image","schema":{"@context":"https:\/\/schema.org","@graph":[{"@type":"WebPage","@id":"https:\/\/ewl.com.pl\/ewl\/o-nas\/","url":"https:\/\/ewl.com.pl\/","name":"Lider na rynku zatrudnienia obcokrajowc\u00f3w - EWL Group","isPartOf":{"@id":"https:\/\/ewl.com.pl\/ewl\/#website"},"datePublished":"2020-04-14T10:45:13+00:00","dateModified":"2023-04-20T06:17:42+00:00","description":"Poznaj korzy\u015bci wsp\u00f3\u0142pracy z najwi\u0119ksz\u0105 agencj\u0105 na rynku. Wieloletnie do\u015bwiadczenie w rekrutacji pracownik\u00f3w z zagranicy. Leasing i outsourcing pracownik\u00f3w","breadcrumb":{"@id":"https:\/\/ewl.com.pl\/#breadcrumb"},"inLanguage":"pl-PL","potentialAction":[{"@type":"ReadAction","target":["https:\/\/ewl.com.pl\/"]}]},{"@type":"BreadcrumbList","@id":"https:\/\/ewl.com.pl\/#breadcrumb","itemListElement":[{"@type":"ListItem","position":1,"name":"Home","item":"https:\/\/ewl.com.pl\/ewl\/"},{"@type":"ListItem","position":2,"name":"Kim jeste\u015bmy?"}]},{"@type":"WebSite","@id":"https:\/\/ewl.com.pl\/ewl\/#website","url":"https:\/\/ewl.com.pl\/ewl\/","name":"EWL Group","description":"","publisher":{"@id":"https:\/\/ewl.com.pl\/ewl\/#organization"},"potentialAction":[{"@type":"SearchAction","target":{"@type":"EntryPoint","urlTemplate":"https:\/\/ewl.com.pl\/ewl\/?s={search_term_string}"},"query-input":{"@type":"PropertyValueSpecification","valueRequired":true,"valueName":"search_term_string"}}],"inLanguage":"pl-PL"},{"@type":"Organization","@id":"https:\/\/ewl.com.pl\/ewl\/#organization","name":"EWL Group","url":"https:\/\/ewl.com.pl\/ewl\/","logo":{"@type":"ImageObject","inLanguage":"pl-PL","@id":"https:\/\/ewl.com.pl\/ewl\/#\/schema\/logo\/image\/","url":"https:\/\/ewl.com.pl\/wp-content\/uploads\/2020\/06\/logo-white@2x.png","contentUrl":"https:\/\/ewl.com.pl\/wp-content\/uploads\/2020\/06\/logo-white@2x.png","width":312,"height":130,"caption":"EWL Group"},"image":{"@id":"https:\/\/ewl.com.pl\/ewl\/#\/schema\/logo\/image\/"}}]}},"_links":{"self":[{"href":"https:\/\/ewl.com.pl\/ewl\/wp-json\/wp\/v2\/pages\/63","targetHints":{"allow":["GET"]}}],"collection":[{"href":"https:\/\/ewl.com.pl\/ewl\/wp-json\/wp\/v2\/pages"}],"about":[{"href":"https:\/\/ewl.com.pl\/ewl\/wp-json\/wp\/v2\/types\/page"}],"author":[{"embeddable":true,"href":"https:\/\/ewl.com.pl\/ewl\/wp-json\/wp\/v2\/users\/1"}],"replies":[{"embeddable":true,"href":"https:\/\/ewl.com.pl\/ewl\/wp-json\/wp\/v2\/comments?post=63"}],"version-history":[{"count":81,"href":"https:\/\/ewl.com.pl\/ewl\/wp-json\/wp\/v2\/pages\/63\/revisions"}],"predecessor-version":[{"id":70538,"href":"https:\/\/ewl.com.pl\/ewl\/wp-json\/wp\/v2\/pages\/63\/revisions\/70538"}],"wp:attachment":[{"href":"https:\/\/ewl.com.pl\/ewl\/wp-json\/wp\/v2\/media?parent=63"}],"curies":[{"name":"wp","href":"https:\/\/api.w.org\/{rel}","templated":true}]}}