{"id":51704,"date":"2021-12-13T11:37:14","date_gmt":"2021-12-13T10:37:14","guid":{"rendered":"https:\/\/ewl.com.pl\/?page_id=51704"},"modified":"2022-08-01T12:04:40","modified_gmt":"2022-08-01T10:04:40","slug":"pozyskiwanie-pracownikow-sezonowych-w-branzy-przetworstwa-ryb","status":"publish","type":"page","link":"https:\/\/ewl.com.pl\/ewl\/case-study\/pozyskiwanie-pracownikow-sezonowych-w-branzy-przetworstwa-ryb\/","title":{"rendered":"Pozyskiwanie pracownik\u00f3w sezonowych w bran\u017cy przetw\u00f3rstwa ryb"},"content":{"rendered":"","protected":false},"excerpt":{"rendered":"","protected":false},"author":42,"featured_media":0,"parent":50185,"menu_order":0,"comment_status":"closed","ping_status":"closed","template":"info.php","meta":{"_acf_changed":false,"footnotes":""},"class_list":["post-51704","page","type-page","status-publish","hentry"],"acf":[],"yoast_head":"<!-- This site is optimized with the Yoast SEO plugin v24.9 - https:\/\/yoast.com\/wordpress\/plugins\/seo\/ -->\n<title>Jak pozyskiwa\u0107 pracownik\u00f3w sezonowych w bran\u017cy przetw\u00f3rstwa ryb<\/title>\n<meta name=\"description\" content=\"Case Study jednej z realizacji EWL dla firmy produkcyjnej z bran\u017cy rybnej. Sprawd\u017a jak us\u0142ugi i rozwi\u0105zania EWL pomagaj\u0105 usprawni\u0107 biznes!\" \/>\n<meta name=\"robots\" content=\"index, follow, max-snippet:-1, max-image-preview:large, max-video-preview:-1\" \/>\n<link rel=\"canonical\" href=\"https:\/\/ewl.com.pl\/ewl\/case-study\/pozyskiwanie-pracownikow-sezonowych-w-branzy-przetworstwa-ryb\/\" \/>\n<meta property=\"og:locale\" content=\"pl_PL\" \/>\n<meta property=\"og:type\" content=\"article\" \/>\n<meta property=\"og:title\" content=\"Jak pozyskiwa\u0107 pracownik\u00f3w sezonowych w bran\u017cy przetw\u00f3rstwa ryb\" \/>\n<meta property=\"og:description\" content=\"Case Study jednej z realizacji EWL dla firmy produkcyjnej z bran\u017cy rybnej. Sprawd\u017a jak us\u0142ugi i rozwi\u0105zania EWL pomagaj\u0105 usprawni\u0107 biznes!\" \/>\n<meta property=\"og:url\" content=\"https:\/\/ewl.com.pl\/ewl\/case-study\/pozyskiwanie-pracownikow-sezonowych-w-branzy-przetworstwa-ryb\/\" \/>\n<meta property=\"og:site_name\" content=\"EWL Group\" \/>\n<meta property=\"article:modified_time\" content=\"2022-08-01T10:04:40+00:00\" \/>\n<meta name=\"twitter:card\" content=\"summary_large_image\" \/>\n<script type=\"application\/ld+json\" class=\"yoast-schema-graph\">{\"@context\":\"https:\/\/schema.org\",\"@graph\":[{\"@type\":\"WebPage\",\"@id\":\"https:\/\/ewl.com.pl\/ewl\/case-study\/pozyskiwanie-pracownikow-sezonowych-w-branzy-przetworstwa-ryb\/\",\"url\":\"https:\/\/ewl.com.pl\/ewl\/case-study\/pozyskiwanie-pracownikow-sezonowych-w-branzy-przetworstwa-ryb\/\",\"name\":\"Jak pozyskiwa\u0107 pracownik\u00f3w sezonowych w bran\u017cy przetw\u00f3rstwa ryb\",\"isPartOf\":{\"@id\":\"https:\/\/ewl.com.pl\/ewl\/#website\"},\"datePublished\":\"2021-12-13T10:37:14+00:00\",\"dateModified\":\"2022-08-01T10:04:40+00:00\",\"description\":\"Case Study jednej z realizacji EWL dla firmy produkcyjnej z bran\u017cy rybnej. Sprawd\u017a jak us\u0142ugi i rozwi\u0105zania EWL pomagaj\u0105 usprawni\u0107 biznes!\",\"breadcrumb\":{\"@id\":\"https:\/\/ewl.com.pl\/ewl\/case-study\/pozyskiwanie-pracownikow-sezonowych-w-branzy-przetworstwa-ryb\/#breadcrumb\"},\"inLanguage\":\"pl-PL\",\"potentialAction\":[{\"@type\":\"ReadAction\",\"target\":[\"https:\/\/ewl.com.pl\/ewl\/case-study\/pozyskiwanie-pracownikow-sezonowych-w-branzy-przetworstwa-ryb\/\"]}]},{\"@type\":\"BreadcrumbList\",\"@id\":\"https:\/\/ewl.com.pl\/ewl\/case-study\/pozyskiwanie-pracownikow-sezonowych-w-branzy-przetworstwa-ryb\/#breadcrumb\",\"itemListElement\":[{\"@type\":\"ListItem\",\"position\":1,\"name\":\"Home\",\"item\":\"https:\/\/ewl.com.pl\/ewl\/\"},{\"@type\":\"ListItem\",\"position\":2,\"name\":\"Case study\",\"item\":\"https:\/\/ewl.com.pl\/ewl\/case-study\/\"},{\"@type\":\"ListItem\",\"position\":3,\"name\":\"Pozyskiwanie pracownik\u00f3w sezonowych w bran\u017cy przetw\u00f3rstwa ryb\"}]},{\"@type\":\"WebSite\",\"@id\":\"https:\/\/ewl.com.pl\/ewl\/#website\",\"url\":\"https:\/\/ewl.com.pl\/ewl\/\",\"name\":\"EWL Group\",\"description\":\"\",\"publisher\":{\"@id\":\"https:\/\/ewl.com.pl\/ewl\/#organization\"},\"potentialAction\":[{\"@type\":\"SearchAction\",\"target\":{\"@type\":\"EntryPoint\",\"urlTemplate\":\"https:\/\/ewl.com.pl\/ewl\/?s={search_term_string}\"},\"query-input\":{\"@type\":\"PropertyValueSpecification\",\"valueRequired\":true,\"valueName\":\"search_term_string\"}}],\"inLanguage\":\"pl-PL\"},{\"@type\":\"Organization\",\"@id\":\"https:\/\/ewl.com.pl\/ewl\/#organization\",\"name\":\"EWL Group\",\"url\":\"https:\/\/ewl.com.pl\/ewl\/\",\"logo\":{\"@type\":\"ImageObject\",\"inLanguage\":\"pl-PL\",\"@id\":\"https:\/\/ewl.com.pl\/ewl\/#\/schema\/logo\/image\/\",\"url\":\"https:\/\/ewl.com.pl\/wp-content\/uploads\/2020\/06\/logo-white@2x.png\",\"contentUrl\":\"https:\/\/ewl.com.pl\/wp-content\/uploads\/2020\/06\/logo-white@2x.png\",\"width\":312,\"height\":130,\"caption\":\"EWL Group\"},\"image\":{\"@id\":\"https:\/\/ewl.com.pl\/ewl\/#\/schema\/logo\/image\/\"}}]}<\/script>\n<!-- \/ Yoast SEO plugin. -->","yoast_head_json":{"title":"Jak pozyskiwa\u0107 pracownik\u00f3w sezonowych w bran\u017cy przetw\u00f3rstwa ryb","description":"Case Study jednej z realizacji EWL dla firmy produkcyjnej z bran\u017cy rybnej. Sprawd\u017a jak us\u0142ugi i rozwi\u0105zania EWL pomagaj\u0105 usprawni\u0107 biznes!","robots":{"index":"index","follow":"follow","max-snippet":"max-snippet:-1","max-image-preview":"max-image-preview:large","max-video-preview":"max-video-preview:-1"},"canonical":"https:\/\/ewl.com.pl\/ewl\/case-study\/pozyskiwanie-pracownikow-sezonowych-w-branzy-przetworstwa-ryb\/","og_locale":"pl_PL","og_type":"article","og_title":"Jak pozyskiwa\u0107 pracownik\u00f3w sezonowych w bran\u017cy przetw\u00f3rstwa ryb","og_description":"Case Study jednej z realizacji EWL dla firmy produkcyjnej z bran\u017cy rybnej. Sprawd\u017a jak us\u0142ugi i rozwi\u0105zania EWL pomagaj\u0105 usprawni\u0107 biznes!","og_url":"https:\/\/ewl.com.pl\/ewl\/case-study\/pozyskiwanie-pracownikow-sezonowych-w-branzy-przetworstwa-ryb\/","og_site_name":"EWL Group","article_modified_time":"2022-08-01T10:04:40+00:00","twitter_card":"summary_large_image","schema":{"@context":"https:\/\/schema.org","@graph":[{"@type":"WebPage","@id":"https:\/\/ewl.com.pl\/ewl\/case-study\/pozyskiwanie-pracownikow-sezonowych-w-branzy-przetworstwa-ryb\/","url":"https:\/\/ewl.com.pl\/ewl\/case-study\/pozyskiwanie-pracownikow-sezonowych-w-branzy-przetworstwa-ryb\/","name":"Jak pozyskiwa\u0107 pracownik\u00f3w sezonowych w bran\u017cy przetw\u00f3rstwa ryb","isPartOf":{"@id":"https:\/\/ewl.com.pl\/ewl\/#website"},"datePublished":"2021-12-13T10:37:14+00:00","dateModified":"2022-08-01T10:04:40+00:00","description":"Case Study jednej z realizacji EWL dla firmy produkcyjnej z bran\u017cy rybnej. Sprawd\u017a jak us\u0142ugi i rozwi\u0105zania EWL pomagaj\u0105 usprawni\u0107 biznes!","breadcrumb":{"@id":"https:\/\/ewl.com.pl\/ewl\/case-study\/pozyskiwanie-pracownikow-sezonowych-w-branzy-przetworstwa-ryb\/#breadcrumb"},"inLanguage":"pl-PL","potentialAction":[{"@type":"ReadAction","target":["https:\/\/ewl.com.pl\/ewl\/case-study\/pozyskiwanie-pracownikow-sezonowych-w-branzy-przetworstwa-ryb\/"]}]},{"@type":"BreadcrumbList","@id":"https:\/\/ewl.com.pl\/ewl\/case-study\/pozyskiwanie-pracownikow-sezonowych-w-branzy-przetworstwa-ryb\/#breadcrumb","itemListElement":[{"@type":"ListItem","position":1,"name":"Home","item":"https:\/\/ewl.com.pl\/ewl\/"},{"@type":"ListItem","position":2,"name":"Case study","item":"https:\/\/ewl.com.pl\/ewl\/case-study\/"},{"@type":"ListItem","position":3,"name":"Pozyskiwanie pracownik\u00f3w sezonowych w bran\u017cy przetw\u00f3rstwa ryb"}]},{"@type":"WebSite","@id":"https:\/\/ewl.com.pl\/ewl\/#website","url":"https:\/\/ewl.com.pl\/ewl\/","name":"EWL Group","description":"","publisher":{"@id":"https:\/\/ewl.com.pl\/ewl\/#organization"},"potentialAction":[{"@type":"SearchAction","target":{"@type":"EntryPoint","urlTemplate":"https:\/\/ewl.com.pl\/ewl\/?s={search_term_string}"},"query-input":{"@type":"PropertyValueSpecification","valueRequired":true,"valueName":"search_term_string"}}],"inLanguage":"pl-PL"},{"@type":"Organization","@id":"https:\/\/ewl.com.pl\/ewl\/#organization","name":"EWL Group","url":"https:\/\/ewl.com.pl\/ewl\/","logo":{"@type":"ImageObject","inLanguage":"pl-PL","@id":"https:\/\/ewl.com.pl\/ewl\/#\/schema\/logo\/image\/","url":"https:\/\/ewl.com.pl\/wp-content\/uploads\/2020\/06\/logo-white@2x.png","contentUrl":"https:\/\/ewl.com.pl\/wp-content\/uploads\/2020\/06\/logo-white@2x.png","width":312,"height":130,"caption":"EWL Group"},"image":{"@id":"https:\/\/ewl.com.pl\/ewl\/#\/schema\/logo\/image\/"}}]}},"_links":{"self":[{"href":"https:\/\/ewl.com.pl\/ewl\/wp-json\/wp\/v2\/pages\/51704","targetHints":{"allow":["GET"]}}],"collection":[{"href":"https:\/\/ewl.com.pl\/ewl\/wp-json\/wp\/v2\/pages"}],"about":[{"href":"https:\/\/ewl.com.pl\/ewl\/wp-json\/wp\/v2\/types\/page"}],"author":[{"embeddable":true,"href":"https:\/\/ewl.com.pl\/ewl\/wp-json\/wp\/v2\/users\/42"}],"replies":[{"embeddable":true,"href":"https:\/\/ewl.com.pl\/ewl\/wp-json\/wp\/v2\/comments?post=51704"}],"version-history":[{"count":21,"href":"https:\/\/ewl.com.pl\/ewl\/wp-json\/wp\/v2\/pages\/51704\/revisions"}],"predecessor-version":[{"id":57780,"href":"https:\/\/ewl.com.pl\/ewl\/wp-json\/wp\/v2\/pages\/51704\/revisions\/57780"}],"up":[{"embeddable":true,"href":"https:\/\/ewl.com.pl\/ewl\/wp-json\/wp\/v2\/pages\/50185"}],"wp:attachment":[{"href":"https:\/\/ewl.com.pl\/ewl\/wp-json\/wp\/v2\/media?parent=51704"}],"curies":[{"name":"wp","href":"https:\/\/api.w.org\/{rel}","templated":true}]}}