{"id":51050,"date":"2021-10-26T15:31:04","date_gmt":"2021-10-26T13:31:04","guid":{"rendered":"https:\/\/ewl.com.pl\/?page_id=51050"},"modified":"2023-04-06T08:25:36","modified_gmt":"2023-04-06T06:25:36","slug":"optymalizacja-kosztow-pracy-struktury-zatrudnienia-case-study","status":"publish","type":"page","link":"https:\/\/ewl.com.pl\/ewl\/case-study\/optymalizacja-kosztow-pracy-struktury-zatrudnienia-case-study\/","title":{"rendered":"Optymalizacja koszt\u00f3w pracy i struktury zatrudnienia"},"content":{"rendered":"","protected":false},"excerpt":{"rendered":"","protected":false},"author":42,"featured_media":0,"parent":50185,"menu_order":0,"comment_status":"closed","ping_status":"closed","template":"info.php","meta":{"_acf_changed":false,"footnotes":""},"class_list":["post-51050","page","type-page","status-publish","hentry"],"acf":[],"yoast_head":"<!-- This site is optimized with the Yoast SEO plugin v24.9 - https:\/\/yoast.com\/wordpress\/plugins\/seo\/ -->\n<title>Jak zoptymalizowa\u0107 koszty pracy i struktur\u0119 zatrudnienia w FMCG<\/title>\n<meta name=\"description\" content=\"Case Study jednej z realizacji EWL dla firmy produkcyjnej z bran\u017cy FMCG. Sprawd\u017a jak us\u0142ugi i rozwi\u0105zania EWL pomagaj\u0105 usprawni\u0107 biznes!\" \/>\n<meta name=\"robots\" content=\"index, follow, max-snippet:-1, max-image-preview:large, max-video-preview:-1\" \/>\n<link rel=\"canonical\" href=\"https:\/\/ewl.com.pl\/ewl\/case-study\/optymalizacja-kosztow-pracy-struktury-zatrudnienia-case-study\/\" \/>\n<meta property=\"og:locale\" content=\"pl_PL\" \/>\n<meta property=\"og:type\" content=\"article\" \/>\n<meta property=\"og:title\" content=\"Jak zoptymalizowa\u0107 koszty pracy i struktur\u0119 zatrudnienia w FMCG\" \/>\n<meta property=\"og:description\" content=\"Case Study jednej z realizacji EWL dla firmy produkcyjnej z bran\u017cy FMCG. Sprawd\u017a jak us\u0142ugi i rozwi\u0105zania EWL pomagaj\u0105 usprawni\u0107 biznes!\" \/>\n<meta property=\"og:url\" content=\"https:\/\/ewl.com.pl\/ewl\/case-study\/optymalizacja-kosztow-pracy-struktury-zatrudnienia-case-study\/\" \/>\n<meta property=\"og:site_name\" content=\"EWL Group\" \/>\n<meta property=\"article:modified_time\" content=\"2023-04-06T06:25:36+00:00\" \/>\n<meta name=\"twitter:card\" content=\"summary_large_image\" \/>\n<script type=\"application\/ld+json\" class=\"yoast-schema-graph\">{\"@context\":\"https:\/\/schema.org\",\"@graph\":[{\"@type\":\"WebPage\",\"@id\":\"https:\/\/ewl.com.pl\/ewl\/case-study\/optymalizacja-kosztow-pracy-struktury-zatrudnienia-case-study\/\",\"url\":\"https:\/\/ewl.com.pl\/ewl\/case-study\/optymalizacja-kosztow-pracy-struktury-zatrudnienia-case-study\/\",\"name\":\"Jak zoptymalizowa\u0107 koszty pracy i struktur\u0119 zatrudnienia w FMCG\",\"isPartOf\":{\"@id\":\"https:\/\/ewl.com.pl\/ewl\/#website\"},\"datePublished\":\"2021-10-26T13:31:04+00:00\",\"dateModified\":\"2023-04-06T06:25:36+00:00\",\"description\":\"Case Study jednej z realizacji EWL dla firmy produkcyjnej z bran\u017cy FMCG. Sprawd\u017a jak us\u0142ugi i rozwi\u0105zania EWL pomagaj\u0105 usprawni\u0107 biznes!\",\"breadcrumb\":{\"@id\":\"https:\/\/ewl.com.pl\/ewl\/case-study\/optymalizacja-kosztow-pracy-struktury-zatrudnienia-case-study\/#breadcrumb\"},\"inLanguage\":\"pl-PL\",\"potentialAction\":[{\"@type\":\"ReadAction\",\"target\":[\"https:\/\/ewl.com.pl\/ewl\/case-study\/optymalizacja-kosztow-pracy-struktury-zatrudnienia-case-study\/\"]}]},{\"@type\":\"BreadcrumbList\",\"@id\":\"https:\/\/ewl.com.pl\/ewl\/case-study\/optymalizacja-kosztow-pracy-struktury-zatrudnienia-case-study\/#breadcrumb\",\"itemListElement\":[{\"@type\":\"ListItem\",\"position\":1,\"name\":\"Home\",\"item\":\"https:\/\/ewl.com.pl\/ewl\/\"},{\"@type\":\"ListItem\",\"position\":2,\"name\":\"Case study\",\"item\":\"https:\/\/ewl.com.pl\/ewl\/case-study\/\"},{\"@type\":\"ListItem\",\"position\":3,\"name\":\"Optymalizacja koszt\u00f3w pracy i struktury zatrudnienia\"}]},{\"@type\":\"WebSite\",\"@id\":\"https:\/\/ewl.com.pl\/ewl\/#website\",\"url\":\"https:\/\/ewl.com.pl\/ewl\/\",\"name\":\"EWL Group\",\"description\":\"\",\"publisher\":{\"@id\":\"https:\/\/ewl.com.pl\/ewl\/#organization\"},\"potentialAction\":[{\"@type\":\"SearchAction\",\"target\":{\"@type\":\"EntryPoint\",\"urlTemplate\":\"https:\/\/ewl.com.pl\/ewl\/?s={search_term_string}\"},\"query-input\":{\"@type\":\"PropertyValueSpecification\",\"valueRequired\":true,\"valueName\":\"search_term_string\"}}],\"inLanguage\":\"pl-PL\"},{\"@type\":\"Organization\",\"@id\":\"https:\/\/ewl.com.pl\/ewl\/#organization\",\"name\":\"EWL Group\",\"url\":\"https:\/\/ewl.com.pl\/ewl\/\",\"logo\":{\"@type\":\"ImageObject\",\"inLanguage\":\"pl-PL\",\"@id\":\"https:\/\/ewl.com.pl\/ewl\/#\/schema\/logo\/image\/\",\"url\":\"https:\/\/ewl.com.pl\/wp-content\/uploads\/2020\/06\/logo-white@2x.png\",\"contentUrl\":\"https:\/\/ewl.com.pl\/wp-content\/uploads\/2020\/06\/logo-white@2x.png\",\"width\":312,\"height\":130,\"caption\":\"EWL Group\"},\"image\":{\"@id\":\"https:\/\/ewl.com.pl\/ewl\/#\/schema\/logo\/image\/\"}}]}<\/script>\n<!-- \/ Yoast SEO plugin. -->","yoast_head_json":{"title":"Jak zoptymalizowa\u0107 koszty pracy i struktur\u0119 zatrudnienia w FMCG","description":"Case Study jednej z realizacji EWL dla firmy produkcyjnej z bran\u017cy FMCG. Sprawd\u017a jak us\u0142ugi i rozwi\u0105zania EWL pomagaj\u0105 usprawni\u0107 biznes!","robots":{"index":"index","follow":"follow","max-snippet":"max-snippet:-1","max-image-preview":"max-image-preview:large","max-video-preview":"max-video-preview:-1"},"canonical":"https:\/\/ewl.com.pl\/ewl\/case-study\/optymalizacja-kosztow-pracy-struktury-zatrudnienia-case-study\/","og_locale":"pl_PL","og_type":"article","og_title":"Jak zoptymalizowa\u0107 koszty pracy i struktur\u0119 zatrudnienia w FMCG","og_description":"Case Study jednej z realizacji EWL dla firmy produkcyjnej z bran\u017cy FMCG. Sprawd\u017a jak us\u0142ugi i rozwi\u0105zania EWL pomagaj\u0105 usprawni\u0107 biznes!","og_url":"https:\/\/ewl.com.pl\/ewl\/case-study\/optymalizacja-kosztow-pracy-struktury-zatrudnienia-case-study\/","og_site_name":"EWL Group","article_modified_time":"2023-04-06T06:25:36+00:00","twitter_card":"summary_large_image","schema":{"@context":"https:\/\/schema.org","@graph":[{"@type":"WebPage","@id":"https:\/\/ewl.com.pl\/ewl\/case-study\/optymalizacja-kosztow-pracy-struktury-zatrudnienia-case-study\/","url":"https:\/\/ewl.com.pl\/ewl\/case-study\/optymalizacja-kosztow-pracy-struktury-zatrudnienia-case-study\/","name":"Jak zoptymalizowa\u0107 koszty pracy i struktur\u0119 zatrudnienia w FMCG","isPartOf":{"@id":"https:\/\/ewl.com.pl\/ewl\/#website"},"datePublished":"2021-10-26T13:31:04+00:00","dateModified":"2023-04-06T06:25:36+00:00","description":"Case Study jednej z realizacji EWL dla firmy produkcyjnej z bran\u017cy FMCG. Sprawd\u017a jak us\u0142ugi i rozwi\u0105zania EWL pomagaj\u0105 usprawni\u0107 biznes!","breadcrumb":{"@id":"https:\/\/ewl.com.pl\/ewl\/case-study\/optymalizacja-kosztow-pracy-struktury-zatrudnienia-case-study\/#breadcrumb"},"inLanguage":"pl-PL","potentialAction":[{"@type":"ReadAction","target":["https:\/\/ewl.com.pl\/ewl\/case-study\/optymalizacja-kosztow-pracy-struktury-zatrudnienia-case-study\/"]}]},{"@type":"BreadcrumbList","@id":"https:\/\/ewl.com.pl\/ewl\/case-study\/optymalizacja-kosztow-pracy-struktury-zatrudnienia-case-study\/#breadcrumb","itemListElement":[{"@type":"ListItem","position":1,"name":"Home","item":"https:\/\/ewl.com.pl\/ewl\/"},{"@type":"ListItem","position":2,"name":"Case study","item":"https:\/\/ewl.com.pl\/ewl\/case-study\/"},{"@type":"ListItem","position":3,"name":"Optymalizacja koszt\u00f3w pracy i struktury zatrudnienia"}]},{"@type":"WebSite","@id":"https:\/\/ewl.com.pl\/ewl\/#website","url":"https:\/\/ewl.com.pl\/ewl\/","name":"EWL Group","description":"","publisher":{"@id":"https:\/\/ewl.com.pl\/ewl\/#organization"},"potentialAction":[{"@type":"SearchAction","target":{"@type":"EntryPoint","urlTemplate":"https:\/\/ewl.com.pl\/ewl\/?s={search_term_string}"},"query-input":{"@type":"PropertyValueSpecification","valueRequired":true,"valueName":"search_term_string"}}],"inLanguage":"pl-PL"},{"@type":"Organization","@id":"https:\/\/ewl.com.pl\/ewl\/#organization","name":"EWL Group","url":"https:\/\/ewl.com.pl\/ewl\/","logo":{"@type":"ImageObject","inLanguage":"pl-PL","@id":"https:\/\/ewl.com.pl\/ewl\/#\/schema\/logo\/image\/","url":"https:\/\/ewl.com.pl\/wp-content\/uploads\/2020\/06\/logo-white@2x.png","contentUrl":"https:\/\/ewl.com.pl\/wp-content\/uploads\/2020\/06\/logo-white@2x.png","width":312,"height":130,"caption":"EWL Group"},"image":{"@id":"https:\/\/ewl.com.pl\/ewl\/#\/schema\/logo\/image\/"}}]}},"_links":{"self":[{"href":"https:\/\/ewl.com.pl\/ewl\/wp-json\/wp\/v2\/pages\/51050","targetHints":{"allow":["GET"]}}],"collection":[{"href":"https:\/\/ewl.com.pl\/ewl\/wp-json\/wp\/v2\/pages"}],"about":[{"href":"https:\/\/ewl.com.pl\/ewl\/wp-json\/wp\/v2\/types\/page"}],"author":[{"embeddable":true,"href":"https:\/\/ewl.com.pl\/ewl\/wp-json\/wp\/v2\/users\/42"}],"replies":[{"embeddable":true,"href":"https:\/\/ewl.com.pl\/ewl\/wp-json\/wp\/v2\/comments?post=51050"}],"version-history":[{"count":76,"href":"https:\/\/ewl.com.pl\/ewl\/wp-json\/wp\/v2\/pages\/51050\/revisions"}],"predecessor-version":[{"id":70379,"href":"https:\/\/ewl.com.pl\/ewl\/wp-json\/wp\/v2\/pages\/51050\/revisions\/70379"}],"up":[{"embeddable":true,"href":"https:\/\/ewl.com.pl\/ewl\/wp-json\/wp\/v2\/pages\/50185"}],"wp:attachment":[{"href":"https:\/\/ewl.com.pl\/ewl\/wp-json\/wp\/v2\/media?parent=51050"}],"curies":[{"name":"wp","href":"https:\/\/api.w.org\/{rel}","templated":true}]}}