{"id":51023,"date":"2021-10-21T07:24:40","date_gmt":"2021-10-21T05:24:40","guid":{"rendered":"https:\/\/ewl.com.pl\/?page_id=51023"},"modified":"2023-06-30T10:44:55","modified_gmt":"2023-06-30T08:44:55","slug":"agencja-pracy-warszawa","status":"publish","type":"page","link":"https:\/\/ewl.com.pl\/ewl\/agencja-pracy-warszawa\/","title":{"rendered":"Agencja pracy EWL w Warszawie"},"content":{"rendered":"\n<p><strong><strong>Agencja pracy EWL <\/strong><\/strong>dzia\u0142a na terenie ca\u0142ej Polski. G\u0142\u00f3wna siedziba naszej agencji znajduje si\u0119 w Warszawie. To tutaj prowadzimy rekrutacje i \u015bwiadczymy us\u0142ugi po\u015brednictwa pracy dla Warszawy oraz ca\u0142ego wojew\u00f3dztwa mazowieckiego. EWL to do\u015bwiadczona agencja pracy tymczasowej, kt\u00f3ra dopasuje ofert\u0119 idealnie do potrzeb Pa\u0144stwa przedsi\u0119biorstwa, jego wielko\u015bci oraz bran\u017cy.<\/p>\n\n\n<div class=\"wp-block-image\">\n<figure class=\"aligncenter size-large\"><img loading=\"lazy\" decoding=\"async\" width=\"1021\" height=\"248\" src=\"https:\/\/ewl.com.pl\/wp-content\/uploads\/2021\/10\/agencja-pracy-warszawa-tymczasowa-ewl.jpg\" alt=\"\" class=\"wp-image-51024\" srcset=\"https:\/\/ewl.com.pl\/ewl\/wp-content\/uploads\/2021\/10\/agencja-pracy-warszawa-tymczasowa-ewl.jpg 1021w, https:\/\/ewl.com.pl\/ewl\/wp-content\/uploads\/2021\/10\/agencja-pracy-warszawa-tymczasowa-ewl-300x73.jpg 300w, https:\/\/ewl.com.pl\/ewl\/wp-content\/uploads\/2021\/10\/agencja-pracy-warszawa-tymczasowa-ewl-768x187.jpg 768w\" sizes=\"auto, (max-width: 1021px) 100vw, 1021px\" \/><\/figure><\/div>\n\n\n<p>Rekruterzy zatrudniani przez EWL doskonale rozumiej\u0105 Pa\u0144stwa potrzeby, uwzgl\u0119dniaj\u0105c jednocze\u015bnie specyfik\u0119 lokalnego, sto\u0142ecznego rynku pracy. Stworzyli\u015bmy rozbudowan\u0105 sie\u0107 rekrutacyjn\u0105, dzi\u0119ki kt\u00f3rej w kr\u00f3tkim czasie mo\u017cemy <strong>znale\u017a\u0107, przeszkoli\u0107 i zatrudni\u0107 pracownik\u00f3w<\/strong> do&nbsp;Pa\u0144stwa firmy.<\/p>\n\n\n<h2 class=\"wp-block-heading\" id=\"agencja-pracy-dla-firm-w-warszawie\">Agencja pracy dla firm w Warszawie<\/h2>\n\n\n<p>Agencja EWL dba o dostarczanie klientom pracownik\u00f3w najwy\u017cszej jako\u015bci. Aby to zagwarantowa\u0107, <strong>poszukujemy wykwalifikowanych pracownik\u00f3w<\/strong> nie tylko na terenie Polski, lecz r\u00f3wnie\u017c poza jej granicami. EWL pozyskuje pracownik\u00f3w na terenie Ukrainy oraz innych kraj\u00f3w Europy Wschodniej, a&nbsp;nawet w Azji.<\/p>\n\n\n\n<p>Nasza agencja \u015bwiadczy dla Pa\u0144stwa szereg rozmaitych us\u0142ug. Zajmujemy si\u0119 m.in.:<\/p>\n\n\n\n<ul class=\"wp-block-list\">\n<li><a href=\"https:\/\/ewl.com.pl\/leasing-pracownikow\/\"><strong>Wynajmem pracownik\u00f3w, czyli leasingiem pracowniczym<\/strong><\/a><\/li>\n\n\n\n<li><a href=\"https:\/\/ewl.com.pl\/outsourcing-procesow-i-pracownikow\/\"><strong>Outsourcingiem proces\u00f3w i funkcji<\/strong><\/a><\/li>\n\n\n\n<li><a href=\"https:\/\/ewl.com.pl\/legalizacja-zatrudnienia-cudzoziemcow\/\"><strong>Legalizacj\u0105 pobytu i zatrudnienia cudzoziemc\u00f3w<\/strong><\/a><\/li>\n\n\n\n<li><a href=\"https:\/\/ewl.com.pl\/transgraniczne-delegowanie-pracownikow\/\"><strong>Transgranicznym delegowaniem cudzoziemc\u00f3w do pracy w krajach cz\u0142onkowskich UE<\/strong><\/a><\/li>\n<\/ul>\n\n\n\n<p><strong>Agencja pracy<\/strong> EWL z sukcesem przeprowadzi\u0142a wiele projekt\u00f3w rekrutacyjnych na terenie Warszawy i ca\u0142ego Mazowsza. EWL to szereg rozmaitych specjalizacji, m.in.:<\/p>\n\n\n\n<ul class=\"wp-block-list\">\n<li><a href=\"https:\/\/ewl.com.pl\/pracownicy-z-ukrainy-i-europy-wschodniej\/\"><strong>Rekrutacja pracownik\u00f3w z Ukrainy<\/strong><\/a><\/li>\n\n\n\n<li><a href=\"https:\/\/ewl.com.pl\/pracownicy-produkcji\/\"><strong>Zatrudnianie pracownik\u00f3w do firm produkcyjnych<\/strong><\/a><\/li>\n\n\n\n<li><a href=\"https:\/\/ewl.com.pl\/pracownicy-tymczasowi\/\"><strong>Pozyskiwanie pracownik\u00f3w tymczasowych i sezonowych<\/strong><\/a><\/li>\n<\/ul>\n\n\n\n<hr class=\"wp-block-separator has-css-opacity\"\/>\n\n\n\n<p><\/p>\n\n\n\n\n\n<p><\/p>\n\n\n\n<hr class=\"wp-block-separator has-css-opacity\"\/>\n\n\n<h2 class=\"wp-block-heading\" id=\"agencja-pracy-tymczasowej-warszawa-i-mazowieckie\">Agencja pracy tymczasowej \u2013 Warszawa i mazowieckie<\/h2>\n\n<div class=\"wp-block-image\">\n<figure class=\"alignright size-large is-resized\"><img loading=\"lazy\" decoding=\"async\" src=\"https:\/\/ewl.com.pl\/wp-content\/uploads\/2021\/02\/pracownicy-na-wynajem-dla-firm-agencja-ewl-1024x703.jpg\" alt=\"Leasing i wynajem pracownik\u00f3w na potrzeby firmy\" class=\"wp-image-45747\" width=\"256\" height=\"176\" srcset=\"https:\/\/ewl.com.pl\/ewl\/wp-content\/uploads\/2021\/02\/pracownicy-na-wynajem-dla-firm-agencja-ewl-1024x703.jpg 1024w, https:\/\/ewl.com.pl\/ewl\/wp-content\/uploads\/2021\/02\/pracownicy-na-wynajem-dla-firm-agencja-ewl-300x206.jpg 300w, https:\/\/ewl.com.pl\/ewl\/wp-content\/uploads\/2021\/02\/pracownicy-na-wynajem-dla-firm-agencja-ewl-768x527.jpg 768w, https:\/\/ewl.com.pl\/ewl\/wp-content\/uploads\/2021\/02\/pracownicy-na-wynajem-dla-firm-agencja-ewl.jpg 1200w\" sizes=\"auto, (max-width: 256px) 100vw, 256px\" \/><\/figure><\/div>\n\n\n<p>Warszawskie biuro agencji EWL mie\u015bci si\u0119 <strong>w biurowcu West Station II przy Alejach Jerozolimskich 142B<\/strong>. Aleje Jerozolimskie s\u0105 jedn\u0105 z g\u0142\u00f3wnych ulic Warszawy, biegn\u0105c\u0105 od Mostu Poniatowskiego a\u017c&nbsp;do po\u0142udniowo-zachodnich granic miasta. Biuro EWL od dworca PKP Warszawa Zachodnia dzieli nieca\u0142e 100 metr\u00f3w, wi\u0119c tras\u0119 t\u0119 mo\u017cna pokona\u0107 pieszo w oko\u0142o minut\u0119.<\/p>\n\n\n\n<p>Stosunkowo niedaleko warszawskiego biura EWL znajduje si\u0119 tak\u017ce lotnisko Ok\u0119cie. Podr\u00f3\u017cuj\u0105c samochodem, najszybsza trasa powinna nam zaj\u0105\u0107 oko\u0142o 20 minut. Z lotniska do biura EWL mo\u017cna si\u0119 dosta\u0107 r\u00f3wnie\u017c komunikacj\u0105 miejsk\u0105 \u2013 na tej trasie podr\u00f3\u017cuj\u0105 m.in. tramwaje linii R2, R7 i R8.<\/p>\n\n\n\n<p>Lokalizacja biura w centrum miasta oraz dobre skomunikowanie sprawia, \u017ce dojazd do siedziby EWL jest dogodny nawet dla niezmotoryzowanych mieszka\u0144c\u00f3w Warszawy i Mazowsza.<\/p>\n\n\n<h2 class=\"wp-block-heading\" id=\"jakie-firmy-funkcjonuja-w-warszawie-i-regionie\">Jakie firmy funkcjonuj\u0105 w Warszawie i regionie?<\/h2>\n\n\n<p>Wiele \u015bwiatowych firm wybiera Warszaw\u0119 na swoj\u0105 siedzib\u0119, z uwagi na jej sto\u0142eczny charakter i&nbsp;dobre skomunikowanie z innymi europejskimi i \u015bwiatowymi stolicami. W mie\u015bcie skupia si\u0119 wiele <strong>przedsi\u0119biorstw z sektora nowoczesnych us\u0142ug biznesowych<\/strong>. Dzia\u0142aj\u0105 tu te\u017c centra badawczo-rozwojowe potentat\u00f3w z bran\u017cy technologicznej. Du\u017ca liczba firm dzia\u0142aj\u0105cych w obszarze nowoczesnych technologii oraz <strong>bran\u017cy IT<\/strong> rodzi zapotrzebowanie na pracownik\u00f3w specjalistycznych.<\/p>\n\n\n\n<p>Ponadto w Warszawie i regionie znajduje si\u0119 r\u00f3wnie\u017c wiele <strong>firm produkcyjnych<\/strong>. Jednym z&nbsp;najwi\u0119kszych zak\u0142ad\u00f3w produkcyjnych w stolicy jest fabryka nale\u017c\u0105ca do sp\u00f3\u0142ki Procter &amp; Gable. W&nbsp;Warszawie znajduj\u0105 si\u0119 te\u017c fabryki firm farmaceutycznych oraz przedsi\u0119biorstw bran\u017cy spo\u017cywczej. Du\u017ce zak\u0142ady produkcyjne na Mazowszu znajduj\u0105 si\u0119 r\u00f3wnie\u017c m.in. w P\u0142ocku i Radomiu. Rozwijaj\u0105ce si\u0119 przedsi\u0119biorstwa produkcyjne sprawiaj\u0105, \u017ce ro\u015bnie zapotrzebowanie na pracownik\u00f3w, zar\u00f3wno sta\u0142ych, jak i tymczasowych.<\/p>\n\n\n<h2 class=\"wp-block-heading\" id=\"jacy-pracownicy-tymczasowi-sa-potrzebni-w-warszawie-i-wojewodztwie-mazowieckim\">Jacy pracownicy tymczasowi s\u0105 potrzebni w Warszawie i wojew\u00f3dztwie mazowieckim?<\/h2>\n\n\n<p>Ze wzgl\u0119du na du\u017c\u0105 liczb\u0119 fabryk w Warszawie oraz na Mazowszu, <strong>zapotrzebowanie na <\/strong><a href=\"https:\/\/ewl.com.pl\/pracownicy-produkcji\/\"><strong>pracownik\u00f3w produkcyjnych<\/strong><\/a><strong> wci\u0105\u017c wzrasta<\/strong>. Problem ten dotyczy zar\u00f3wno pracownik\u00f3w sta\u0142ych, jak&nbsp;i tymczasowych, kt\u00f3rzy stanowiliby wsparcie np. w okresie przed\u015bwi\u0105tecznym. Nale\u017cy pami\u0119ta\u0107, \u017ce wykwalifikowany pracownik produkcyjny ma kluczowe znaczenie dla rozwoju ca\u0142ego przedsi\u0119biorstwa. Praca na produkcji nierzadko wymaga obsadzenia wielu stanowisk w tym samym czasie. Agencja pracy EWL ch\u0119tnie wspomo\u017ce Pa\u0144stwa w tym procesie.<\/p>\n\n\n\n<p>Jak ju\u017c wspominali\u015bmy, w Warszawie oraz wojew\u00f3dztwie mazowieckim funkcjonuje r\u00f3wnie\u017c wiele firm z sektora nowych technologii oraz szeroko poj\u0119tego sektora informatycznego. W zwi\u0105zku z tym skorzystanie z us\u0142ug agencji pracy tymczasowej mo\u017ce okaza\u0107 si\u0119 korzystne w celu pozyskania <strong>wykwalifikowanych <a href=\"https:\/\/ewl.com.pl\/rekrutacje-specjalistyczne-pracownicy-it\/\">specjalist\u00f3w IT<\/a>. <\/strong>Polska jest jednym z najwi\u0119kszych rynk\u00f3w sektora IT w Europie \u015arodkowo-Wschodniej i zapotrzebowanie na programist\u00f3w w naszym kraju wci\u0105\u017c ro\u015bnie.<\/p>\n\n\n<h2 class=\"wp-block-heading\" id=\"jakich-pracownikow-pozyskuje-firma-ewl\">Jakich pracownik\u00f3w pozyskuje firma EWL?<\/h2>\n\n\n<p><strong>Agencja pracy tymczasowej<\/strong> EWL od lat wsp\u00f3\u0142pracuje z firmami dzia\u0142aj\u0105cymi w r\u00f3\u017cnych sektorach biznesu. Posiadamy tak\u017ce rozbudowan\u0105 sie\u0107 partner\u00f3w, kt\u00f3ra pozwala nam na pozyskiwanie specjalist\u00f3w z r\u00f3\u017cnych bran\u017c. EWL mo\u017ce dla Pa\u0144stwa zrekrutowa\u0107 pracownik\u00f3w m.in. logistyki, automotive, a tak\u017ce bran\u017cy spo\u017cywczej.<\/p>\n\n\n\n<p>EWL posiada lata do\u015bwiadczenia w HR. Dzi\u0119ki temu jeste\u015bmy w stanie zrekrutowa\u0107 i wyszkoli\u0107 wykwalifikowanych pracownik\u00f3w w ci\u0105gu kilku dni. To sprawia, \u017ce pracownicy s\u0105 w stanie szybko zasili\u0107 szeregi Pa\u0144stwa firmy. Agencja pracy EWL pomaga pozyska\u0107 nie tylko pracownik\u00f3w produkcji, lecz tak\u017ce&nbsp;<strong><a href=\"https:\/\/ewl.com.pl\/rekrutacja-pracownikow-technicznych-i-wykwalifikowanych\/\">wykwalifikowany personel techniczny<\/a><\/strong>.<\/p>\n\n\n\n<p><strong>Znalezienie dobrego pracownika<\/strong> stanowi wyzwanie. Agencja pracy EWL zosta\u0142a stworzona po to, aby&nbsp;wesprze\u0107 Pa\u0144stwa w tym trudnym procesie i pom\u00f3c w znalezieniu wykwalifikowanych pracownik\u00f3w, kt\u00f3rzy wspomog\u0105 Pa\u0144stwa przedsi\u0119biorstwo, przyczyniaj\u0105c si\u0119 do jego rozwoju.<\/p>\n","protected":false},"excerpt":{"rendered":"<p>Agencja pracy EWL dzia\u0142a na terenie ca\u0142ej Polski. G\u0142\u00f3wna siedziba naszej agencji znajduje si\u0119 w Warszawie. To tutaj prowadzimy rekrutacje i \u015bwiadczymy us\u0142ugi po\u015brednictwa pracy dla Warszawy oraz ca\u0142ego wojew\u00f3dztwa mazowieckiego. EWL to do\u015bwiadczona agencja pracy tymczasowej, kt\u00f3ra dopasuje ofert\u0119 idealnie do potrzeb Pa\u0144stwa przedsi\u0119biorstwa, jego wielko\u015bci oraz bran\u017cy. Rekruterzy zatrudniani przez EWL doskonale rozumiej\u0105 [&hellip;]<\/p>\n","protected":false},"author":42,"featured_media":0,"parent":0,"menu_order":0,"comment_status":"closed","ping_status":"closed","template":"","meta":{"_acf_changed":false,"footnotes":""},"class_list":["post-51023","page","type-page","status-publish","hentry"],"acf":[],"yoast_head":"<!-- This site is optimized with the Yoast SEO plugin v24.9 - https:\/\/yoast.com\/wordpress\/plugins\/seo\/ -->\n<title>Agencja pracy - Warszawa i okolice, wojew\u00f3dztwo mazowieckie<\/title>\n<meta name=\"description\" content=\"Sprawd\u017a us\u0142ugi agencji pracy EWL dla przedsi\u0119biorc\u00f3w z Warszawy, najbli\u017cszych okolic oraz ca\u0142ego wojew\u00f3dztwa mazowieckiego!\" \/>\n<meta name=\"robots\" content=\"index, follow, max-snippet:-1, max-image-preview:large, max-video-preview:-1\" \/>\n<link rel=\"canonical\" href=\"https:\/\/ewl.com.pl\/\" \/>\n<meta property=\"og:locale\" content=\"pl_PL\" \/>\n<meta property=\"og:type\" content=\"article\" \/>\n<meta property=\"og:title\" content=\"Agencja pracy - Warszawa i okolice, wojew\u00f3dztwo mazowieckie\" \/>\n<meta property=\"og:description\" content=\"Sprawd\u017a us\u0142ugi agencji pracy EWL dla przedsi\u0119biorc\u00f3w z Warszawy, najbli\u017cszych okolic oraz ca\u0142ego wojew\u00f3dztwa mazowieckiego!\" \/>\n<meta property=\"og:url\" content=\"https:\/\/ewl.com.pl\/\" \/>\n<meta property=\"og:site_name\" content=\"EWL Group\" \/>\n<meta property=\"article:modified_time\" content=\"2023-06-30T08:44:55+00:00\" \/>\n<meta property=\"og:image\" content=\"https:\/\/ewl.com.pl\/wp-content\/uploads\/2021\/10\/agencja-pracy-warszawa-tymczasowa-ewl.jpg\" \/>\n<meta name=\"twitter:card\" content=\"summary_large_image\" \/>\n<meta name=\"twitter:label1\" content=\"Est. reading time\" \/>\n\t<meta name=\"twitter:data1\" content=\"4 minuty\" \/>\n<script type=\"application\/ld+json\" class=\"yoast-schema-graph\">{\"@context\":\"https:\/\/schema.org\",\"@graph\":[{\"@type\":\"WebPage\",\"@id\":\"https:\/\/ewl.com.pl\/ewl\/agencja-pracy-warszawa\/\",\"url\":\"https:\/\/ewl.com.pl\/\",\"name\":\"Agencja pracy - Warszawa i okolice, wojew\u00f3dztwo mazowieckie\",\"isPartOf\":{\"@id\":\"https:\/\/ewl.com.pl\/ewl\/#website\"},\"primaryImageOfPage\":{\"@id\":\"https:\/\/ewl.com.pl\/#primaryimage\"},\"image\":{\"@id\":\"https:\/\/ewl.com.pl\/#primaryimage\"},\"thumbnailUrl\":\"https:\/\/ewl.com.pl\/wp-content\/uploads\/2021\/10\/agencja-pracy-warszawa-tymczasowa-ewl.jpg\",\"datePublished\":\"2021-10-21T05:24:40+00:00\",\"dateModified\":\"2023-06-30T08:44:55+00:00\",\"description\":\"Sprawd\u017a us\u0142ugi agencji pracy EWL dla przedsi\u0119biorc\u00f3w z Warszawy, najbli\u017cszych okolic oraz ca\u0142ego wojew\u00f3dztwa mazowieckiego!\",\"breadcrumb\":{\"@id\":\"https:\/\/ewl.com.pl\/#breadcrumb\"},\"inLanguage\":\"pl-PL\",\"potentialAction\":[{\"@type\":\"ReadAction\",\"target\":[\"https:\/\/ewl.com.pl\/\"]}]},{\"@type\":\"ImageObject\",\"inLanguage\":\"pl-PL\",\"@id\":\"https:\/\/ewl.com.pl\/#primaryimage\",\"url\":\"https:\/\/ewl.com.pl\/wp-content\/uploads\/2021\/10\/agencja-pracy-warszawa-tymczasowa-ewl.jpg\",\"contentUrl\":\"https:\/\/ewl.com.pl\/wp-content\/uploads\/2021\/10\/agencja-pracy-warszawa-tymczasowa-ewl.jpg\"},{\"@type\":\"BreadcrumbList\",\"@id\":\"https:\/\/ewl.com.pl\/#breadcrumb\",\"itemListElement\":[{\"@type\":\"ListItem\",\"position\":1,\"name\":\"Home\",\"item\":\"https:\/\/ewl.com.pl\/ewl\/\"},{\"@type\":\"ListItem\",\"position\":2,\"name\":\"Agencja pracy EWL w Warszawie\"}]},{\"@type\":\"WebSite\",\"@id\":\"https:\/\/ewl.com.pl\/ewl\/#website\",\"url\":\"https:\/\/ewl.com.pl\/ewl\/\",\"name\":\"EWL Group\",\"description\":\"\",\"publisher\":{\"@id\":\"https:\/\/ewl.com.pl\/ewl\/#organization\"},\"potentialAction\":[{\"@type\":\"SearchAction\",\"target\":{\"@type\":\"EntryPoint\",\"urlTemplate\":\"https:\/\/ewl.com.pl\/ewl\/?s={search_term_string}\"},\"query-input\":{\"@type\":\"PropertyValueSpecification\",\"valueRequired\":true,\"valueName\":\"search_term_string\"}}],\"inLanguage\":\"pl-PL\"},{\"@type\":\"Organization\",\"@id\":\"https:\/\/ewl.com.pl\/ewl\/#organization\",\"name\":\"EWL Group\",\"url\":\"https:\/\/ewl.com.pl\/ewl\/\",\"logo\":{\"@type\":\"ImageObject\",\"inLanguage\":\"pl-PL\",\"@id\":\"https:\/\/ewl.com.pl\/ewl\/#\/schema\/logo\/image\/\",\"url\":\"https:\/\/ewl.com.pl\/wp-content\/uploads\/2020\/06\/logo-white@2x.png\",\"contentUrl\":\"https:\/\/ewl.com.pl\/wp-content\/uploads\/2020\/06\/logo-white@2x.png\",\"width\":312,\"height\":130,\"caption\":\"EWL Group\"},\"image\":{\"@id\":\"https:\/\/ewl.com.pl\/ewl\/#\/schema\/logo\/image\/\"}}]}<\/script>\n<!-- \/ Yoast SEO plugin. -->","yoast_head_json":{"title":"Agencja pracy - Warszawa i okolice, wojew\u00f3dztwo mazowieckie","description":"Sprawd\u017a us\u0142ugi agencji pracy EWL dla przedsi\u0119biorc\u00f3w z Warszawy, najbli\u017cszych okolic oraz ca\u0142ego wojew\u00f3dztwa mazowieckiego!","robots":{"index":"index","follow":"follow","max-snippet":"max-snippet:-1","max-image-preview":"max-image-preview:large","max-video-preview":"max-video-preview:-1"},"canonical":"https:\/\/ewl.com.pl\/","og_locale":"pl_PL","og_type":"article","og_title":"Agencja pracy - Warszawa i okolice, wojew\u00f3dztwo mazowieckie","og_description":"Sprawd\u017a us\u0142ugi agencji pracy EWL dla przedsi\u0119biorc\u00f3w z Warszawy, najbli\u017cszych okolic oraz ca\u0142ego wojew\u00f3dztwa mazowieckiego!","og_url":"https:\/\/ewl.com.pl\/","og_site_name":"EWL Group","article_modified_time":"2023-06-30T08:44:55+00:00","og_image":[{"url":"https:\/\/ewl.com.pl\/wp-content\/uploads\/2021\/10\/agencja-pracy-warszawa-tymczasowa-ewl.jpg","type":"","width":"","height":""}],"twitter_card":"summary_large_image","twitter_misc":{"Est. reading time":"4 minuty"},"schema":{"@context":"https:\/\/schema.org","@graph":[{"@type":"WebPage","@id":"https:\/\/ewl.com.pl\/ewl\/agencja-pracy-warszawa\/","url":"https:\/\/ewl.com.pl\/","name":"Agencja pracy - Warszawa i okolice, wojew\u00f3dztwo mazowieckie","isPartOf":{"@id":"https:\/\/ewl.com.pl\/ewl\/#website"},"primaryImageOfPage":{"@id":"https:\/\/ewl.com.pl\/#primaryimage"},"image":{"@id":"https:\/\/ewl.com.pl\/#primaryimage"},"thumbnailUrl":"https:\/\/ewl.com.pl\/wp-content\/uploads\/2021\/10\/agencja-pracy-warszawa-tymczasowa-ewl.jpg","datePublished":"2021-10-21T05:24:40+00:00","dateModified":"2023-06-30T08:44:55+00:00","description":"Sprawd\u017a us\u0142ugi agencji pracy EWL dla przedsi\u0119biorc\u00f3w z Warszawy, najbli\u017cszych okolic oraz ca\u0142ego wojew\u00f3dztwa mazowieckiego!","breadcrumb":{"@id":"https:\/\/ewl.com.pl\/#breadcrumb"},"inLanguage":"pl-PL","potentialAction":[{"@type":"ReadAction","target":["https:\/\/ewl.com.pl\/"]}]},{"@type":"ImageObject","inLanguage":"pl-PL","@id":"https:\/\/ewl.com.pl\/#primaryimage","url":"https:\/\/ewl.com.pl\/wp-content\/uploads\/2021\/10\/agencja-pracy-warszawa-tymczasowa-ewl.jpg","contentUrl":"https:\/\/ewl.com.pl\/wp-content\/uploads\/2021\/10\/agencja-pracy-warszawa-tymczasowa-ewl.jpg"},{"@type":"BreadcrumbList","@id":"https:\/\/ewl.com.pl\/#breadcrumb","itemListElement":[{"@type":"ListItem","position":1,"name":"Home","item":"https:\/\/ewl.com.pl\/ewl\/"},{"@type":"ListItem","position":2,"name":"Agencja pracy EWL w Warszawie"}]},{"@type":"WebSite","@id":"https:\/\/ewl.com.pl\/ewl\/#website","url":"https:\/\/ewl.com.pl\/ewl\/","name":"EWL Group","description":"","publisher":{"@id":"https:\/\/ewl.com.pl\/ewl\/#organization"},"potentialAction":[{"@type":"SearchAction","target":{"@type":"EntryPoint","urlTemplate":"https:\/\/ewl.com.pl\/ewl\/?s={search_term_string}"},"query-input":{"@type":"PropertyValueSpecification","valueRequired":true,"valueName":"search_term_string"}}],"inLanguage":"pl-PL"},{"@type":"Organization","@id":"https:\/\/ewl.com.pl\/ewl\/#organization","name":"EWL Group","url":"https:\/\/ewl.com.pl\/ewl\/","logo":{"@type":"ImageObject","inLanguage":"pl-PL","@id":"https:\/\/ewl.com.pl\/ewl\/#\/schema\/logo\/image\/","url":"https:\/\/ewl.com.pl\/wp-content\/uploads\/2020\/06\/logo-white@2x.png","contentUrl":"https:\/\/ewl.com.pl\/wp-content\/uploads\/2020\/06\/logo-white@2x.png","width":312,"height":130,"caption":"EWL Group"},"image":{"@id":"https:\/\/ewl.com.pl\/ewl\/#\/schema\/logo\/image\/"}}]}},"_links":{"self":[{"href":"https:\/\/ewl.com.pl\/ewl\/wp-json\/wp\/v2\/pages\/51023","targetHints":{"allow":["GET"]}}],"collection":[{"href":"https:\/\/ewl.com.pl\/ewl\/wp-json\/wp\/v2\/pages"}],"about":[{"href":"https:\/\/ewl.com.pl\/ewl\/wp-json\/wp\/v2\/types\/page"}],"author":[{"embeddable":true,"href":"https:\/\/ewl.com.pl\/ewl\/wp-json\/wp\/v2\/users\/42"}],"replies":[{"embeddable":true,"href":"https:\/\/ewl.com.pl\/ewl\/wp-json\/wp\/v2\/comments?post=51023"}],"version-history":[{"count":10,"href":"https:\/\/ewl.com.pl\/ewl\/wp-json\/wp\/v2\/pages\/51023\/revisions"}],"predecessor-version":[{"id":78658,"href":"https:\/\/ewl.com.pl\/ewl\/wp-json\/wp\/v2\/pages\/51023\/revisions\/78658"}],"wp:attachment":[{"href":"https:\/\/ewl.com.pl\/ewl\/wp-json\/wp\/v2\/media?parent=51023"}],"curies":[{"name":"wp","href":"https:\/\/api.w.org\/{rel}","templated":true}]}}