{"id":50897,"date":"2021-10-15T08:18:24","date_gmt":"2021-10-15T06:18:24","guid":{"rendered":"https:\/\/ewl.com.pl\/?page_id=50897"},"modified":"2023-04-06T08:41:59","modified_gmt":"2023-04-06T06:41:59","slug":"agencja-pracy-lodz","status":"publish","type":"page","link":"https:\/\/ewl.com.pl\/ewl\/agencja-pracy-lodz\/","title":{"rendered":"Agencja pracy EWL w \u0141odzi"},"content":{"rendered":"\n<p><strong>Agencja pracy EWL<\/strong> dzia\u0142a na terenie ca\u0142ego kraju. Prowadzimy rekrutacje i \u015bwiadczymy us\u0142ugi po\u015brednictwa pracy r\u00f3wnie\u017c na terenie \u0141odzi oraz ca\u0142ego wojew\u00f3dztwa \u0142\u00f3dzkiego. EWL jest do\u015bwiadczon\u0105 agencj\u0105 pracy tymczasowej, kt\u00f3ra proponuje Pa\u0144stwu ofert\u0119 dopasowan\u0105 idealnie do potrzeb Pa\u0144stwa firmy oraz specyfiki bran\u017cy i wielko\u015bci przedsi\u0119biorstwa.<\/p>\n\n\n<div class=\"wp-block-image\">\n<figure class=\"aligncenter size-large\"><img loading=\"lazy\" decoding=\"async\" width=\"1024\" height=\"273\" src=\"https:\/\/ewl.com.pl\/wp-content\/uploads\/2021\/10\/agencja-pracy-lodz-ewl-posrednictwo-pracy.jpg\" alt=\"Agencja pracy w \u0141odzi i wojew\u00f3dztwie \u0142\u00f3dzkim - EWL Group\" class=\"wp-image-50898\" srcset=\"https:\/\/ewl.com.pl\/ewl\/wp-content\/uploads\/2021\/10\/agencja-pracy-lodz-ewl-posrednictwo-pracy.jpg 1024w, https:\/\/ewl.com.pl\/ewl\/wp-content\/uploads\/2021\/10\/agencja-pracy-lodz-ewl-posrednictwo-pracy-300x80.jpg 300w, https:\/\/ewl.com.pl\/ewl\/wp-content\/uploads\/2021\/10\/agencja-pracy-lodz-ewl-posrednictwo-pracy-768x205.jpg 768w\" sizes=\"auto, (max-width: 1024px) 100vw, 1024px\" \/><\/figure><\/div>\n\n\n<p>Rekruterzy, kt\u00f3rych zatrudnia EWL rozumiej\u0105 Pa\u0144stwa potrzeby oraz uwzgl\u0119dniaj\u0105 specyfik\u0119 lokalnego, \u0142\u00f3dzkiego rynku pracy. Rozbudowana sie\u0107 rekrutacyjna pozwala nam na to, aby&nbsp;w kr\u00f3tkim czasie znale\u017a\u0107, <strong>przeszkoli\u0107 i zatrudni\u0107 pracownik\u00f3w do Pa\u0144stwa firmy<\/strong> \u2013 sta\u0142ych lub tymczasowych.<\/p>\n\n\n<h2 class=\"wp-block-heading\" id=\"agencja-pracy-dla-firm-znbsplodzi\">Agencja pracy dla firm z \u0141odzi<\/h2>\n\n\n<p>EWL poszukuje wykwalifikowanych specjalist\u00f3w nie tylko na terenie \u0141odzi, wojew\u00f3dztwa \u0142\u00f3dzkiego czy na terenie Polski. Pozyskujemy r\u00f3wnie\u017c pracownik\u00f3w na terenie Ukrainy oraz&nbsp;innych kraj\u00f3w Europy Wschodniej, a nawet Azji.<\/p>\n\n\n\n<p>Nasza <strong>agencja po\u015brednictwa pracy<\/strong> \u015bwiadczy szereg us\u0142ug. Nale\u017c\u0105 do nich m.in.:<\/p>\n\n\n\n<ul class=\"wp-block-list\">\n<li><a href=\"https:\/\/ewl.com.pl\/leasing-pracownikow\/\"><strong>Wynajem pracownik\u00f3w, czyli tzw. leasing pracowniczy<\/strong><\/a><\/li>\n\n\n\n<li><a href=\"https:\/\/ewl.com.pl\/outsourcing-procesow-i-pracownikow\/\"><strong>Outsourcing proces\u00f3w i funkcji<\/strong><\/a><\/li>\n\n\n\n<li><a href=\"https:\/\/ewl.com.pl\/legalizacja-zatrudnienia-cudzoziemcow\/\"><strong>Legalizacja pobytu i zatrudnienia cudzoziemc\u00f3w<\/strong><\/a><\/li>\n\n\n\n<li><a href=\"https:\/\/ewl.com.pl\/transgraniczne-delegowanie-pracownikow\/\"><strong>Transgraniczne delegowanie cudzoziemc\u00f3w do pracy w krajach cz\u0142onkowskich UE<\/strong><\/a><\/li>\n<\/ul>\n\n\n\n<p><strong>Agencja pracy EWL<\/strong> przeprowadzi\u0142a z sukcesami wiele projekt\u00f3w rekrutacyjnych, tak\u017ce na&nbsp;terenie \u0141odzi i wojew\u00f3dztwa \u0142\u00f3dzkiego. EWL to szereg r\u00f3\u017cnych specjalizacji. Oferujemy m.in.:<\/p>\n\n\n\n<ul class=\"wp-block-list\">\n<li><a href=\"https:\/\/ewl.com.pl\/pracownicy-z-ukrainy-i-europy-wschodniej\/\"><strong>Rekrutacj\u0119 pracownik\u00f3w z Ukrainy<\/strong><\/a><\/li>\n\n\n\n<li><a href=\"https:\/\/ewl.com.pl\/pracownicy-produkcji\/\"><strong>Zatrudnianie pracownik\u00f3w do firm produkcyjnych<\/strong><\/a><\/li>\n\n\n\n<li><a href=\"https:\/\/ewl.com.pl\/pracownicy-tymczasowi\/\"><strong>Pozyskiwanie pracownik\u00f3w tymczasowych i sezonowych<\/strong><\/a><\/li>\n<\/ul>\n\n\n\n<hr class=\"wp-block-separator has-css-opacity\"\/>\n\n\n\n<p><\/p>\n\n\n\n\n\n<p><\/p>\n\n\n\n<hr class=\"wp-block-separator has-css-opacity\"\/>\n\n\n<h2 class=\"wp-block-heading\" id=\"agencja-pracy-tymczasowej-lodz-i-lodzkie\">Agencja pracy tymczasowej \u2013 \u0141\u00f3d\u017a i \u0142\u00f3dzkie<\/h2>\n\n<div class=\"wp-block-image\">\n<figure class=\"alignright size-large is-resized\"><img loading=\"lazy\" decoding=\"async\" src=\"https:\/\/ewl.com.pl\/wp-content\/uploads\/2021\/02\/pracownicy-na-wynajem-dla-firm-agencja-ewl-1024x703.jpg\" alt=\"Leasing i wynajem pracownik\u00f3w na potrzeby firmy\" class=\"wp-image-45747\" width=\"256\" height=\"176\" srcset=\"https:\/\/ewl.com.pl\/ewl\/wp-content\/uploads\/2021\/02\/pracownicy-na-wynajem-dla-firm-agencja-ewl-1024x703.jpg 1024w, https:\/\/ewl.com.pl\/ewl\/wp-content\/uploads\/2021\/02\/pracownicy-na-wynajem-dla-firm-agencja-ewl-300x206.jpg 300w, https:\/\/ewl.com.pl\/ewl\/wp-content\/uploads\/2021\/02\/pracownicy-na-wynajem-dla-firm-agencja-ewl-768x527.jpg 768w, https:\/\/ewl.com.pl\/ewl\/wp-content\/uploads\/2021\/02\/pracownicy-na-wynajem-dla-firm-agencja-ewl.jpg 1200w\" sizes=\"auto, (max-width: 256px) 100vw, 256px\" \/><\/figure><\/div>\n\n\n<p>\u0141\u00f3dzkie <strong>biuro agencji pracy EWL<\/strong> mie\u015bci si\u0119 przy ulicy <strong>\u017beligowskiego<\/strong>. Ulica ta znajduje si\u0119 w&nbsp;centrum miasta. W pobli\u017cu biura EWL funkcjonuje wiele znanych na mapie \u0141odzi punkt\u00f3w turystycznych \u2013 Manufaktura, Muzeum Miasta \u0141odzi, a tak\u017ce Centralne Muzeum W\u0142\u00f3kiennictwa.<\/p>\n\n\n\n<p>Dworzec \u0141\u00f3d\u017a Kaliska od <strong>biura pracy EWL <\/strong>dzieli dystans oko\u0142o 15 minut spacerem przez ul.&nbsp;Traugutta. T\u0119&nbsp;tras\u0119 mo\u017cna r\u00f3wnie\u017c pokona\u0107 tramwajem nr 5. Z Portu Lotniczego im.&nbsp;W\u0142adys\u0142awa Reymonta mo\u017cna dojecha\u0107 do biura EWL autobusem 65B lub samochodem \u2013 taka trasa powinna zaj\u0105\u0107 oko\u0142o p\u00f3\u0142 godziny.<\/p>\n\n\n\n<p>Lokalizacja biura w centrum oraz blisko\u015b\u0107 przystank\u00f3w komunikacji miejskiej sprawia, \u017ce&nbsp;dojazd do&nbsp;biura jest dogodny nawet dla niezmotoryzowanych mieszka\u0144c\u00f3w.<\/p>\n\n\n<h2 class=\"wp-block-heading\" id=\"jakie-firmy-funkcjonuja-w-lodzi-i-regionie\">Jakie firmy funkcjonuj\u0105 w \u0141odzi i regionie?<\/h2>\n\n\n<p>Atutem \u0141odzi jest jej po\u0142o\u017cenie w centralnej Polsce. Sprawia to, \u017ce miasto jest wa\u017cnym w\u0119z\u0142em transportowym, a inwestorzy ch\u0119tnie stawiaj\u0105 swoje fabryki i zak\u0142ady produkcyjne w\u0142a\u015bnie w tym regionie. Mimo \u017ce \u0141\u00f3d\u017a kojarzona jest przede wszystkim z przemys\u0142em w\u0142\u00f3kienniczym, to du\u017ce znaczenie maj\u0105 w mie\u015bcie r\u00f3wnie\u017c <strong>firmy z sektora nowych technologii<\/strong> i <strong>przedsi\u0119biorstwa produkcyjne<\/strong>.<\/p>\n\n\n\n<p>Wa\u017cnym filarem \u0142\u00f3dzkiej produkcji jest <strong>produkcja sprz\u0119t\u00f3w AGD<\/strong>. Firmy takie jak Merloni Indesit oraz&nbsp;Bosch\/Siemens nie tylko wybudowa\u0142y tu swoje fabryki, ale zach\u0119caj\u0105 te\u017c swoich poddostawc\u00f3w do przenoszenia fabryk w\u0142a\u015bnie do \u0141odzi. Takie dzia\u0142ania zwi\u0119kszaj\u0105 zapotrzebowanie na pracownik\u00f3w sta\u0142ych i tymczasowych w tym regionie.<\/p>\n\n\n\n<p>To nie wszystko. W \u0141odzi dzia\u0142a r\u00f3wnie\u017c fabryka ameryka\u0144skiego producenta komputer\u00f3w, a&nbsp;od&nbsp;2013 roku w mie\u015bcie funkcjonuje Centrum Bada\u0144 i Rozwoju. Jego zadaniem jest&nbsp;przygotowywanie oprogramowania do r\u00f3\u017cnego rodzaju sprz\u0119t\u00f3w i urz\u0105dze\u0144. Oznacza to, w \u0141odzi wzrasta r\u00f3wnie\u017c zapotrzebowanie na&nbsp;<a href=\"https:\/\/ewl.com.pl\/rekrutacje-specjalistyczne-pracownicy-it\/\"><strong>pracownik\u00f3w IT<\/strong><\/a>. &nbsp;<\/p>\n\n\n<h2 class=\"wp-block-heading\" id=\"jacy-pracownicy-tymczasowi-sa-potrzebni-w-lodzi-inbspwojewodztwie-lodzkim\">Jacy pracownicy tymczasowi s\u0105 potrzebni w \u0141odzi i wojew\u00f3dztwie \u0142\u00f3dzkim?<\/h2>\n\n\n<p>Du\u017ca liczba fabryk w \u0141odzi i regionie sprawia, \u017ce popyt na <a href=\"https:\/\/ewl.com.pl\/pracownicy-produkcji\/\"><strong>pracownik\u00f3w produkcyjnych<\/strong><\/a> ro\u015bnie. Dotyczy to zar\u00f3wno pracownik\u00f3w sta\u0142ych, jak i tymczasowych, kt\u00f3rzy stanowiliby pomoc w&nbsp;okresie zwi\u0119kszonego zapotrzebowania na wytwarzane produkty. Wykwalifikowany pracownik produkcji ma&nbsp;kluczowe znaczenie dla sukcesu przedsi\u0119biorstwa. Specyfika pracy na produkcji cz\u0119sto wymaga obsadzenia wielu stanowisk w tym samym czasie, w czym pomo\u017ce Pa\u0144stwu agencja pracy EWL.<\/p>\n\n\n\n<p>Jak ju\u017c wspominali\u015bmy, w \u0141odzi i wojew\u00f3dztwie \u0142\u00f3dzkim dzia\u0142a r\u00f3wnie\u017c wiele firm z sektora nowych technologii i przemys\u0142u informatycznego. W zwi\u0105zku z tym przydatne mo\u017ce okaza\u0107 si\u0119 skorzystanie z&nbsp;agencji pracy tymczasowej w celu <strong>pozyskania pracownik\u00f3w IT<\/strong>. W&nbsp;bran\u017cy IT wci\u0105\u017c brakuje wykwalifikowanych specjalist\u00f3w, a Polska jest jednym z&nbsp;najwi\u0119kszych rynk\u00f3w sektora IT w Europie \u015arodkowo-Wschodniej.<\/p>\n\n\n<h2 class=\"wp-block-heading\" id=\"jakich-pracownikow-pozyskuje-firma-ewl\">Jakich pracownik\u00f3w pozyskuje firma EWL?<\/h2>\n\n\n<p>Firma EWL od lat wsp\u00f3\u0142pracuje z firmami z r\u00f3\u017cnych sektor\u00f3w i ma rozbudowan\u0105 sie\u0107 partner\u00f3w, co&nbsp;pozwala na pozyskiwanie specjalist\u00f3w z r\u00f3\u017cnych bran\u017c. Mo\u017cemy dla Pa\u0144stwa <strong>zrekrutowa\u0107 pracownik\u00f3w rozmaitych sektor\u00f3w<\/strong>, m.in. w bran\u017cy spo\u017cywczej, automotive i logistyki.<\/p>\n\n\n\n<p>Do\u015bwiadczenie w bran\u017cy HR pozwala nam na rekrutacj\u0119 i szkolenie pracownik\u00f3w tymczasowych w ci\u0105gu zaledwie kilku dni, dzi\u0119ki czemu szybko zasil\u0105 oni szeregi Pa\u0144stwa firmy. Opr\u00f3cz pracownik\u00f3w produkcyjnych (zar\u00f3wno do pracy sta\u0142ej, jak i sezonowej), pomagamy znale\u017a\u0107 i zatrudni\u0107 m.in.&nbsp;<a href=\"https:\/\/ewl.com.pl\/rekrutacja-pracownikow-technicznych-i-wykwalifikowanych\/\"><strong>wykwalifikowany personel techniczny<\/strong><\/a>.<\/p>\n\n\n\n<p>Wiemy, \u017ce znalezienie wykwalifikowanego pracownika oraz przeszkolenie go, mo\u017ce stanowi\u0107 nie lada wyzwanie. Firma EWL posta\u0142a po to, aby wesprze\u0107 Pa\u0144stwa w procesie rekrutacji i <strong>pom\u00f3c w zatrudnieniu wykwalifikowanej kadry<\/strong>, kt\u00f3ra usprawni procesy firmowe i&nbsp;wp\u0142ynie na rozw\u00f3j Pa\u0144stwa przedsi\u0119biorstwa.<\/p>\n","protected":false},"excerpt":{"rendered":"<p>Agencja pracy EWL dzia\u0142a na terenie ca\u0142ego kraju. Prowadzimy rekrutacje i \u015bwiadczymy us\u0142ugi po\u015brednictwa pracy r\u00f3wnie\u017c na terenie \u0141odzi oraz ca\u0142ego wojew\u00f3dztwa \u0142\u00f3dzkiego. EWL jest do\u015bwiadczon\u0105 agencj\u0105 pracy tymczasowej, kt\u00f3ra proponuje Pa\u0144stwu ofert\u0119 dopasowan\u0105 idealnie do potrzeb Pa\u0144stwa firmy oraz specyfiki bran\u017cy i wielko\u015bci przedsi\u0119biorstwa. Rekruterzy, kt\u00f3rych zatrudnia EWL rozumiej\u0105 Pa\u0144stwa potrzeby oraz uwzgl\u0119dniaj\u0105 specyfik\u0119 [&hellip;]<\/p>\n","protected":false},"author":42,"featured_media":0,"parent":0,"menu_order":0,"comment_status":"closed","ping_status":"closed","template":"","meta":{"_acf_changed":false,"footnotes":""},"class_list":["post-50897","page","type-page","status-publish","hentry"],"acf":[],"yoast_head":"<!-- This site is optimized with the Yoast SEO plugin v24.9 - https:\/\/yoast.com\/wordpress\/plugins\/seo\/ -->\n<title>Agencja pracy - \u0141\u00f3d\u017a i wojew\u00f3dztwo \u0142\u00f3dzkie - po\u015brednictwo pracy<\/title>\n<meta name=\"description\" content=\"Sprawd\u017a us\u0142ugi agencji pracy EWL dla przedsi\u0119biorc\u00f3w z \u0141odzi i obszaru wojew\u00f3dztwa \u0142\u00f3dzkiego. Poznaj ofert\u0119 lidera bran\u017cy zatrudnienia!\" \/>\n<meta name=\"robots\" content=\"index, follow, max-snippet:-1, max-image-preview:large, max-video-preview:-1\" \/>\n<link rel=\"canonical\" href=\"https:\/\/ewl.com.pl\/ewl\/agencja-pracy-lodz\/\" \/>\n<meta property=\"og:locale\" content=\"pl_PL\" \/>\n<meta property=\"og:type\" content=\"article\" \/>\n<meta property=\"og:title\" content=\"Agencja pracy - \u0141\u00f3d\u017a i wojew\u00f3dztwo \u0142\u00f3dzkie - po\u015brednictwo pracy\" \/>\n<meta property=\"og:description\" content=\"Sprawd\u017a us\u0142ugi agencji pracy EWL dla przedsi\u0119biorc\u00f3w z \u0141odzi i obszaru wojew\u00f3dztwa \u0142\u00f3dzkiego. Poznaj ofert\u0119 lidera bran\u017cy zatrudnienia!\" \/>\n<meta property=\"og:url\" content=\"https:\/\/ewl.com.pl\/ewl\/agencja-pracy-lodz\/\" \/>\n<meta property=\"og:site_name\" content=\"EWL Group\" \/>\n<meta property=\"article:modified_time\" content=\"2023-04-06T06:41:59+00:00\" \/>\n<meta property=\"og:image\" content=\"https:\/\/ewl.com.pl\/wp-content\/uploads\/2021\/10\/agencja-pracy-lodz-ewl-posrednictwo-pracy.jpg\" \/>\n<meta name=\"twitter:card\" content=\"summary_large_image\" \/>\n<meta name=\"twitter:label1\" content=\"Est. reading time\" \/>\n\t<meta name=\"twitter:data1\" content=\"5 minut\" \/>\n<script type=\"application\/ld+json\" class=\"yoast-schema-graph\">{\"@context\":\"https:\/\/schema.org\",\"@graph\":[{\"@type\":\"WebPage\",\"@id\":\"https:\/\/ewl.com.pl\/ewl\/agencja-pracy-lodz\/\",\"url\":\"https:\/\/ewl.com.pl\/ewl\/agencja-pracy-lodz\/\",\"name\":\"Agencja pracy - \u0141\u00f3d\u017a i wojew\u00f3dztwo \u0142\u00f3dzkie - po\u015brednictwo pracy\",\"isPartOf\":{\"@id\":\"https:\/\/ewl.com.pl\/ewl\/#website\"},\"primaryImageOfPage\":{\"@id\":\"https:\/\/ewl.com.pl\/ewl\/agencja-pracy-lodz\/#primaryimage\"},\"image\":{\"@id\":\"https:\/\/ewl.com.pl\/ewl\/agencja-pracy-lodz\/#primaryimage\"},\"thumbnailUrl\":\"https:\/\/ewl.com.pl\/wp-content\/uploads\/2021\/10\/agencja-pracy-lodz-ewl-posrednictwo-pracy.jpg\",\"datePublished\":\"2021-10-15T06:18:24+00:00\",\"dateModified\":\"2023-04-06T06:41:59+00:00\",\"description\":\"Sprawd\u017a us\u0142ugi agencji pracy EWL dla przedsi\u0119biorc\u00f3w z \u0141odzi i obszaru wojew\u00f3dztwa \u0142\u00f3dzkiego. Poznaj ofert\u0119 lidera bran\u017cy zatrudnienia!\",\"breadcrumb\":{\"@id\":\"https:\/\/ewl.com.pl\/ewl\/agencja-pracy-lodz\/#breadcrumb\"},\"inLanguage\":\"pl-PL\",\"potentialAction\":[{\"@type\":\"ReadAction\",\"target\":[\"https:\/\/ewl.com.pl\/ewl\/agencja-pracy-lodz\/\"]}]},{\"@type\":\"ImageObject\",\"inLanguage\":\"pl-PL\",\"@id\":\"https:\/\/ewl.com.pl\/ewl\/agencja-pracy-lodz\/#primaryimage\",\"url\":\"https:\/\/ewl.com.pl\/wp-content\/uploads\/2021\/10\/agencja-pracy-lodz-ewl-posrednictwo-pracy.jpg\",\"contentUrl\":\"https:\/\/ewl.com.pl\/wp-content\/uploads\/2021\/10\/agencja-pracy-lodz-ewl-posrednictwo-pracy.jpg\"},{\"@type\":\"BreadcrumbList\",\"@id\":\"https:\/\/ewl.com.pl\/ewl\/agencja-pracy-lodz\/#breadcrumb\",\"itemListElement\":[{\"@type\":\"ListItem\",\"position\":1,\"name\":\"Home\",\"item\":\"https:\/\/ewl.com.pl\/ewl\/\"},{\"@type\":\"ListItem\",\"position\":2,\"name\":\"Agencja pracy EWL w \u0141odzi\"}]},{\"@type\":\"WebSite\",\"@id\":\"https:\/\/ewl.com.pl\/ewl\/#website\",\"url\":\"https:\/\/ewl.com.pl\/ewl\/\",\"name\":\"EWL Group\",\"description\":\"\",\"publisher\":{\"@id\":\"https:\/\/ewl.com.pl\/ewl\/#organization\"},\"potentialAction\":[{\"@type\":\"SearchAction\",\"target\":{\"@type\":\"EntryPoint\",\"urlTemplate\":\"https:\/\/ewl.com.pl\/ewl\/?s={search_term_string}\"},\"query-input\":{\"@type\":\"PropertyValueSpecification\",\"valueRequired\":true,\"valueName\":\"search_term_string\"}}],\"inLanguage\":\"pl-PL\"},{\"@type\":\"Organization\",\"@id\":\"https:\/\/ewl.com.pl\/ewl\/#organization\",\"name\":\"EWL Group\",\"url\":\"https:\/\/ewl.com.pl\/ewl\/\",\"logo\":{\"@type\":\"ImageObject\",\"inLanguage\":\"pl-PL\",\"@id\":\"https:\/\/ewl.com.pl\/ewl\/#\/schema\/logo\/image\/\",\"url\":\"https:\/\/ewl.com.pl\/wp-content\/uploads\/2020\/06\/logo-white@2x.png\",\"contentUrl\":\"https:\/\/ewl.com.pl\/wp-content\/uploads\/2020\/06\/logo-white@2x.png\",\"width\":312,\"height\":130,\"caption\":\"EWL Group\"},\"image\":{\"@id\":\"https:\/\/ewl.com.pl\/ewl\/#\/schema\/logo\/image\/\"}}]}<\/script>\n<!-- \/ Yoast SEO plugin. -->","yoast_head_json":{"title":"Agencja pracy - \u0141\u00f3d\u017a i wojew\u00f3dztwo \u0142\u00f3dzkie - po\u015brednictwo pracy","description":"Sprawd\u017a us\u0142ugi agencji pracy EWL dla przedsi\u0119biorc\u00f3w z \u0141odzi i obszaru wojew\u00f3dztwa \u0142\u00f3dzkiego. Poznaj ofert\u0119 lidera bran\u017cy zatrudnienia!","robots":{"index":"index","follow":"follow","max-snippet":"max-snippet:-1","max-image-preview":"max-image-preview:large","max-video-preview":"max-video-preview:-1"},"canonical":"https:\/\/ewl.com.pl\/ewl\/agencja-pracy-lodz\/","og_locale":"pl_PL","og_type":"article","og_title":"Agencja pracy - \u0141\u00f3d\u017a i wojew\u00f3dztwo \u0142\u00f3dzkie - po\u015brednictwo pracy","og_description":"Sprawd\u017a us\u0142ugi agencji pracy EWL dla przedsi\u0119biorc\u00f3w z \u0141odzi i obszaru wojew\u00f3dztwa \u0142\u00f3dzkiego. Poznaj ofert\u0119 lidera bran\u017cy zatrudnienia!","og_url":"https:\/\/ewl.com.pl\/ewl\/agencja-pracy-lodz\/","og_site_name":"EWL Group","article_modified_time":"2023-04-06T06:41:59+00:00","og_image":[{"url":"https:\/\/ewl.com.pl\/wp-content\/uploads\/2021\/10\/agencja-pracy-lodz-ewl-posrednictwo-pracy.jpg","type":"","width":"","height":""}],"twitter_card":"summary_large_image","twitter_misc":{"Est. reading time":"5 minut"},"schema":{"@context":"https:\/\/schema.org","@graph":[{"@type":"WebPage","@id":"https:\/\/ewl.com.pl\/ewl\/agencja-pracy-lodz\/","url":"https:\/\/ewl.com.pl\/ewl\/agencja-pracy-lodz\/","name":"Agencja pracy - \u0141\u00f3d\u017a i wojew\u00f3dztwo \u0142\u00f3dzkie - po\u015brednictwo pracy","isPartOf":{"@id":"https:\/\/ewl.com.pl\/ewl\/#website"},"primaryImageOfPage":{"@id":"https:\/\/ewl.com.pl\/ewl\/agencja-pracy-lodz\/#primaryimage"},"image":{"@id":"https:\/\/ewl.com.pl\/ewl\/agencja-pracy-lodz\/#primaryimage"},"thumbnailUrl":"https:\/\/ewl.com.pl\/wp-content\/uploads\/2021\/10\/agencja-pracy-lodz-ewl-posrednictwo-pracy.jpg","datePublished":"2021-10-15T06:18:24+00:00","dateModified":"2023-04-06T06:41:59+00:00","description":"Sprawd\u017a us\u0142ugi agencji pracy EWL dla przedsi\u0119biorc\u00f3w z \u0141odzi i obszaru wojew\u00f3dztwa \u0142\u00f3dzkiego. Poznaj ofert\u0119 lidera bran\u017cy zatrudnienia!","breadcrumb":{"@id":"https:\/\/ewl.com.pl\/ewl\/agencja-pracy-lodz\/#breadcrumb"},"inLanguage":"pl-PL","potentialAction":[{"@type":"ReadAction","target":["https:\/\/ewl.com.pl\/ewl\/agencja-pracy-lodz\/"]}]},{"@type":"ImageObject","inLanguage":"pl-PL","@id":"https:\/\/ewl.com.pl\/ewl\/agencja-pracy-lodz\/#primaryimage","url":"https:\/\/ewl.com.pl\/wp-content\/uploads\/2021\/10\/agencja-pracy-lodz-ewl-posrednictwo-pracy.jpg","contentUrl":"https:\/\/ewl.com.pl\/wp-content\/uploads\/2021\/10\/agencja-pracy-lodz-ewl-posrednictwo-pracy.jpg"},{"@type":"BreadcrumbList","@id":"https:\/\/ewl.com.pl\/ewl\/agencja-pracy-lodz\/#breadcrumb","itemListElement":[{"@type":"ListItem","position":1,"name":"Home","item":"https:\/\/ewl.com.pl\/ewl\/"},{"@type":"ListItem","position":2,"name":"Agencja pracy EWL w \u0141odzi"}]},{"@type":"WebSite","@id":"https:\/\/ewl.com.pl\/ewl\/#website","url":"https:\/\/ewl.com.pl\/ewl\/","name":"EWL Group","description":"","publisher":{"@id":"https:\/\/ewl.com.pl\/ewl\/#organization"},"potentialAction":[{"@type":"SearchAction","target":{"@type":"EntryPoint","urlTemplate":"https:\/\/ewl.com.pl\/ewl\/?s={search_term_string}"},"query-input":{"@type":"PropertyValueSpecification","valueRequired":true,"valueName":"search_term_string"}}],"inLanguage":"pl-PL"},{"@type":"Organization","@id":"https:\/\/ewl.com.pl\/ewl\/#organization","name":"EWL Group","url":"https:\/\/ewl.com.pl\/ewl\/","logo":{"@type":"ImageObject","inLanguage":"pl-PL","@id":"https:\/\/ewl.com.pl\/ewl\/#\/schema\/logo\/image\/","url":"https:\/\/ewl.com.pl\/wp-content\/uploads\/2020\/06\/logo-white@2x.png","contentUrl":"https:\/\/ewl.com.pl\/wp-content\/uploads\/2020\/06\/logo-white@2x.png","width":312,"height":130,"caption":"EWL Group"},"image":{"@id":"https:\/\/ewl.com.pl\/ewl\/#\/schema\/logo\/image\/"}}]}},"_links":{"self":[{"href":"https:\/\/ewl.com.pl\/ewl\/wp-json\/wp\/v2\/pages\/50897","targetHints":{"allow":["GET"]}}],"collection":[{"href":"https:\/\/ewl.com.pl\/ewl\/wp-json\/wp\/v2\/pages"}],"about":[{"href":"https:\/\/ewl.com.pl\/ewl\/wp-json\/wp\/v2\/types\/page"}],"author":[{"embeddable":true,"href":"https:\/\/ewl.com.pl\/ewl\/wp-json\/wp\/v2\/users\/42"}],"replies":[{"embeddable":true,"href":"https:\/\/ewl.com.pl\/ewl\/wp-json\/wp\/v2\/comments?post=50897"}],"version-history":[{"count":8,"href":"https:\/\/ewl.com.pl\/ewl\/wp-json\/wp\/v2\/pages\/50897\/revisions"}],"predecessor-version":[{"id":70385,"href":"https:\/\/ewl.com.pl\/ewl\/wp-json\/wp\/v2\/pages\/50897\/revisions\/70385"}],"wp:attachment":[{"href":"https:\/\/ewl.com.pl\/ewl\/wp-json\/wp\/v2\/media?parent=50897"}],"curies":[{"name":"wp","href":"https:\/\/api.w.org\/{rel}","templated":true}]}}