{"id":50185,"date":"2021-07-27T14:11:36","date_gmt":"2021-07-27T12:11:36","guid":{"rendered":"https:\/\/ewl.com.pl\/?page_id=50185"},"modified":"2023-05-08T13:59:26","modified_gmt":"2023-05-08T11:59:26","slug":"case-study","status":"publish","type":"page","link":"https:\/\/ewl.com.pl\/ewl\/case-study\/","title":{"rendered":"Case study"},"content":{"rendered":"","protected":false},"excerpt":{"rendered":"","protected":false},"author":42,"featured_media":0,"parent":0,"menu_order":0,"comment_status":"closed","ping_status":"closed","template":"","meta":{"_acf_changed":false,"footnotes":""},"class_list":["post-50185","page","type-page","status-publish","hentry"],"acf":[],"yoast_head":"<!-- This site is optimized with the Yoast SEO plugin v24.9 - https:\/\/yoast.com\/wordpress\/plugins\/seo\/ -->\n<title>Poznaj wybrane realizacje EWL Group - Case Study<\/title>\n<meta name=\"description\" content=\"Przekonaj si\u0119 wygl\u0105da wsp\u00f3\u0142praca z agencj\u0105 pracy EWL. Dowiedz si\u0119 co sprawia, \u017ce po nasze wsparcie si\u0119gaj\u0105 firmy z r\u00f3\u017cnych bran\u017c i kraj\u00f3w\" \/>\n<meta name=\"robots\" content=\"index, follow, max-snippet:-1, max-image-preview:large, max-video-preview:-1\" \/>\n<link rel=\"canonical\" href=\"https:\/\/ewl.com.pl\/ewl\/case-study\/\" \/>\n<meta property=\"og:locale\" content=\"pl_PL\" \/>\n<meta property=\"og:type\" content=\"article\" \/>\n<meta property=\"og:title\" content=\"Poznaj wybrane realizacje EWL Group - Case Study\" \/>\n<meta property=\"og:description\" content=\"Przekonaj si\u0119 wygl\u0105da wsp\u00f3\u0142praca z agencj\u0105 pracy EWL. Dowiedz si\u0119 co sprawia, \u017ce po nasze wsparcie si\u0119gaj\u0105 firmy z r\u00f3\u017cnych bran\u017c i kraj\u00f3w\" \/>\n<meta property=\"og:url\" content=\"https:\/\/ewl.com.pl\/ewl\/case-study\/\" \/>\n<meta property=\"og:site_name\" content=\"EWL Group\" \/>\n<meta property=\"article:modified_time\" content=\"2023-05-08T11:59:26+00:00\" \/>\n<meta property=\"og:image\" content=\"https:\/\/ewl.com.pl\/ewl\/wp-content\/uploads\/2021\/12\/case-study-agencja-pracy-ewl-e1639388281409.jpg\" \/>\n\t<meta property=\"og:image:width\" content=\"800\" \/>\n\t<meta property=\"og:image:height\" content=\"533\" \/>\n\t<meta property=\"og:image:type\" content=\"image\/jpeg\" \/>\n<meta name=\"twitter:card\" content=\"summary_large_image\" \/>\n<meta name=\"twitter:title\" content=\"Poznaj wybrane realizacje EWL Group - Case Study\" \/>\n<meta name=\"twitter:description\" content=\"Przekonaj si\u0119 wygl\u0105da wsp\u00f3\u0142praca z agencj\u0105 pracy EWL. Dowiedz si\u0119 co sprawia, \u017ce po nasze wsparcie si\u0119gaj\u0105 firmy z r\u00f3\u017cnych bran\u017c i kraj\u00f3w\" \/>\n<meta name=\"twitter:image\" content=\"https:\/\/ewl.com.pl\/ewl\/wp-content\/uploads\/2021\/12\/case-study-agencja-pracy-ewl-e1639388281409.jpg\" \/>\n<script type=\"application\/ld+json\" class=\"yoast-schema-graph\">{\"@context\":\"https:\/\/schema.org\",\"@graph\":[{\"@type\":\"WebPage\",\"@id\":\"https:\/\/ewl.com.pl\/ewl\/case-study\/\",\"url\":\"https:\/\/ewl.com.pl\/ewl\/case-study\/\",\"name\":\"Poznaj wybrane realizacje EWL Group - Case Study\",\"isPartOf\":{\"@id\":\"https:\/\/ewl.com.pl\/ewl\/#website\"},\"datePublished\":\"2021-07-27T12:11:36+00:00\",\"dateModified\":\"2023-05-08T11:59:26+00:00\",\"description\":\"Przekonaj si\u0119 wygl\u0105da wsp\u00f3\u0142praca z agencj\u0105 pracy EWL. Dowiedz si\u0119 co sprawia, \u017ce po nasze wsparcie si\u0119gaj\u0105 firmy z r\u00f3\u017cnych bran\u017c i kraj\u00f3w\",\"breadcrumb\":{\"@id\":\"https:\/\/ewl.com.pl\/ewl\/case-study\/#breadcrumb\"},\"inLanguage\":\"pl-PL\",\"potentialAction\":[{\"@type\":\"ReadAction\",\"target\":[\"https:\/\/ewl.com.pl\/ewl\/case-study\/\"]}]},{\"@type\":\"BreadcrumbList\",\"@id\":\"https:\/\/ewl.com.pl\/ewl\/case-study\/#breadcrumb\",\"itemListElement\":[{\"@type\":\"ListItem\",\"position\":1,\"name\":\"Home\",\"item\":\"https:\/\/ewl.com.pl\/ewl\/\"},{\"@type\":\"ListItem\",\"position\":2,\"name\":\"Case study\"}]},{\"@type\":\"WebSite\",\"@id\":\"https:\/\/ewl.com.pl\/ewl\/#website\",\"url\":\"https:\/\/ewl.com.pl\/ewl\/\",\"name\":\"EWL Group\",\"description\":\"\",\"publisher\":{\"@id\":\"https:\/\/ewl.com.pl\/ewl\/#organization\"},\"potentialAction\":[{\"@type\":\"SearchAction\",\"target\":{\"@type\":\"EntryPoint\",\"urlTemplate\":\"https:\/\/ewl.com.pl\/ewl\/?s={search_term_string}\"},\"query-input\":{\"@type\":\"PropertyValueSpecification\",\"valueRequired\":true,\"valueName\":\"search_term_string\"}}],\"inLanguage\":\"pl-PL\"},{\"@type\":\"Organization\",\"@id\":\"https:\/\/ewl.com.pl\/ewl\/#organization\",\"name\":\"EWL Group\",\"url\":\"https:\/\/ewl.com.pl\/ewl\/\",\"logo\":{\"@type\":\"ImageObject\",\"inLanguage\":\"pl-PL\",\"@id\":\"https:\/\/ewl.com.pl\/ewl\/#\/schema\/logo\/image\/\",\"url\":\"https:\/\/ewl.com.pl\/wp-content\/uploads\/2020\/06\/logo-white@2x.png\",\"contentUrl\":\"https:\/\/ewl.com.pl\/wp-content\/uploads\/2020\/06\/logo-white@2x.png\",\"width\":312,\"height\":130,\"caption\":\"EWL Group\"},\"image\":{\"@id\":\"https:\/\/ewl.com.pl\/ewl\/#\/schema\/logo\/image\/\"}}]}<\/script>\n<!-- \/ Yoast SEO plugin. -->","yoast_head_json":{"title":"Poznaj wybrane realizacje EWL Group - Case Study","description":"Przekonaj si\u0119 wygl\u0105da wsp\u00f3\u0142praca z agencj\u0105 pracy EWL. Dowiedz si\u0119 co sprawia, \u017ce po nasze wsparcie si\u0119gaj\u0105 firmy z r\u00f3\u017cnych bran\u017c i kraj\u00f3w","robots":{"index":"index","follow":"follow","max-snippet":"max-snippet:-1","max-image-preview":"max-image-preview:large","max-video-preview":"max-video-preview:-1"},"canonical":"https:\/\/ewl.com.pl\/ewl\/case-study\/","og_locale":"pl_PL","og_type":"article","og_title":"Poznaj wybrane realizacje EWL Group - Case Study","og_description":"Przekonaj si\u0119 wygl\u0105da wsp\u00f3\u0142praca z agencj\u0105 pracy EWL. Dowiedz si\u0119 co sprawia, \u017ce po nasze wsparcie si\u0119gaj\u0105 firmy z r\u00f3\u017cnych bran\u017c i kraj\u00f3w","og_url":"https:\/\/ewl.com.pl\/ewl\/case-study\/","og_site_name":"EWL Group","article_modified_time":"2023-05-08T11:59:26+00:00","og_image":[{"width":800,"height":533,"url":"https:\/\/ewl.com.pl\/ewl\/wp-content\/uploads\/2021\/12\/case-study-agencja-pracy-ewl-e1639388281409.jpg","type":"image\/jpeg"}],"twitter_card":"summary_large_image","twitter_title":"Poznaj wybrane realizacje EWL Group - Case Study","twitter_description":"Przekonaj si\u0119 wygl\u0105da wsp\u00f3\u0142praca z agencj\u0105 pracy EWL. Dowiedz si\u0119 co sprawia, \u017ce po nasze wsparcie si\u0119gaj\u0105 firmy z r\u00f3\u017cnych bran\u017c i kraj\u00f3w","twitter_image":"https:\/\/ewl.com.pl\/ewl\/wp-content\/uploads\/2021\/12\/case-study-agencja-pracy-ewl-e1639388281409.jpg","schema":{"@context":"https:\/\/schema.org","@graph":[{"@type":"WebPage","@id":"https:\/\/ewl.com.pl\/ewl\/case-study\/","url":"https:\/\/ewl.com.pl\/ewl\/case-study\/","name":"Poznaj wybrane realizacje EWL Group - Case Study","isPartOf":{"@id":"https:\/\/ewl.com.pl\/ewl\/#website"},"datePublished":"2021-07-27T12:11:36+00:00","dateModified":"2023-05-08T11:59:26+00:00","description":"Przekonaj si\u0119 wygl\u0105da wsp\u00f3\u0142praca z agencj\u0105 pracy EWL. Dowiedz si\u0119 co sprawia, \u017ce po nasze wsparcie si\u0119gaj\u0105 firmy z r\u00f3\u017cnych bran\u017c i kraj\u00f3w","breadcrumb":{"@id":"https:\/\/ewl.com.pl\/ewl\/case-study\/#breadcrumb"},"inLanguage":"pl-PL","potentialAction":[{"@type":"ReadAction","target":["https:\/\/ewl.com.pl\/ewl\/case-study\/"]}]},{"@type":"BreadcrumbList","@id":"https:\/\/ewl.com.pl\/ewl\/case-study\/#breadcrumb","itemListElement":[{"@type":"ListItem","position":1,"name":"Home","item":"https:\/\/ewl.com.pl\/ewl\/"},{"@type":"ListItem","position":2,"name":"Case study"}]},{"@type":"WebSite","@id":"https:\/\/ewl.com.pl\/ewl\/#website","url":"https:\/\/ewl.com.pl\/ewl\/","name":"EWL Group","description":"","publisher":{"@id":"https:\/\/ewl.com.pl\/ewl\/#organization"},"potentialAction":[{"@type":"SearchAction","target":{"@type":"EntryPoint","urlTemplate":"https:\/\/ewl.com.pl\/ewl\/?s={search_term_string}"},"query-input":{"@type":"PropertyValueSpecification","valueRequired":true,"valueName":"search_term_string"}}],"inLanguage":"pl-PL"},{"@type":"Organization","@id":"https:\/\/ewl.com.pl\/ewl\/#organization","name":"EWL Group","url":"https:\/\/ewl.com.pl\/ewl\/","logo":{"@type":"ImageObject","inLanguage":"pl-PL","@id":"https:\/\/ewl.com.pl\/ewl\/#\/schema\/logo\/image\/","url":"https:\/\/ewl.com.pl\/wp-content\/uploads\/2020\/06\/logo-white@2x.png","contentUrl":"https:\/\/ewl.com.pl\/wp-content\/uploads\/2020\/06\/logo-white@2x.png","width":312,"height":130,"caption":"EWL Group"},"image":{"@id":"https:\/\/ewl.com.pl\/ewl\/#\/schema\/logo\/image\/"}}]}},"_links":{"self":[{"href":"https:\/\/ewl.com.pl\/ewl\/wp-json\/wp\/v2\/pages\/50185","targetHints":{"allow":["GET"]}}],"collection":[{"href":"https:\/\/ewl.com.pl\/ewl\/wp-json\/wp\/v2\/pages"}],"about":[{"href":"https:\/\/ewl.com.pl\/ewl\/wp-json\/wp\/v2\/types\/page"}],"author":[{"embeddable":true,"href":"https:\/\/ewl.com.pl\/ewl\/wp-json\/wp\/v2\/users\/42"}],"replies":[{"embeddable":true,"href":"https:\/\/ewl.com.pl\/ewl\/wp-json\/wp\/v2\/comments?post=50185"}],"version-history":[{"count":70,"href":"https:\/\/ewl.com.pl\/ewl\/wp-json\/wp\/v2\/pages\/50185\/revisions"}],"predecessor-version":[{"id":71588,"href":"https:\/\/ewl.com.pl\/ewl\/wp-json\/wp\/v2\/pages\/50185\/revisions\/71588"}],"wp:attachment":[{"href":"https:\/\/ewl.com.pl\/ewl\/wp-json\/wp\/v2\/media?parent=50185"}],"curies":[{"name":"wp","href":"https:\/\/api.w.org\/{rel}","templated":true}]}}