{"id":49982,"date":"2021-07-13T16:06:14","date_gmt":"2021-07-13T14:06:14","guid":{"rendered":"https:\/\/ewl.com.pl\/?page_id=49982"},"modified":"2021-07-14T12:30:15","modified_gmt":"2021-07-14T10:30:15","slug":"realizacja-projektu-w-ramach-europejskiego-funduszu-regionalnego","status":"publish","type":"page","link":"https:\/\/ewl.com.pl\/ewl\/realizacja-projektu-w-ramach-europejskiego-funduszu-regionalnego\/","title":{"rendered":"EWL S.A. realizuje projekt WSP\u00d3\u0141FINANSOWANY PRZEZ UNI\u0118 EUROPEJSK\u0104 W RAMACH EUROPEJSKIEGO FUNDUSZU ROZWOJU REGIONALNEGO. Poddzia\u0142anie 1.1.1"},"content":{"rendered":"\n<figure class=\"wp-block-image size-large\"><img loading=\"lazy\" decoding=\"async\" width=\"1024\" height=\"131\" src=\"https:\/\/ewl.com.pl\/wp-content\/uploads\/2021\/07\/FE_POIS_poziom_pl-1_rgb-1024x131.png\" alt=\"\" class=\"wp-image-50017\" srcset=\"https:\/\/ewl.com.pl\/ewl\/wp-content\/uploads\/2021\/07\/FE_POIS_poziom_pl-1_rgb-1024x131.png 1024w, https:\/\/ewl.com.pl\/ewl\/wp-content\/uploads\/2021\/07\/FE_POIS_poziom_pl-1_rgb-300x38.png 300w, https:\/\/ewl.com.pl\/ewl\/wp-content\/uploads\/2021\/07\/FE_POIS_poziom_pl-1_rgb-768x99.png 768w, https:\/\/ewl.com.pl\/ewl\/wp-content\/uploads\/2021\/07\/FE_POIS_poziom_pl-1_rgb-1536x197.png 1536w, https:\/\/ewl.com.pl\/ewl\/wp-content\/uploads\/2021\/07\/FE_POIS_poziom_pl-1_rgb-2048x263.png 2048w\" sizes=\"auto, (max-width: 1024px) 100vw, 1024px\" \/><\/figure>\n\n\n\n<p>\u201ePlatforma migracyjna wsparcia pracownika i pracodawcy z wykorzystaniem zaawansowanych metod optymalizacyjnych i rekomendacyjnych opartych o uczenie reprezentacji\u201d.<\/p>\n\n\n\n<p>Celem projektu jest opracowanie platformy do migracji transgranicznych wykorzystuj\u0105cej metody uczenia maszynowego do: maksymalizacji efektywno\u015b\u0107 doboru pracownik-pracodawca, optymalizacji warunk\u00f3w ofert pracy, automatyzacji migracji pracownik\u00f3w (proces i integracja), w efekcie obni\u017cenia ryzyka biznesowego dla stron.<\/p>\n\n\n\n<p><strong>Planowany okres realizacji projektu to 01-03-2021 do 30-11-2023.<\/strong><\/p>\n\n\n\n<p>Projekt zak\u0142ada opracowanie innowacyjnej platformy migracyjnej wspieraj\u0105cej pracownik\u00f3w i pracodawc\u00f3w zar\u00f3wno na etapie rekrutacji jak i przez ca\u0142y okres zatrudnienia, z wykorzystaniem zaawansowanych metod rekomendacyjnych opartych o uczenie reprezentacji.<\/p>\n\n\n\n<p><strong>Planowane efekty projektu to:<\/strong><\/p>\n\n\n\n<ol class=\"wp-block-list\" type=\"1\"><li>Automatyzacja procesu dopasowania pracownika do optymalnej oferty pracy oraz dob\u00f3r optymalnych pracownik\u00f3w do pracodawcy.<\/li><li>Propozycja \u015bcie\u017cki rozwoju i kariery dla pracownika poprzez rekomendowanie szkole\u0144 oraz certyfikat\u00f3w pozwalaj\u0105cych na zwi\u0119kszenie umiej\u0119tno\u015bci i kompetencji pracownika w danym obszarze.<\/li><li>Automatyzacja procesu dopasowania pracownik\u00f3w do pracodawc\u00f3w z uwzgl\u0119dnieniem wybranych kryteri\u00f3w oraz przestrzeganiu okre\u015blonych ogranicze\u0144 (optymalizacja wielokryterialna).<\/li><li>Automatyzacja ekstrakcji informacji z dokument\u00f3w osobistych takich jak paszport, czy wiza.<\/li><li>Przyspieszenie wst\u0119pnych krok\u00f3w rekrutacji, w tym chatbot umo\u017cliwiaj\u0105cy zaawansowany kontakt pracownika z systemem oraz wyszukiwanie informacji niezb\u0119dnych do rozpocz\u0119cia pracy.<\/li><li>Automatyzacja proces\u00f3w legalizacyjnych.<\/li><\/ol>\n\n\n\n<p>Rozwi\u0105zanie planowane jest dla dw\u00f3ch kategorii odbiorc\u00f3w:<\/p>\n\n\n\n<p><strong>1. Odbiorc\u00f3w bezpo\u015brednich:<\/strong><\/p>\n\n\n\n<p>\u2022 pracownicy migruj\u0105cy<br>\u2022 pracodawcy<br>\u2022 agencje pracy oraz po\u015brednicy w rynku migracji<\/p>\n\n\n\n<p><strong>2. Odbiorc\u00f3w po\u015brednich:<\/strong><\/p>\n\n\n\n<p>\u2022 platforma jako \u201cmarketplace\u201d dla instytucji i NGO wspieraj\u0105cych integracj\u0119 i podnoszenie kwalifikacji obcokrajowc\u00f3w poprzez kursy spec. i j\u0119zykowe<br>\u2022 w\u0142adze lokalne, dzi\u0119ki gromadzonej wiedzy i raportom udost\u0119pnianym pro publico bono (ci\u0105g\u0142o\u015b\u0107 dzia\u0142a\u0144 EWL i Fundacji EWL) przez platform\u0119 (a tworzonym w oparciu o dane przetwarzane przez platform\u0119) b\u0119d\u0105 w posiadaniu naj\u015bwie\u017cszej wiedzy na temat rynku pracy i wymaga\u0144\/preferencji pracownik\u00f3w. Wspomo\u017ce to szybsze kreowanie lepiej dostosowanych instrument\u00f3w stymuluj\u0105cych rynek pracy.<\/p>\n\n\n\n<p><strong>Ca\u0142kowita warto\u015b\u0107 projektu to 12 109 880,88 z\u0142.<br>Dofinansowanie projektu z UE wynosi 8 519 344,64 z\u0142.<\/strong><\/p>\n","protected":false},"excerpt":{"rendered":"<p>\u201ePlatforma migracyjna wsparcia pracownika i pracodawcy z wykorzystaniem zaawansowanych metod optymalizacyjnych i rekomendacyjnych opartych o uczenie reprezentacji\u201d. Celem projektu jest opracowanie platformy do migracji transgranicznych wykorzystuj\u0105cej metody uczenia maszynowego do: maksymalizacji efektywno\u015b\u0107 doboru pracownik-pracodawca, optymalizacji warunk\u00f3w ofert pracy, automatyzacji migracji pracownik\u00f3w (proces i integracja), w efekcie obni\u017cenia ryzyka biznesowego dla stron. Planowany okres realizacji projektu [&hellip;]<\/p>\n","protected":false},"author":42,"featured_media":0,"parent":0,"menu_order":0,"comment_status":"closed","ping_status":"closed","template":"","meta":{"_acf_changed":false,"footnotes":""},"class_list":["post-49982","page","type-page","status-publish","hentry"],"acf":[],"yoast_head":"<!-- This site is optimized with the Yoast SEO plugin v24.9 - https:\/\/yoast.com\/wordpress\/plugins\/seo\/ -->\n<title>EWL S.A. realizuje projekt WSP\u00d3\u0141FINANSOWANY PRZEZ UNI\u0118 EUROPEJSK\u0104 W RAMACH EUROPEJSKIEGO FUNDUSZU ROZWOJU REGIONALNEGO. Poddzia\u0142anie 1.1.1<\/title>\n<meta name=\"robots\" content=\"noindex, follow\" \/>\n<meta property=\"og:locale\" content=\"pl_PL\" \/>\n<meta property=\"og:type\" content=\"article\" \/>\n<meta property=\"og:title\" content=\"EWL S.A. realizuje projekt WSP\u00d3\u0141FINANSOWANY PRZEZ UNI\u0118 EUROPEJSK\u0104 W RAMACH EUROPEJSKIEGO FUNDUSZU ROZWOJU REGIONALNEGO. Poddzia\u0142anie 1.1.1\" \/>\n<meta property=\"og:description\" content=\"\u201ePlatforma migracyjna wsparcia pracownika i pracodawcy z wykorzystaniem zaawansowanych metod optymalizacyjnych i rekomendacyjnych opartych o uczenie reprezentacji\u201d. Celem projektu jest opracowanie platformy do migracji transgranicznych wykorzystuj\u0105cej metody uczenia maszynowego do: maksymalizacji efektywno\u015b\u0107 doboru pracownik-pracodawca, optymalizacji warunk\u00f3w ofert pracy, automatyzacji migracji pracownik\u00f3w (proces i integracja), w efekcie obni\u017cenia ryzyka biznesowego dla stron. Planowany okres realizacji projektu [&hellip;]\" \/>\n<meta property=\"og:url\" content=\"https:\/\/ewl.com.pl\/ewl\/realizacja-projektu-w-ramach-europejskiego-funduszu-regionalnego\/\" \/>\n<meta property=\"og:site_name\" content=\"EWL Group\" \/>\n<meta property=\"article:modified_time\" content=\"2021-07-14T10:30:15+00:00\" \/>\n<meta property=\"og:image\" content=\"https:\/\/ewl.com.pl\/wp-content\/uploads\/2021\/07\/FE_POIS_poziom_pl-1_rgb-1024x131.png\" \/>\n<meta name=\"twitter:card\" content=\"summary_large_image\" \/>\n<meta name=\"twitter:label1\" content=\"Est. reading time\" \/>\n\t<meta name=\"twitter:data1\" content=\"2 minuty\" \/>\n<script type=\"application\/ld+json\" class=\"yoast-schema-graph\">{\"@context\":\"https:\/\/schema.org\",\"@graph\":[{\"@type\":\"WebPage\",\"@id\":\"https:\/\/ewl.com.pl\/ewl\/realizacja-projektu-w-ramach-europejskiego-funduszu-regionalnego\/\",\"url\":\"https:\/\/ewl.com.pl\/ewl\/realizacja-projektu-w-ramach-europejskiego-funduszu-regionalnego\/\",\"name\":\"EWL S.A. realizuje projekt WSP\u00d3\u0141FINANSOWANY PRZEZ UNI\u0118 EUROPEJSK\u0104 W RAMACH EUROPEJSKIEGO FUNDUSZU ROZWOJU REGIONALNEGO. Poddzia\u0142anie 1.1.1\",\"isPartOf\":{\"@id\":\"https:\/\/ewl.com.pl\/ewl\/#website\"},\"primaryImageOfPage\":{\"@id\":\"https:\/\/ewl.com.pl\/ewl\/realizacja-projektu-w-ramach-europejskiego-funduszu-regionalnego\/#primaryimage\"},\"image\":{\"@id\":\"https:\/\/ewl.com.pl\/ewl\/realizacja-projektu-w-ramach-europejskiego-funduszu-regionalnego\/#primaryimage\"},\"thumbnailUrl\":\"https:\/\/ewl.com.pl\/wp-content\/uploads\/2021\/07\/FE_POIS_poziom_pl-1_rgb-1024x131.png\",\"datePublished\":\"2021-07-13T14:06:14+00:00\",\"dateModified\":\"2021-07-14T10:30:15+00:00\",\"breadcrumb\":{\"@id\":\"https:\/\/ewl.com.pl\/ewl\/realizacja-projektu-w-ramach-europejskiego-funduszu-regionalnego\/#breadcrumb\"},\"inLanguage\":\"pl-PL\",\"potentialAction\":[{\"@type\":\"ReadAction\",\"target\":[\"https:\/\/ewl.com.pl\/ewl\/realizacja-projektu-w-ramach-europejskiego-funduszu-regionalnego\/\"]}]},{\"@type\":\"ImageObject\",\"inLanguage\":\"pl-PL\",\"@id\":\"https:\/\/ewl.com.pl\/ewl\/realizacja-projektu-w-ramach-europejskiego-funduszu-regionalnego\/#primaryimage\",\"url\":\"https:\/\/ewl.com.pl\/wp-content\/uploads\/2021\/07\/FE_POIS_poziom_pl-1_rgb-1024x131.png\",\"contentUrl\":\"https:\/\/ewl.com.pl\/wp-content\/uploads\/2021\/07\/FE_POIS_poziom_pl-1_rgb-1024x131.png\"},{\"@type\":\"BreadcrumbList\",\"@id\":\"https:\/\/ewl.com.pl\/ewl\/realizacja-projektu-w-ramach-europejskiego-funduszu-regionalnego\/#breadcrumb\",\"itemListElement\":[{\"@type\":\"ListItem\",\"position\":1,\"name\":\"Home\",\"item\":\"https:\/\/ewl.com.pl\/ewl\/\"},{\"@type\":\"ListItem\",\"position\":2,\"name\":\"EWL S.A. realizuje projekt WSP\u00d3\u0141FINANSOWANY PRZEZ UNI\u0118 EUROPEJSK\u0104 W RAMACH EUROPEJSKIEGO FUNDUSZU ROZWOJU REGIONALNEGO. Poddzia\u0142anie 1.1.1\"}]},{\"@type\":\"WebSite\",\"@id\":\"https:\/\/ewl.com.pl\/ewl\/#website\",\"url\":\"https:\/\/ewl.com.pl\/ewl\/\",\"name\":\"EWL Group\",\"description\":\"\",\"publisher\":{\"@id\":\"https:\/\/ewl.com.pl\/ewl\/#organization\"},\"potentialAction\":[{\"@type\":\"SearchAction\",\"target\":{\"@type\":\"EntryPoint\",\"urlTemplate\":\"https:\/\/ewl.com.pl\/ewl\/?s={search_term_string}\"},\"query-input\":{\"@type\":\"PropertyValueSpecification\",\"valueRequired\":true,\"valueName\":\"search_term_string\"}}],\"inLanguage\":\"pl-PL\"},{\"@type\":\"Organization\",\"@id\":\"https:\/\/ewl.com.pl\/ewl\/#organization\",\"name\":\"EWL Group\",\"url\":\"https:\/\/ewl.com.pl\/ewl\/\",\"logo\":{\"@type\":\"ImageObject\",\"inLanguage\":\"pl-PL\",\"@id\":\"https:\/\/ewl.com.pl\/ewl\/#\/schema\/logo\/image\/\",\"url\":\"https:\/\/ewl.com.pl\/wp-content\/uploads\/2020\/06\/logo-white@2x.png\",\"contentUrl\":\"https:\/\/ewl.com.pl\/wp-content\/uploads\/2020\/06\/logo-white@2x.png\",\"width\":312,\"height\":130,\"caption\":\"EWL Group\"},\"image\":{\"@id\":\"https:\/\/ewl.com.pl\/ewl\/#\/schema\/logo\/image\/\"}}]}<\/script>\n<!-- \/ Yoast SEO plugin. -->","yoast_head_json":{"title":"EWL S.A. realizuje projekt WSP\u00d3\u0141FINANSOWANY PRZEZ UNI\u0118 EUROPEJSK\u0104 W RAMACH EUROPEJSKIEGO FUNDUSZU ROZWOJU REGIONALNEGO. Poddzia\u0142anie 1.1.1","robots":{"index":"noindex","follow":"follow"},"og_locale":"pl_PL","og_type":"article","og_title":"EWL S.A. realizuje projekt WSP\u00d3\u0141FINANSOWANY PRZEZ UNI\u0118 EUROPEJSK\u0104 W RAMACH EUROPEJSKIEGO FUNDUSZU ROZWOJU REGIONALNEGO. Poddzia\u0142anie 1.1.1","og_description":"\u201ePlatforma migracyjna wsparcia pracownika i pracodawcy z wykorzystaniem zaawansowanych metod optymalizacyjnych i rekomendacyjnych opartych o uczenie reprezentacji\u201d. Celem projektu jest opracowanie platformy do migracji transgranicznych wykorzystuj\u0105cej metody uczenia maszynowego do: maksymalizacji efektywno\u015b\u0107 doboru pracownik-pracodawca, optymalizacji warunk\u00f3w ofert pracy, automatyzacji migracji pracownik\u00f3w (proces i integracja), w efekcie obni\u017cenia ryzyka biznesowego dla stron. Planowany okres realizacji projektu [&hellip;]","og_url":"https:\/\/ewl.com.pl\/ewl\/realizacja-projektu-w-ramach-europejskiego-funduszu-regionalnego\/","og_site_name":"EWL Group","article_modified_time":"2021-07-14T10:30:15+00:00","og_image":[{"url":"https:\/\/ewl.com.pl\/wp-content\/uploads\/2021\/07\/FE_POIS_poziom_pl-1_rgb-1024x131.png","type":"","width":"","height":""}],"twitter_card":"summary_large_image","twitter_misc":{"Est. reading time":"2 minuty"},"schema":{"@context":"https:\/\/schema.org","@graph":[{"@type":"WebPage","@id":"https:\/\/ewl.com.pl\/ewl\/realizacja-projektu-w-ramach-europejskiego-funduszu-regionalnego\/","url":"https:\/\/ewl.com.pl\/ewl\/realizacja-projektu-w-ramach-europejskiego-funduszu-regionalnego\/","name":"EWL S.A. realizuje projekt WSP\u00d3\u0141FINANSOWANY PRZEZ UNI\u0118 EUROPEJSK\u0104 W RAMACH EUROPEJSKIEGO FUNDUSZU ROZWOJU REGIONALNEGO. Poddzia\u0142anie 1.1.1","isPartOf":{"@id":"https:\/\/ewl.com.pl\/ewl\/#website"},"primaryImageOfPage":{"@id":"https:\/\/ewl.com.pl\/ewl\/realizacja-projektu-w-ramach-europejskiego-funduszu-regionalnego\/#primaryimage"},"image":{"@id":"https:\/\/ewl.com.pl\/ewl\/realizacja-projektu-w-ramach-europejskiego-funduszu-regionalnego\/#primaryimage"},"thumbnailUrl":"https:\/\/ewl.com.pl\/wp-content\/uploads\/2021\/07\/FE_POIS_poziom_pl-1_rgb-1024x131.png","datePublished":"2021-07-13T14:06:14+00:00","dateModified":"2021-07-14T10:30:15+00:00","breadcrumb":{"@id":"https:\/\/ewl.com.pl\/ewl\/realizacja-projektu-w-ramach-europejskiego-funduszu-regionalnego\/#breadcrumb"},"inLanguage":"pl-PL","potentialAction":[{"@type":"ReadAction","target":["https:\/\/ewl.com.pl\/ewl\/realizacja-projektu-w-ramach-europejskiego-funduszu-regionalnego\/"]}]},{"@type":"ImageObject","inLanguage":"pl-PL","@id":"https:\/\/ewl.com.pl\/ewl\/realizacja-projektu-w-ramach-europejskiego-funduszu-regionalnego\/#primaryimage","url":"https:\/\/ewl.com.pl\/wp-content\/uploads\/2021\/07\/FE_POIS_poziom_pl-1_rgb-1024x131.png","contentUrl":"https:\/\/ewl.com.pl\/wp-content\/uploads\/2021\/07\/FE_POIS_poziom_pl-1_rgb-1024x131.png"},{"@type":"BreadcrumbList","@id":"https:\/\/ewl.com.pl\/ewl\/realizacja-projektu-w-ramach-europejskiego-funduszu-regionalnego\/#breadcrumb","itemListElement":[{"@type":"ListItem","position":1,"name":"Home","item":"https:\/\/ewl.com.pl\/ewl\/"},{"@type":"ListItem","position":2,"name":"EWL S.A. realizuje projekt WSP\u00d3\u0141FINANSOWANY PRZEZ UNI\u0118 EUROPEJSK\u0104 W RAMACH EUROPEJSKIEGO FUNDUSZU ROZWOJU REGIONALNEGO. Poddzia\u0142anie 1.1.1"}]},{"@type":"WebSite","@id":"https:\/\/ewl.com.pl\/ewl\/#website","url":"https:\/\/ewl.com.pl\/ewl\/","name":"EWL Group","description":"","publisher":{"@id":"https:\/\/ewl.com.pl\/ewl\/#organization"},"potentialAction":[{"@type":"SearchAction","target":{"@type":"EntryPoint","urlTemplate":"https:\/\/ewl.com.pl\/ewl\/?s={search_term_string}"},"query-input":{"@type":"PropertyValueSpecification","valueRequired":true,"valueName":"search_term_string"}}],"inLanguage":"pl-PL"},{"@type":"Organization","@id":"https:\/\/ewl.com.pl\/ewl\/#organization","name":"EWL Group","url":"https:\/\/ewl.com.pl\/ewl\/","logo":{"@type":"ImageObject","inLanguage":"pl-PL","@id":"https:\/\/ewl.com.pl\/ewl\/#\/schema\/logo\/image\/","url":"https:\/\/ewl.com.pl\/wp-content\/uploads\/2020\/06\/logo-white@2x.png","contentUrl":"https:\/\/ewl.com.pl\/wp-content\/uploads\/2020\/06\/logo-white@2x.png","width":312,"height":130,"caption":"EWL Group"},"image":{"@id":"https:\/\/ewl.com.pl\/ewl\/#\/schema\/logo\/image\/"}}]}},"_links":{"self":[{"href":"https:\/\/ewl.com.pl\/ewl\/wp-json\/wp\/v2\/pages\/49982","targetHints":{"allow":["GET"]}}],"collection":[{"href":"https:\/\/ewl.com.pl\/ewl\/wp-json\/wp\/v2\/pages"}],"about":[{"href":"https:\/\/ewl.com.pl\/ewl\/wp-json\/wp\/v2\/types\/page"}],"author":[{"embeddable":true,"href":"https:\/\/ewl.com.pl\/ewl\/wp-json\/wp\/v2\/users\/42"}],"replies":[{"embeddable":true,"href":"https:\/\/ewl.com.pl\/ewl\/wp-json\/wp\/v2\/comments?post=49982"}],"version-history":[{"count":4,"href":"https:\/\/ewl.com.pl\/ewl\/wp-json\/wp\/v2\/pages\/49982\/revisions"}],"predecessor-version":[{"id":50100,"href":"https:\/\/ewl.com.pl\/ewl\/wp-json\/wp\/v2\/pages\/49982\/revisions\/50100"}],"wp:attachment":[{"href":"https:\/\/ewl.com.pl\/ewl\/wp-json\/wp\/v2\/media?parent=49982"}],"curies":[{"name":"wp","href":"https:\/\/api.w.org\/{rel}","templated":true}]}}