{"id":49976,"date":"2021-07-13T08:47:28","date_gmt":"2021-07-13T06:47:28","guid":{"rendered":"https:\/\/ewl.com.pl\/?page_id=49976"},"modified":"2022-05-27T14:49:14","modified_gmt":"2022-05-27T12:49:14","slug":"uslugi-opiekuncze-personel-medyczny-opieka-nad-seniorem","status":"publish","type":"page","link":"https:\/\/ewl.com.pl\/ewl\/uslugi-opiekuncze-personel-medyczny-opieka-nad-seniorem\/","title":{"rendered":"Us\u0142ugi opieku\u0144cze \u2013 personel medyczny i opieka nad seniorem"},"content":{"rendered":"\n<div class=\"wp-block-image\"><figure class=\"alignright size-large is-resized\"><img loading=\"lazy\" decoding=\"async\" src=\"https:\/\/ewl.com.pl\/wp-content\/uploads\/2021\/07\/uslugi-opiekuncze-ewl-asystent-seniora.jpg\" alt=\"\" class=\"wp-image-50045\" width=\"300\" height=\"200\" srcset=\"https:\/\/ewl.com.pl\/ewl\/wp-content\/uploads\/2021\/07\/uslugi-opiekuncze-ewl-asystent-seniora.jpg 600w, https:\/\/ewl.com.pl\/ewl\/wp-content\/uploads\/2021\/07\/uslugi-opiekuncze-ewl-asystent-seniora-300x200.jpg 300w\" sizes=\"auto, (max-width: 300px) 100vw, 300px\" \/><\/figure><\/div>\n\n\n\n<p>Szacuje si\u0119, \u017ce w Polsce w 2050 roku ponad 30% spo\u0142ecze\u0144stwa b\u0119d\u0105 stanowi\u0142y <strong>osoby powy\u017cej 65 roku \u017cycia<\/strong>. Post\u0119p cywilizacyjny, nowoczesna medycyna i sta\u0142a poprawa jako\u015bci \u017cycia powoduje systematyczny wzrost liczby senior\u00f3w. To dobrze. Nasi rodzice i dziadkowie \u017cyj\u0105 coraz d\u0142u\u017cej ciesz\u0105c si\u0119 dobrym zdrowiem i \u015bwietnym samopoczuciem.<\/p>\n\n\n\n<p>Jednak cz\u0119sto osoby starsze potrzebuj\u0105 pomocy w za\u0142atwianiu spraw \u017cycia codziennego \u2013 drobnych zakupach, sprz\u0105taniu czy przygotowywaniu posi\u0142k\u00f3w. Opieka wykfalifikowanego asystenta&nbsp; mo\u017ce w znacz\u0105cy spos\u00f3b <strong>podnie\u015b\u0107 komfort i jako\u015b\u0107 \u017cycia osoby starszej<\/strong>.<\/p>\n\n\n<h2 class=\"wp-block-heading\" id=\"agencja-opiekunek-personel-dla-domow-seniora-placowek-opiekunczych-i-osob-prywatnych\">Agencja opiekunek \u2013 personel dla dom\u00f3w seniora, plac\u00f3wek opieku\u0144czych i os\u00f3b prywatnych<\/h2>\n\n\n<p>W EWL wiemy, \u017ce <strong>powierzenie opieki nad seniorem<\/strong> &#8211; rodzicem, dziadkiem czy inn\u0105 blisk\u0105 osob\u0105 &#8211; jest decyzj\u0105 trudn\u0105. Niezb\u0119dne jest poczucie bezpiecze\u0144stwa i stabilno\u015bci, aby zaufa\u0107 w tak wa\u017cnej kwestii. Dzi\u0119ki naszemu do\u015bwiadczeniu na rynku pracy, umiej\u0119tno\u015bci weryfikacji kandydat\u00f3w oraz niezb\u0119dnemu know \u2013 how us\u0142ugi opieku\u0144cze, kt\u00f3re \u015bwiadczymy s\u0105 na najwy\u017cszym poziomie.<\/p>\n\n\n\n<p>Oferta agencji EWL kierowana jest nie tylko do szpitali i dom\u00f3w opieki, ale tak\u017ce do os\u00f3b prywatnych, kt\u00f3re chc\u0105 szukaj\u0105 <strong>prywatnych<\/strong><strong> us\u0142ug <\/strong><strong>opieku\u0144czych<\/strong> dla swoich bliskich.<\/p>\n\n\n\n<p>Zajmiemy si\u0119 dla Pa\u0144stwa:<\/p>\n\n\n\n<ul class=\"wp-block-list\"><li><strong>rekrutacj\u0105 wykwalifikowanego personelu do opieki nad seniorem lub osoba chor\u0105,<\/strong><\/li><li><strong><a href=\"https:\/\/ewl.com.pl\/legalizacja-zatrudnienia-cudzoziemcow\/\">legalizacj\u0105 pobytu oraz pracy opiekunek i opiekun\u00f3w<\/a>,<\/strong><\/li><li><strong>kompleksow\u0105 obs\u0142ug\u0105 zatrudnienia i rozliczenia z pracownikami,<\/strong><\/li><li><strong>zakwaterowaniem opiekun\u00f3w w pobli\u017cu miejsca pracy.<\/strong><\/li><\/ul>\n\n\n\n<p><\/p>\n\n\n\n<hr class=\"wp-block-separator\"\/>\n\n\n\n<center><a href=\"https:\/\/ewl.com.pl\/kontakt\/?formSubject=zatrudnie\" class=\"btn btn__standard btn__standard--range\">Zapytaj o pe\u0142n\u0105 ofert\u0119<\/a>\n<\/center>\n\n\n\n<p><\/p>\n\n\n\n<hr class=\"wp-block-separator\"\/>\n\n\n\n<p><\/p>\n\n\n\n<p>Weryfikacj\u0105 <strong>do\u015bwiadczenia i kwalifikacji opiekun\u00f3w<\/strong> oraz asystent\u00f3w zajmuj\u0105 si\u0119 eksperci EWL posiadaj\u0105cy wieloletnie do\u015bwiadczenie w tym obszarze. Poza cyklem rozm\u00f3w z kandydatami przeprowadzamy r\u00f3wnie\u017c badania empatii i stopie\u0144 gotowo\u015bci do sytuacji kryzysowych, a tak\u017ce przeprowadzamy dedykowane ankiety pozwalaj\u0105ce na dok\u0142adn\u0105 analiz\u0119 <strong>przygotowania do pracy w zawodzie opiekuna<\/strong> lub asystenta osoby starszej.<\/p>\n\n\n<h2 class=\"wp-block-heading\" id=\"opiekun-medyczny-pielegniarki-z-ukrainy\">Opiekun medyczny \u2013 piel\u0119gniarki z Ukrainy<\/h2>\n\n\n<p><strong>Opieka nad seniorem<\/strong> wymaga cz\u0119sto podawania lek\u00f3w w zalecanych dawkach, robienia zastrzyk\u00f3w w wyznaczonych porach czy zmiany opatrunk\u00f3w. To wiele obowi\u0105zk\u00f3w, kt\u00f3rych nie ka\u017cdy mo\u017ce si\u0119 podj\u0105\u0107. Wi\u0105\u017c\u0105 si\u0119 one z bardzo du\u017c\u0105 odpowiedzialno\u015bci\u0105 i nierzadko wymagaj\u0105 odpowiedniego przeszkolenia czy specjalistycznej wiedzy.<\/p>\n\n\n\n<p><strong>Wykwalifikowany opiekun medyczny<\/strong> to najlepsze rozwi\u0105zanie w przypadku opieki nad osob\u0105 starsz\u0105 potrzebuj\u0105c\u0105 sta\u0142ych zabieg\u00f3w opieku\u0144czych. Rekrutujemy piel\u0119gniarki z Ukrainy, kt\u00f3re posiadaj\u0105 niezb\u0119dn\u0105 wiedz\u0119 i umiej\u0119tno\u015bci, a tak\u017ce do\u015bwiadczenie w opiece nad seniorem. Pomog\u0105 one w ca\u0142odobowej opiece nad osobami starszymi lub zajm\u0105 si\u0119 nimi w wyznaczonych godzinach.<\/p>\n\n\n\n<p><strong>Opiekunki z Ukrainy<\/strong> cechuje empatia, wyrozumia\u0142o\u015b\u0107 oraz ciep\u0142o i zrozumienie. Dlatego <a href=\"https:\/\/ewl.com.pl\/pracownicy-z-ukrainy-i-europy-wschodniej\/\"><strong>pracownicy ze Wschodu<\/strong><\/a> tak znakomicie wykonuj\u0105 swoj\u0105 prac\u0119 i warto im zaufa\u0107.<\/p>\n\n\n\n<div class=\"wp-block-image\"><figure class=\"aligncenter size-large\"><img loading=\"lazy\" decoding=\"async\" width=\"993\" height=\"263\" src=\"https:\/\/ewl.com.pl\/wp-content\/uploads\/2021\/07\/opiekun-osoby-starszej-z-ukrainy-ewl.jpg\" alt=\"Opiekunka z Ukrainy dla osoby starszej lub chorej\" class=\"wp-image-50050\" srcset=\"https:\/\/ewl.com.pl\/ewl\/wp-content\/uploads\/2021\/07\/opiekun-osoby-starszej-z-ukrainy-ewl.jpg 993w, https:\/\/ewl.com.pl\/ewl\/wp-content\/uploads\/2021\/07\/opiekun-osoby-starszej-z-ukrainy-ewl-300x79.jpg 300w, https:\/\/ewl.com.pl\/ewl\/wp-content\/uploads\/2021\/07\/opiekun-osoby-starszej-z-ukrainy-ewl-768x203.jpg 768w\" sizes=\"auto, (max-width: 993px) 100vw, 993px\" \/><\/figure><\/div>\n\n\n<h2 class=\"wp-block-heading\" id=\"agencja-opiekunek-dlaczego-warto-wybrac-specjalistow\">Agencja opiekunek \u2013 dlaczego warto wybra\u0107 specjalist\u00f3w?<\/h2>\n\n\n<p>Znalezienie odpowiedniej osoby, kt\u00f3ra zajmie si\u0119 naszymi bliskimi we w\u0142a\u015bciwy spos\u00f3b to zadanie trudne i czasoch\u0142onne. Dodatkowo, je\u015bli planujemy <strong>zatrudni\u0107 opiekunk\u0119 osoby starszej z Ukrainy<\/strong> niezb\u0119dna jest znajomo\u015b\u0107 przepis\u00f3w umo\u017cliwiaj\u0105cych legalizacj\u0119 jej pracy i pobytu w Polsce.<\/p>\n\n\n\n<p>Dlatego warto zaufa\u0107 sprawdzonej agencji opiekunek. Wiedza i do\u015bwiadczenie w zakresie rekrutacji, a tak\u017ce know-how niezb\u0119dny do <strong>szybkiej legalizacji zatrudnienia<\/strong> sprawia, \u017ce agencje opiekunek s\u0105 najlepszym i najbezpieczniejszym wyborem przy podejmowaniu tak wa\u017cnej decyzji.<\/p>\n\n\n<h2 class=\"wp-block-heading\" id=\"asystent-osoby-starszej-opieka-dzienna-nad-seniorem\">Asystent osoby starszej \u2013 opieka dzienna nad seniorem<\/h2>\n\n\n<p>Warto dba\u0107 o komfort \u017cycia seniora, nawet tego najbardziej samodzielnego. W tym w\u0142a\u015bnie mo\u017ce pom\u00f3c <strong>asystent osoby starszej.<\/strong> Opiekun wspiera seniora w rozwiazywaniu spraw \u017cycia codziennego. Zrobi i wniesie ci\u0119\u017ckie zakupy, um\u00f3wi i zawiezie lub odprowadzi do lekarza, posprz\u0105ta i ugotuje.<\/p>\n\n\n\n<p>Czas pracy asystenta osoby starszej uzale\u017cniony jest od potrzeb seniora. <strong>Dzienna opieka nad osob\u0105 starsz\u0105<\/strong> jest rozwi\u0105zaniem, kt\u00f3re znacz\u0105co wp\u0142ywa na popraw\u0119 jako\u015bci i komfortu \u017cycia.<\/p>\n\n\n<h2 class=\"wp-block-heading\" id=\"opieka-dlugoterminowa-pewnosc-bezpieczenstwo-i-komfort-dla-seniora\">Opieka d\u0142ugoterminowa \u2013 pewno\u015b\u0107, bezpiecze\u0144stwo i komfort dla seniora<\/h2>\n\n\n<p>Przys\u0142owie m\u00f3wi, \u017ce \u201estarych drzew si\u0119 nie przesadza\u201d. Dlatego te\u017c <strong>wielu senior\u00f3w nie chce korzysta\u0107 z oferty dom\u00f3w opieki<\/strong> i zmienia\u0107 miejsca zamieszkania. S\u0105 przywi\u0105zani do znajomych miejsc, ludzi i pewnej rutyny dnia. Zdarza si\u0119 jednak, \u017ce z czasem coraz trudniej im zadba\u0107 o w\u0142asne potrzeby. Coraz cz\u0119\u015bciej brakuje si\u0142 na wypraw\u0119 do sklepu czy posprz\u0105tanie mieszkania.<\/p>\n\n\n\n<p>W takich sytuacjach rozwi\u0105zaniem, kt\u00f3re pozwoli na pozostanie w miejscu zamieszkania, a jednocze\u015bnie odci\u0105\u017cy senior\u00f3w, jest <strong>zatrudnienie osoby do opieki nad osob\u0105 starsz\u0105<\/strong>. <\/p>\n\n\n\n<p><strong>Us\u0142ugi opieku\u0144cze<\/strong> to jednak co\u015b wi\u0119cej ni\u017c robienie zakup\u00f3w, przygotowywanie posi\u0142k\u00f3w czy dbanie o dom. To tak\u017ce codzienny kontakt z podopiecznym. D\u0142ugie rozmowy czy wyj\u015bcie na spacer pozwalaj\u0105 zadba\u0107 o dobrostan psychiczny seniora. Dlatego w naszej pracy dok\u0142adamy wszelkich stara\u0144, aby minimalizowa\u0107 ryzyko zmiany opiekunki w trakcie trwania kontaktu.<\/p>\n\n\n\n<p><strong>D\u0142ugoterminowa opieka nad seniorem<\/strong> daje opiekunce mo\u017cliwo\u015b\u0107 poznania potrzeb osoby starszej i nawi\u0105zania z ni\u0105 relacji, a to znacz\u0105co wp\u0142ywa na popraw\u0119 samopoczucia podopiecznego.<\/p>\n\n\n\n<p class=\"has-text-align-center\"><p class=\"has-text-align-center\" id=\"block-cc8faf16-04b3-4cec-856d-25c4ebc9dc0c\"><strong>Zapraszamy do kontaktu!<\/strong><br>Z pewno\u015bci\u0105 dopasujemy najlepsze rozwi\u0105zanie na miar\u0119 potrzeb Pa\u0144stwa firmy.<\/p><\/p>\n\n\n\n<div id=\"block-755fc39c-d594-4ac0-9a47-1a6d9f7ca4db\" class=\"wp-block-image\"><figure class=\"aligncenter size-large is-resized\"><img loading=\"lazy\" decoding=\"async\" src=\"https:\/\/ewl.com.pl\/wp-content\/uploads\/2021\/07\/mariana-semeniuk-agencja-pracy-ewl_.jpg\" alt=\"Mariana Semeniuk z agencji zatrudnienia EWL\" class=\"wp-image-50038\" width=\"200\" height=\"194\" srcset=\"https:\/\/ewl.com.pl\/ewl\/wp-content\/uploads\/2021\/07\/mariana-semeniuk-agencja-pracy-ewl_.jpg 400w, https:\/\/ewl.com.pl\/ewl\/wp-content\/uploads\/2021\/07\/mariana-semeniuk-agencja-pracy-ewl_-300x291.jpg 300w\" sizes=\"auto, (max-width: 200px) 100vw, 200px\" \/><figcaption><strong>Mariana Semeniuk<\/strong><br>Dyrektor w EWL Partners<\/figcaption><\/figure><\/div>\n\n\n\n<center><a href=\"https:\/\/ewl.com.pl\/kontakt\/?formSubject=zatrudnie\" class=\"btn btn__standard btn__standard--range\">Zapytaj o pe\u0142n\u0105 ofert\u0119<\/a>\n<\/center>\n\n\n\n<p><\/p>\n","protected":false},"excerpt":{"rendered":"<p>Szacuje si\u0119, \u017ce w Polsce w 2050 roku ponad 30% spo\u0142ecze\u0144stwa b\u0119d\u0105 stanowi\u0142y osoby powy\u017cej 65 roku \u017cycia. Post\u0119p cywilizacyjny, nowoczesna medycyna i sta\u0142a poprawa jako\u015bci \u017cycia powoduje systematyczny wzrost liczby senior\u00f3w. To dobrze. Nasi rodzice i dziadkowie \u017cyj\u0105 coraz d\u0142u\u017cej ciesz\u0105c si\u0119 dobrym zdrowiem i \u015bwietnym samopoczuciem. Jednak cz\u0119sto osoby starsze potrzebuj\u0105 pomocy w [&hellip;]<\/p>\n","protected":false},"author":42,"featured_media":0,"parent":0,"menu_order":0,"comment_status":"closed","ping_status":"closed","template":"","meta":{"_acf_changed":false,"footnotes":""},"class_list":["post-49976","page","type-page","status-publish","hentry"],"acf":[],"yoast_head":"<!-- This site is optimized with the Yoast SEO plugin v24.9 - https:\/\/yoast.com\/wordpress\/plugins\/seo\/ -->\n<title>Us\u0142ugi opieku\u0144cze \u2013 personel medyczny i opieka nad seniorem<\/title>\n<meta name=\"description\" content=\"Poszukujesz personelu do domu opieki, szpitala czy innej plac\u00f3wki opieku\u0144czej? A mo\u017ce szukasz opiekuna dla osoby starszej? Poznaj ofert\u0119 EWL\" \/>\n<meta name=\"robots\" content=\"noindex, follow\" \/>\n<meta property=\"og:locale\" content=\"pl_PL\" \/>\n<meta property=\"og:type\" content=\"article\" \/>\n<meta property=\"og:title\" content=\"Us\u0142ugi opieku\u0144cze \u2013 personel medyczny i opieka nad seniorem\" \/>\n<meta property=\"og:description\" content=\"Poszukujesz personelu do domu opieki, szpitala czy innej plac\u00f3wki opieku\u0144czej? A mo\u017ce szukasz opiekuna dla osoby starszej? Poznaj ofert\u0119 EWL\" \/>\n<meta property=\"og:url\" content=\"https:\/\/ewl.com.pl\/ewl\/uslugi-opiekuncze-personel-medyczny-opieka-nad-seniorem\/\" \/>\n<meta property=\"og:site_name\" content=\"EWL Group\" \/>\n<meta property=\"article:modified_time\" content=\"2022-05-27T12:49:14+00:00\" \/>\n<meta property=\"og:image\" content=\"https:\/\/ewl.com.pl\/wp-content\/uploads\/2021\/07\/uslugi-opiekuncze-ewl-asystent-seniora.jpg\" \/>\n<meta name=\"twitter:card\" content=\"summary_large_image\" \/>\n<meta name=\"twitter:label1\" content=\"Est. reading time\" \/>\n\t<meta name=\"twitter:data1\" content=\"5 minut\" \/>\n<script type=\"application\/ld+json\" class=\"yoast-schema-graph\">{\"@context\":\"https:\/\/schema.org\",\"@graph\":[{\"@type\":\"WebPage\",\"@id\":\"https:\/\/ewl.com.pl\/ewl\/uslugi-opiekuncze-personel-medyczny-opieka-nad-seniorem\/\",\"url\":\"https:\/\/ewl.com.pl\/ewl\/uslugi-opiekuncze-personel-medyczny-opieka-nad-seniorem\/\",\"name\":\"Us\u0142ugi opieku\u0144cze \u2013 personel medyczny i opieka nad seniorem\",\"isPartOf\":{\"@id\":\"https:\/\/ewl.com.pl\/ewl\/#website\"},\"primaryImageOfPage\":{\"@id\":\"https:\/\/ewl.com.pl\/ewl\/uslugi-opiekuncze-personel-medyczny-opieka-nad-seniorem\/#primaryimage\"},\"image\":{\"@id\":\"https:\/\/ewl.com.pl\/ewl\/uslugi-opiekuncze-personel-medyczny-opieka-nad-seniorem\/#primaryimage\"},\"thumbnailUrl\":\"https:\/\/ewl.com.pl\/wp-content\/uploads\/2021\/07\/uslugi-opiekuncze-ewl-asystent-seniora.jpg\",\"datePublished\":\"2021-07-13T06:47:28+00:00\",\"dateModified\":\"2022-05-27T12:49:14+00:00\",\"description\":\"Poszukujesz personelu do domu opieki, szpitala czy innej plac\u00f3wki opieku\u0144czej? A mo\u017ce szukasz opiekuna dla osoby starszej? Poznaj ofert\u0119 EWL\",\"breadcrumb\":{\"@id\":\"https:\/\/ewl.com.pl\/ewl\/uslugi-opiekuncze-personel-medyczny-opieka-nad-seniorem\/#breadcrumb\"},\"inLanguage\":\"pl-PL\",\"potentialAction\":[{\"@type\":\"ReadAction\",\"target\":[\"https:\/\/ewl.com.pl\/ewl\/uslugi-opiekuncze-personel-medyczny-opieka-nad-seniorem\/\"]}]},{\"@type\":\"ImageObject\",\"inLanguage\":\"pl-PL\",\"@id\":\"https:\/\/ewl.com.pl\/ewl\/uslugi-opiekuncze-personel-medyczny-opieka-nad-seniorem\/#primaryimage\",\"url\":\"https:\/\/ewl.com.pl\/wp-content\/uploads\/2021\/07\/uslugi-opiekuncze-ewl-asystent-seniora.jpg\",\"contentUrl\":\"https:\/\/ewl.com.pl\/wp-content\/uploads\/2021\/07\/uslugi-opiekuncze-ewl-asystent-seniora.jpg\"},{\"@type\":\"BreadcrumbList\",\"@id\":\"https:\/\/ewl.com.pl\/ewl\/uslugi-opiekuncze-personel-medyczny-opieka-nad-seniorem\/#breadcrumb\",\"itemListElement\":[{\"@type\":\"ListItem\",\"position\":1,\"name\":\"Home\",\"item\":\"https:\/\/ewl.com.pl\/ewl\/\"},{\"@type\":\"ListItem\",\"position\":2,\"name\":\"Us\u0142ugi opieku\u0144cze \u2013 personel medyczny i opieka nad seniorem\"}]},{\"@type\":\"WebSite\",\"@id\":\"https:\/\/ewl.com.pl\/ewl\/#website\",\"url\":\"https:\/\/ewl.com.pl\/ewl\/\",\"name\":\"EWL Group\",\"description\":\"\",\"publisher\":{\"@id\":\"https:\/\/ewl.com.pl\/ewl\/#organization\"},\"potentialAction\":[{\"@type\":\"SearchAction\",\"target\":{\"@type\":\"EntryPoint\",\"urlTemplate\":\"https:\/\/ewl.com.pl\/ewl\/?s={search_term_string}\"},\"query-input\":{\"@type\":\"PropertyValueSpecification\",\"valueRequired\":true,\"valueName\":\"search_term_string\"}}],\"inLanguage\":\"pl-PL\"},{\"@type\":\"Organization\",\"@id\":\"https:\/\/ewl.com.pl\/ewl\/#organization\",\"name\":\"EWL Group\",\"url\":\"https:\/\/ewl.com.pl\/ewl\/\",\"logo\":{\"@type\":\"ImageObject\",\"inLanguage\":\"pl-PL\",\"@id\":\"https:\/\/ewl.com.pl\/ewl\/#\/schema\/logo\/image\/\",\"url\":\"https:\/\/ewl.com.pl\/wp-content\/uploads\/2020\/06\/logo-white@2x.png\",\"contentUrl\":\"https:\/\/ewl.com.pl\/wp-content\/uploads\/2020\/06\/logo-white@2x.png\",\"width\":312,\"height\":130,\"caption\":\"EWL Group\"},\"image\":{\"@id\":\"https:\/\/ewl.com.pl\/ewl\/#\/schema\/logo\/image\/\"}}]}<\/script>\n<!-- \/ Yoast SEO plugin. -->","yoast_head_json":{"title":"Us\u0142ugi opieku\u0144cze \u2013 personel medyczny i opieka nad seniorem","description":"Poszukujesz personelu do domu opieki, szpitala czy innej plac\u00f3wki opieku\u0144czej? A mo\u017ce szukasz opiekuna dla osoby starszej? Poznaj ofert\u0119 EWL","robots":{"index":"noindex","follow":"follow"},"og_locale":"pl_PL","og_type":"article","og_title":"Us\u0142ugi opieku\u0144cze \u2013 personel medyczny i opieka nad seniorem","og_description":"Poszukujesz personelu do domu opieki, szpitala czy innej plac\u00f3wki opieku\u0144czej? A mo\u017ce szukasz opiekuna dla osoby starszej? Poznaj ofert\u0119 EWL","og_url":"https:\/\/ewl.com.pl\/ewl\/uslugi-opiekuncze-personel-medyczny-opieka-nad-seniorem\/","og_site_name":"EWL Group","article_modified_time":"2022-05-27T12:49:14+00:00","og_image":[{"url":"https:\/\/ewl.com.pl\/wp-content\/uploads\/2021\/07\/uslugi-opiekuncze-ewl-asystent-seniora.jpg","type":"","width":"","height":""}],"twitter_card":"summary_large_image","twitter_misc":{"Est. reading time":"5 minut"},"schema":{"@context":"https:\/\/schema.org","@graph":[{"@type":"WebPage","@id":"https:\/\/ewl.com.pl\/ewl\/uslugi-opiekuncze-personel-medyczny-opieka-nad-seniorem\/","url":"https:\/\/ewl.com.pl\/ewl\/uslugi-opiekuncze-personel-medyczny-opieka-nad-seniorem\/","name":"Us\u0142ugi opieku\u0144cze \u2013 personel medyczny i opieka nad seniorem","isPartOf":{"@id":"https:\/\/ewl.com.pl\/ewl\/#website"},"primaryImageOfPage":{"@id":"https:\/\/ewl.com.pl\/ewl\/uslugi-opiekuncze-personel-medyczny-opieka-nad-seniorem\/#primaryimage"},"image":{"@id":"https:\/\/ewl.com.pl\/ewl\/uslugi-opiekuncze-personel-medyczny-opieka-nad-seniorem\/#primaryimage"},"thumbnailUrl":"https:\/\/ewl.com.pl\/wp-content\/uploads\/2021\/07\/uslugi-opiekuncze-ewl-asystent-seniora.jpg","datePublished":"2021-07-13T06:47:28+00:00","dateModified":"2022-05-27T12:49:14+00:00","description":"Poszukujesz personelu do domu opieki, szpitala czy innej plac\u00f3wki opieku\u0144czej? A mo\u017ce szukasz opiekuna dla osoby starszej? Poznaj ofert\u0119 EWL","breadcrumb":{"@id":"https:\/\/ewl.com.pl\/ewl\/uslugi-opiekuncze-personel-medyczny-opieka-nad-seniorem\/#breadcrumb"},"inLanguage":"pl-PL","potentialAction":[{"@type":"ReadAction","target":["https:\/\/ewl.com.pl\/ewl\/uslugi-opiekuncze-personel-medyczny-opieka-nad-seniorem\/"]}]},{"@type":"ImageObject","inLanguage":"pl-PL","@id":"https:\/\/ewl.com.pl\/ewl\/uslugi-opiekuncze-personel-medyczny-opieka-nad-seniorem\/#primaryimage","url":"https:\/\/ewl.com.pl\/wp-content\/uploads\/2021\/07\/uslugi-opiekuncze-ewl-asystent-seniora.jpg","contentUrl":"https:\/\/ewl.com.pl\/wp-content\/uploads\/2021\/07\/uslugi-opiekuncze-ewl-asystent-seniora.jpg"},{"@type":"BreadcrumbList","@id":"https:\/\/ewl.com.pl\/ewl\/uslugi-opiekuncze-personel-medyczny-opieka-nad-seniorem\/#breadcrumb","itemListElement":[{"@type":"ListItem","position":1,"name":"Home","item":"https:\/\/ewl.com.pl\/ewl\/"},{"@type":"ListItem","position":2,"name":"Us\u0142ugi opieku\u0144cze \u2013 personel medyczny i opieka nad seniorem"}]},{"@type":"WebSite","@id":"https:\/\/ewl.com.pl\/ewl\/#website","url":"https:\/\/ewl.com.pl\/ewl\/","name":"EWL Group","description":"","publisher":{"@id":"https:\/\/ewl.com.pl\/ewl\/#organization"},"potentialAction":[{"@type":"SearchAction","target":{"@type":"EntryPoint","urlTemplate":"https:\/\/ewl.com.pl\/ewl\/?s={search_term_string}"},"query-input":{"@type":"PropertyValueSpecification","valueRequired":true,"valueName":"search_term_string"}}],"inLanguage":"pl-PL"},{"@type":"Organization","@id":"https:\/\/ewl.com.pl\/ewl\/#organization","name":"EWL Group","url":"https:\/\/ewl.com.pl\/ewl\/","logo":{"@type":"ImageObject","inLanguage":"pl-PL","@id":"https:\/\/ewl.com.pl\/ewl\/#\/schema\/logo\/image\/","url":"https:\/\/ewl.com.pl\/wp-content\/uploads\/2020\/06\/logo-white@2x.png","contentUrl":"https:\/\/ewl.com.pl\/wp-content\/uploads\/2020\/06\/logo-white@2x.png","width":312,"height":130,"caption":"EWL Group"},"image":{"@id":"https:\/\/ewl.com.pl\/ewl\/#\/schema\/logo\/image\/"}}]}},"_links":{"self":[{"href":"https:\/\/ewl.com.pl\/ewl\/wp-json\/wp\/v2\/pages\/49976","targetHints":{"allow":["GET"]}}],"collection":[{"href":"https:\/\/ewl.com.pl\/ewl\/wp-json\/wp\/v2\/pages"}],"about":[{"href":"https:\/\/ewl.com.pl\/ewl\/wp-json\/wp\/v2\/types\/page"}],"author":[{"embeddable":true,"href":"https:\/\/ewl.com.pl\/ewl\/wp-json\/wp\/v2\/users\/42"}],"replies":[{"embeddable":true,"href":"https:\/\/ewl.com.pl\/ewl\/wp-json\/wp\/v2\/comments?post=49976"}],"version-history":[{"count":10,"href":"https:\/\/ewl.com.pl\/ewl\/wp-json\/wp\/v2\/pages\/49976\/revisions"}],"predecessor-version":[{"id":55856,"href":"https:\/\/ewl.com.pl\/ewl\/wp-json\/wp\/v2\/pages\/49976\/revisions\/55856"}],"wp:attachment":[{"href":"https:\/\/ewl.com.pl\/ewl\/wp-json\/wp\/v2\/media?parent=49976"}],"curies":[{"name":"wp","href":"https:\/\/api.w.org\/{rel}","templated":true}]}}