{"id":49524,"date":"2021-06-24T17:57:33","date_gmt":"2021-06-24T15:57:33","guid":{"rendered":"https:\/\/ewl.com.pl\/?page_id=49524"},"modified":"2024-09-16T11:13:33","modified_gmt":"2024-09-16T09:13:33","slug":"agencja-pracy-wroclaw","status":"publish","type":"page","link":"https:\/\/ewl.com.pl\/ewl\/agencja-pracy-wroclaw\/","title":{"rendered":"Agencja pracy EWL we Wroc\u0142awiu"},"content":{"rendered":"\n<p><strong><strong>EWL jest agencj\u0105 pracy tymczasowej <\/strong><\/strong>dzia\u0142aj\u0105c\u0105 na terenie ca\u0142ego kraju. Prowadzimy rekrutacje i&nbsp;\u015bwiadczymy us\u0142ugi po\u015brednictwa pracy r\u00f3wnie\u017c na terenie Wroc\u0142awia oraz ca\u0142ego wojew\u00f3dztwa dolno\u015bl\u0105skiego. Jako do\u015bwiadczona agencja pracy tymczasowej proponujemy Pa\u0144stwu ofert\u0119 dopasowan\u0105 idealnie do potrzeb firmy, z uwzgl\u0119dnieniem wielko\u015bci przedsi\u0119biorstwa oraz bran\u017cy, w jakiej dzia\u0142a.<\/p>\n\n\n<div class=\"wp-block-image\">\n<figure class=\"aligncenter size-large\"><img loading=\"lazy\" decoding=\"async\" width=\"1024\" height=\"257\" src=\"https:\/\/ewl.com.pl\/wp-content\/uploads\/2021\/06\/agencja-pracy-wroclaw-ewl-group_-1024x257.jpg\" alt=\"Agencja po\u015brednictwa pracy we Wroc\u0142awiu - Biuro EWL\" class=\"wp-image-49525\" srcset=\"https:\/\/ewl.com.pl\/ewl\/wp-content\/uploads\/2021\/06\/agencja-pracy-wroclaw-ewl-group_-1024x257.jpg 1024w, https:\/\/ewl.com.pl\/ewl\/wp-content\/uploads\/2021\/06\/agencja-pracy-wroclaw-ewl-group_-300x75.jpg 300w, https:\/\/ewl.com.pl\/ewl\/wp-content\/uploads\/2021\/06\/agencja-pracy-wroclaw-ewl-group_-768x192.jpg 768w, https:\/\/ewl.com.pl\/ewl\/wp-content\/uploads\/2021\/06\/agencja-pracy-wroclaw-ewl-group_-1536x385.jpg 1536w, https:\/\/ewl.com.pl\/ewl\/wp-content\/uploads\/2021\/06\/agencja-pracy-wroclaw-ewl-group_.jpg 2000w\" sizes=\"auto, (max-width: 1024px) 100vw, 1024px\" \/><\/figure><\/div>\n\n<h2 class=\"wp-block-heading\" id=\"agencja-pracy-wroclaw-i-dolny-slask\">Agencja pracy &#8211; Wroc\u0142aw i Dolny \u015al\u0105sk<\/h2>\n\n\n<p>Rekruterzy zatrudniani przez EWL rozumiej\u0105 Pa\u0144stwa potrzeby oraz uwzgl\u0119dniaj\u0105 specyfik\u0119 lokalnego, wroc\u0142awskiego rynku pracy. Rozbudowana <strong>sie\u0107 rekrutacyjna EWL<\/strong> pozwala w kr\u00f3tkim czasie znale\u017a\u0107, przeszkoli\u0107 i zatrudni\u0107 pracownik\u00f3w (zar\u00f3wno sta\u0142ych, jak i tymczasowych) do&nbsp;Pa\u0144stwa przedsi\u0119biorstwa.<\/p>\n\n\n\n<p><strong>Agencja pracy<\/strong> EWL poszukuje specjalist\u00f3w nie tylko na lokalnym, dolno\u015bl\u0105skim rynku. Pozyskujemy pracownik\u00f3w r\u00f3wnie\u017c poza granicami kraju \u2013 na Ukrainie oraz w innych krajach Europy Wschodniej, a tak\u017ce w Azji.<\/p>\n\n\n\n<p>To, co charakteryzuje EWL, to szerokie spektrum \u015bwiadczonych us\u0142ug. Nale\u017c\u0105 do nich m.in.:<\/p>\n\n\n\n<ul class=\"wp-block-list\">\n<li><a href=\"https:\/\/ewl.com.pl\/leasing-pracownikow\/\"><strong>Wynajem pracowniczy \u2013 leasing pracowniczy<\/strong><\/a><\/li>\n\n\n\n<li><a href=\"https:\/\/ewl.com.pl\/outsourcing-procesow-i-pracownikow\/\"><strong>Outsourcing proces\u00f3w i us\u0142ug <\/strong><\/a><\/li>\n\n\n\n<li><a href=\"https:\/\/ewl.com.pl\/outsourcing-procesow-i-pracownikow\/\"><strong>Legalizacja pobytu i zatrudnienia cudzoziemc\u00f3w<\/strong><\/a><\/li>\n\n\n\n<li><a href=\"https:\/\/ewl.com.pl\/transgraniczne-delegowanie-pracownikow\/\"><strong>Transgraniczne delegowanie cudzoziemc\u00f3w do pracy w innych krajach Unii Europejskiej<\/strong><\/a><\/li>\n<\/ul>\n\n\n\n<p>EWL przeprowadzi\u0142o z sukcesami wiele proces\u00f3w rekrutacyjnych, r\u00f3wnie\u017c na terenie Wroc\u0142awia i&nbsp;ca\u0142ego wojew\u00f3dztwa dolno\u015bl\u0105skiego. Nasza agencja to szereg r\u00f3\u017cnych specjalizacji, m.in.:<\/p>\n\n\n\n<ul class=\"wp-block-list\">\n<li><a href=\"https:\/\/ewl.com.pl\/pracownicy-z-ukrainy-i-europy-wschodniej\/\"><strong>Rekrutacja pracownik\u00f3w z Ukrainy<\/strong><\/a><\/li>\n\n\n\n<li><a href=\"https:\/\/ewl.com.pl\/pracownicy-produkcji\/\"><strong>Zatrudnianie pracownik\u00f3w do firm produkcyjnych<\/strong><\/a><\/li>\n\n\n\n<li><a href=\"https:\/\/ewl.com.pl\/pracownicy-tymczasowi\/\"><strong>Pozyskiwanie pracownik\u00f3w tymczasowych i sezonowych<\/strong><\/a><\/li>\n<\/ul>\n\n\n\n<hr class=\"wp-block-separator has-css-opacity\"\/>\n\n\n\n<p><\/p>\n\n\n\n\n\n<p><\/p>\n\n\n\n<hr class=\"wp-block-separator has-css-opacity\"\/>\n\n\n<h2 class=\"wp-block-heading\" id=\"agencja-pracy-tymczasowej-wroclaw-i-dolnoslaskie\">Agencja pracy tymczasowej \u2013 Wroc\u0142aw i dolno\u015bl\u0105skie<\/h2>\n\n<div class=\"wp-block-image\">\n<figure class=\"alignright size-large is-resized\"><img loading=\"lazy\" decoding=\"async\" src=\"https:\/\/ewl.com.pl\/wp-content\/uploads\/2021\/02\/pracownicy-na-wynajem-dla-firm-agencja-ewl-1024x703.jpg\" alt=\"Leasing i wynajem pracownik\u00f3w na potrzeby firmy\" class=\"wp-image-45747\" width=\"256\" height=\"176\" srcset=\"https:\/\/ewl.com.pl\/ewl\/wp-content\/uploads\/2021\/02\/pracownicy-na-wynajem-dla-firm-agencja-ewl-1024x703.jpg 1024w, https:\/\/ewl.com.pl\/ewl\/wp-content\/uploads\/2021\/02\/pracownicy-na-wynajem-dla-firm-agencja-ewl-300x206.jpg 300w, https:\/\/ewl.com.pl\/ewl\/wp-content\/uploads\/2021\/02\/pracownicy-na-wynajem-dla-firm-agencja-ewl-768x527.jpg 768w, https:\/\/ewl.com.pl\/ewl\/wp-content\/uploads\/2021\/02\/pracownicy-na-wynajem-dla-firm-agencja-ewl.jpg 1200w\" sizes=\"auto, (max-width: 256px) 100vw, 256px\" \/><\/figure><\/div>\n\n\n<p>Wroc\u0142awskie biuro agencji EWL mie\u015bci si\u0119 przy ulicy <strong>Ko\u015bciuszki 82<\/strong>. To ulica znajduj\u0105ca si\u0119 w okolicy centrum miasta, zaledwie 20 minut spacerem od wroc\u0142awskiego rynku. W pobli\u017cu naszego biura znajduje si\u0119 wiele rozpoznawalnych atrakcji turystycznych, m.in. Arkady Wroc\u0142awskie.<\/p>\n\n\n\n<p>Z Dworca G\u0142\u00f3wnego do <strong>biura EWL<\/strong> mo\u017cna si\u0119 dosta\u0107 pieszo w 6 minut, spaceruj\u0105c ulicami Pi\u0142sudskiego i Dworcow\u0105. Samochodem ta trasa zajmuje tylko minut\u0119 kr\u00f3cej. Wroc\u0142awski port lotniczy w Starachowicach znajduje si\u0119 oko\u0142o p\u00f3\u0142 godziny samochodem od naszego biura. Najszybciej mo\u017cna pokona\u0107 t\u0119 drog\u0119, poruszaj\u0105c si\u0119 ulicami Graniczn\u0105 i Strzegomsk\u0105. Niezmotoryzowani pasa\u017cerowie z lotniska do biura EWL mog\u0105 dosta\u0107 si\u0119 autobusem linii 106. Taka podr\u00f3\u017c powinna zaj\u0105\u0107 oko\u0142o 50 minut.<\/p>\n\n\n\n<p>Po\u0142o\u017cenie biura w pobli\u017cu centrum miasta i w bezpo\u015brednim s\u0105siedztwie Dworca G\u0142\u00f3wnego sprawia, \u017ce <strong>dojazd do wroc\u0142awskiego biura EWL<\/strong> jest mo\u017cliwy r\u00f3wnie\u017c dla niezmotoryzowanych mieszka\u0144c\u00f3w Wroc\u0142awia i ca\u0142ego wojew\u00f3dztwa dolno\u015bl\u0105skiego.<\/p>\n\n\n<h2 class=\"wp-block-heading\" id=\"jakie-firmy-funkcjonuja-we-wroclawiu-i-regionie\">Jakie firmy funkcjonuj\u0105 we Wroc\u0142awiu i regionie?<\/h2>\n\n\n<p>Wroc\u0142aw jest jednym z najbardziej rozwini\u0119tych gospodarczo miast w Polsce. W mie\u015bcie dzia\u0142aj\u0105 przedsi\u0119biorstwa z r\u00f3\u017cnych sektor\u00f3w. Wroc\u0142aw posiada tak\u017ce swoje parki technologiczne, w kt\u00f3rych dzia\u0142aj\u0105 m.in. start-upy rozmaitych bran\u017c: IT, e-commerce, automotive, jak r\u00f3wnie\u017c bran\u017cy farmaceutycznej czy elektronicznej.<\/p>\n\n\n\n<p>W mie\u015bcie swoj\u0105 siedzib\u0119 ma <strong>wiele firm produkcyjnych<\/strong>. Jednym z najbardziej rozpoznawalnych zak\u0142ad\u00f3w produkcyjnych jest fabryka koncernu Whirlpool, produkuj\u0105cego sprz\u0119t AGD, kt\u00f3ra niegdy\u015b by\u0142a kultowymi Zak\u0142adami Metalowymi Polar. We Wroc\u0142awiu znajduje si\u0119 r\u00f3wnie\u017c huta metali nie\u017celaznych, przedsi\u0119biorstwo wytwarzaj\u0105ce hamulce samochodowe, a tak\u017ce zak\u0142ady produkuj\u0105ce koparki oraz autobusy.<\/p>\n\n\n\n<p>Jak wida\u0107, w mie\u015bcie dzia\u0142aj\u0105 firmy z rozmaitych sektor\u00f3w przemys\u0142u, co powoduje, \u017ce ro\u015bnie <strong>zapotrzebowanie na pracownik\u00f3w, sta\u0142ych i tymczasowych<\/strong>.<\/p>\n\n\n<h2 class=\"wp-block-heading\" id=\"jacy-pracownicy-tymczasowi-sa-potrzebni-we-wroclawiu-i-wojewodztwie-dolnoslaskim\">Jacy pracownicy tymczasowi s\u0105 potrzebni we Wroc\u0142awiu i wojew\u00f3dztwie dolno\u015bl\u0105skim?<\/h2>\n\n\n<p>Du\u017ca liczba fabryk w regionie powoduje zwi\u0119kszone zapotrzebowanie na <a href=\"https:\/\/ewl.com.pl\/pracownicy-produkcji\/\"><strong>pracownik\u00f3w produkcyjnych<\/strong><\/a>. Potrzebni s\u0105 zar\u00f3wno pracownicy stali, jak i tymczasowi, kt\u00f3rzy stanowiliby wsparcie w okresach zwi\u0119kszonego zapotrzebowania na wytwarzane produkty. Wykwalifikowany pracownik produkcyjny ma kluczowe znaczenie dla sukcesu przedsi\u0119biorstwa. <\/p>\n\n\n\n<p>Niestety, specyfika pracy na&nbsp;produkcji wymaga obsadzenia wielu stanowisk w tym samym czasie, co stanowi problem dla&nbsp;wielu przedsi\u0119biorc\u00f3w. Agencja EWL mo\u017ce wesprze\u0107 Pa\u0144stwa w tym procesie.<\/p>\n\n\n\n<p>We Wroc\u0142awiu i wojew\u00f3dztwie dolno\u015bl\u0105skim znajduje si\u0119 r\u00f3wnie\u017c wiele firm z sektora nowych technologii oraz IT. W zwi\u0105zku z tym przydatne mo\u017ce si\u0119 okaza\u0107 skorzystanie z <strong>agencji pracy tymczasowej<\/strong> r\u00f3wnie\u017c w celu pozyskania wykwalifikowanych <strong><a href=\"https:\/\/ewl.com.pl\/rekrutacje-specjalistyczne-pracownicy-it\/\">pracownik\u00f3w IT<\/a>.<\/strong><\/p>\n\n\n\n<p>Polska jest jednym z&nbsp;najwi\u0119kszych rynk\u00f3w informatycznych w Europie \u015arodkowo-Wschodniej, co generuje trudno\u015bci w&nbsp;znalezieniu wykwalifikowanych specjalist\u00f3w.<\/p>\n\n\n<h2 class=\"wp-block-heading\" id=\"jakich-pracownikow-pozyskuje-firma-ewl\">Jakich pracownik\u00f3w pozyskuje firma EWL?<\/h2>\n\n\n<p><strong>Agencja pracy tymczasowej<\/strong> EWL od lat wsp\u00f3\u0142pracuje z firmami z r\u00f3\u017cnych bran\u017c, tworz\u0105c rozbudowan\u0105 sie\u0107 partner\u00f3w. Takie dzia\u0142anie pozwala nam na pozyskiwanie specjalist\u00f3w o r\u00f3\u017cnych kwalifikacjach. EWL jest w stanie zrekrutowa\u0107 dla Pa\u0144stwa chocia\u017cby do\u015bwiadczonych <strong>pracownik\u00f3w automotive, logistyki czy bran\u017cy spo\u017cywczej<\/strong>.<\/p>\n\n\n\n<p>Wieloletnie do\u015bwiadczenie w bran\u017cy HR pozwala nam na zrekrutowanie i przeszkolenie pracownik\u00f3w tymczasowych w ci\u0105gu kilku dni. Dzi\u0119ki temu s\u0105 oni w stanie szybko zasili\u0107 szeregi Pa\u0144stwa firmy. Pomagamy znale\u017a\u0107 nie tylko pracownik\u00f3w produkcyjnych, lecz tak\u017ce <a href=\"https:\/\/ewl.com.pl\/rekrutacja-pracownikow-technicznych-i-wykwalifikowanych\/\"><strong>wykwalifikowany personel techniczny<\/strong><\/a>.<\/p>\n\n\n\n<p>Zdajemy sobie spraw\u0119 z tego, jak trudne jest znalezienie dobrego pracownika. Agencja pracy EWL powsta\u0142a, aby wspom\u00f3c przedsi\u0119biorc\u00f3w w tym skomplikowanym procesie. Wesprzemy Pa\u0144stwa podczas rekrutacji i pomo\u017cemy w zatrudnieniu wykwalifikowanej kadry, kt\u00f3ra usprawni procesy firmowe i b\u0119dzie mia\u0142a realny wp\u0142yw na rozw\u00f3j Pa\u0144stwa firmy.<\/p>\n","protected":false},"excerpt":{"rendered":"<p>EWL jest agencj\u0105 pracy tymczasowej dzia\u0142aj\u0105c\u0105 na terenie ca\u0142ego kraju. Prowadzimy rekrutacje i&nbsp;\u015bwiadczymy us\u0142ugi po\u015brednictwa pracy r\u00f3wnie\u017c na terenie Wroc\u0142awia oraz ca\u0142ego wojew\u00f3dztwa dolno\u015bl\u0105skiego. Jako do\u015bwiadczona agencja pracy tymczasowej proponujemy Pa\u0144stwu ofert\u0119 dopasowan\u0105 idealnie do potrzeb firmy, z uwzgl\u0119dnieniem wielko\u015bci przedsi\u0119biorstwa oraz bran\u017cy, w jakiej dzia\u0142a. Agencja pracy &#8211; Wroc\u0142aw i Dolny \u015al\u0105sk Rekruterzy zatrudniani [&hellip;]<\/p>\n","protected":false},"author":42,"featured_media":0,"parent":0,"menu_order":0,"comment_status":"closed","ping_status":"closed","template":"","meta":{"_acf_changed":false,"footnotes":""},"class_list":["post-49524","page","type-page","status-publish","hentry"],"acf":[],"yoast_head":"<!-- This site is optimized with the Yoast SEO plugin v24.9 - https:\/\/yoast.com\/wordpress\/plugins\/seo\/ -->\n<title>Agencja pracy - Wroc\u0142aw i dolny \u015bl\u0105sk - Biuro po\u015brednictwa pracy EWL<\/title>\n<meta name=\"description\" content=\"Poznaj us\u0142ugi agencji pracy tymczasowej EWL dla przedsi\u0119biorc\u00f3w z Wroc\u0142\u0105wia i obszaru wojew\u00f3dztwa wielkopolskiego. Znajd\u017a pracownik\u00f3w szybko i skutecznie!\" \/>\n<meta name=\"robots\" content=\"index, follow, max-snippet:-1, max-image-preview:large, max-video-preview:-1\" \/>\n<link rel=\"canonical\" href=\"https:\/\/ewl.com.pl\/ewl\/agencja-pracy-wroclaw\/\" \/>\n<meta property=\"og:locale\" content=\"pl_PL\" \/>\n<meta property=\"og:type\" content=\"article\" \/>\n<meta property=\"og:title\" content=\"Agencja pracy - Wroc\u0142aw i dolny \u015bl\u0105sk - Biuro po\u015brednictwa pracy EWL\" \/>\n<meta property=\"og:description\" content=\"Poznaj us\u0142ugi agencji pracy tymczasowej EWL dla przedsi\u0119biorc\u00f3w z Wroc\u0142\u0105wia i obszaru wojew\u00f3dztwa wielkopolskiego. Znajd\u017a pracownik\u00f3w szybko i skutecznie!\" \/>\n<meta property=\"og:url\" content=\"https:\/\/ewl.com.pl\/ewl\/agencja-pracy-wroclaw\/\" \/>\n<meta property=\"og:site_name\" content=\"EWL Group\" \/>\n<meta property=\"article:modified_time\" content=\"2024-09-16T09:13:33+00:00\" \/>\n<meta property=\"og:image\" content=\"https:\/\/ewl.com.pl\/wp-content\/uploads\/2021\/06\/agencja-pracy-wroclaw-ewl-group_-1024x257.jpg\" \/>\n<meta name=\"twitter:card\" content=\"summary_large_image\" \/>\n<meta name=\"twitter:label1\" content=\"Est. reading time\" \/>\n\t<meta name=\"twitter:data1\" content=\"7 minut\" \/>\n<script type=\"application\/ld+json\" class=\"yoast-schema-graph\">{\"@context\":\"https:\/\/schema.org\",\"@graph\":[{\"@type\":\"WebPage\",\"@id\":\"https:\/\/ewl.com.pl\/ewl\/agencja-pracy-wroclaw\/\",\"url\":\"https:\/\/ewl.com.pl\/ewl\/agencja-pracy-wroclaw\/\",\"name\":\"Agencja pracy - Wroc\u0142aw i dolny \u015bl\u0105sk - Biuro po\u015brednictwa pracy EWL\",\"isPartOf\":{\"@id\":\"https:\/\/ewl.com.pl\/ewl\/#website\"},\"primaryImageOfPage\":{\"@id\":\"https:\/\/ewl.com.pl\/ewl\/agencja-pracy-wroclaw\/#primaryimage\"},\"image\":{\"@id\":\"https:\/\/ewl.com.pl\/ewl\/agencja-pracy-wroclaw\/#primaryimage\"},\"thumbnailUrl\":\"https:\/\/ewl.com.pl\/wp-content\/uploads\/2021\/06\/agencja-pracy-wroclaw-ewl-group_-1024x257.jpg\",\"datePublished\":\"2021-06-24T15:57:33+00:00\",\"dateModified\":\"2024-09-16T09:13:33+00:00\",\"description\":\"Poznaj us\u0142ugi agencji pracy tymczasowej EWL dla przedsi\u0119biorc\u00f3w z Wroc\u0142\u0105wia i obszaru wojew\u00f3dztwa wielkopolskiego. Znajd\u017a pracownik\u00f3w szybko i skutecznie!\",\"breadcrumb\":{\"@id\":\"https:\/\/ewl.com.pl\/ewl\/agencja-pracy-wroclaw\/#breadcrumb\"},\"inLanguage\":\"pl-PL\",\"potentialAction\":[{\"@type\":\"ReadAction\",\"target\":[\"https:\/\/ewl.com.pl\/ewl\/agencja-pracy-wroclaw\/\"]}]},{\"@type\":\"ImageObject\",\"inLanguage\":\"pl-PL\",\"@id\":\"https:\/\/ewl.com.pl\/ewl\/agencja-pracy-wroclaw\/#primaryimage\",\"url\":\"https:\/\/ewl.com.pl\/wp-content\/uploads\/2021\/06\/agencja-pracy-wroclaw-ewl-group_-1024x257.jpg\",\"contentUrl\":\"https:\/\/ewl.com.pl\/wp-content\/uploads\/2021\/06\/agencja-pracy-wroclaw-ewl-group_-1024x257.jpg\"},{\"@type\":\"BreadcrumbList\",\"@id\":\"https:\/\/ewl.com.pl\/ewl\/agencja-pracy-wroclaw\/#breadcrumb\",\"itemListElement\":[{\"@type\":\"ListItem\",\"position\":1,\"name\":\"Home\",\"item\":\"https:\/\/ewl.com.pl\/ewl\/\"},{\"@type\":\"ListItem\",\"position\":2,\"name\":\"Agencja pracy EWL we Wroc\u0142awiu\"}]},{\"@type\":\"WebSite\",\"@id\":\"https:\/\/ewl.com.pl\/ewl\/#website\",\"url\":\"https:\/\/ewl.com.pl\/ewl\/\",\"name\":\"EWL Group\",\"description\":\"\",\"publisher\":{\"@id\":\"https:\/\/ewl.com.pl\/ewl\/#organization\"},\"potentialAction\":[{\"@type\":\"SearchAction\",\"target\":{\"@type\":\"EntryPoint\",\"urlTemplate\":\"https:\/\/ewl.com.pl\/ewl\/?s={search_term_string}\"},\"query-input\":{\"@type\":\"PropertyValueSpecification\",\"valueRequired\":true,\"valueName\":\"search_term_string\"}}],\"inLanguage\":\"pl-PL\"},{\"@type\":\"Organization\",\"@id\":\"https:\/\/ewl.com.pl\/ewl\/#organization\",\"name\":\"EWL Group\",\"url\":\"https:\/\/ewl.com.pl\/ewl\/\",\"logo\":{\"@type\":\"ImageObject\",\"inLanguage\":\"pl-PL\",\"@id\":\"https:\/\/ewl.com.pl\/ewl\/#\/schema\/logo\/image\/\",\"url\":\"https:\/\/ewl.com.pl\/wp-content\/uploads\/2020\/06\/logo-white@2x.png\",\"contentUrl\":\"https:\/\/ewl.com.pl\/wp-content\/uploads\/2020\/06\/logo-white@2x.png\",\"width\":312,\"height\":130,\"caption\":\"EWL Group\"},\"image\":{\"@id\":\"https:\/\/ewl.com.pl\/ewl\/#\/schema\/logo\/image\/\"}}]}<\/script>\n<!-- \/ Yoast SEO plugin. -->","yoast_head_json":{"title":"Agencja pracy - Wroc\u0142aw i dolny \u015bl\u0105sk - Biuro po\u015brednictwa pracy EWL","description":"Poznaj us\u0142ugi agencji pracy tymczasowej EWL dla przedsi\u0119biorc\u00f3w z Wroc\u0142\u0105wia i obszaru wojew\u00f3dztwa wielkopolskiego. Znajd\u017a pracownik\u00f3w szybko i skutecznie!","robots":{"index":"index","follow":"follow","max-snippet":"max-snippet:-1","max-image-preview":"max-image-preview:large","max-video-preview":"max-video-preview:-1"},"canonical":"https:\/\/ewl.com.pl\/ewl\/agencja-pracy-wroclaw\/","og_locale":"pl_PL","og_type":"article","og_title":"Agencja pracy - Wroc\u0142aw i dolny \u015bl\u0105sk - Biuro po\u015brednictwa pracy EWL","og_description":"Poznaj us\u0142ugi agencji pracy tymczasowej EWL dla przedsi\u0119biorc\u00f3w z Wroc\u0142\u0105wia i obszaru wojew\u00f3dztwa wielkopolskiego. Znajd\u017a pracownik\u00f3w szybko i skutecznie!","og_url":"https:\/\/ewl.com.pl\/ewl\/agencja-pracy-wroclaw\/","og_site_name":"EWL Group","article_modified_time":"2024-09-16T09:13:33+00:00","og_image":[{"url":"https:\/\/ewl.com.pl\/wp-content\/uploads\/2021\/06\/agencja-pracy-wroclaw-ewl-group_-1024x257.jpg","type":"","width":"","height":""}],"twitter_card":"summary_large_image","twitter_misc":{"Est. reading time":"7 minut"},"schema":{"@context":"https:\/\/schema.org","@graph":[{"@type":"WebPage","@id":"https:\/\/ewl.com.pl\/ewl\/agencja-pracy-wroclaw\/","url":"https:\/\/ewl.com.pl\/ewl\/agencja-pracy-wroclaw\/","name":"Agencja pracy - Wroc\u0142aw i dolny \u015bl\u0105sk - Biuro po\u015brednictwa pracy EWL","isPartOf":{"@id":"https:\/\/ewl.com.pl\/ewl\/#website"},"primaryImageOfPage":{"@id":"https:\/\/ewl.com.pl\/ewl\/agencja-pracy-wroclaw\/#primaryimage"},"image":{"@id":"https:\/\/ewl.com.pl\/ewl\/agencja-pracy-wroclaw\/#primaryimage"},"thumbnailUrl":"https:\/\/ewl.com.pl\/wp-content\/uploads\/2021\/06\/agencja-pracy-wroclaw-ewl-group_-1024x257.jpg","datePublished":"2021-06-24T15:57:33+00:00","dateModified":"2024-09-16T09:13:33+00:00","description":"Poznaj us\u0142ugi agencji pracy tymczasowej EWL dla przedsi\u0119biorc\u00f3w z Wroc\u0142\u0105wia i obszaru wojew\u00f3dztwa wielkopolskiego. Znajd\u017a pracownik\u00f3w szybko i skutecznie!","breadcrumb":{"@id":"https:\/\/ewl.com.pl\/ewl\/agencja-pracy-wroclaw\/#breadcrumb"},"inLanguage":"pl-PL","potentialAction":[{"@type":"ReadAction","target":["https:\/\/ewl.com.pl\/ewl\/agencja-pracy-wroclaw\/"]}]},{"@type":"ImageObject","inLanguage":"pl-PL","@id":"https:\/\/ewl.com.pl\/ewl\/agencja-pracy-wroclaw\/#primaryimage","url":"https:\/\/ewl.com.pl\/wp-content\/uploads\/2021\/06\/agencja-pracy-wroclaw-ewl-group_-1024x257.jpg","contentUrl":"https:\/\/ewl.com.pl\/wp-content\/uploads\/2021\/06\/agencja-pracy-wroclaw-ewl-group_-1024x257.jpg"},{"@type":"BreadcrumbList","@id":"https:\/\/ewl.com.pl\/ewl\/agencja-pracy-wroclaw\/#breadcrumb","itemListElement":[{"@type":"ListItem","position":1,"name":"Home","item":"https:\/\/ewl.com.pl\/ewl\/"},{"@type":"ListItem","position":2,"name":"Agencja pracy EWL we Wroc\u0142awiu"}]},{"@type":"WebSite","@id":"https:\/\/ewl.com.pl\/ewl\/#website","url":"https:\/\/ewl.com.pl\/ewl\/","name":"EWL Group","description":"","publisher":{"@id":"https:\/\/ewl.com.pl\/ewl\/#organization"},"potentialAction":[{"@type":"SearchAction","target":{"@type":"EntryPoint","urlTemplate":"https:\/\/ewl.com.pl\/ewl\/?s={search_term_string}"},"query-input":{"@type":"PropertyValueSpecification","valueRequired":true,"valueName":"search_term_string"}}],"inLanguage":"pl-PL"},{"@type":"Organization","@id":"https:\/\/ewl.com.pl\/ewl\/#organization","name":"EWL Group","url":"https:\/\/ewl.com.pl\/ewl\/","logo":{"@type":"ImageObject","inLanguage":"pl-PL","@id":"https:\/\/ewl.com.pl\/ewl\/#\/schema\/logo\/image\/","url":"https:\/\/ewl.com.pl\/wp-content\/uploads\/2020\/06\/logo-white@2x.png","contentUrl":"https:\/\/ewl.com.pl\/wp-content\/uploads\/2020\/06\/logo-white@2x.png","width":312,"height":130,"caption":"EWL Group"},"image":{"@id":"https:\/\/ewl.com.pl\/ewl\/#\/schema\/logo\/image\/"}}]}},"_links":{"self":[{"href":"https:\/\/ewl.com.pl\/ewl\/wp-json\/wp\/v2\/pages\/49524","targetHints":{"allow":["GET"]}}],"collection":[{"href":"https:\/\/ewl.com.pl\/ewl\/wp-json\/wp\/v2\/pages"}],"about":[{"href":"https:\/\/ewl.com.pl\/ewl\/wp-json\/wp\/v2\/types\/page"}],"author":[{"embeddable":true,"href":"https:\/\/ewl.com.pl\/ewl\/wp-json\/wp\/v2\/users\/42"}],"replies":[{"embeddable":true,"href":"https:\/\/ewl.com.pl\/ewl\/wp-json\/wp\/v2\/comments?post=49524"}],"version-history":[{"count":19,"href":"https:\/\/ewl.com.pl\/ewl\/wp-json\/wp\/v2\/pages\/49524\/revisions"}],"predecessor-version":[{"id":86112,"href":"https:\/\/ewl.com.pl\/ewl\/wp-json\/wp\/v2\/pages\/49524\/revisions\/86112"}],"wp:attachment":[{"href":"https:\/\/ewl.com.pl\/ewl\/wp-json\/wp\/v2\/media?parent=49524"}],"curies":[{"name":"wp","href":"https:\/\/api.w.org\/{rel}","templated":true}]}}