{"id":48324,"date":"2021-05-20T17:45:14","date_gmt":"2021-05-20T15:45:14","guid":{"rendered":"https:\/\/ewl.com.pl\/?page_id=48324"},"modified":"2023-04-06T08:38:26","modified_gmt":"2023-04-06T06:38:26","slug":"agencja-pracy-poznan","status":"publish","type":"page","link":"https:\/\/ewl.com.pl\/ewl\/agencja-pracy-poznan\/","title":{"rendered":"Agencja pracy EWL w Poznaniu"},"content":{"rendered":"\n<p><strong><strong>Agencja pracy EWL <\/strong><\/strong>dzia\u0142a na terenie ca\u0142ego kraju. Oznacza to, \u017ce \u015bwiadczymy us\u0142ugi po\u015brednictwa pracy i prowadzimy rekrutacje r\u00f3wnie\u017c na terenie Poznania oraz ca\u0142ego wojew\u00f3dztwa wielkopolskiego. EWL to do\u015bwiadczona agencja pracy tymczasowej. Nasi eksperci zaproponuj\u0105 Pa\u0144stwu ofert\u0119 dopasowan\u0105 idealnie do potrzeb Pa\u0144stwa firmy.<\/p>\n\n\n<div class=\"wp-block-image\">\n<figure class=\"aligncenter size-large\"><img loading=\"lazy\" decoding=\"async\" width=\"1024\" height=\"236\" src=\"https:\/\/ewl.com.pl\/wp-content\/uploads\/2021\/05\/biuro-agencji-pracy-tymczasowej-ewl-w-poznaniu-1024x236.jpg\" alt=\"\" class=\"wp-image-48752\" srcset=\"https:\/\/ewl.com.pl\/ewl\/wp-content\/uploads\/2021\/05\/biuro-agencji-pracy-tymczasowej-ewl-w-poznaniu-1024x236.jpg 1024w, https:\/\/ewl.com.pl\/ewl\/wp-content\/uploads\/2021\/05\/biuro-agencji-pracy-tymczasowej-ewl-w-poznaniu-300x69.jpg 300w, https:\/\/ewl.com.pl\/ewl\/wp-content\/uploads\/2021\/05\/biuro-agencji-pracy-tymczasowej-ewl-w-poznaniu-768x177.jpg 768w, https:\/\/ewl.com.pl\/ewl\/wp-content\/uploads\/2021\/05\/biuro-agencji-pracy-tymczasowej-ewl-w-poznaniu.jpg 1200w\" sizes=\"auto, (max-width: 1024px) 100vw, 1024px\" \/><\/figure><\/div>\n\n<h2 class=\"wp-block-heading\" id=\"agencja-pracy-poznan-i-wielkopolska\">Agencja pracy &#8211; Pozna\u0144 i Wielkopolska<\/h2>\n\n\n<p>Rekruterzy agencji EWL nie tylko rozumiej\u0105 Pa\u0144stwa potrzeby, ale te\u017c uwzgl\u0119dniaj\u0105 specyfik\u0119 lokalnego, wielkopolskiego rynku pracy. EWL charakteryzuje si\u0119 rozbudowan\u0105 sieci\u0105 rekrutacyjn\u0105, kt\u00f3ra pozwala na znalezienie, przeszkolenie i zatrudnienie wielu pracownik\u00f3w tymczasowych w&nbsp;kr\u00f3tkim czasie.<\/p>\n\n\n\n<p>EWL prowadzi rekrutacje nie tylko na terenie Poznania, wojew\u00f3dztwa wielkopolskiego i Polski. Pozyskujemy pracownik\u00f3w r\u00f3wnie\u017c na terenie Ukrainy oraz innych kraj\u00f3w Europy Wschodniej, a&nbsp;nawet Azji.<\/p>\n\n\n\n<p>Agencja EWL \u015bwiadczy dla Pa\u0144stwa szereg us\u0142ug. Nale\u017c\u0105 do nich m.in.:<\/p>\n\n\n\n<ul class=\"wp-block-list\">\n<li><a href=\"https:\/\/ewl.com.pl\/leasing-pracownikow\/\"><strong>Leasing pracowniczy, czyli wynajem pracownik\u00f3w<\/strong><\/a><\/li>\n\n\n\n<li><a href=\"https:\/\/ewl.com.pl\/outsourcing-procesow-i-pracownikow\/\"><strong>Outsourcing proces\u00f3w i us\u0142ug<\/strong><\/a><\/li>\n\n\n\n<li><a href=\"https:\/\/ewl.com.pl\/legalizacja-zatrudnienia-cudzoziemcow\/\"><strong>Legalizacja pobytu oraz zatrudnienia cudzoziemc\u00f3w<\/strong><\/a><\/li>\n\n\n\n<li><a href=\"https:\/\/ewl.com.pl\/transgraniczne-delegowanie-pracownikow\/\"><strong>Transgraniczne delegowanie cudzoziemc\u00f3w do pracy w krajach cz\u0142onkowskich UE<\/strong><\/a><\/li>\n<\/ul>\n\n\n\n<p>Agencja pracy tymczasowej EWL z sukcesami przeprowadzi\u0142a wiele proces\u00f3w rekrutacyjnych, tak\u017ce na terenie Poznania oraz ca\u0142ego wojew\u00f3dztwa wielkopolskiego. EWL to r\u00f3wnie\u017c szereg r\u00f3\u017cnych specjalizacji. Oferujemy m.in.:<\/p>\n\n\n\n<ul class=\"wp-block-list\">\n<li><a href=\"https:\/\/ewl.com.pl\/pracownicy-z-ukrainy-i-europy-wschodniej\/\"><strong>Rekrutacj\u0119 pracownik\u00f3w z Ukrainy<\/strong><\/a><\/li>\n\n\n\n<li><a href=\"https:\/\/ewl.com.pl\/pracownicy-produkcji\/\"><strong>Zatrudnianie pracownik\u00f3w do firm produkcyjnych<\/strong><\/a><\/li>\n\n\n\n<li><a href=\"https:\/\/ewl.com.pl\/pracownicy-tymczasowi\/\"><strong>Pozyskiwanie pracownik\u00f3w tymczasowych i sezonowych<\/strong><\/a><\/li>\n<\/ul>\n\n\n\n<hr class=\"wp-block-separator has-css-opacity\"\/>\n\n\n\n<p><\/p>\n\n\n\n\n\n<hr class=\"wp-block-separator has-css-opacity\"\/>\n\n\n<h2 class=\"wp-block-heading\" id=\"agencja-pracy-tymczasowej-poznan\">Agencja pracy tymczasowej &#8211; Pozna\u0144<\/h2>\n\n<div class=\"wp-block-image\">\n<figure class=\"alignright size-large is-resized\"><img loading=\"lazy\" decoding=\"async\" src=\"https:\/\/ewl.com.pl\/wp-content\/uploads\/2021\/02\/pracownicy-na-wynajem-dla-firm-agencja-ewl-1024x703.jpg\" alt=\"Leasing i wynajem pracownik\u00f3w na potrzeby firmy\" class=\"wp-image-45747\" width=\"256\" height=\"176\" srcset=\"https:\/\/ewl.com.pl\/ewl\/wp-content\/uploads\/2021\/02\/pracownicy-na-wynajem-dla-firm-agencja-ewl-1024x703.jpg 1024w, https:\/\/ewl.com.pl\/ewl\/wp-content\/uploads\/2021\/02\/pracownicy-na-wynajem-dla-firm-agencja-ewl-300x206.jpg 300w, https:\/\/ewl.com.pl\/ewl\/wp-content\/uploads\/2021\/02\/pracownicy-na-wynajem-dla-firm-agencja-ewl-768x527.jpg 768w, https:\/\/ewl.com.pl\/ewl\/wp-content\/uploads\/2021\/02\/pracownicy-na-wynajem-dla-firm-agencja-ewl.jpg 1200w\" sizes=\"auto, (max-width: 256px) 100vw, 256px\" \/><\/figure><\/div>\n\n\n<p>Pozna\u0144skie biuro agencji EWL mie\u015bci si\u0119 przy ulicy <strong>Leszczy\u0144skiej 167<\/strong>. Ulica ta znajduje si\u0119 w&nbsp;po\u0142udniowej cz\u0119\u015bci miasta, w pobli\u017cu ulicy G\u0142ogowskiej i autostrady A2. Poruszaj\u0105c si\u0119 samochodem, drog\u0119 z dworca PKP Pozna\u0144 G\u0142\u00f3wny do naszej siedziby mo\u017cna pokona\u0107 w oko\u0142o 20&nbsp;minut, jad\u0105c ulic\u0105 G\u0142ogowsk\u0105, biegn\u0105c\u0105 od centrum miasta. Podobny czas zajmie podr\u00f3\u017c do EWL z&nbsp;lotniska Pozna\u0144 \u0141awica. W tym przypadku tak\u017ce b\u0119dziemy porusza\u0107 si\u0119 jedn\u0105 z g\u0142\u00f3wnych ulic \u2013 Bukowsk\u0105.<\/p>\n\n\n\n<p>Podr\u00f3\u017c komunikacj\u0105 miejsk\u0105 z Dworca PKP na ulic\u0119 Leszczy\u0144sk\u0105 167 powinna zaj\u0105\u0107 oko\u0142o 30 minut. Z&nbsp;przystanku Pozna\u0144 G\u0142\u00f3wny nale\u017cy dosta\u0107 si\u0119 na P\u0119tl\u0119 G\u00f3rczyn, np. tramwajem nr 5, a tam przesi\u0105\u015b\u0107 si\u0119 w autobus nr 175. Przejazd z \u0141awicy do siedziby EWL komunikacj\u0105 miejsk\u0105 zajmuje oko\u0142o 40-50 minut i wymaga dw\u00f3ch przesiadek autobusowych.<\/p>\n\n\n\n<p>Podr\u00f3\u017c komunikacj\u0105 miejsk\u0105 nieco utrudniaj\u0105 wci\u0105\u017c odbywaj\u0105ce si\u0119 w mie\u015bcie remonty. Mamy jednak nadziej\u0119, \u017ce wkr\u00f3tce ta sytuacja ulegnie poprawie. Za to bezpo\u015brednie s\u0105siedztwo ulicy G\u0142ogowskiej oraz autostrady A2 sprawia, \u017ce dojazd samochodem do EWL jest szybki i&nbsp;bezproblemowy.<\/p>\n\n\n<h2 class=\"wp-block-heading\" id=\"jakie-firmy-funkcjonuja-w-poznaniu-i-regionie\">Jakie firmy funkcjonuj\u0105 w Poznaniu i regionie?<\/h2>\n\n\n<p><strong>Miasto to jest wa\u017cnym o\u015brodkiem produkcyjnym, handlowym i logistycznym<\/strong>. Coraz wi\u0119cej firm decyduje si\u0119 na zlokalizowanie swoich firm w Poznaniu lub podpozna\u0144skich miejscowo\u015bciach. Dzisiaj w Poznaniu s\u0105 zlokalizowane m.in. firmy zajmuj\u0105ce si\u0119 produkcj\u0105 \u017cywno\u015bci oraz produkcj\u0105 samochod\u00f3w. Siedzib\u0119 w Poznaniu posiadaj\u0105 r\u00f3wnie\u017c najwi\u0119ksze przedsi\u0119biorstwa bran\u017cy spo\u017cywczej, a pod Poznaniem mie\u015bci si\u0119 wiele firm bran\u017cy transportowej i logistycznej.<\/p>\n\n\n\n<p>Siedzib\u0119 w Poznaniu ma np. Solaris, czyli przedsi\u0119biorstwo zajmuj\u0105ce si\u0119 produkcj\u0105 nowoczesnych pojazd\u00f3w komunikacji publicznej, m.in. elektrycznych autobus\u00f3w.<\/p>\n\n\n\n<p>Stolica Wielkopolski to nie tylko <strong>firmy sektora produkcyjnego<\/strong>. W zwi\u0105zku z pr\u0119\u017cnie rozwijaj\u0105cym si\u0119 rynkiem biurowym<strong>, <\/strong>w mie\u015bcie powstaje coraz wi\u0119cej biurowc\u00f3w. Ro\u015bnie wi\u0119c zapotrzebowanie na&nbsp;wykwalifikowanych specjalist\u00f3w z r\u00f3\u017cnych dziedzin.<\/p>\n\n\n<h2 class=\"wp-block-heading\" id=\"jacy-pracownicy-tymczasowi-sa-potrzebni-w-poznaniu-i-wojewodztwie-wielkopolskim\">Jacy pracownicy tymczasowi s\u0105 potrzebni w Poznaniu i wojew\u00f3dztwie wielkopolskim?<\/h2>\n\n\n<p><strong>Du\u017ca liczba przedsi\u0119biorstw produkcyjnych<\/strong> w Poznaniu i regionie sprawia, \u017ce zapotrzebowanie na&nbsp;<a href=\"https:\/\/ewl.com.pl\/pracownicy-produkcji\/\"><strong>pracownik\u00f3w produkcyjnych<\/strong><\/a> wci\u0105\u017c wzrasta. Niedob\u00f3r na rynku pracy dotyczy zar\u00f3wno pracownik\u00f3w sta\u0142ych, jak i tymczasowych, kt\u00f3rzy stanowiliby pomoc w okresie zwi\u0119kszonego&nbsp;zapotrzebowania na wytwarzany produkt. Pami\u0119tajmy, \u017ce to w\u0142a\u015bnie wykwalifikowany pracownik ma kluczowe znaczenie dla sukcesu przedsi\u0119biorstwa.<\/p>\n\n\n\n<p>Specyfika pracy w firmie produkcyjnej cz\u0119sto wymaga obsadzenia wielu stanowisk w kr\u00f3tkim czasie. W tym procesie wesprze Pa\u0144stwa agencja pracy EWL.<\/p>\n\n\n\n<p>Pozna\u0144 to r\u00f3wnie\u017c wiele firm z sektora nowoczesnych technologii oraz przemys\u0142u informatycznego. Polska jest jednym z najwi\u0119kszych rynk\u00f3w IT w Europie \u015arodkowo-Wschodniej, co generuje zapotrzebowanie na programist\u00f3w. W kraju wci\u0105\u017c brakuje wykwalifikowanych<a href=\"https:\/\/ewl.com.pl\/rekrutacje-specjalistyczne-pracownicy-it\/\"><strong> specjalist\u00f3w IT<\/strong><\/a>, lecz&nbsp;mo\u017cna ich pozyska\u0107 z zagranicy. Aby to zrobi\u0107, przydatne mo\u017ce okaza\u0107 si\u0119 <strong>skorzystanie z pomocy agencji pracy tymczasowej<\/strong>.<\/p>\n\n\n<h2 class=\"wp-block-heading\" id=\"jakich-pracownikow-pozyskuje-firma-ewl\">Jakich pracownik\u00f3w pozyskuje firma EWL?<\/h2>\n\n\n<p><strong>Agencja pracy EWL<\/strong> od lat wsp\u00f3\u0142pracuje z firmami z r\u00f3\u017cnych sektor\u00f3w. To sprawia, \u017ce EWL posiada rozbudowan\u0105 sie\u0107 partner\u00f3w, dzi\u0119ki kt\u00f3rej mo\u017ce pozyskiwa\u0107 specjalist\u00f3w z r\u00f3\u017cnych bran\u017c. EWL&nbsp;zrekrutuje dla Pa\u0144stwa pracownik\u00f3w rozmaitych sektor\u00f3w, takich jak chocia\u017cby logistyka, automotive czy bran\u017ca spo\u017cywcza.<\/p>\n\n\n\n<p>Do\u015bwiadczenie w HR pozwala nam na usprawnienie proces\u00f3w rekrutacyjnych. jeste\u015bmy w stanie zrekrutowa\u0107 i przeszkoli\u0107 pracownik\u00f3w produkcyjnych w ci\u0105gu zaledwie kilku dni, co sprawia, \u017ce&nbsp;szybko zasil\u0105 oni szeregi Pa\u0144stwa firmy. Opr\u00f3cz pracownik\u00f3w produkcyjnych (sta\u0142ych i&nbsp;tymczasowych), EWL pomaga zrekrutowa\u0107 i zatrudni\u0107 m.in. <a href=\"https:\/\/ewl.com.pl\/rekrutacja-pracownikow-technicznych-i-wykwalifikowanych\/\"><strong>wykwalifikowany personel techniczny<\/strong><\/a>.<\/p>\n\n\n\n<p>Wiemy, \u017ce znalezienie warto\u015bciowego pracownika jest niezwykle trudne. Agencja pracy EWL powsta\u0142a po to, aby wesprze\u0107 Pa\u0144stwa dzia\u0142ania w <strong>procesach rekrutacyjnych<\/strong> i pom\u00f3c w znalezieniu wykwalifikowanej kadry, kt\u00f3ra b\u0119dzie mia\u0142a realny wp\u0142yw na rozw\u00f3j przedsi\u0119biorstwa.<\/p>\n","protected":false},"excerpt":{"rendered":"<p>Agencja pracy EWL dzia\u0142a na terenie ca\u0142ego kraju. Oznacza to, \u017ce \u015bwiadczymy us\u0142ugi po\u015brednictwa pracy i prowadzimy rekrutacje r\u00f3wnie\u017c na terenie Poznania oraz ca\u0142ego wojew\u00f3dztwa wielkopolskiego. EWL to do\u015bwiadczona agencja pracy tymczasowej. Nasi eksperci zaproponuj\u0105 Pa\u0144stwu ofert\u0119 dopasowan\u0105 idealnie do potrzeb Pa\u0144stwa firmy. Agencja pracy &#8211; Pozna\u0144 i Wielkopolska Rekruterzy agencji EWL nie tylko rozumiej\u0105 [&hellip;]<\/p>\n","protected":false},"author":42,"featured_media":0,"parent":0,"menu_order":0,"comment_status":"closed","ping_status":"closed","template":"","meta":{"_acf_changed":false,"footnotes":""},"class_list":["post-48324","page","type-page","status-publish","hentry"],"acf":[],"yoast_head":"<!-- This site is optimized with the Yoast SEO plugin v24.9 - https:\/\/yoast.com\/wordpress\/plugins\/seo\/ -->\n<title>Agencja pracy - Pozna\u0144 i wielkopolska - Biuro EWL Group<\/title>\n<meta name=\"description\" content=\"Poznaj us\u0142ugi agencji pracy tymczasowej EWL dla przedsi\u0119biorc\u00f3w z Poznania i ca\u0142ego wojew\u00f3dztwa wielkopolskiego. Znajd\u017a pracownik\u00f3w szybko i skutecznie!\" \/>\n<meta name=\"robots\" content=\"index, follow, max-snippet:-1, max-image-preview:large, max-video-preview:-1\" \/>\n<link rel=\"canonical\" href=\"https:\/\/ewl.com.pl\/ewl\/agencja-pracy-poznan\/\" \/>\n<meta property=\"og:locale\" content=\"pl_PL\" \/>\n<meta property=\"og:type\" content=\"article\" \/>\n<meta property=\"og:title\" content=\"Agencja pracy - Pozna\u0144 i wielkopolska - Biuro EWL Group\" \/>\n<meta property=\"og:description\" content=\"Poznaj us\u0142ugi agencji pracy tymczasowej EWL dla przedsi\u0119biorc\u00f3w z Poznania i ca\u0142ego wojew\u00f3dztwa wielkopolskiego. Znajd\u017a pracownik\u00f3w szybko i skutecznie!\" \/>\n<meta property=\"og:url\" content=\"https:\/\/ewl.com.pl\/ewl\/agencja-pracy-poznan\/\" \/>\n<meta property=\"og:site_name\" content=\"EWL Group\" \/>\n<meta property=\"article:modified_time\" content=\"2023-04-06T06:38:26+00:00\" \/>\n<meta property=\"og:image\" content=\"https:\/\/ewl.com.pl\/wp-content\/uploads\/2021\/05\/biuro-agencji-pracy-tymczasowej-ewl-w-poznaniu-1024x236.jpg\" \/>\n<meta name=\"twitter:card\" content=\"summary_large_image\" \/>\n<meta name=\"twitter:label1\" content=\"Est. reading time\" \/>\n\t<meta name=\"twitter:data1\" content=\"5 minut\" \/>\n<script type=\"application\/ld+json\" class=\"yoast-schema-graph\">{\"@context\":\"https:\/\/schema.org\",\"@graph\":[{\"@type\":\"WebPage\",\"@id\":\"https:\/\/ewl.com.pl\/ewl\/agencja-pracy-poznan\/\",\"url\":\"https:\/\/ewl.com.pl\/ewl\/agencja-pracy-poznan\/\",\"name\":\"Agencja pracy - Pozna\u0144 i wielkopolska - Biuro EWL Group\",\"isPartOf\":{\"@id\":\"https:\/\/ewl.com.pl\/ewl\/#website\"},\"primaryImageOfPage\":{\"@id\":\"https:\/\/ewl.com.pl\/ewl\/agencja-pracy-poznan\/#primaryimage\"},\"image\":{\"@id\":\"https:\/\/ewl.com.pl\/ewl\/agencja-pracy-poznan\/#primaryimage\"},\"thumbnailUrl\":\"https:\/\/ewl.com.pl\/wp-content\/uploads\/2021\/05\/biuro-agencji-pracy-tymczasowej-ewl-w-poznaniu-1024x236.jpg\",\"datePublished\":\"2021-05-20T15:45:14+00:00\",\"dateModified\":\"2023-04-06T06:38:26+00:00\",\"description\":\"Poznaj us\u0142ugi agencji pracy tymczasowej EWL dla przedsi\u0119biorc\u00f3w z Poznania i ca\u0142ego wojew\u00f3dztwa wielkopolskiego. Znajd\u017a pracownik\u00f3w szybko i skutecznie!\",\"breadcrumb\":{\"@id\":\"https:\/\/ewl.com.pl\/ewl\/agencja-pracy-poznan\/#breadcrumb\"},\"inLanguage\":\"pl-PL\",\"potentialAction\":[{\"@type\":\"ReadAction\",\"target\":[\"https:\/\/ewl.com.pl\/ewl\/agencja-pracy-poznan\/\"]}]},{\"@type\":\"ImageObject\",\"inLanguage\":\"pl-PL\",\"@id\":\"https:\/\/ewl.com.pl\/ewl\/agencja-pracy-poznan\/#primaryimage\",\"url\":\"https:\/\/ewl.com.pl\/wp-content\/uploads\/2021\/05\/biuro-agencji-pracy-tymczasowej-ewl-w-poznaniu-1024x236.jpg\",\"contentUrl\":\"https:\/\/ewl.com.pl\/wp-content\/uploads\/2021\/05\/biuro-agencji-pracy-tymczasowej-ewl-w-poznaniu-1024x236.jpg\"},{\"@type\":\"BreadcrumbList\",\"@id\":\"https:\/\/ewl.com.pl\/ewl\/agencja-pracy-poznan\/#breadcrumb\",\"itemListElement\":[{\"@type\":\"ListItem\",\"position\":1,\"name\":\"Home\",\"item\":\"https:\/\/ewl.com.pl\/ewl\/\"},{\"@type\":\"ListItem\",\"position\":2,\"name\":\"Agencja pracy EWL w Poznaniu\"}]},{\"@type\":\"WebSite\",\"@id\":\"https:\/\/ewl.com.pl\/ewl\/#website\",\"url\":\"https:\/\/ewl.com.pl\/ewl\/\",\"name\":\"EWL Group\",\"description\":\"\",\"publisher\":{\"@id\":\"https:\/\/ewl.com.pl\/ewl\/#organization\"},\"potentialAction\":[{\"@type\":\"SearchAction\",\"target\":{\"@type\":\"EntryPoint\",\"urlTemplate\":\"https:\/\/ewl.com.pl\/ewl\/?s={search_term_string}\"},\"query-input\":{\"@type\":\"PropertyValueSpecification\",\"valueRequired\":true,\"valueName\":\"search_term_string\"}}],\"inLanguage\":\"pl-PL\"},{\"@type\":\"Organization\",\"@id\":\"https:\/\/ewl.com.pl\/ewl\/#organization\",\"name\":\"EWL Group\",\"url\":\"https:\/\/ewl.com.pl\/ewl\/\",\"logo\":{\"@type\":\"ImageObject\",\"inLanguage\":\"pl-PL\",\"@id\":\"https:\/\/ewl.com.pl\/ewl\/#\/schema\/logo\/image\/\",\"url\":\"https:\/\/ewl.com.pl\/wp-content\/uploads\/2020\/06\/logo-white@2x.png\",\"contentUrl\":\"https:\/\/ewl.com.pl\/wp-content\/uploads\/2020\/06\/logo-white@2x.png\",\"width\":312,\"height\":130,\"caption\":\"EWL Group\"},\"image\":{\"@id\":\"https:\/\/ewl.com.pl\/ewl\/#\/schema\/logo\/image\/\"}}]}<\/script>\n<!-- \/ Yoast SEO plugin. -->","yoast_head_json":{"title":"Agencja pracy - Pozna\u0144 i wielkopolska - Biuro EWL Group","description":"Poznaj us\u0142ugi agencji pracy tymczasowej EWL dla przedsi\u0119biorc\u00f3w z Poznania i ca\u0142ego wojew\u00f3dztwa wielkopolskiego. Znajd\u017a pracownik\u00f3w szybko i skutecznie!","robots":{"index":"index","follow":"follow","max-snippet":"max-snippet:-1","max-image-preview":"max-image-preview:large","max-video-preview":"max-video-preview:-1"},"canonical":"https:\/\/ewl.com.pl\/ewl\/agencja-pracy-poznan\/","og_locale":"pl_PL","og_type":"article","og_title":"Agencja pracy - Pozna\u0144 i wielkopolska - Biuro EWL Group","og_description":"Poznaj us\u0142ugi agencji pracy tymczasowej EWL dla przedsi\u0119biorc\u00f3w z Poznania i ca\u0142ego wojew\u00f3dztwa wielkopolskiego. Znajd\u017a pracownik\u00f3w szybko i skutecznie!","og_url":"https:\/\/ewl.com.pl\/ewl\/agencja-pracy-poznan\/","og_site_name":"EWL Group","article_modified_time":"2023-04-06T06:38:26+00:00","og_image":[{"url":"https:\/\/ewl.com.pl\/wp-content\/uploads\/2021\/05\/biuro-agencji-pracy-tymczasowej-ewl-w-poznaniu-1024x236.jpg","type":"","width":"","height":""}],"twitter_card":"summary_large_image","twitter_misc":{"Est. reading time":"5 minut"},"schema":{"@context":"https:\/\/schema.org","@graph":[{"@type":"WebPage","@id":"https:\/\/ewl.com.pl\/ewl\/agencja-pracy-poznan\/","url":"https:\/\/ewl.com.pl\/ewl\/agencja-pracy-poznan\/","name":"Agencja pracy - Pozna\u0144 i wielkopolska - Biuro EWL Group","isPartOf":{"@id":"https:\/\/ewl.com.pl\/ewl\/#website"},"primaryImageOfPage":{"@id":"https:\/\/ewl.com.pl\/ewl\/agencja-pracy-poznan\/#primaryimage"},"image":{"@id":"https:\/\/ewl.com.pl\/ewl\/agencja-pracy-poznan\/#primaryimage"},"thumbnailUrl":"https:\/\/ewl.com.pl\/wp-content\/uploads\/2021\/05\/biuro-agencji-pracy-tymczasowej-ewl-w-poznaniu-1024x236.jpg","datePublished":"2021-05-20T15:45:14+00:00","dateModified":"2023-04-06T06:38:26+00:00","description":"Poznaj us\u0142ugi agencji pracy tymczasowej EWL dla przedsi\u0119biorc\u00f3w z Poznania i ca\u0142ego wojew\u00f3dztwa wielkopolskiego. Znajd\u017a pracownik\u00f3w szybko i skutecznie!","breadcrumb":{"@id":"https:\/\/ewl.com.pl\/ewl\/agencja-pracy-poznan\/#breadcrumb"},"inLanguage":"pl-PL","potentialAction":[{"@type":"ReadAction","target":["https:\/\/ewl.com.pl\/ewl\/agencja-pracy-poznan\/"]}]},{"@type":"ImageObject","inLanguage":"pl-PL","@id":"https:\/\/ewl.com.pl\/ewl\/agencja-pracy-poznan\/#primaryimage","url":"https:\/\/ewl.com.pl\/wp-content\/uploads\/2021\/05\/biuro-agencji-pracy-tymczasowej-ewl-w-poznaniu-1024x236.jpg","contentUrl":"https:\/\/ewl.com.pl\/wp-content\/uploads\/2021\/05\/biuro-agencji-pracy-tymczasowej-ewl-w-poznaniu-1024x236.jpg"},{"@type":"BreadcrumbList","@id":"https:\/\/ewl.com.pl\/ewl\/agencja-pracy-poznan\/#breadcrumb","itemListElement":[{"@type":"ListItem","position":1,"name":"Home","item":"https:\/\/ewl.com.pl\/ewl\/"},{"@type":"ListItem","position":2,"name":"Agencja pracy EWL w Poznaniu"}]},{"@type":"WebSite","@id":"https:\/\/ewl.com.pl\/ewl\/#website","url":"https:\/\/ewl.com.pl\/ewl\/","name":"EWL Group","description":"","publisher":{"@id":"https:\/\/ewl.com.pl\/ewl\/#organization"},"potentialAction":[{"@type":"SearchAction","target":{"@type":"EntryPoint","urlTemplate":"https:\/\/ewl.com.pl\/ewl\/?s={search_term_string}"},"query-input":{"@type":"PropertyValueSpecification","valueRequired":true,"valueName":"search_term_string"}}],"inLanguage":"pl-PL"},{"@type":"Organization","@id":"https:\/\/ewl.com.pl\/ewl\/#organization","name":"EWL Group","url":"https:\/\/ewl.com.pl\/ewl\/","logo":{"@type":"ImageObject","inLanguage":"pl-PL","@id":"https:\/\/ewl.com.pl\/ewl\/#\/schema\/logo\/image\/","url":"https:\/\/ewl.com.pl\/wp-content\/uploads\/2020\/06\/logo-white@2x.png","contentUrl":"https:\/\/ewl.com.pl\/wp-content\/uploads\/2020\/06\/logo-white@2x.png","width":312,"height":130,"caption":"EWL Group"},"image":{"@id":"https:\/\/ewl.com.pl\/ewl\/#\/schema\/logo\/image\/"}}]}},"_links":{"self":[{"href":"https:\/\/ewl.com.pl\/ewl\/wp-json\/wp\/v2\/pages\/48324","targetHints":{"allow":["GET"]}}],"collection":[{"href":"https:\/\/ewl.com.pl\/ewl\/wp-json\/wp\/v2\/pages"}],"about":[{"href":"https:\/\/ewl.com.pl\/ewl\/wp-json\/wp\/v2\/types\/page"}],"author":[{"embeddable":true,"href":"https:\/\/ewl.com.pl\/ewl\/wp-json\/wp\/v2\/users\/42"}],"replies":[{"embeddable":true,"href":"https:\/\/ewl.com.pl\/ewl\/wp-json\/wp\/v2\/comments?post=48324"}],"version-history":[{"count":50,"href":"https:\/\/ewl.com.pl\/ewl\/wp-json\/wp\/v2\/pages\/48324\/revisions"}],"predecessor-version":[{"id":70380,"href":"https:\/\/ewl.com.pl\/ewl\/wp-json\/wp\/v2\/pages\/48324\/revisions\/70380"}],"wp:attachment":[{"href":"https:\/\/ewl.com.pl\/ewl\/wp-json\/wp\/v2\/media?parent=48324"}],"curies":[{"name":"wp","href":"https:\/\/api.w.org\/{rel}","templated":true}]}}