{"id":45241,"date":"2021-02-03T10:02:42","date_gmt":"2021-02-03T09:02:42","guid":{"rendered":"https:\/\/ewl.com.pl\/?page_id=45241"},"modified":"2021-07-01T07:25:51","modified_gmt":"2021-07-01T05:25:51","slug":"pracownicy-z-ukrainy-i-azji","status":"publish","type":"page","link":"https:\/\/ewl.com.pl\/ewl\/pracownicy-z-ukrainy-i-azji\/","title":{"rendered":"Pracownicy z Ukrainy i Azji"},"content":{"rendered":"\n<div class=\"wp-block-image\"><figure class=\"alignright size-large is-resized\"><img loading=\"lazy\" decoding=\"async\" src=\"https:\/\/ewl.com.pl\/wp-content\/uploads\/2021\/02\/pracownicy-z-ukrainy-i-wschodu-EWL.jpg\" alt=\"Zatrudnienie Ukrai\u0144c\u00f3w - leasing pracownik\u00f3w z EWL Group\" class=\"wp-image-45246\" width=\"300\" height=\"200\" srcset=\"https:\/\/ewl.com.pl\/ewl\/wp-content\/uploads\/2021\/02\/pracownicy-z-ukrainy-i-wschodu-EWL.jpg 800w, https:\/\/ewl.com.pl\/ewl\/wp-content\/uploads\/2021\/02\/pracownicy-z-ukrainy-i-wschodu-EWL-300x200.jpg 300w, https:\/\/ewl.com.pl\/ewl\/wp-content\/uploads\/2021\/02\/pracownicy-z-ukrainy-i-wschodu-EWL-768x512.jpg 768w\" sizes=\"auto, (max-width: 300px) 100vw, 300px\" \/><\/figure><\/div>\n\n\n\n<p>Szybki rozw\u00f3j polskiej gospodarki na przestrzeni ostatnich lat spowodowa\u0142 wzrost zapotrzebowania na <strong>pracownik\u00f3w z zagranicy<\/strong>. Polska plasuje si\u0119 w czo\u0142\u00f3wce kraj\u00f3w przyjmuj\u0105cych zagranicznych <a href=\"https:\/\/ewl.com.pl\/pracownicy-tymczasowi\/\"><strong>pracownik\u00f3w tymczasowych<\/strong><\/a> w\u015br\u00f3d wszystkich pa\u0144stw OECD. Firmy, wype\u0142niaj\u0105c nieobsadzone stanowiska pracy, ch\u0119tnie si\u0119gaj\u0105 po <strong>pracownik\u00f3w z Ukrainy i Azji<\/strong>, doceniaj\u0105c ich motywacj\u0119 i zaanga\u017cowanie.<\/p>\n\n\n<h2 class=\"wp-block-heading\" id=\"zatrudnienie-pracownikow-ze-wschodu-oferta\">Zatrudnienie pracownik\u00f3w ze Wschodu &#8211; oferta<\/h2>\n\n\n<p>Grupa EWL, jako wiod\u0105ca agencja po\u015brednictwa pracy, od ponad 13 lat wspiera przedsi\u0119biorstwa w rekrutacji i zatrudnieniu pracownik\u00f3w z zagranicy. Nasza oferta obejmuje:<\/p>\n\n\n\n<ul class=\"wp-block-list\"><li><strong>Rekrutacj\u0119 i selekcj\u0119 pracownik\u00f3w z Ukrainy i Wschodu<\/strong><\/li><li><strong><a href=\"https:\/\/ewl.com.pl\/leasing-pracownikow\/\">Kompleksowa us\u0142ug\u0119 leasingu (wynajmu) pracownik\u00f3w<\/a><\/strong><\/li><li><strong><a href=\"https:\/\/ewl.com.pl\/legalizacja-zatrudnienia-cudzoziemcow\/\">Obs\u0142ug\u0119 legalizacji zatrudnienia i pobytu<\/a><\/strong><\/li><li><strong><a href=\"https:\/\/ewl.com.pl\/outsourcing-procesow-i-pracownikow\/\">Us\u0142ugi outsourcing proces\u00f3w i funkcji<\/a><\/strong><\/li><li><strong><a href=\"https:\/\/ewl.com.pl\/transgraniczne-delegowanie-pracownikow\/\">Transgraniczne delegowanie pracownik\u00f3w do kraj\u00f3w europejskich<\/a><\/strong><\/li><li><strong>Legalne zatrudnienie obcokrajowc\u00f3w<\/strong><\/li><\/ul>\n\n\n\n<p><\/p>\n\n\n\n<hr class=\"wp-block-separator\"\/>\n\n\n\n\n\n<p><\/p>\n\n\n\n<hr class=\"wp-block-separator\"\/>\n\n\n\n<p><\/p>\n\n\n<h2 class=\"wp-block-heading\" id=\"zatrudnienie-pracownikow-z-ukrainy-gdzie-znalezc-personel-do-pracy\">Zatrudnienie pracownik\u00f3w z Ukrainy \u2013 gdzie znale\u017a\u0107 personel do pracy?<\/h2>\n\n\n<p><strong>Pracownicy z Ukrainy<\/strong>, to najliczniejsza grupa obcokrajowc\u00f3w pracuj\u0105cych czasowo w Polsce. Wp\u0142ywa na to bez w\u0105tpienia obowi\u0105zuj\u0105ca od 2008 roku uproszczona procedura dost\u0119pu do rynku pracy dla obywateli Ukrainy (oraz Armenii, Bia\u0142orusi, Gruzji, Mo\u0142dawii i Rosji). Dzi\u0119ki niej <strong><a href=\"https:\/\/ewl.com.pl\/zatrudnienie-pracownika-z-ukrainy-w-3-krokach\/\">zatrudnienie personelu z Ukrainy jest proste i stosunkowo szybkie<\/a><\/strong>.<\/p>\n\n\n\n<p>Drugim elementem wp\u0142ywaj\u0105cym na wysokie zainteresowanie <strong>rekrutacj\u0105 i zatrudnieniem pracownik\u00f3w z Ukrainy<\/strong> jest blisko\u015b\u0107 j\u0119zykowa i kulturowa, kt\u00f3ra znacznie u\u0142atwia wdro\u017cenie nowych pracownik\u00f3w w ich obowi\u0105zki oraz integracj\u0119 z zespo\u0142em. Najprostszym sposobem na znalezienie pracownik\u00f3w ze wschodu jest zg\u0142oszenie si\u0119 do wyspecjalizowanej agencji po\u015brednictwa pracy, kt\u00f3ra wie <strong>jak zatrudni\u0107 pracownik\u00f3w z Ukrainy<\/strong> czy Azji.<\/p>\n\n\n<h2 class=\"wp-block-heading\" id=\"pracownicy-z-azji-rozwiazanie-na-braki-kadrowe\"><strong>Pracownicy z Azji \u2013 rozwi\u0105zanie na braki kadrowe<\/strong><strong><\/strong><\/h2>\n\n\n<p>Szacuje si\u0119, \u017ce 60% personelu do pracy na \u015bwiecie pochodzi z Azji i kraj\u00f3w Pacyfiku. Nowoczesne technologie oraz rozw\u00f3j transportu sprzyjaj\u0105cy skracaniu dystansu, powoduje, \u017ce pracownicy z tej cz\u0119\u015bci \u015bwiata s\u0105 coraz cz\u0119\u015bciej zatrudniani w krajach europejskich, w tym w Polsce. Pracodawcy, zach\u0119ceni mo\u017cliwo\u015bci\u0105 <strong>d\u0142ugoterminowego zatrudnienia pracownik\u00f3w z Azji<\/strong>, zlecaj\u0105 rekrutacj\u0119 cudzoziemc\u00f3w wyspecjalizowanym agencjom po\u015brednictwa pracy.<\/p>\n\n\n<h2 class=\"wp-block-heading\" id=\"zatrudnienie-ukrainca-o-czym-nalezy-pamietac\"><strong>Zatrudnienie Ukrai\u0144ca \u2013 o czym nale\u017cy pami\u0119ta\u0107?<\/strong><\/h2>\n\n\n<p>Decyduj\u0105c si\u0119 na <strong>zatrudnienie pracownik\u00f3w z Ukrainy<\/strong> trzeba pami\u0119ta\u0107 o kilku istotnych kwestiach, dzi\u0119ki kt\u00f3rym proces rekrutacji i zatrudnienia pracownik\u00f3w ze wschodu przebiegnie sprawnie.<\/p>\n\n\n\n<ol type=\"1\"><li><strong>Zaproszenie dla pracownika z Ukrainy<\/strong>, czyli o\u015bwiadczenie o powierzeniu pracy, powinno zawiera\u0107 rzetelne informacje, kt\u00f3re znajd\u0105 odzwierciedlenie w umowie o prac\u0119. W dokumencie powinno zosta\u0107 wskazane m.in. dok\u0142adne stanowisko pracy, miejsce jej wykonywania, wymiar etatu oraz stawka wynagrodzenia. Warto pami\u0119ta\u0107, \u017ce zmiany u warunkach zatrudnienia wymagaj\u0105 z\u0142o\u017cenia nowego o\u015bwiadczenia we w\u0142a\u015bciwym urz\u0119dzie pracy.<\/li><li><strong>Wiza pracownicza dla kandydata z Ukrainy<\/strong> \u2013 pracownik z Ukrainy mo\u017ce przebywa\u0107 w Polsce na podstawie wa\u017cnej wizy, karty pobytu lub w ramach ruchu bezwizowego do maksymalnie 3 miesi\u0119cy. Nale\u017cy pami\u0119ta\u0107, \u017ce nie ka\u017cdy rodzaj wizy pozwala na podj\u0119cie przez cudzoziemca pracy<\/li><li><strong>Mieszkanie dla pracownika z Ukrainy<\/strong> \u2013 szczeg\u00f3lnie na pocz\u0105tkowym etapie zatrudnienia bardzo wa\u017cn\u0105 kwesti\u0105 jest zatroszczenie si\u0119 o potrzeby bytowe zatrudnianych przez nas kandydat\u00f3w. Warto z wyprzedzeniem zaplanowa\u0107 onboarding cudzoziemc\u00f3w, w\u0142\u0105czaj\u0105c w te dzia\u0142ania m.in. pokazanie drogi z domu do pracy czy udzielenie informacji o mo\u017cliwo\u015bci korzystania z publicznej s\u0142u\u017cby zdrowia<\/li><\/ol>\n\n\n\n<p>Decyduj\u0105c si\u0119 na wsp\u00f3\u0142prac\u0119 z nami zyskuj\u0105 Pa\u0144stwo sprawdzonego i bezpiecznego partnera biznesowego, kt\u00f3ry zadba o <strong>proces rekrutacji i zatrudnienia<\/strong>. <a href=\"\/\">Agencja EWL<\/a>, dzi\u0119ki wieloletniemu do\u015bwiadczeniu, eksperckiemu know-how i rozbudowanej sieci partner\u00f3w biznesowych sprawnie pozyskuje kandydat\u00f3w z Azji, dba o legalizacj\u0119 ich pobytu i pracy w Polsce oraz zapewnia wsparcie na ka\u017cdym etapie zatrudnienia.<\/p>\n\n\n\n<p class=\"has-text-align-center\"><p class=\"has-text-align-center\" id=\"block-cc8faf16-04b3-4cec-856d-25c4ebc9dc0c\"><strong>Zapraszamy do kontaktu!<\/strong><br>Z pewno\u015bci\u0105 dopasujemy najlepsze rozwi\u0105zanie na miar\u0119 potrzeb Pa\u0144stwa firmy.<\/p><\/p>\n\n\n\n<div id=\"block-755fc39c-d594-4ac0-9a47-1a6d9f7ca4db\" class=\"wp-block-image\"><figure class=\"aligncenter size-large is-resized\"><img loading=\"lazy\" decoding=\"async\" src=\"https:\/\/ewl.com.pl\/wp-content\/uploads\/2021\/02\/renata-ostrowska-leasing-pracownikow-agencja-ewl-3.png\" alt=\"Renata Ostrowska - agencja EWL - wynajem pracownik\u00f3w\" class=\"wp-image-46119\" width=\"200\" height=\"200\" srcset=\"https:\/\/ewl.com.pl\/ewl\/wp-content\/uploads\/2021\/02\/renata-ostrowska-leasing-pracownikow-agencja-ewl-3.png 300w, https:\/\/ewl.com.pl\/ewl\/wp-content\/uploads\/2021\/02\/renata-ostrowska-leasing-pracownikow-agencja-ewl-3-150x150.png 150w\" sizes=\"auto, (max-width: 200px) 100vw, 200px\" \/><figcaption><strong>Renata Ostrowska<\/strong><br>Deputy Sales Director w EWL Group<\/figcaption><\/figure><\/div>\n\n\n\n<p class=\"has-text-align-center\"><\/p>\n\n\n","protected":false},"excerpt":{"rendered":"<p>Szybki rozw\u00f3j polskiej gospodarki na przestrzeni ostatnich lat spowodowa\u0142 wzrost zapotrzebowania na pracownik\u00f3w z zagranicy. Polska plasuje si\u0119 w czo\u0142\u00f3wce kraj\u00f3w przyjmuj\u0105cych zagranicznych pracownik\u00f3w tymczasowych w\u015br\u00f3d wszystkich pa\u0144stw OECD. Firmy, wype\u0142niaj\u0105c nieobsadzone stanowiska pracy, ch\u0119tnie si\u0119gaj\u0105 po pracownik\u00f3w z Ukrainy i Azji, doceniaj\u0105c ich motywacj\u0119 i zaanga\u017cowanie. Zatrudnienie pracownik\u00f3w ze Wschodu &#8211; oferta Grupa EWL, [&hellip;]<\/p>\n","protected":false},"author":42,"featured_media":0,"parent":0,"menu_order":0,"comment_status":"closed","ping_status":"closed","template":"","meta":{"_acf_changed":false,"footnotes":""},"class_list":["post-45241","page","type-page","status-publish","hentry"],"acf":[],"yoast_head":"<!-- This site is optimized with the Yoast SEO plugin v24.9 - https:\/\/yoast.com\/wordpress\/plugins\/seo\/ -->\n<title>Pracownicy z Ukrainy i Azji - zatrudnianie Ukrai\u0144c\u00f3w, leasing, outsourcing<\/title>\n<meta name=\"description\" content=\"Zesp\u00f3\u0142 EWL dysponuje jedn\u0105 z najwi\u0119kszych sieci rekruter\u00f3w, co powala nam szybko zatrudnia\u0107 pracownik\u00f3w z Ukrainy na potrzeby firm w Europie\" \/>\n<meta name=\"robots\" content=\"noindex, follow\" \/>\n<meta property=\"og:locale\" content=\"pl_PL\" \/>\n<meta property=\"og:type\" content=\"article\" \/>\n<meta property=\"og:title\" content=\"Pracownicy z Ukrainy i Azji - zatrudnianie Ukrai\u0144c\u00f3w, leasing, outsourcing\" \/>\n<meta property=\"og:description\" content=\"Zesp\u00f3\u0142 EWL dysponuje jedn\u0105 z najwi\u0119kszych sieci rekruter\u00f3w, co powala nam szybko zatrudnia\u0107 pracownik\u00f3w z Ukrainy na potrzeby firm w Europie\" \/>\n<meta property=\"og:url\" content=\"https:\/\/ewl.com.pl\/pracownicy-z-ukrainy-i-azji\/\" \/>\n<meta property=\"og:site_name\" content=\"EWL Group\" \/>\n<meta property=\"article:modified_time\" content=\"2021-07-01T05:25:51+00:00\" \/>\n<meta property=\"og:image\" content=\"https:\/\/ewl.com.pl\/wp-content\/uploads\/2021\/02\/pracownicy-z-ukrainy-i-wschodu-EWL.jpg\" \/>\n<meta name=\"twitter:card\" content=\"summary_large_image\" \/>\n<meta name=\"twitter:label1\" content=\"Est. reading time\" \/>\n\t<meta name=\"twitter:data1\" content=\"3 minuty\" \/>\n<script type=\"application\/ld+json\" class=\"yoast-schema-graph\">{\"@context\":\"https:\/\/schema.org\",\"@graph\":[{\"@type\":\"WebPage\",\"@id\":\"https:\/\/ewl.com.pl\/ewl\/pracownicy-z-ukrainy-i-azji\/\",\"url\":\"https:\/\/ewl.com.pl\/pracownicy-z-ukrainy-i-azji\/\",\"name\":\"Pracownicy z Ukrainy i Azji - zatrudnianie Ukrai\u0144c\u00f3w, leasing, outsourcing\",\"isPartOf\":{\"@id\":\"https:\/\/ewl.com.pl\/ewl\/#website\"},\"primaryImageOfPage\":{\"@id\":\"https:\/\/ewl.com.pl\/pracownicy-z-ukrainy-i-azji\/#primaryimage\"},\"image\":{\"@id\":\"https:\/\/ewl.com.pl\/pracownicy-z-ukrainy-i-azji\/#primaryimage\"},\"thumbnailUrl\":\"https:\/\/ewl.com.pl\/wp-content\/uploads\/2021\/02\/pracownicy-z-ukrainy-i-wschodu-EWL.jpg\",\"datePublished\":\"2021-02-03T09:02:42+00:00\",\"dateModified\":\"2021-07-01T05:25:51+00:00\",\"description\":\"Zesp\u00f3\u0142 EWL dysponuje jedn\u0105 z najwi\u0119kszych sieci rekruter\u00f3w, co powala nam szybko zatrudnia\u0107 pracownik\u00f3w z Ukrainy na potrzeby firm w Europie\",\"breadcrumb\":{\"@id\":\"https:\/\/ewl.com.pl\/pracownicy-z-ukrainy-i-azji\/#breadcrumb\"},\"inLanguage\":\"pl-PL\",\"potentialAction\":[{\"@type\":\"ReadAction\",\"target\":[\"https:\/\/ewl.com.pl\/pracownicy-z-ukrainy-i-azji\/\"]}]},{\"@type\":\"ImageObject\",\"inLanguage\":\"pl-PL\",\"@id\":\"https:\/\/ewl.com.pl\/pracownicy-z-ukrainy-i-azji\/#primaryimage\",\"url\":\"https:\/\/ewl.com.pl\/wp-content\/uploads\/2021\/02\/pracownicy-z-ukrainy-i-wschodu-EWL.jpg\",\"contentUrl\":\"https:\/\/ewl.com.pl\/wp-content\/uploads\/2021\/02\/pracownicy-z-ukrainy-i-wschodu-EWL.jpg\"},{\"@type\":\"BreadcrumbList\",\"@id\":\"https:\/\/ewl.com.pl\/pracownicy-z-ukrainy-i-azji\/#breadcrumb\",\"itemListElement\":[{\"@type\":\"ListItem\",\"position\":1,\"name\":\"Home\",\"item\":\"https:\/\/ewl.com.pl\/ewl\/\"},{\"@type\":\"ListItem\",\"position\":2,\"name\":\"Pracownicy z Ukrainy i Azji\"}]},{\"@type\":\"WebSite\",\"@id\":\"https:\/\/ewl.com.pl\/ewl\/#website\",\"url\":\"https:\/\/ewl.com.pl\/ewl\/\",\"name\":\"EWL Group\",\"description\":\"\",\"publisher\":{\"@id\":\"https:\/\/ewl.com.pl\/ewl\/#organization\"},\"potentialAction\":[{\"@type\":\"SearchAction\",\"target\":{\"@type\":\"EntryPoint\",\"urlTemplate\":\"https:\/\/ewl.com.pl\/ewl\/?s={search_term_string}\"},\"query-input\":{\"@type\":\"PropertyValueSpecification\",\"valueRequired\":true,\"valueName\":\"search_term_string\"}}],\"inLanguage\":\"pl-PL\"},{\"@type\":\"Organization\",\"@id\":\"https:\/\/ewl.com.pl\/ewl\/#organization\",\"name\":\"EWL Group\",\"url\":\"https:\/\/ewl.com.pl\/ewl\/\",\"logo\":{\"@type\":\"ImageObject\",\"inLanguage\":\"pl-PL\",\"@id\":\"https:\/\/ewl.com.pl\/ewl\/#\/schema\/logo\/image\/\",\"url\":\"https:\/\/ewl.com.pl\/wp-content\/uploads\/2020\/06\/logo-white@2x.png\",\"contentUrl\":\"https:\/\/ewl.com.pl\/wp-content\/uploads\/2020\/06\/logo-white@2x.png\",\"width\":312,\"height\":130,\"caption\":\"EWL Group\"},\"image\":{\"@id\":\"https:\/\/ewl.com.pl\/ewl\/#\/schema\/logo\/image\/\"}}]}<\/script>\n<!-- \/ Yoast SEO plugin. -->","yoast_head_json":{"title":"Pracownicy z Ukrainy i Azji - zatrudnianie Ukrai\u0144c\u00f3w, leasing, outsourcing","description":"Zesp\u00f3\u0142 EWL dysponuje jedn\u0105 z najwi\u0119kszych sieci rekruter\u00f3w, co powala nam szybko zatrudnia\u0107 pracownik\u00f3w z Ukrainy na potrzeby firm w Europie","robots":{"index":"noindex","follow":"follow"},"og_locale":"pl_PL","og_type":"article","og_title":"Pracownicy z Ukrainy i Azji - zatrudnianie Ukrai\u0144c\u00f3w, leasing, outsourcing","og_description":"Zesp\u00f3\u0142 EWL dysponuje jedn\u0105 z najwi\u0119kszych sieci rekruter\u00f3w, co powala nam szybko zatrudnia\u0107 pracownik\u00f3w z Ukrainy na potrzeby firm w Europie","og_url":"https:\/\/ewl.com.pl\/pracownicy-z-ukrainy-i-azji\/","og_site_name":"EWL Group","article_modified_time":"2021-07-01T05:25:51+00:00","og_image":[{"url":"https:\/\/ewl.com.pl\/wp-content\/uploads\/2021\/02\/pracownicy-z-ukrainy-i-wschodu-EWL.jpg","type":"","width":"","height":""}],"twitter_card":"summary_large_image","twitter_misc":{"Est. reading time":"3 minuty"},"schema":{"@context":"https:\/\/schema.org","@graph":[{"@type":"WebPage","@id":"https:\/\/ewl.com.pl\/ewl\/pracownicy-z-ukrainy-i-azji\/","url":"https:\/\/ewl.com.pl\/pracownicy-z-ukrainy-i-azji\/","name":"Pracownicy z Ukrainy i Azji - zatrudnianie Ukrai\u0144c\u00f3w, leasing, outsourcing","isPartOf":{"@id":"https:\/\/ewl.com.pl\/ewl\/#website"},"primaryImageOfPage":{"@id":"https:\/\/ewl.com.pl\/pracownicy-z-ukrainy-i-azji\/#primaryimage"},"image":{"@id":"https:\/\/ewl.com.pl\/pracownicy-z-ukrainy-i-azji\/#primaryimage"},"thumbnailUrl":"https:\/\/ewl.com.pl\/wp-content\/uploads\/2021\/02\/pracownicy-z-ukrainy-i-wschodu-EWL.jpg","datePublished":"2021-02-03T09:02:42+00:00","dateModified":"2021-07-01T05:25:51+00:00","description":"Zesp\u00f3\u0142 EWL dysponuje jedn\u0105 z najwi\u0119kszych sieci rekruter\u00f3w, co powala nam szybko zatrudnia\u0107 pracownik\u00f3w z Ukrainy na potrzeby firm w Europie","breadcrumb":{"@id":"https:\/\/ewl.com.pl\/pracownicy-z-ukrainy-i-azji\/#breadcrumb"},"inLanguage":"pl-PL","potentialAction":[{"@type":"ReadAction","target":["https:\/\/ewl.com.pl\/pracownicy-z-ukrainy-i-azji\/"]}]},{"@type":"ImageObject","inLanguage":"pl-PL","@id":"https:\/\/ewl.com.pl\/pracownicy-z-ukrainy-i-azji\/#primaryimage","url":"https:\/\/ewl.com.pl\/wp-content\/uploads\/2021\/02\/pracownicy-z-ukrainy-i-wschodu-EWL.jpg","contentUrl":"https:\/\/ewl.com.pl\/wp-content\/uploads\/2021\/02\/pracownicy-z-ukrainy-i-wschodu-EWL.jpg"},{"@type":"BreadcrumbList","@id":"https:\/\/ewl.com.pl\/pracownicy-z-ukrainy-i-azji\/#breadcrumb","itemListElement":[{"@type":"ListItem","position":1,"name":"Home","item":"https:\/\/ewl.com.pl\/ewl\/"},{"@type":"ListItem","position":2,"name":"Pracownicy z Ukrainy i Azji"}]},{"@type":"WebSite","@id":"https:\/\/ewl.com.pl\/ewl\/#website","url":"https:\/\/ewl.com.pl\/ewl\/","name":"EWL Group","description":"","publisher":{"@id":"https:\/\/ewl.com.pl\/ewl\/#organization"},"potentialAction":[{"@type":"SearchAction","target":{"@type":"EntryPoint","urlTemplate":"https:\/\/ewl.com.pl\/ewl\/?s={search_term_string}"},"query-input":{"@type":"PropertyValueSpecification","valueRequired":true,"valueName":"search_term_string"}}],"inLanguage":"pl-PL"},{"@type":"Organization","@id":"https:\/\/ewl.com.pl\/ewl\/#organization","name":"EWL Group","url":"https:\/\/ewl.com.pl\/ewl\/","logo":{"@type":"ImageObject","inLanguage":"pl-PL","@id":"https:\/\/ewl.com.pl\/ewl\/#\/schema\/logo\/image\/","url":"https:\/\/ewl.com.pl\/wp-content\/uploads\/2020\/06\/logo-white@2x.png","contentUrl":"https:\/\/ewl.com.pl\/wp-content\/uploads\/2020\/06\/logo-white@2x.png","width":312,"height":130,"caption":"EWL Group"},"image":{"@id":"https:\/\/ewl.com.pl\/ewl\/#\/schema\/logo\/image\/"}}]}},"_links":{"self":[{"href":"https:\/\/ewl.com.pl\/ewl\/wp-json\/wp\/v2\/pages\/45241","targetHints":{"allow":["GET"]}}],"collection":[{"href":"https:\/\/ewl.com.pl\/ewl\/wp-json\/wp\/v2\/pages"}],"about":[{"href":"https:\/\/ewl.com.pl\/ewl\/wp-json\/wp\/v2\/types\/page"}],"author":[{"embeddable":true,"href":"https:\/\/ewl.com.pl\/ewl\/wp-json\/wp\/v2\/users\/42"}],"replies":[{"embeddable":true,"href":"https:\/\/ewl.com.pl\/ewl\/wp-json\/wp\/v2\/comments?post=45241"}],"version-history":[{"count":17,"href":"https:\/\/ewl.com.pl\/ewl\/wp-json\/wp\/v2\/pages\/45241\/revisions"}],"predecessor-version":[{"id":47626,"href":"https:\/\/ewl.com.pl\/ewl\/wp-json\/wp\/v2\/pages\/45241\/revisions\/47626"}],"wp:attachment":[{"href":"https:\/\/ewl.com.pl\/ewl\/wp-json\/wp\/v2\/media?parent=45241"}],"curies":[{"name":"wp","href":"https:\/\/api.w.org\/{rel}","templated":true}]}}