{"id":43878,"date":"2021-01-07T14:51:21","date_gmt":"2021-01-07T13:51:21","guid":{"rendered":"https:\/\/ewl.com.pl\/?page_id=43878"},"modified":"2021-10-15T16:57:58","modified_gmt":"2021-10-15T14:57:58","slug":"rekrutacje-specjalistyczne-pracownicy-it","status":"publish","type":"page","link":"https:\/\/ewl.com.pl\/ewl\/rekrutacje-specjalistyczne-pracownicy-it\/","title":{"rendered":"Rekrutacje specjalistyczne &#8211; pracownicy IT"},"content":{"rendered":"<h2 class=\"wp-block-heading\" id=\"rekrutacja-pracownikow-it\">Rekrutacja pracownik\u00f3w IT<\/h2>\n\n\n<div class=\"wp-block-image\"><figure class=\"alignright size-large is-resized\"><img loading=\"lazy\" decoding=\"async\" src=\"https:\/\/ewl.com.pl\/wp-content\/uploads\/2021\/01\/rekrutacje-specjalistycze-pracownicy-it-ewl.jpg\" alt=\"\" class=\"wp-image-44687\" width=\"300\" height=\"209\"\/><\/figure><\/div>\n\n\n\n<p>\u015awiat si\u0119 rozwija dzi\u0119ki nowoczesnym rozwi\u0105zaniom. Szybki rozw\u00f3j technologiczny firm oznacza sta\u0142e zapotrzebowanie na nowych <strong>pracownik\u00f3w w sektorze IT<\/strong>.&nbsp; Polska jest obecnie jednym z najwi\u0119kszych rynk\u00f3w IT w Europie \u015arodkowo-Wschodniej.<\/p>\n\n\n\n<p><strong>Zapotrzebowanie na pracownik\u00f3w IT<\/strong> stale wzrasta, a liczba ofert pracy w tym sektorze przewy\u017csza liczb\u0119 kandydat\u00f3w. Kandydaci doskonale zdaj\u0105 sobie spraw\u0119 z tego, \u017ce w ich bran\u017cy panuje znaczny deficyt specjalist\u00f3w.<\/p>\n\n\n<h2 class=\"wp-block-heading\" id=\"poszukiwanie-specjalistow-do-it-oferta-dla-firm\">Poszukiwanie specjalist\u00f3w do IT &#8211; oferta dla firm<\/h2>\n\n\n<p>Nasza oferta stanowi kompleksow\u0105 propozycj\u0119 dla firm, kt\u00f3re poszukuj\u0105 <strong>specjalist\u00f3w z bran\u017cy IT<\/strong>. Dzi\u0119ki szerokiej sieci partner\u00f3w, po dog\u0142\u0119bnym zapoznaniu si\u0119 z oczekiwaniami klienta, skutecznie docieramy do kandydat\u00f3w z Polski oraz kraj\u00f3w Europy wschodniej. W ramach wybranej us\u0142ugi EWL S.A. oferuje mi\u0119dzy innymi:<\/p>\n\n\n\n<ul class=\"wp-block-list\"><li><strong>selekcj\u0119 i rekrutacj\u0119 specjalist\u00f3w z bran\u017cy IT<\/strong><\/li><li><strong>analiz\u0119 rynku i dost\u0119pno\u015bci kandydat\u00f3w do pracy<\/strong><\/li><li><strong>doradztwo w zakresie zatrudnienia cudzoziemc\u00f3w<\/strong><\/li><li><strong>organizacj\u0119 przejazdu oraz zakwaterowania pracownik\u00f3w<\/strong><\/li><li><strong><a href=\"https:\/\/ewl.com.pl\/legalizacja-zatrudnienia-cudzoziemcow\/\">legalizacj\u0119 dokument\u00f3w zatrudnienia<\/a><\/strong><\/li><li><strong>kompleksow\u0105 obs\u0142ug\u0119 kadrow\u0105<\/strong><\/li><li><strong>wsparcie w zaplanowaniu strategii rekrutacji do zespo\u0142u IT<\/strong><\/li><li><strong>raporty dotycz\u0105ce kolejnych etap\u00f3w rekrutacji<\/strong><\/li><li><strong>stworzenie narz\u0119dzia oceny kompetencji kandydat\u00f3w<\/strong><\/li><\/ul>\n\n\n\n<hr class=\"wp-block-separator\"\/>\n\n\n\n<p><\/p>\n\n\n\n\n\n<p><\/p>\n\n\n\n<hr class=\"wp-block-separator\"\/>\n\n\n<h2 class=\"wp-block-heading\" id=\"pracownicy-dla-branzy-it\"><strong>Pracownicy dla bran\u017cy IT<\/strong><\/h2>\n\n\n<p>U\u017cywanie tradycyjnych narz\u0119dzi rekrutacyjnych, takich jak oferty pracy publikowane na portalach og\u0142oszeniowych czy rekrutacyjnych, jest w przypadku bran\u017cy IT cz\u0119sto nie przynosz\u0105 zadowalaj\u0105cych efekt\u00f3w. Niezmiennie w rekrutacji wykorzystuje si\u0119 zadania i testy (Assessment Centre, testy kompetencyjne, psychometryczne itp.), maj\u0105ce podnie\u015b\u0107 trafno\u015b\u0107 procesu rekrutacji. Szuka si\u0119 r\u00f3wnie\u017c bardziej innowacyjnych rozwi\u0105za\u0144, zw\u0142aszcza, kiedy kieruje si\u0119 je do bardziej&nbsp; specyficznych&nbsp; grup&nbsp; takich&nbsp; jak w\u0142a\u015bnie <strong>do\u015bwiadczeni specjali\u015bci IT<\/strong>, kt\u00f3rzy musz\u0105 wykaza\u0107 si\u0119 bardzo konkretn\u0105 wiedz\u0105, trudn\u0105 do sprawdzenia.<\/p>\n\n\n<h2 class=\"wp-block-heading\" id=\"potrzeby-rekrutacyjne-w-dzialach-it\">Potrzeby rekrutacyjne w dzia\u0142ach IT<\/h2>\n\n\n<p>W przypadku specjalistycznych rekrutacji do IT oferujemy tak\u017ce wielowymiarowe badanie kompetencji mi\u0119kkich kandydat\u00f3w. Pozwala ono na <strong>dopasowanie specjalisty do obecnej struktury dzia\u0142u IT klienta<\/strong>, niezale\u017cnie czy jeste\u015bcie Pa\u0144stwo niewielkim start-upem, czy te\u017c du\u017c\u0105 organizacj\u0105 z wypracowanymi i okre\u015blonymi standardami.<\/p>\n\n\n\n<p>Poza kompetencjami, nasza oferta wsparcia w rekrutacjach IT dotyczy tak\u017ce znalezienie specjalisty, kt\u00f3ry spe\u0142nia Pa\u0144stwa oczekiwania tak\u017ce w zakresie technologii, z jakimi do tej pory pracowa\u0142 (<strong>Java, C++, C#, Python, PHP, HTML, CSS, SQL<\/strong>).<\/p>\n\n\n<h2 class=\"wp-block-heading\" id=\"doswiadczenie-w-rekrutacji-do-it\"><strong>Do\u015bwiadczenie<\/strong> w rekrutacji do IT<\/h2>\n\n\n<p>Kluczow\u0105 zalet\u0105 naszej organizacji jest szeroki portfel klient\u00f3w oraz partner\u00f3w rekrutacyjnych. Pozwala nam to nieustannie powi\u0119ksza\u0107 baz\u0119 naszych kandydat\u00f3w i pracownik\u00f3w, co w efekcie zapewnia mo\u017cliwo\u015b\u0107 elastycznego i szybkiego sprostania wymaganiom klient\u00f3w <a href=\"\/\">EWL S.A<\/a>. Dzi\u0119ki temu nasza firma nieustannie zdobywa popularno\u015b\u0107 i buduje renom\u0119 na ca\u0142ym \u015bwiecie. Zebrane <strong>do\u015bwiadczenia w rekrutacji specjalist\u00f3w<\/strong> r\u00f3\u017cnych bran\u017c przek\u0142adaj\u0105 si\u0119 na wypracowane przez nas procesy i zapewniaj\u0105 elastyczno\u015b\u0107 i profesjonalizm w pozyskiwaniu kandydat\u00f3w.<\/p>\n\n\n\n<p class=\"has-text-align-center\"><strong>Zapraszamy do kontaktu!<\/strong><br>Z pewno\u015bci\u0105 dopasujemy najlepsze rozwi\u0105zanie na miar\u0119 potrzeb Pa\u0144stwa firmy.<\/p>\n\n\n\n<div class=\"wp-block-image\"><figure class=\"aligncenter size-large\"><img loading=\"lazy\" decoding=\"async\" width=\"200\" height=\"200\" src=\"https:\/\/ewl.com.pl\/wp-content\/uploads\/2021\/09\/julia-popiel-it-recruitmen-manager-ewl_.jpg\" alt=\"\" class=\"wp-image-50692\" srcset=\"https:\/\/ewl.com.pl\/ewl\/wp-content\/uploads\/2021\/09\/julia-popiel-it-recruitmen-manager-ewl_.jpg 200w, https:\/\/ewl.com.pl\/ewl\/wp-content\/uploads\/2021\/09\/julia-popiel-it-recruitmen-manager-ewl_-150x150.jpg 150w\" sizes=\"auto, (max-width: 200px) 100vw, 200px\" \/><figcaption><strong>Julia Popiel<\/strong><br>IT Recruitment Manager w EWL Group<\/figcaption><\/figure><\/div>\n\n\n","protected":false},"excerpt":{"rendered":"<p>Rekrutacja pracownik\u00f3w IT \u015awiat si\u0119 rozwija dzi\u0119ki nowoczesnym rozwi\u0105zaniom. Szybki rozw\u00f3j technologiczny firm oznacza sta\u0142e zapotrzebowanie na nowych pracownik\u00f3w w sektorze IT.&nbsp; Polska jest obecnie jednym z najwi\u0119kszych rynk\u00f3w IT w Europie \u015arodkowo-Wschodniej. Zapotrzebowanie na pracownik\u00f3w IT stale wzrasta, a liczba ofert pracy w tym sektorze przewy\u017csza liczb\u0119 kandydat\u00f3w. Kandydaci doskonale zdaj\u0105 sobie spraw\u0119 z [&hellip;]<\/p>\n","protected":false},"author":42,"featured_media":0,"parent":0,"menu_order":0,"comment_status":"closed","ping_status":"closed","template":"","meta":{"_acf_changed":false,"footnotes":""},"class_list":["post-43878","page","type-page","status-publish","hentry"],"acf":[],"yoast_head":"<!-- This site is optimized with the Yoast SEO plugin v24.9 - https:\/\/yoast.com\/wordpress\/plugins\/seo\/ -->\n<title>Rekrutacje specjalistyczne - pracownicy IT<\/title>\n<meta name=\"description\" content=\"Skorzystaj z pomocy agencji EWL by zaplanowa\u0107 i zrealizowa\u0107 rekrutacje specjalist\u00f3w z bran\u017cy it. Postaw na lider\u00f3w rynku zatrudnienia!\" \/>\n<meta name=\"robots\" content=\"noindex, follow\" \/>\n<meta property=\"og:locale\" content=\"pl_PL\" \/>\n<meta property=\"og:type\" content=\"article\" \/>\n<meta property=\"og:title\" content=\"Rekrutacje specjalistyczne - pracownicy IT\" \/>\n<meta property=\"og:description\" content=\"Skorzystaj z pomocy agencji EWL by zaplanowa\u0107 i zrealizowa\u0107 rekrutacje specjalist\u00f3w z bran\u017cy it. Postaw na lider\u00f3w rynku zatrudnienia!\" \/>\n<meta property=\"og:url\" content=\"https:\/\/ewl.com.pl\/ewl\/rekrutacje-specjalistyczne-pracownicy-it\/\" \/>\n<meta property=\"og:site_name\" content=\"EWL Group\" \/>\n<meta property=\"article:modified_time\" content=\"2021-10-15T14:57:58+00:00\" \/>\n<meta property=\"og:image\" content=\"https:\/\/ewl.com.pl\/ewl\/wp-content\/uploads\/2021\/01\/rekrutacje-specjalistycze-pracownicy-it-ewl.jpg\" \/>\n\t<meta property=\"og:image:width\" content=\"800\" \/>\n\t<meta property=\"og:image:height\" content=\"533\" \/>\n\t<meta property=\"og:image:type\" content=\"image\/jpeg\" \/>\n<meta name=\"twitter:card\" content=\"summary_large_image\" \/>\n<meta name=\"twitter:image\" content=\"https:\/\/ewl.com.pl\/ewl\/wp-content\/uploads\/2021\/01\/rekrutacje-specjalistycze-pracownicy-it-ewl.jpg\" \/>\n<meta name=\"twitter:label1\" content=\"Est. reading time\" \/>\n\t<meta name=\"twitter:data1\" content=\"3 minuty\" \/>\n<script type=\"application\/ld+json\" class=\"yoast-schema-graph\">{\"@context\":\"https:\/\/schema.org\",\"@graph\":[{\"@type\":\"WebPage\",\"@id\":\"https:\/\/ewl.com.pl\/ewl\/rekrutacje-specjalistyczne-pracownicy-it\/\",\"url\":\"https:\/\/ewl.com.pl\/ewl\/rekrutacje-specjalistyczne-pracownicy-it\/\",\"name\":\"Rekrutacje specjalistyczne - pracownicy IT\",\"isPartOf\":{\"@id\":\"https:\/\/ewl.com.pl\/ewl\/#website\"},\"primaryImageOfPage\":{\"@id\":\"https:\/\/ewl.com.pl\/ewl\/rekrutacje-specjalistyczne-pracownicy-it\/#primaryimage\"},\"image\":{\"@id\":\"https:\/\/ewl.com.pl\/ewl\/rekrutacje-specjalistyczne-pracownicy-it\/#primaryimage\"},\"thumbnailUrl\":\"https:\/\/ewl.com.pl\/wp-content\/uploads\/2021\/01\/rekrutacje-specjalistycze-pracownicy-it-ewl.jpg\",\"datePublished\":\"2021-01-07T13:51:21+00:00\",\"dateModified\":\"2021-10-15T14:57:58+00:00\",\"description\":\"Skorzystaj z pomocy agencji EWL by zaplanowa\u0107 i zrealizowa\u0107 rekrutacje specjalist\u00f3w z bran\u017cy it. Postaw na lider\u00f3w rynku zatrudnienia!\",\"breadcrumb\":{\"@id\":\"https:\/\/ewl.com.pl\/ewl\/rekrutacje-specjalistyczne-pracownicy-it\/#breadcrumb\"},\"inLanguage\":\"pl-PL\",\"potentialAction\":[{\"@type\":\"ReadAction\",\"target\":[\"https:\/\/ewl.com.pl\/ewl\/rekrutacje-specjalistyczne-pracownicy-it\/\"]}]},{\"@type\":\"ImageObject\",\"inLanguage\":\"pl-PL\",\"@id\":\"https:\/\/ewl.com.pl\/ewl\/rekrutacje-specjalistyczne-pracownicy-it\/#primaryimage\",\"url\":\"https:\/\/ewl.com.pl\/wp-content\/uploads\/2021\/01\/rekrutacje-specjalistycze-pracownicy-it-ewl.jpg\",\"contentUrl\":\"https:\/\/ewl.com.pl\/wp-content\/uploads\/2021\/01\/rekrutacje-specjalistycze-pracownicy-it-ewl.jpg\"},{\"@type\":\"BreadcrumbList\",\"@id\":\"https:\/\/ewl.com.pl\/ewl\/rekrutacje-specjalistyczne-pracownicy-it\/#breadcrumb\",\"itemListElement\":[{\"@type\":\"ListItem\",\"position\":1,\"name\":\"Home\",\"item\":\"https:\/\/ewl.com.pl\/ewl\/\"},{\"@type\":\"ListItem\",\"position\":2,\"name\":\"Rekrutacje specjalistyczne &#8211; pracownicy IT\"}]},{\"@type\":\"WebSite\",\"@id\":\"https:\/\/ewl.com.pl\/ewl\/#website\",\"url\":\"https:\/\/ewl.com.pl\/ewl\/\",\"name\":\"EWL Group\",\"description\":\"\",\"publisher\":{\"@id\":\"https:\/\/ewl.com.pl\/ewl\/#organization\"},\"potentialAction\":[{\"@type\":\"SearchAction\",\"target\":{\"@type\":\"EntryPoint\",\"urlTemplate\":\"https:\/\/ewl.com.pl\/ewl\/?s={search_term_string}\"},\"query-input\":{\"@type\":\"PropertyValueSpecification\",\"valueRequired\":true,\"valueName\":\"search_term_string\"}}],\"inLanguage\":\"pl-PL\"},{\"@type\":\"Organization\",\"@id\":\"https:\/\/ewl.com.pl\/ewl\/#organization\",\"name\":\"EWL Group\",\"url\":\"https:\/\/ewl.com.pl\/ewl\/\",\"logo\":{\"@type\":\"ImageObject\",\"inLanguage\":\"pl-PL\",\"@id\":\"https:\/\/ewl.com.pl\/ewl\/#\/schema\/logo\/image\/\",\"url\":\"https:\/\/ewl.com.pl\/wp-content\/uploads\/2020\/06\/logo-white@2x.png\",\"contentUrl\":\"https:\/\/ewl.com.pl\/wp-content\/uploads\/2020\/06\/logo-white@2x.png\",\"width\":312,\"height\":130,\"caption\":\"EWL Group\"},\"image\":{\"@id\":\"https:\/\/ewl.com.pl\/ewl\/#\/schema\/logo\/image\/\"}}]}<\/script>\n<!-- \/ Yoast SEO plugin. -->","yoast_head_json":{"title":"Rekrutacje specjalistyczne - pracownicy IT","description":"Skorzystaj z pomocy agencji EWL by zaplanowa\u0107 i zrealizowa\u0107 rekrutacje specjalist\u00f3w z bran\u017cy it. Postaw na lider\u00f3w rynku zatrudnienia!","robots":{"index":"noindex","follow":"follow"},"og_locale":"pl_PL","og_type":"article","og_title":"Rekrutacje specjalistyczne - pracownicy IT","og_description":"Skorzystaj z pomocy agencji EWL by zaplanowa\u0107 i zrealizowa\u0107 rekrutacje specjalist\u00f3w z bran\u017cy it. Postaw na lider\u00f3w rynku zatrudnienia!","og_url":"https:\/\/ewl.com.pl\/ewl\/rekrutacje-specjalistyczne-pracownicy-it\/","og_site_name":"EWL Group","article_modified_time":"2021-10-15T14:57:58+00:00","og_image":[{"width":800,"height":533,"url":"https:\/\/ewl.com.pl\/ewl\/wp-content\/uploads\/2021\/01\/rekrutacje-specjalistycze-pracownicy-it-ewl.jpg","type":"image\/jpeg"}],"twitter_card":"summary_large_image","twitter_image":"https:\/\/ewl.com.pl\/ewl\/wp-content\/uploads\/2021\/01\/rekrutacje-specjalistycze-pracownicy-it-ewl.jpg","twitter_misc":{"Est. reading time":"3 minuty"},"schema":{"@context":"https:\/\/schema.org","@graph":[{"@type":"WebPage","@id":"https:\/\/ewl.com.pl\/ewl\/rekrutacje-specjalistyczne-pracownicy-it\/","url":"https:\/\/ewl.com.pl\/ewl\/rekrutacje-specjalistyczne-pracownicy-it\/","name":"Rekrutacje specjalistyczne - pracownicy IT","isPartOf":{"@id":"https:\/\/ewl.com.pl\/ewl\/#website"},"primaryImageOfPage":{"@id":"https:\/\/ewl.com.pl\/ewl\/rekrutacje-specjalistyczne-pracownicy-it\/#primaryimage"},"image":{"@id":"https:\/\/ewl.com.pl\/ewl\/rekrutacje-specjalistyczne-pracownicy-it\/#primaryimage"},"thumbnailUrl":"https:\/\/ewl.com.pl\/wp-content\/uploads\/2021\/01\/rekrutacje-specjalistycze-pracownicy-it-ewl.jpg","datePublished":"2021-01-07T13:51:21+00:00","dateModified":"2021-10-15T14:57:58+00:00","description":"Skorzystaj z pomocy agencji EWL by zaplanowa\u0107 i zrealizowa\u0107 rekrutacje specjalist\u00f3w z bran\u017cy it. Postaw na lider\u00f3w rynku zatrudnienia!","breadcrumb":{"@id":"https:\/\/ewl.com.pl\/ewl\/rekrutacje-specjalistyczne-pracownicy-it\/#breadcrumb"},"inLanguage":"pl-PL","potentialAction":[{"@type":"ReadAction","target":["https:\/\/ewl.com.pl\/ewl\/rekrutacje-specjalistyczne-pracownicy-it\/"]}]},{"@type":"ImageObject","inLanguage":"pl-PL","@id":"https:\/\/ewl.com.pl\/ewl\/rekrutacje-specjalistyczne-pracownicy-it\/#primaryimage","url":"https:\/\/ewl.com.pl\/wp-content\/uploads\/2021\/01\/rekrutacje-specjalistycze-pracownicy-it-ewl.jpg","contentUrl":"https:\/\/ewl.com.pl\/wp-content\/uploads\/2021\/01\/rekrutacje-specjalistycze-pracownicy-it-ewl.jpg"},{"@type":"BreadcrumbList","@id":"https:\/\/ewl.com.pl\/ewl\/rekrutacje-specjalistyczne-pracownicy-it\/#breadcrumb","itemListElement":[{"@type":"ListItem","position":1,"name":"Home","item":"https:\/\/ewl.com.pl\/ewl\/"},{"@type":"ListItem","position":2,"name":"Rekrutacje specjalistyczne &#8211; pracownicy IT"}]},{"@type":"WebSite","@id":"https:\/\/ewl.com.pl\/ewl\/#website","url":"https:\/\/ewl.com.pl\/ewl\/","name":"EWL Group","description":"","publisher":{"@id":"https:\/\/ewl.com.pl\/ewl\/#organization"},"potentialAction":[{"@type":"SearchAction","target":{"@type":"EntryPoint","urlTemplate":"https:\/\/ewl.com.pl\/ewl\/?s={search_term_string}"},"query-input":{"@type":"PropertyValueSpecification","valueRequired":true,"valueName":"search_term_string"}}],"inLanguage":"pl-PL"},{"@type":"Organization","@id":"https:\/\/ewl.com.pl\/ewl\/#organization","name":"EWL Group","url":"https:\/\/ewl.com.pl\/ewl\/","logo":{"@type":"ImageObject","inLanguage":"pl-PL","@id":"https:\/\/ewl.com.pl\/ewl\/#\/schema\/logo\/image\/","url":"https:\/\/ewl.com.pl\/wp-content\/uploads\/2020\/06\/logo-white@2x.png","contentUrl":"https:\/\/ewl.com.pl\/wp-content\/uploads\/2020\/06\/logo-white@2x.png","width":312,"height":130,"caption":"EWL Group"},"image":{"@id":"https:\/\/ewl.com.pl\/ewl\/#\/schema\/logo\/image\/"}}]}},"_links":{"self":[{"href":"https:\/\/ewl.com.pl\/ewl\/wp-json\/wp\/v2\/pages\/43878","targetHints":{"allow":["GET"]}}],"collection":[{"href":"https:\/\/ewl.com.pl\/ewl\/wp-json\/wp\/v2\/pages"}],"about":[{"href":"https:\/\/ewl.com.pl\/ewl\/wp-json\/wp\/v2\/types\/page"}],"author":[{"embeddable":true,"href":"https:\/\/ewl.com.pl\/ewl\/wp-json\/wp\/v2\/users\/42"}],"replies":[{"embeddable":true,"href":"https:\/\/ewl.com.pl\/ewl\/wp-json\/wp\/v2\/comments?post=43878"}],"version-history":[{"count":51,"href":"https:\/\/ewl.com.pl\/ewl\/wp-json\/wp\/v2\/pages\/43878\/revisions"}],"predecessor-version":[{"id":50936,"href":"https:\/\/ewl.com.pl\/ewl\/wp-json\/wp\/v2\/pages\/43878\/revisions\/50936"}],"wp:attachment":[{"href":"https:\/\/ewl.com.pl\/ewl\/wp-json\/wp\/v2\/media?parent=43878"}],"curies":[{"name":"wp","href":"https:\/\/api.w.org\/{rel}","templated":true}]}}