{"id":38498,"date":"2020-05-15T12:53:16","date_gmt":"2020-05-15T10:53:16","guid":{"rendered":"https:\/\/ewl.com.pl\/?page_id=38498"},"modified":"2021-10-29T07:58:01","modified_gmt":"2021-10-29T05:58:01","slug":"rozwoj-sieci-rekrutacyjnej","status":"publish","type":"page","link":"https:\/\/ewl.com.pl\/ewl\/rozwoj-sieci-rekrutacyjnej\/","title":{"rendered":"Rozw\u00f3j sieci rekrutacyjnej &#8211; EWL Partners"},"content":{"rendered":"\n<p>EWL Partners to globalna marka zrzeszaj\u0105ca <strong>sie\u0107 partner\u00f3w rekrutacyjnych<\/strong> EWL na ca\u0142ym \u015bwiecie. Jako lider rynku zatrudnienia posiadamy i wci\u0105\u017c rozbudowujemy jedn\u0105 z najwi\u0119kszych sieci rekrutacyjnych, wsp\u00f3\u0142pracuj\u0105c z partnerami z r\u00f3\u017cnych region\u00f3w i kraj\u00f3w. Ka\u017cda <strong>agencja rekrutacyjna<\/strong> lub freelancer mo\u017ce do\u0142\u0105czy\u0107 do naszej sieci i wsp\u00f3lnie rozwija\u0107 biznes migracyjny wed\u0142ug najlepszych standard\u00f3w EWL.<\/p>\n\n\n<h2 class=\"wp-block-heading\" id=\"struktura-sieci-ewl-partners\">Struktura sieci EWL Partners<\/h2>\n\n\n<p>Dyrektorem zarz\u0105dzaj\u0105cym ca\u0142\u0105 struktur\u0105 rekrutacyjn\u0105 EWL jest Marcin Ko\u0142odziejczyk posiadaj\u0105cy wieloletnie do\u015bwiadczenie w koordynowaniu i <strong>realizacji projekt\u00f3w rekrutacyjnych<\/strong> w Polsce oraz za granic\u0105. Dodatkowo za lokalny rozw\u00f3j rekrutacji w poszczeg\u00f3lnych regionach i krajach, rozw\u00f3j sieci partner\u00f3w rekrutacji wspieraj\u0105:<\/p>\n\n\n\n<hr class=\"wp-block-separator\"\/>\n\n\n\n<p><strong>Stanislav Dombrovskyy<\/strong> &#8211; <a href=\"http:\/\/ewlpraca.com.ua\/\">http:\/\/ewlpraca.com.ua\/<\/a>  |&nbsp;&nbsp; <a href=\"&#109;&#x61;&#x69;l&#116;&#x6f;:&#115;&#x74;a&#110;&#x69;s&#108;&#x61;&#x76;&#46;&#x64;&#x6f;m&#98;&#x72;o&#118;&#x73;k&#121;&#x69;&#x40;&#101;&#x77;&#x6c;u&#107;&#x72;a&#105;&#x6e;a&#46;&#x63;o&#109;\"><strong>Kontakt<\/strong><\/a><\/p>\n\n\n\n<hr class=\"wp-block-separator\"\/>\n\n\n\n<p><strong>Mariana Semeniuk<\/strong> &#8211; <a href=\"https:\/\/ewlit.com.pl\/\">https:\/\/ewlit.com.pl\/<\/a>&nbsp;&nbsp; |&nbsp;&nbsp; <a href=\"m&#97;&#x69;&#x6c;t&#111;&#58;&#x6d;&#x61;r&#105;&#97;&#x6e;&#x61;&#46;&#115;&#x65;&#x6d;&#x65;n&#105;&#x75;&#x6b;&#64;&#101;&#119;&#x6c;&#x2e;c&#111;&#109;&#x2e;&#x70;l\"><strong>Kontakt<\/strong><\/a><\/p>\n\n\n\n<hr class=\"wp-block-separator\"\/>\n\n\n\n<p><strong>Irena Kowalik<\/strong> &#8211; <a href=\"https:\/\/struktura.ewlpartnerswarszawa.pl\/\">https:\/\/struktura.ewlpartnerswarszawa.pl\/<\/a>&nbsp;&nbsp; |&nbsp;&nbsp; <a href=\"&#109;&#x61;&#105;&#x6c;t&#111;&#x3a;&#105;&#x72;y&#x6e;a&#46;&#x6b;&#111;&#x77;a&#x6c;&#x69;&#107;&#x40;e&#x77;l&#46;&#x63;&#111;&#x6d;&#46;&#x70;l\"><strong>Kontakt<\/strong><\/a><\/p>\n\n\n\n<hr class=\"wp-block-separator\"\/>\n\n\n\n<p><strong>Walery O\u017cog &#8211; <\/strong>Mo\u0142dawia, Azja, Afryka, Ameryka Pd. &nbsp;&nbsp;|&nbsp;&nbsp; <a href=\"&#x6d;&#x61;&#105;l&#x74;&#x6f;&#58;wa&#x6c;&#x65;&#114;y&#x2e;&#x6f;&#46;&#115;i&#x72;&#x6b;&#111;w&#x73;&#x6b;&#105;&#64;e&#x77;&#x6c;&#46;c&#x6f;&#x6d;&#46;&#112;l\"><strong>Kontakt<\/strong><\/a><\/p>\n\n\n\n<hr class=\"wp-block-separator\"\/>\n\n\n\n<p><strong>Ina Rudenka &#8211; <\/strong>Bia\u0142oru\u015b &nbsp;&nbsp;|&nbsp; &nbsp;<a href=\"&#x6d;&#97;i&#x6c;&#x74;&#111;:&#x69;&#x6e;&#97;&#46;&#x72;&#x75;&#100;e&#x6e;&#x6b;&#97;&#64;&#x65;&#119;&#108;&#46;&#x63;&#111;m&#x2e;&#x70;&#108;\"><strong>Kontakt<\/strong><\/a><\/p>\n\n\n\n<hr class=\"wp-block-separator\"\/>\n\n\n\n<p><strong>Alina Necewicz<\/strong> &#8211; rekrutacja pracownik\u00f3w technicznych&nbsp;&nbsp; |&nbsp;&nbsp; <a href=\"&#109;&#x61;&#x69;l&#116;&#x6f;&#x3a;a&#108;&#x69;n&#97;&#x2e;&#x6e;e&#99;&#x65;w&#105;&#x63;&#x7a;&#64;&#101;&#x77;&#x6c;&#46;&#x63;&#x6f;m&#46;&#x70;&#x6c;\"><strong>Kontakt<\/strong><\/a><\/p>\n\n\n\n<hr class=\"wp-block-separator\"\/>\n\n\n<h2 class=\"wp-block-heading\" id=\"wspolpraca-z-ewl-partners\">Wsp\u00f3\u0142praca z EWL Partners<\/h2>\n\n\n<p>Partner\u00f3w zainteresowanych <strong>wsp\u00f3\u0142prac\u0105 przy rekrutacji<\/strong> zapraszamy do kontaktu ze wskazanymi wy\u017cej strukturami lub za po\u015brednictwem naszego <a href=\"https:\/\/ewl.com.pl\/kontakt\/?formSubject=rekruter\" data-type=\"URL\" data-id=\"https:\/\/ewl.com.pl\/kontakt\/?formSubject=rekruter\"><strong>formularza kontaktowego<\/strong><\/a>.<\/p>\n\n\n\n<p>Ka\u017cdy z partner\u00f3w rekrutacji EWL ma mo\u017cliwo\u015b\u0107 bezp\u0142atnego korzystania z dedykowanej, imiennej strony rekrutacyjnej, na kt\u00f3rej prezentowane s\u0105 <strong>wszystkie oferty pracy z EWL<\/strong>. Dzi\u0119ki temu przegl\u0105danie dost\u0119pnych og\u0142osze\u0144 i aplikowanie jest dla kandydat\u00f3w wygodne i bezproblemowe, a o ka\u017cdej kandydaturze rekruter dowiaduje si\u0119 chwil\u0119 po z\u0142o\u017ceniu aplikacji.<\/p>\n\n\n\n<p><strong>Zapraszamy do wsp\u00f3\u0142pracy!<\/strong><\/p>\n","protected":false},"excerpt":{"rendered":"<p>EWL Partners to globalna marka zrzeszaj\u0105ca sie\u0107 partner\u00f3w rekrutacyjnych EWL na ca\u0142ym \u015bwiecie. Jako lider rynku zatrudnienia posiadamy i wci\u0105\u017c rozbudowujemy jedn\u0105 z najwi\u0119kszych sieci rekrutacyjnych, wsp\u00f3\u0142pracuj\u0105c z partnerami z r\u00f3\u017cnych region\u00f3w i kraj\u00f3w. Ka\u017cda agencja rekrutacyjna lub freelancer mo\u017ce do\u0142\u0105czy\u0107 do naszej sieci i wsp\u00f3lnie rozwija\u0107 biznes migracyjny wed\u0142ug najlepszych standard\u00f3w EWL. Struktura sieci [&hellip;]<\/p>\n","protected":false},"author":1,"featured_media":0,"parent":0,"menu_order":0,"comment_status":"closed","ping_status":"closed","template":"","meta":{"_acf_changed":false,"footnotes":""},"class_list":["post-38498","page","type-page","status-publish","hentry"],"acf":[],"yoast_head":"<!-- This site is optimized with the Yoast SEO plugin v24.9 - https:\/\/yoast.com\/wordpress\/plugins\/seo\/ -->\n<title>Zosta\u0144 partnerem rekrutacji w agencji zatrudnienia - EWL Partners<\/title>\n<meta name=\"description\" content=\"Jedna z najszybciej rozwijaj\u0105cych si\u0119 agencji zatrudnienia na \u015bwiecie. Skontaktuj si\u0119 w celu wsp\u00f3\u0142pracy i wsparcia w rekrutacji os\u00f3b do pracy za granic\u0105.\" \/>\n<meta name=\"robots\" content=\"index, follow, max-snippet:-1, max-image-preview:large, max-video-preview:-1\" \/>\n<link rel=\"canonical\" href=\"https:\/\/ewl.com.pl\/\" \/>\n<meta property=\"og:locale\" content=\"pl_PL\" \/>\n<meta property=\"og:type\" content=\"article\" \/>\n<meta property=\"og:title\" content=\"Zosta\u0144 partnerem rekrutacji w agencji zatrudnienia - EWL Partners\" \/>\n<meta property=\"og:description\" content=\"Jedna z najszybciej rozwijaj\u0105cych si\u0119 agencji zatrudnienia na \u015bwiecie. Skontaktuj si\u0119 w celu wsp\u00f3\u0142pracy i wsparcia w rekrutacji os\u00f3b do pracy za granic\u0105.\" \/>\n<meta property=\"og:url\" content=\"https:\/\/ewl.com.pl\/\" \/>\n<meta property=\"og:site_name\" content=\"EWL Group\" \/>\n<meta property=\"article:modified_time\" content=\"2021-10-29T05:58:01+00:00\" \/>\n<meta name=\"twitter:card\" content=\"summary_large_image\" \/>\n<meta name=\"twitter:label1\" content=\"Est. reading time\" \/>\n\t<meta name=\"twitter:data1\" content=\"1 minuta\" \/>\n<script type=\"application\/ld+json\" class=\"yoast-schema-graph\">{\"@context\":\"https:\/\/schema.org\",\"@graph\":[{\"@type\":\"WebPage\",\"@id\":\"https:\/\/ewl.com.pl\/ewl\/rozwoj-sieci-rekrutacyjnej\/\",\"url\":\"https:\/\/ewl.com.pl\/\",\"name\":\"Zosta\u0144 partnerem rekrutacji w agencji zatrudnienia - EWL Partners\",\"isPartOf\":{\"@id\":\"https:\/\/ewl.com.pl\/ewl\/#website\"},\"datePublished\":\"2020-05-15T10:53:16+00:00\",\"dateModified\":\"2021-10-29T05:58:01+00:00\",\"description\":\"Jedna z najszybciej rozwijaj\u0105cych si\u0119 agencji zatrudnienia na \u015bwiecie. Skontaktuj si\u0119 w celu wsp\u00f3\u0142pracy i wsparcia w rekrutacji os\u00f3b do pracy za granic\u0105.\",\"breadcrumb\":{\"@id\":\"https:\/\/ewl.com.pl\/#breadcrumb\"},\"inLanguage\":\"pl-PL\",\"potentialAction\":[{\"@type\":\"ReadAction\",\"target\":[\"https:\/\/ewl.com.pl\/\"]}]},{\"@type\":\"BreadcrumbList\",\"@id\":\"https:\/\/ewl.com.pl\/#breadcrumb\",\"itemListElement\":[{\"@type\":\"ListItem\",\"position\":1,\"name\":\"Home\",\"item\":\"https:\/\/ewl.com.pl\/ewl\/\"},{\"@type\":\"ListItem\",\"position\":2,\"name\":\"Rozw\u00f3j sieci rekrutacyjnej &#8211; EWL Partners\"}]},{\"@type\":\"WebSite\",\"@id\":\"https:\/\/ewl.com.pl\/ewl\/#website\",\"url\":\"https:\/\/ewl.com.pl\/ewl\/\",\"name\":\"EWL Group\",\"description\":\"\",\"publisher\":{\"@id\":\"https:\/\/ewl.com.pl\/ewl\/#organization\"},\"potentialAction\":[{\"@type\":\"SearchAction\",\"target\":{\"@type\":\"EntryPoint\",\"urlTemplate\":\"https:\/\/ewl.com.pl\/ewl\/?s={search_term_string}\"},\"query-input\":{\"@type\":\"PropertyValueSpecification\",\"valueRequired\":true,\"valueName\":\"search_term_string\"}}],\"inLanguage\":\"pl-PL\"},{\"@type\":\"Organization\",\"@id\":\"https:\/\/ewl.com.pl\/ewl\/#organization\",\"name\":\"EWL Group\",\"url\":\"https:\/\/ewl.com.pl\/ewl\/\",\"logo\":{\"@type\":\"ImageObject\",\"inLanguage\":\"pl-PL\",\"@id\":\"https:\/\/ewl.com.pl\/ewl\/#\/schema\/logo\/image\/\",\"url\":\"https:\/\/ewl.com.pl\/wp-content\/uploads\/2020\/06\/logo-white@2x.png\",\"contentUrl\":\"https:\/\/ewl.com.pl\/wp-content\/uploads\/2020\/06\/logo-white@2x.png\",\"width\":312,\"height\":130,\"caption\":\"EWL Group\"},\"image\":{\"@id\":\"https:\/\/ewl.com.pl\/ewl\/#\/schema\/logo\/image\/\"}}]}<\/script>\n<!-- \/ Yoast SEO plugin. -->","yoast_head_json":{"title":"Zosta\u0144 partnerem rekrutacji w agencji zatrudnienia - EWL Partners","description":"Jedna z najszybciej rozwijaj\u0105cych si\u0119 agencji zatrudnienia na \u015bwiecie. Skontaktuj si\u0119 w celu wsp\u00f3\u0142pracy i wsparcia w rekrutacji os\u00f3b do pracy za granic\u0105.","robots":{"index":"index","follow":"follow","max-snippet":"max-snippet:-1","max-image-preview":"max-image-preview:large","max-video-preview":"max-video-preview:-1"},"canonical":"https:\/\/ewl.com.pl\/","og_locale":"pl_PL","og_type":"article","og_title":"Zosta\u0144 partnerem rekrutacji w agencji zatrudnienia - EWL Partners","og_description":"Jedna z najszybciej rozwijaj\u0105cych si\u0119 agencji zatrudnienia na \u015bwiecie. Skontaktuj si\u0119 w celu wsp\u00f3\u0142pracy i wsparcia w rekrutacji os\u00f3b do pracy za granic\u0105.","og_url":"https:\/\/ewl.com.pl\/","og_site_name":"EWL Group","article_modified_time":"2021-10-29T05:58:01+00:00","twitter_card":"summary_large_image","twitter_misc":{"Est. reading time":"1 minuta"},"schema":{"@context":"https:\/\/schema.org","@graph":[{"@type":"WebPage","@id":"https:\/\/ewl.com.pl\/ewl\/rozwoj-sieci-rekrutacyjnej\/","url":"https:\/\/ewl.com.pl\/","name":"Zosta\u0144 partnerem rekrutacji w agencji zatrudnienia - EWL Partners","isPartOf":{"@id":"https:\/\/ewl.com.pl\/ewl\/#website"},"datePublished":"2020-05-15T10:53:16+00:00","dateModified":"2021-10-29T05:58:01+00:00","description":"Jedna z najszybciej rozwijaj\u0105cych si\u0119 agencji zatrudnienia na \u015bwiecie. Skontaktuj si\u0119 w celu wsp\u00f3\u0142pracy i wsparcia w rekrutacji os\u00f3b do pracy za granic\u0105.","breadcrumb":{"@id":"https:\/\/ewl.com.pl\/#breadcrumb"},"inLanguage":"pl-PL","potentialAction":[{"@type":"ReadAction","target":["https:\/\/ewl.com.pl\/"]}]},{"@type":"BreadcrumbList","@id":"https:\/\/ewl.com.pl\/#breadcrumb","itemListElement":[{"@type":"ListItem","position":1,"name":"Home","item":"https:\/\/ewl.com.pl\/ewl\/"},{"@type":"ListItem","position":2,"name":"Rozw\u00f3j sieci rekrutacyjnej &#8211; EWL Partners"}]},{"@type":"WebSite","@id":"https:\/\/ewl.com.pl\/ewl\/#website","url":"https:\/\/ewl.com.pl\/ewl\/","name":"EWL Group","description":"","publisher":{"@id":"https:\/\/ewl.com.pl\/ewl\/#organization"},"potentialAction":[{"@type":"SearchAction","target":{"@type":"EntryPoint","urlTemplate":"https:\/\/ewl.com.pl\/ewl\/?s={search_term_string}"},"query-input":{"@type":"PropertyValueSpecification","valueRequired":true,"valueName":"search_term_string"}}],"inLanguage":"pl-PL"},{"@type":"Organization","@id":"https:\/\/ewl.com.pl\/ewl\/#organization","name":"EWL Group","url":"https:\/\/ewl.com.pl\/ewl\/","logo":{"@type":"ImageObject","inLanguage":"pl-PL","@id":"https:\/\/ewl.com.pl\/ewl\/#\/schema\/logo\/image\/","url":"https:\/\/ewl.com.pl\/wp-content\/uploads\/2020\/06\/logo-white@2x.png","contentUrl":"https:\/\/ewl.com.pl\/wp-content\/uploads\/2020\/06\/logo-white@2x.png","width":312,"height":130,"caption":"EWL Group"},"image":{"@id":"https:\/\/ewl.com.pl\/ewl\/#\/schema\/logo\/image\/"}}]}},"_links":{"self":[{"href":"https:\/\/ewl.com.pl\/ewl\/wp-json\/wp\/v2\/pages\/38498","targetHints":{"allow":["GET"]}}],"collection":[{"href":"https:\/\/ewl.com.pl\/ewl\/wp-json\/wp\/v2\/pages"}],"about":[{"href":"https:\/\/ewl.com.pl\/ewl\/wp-json\/wp\/v2\/types\/page"}],"author":[{"embeddable":true,"href":"https:\/\/ewl.com.pl\/ewl\/wp-json\/wp\/v2\/users\/1"}],"replies":[{"embeddable":true,"href":"https:\/\/ewl.com.pl\/ewl\/wp-json\/wp\/v2\/comments?post=38498"}],"version-history":[{"count":24,"href":"https:\/\/ewl.com.pl\/ewl\/wp-json\/wp\/v2\/pages\/38498\/revisions"}],"predecessor-version":[{"id":51067,"href":"https:\/\/ewl.com.pl\/ewl\/wp-json\/wp\/v2\/pages\/38498\/revisions\/51067"}],"wp:attachment":[{"href":"https:\/\/ewl.com.pl\/ewl\/wp-json\/wp\/v2\/media?parent=38498"}],"curies":[{"name":"wp","href":"https:\/\/api.w.org\/{rel}","templated":true}]}}