{"id":73733,"date":"2023-06-16T13:06:38","date_gmt":"2023-06-16T11:06:38","guid":{"rendered":"https:\/\/ewl.com.pl\/pracownicy-produkcji\/"},"modified":"2023-07-20T14:36:02","modified_gmt":"2023-07-20T12:36:02","slug":"muncitori-de-productie","status":"publish","type":"page","link":"https:\/\/ewl.com.pl\/ewl\/ro\/muncitori-de-productie\/","title":{"rendered":"Muncitori de produc\u021bie &#8211; recrutare \u0219i leasing"},"content":{"rendered":"","protected":false},"excerpt":{"rendered":"","protected":false},"author":37,"featured_media":0,"parent":0,"menu_order":0,"comment_status":"closed","ping_status":"closed","template":"","meta":{"_acf_changed":false,"footnotes":""},"class_list":["post-73733","page","type-page","status-publish","hentry"],"acf":[],"yoast_head":"<!-- This site is optimized with the Yoast SEO plugin v24.9 - https:\/\/yoast.com\/wordpress\/plugins\/seo\/ -->\n<title>Recrutarea de lucr\u0103tori \u00een produc\u021bie - servicii pentru fabricile<\/title>\n<meta name=\"description\" content=\"Recrutarea rapid\u0103 \u0219i eficient\u0103 a lucr\u0103torilor din produc\u021bie. Cu ajutorul EWL, lucr\u0103torii de produc\u021bie recruta\u021bi se vor al\u0103tura companiei dumneavoastr\u0103 ori de c\u00e2te ori este nevoie de ei.\" \/>\n<meta name=\"robots\" content=\"index, follow, max-snippet:-1, max-image-preview:large, max-video-preview:-1\" \/>\n<link rel=\"canonical\" href=\"https:\/\/ewl.com.pl\/ewl\/ro\/muncitori-de-productie\/\" \/>\n<meta property=\"og:locale\" content=\"ro_RO\" \/>\n<meta property=\"og:type\" content=\"article\" \/>\n<meta property=\"og:title\" content=\"Pracownicy na produkcj\u0119 - rekrutacja, wynajem, outsourcing dla firm\" \/>\n<meta property=\"og:description\" content=\"Szybka i efektywna rekrutacja pracownik\u00f3w produkcyjnych. Dzi\u0119ki EWL, zrekrutowani pracownicy na produkcj\u0119 do\u0142\u0105cz\u0105 do Twojej firmy gdy tylko b\u0119d\u0105 potrzebni\" \/>\n<meta property=\"og:url\" content=\"https:\/\/ewl.com.pl\/ewl\/ro\/muncitori-de-productie\/\" \/>\n<meta property=\"og:site_name\" content=\"EWL Group\" \/>\n<meta property=\"article:modified_time\" content=\"2023-07-20T12:36:02+00:00\" \/>\n<meta property=\"og:image\" content=\"https:\/\/ewl.com.pl\/ewl\/wp-content\/uploads\/2021\/03\/pracownicy-na-produkcje-rekrutacja-cudzoziemcow.jpg\" \/>\n\t<meta property=\"og:image:width\" content=\"800\" \/>\n\t<meta property=\"og:image:height\" content=\"490\" \/>\n\t<meta property=\"og:image:type\" content=\"image\/jpeg\" \/>\n<meta name=\"twitter:card\" content=\"summary_large_image\" \/>\n<meta name=\"twitter:title\" content=\"Pracownicy na produkcj\u0119 - rekrutacja, wynajem, outsourcing dla firm\" \/>\n<meta name=\"twitter:description\" content=\"Szybka i efektywna rekrutacja pracownik\u00f3w produkcyjnych. Dzi\u0119ki EWL, zrekrutowani pracownicy na produkcj\u0119 do\u0142\u0105cz\u0105 do Twojej firmy gdy tylko b\u0119d\u0105 potrzebni\" \/>\n<meta name=\"twitter:image\" content=\"https:\/\/ewl.com.pl\/ewl\/wp-content\/uploads\/2021\/03\/pracownicy-na-produkcje-rekrutacja-cudzoziemcow.jpg\" \/>\n<script type=\"application\/ld+json\" class=\"yoast-schema-graph\">{\"@context\":\"https:\/\/schema.org\",\"@graph\":[{\"@type\":\"WebPage\",\"@id\":\"https:\/\/ewl.com.pl\/ewl\/ro\/muncitori-de-productie\/\",\"url\":\"https:\/\/ewl.com.pl\/ewl\/ro\/muncitori-de-productie\/\",\"name\":\"Recrutarea de lucr\u0103tori \u00een produc\u021bie - servicii pentru fabricile\",\"isPartOf\":{\"@id\":\"https:\/\/ewl.com.pl\/ewl\/ro\/#website\"},\"datePublished\":\"2023-06-16T11:06:38+00:00\",\"dateModified\":\"2023-07-20T12:36:02+00:00\",\"description\":\"Recrutarea rapid\u0103 \u0219i eficient\u0103 a lucr\u0103torilor din produc\u021bie. Cu ajutorul EWL, lucr\u0103torii de produc\u021bie recruta\u021bi se vor al\u0103tura companiei dumneavoastr\u0103 ori de c\u00e2te ori este nevoie de ei.\",\"breadcrumb\":{\"@id\":\"https:\/\/ewl.com.pl\/ewl\/ro\/muncitori-de-productie\/#breadcrumb\"},\"inLanguage\":\"ro-RO\",\"potentialAction\":[{\"@type\":\"ReadAction\",\"target\":[\"https:\/\/ewl.com.pl\/ewl\/ro\/muncitori-de-productie\/\"]}]},{\"@type\":\"BreadcrumbList\",\"@id\":\"https:\/\/ewl.com.pl\/ewl\/ro\/muncitori-de-productie\/#breadcrumb\",\"itemListElement\":[{\"@type\":\"ListItem\",\"position\":1,\"name\":\"Home\",\"item\":\"https:\/\/ewl.com.pl\/ewl\/ro\/\"},{\"@type\":\"ListItem\",\"position\":2,\"name\":\"Muncitori de produc\u021bie &#8211; recrutare \u0219i leasing\"}]},{\"@type\":\"WebSite\",\"@id\":\"https:\/\/ewl.com.pl\/ewl\/ro\/#website\",\"url\":\"https:\/\/ewl.com.pl\/ewl\/ro\/\",\"name\":\"EWL Group\",\"description\":\"\",\"publisher\":{\"@id\":\"https:\/\/ewl.com.pl\/ewl\/ro\/#organization\"},\"potentialAction\":[{\"@type\":\"SearchAction\",\"target\":{\"@type\":\"EntryPoint\",\"urlTemplate\":\"https:\/\/ewl.com.pl\/ewl\/ro\/?s={search_term_string}\"},\"query-input\":{\"@type\":\"PropertyValueSpecification\",\"valueRequired\":true,\"valueName\":\"search_term_string\"}}],\"inLanguage\":\"ro-RO\"},{\"@type\":\"Organization\",\"@id\":\"https:\/\/ewl.com.pl\/ewl\/ro\/#organization\",\"name\":\"EWL Group\",\"url\":\"https:\/\/ewl.com.pl\/ewl\/ro\/\",\"logo\":{\"@type\":\"ImageObject\",\"inLanguage\":\"ro-RO\",\"@id\":\"https:\/\/ewl.com.pl\/ewl\/ro\/#\/schema\/logo\/image\/\",\"url\":\"https:\/\/ewl.com.pl\/wp-content\/uploads\/2020\/06\/logo-white@2x.png\",\"contentUrl\":\"https:\/\/ewl.com.pl\/wp-content\/uploads\/2020\/06\/logo-white@2x.png\",\"width\":312,\"height\":130,\"caption\":\"EWL Group\"},\"image\":{\"@id\":\"https:\/\/ewl.com.pl\/ewl\/ro\/#\/schema\/logo\/image\/\"}}]}<\/script>\n<!-- \/ Yoast SEO plugin. -->","yoast_head_json":{"title":"Recrutarea de lucr\u0103tori \u00een produc\u021bie - servicii pentru fabricile","description":"Recrutarea rapid\u0103 \u0219i eficient\u0103 a lucr\u0103torilor din produc\u021bie. Cu ajutorul EWL, lucr\u0103torii de produc\u021bie recruta\u021bi se vor al\u0103tura companiei dumneavoastr\u0103 ori de c\u00e2te ori este nevoie de ei.","robots":{"index":"index","follow":"follow","max-snippet":"max-snippet:-1","max-image-preview":"max-image-preview:large","max-video-preview":"max-video-preview:-1"},"canonical":"https:\/\/ewl.com.pl\/ewl\/ro\/muncitori-de-productie\/","og_locale":"ro_RO","og_type":"article","og_title":"Pracownicy na produkcj\u0119 - rekrutacja, wynajem, outsourcing dla firm","og_description":"Szybka i efektywna rekrutacja pracownik\u00f3w produkcyjnych. Dzi\u0119ki EWL, zrekrutowani pracownicy na produkcj\u0119 do\u0142\u0105cz\u0105 do Twojej firmy gdy tylko b\u0119d\u0105 potrzebni","og_url":"https:\/\/ewl.com.pl\/ewl\/ro\/muncitori-de-productie\/","og_site_name":"EWL Group","article_modified_time":"2023-07-20T12:36:02+00:00","og_image":[{"width":800,"height":490,"url":"https:\/\/ewl.com.pl\/ewl\/wp-content\/uploads\/2021\/03\/pracownicy-na-produkcje-rekrutacja-cudzoziemcow.jpg","type":"image\/jpeg"}],"twitter_card":"summary_large_image","twitter_title":"Pracownicy na produkcj\u0119 - rekrutacja, wynajem, outsourcing dla firm","twitter_description":"Szybka i efektywna rekrutacja pracownik\u00f3w produkcyjnych. Dzi\u0119ki EWL, zrekrutowani pracownicy na produkcj\u0119 do\u0142\u0105cz\u0105 do Twojej firmy gdy tylko b\u0119d\u0105 potrzebni","twitter_image":"https:\/\/ewl.com.pl\/ewl\/wp-content\/uploads\/2021\/03\/pracownicy-na-produkcje-rekrutacja-cudzoziemcow.jpg","schema":{"@context":"https:\/\/schema.org","@graph":[{"@type":"WebPage","@id":"https:\/\/ewl.com.pl\/ewl\/ro\/muncitori-de-productie\/","url":"https:\/\/ewl.com.pl\/ewl\/ro\/muncitori-de-productie\/","name":"Recrutarea de lucr\u0103tori \u00een produc\u021bie - servicii pentru fabricile","isPartOf":{"@id":"https:\/\/ewl.com.pl\/ewl\/ro\/#website"},"datePublished":"2023-06-16T11:06:38+00:00","dateModified":"2023-07-20T12:36:02+00:00","description":"Recrutarea rapid\u0103 \u0219i eficient\u0103 a lucr\u0103torilor din produc\u021bie. Cu ajutorul EWL, lucr\u0103torii de produc\u021bie recruta\u021bi se vor al\u0103tura companiei dumneavoastr\u0103 ori de c\u00e2te ori este nevoie de ei.","breadcrumb":{"@id":"https:\/\/ewl.com.pl\/ewl\/ro\/muncitori-de-productie\/#breadcrumb"},"inLanguage":"ro-RO","potentialAction":[{"@type":"ReadAction","target":["https:\/\/ewl.com.pl\/ewl\/ro\/muncitori-de-productie\/"]}]},{"@type":"BreadcrumbList","@id":"https:\/\/ewl.com.pl\/ewl\/ro\/muncitori-de-productie\/#breadcrumb","itemListElement":[{"@type":"ListItem","position":1,"name":"Home","item":"https:\/\/ewl.com.pl\/ewl\/ro\/"},{"@type":"ListItem","position":2,"name":"Muncitori de produc\u021bie &#8211; recrutare \u0219i leasing"}]},{"@type":"WebSite","@id":"https:\/\/ewl.com.pl\/ewl\/ro\/#website","url":"https:\/\/ewl.com.pl\/ewl\/ro\/","name":"EWL Group","description":"","publisher":{"@id":"https:\/\/ewl.com.pl\/ewl\/ro\/#organization"},"potentialAction":[{"@type":"SearchAction","target":{"@type":"EntryPoint","urlTemplate":"https:\/\/ewl.com.pl\/ewl\/ro\/?s={search_term_string}"},"query-input":{"@type":"PropertyValueSpecification","valueRequired":true,"valueName":"search_term_string"}}],"inLanguage":"ro-RO"},{"@type":"Organization","@id":"https:\/\/ewl.com.pl\/ewl\/ro\/#organization","name":"EWL Group","url":"https:\/\/ewl.com.pl\/ewl\/ro\/","logo":{"@type":"ImageObject","inLanguage":"ro-RO","@id":"https:\/\/ewl.com.pl\/ewl\/ro\/#\/schema\/logo\/image\/","url":"https:\/\/ewl.com.pl\/wp-content\/uploads\/2020\/06\/logo-white@2x.png","contentUrl":"https:\/\/ewl.com.pl\/wp-content\/uploads\/2020\/06\/logo-white@2x.png","width":312,"height":130,"caption":"EWL Group"},"image":{"@id":"https:\/\/ewl.com.pl\/ewl\/ro\/#\/schema\/logo\/image\/"}}]}},"_links":{"self":[{"href":"https:\/\/ewl.com.pl\/ewl\/ro\/wp-json\/wp\/v2\/pages\/73733","targetHints":{"allow":["GET"]}}],"collection":[{"href":"https:\/\/ewl.com.pl\/ewl\/ro\/wp-json\/wp\/v2\/pages"}],"about":[{"href":"https:\/\/ewl.com.pl\/ewl\/ro\/wp-json\/wp\/v2\/types\/page"}],"author":[{"embeddable":true,"href":"https:\/\/ewl.com.pl\/ewl\/ro\/wp-json\/wp\/v2\/users\/37"}],"replies":[{"embeddable":true,"href":"https:\/\/ewl.com.pl\/ewl\/ro\/wp-json\/wp\/v2\/comments?post=73733"}],"version-history":[{"count":8,"href":"https:\/\/ewl.com.pl\/ewl\/ro\/wp-json\/wp\/v2\/pages\/73733\/revisions"}],"predecessor-version":[{"id":79134,"href":"https:\/\/ewl.com.pl\/ewl\/ro\/wp-json\/wp\/v2\/pages\/73733\/revisions\/79134"}],"wp:attachment":[{"href":"https:\/\/ewl.com.pl\/ewl\/ro\/wp-json\/wp\/v2\/media?parent=73733"}],"curies":[{"name":"wp","href":"https:\/\/api.w.org\/{rel}","templated":true}]}}