{"id":72878,"date":"2023-05-08T13:48:17","date_gmt":"2023-05-08T11:48:17","guid":{"rendered":"https:\/\/ewl.com.pl\/personel-niewykwalifikowany\/"},"modified":"2023-05-26T06:39:58","modified_gmt":"2023-05-26T04:39:58","slug":"recrutarea-de-lucratori-necalificati","status":"publish","type":"page","link":"https:\/\/ewl.com.pl\/ewl\/ro\/recrutarea-de-lucratori-necalificati\/","title":{"rendered":"Recrutarea de lucr\u0103tori necalifica\u021bi"},"content":{"rendered":"","protected":false},"excerpt":{"rendered":"","protected":false},"author":37,"featured_media":0,"parent":0,"menu_order":0,"comment_status":"closed","ping_status":"closed","template":"","meta":{"_acf_changed":false,"footnotes":""},"class_list":["post-72878","page","type-page","status-publish","hentry"],"acf":[],"yoast_head":"<!-- This site is optimized with the Yoast SEO plugin v24.9 - https:\/\/yoast.com\/wordpress\/plugins\/seo\/ -->\n<title>Recrutarea de lucr\u0103tori necalifica\u021bi<\/title>\n<meta name=\"description\" content=\"C\u0103uta\u021bi angaja\u021bi? V\u0103 putem ajuta s\u0103 recruta\u021bi rapid \u0219i eficient lucr\u0103tori necalifica\u021bi. Consulta\u021bi oferta noastr\u0103.\" \/>\n<meta name=\"robots\" content=\"noindex, follow\" \/>\n<meta property=\"og:locale\" content=\"ro_RO\" \/>\n<meta property=\"og:type\" content=\"article\" \/>\n<meta property=\"og:title\" content=\"Pracownicy na produkcj\u0119 - rekrutacja, wynajem, outsourcing dla firm\" \/>\n<meta property=\"og:description\" content=\"Szybka i efektywna rekrutacja pracownik\u00f3w produkcyjnych. Dzi\u0119ki EWL, zrekrutowani pracownicy na produkcj\u0119 do\u0142\u0105cz\u0105 do Twojej firmy gdy tylko b\u0119d\u0105 potrzebni\" \/>\n<meta property=\"og:url\" content=\"https:\/\/ewl.com.pl\/ewl\/ro\/recrutarea-de-lucratori-necalificati\/\" \/>\n<meta property=\"og:site_name\" content=\"EWL Group\" \/>\n<meta property=\"article:modified_time\" content=\"2023-05-26T04:39:58+00:00\" \/>\n<meta property=\"og:image\" content=\"https:\/\/ewl.com.pl\/ewl\/wp-content\/uploads\/2021\/03\/pracownicy-na-produkcje-rekrutacja-cudzoziemcow.jpg\" \/>\n\t<meta property=\"og:image:width\" content=\"800\" \/>\n\t<meta property=\"og:image:height\" content=\"490\" \/>\n\t<meta property=\"og:image:type\" content=\"image\/jpeg\" \/>\n<meta name=\"twitter:card\" content=\"summary_large_image\" \/>\n<meta name=\"twitter:title\" content=\"Pracownicy na produkcj\u0119 - rekrutacja, wynajem, outsourcing dla firm\" \/>\n<meta name=\"twitter:description\" content=\"Szybka i efektywna rekrutacja pracownik\u00f3w produkcyjnych. Dzi\u0119ki EWL, zrekrutowani pracownicy na produkcj\u0119 do\u0142\u0105cz\u0105 do Twojej firmy gdy tylko b\u0119d\u0105 potrzebni\" \/>\n<meta name=\"twitter:image\" content=\"https:\/\/ewl.com.pl\/ewl\/wp-content\/uploads\/2021\/03\/pracownicy-na-produkcje-rekrutacja-cudzoziemcow.jpg\" \/>\n<script type=\"application\/ld+json\" class=\"yoast-schema-graph\">{\"@context\":\"https:\/\/schema.org\",\"@graph\":[{\"@type\":\"WebPage\",\"@id\":\"https:\/\/ewl.com.pl\/ewl\/ro\/recrutarea-de-lucratori-necalificati\/\",\"url\":\"https:\/\/ewl.com.pl\/ewl\/ro\/recrutarea-de-lucratori-necalificati\/\",\"name\":\"Recrutarea de lucr\u0103tori necalifica\u021bi\",\"isPartOf\":{\"@id\":\"https:\/\/ewl.com.pl\/ewl\/ro\/#website\"},\"datePublished\":\"2023-05-08T11:48:17+00:00\",\"dateModified\":\"2023-05-26T04:39:58+00:00\",\"description\":\"C\u0103uta\u021bi angaja\u021bi? V\u0103 putem ajuta s\u0103 recruta\u021bi rapid \u0219i eficient lucr\u0103tori necalifica\u021bi. Consulta\u021bi oferta noastr\u0103.\",\"breadcrumb\":{\"@id\":\"https:\/\/ewl.com.pl\/ewl\/ro\/recrutarea-de-lucratori-necalificati\/#breadcrumb\"},\"inLanguage\":\"ro-RO\",\"potentialAction\":[{\"@type\":\"ReadAction\",\"target\":[\"https:\/\/ewl.com.pl\/ewl\/ro\/recrutarea-de-lucratori-necalificati\/\"]}]},{\"@type\":\"BreadcrumbList\",\"@id\":\"https:\/\/ewl.com.pl\/ewl\/ro\/recrutarea-de-lucratori-necalificati\/#breadcrumb\",\"itemListElement\":[{\"@type\":\"ListItem\",\"position\":1,\"name\":\"Home\",\"item\":\"https:\/\/ewl.com.pl\/ewl\/ro\/\"},{\"@type\":\"ListItem\",\"position\":2,\"name\":\"Recrutarea de lucr\u0103tori necalifica\u021bi\"}]},{\"@type\":\"WebSite\",\"@id\":\"https:\/\/ewl.com.pl\/ewl\/ro\/#website\",\"url\":\"https:\/\/ewl.com.pl\/ewl\/ro\/\",\"name\":\"EWL Group\",\"description\":\"\",\"publisher\":{\"@id\":\"https:\/\/ewl.com.pl\/ewl\/ro\/#organization\"},\"potentialAction\":[{\"@type\":\"SearchAction\",\"target\":{\"@type\":\"EntryPoint\",\"urlTemplate\":\"https:\/\/ewl.com.pl\/ewl\/ro\/?s={search_term_string}\"},\"query-input\":{\"@type\":\"PropertyValueSpecification\",\"valueRequired\":true,\"valueName\":\"search_term_string\"}}],\"inLanguage\":\"ro-RO\"},{\"@type\":\"Organization\",\"@id\":\"https:\/\/ewl.com.pl\/ewl\/ro\/#organization\",\"name\":\"EWL Group\",\"url\":\"https:\/\/ewl.com.pl\/ewl\/ro\/\",\"logo\":{\"@type\":\"ImageObject\",\"inLanguage\":\"ro-RO\",\"@id\":\"https:\/\/ewl.com.pl\/ewl\/ro\/#\/schema\/logo\/image\/\",\"url\":\"https:\/\/ewl.com.pl\/wp-content\/uploads\/2020\/06\/logo-white@2x.png\",\"contentUrl\":\"https:\/\/ewl.com.pl\/wp-content\/uploads\/2020\/06\/logo-white@2x.png\",\"width\":312,\"height\":130,\"caption\":\"EWL Group\"},\"image\":{\"@id\":\"https:\/\/ewl.com.pl\/ewl\/ro\/#\/schema\/logo\/image\/\"}}]}<\/script>\n<!-- \/ Yoast SEO plugin. -->","yoast_head_json":{"title":"Recrutarea de lucr\u0103tori necalifica\u021bi","description":"C\u0103uta\u021bi angaja\u021bi? V\u0103 putem ajuta s\u0103 recruta\u021bi rapid \u0219i eficient lucr\u0103tori necalifica\u021bi. Consulta\u021bi oferta noastr\u0103.","robots":{"index":"noindex","follow":"follow"},"og_locale":"ro_RO","og_type":"article","og_title":"Pracownicy na produkcj\u0119 - rekrutacja, wynajem, outsourcing dla firm","og_description":"Szybka i efektywna rekrutacja pracownik\u00f3w produkcyjnych. Dzi\u0119ki EWL, zrekrutowani pracownicy na produkcj\u0119 do\u0142\u0105cz\u0105 do Twojej firmy gdy tylko b\u0119d\u0105 potrzebni","og_url":"https:\/\/ewl.com.pl\/ewl\/ro\/recrutarea-de-lucratori-necalificati\/","og_site_name":"EWL Group","article_modified_time":"2023-05-26T04:39:58+00:00","og_image":[{"width":800,"height":490,"url":"https:\/\/ewl.com.pl\/ewl\/wp-content\/uploads\/2021\/03\/pracownicy-na-produkcje-rekrutacja-cudzoziemcow.jpg","type":"image\/jpeg"}],"twitter_card":"summary_large_image","twitter_title":"Pracownicy na produkcj\u0119 - rekrutacja, wynajem, outsourcing dla firm","twitter_description":"Szybka i efektywna rekrutacja pracownik\u00f3w produkcyjnych. Dzi\u0119ki EWL, zrekrutowani pracownicy na produkcj\u0119 do\u0142\u0105cz\u0105 do Twojej firmy gdy tylko b\u0119d\u0105 potrzebni","twitter_image":"https:\/\/ewl.com.pl\/ewl\/wp-content\/uploads\/2021\/03\/pracownicy-na-produkcje-rekrutacja-cudzoziemcow.jpg","schema":{"@context":"https:\/\/schema.org","@graph":[{"@type":"WebPage","@id":"https:\/\/ewl.com.pl\/ewl\/ro\/recrutarea-de-lucratori-necalificati\/","url":"https:\/\/ewl.com.pl\/ewl\/ro\/recrutarea-de-lucratori-necalificati\/","name":"Recrutarea de lucr\u0103tori necalifica\u021bi","isPartOf":{"@id":"https:\/\/ewl.com.pl\/ewl\/ro\/#website"},"datePublished":"2023-05-08T11:48:17+00:00","dateModified":"2023-05-26T04:39:58+00:00","description":"C\u0103uta\u021bi angaja\u021bi? V\u0103 putem ajuta s\u0103 recruta\u021bi rapid \u0219i eficient lucr\u0103tori necalifica\u021bi. Consulta\u021bi oferta noastr\u0103.","breadcrumb":{"@id":"https:\/\/ewl.com.pl\/ewl\/ro\/recrutarea-de-lucratori-necalificati\/#breadcrumb"},"inLanguage":"ro-RO","potentialAction":[{"@type":"ReadAction","target":["https:\/\/ewl.com.pl\/ewl\/ro\/recrutarea-de-lucratori-necalificati\/"]}]},{"@type":"BreadcrumbList","@id":"https:\/\/ewl.com.pl\/ewl\/ro\/recrutarea-de-lucratori-necalificati\/#breadcrumb","itemListElement":[{"@type":"ListItem","position":1,"name":"Home","item":"https:\/\/ewl.com.pl\/ewl\/ro\/"},{"@type":"ListItem","position":2,"name":"Recrutarea de lucr\u0103tori necalifica\u021bi"}]},{"@type":"WebSite","@id":"https:\/\/ewl.com.pl\/ewl\/ro\/#website","url":"https:\/\/ewl.com.pl\/ewl\/ro\/","name":"EWL Group","description":"","publisher":{"@id":"https:\/\/ewl.com.pl\/ewl\/ro\/#organization"},"potentialAction":[{"@type":"SearchAction","target":{"@type":"EntryPoint","urlTemplate":"https:\/\/ewl.com.pl\/ewl\/ro\/?s={search_term_string}"},"query-input":{"@type":"PropertyValueSpecification","valueRequired":true,"valueName":"search_term_string"}}],"inLanguage":"ro-RO"},{"@type":"Organization","@id":"https:\/\/ewl.com.pl\/ewl\/ro\/#organization","name":"EWL Group","url":"https:\/\/ewl.com.pl\/ewl\/ro\/","logo":{"@type":"ImageObject","inLanguage":"ro-RO","@id":"https:\/\/ewl.com.pl\/ewl\/ro\/#\/schema\/logo\/image\/","url":"https:\/\/ewl.com.pl\/wp-content\/uploads\/2020\/06\/logo-white@2x.png","contentUrl":"https:\/\/ewl.com.pl\/wp-content\/uploads\/2020\/06\/logo-white@2x.png","width":312,"height":130,"caption":"EWL Group"},"image":{"@id":"https:\/\/ewl.com.pl\/ewl\/ro\/#\/schema\/logo\/image\/"}}]}},"_links":{"self":[{"href":"https:\/\/ewl.com.pl\/ewl\/ro\/wp-json\/wp\/v2\/pages\/72878","targetHints":{"allow":["GET"]}}],"collection":[{"href":"https:\/\/ewl.com.pl\/ewl\/ro\/wp-json\/wp\/v2\/pages"}],"about":[{"href":"https:\/\/ewl.com.pl\/ewl\/ro\/wp-json\/wp\/v2\/types\/page"}],"author":[{"embeddable":true,"href":"https:\/\/ewl.com.pl\/ewl\/ro\/wp-json\/wp\/v2\/users\/37"}],"replies":[{"embeddable":true,"href":"https:\/\/ewl.com.pl\/ewl\/ro\/wp-json\/wp\/v2\/comments?post=72878"}],"version-history":[{"count":6,"href":"https:\/\/ewl.com.pl\/ewl\/ro\/wp-json\/wp\/v2\/pages\/72878\/revisions"}],"predecessor-version":[{"id":72947,"href":"https:\/\/ewl.com.pl\/ewl\/ro\/wp-json\/wp\/v2\/pages\/72878\/revisions\/72947"}],"wp:attachment":[{"href":"https:\/\/ewl.com.pl\/ewl\/ro\/wp-json\/wp\/v2\/media?parent=72878"}],"curies":[{"name":"wp","href":"https:\/\/api.w.org\/{rel}","templated":true}]}}