{"id":67018,"date":"2021-12-22T11:32:32","date_gmt":"2021-12-22T10:32:32","guid":{"rendered":"https:\/\/ewl.com.pl\/case-study\/pozyskiwanie-pracownikow-w-branzy-przetworstwa-ryb-oraz-owocow-morza\/"},"modified":"2023-01-05T15:47:17","modified_gmt":"2023-01-05T14:47:17","slug":"recrutarea-de-lucratori-sezonieri-in-industria-de-prelucrare-a-pestelui-si-a-fructelor-de-mare","status":"publish","type":"page","link":"https:\/\/ewl.com.pl\/ewl\/ro\/case-study\/recrutarea-de-lucratori-sezonieri-in-industria-de-prelucrare-a-pestelui-si-a-fructelor-de-mare\/","title":{"rendered":"Recrutarea de lucr\u0103tori sezonieri \u00een industria de prelucrare a pe\u0219telui \u0219i a fructelor de mare"},"content":{"rendered":"","protected":false},"excerpt":{"rendered":"","protected":false},"author":42,"featured_media":0,"parent":65326,"menu_order":0,"comment_status":"closed","ping_status":"closed","template":"info.php","meta":{"_acf_changed":false,"footnotes":""},"class_list":["post-67018","page","type-page","status-publish","hentry"],"acf":[],"yoast_head":"<!-- This site is optimized with the Yoast SEO plugin v24.9 - https:\/\/yoast.com\/wordpress\/plugins\/seo\/ -->\n<title>Recrutarea de lucr\u0103tori sezonieri \u00een industria de prelucrare a pe\u0219telui \u0219i a fructelor de mare<\/title>\n<meta name=\"description\" content=\"Case Study jednej z realizacji EWL dla firmy zajmuj\u0105c\u0105 si\u0119 przetw\u00f3rstwem ryb. Sprawd\u017a jak us\u0142ugi i rozwi\u0105zania EWL pomagaj\u0105 usprawni\u0107 biznes!\" \/>\n<meta name=\"robots\" content=\"index, follow, max-snippet:-1, max-image-preview:large, max-video-preview:-1\" \/>\n<link rel=\"canonical\" href=\"https:\/\/ewl.com.pl\/ewl\/ro\/case-study\/recrutarea-de-lucratori-sezonieri-in-industria-de-prelucrare-a-pestelui-si-a-fructelor-de-mare\/\" \/>\n<meta property=\"og:locale\" content=\"ro_RO\" \/>\n<meta property=\"og:type\" content=\"article\" \/>\n<meta property=\"og:title\" content=\"Recrutarea de lucr\u0103tori sezonieri \u00een industria de prelucrare a pe\u0219telui \u0219i a fructelor de mare\" \/>\n<meta property=\"og:description\" content=\"Case Study jednej z realizacji EWL dla firmy zajmuj\u0105c\u0105 si\u0119 przetw\u00f3rstwem ryb. Sprawd\u017a jak us\u0142ugi i rozwi\u0105zania EWL pomagaj\u0105 usprawni\u0107 biznes!\" \/>\n<meta property=\"og:url\" content=\"https:\/\/ewl.com.pl\/ewl\/ro\/case-study\/recrutarea-de-lucratori-sezonieri-in-industria-de-prelucrare-a-pestelui-si-a-fructelor-de-mare\/\" \/>\n<meta property=\"og:site_name\" content=\"EWL Group\" \/>\n<meta property=\"article:modified_time\" content=\"2023-01-05T14:47:17+00:00\" \/>\n<meta name=\"twitter:card\" content=\"summary_large_image\" \/>\n<script type=\"application\/ld+json\" class=\"yoast-schema-graph\">{\"@context\":\"https:\/\/schema.org\",\"@graph\":[{\"@type\":\"WebPage\",\"@id\":\"https:\/\/ewl.com.pl\/ewl\/ro\/case-study\/recrutarea-de-lucratori-sezonieri-in-industria-de-prelucrare-a-pestelui-si-a-fructelor-de-mare\/\",\"url\":\"https:\/\/ewl.com.pl\/ewl\/ro\/case-study\/recrutarea-de-lucratori-sezonieri-in-industria-de-prelucrare-a-pestelui-si-a-fructelor-de-mare\/\",\"name\":\"Recrutarea de lucr\u0103tori sezonieri \u00een industria de prelucrare a pe\u0219telui \u0219i a fructelor de mare\",\"isPartOf\":{\"@id\":\"https:\/\/ewl.com.pl\/ewl\/ro\/#website\"},\"datePublished\":\"2021-12-22T10:32:32+00:00\",\"dateModified\":\"2023-01-05T14:47:17+00:00\",\"description\":\"Case Study jednej z realizacji EWL dla firmy zajmuj\u0105c\u0105 si\u0119 przetw\u00f3rstwem ryb. Sprawd\u017a jak us\u0142ugi i rozwi\u0105zania EWL pomagaj\u0105 usprawni\u0107 biznes!\",\"breadcrumb\":{\"@id\":\"https:\/\/ewl.com.pl\/ewl\/ro\/case-study\/recrutarea-de-lucratori-sezonieri-in-industria-de-prelucrare-a-pestelui-si-a-fructelor-de-mare\/#breadcrumb\"},\"inLanguage\":\"ro-RO\",\"potentialAction\":[{\"@type\":\"ReadAction\",\"target\":[\"https:\/\/ewl.com.pl\/ewl\/ro\/case-study\/recrutarea-de-lucratori-sezonieri-in-industria-de-prelucrare-a-pestelui-si-a-fructelor-de-mare\/\"]}]},{\"@type\":\"BreadcrumbList\",\"@id\":\"https:\/\/ewl.com.pl\/ewl\/ro\/case-study\/recrutarea-de-lucratori-sezonieri-in-industria-de-prelucrare-a-pestelui-si-a-fructelor-de-mare\/#breadcrumb\",\"itemListElement\":[{\"@type\":\"ListItem\",\"position\":1,\"name\":\"Home\",\"item\":\"https:\/\/ewl.com.pl\/ewl\/ro\/\"},{\"@type\":\"ListItem\",\"position\":2,\"name\":\"Case study\",\"item\":\"https:\/\/ewl.com.pl\/ewl\/ro\/case-study\/\"},{\"@type\":\"ListItem\",\"position\":3,\"name\":\"Recrutarea de lucr\u0103tori sezonieri \u00een industria de prelucrare a pe\u0219telui \u0219i a fructelor de mare\"}]},{\"@type\":\"WebSite\",\"@id\":\"https:\/\/ewl.com.pl\/ewl\/ro\/#website\",\"url\":\"https:\/\/ewl.com.pl\/ewl\/ro\/\",\"name\":\"EWL Group\",\"description\":\"\",\"publisher\":{\"@id\":\"https:\/\/ewl.com.pl\/ewl\/ro\/#organization\"},\"potentialAction\":[{\"@type\":\"SearchAction\",\"target\":{\"@type\":\"EntryPoint\",\"urlTemplate\":\"https:\/\/ewl.com.pl\/ewl\/ro\/?s={search_term_string}\"},\"query-input\":{\"@type\":\"PropertyValueSpecification\",\"valueRequired\":true,\"valueName\":\"search_term_string\"}}],\"inLanguage\":\"ro-RO\"},{\"@type\":\"Organization\",\"@id\":\"https:\/\/ewl.com.pl\/ewl\/ro\/#organization\",\"name\":\"EWL Group\",\"url\":\"https:\/\/ewl.com.pl\/ewl\/ro\/\",\"logo\":{\"@type\":\"ImageObject\",\"inLanguage\":\"ro-RO\",\"@id\":\"https:\/\/ewl.com.pl\/ewl\/ro\/#\/schema\/logo\/image\/\",\"url\":\"https:\/\/ewl.com.pl\/wp-content\/uploads\/2020\/06\/logo-white@2x.png\",\"contentUrl\":\"https:\/\/ewl.com.pl\/wp-content\/uploads\/2020\/06\/logo-white@2x.png\",\"width\":312,\"height\":130,\"caption\":\"EWL Group\"},\"image\":{\"@id\":\"https:\/\/ewl.com.pl\/ewl\/ro\/#\/schema\/logo\/image\/\"}}]}<\/script>\n<!-- \/ Yoast SEO plugin. -->","yoast_head_json":{"title":"Recrutarea de lucr\u0103tori sezonieri \u00een industria de prelucrare a pe\u0219telui \u0219i a fructelor de mare","description":"Case Study jednej z realizacji EWL dla firmy zajmuj\u0105c\u0105 si\u0119 przetw\u00f3rstwem ryb. Sprawd\u017a jak us\u0142ugi i rozwi\u0105zania EWL pomagaj\u0105 usprawni\u0107 biznes!","robots":{"index":"index","follow":"follow","max-snippet":"max-snippet:-1","max-image-preview":"max-image-preview:large","max-video-preview":"max-video-preview:-1"},"canonical":"https:\/\/ewl.com.pl\/ewl\/ro\/case-study\/recrutarea-de-lucratori-sezonieri-in-industria-de-prelucrare-a-pestelui-si-a-fructelor-de-mare\/","og_locale":"ro_RO","og_type":"article","og_title":"Recrutarea de lucr\u0103tori sezonieri \u00een industria de prelucrare a pe\u0219telui \u0219i a fructelor de mare","og_description":"Case Study jednej z realizacji EWL dla firmy zajmuj\u0105c\u0105 si\u0119 przetw\u00f3rstwem ryb. Sprawd\u017a jak us\u0142ugi i rozwi\u0105zania EWL pomagaj\u0105 usprawni\u0107 biznes!","og_url":"https:\/\/ewl.com.pl\/ewl\/ro\/case-study\/recrutarea-de-lucratori-sezonieri-in-industria-de-prelucrare-a-pestelui-si-a-fructelor-de-mare\/","og_site_name":"EWL Group","article_modified_time":"2023-01-05T14:47:17+00:00","twitter_card":"summary_large_image","schema":{"@context":"https:\/\/schema.org","@graph":[{"@type":"WebPage","@id":"https:\/\/ewl.com.pl\/ewl\/ro\/case-study\/recrutarea-de-lucratori-sezonieri-in-industria-de-prelucrare-a-pestelui-si-a-fructelor-de-mare\/","url":"https:\/\/ewl.com.pl\/ewl\/ro\/case-study\/recrutarea-de-lucratori-sezonieri-in-industria-de-prelucrare-a-pestelui-si-a-fructelor-de-mare\/","name":"Recrutarea de lucr\u0103tori sezonieri \u00een industria de prelucrare a pe\u0219telui \u0219i a fructelor de mare","isPartOf":{"@id":"https:\/\/ewl.com.pl\/ewl\/ro\/#website"},"datePublished":"2021-12-22T10:32:32+00:00","dateModified":"2023-01-05T14:47:17+00:00","description":"Case Study jednej z realizacji EWL dla firmy zajmuj\u0105c\u0105 si\u0119 przetw\u00f3rstwem ryb. Sprawd\u017a jak us\u0142ugi i rozwi\u0105zania EWL pomagaj\u0105 usprawni\u0107 biznes!","breadcrumb":{"@id":"https:\/\/ewl.com.pl\/ewl\/ro\/case-study\/recrutarea-de-lucratori-sezonieri-in-industria-de-prelucrare-a-pestelui-si-a-fructelor-de-mare\/#breadcrumb"},"inLanguage":"ro-RO","potentialAction":[{"@type":"ReadAction","target":["https:\/\/ewl.com.pl\/ewl\/ro\/case-study\/recrutarea-de-lucratori-sezonieri-in-industria-de-prelucrare-a-pestelui-si-a-fructelor-de-mare\/"]}]},{"@type":"BreadcrumbList","@id":"https:\/\/ewl.com.pl\/ewl\/ro\/case-study\/recrutarea-de-lucratori-sezonieri-in-industria-de-prelucrare-a-pestelui-si-a-fructelor-de-mare\/#breadcrumb","itemListElement":[{"@type":"ListItem","position":1,"name":"Home","item":"https:\/\/ewl.com.pl\/ewl\/ro\/"},{"@type":"ListItem","position":2,"name":"Case study","item":"https:\/\/ewl.com.pl\/ewl\/ro\/case-study\/"},{"@type":"ListItem","position":3,"name":"Recrutarea de lucr\u0103tori sezonieri \u00een industria de prelucrare a pe\u0219telui \u0219i a fructelor de mare"}]},{"@type":"WebSite","@id":"https:\/\/ewl.com.pl\/ewl\/ro\/#website","url":"https:\/\/ewl.com.pl\/ewl\/ro\/","name":"EWL Group","description":"","publisher":{"@id":"https:\/\/ewl.com.pl\/ewl\/ro\/#organization"},"potentialAction":[{"@type":"SearchAction","target":{"@type":"EntryPoint","urlTemplate":"https:\/\/ewl.com.pl\/ewl\/ro\/?s={search_term_string}"},"query-input":{"@type":"PropertyValueSpecification","valueRequired":true,"valueName":"search_term_string"}}],"inLanguage":"ro-RO"},{"@type":"Organization","@id":"https:\/\/ewl.com.pl\/ewl\/ro\/#organization","name":"EWL Group","url":"https:\/\/ewl.com.pl\/ewl\/ro\/","logo":{"@type":"ImageObject","inLanguage":"ro-RO","@id":"https:\/\/ewl.com.pl\/ewl\/ro\/#\/schema\/logo\/image\/","url":"https:\/\/ewl.com.pl\/wp-content\/uploads\/2020\/06\/logo-white@2x.png","contentUrl":"https:\/\/ewl.com.pl\/wp-content\/uploads\/2020\/06\/logo-white@2x.png","width":312,"height":130,"caption":"EWL Group"},"image":{"@id":"https:\/\/ewl.com.pl\/ewl\/ro\/#\/schema\/logo\/image\/"}}]}},"_links":{"self":[{"href":"https:\/\/ewl.com.pl\/ewl\/ro\/wp-json\/wp\/v2\/pages\/67018","targetHints":{"allow":["GET"]}}],"collection":[{"href":"https:\/\/ewl.com.pl\/ewl\/ro\/wp-json\/wp\/v2\/pages"}],"about":[{"href":"https:\/\/ewl.com.pl\/ewl\/ro\/wp-json\/wp\/v2\/types\/page"}],"author":[{"embeddable":true,"href":"https:\/\/ewl.com.pl\/ewl\/ro\/wp-json\/wp\/v2\/users\/42"}],"replies":[{"embeddable":true,"href":"https:\/\/ewl.com.pl\/ewl\/ro\/wp-json\/wp\/v2\/comments?post=67018"}],"version-history":[{"count":6,"href":"https:\/\/ewl.com.pl\/ewl\/ro\/wp-json\/wp\/v2\/pages\/67018\/revisions"}],"predecessor-version":[{"id":68162,"href":"https:\/\/ewl.com.pl\/ewl\/ro\/wp-json\/wp\/v2\/pages\/67018\/revisions\/68162"}],"up":[{"embeddable":true,"href":"https:\/\/ewl.com.pl\/ewl\/ro\/wp-json\/wp\/v2\/pages\/65326"}],"wp:attachment":[{"href":"https:\/\/ewl.com.pl\/ewl\/ro\/wp-json\/wp\/v2\/media?parent=67018"}],"curies":[{"name":"wp","href":"https:\/\/api.w.org\/{rel}","templated":true}]}}