{"id":66969,"date":"2022-03-22T14:37:42","date_gmt":"2022-03-22T13:37:42","guid":{"rendered":"https:\/\/ewl.com.pl\/case-study\/ewl-pomoc-w-rekrutacji-na-wielka-skale\/"},"modified":"2023-01-05T15:12:01","modified_gmt":"2023-01-05T14:12:01","slug":"ewl-ajutor-in-recrutarea-la-scara-larga","status":"publish","type":"page","link":"https:\/\/ewl.com.pl\/ewl\/ro\/case-study\/ewl-ajutor-in-recrutarea-la-scara-larga\/","title":{"rendered":"EWL \u2013 ajutor \u00een recrutarea la scar\u0103 larg\u0103"},"content":{"rendered":"","protected":false},"excerpt":{"rendered":"","protected":false},"author":42,"featured_media":0,"parent":65326,"menu_order":0,"comment_status":"closed","ping_status":"closed","template":"info.php","meta":{"_acf_changed":false,"footnotes":""},"class_list":["post-66969","page","type-page","status-publish","hentry"],"acf":[],"yoast_head":"<!-- This site is optimized with the Yoast SEO plugin v24.9 - https:\/\/yoast.com\/wordpress\/plugins\/seo\/ -->\n<title>EWL \u2013 ajutor \u00een recrutarea la scar\u0103 larg\u0103\u2028<\/title>\n<meta name=\"description\" content=\"Studiu de caz al uneia dintre implement\u0103rile EWL pentru o companie lider \u00een domeniul auto. Afla\u021bi cum serviciile \u0219i solu\u021biile EWL v\u0103 ajut\u0103 s\u0103 v\u0103 \u00eembun\u0103t\u0103\u021bi\u021bi afacerea!\" \/>\n<meta name=\"robots\" content=\"index, follow, max-snippet:-1, max-image-preview:large, max-video-preview:-1\" \/>\n<link rel=\"canonical\" href=\"https:\/\/ewl.com.pl\/ewl\/ro\/case-study\/ewl-ajutor-in-recrutarea-la-scara-larga\/\" \/>\n<meta property=\"og:locale\" content=\"ro_RO\" \/>\n<meta property=\"og:type\" content=\"article\" \/>\n<meta property=\"og:title\" content=\"EWL \u2013 ajutor \u00een recrutarea la scar\u0103 larg\u0103\u2028\" \/>\n<meta property=\"og:description\" content=\"Studiu de caz al uneia dintre implement\u0103rile EWL pentru o companie lider \u00een domeniul auto. Afla\u021bi cum serviciile \u0219i solu\u021biile EWL v\u0103 ajut\u0103 s\u0103 v\u0103 \u00eembun\u0103t\u0103\u021bi\u021bi afacerea!\" \/>\n<meta property=\"og:url\" content=\"https:\/\/ewl.com.pl\/ewl\/ro\/case-study\/ewl-ajutor-in-recrutarea-la-scara-larga\/\" \/>\n<meta property=\"og:site_name\" content=\"EWL Group\" \/>\n<meta property=\"article:modified_time\" content=\"2023-01-05T14:12:01+00:00\" \/>\n<meta name=\"twitter:card\" content=\"summary_large_image\" \/>\n<script type=\"application\/ld+json\" class=\"yoast-schema-graph\">{\"@context\":\"https:\/\/schema.org\",\"@graph\":[{\"@type\":\"WebPage\",\"@id\":\"https:\/\/ewl.com.pl\/ewl\/ro\/case-study\/ewl-ajutor-in-recrutarea-la-scara-larga\/\",\"url\":\"https:\/\/ewl.com.pl\/ewl\/ro\/case-study\/ewl-ajutor-in-recrutarea-la-scara-larga\/\",\"name\":\"EWL \u2013 ajutor \u00een recrutarea la scar\u0103 larg\u0103\\u2028\",\"isPartOf\":{\"@id\":\"https:\/\/ewl.com.pl\/ewl\/ro\/#website\"},\"datePublished\":\"2022-03-22T13:37:42+00:00\",\"dateModified\":\"2023-01-05T14:12:01+00:00\",\"description\":\"Studiu de caz al uneia dintre implement\u0103rile EWL pentru o companie lider \u00een domeniul auto. Afla\u021bi cum serviciile \u0219i solu\u021biile EWL v\u0103 ajut\u0103 s\u0103 v\u0103 \u00eembun\u0103t\u0103\u021bi\u021bi afacerea!\",\"breadcrumb\":{\"@id\":\"https:\/\/ewl.com.pl\/ewl\/ro\/case-study\/ewl-ajutor-in-recrutarea-la-scara-larga\/#breadcrumb\"},\"inLanguage\":\"ro-RO\",\"potentialAction\":[{\"@type\":\"ReadAction\",\"target\":[\"https:\/\/ewl.com.pl\/ewl\/ro\/case-study\/ewl-ajutor-in-recrutarea-la-scara-larga\/\"]}]},{\"@type\":\"BreadcrumbList\",\"@id\":\"https:\/\/ewl.com.pl\/ewl\/ro\/case-study\/ewl-ajutor-in-recrutarea-la-scara-larga\/#breadcrumb\",\"itemListElement\":[{\"@type\":\"ListItem\",\"position\":1,\"name\":\"Home\",\"item\":\"https:\/\/ewl.com.pl\/ewl\/ro\/\"},{\"@type\":\"ListItem\",\"position\":2,\"name\":\"Case study\",\"item\":\"https:\/\/ewl.com.pl\/ewl\/ro\/case-study\/\"},{\"@type\":\"ListItem\",\"position\":3,\"name\":\"EWL \u2013 ajutor \u00een recrutarea la scar\u0103 larg\u0103\"}]},{\"@type\":\"WebSite\",\"@id\":\"https:\/\/ewl.com.pl\/ewl\/ro\/#website\",\"url\":\"https:\/\/ewl.com.pl\/ewl\/ro\/\",\"name\":\"EWL Group\",\"description\":\"\",\"publisher\":{\"@id\":\"https:\/\/ewl.com.pl\/ewl\/ro\/#organization\"},\"potentialAction\":[{\"@type\":\"SearchAction\",\"target\":{\"@type\":\"EntryPoint\",\"urlTemplate\":\"https:\/\/ewl.com.pl\/ewl\/ro\/?s={search_term_string}\"},\"query-input\":{\"@type\":\"PropertyValueSpecification\",\"valueRequired\":true,\"valueName\":\"search_term_string\"}}],\"inLanguage\":\"ro-RO\"},{\"@type\":\"Organization\",\"@id\":\"https:\/\/ewl.com.pl\/ewl\/ro\/#organization\",\"name\":\"EWL Group\",\"url\":\"https:\/\/ewl.com.pl\/ewl\/ro\/\",\"logo\":{\"@type\":\"ImageObject\",\"inLanguage\":\"ro-RO\",\"@id\":\"https:\/\/ewl.com.pl\/ewl\/ro\/#\/schema\/logo\/image\/\",\"url\":\"https:\/\/ewl.com.pl\/wp-content\/uploads\/2020\/06\/logo-white@2x.png\",\"contentUrl\":\"https:\/\/ewl.com.pl\/wp-content\/uploads\/2020\/06\/logo-white@2x.png\",\"width\":312,\"height\":130,\"caption\":\"EWL Group\"},\"image\":{\"@id\":\"https:\/\/ewl.com.pl\/ewl\/ro\/#\/schema\/logo\/image\/\"}}]}<\/script>\n<!-- \/ Yoast SEO plugin. -->","yoast_head_json":{"title":"EWL \u2013 ajutor \u00een recrutarea la scar\u0103 larg\u0103\u2028","description":"Studiu de caz al uneia dintre implement\u0103rile EWL pentru o companie lider \u00een domeniul auto. Afla\u021bi cum serviciile \u0219i solu\u021biile EWL v\u0103 ajut\u0103 s\u0103 v\u0103 \u00eembun\u0103t\u0103\u021bi\u021bi afacerea!","robots":{"index":"index","follow":"follow","max-snippet":"max-snippet:-1","max-image-preview":"max-image-preview:large","max-video-preview":"max-video-preview:-1"},"canonical":"https:\/\/ewl.com.pl\/ewl\/ro\/case-study\/ewl-ajutor-in-recrutarea-la-scara-larga\/","og_locale":"ro_RO","og_type":"article","og_title":"EWL \u2013 ajutor \u00een recrutarea la scar\u0103 larg\u0103\u2028","og_description":"Studiu de caz al uneia dintre implement\u0103rile EWL pentru o companie lider \u00een domeniul auto. Afla\u021bi cum serviciile \u0219i solu\u021biile EWL v\u0103 ajut\u0103 s\u0103 v\u0103 \u00eembun\u0103t\u0103\u021bi\u021bi afacerea!","og_url":"https:\/\/ewl.com.pl\/ewl\/ro\/case-study\/ewl-ajutor-in-recrutarea-la-scara-larga\/","og_site_name":"EWL Group","article_modified_time":"2023-01-05T14:12:01+00:00","twitter_card":"summary_large_image","schema":{"@context":"https:\/\/schema.org","@graph":[{"@type":"WebPage","@id":"https:\/\/ewl.com.pl\/ewl\/ro\/case-study\/ewl-ajutor-in-recrutarea-la-scara-larga\/","url":"https:\/\/ewl.com.pl\/ewl\/ro\/case-study\/ewl-ajutor-in-recrutarea-la-scara-larga\/","name":"EWL \u2013 ajutor \u00een recrutarea la scar\u0103 larg\u0103\u2028","isPartOf":{"@id":"https:\/\/ewl.com.pl\/ewl\/ro\/#website"},"datePublished":"2022-03-22T13:37:42+00:00","dateModified":"2023-01-05T14:12:01+00:00","description":"Studiu de caz al uneia dintre implement\u0103rile EWL pentru o companie lider \u00een domeniul auto. Afla\u021bi cum serviciile \u0219i solu\u021biile EWL v\u0103 ajut\u0103 s\u0103 v\u0103 \u00eembun\u0103t\u0103\u021bi\u021bi afacerea!","breadcrumb":{"@id":"https:\/\/ewl.com.pl\/ewl\/ro\/case-study\/ewl-ajutor-in-recrutarea-la-scara-larga\/#breadcrumb"},"inLanguage":"ro-RO","potentialAction":[{"@type":"ReadAction","target":["https:\/\/ewl.com.pl\/ewl\/ro\/case-study\/ewl-ajutor-in-recrutarea-la-scara-larga\/"]}]},{"@type":"BreadcrumbList","@id":"https:\/\/ewl.com.pl\/ewl\/ro\/case-study\/ewl-ajutor-in-recrutarea-la-scara-larga\/#breadcrumb","itemListElement":[{"@type":"ListItem","position":1,"name":"Home","item":"https:\/\/ewl.com.pl\/ewl\/ro\/"},{"@type":"ListItem","position":2,"name":"Case study","item":"https:\/\/ewl.com.pl\/ewl\/ro\/case-study\/"},{"@type":"ListItem","position":3,"name":"EWL \u2013 ajutor \u00een recrutarea la scar\u0103 larg\u0103"}]},{"@type":"WebSite","@id":"https:\/\/ewl.com.pl\/ewl\/ro\/#website","url":"https:\/\/ewl.com.pl\/ewl\/ro\/","name":"EWL Group","description":"","publisher":{"@id":"https:\/\/ewl.com.pl\/ewl\/ro\/#organization"},"potentialAction":[{"@type":"SearchAction","target":{"@type":"EntryPoint","urlTemplate":"https:\/\/ewl.com.pl\/ewl\/ro\/?s={search_term_string}"},"query-input":{"@type":"PropertyValueSpecification","valueRequired":true,"valueName":"search_term_string"}}],"inLanguage":"ro-RO"},{"@type":"Organization","@id":"https:\/\/ewl.com.pl\/ewl\/ro\/#organization","name":"EWL Group","url":"https:\/\/ewl.com.pl\/ewl\/ro\/","logo":{"@type":"ImageObject","inLanguage":"ro-RO","@id":"https:\/\/ewl.com.pl\/ewl\/ro\/#\/schema\/logo\/image\/","url":"https:\/\/ewl.com.pl\/wp-content\/uploads\/2020\/06\/logo-white@2x.png","contentUrl":"https:\/\/ewl.com.pl\/wp-content\/uploads\/2020\/06\/logo-white@2x.png","width":312,"height":130,"caption":"EWL Group"},"image":{"@id":"https:\/\/ewl.com.pl\/ewl\/ro\/#\/schema\/logo\/image\/"}}]}},"_links":{"self":[{"href":"https:\/\/ewl.com.pl\/ewl\/ro\/wp-json\/wp\/v2\/pages\/66969","targetHints":{"allow":["GET"]}}],"collection":[{"href":"https:\/\/ewl.com.pl\/ewl\/ro\/wp-json\/wp\/v2\/pages"}],"about":[{"href":"https:\/\/ewl.com.pl\/ewl\/ro\/wp-json\/wp\/v2\/types\/page"}],"author":[{"embeddable":true,"href":"https:\/\/ewl.com.pl\/ewl\/ro\/wp-json\/wp\/v2\/users\/42"}],"replies":[{"embeddable":true,"href":"https:\/\/ewl.com.pl\/ewl\/ro\/wp-json\/wp\/v2\/comments?post=66969"}],"version-history":[{"count":7,"href":"https:\/\/ewl.com.pl\/ewl\/ro\/wp-json\/wp\/v2\/pages\/66969\/revisions"}],"predecessor-version":[{"id":68138,"href":"https:\/\/ewl.com.pl\/ewl\/ro\/wp-json\/wp\/v2\/pages\/66969\/revisions\/68138"}],"up":[{"embeddable":true,"href":"https:\/\/ewl.com.pl\/ewl\/ro\/wp-json\/wp\/v2\/pages\/65326"}],"wp:attachment":[{"href":"https:\/\/ewl.com.pl\/ewl\/ro\/wp-json\/wp\/v2\/media?parent=66969"}],"curies":[{"name":"wp","href":"https:\/\/api.w.org\/{rel}","templated":true}]}}