{"id":66945,"date":"2021-12-15T10:04:45","date_gmt":"2021-12-15T09:04:45","guid":{"rendered":"https:\/\/ewl.com.pl\/rekrutacje-it-zatrudnienie-relokacja-legalizacja\/"},"modified":"2023-01-05T09:23:15","modified_gmt":"2023-01-05T08:23:15","slug":"recrutari-it-angajare-relocare-legalizare","status":"publish","type":"page","link":"https:\/\/ewl.com.pl\/ewl\/ro\/recrutari-it-angajare-relocare-legalizare\/","title":{"rendered":"Recrut\u0103ri IT \u2013 angajare, relocare, legalizare"},"content":{"rendered":"","protected":false},"excerpt":{"rendered":"","protected":false},"author":42,"featured_media":0,"parent":0,"menu_order":0,"comment_status":"closed","ping_status":"closed","template":"","meta":{"_acf_changed":false,"footnotes":""},"class_list":["post-66945","page","type-page","status-publish","hentry"],"acf":[],"yoast_head":"<!-- This site is optimized with the Yoast SEO plugin v24.9 - https:\/\/yoast.com\/wordpress\/plugins\/seo\/ -->\n<title>Recrut\u0103ri IT \u2013 angajare, relocare, legalizare<\/title>\n<meta name=\"description\" content=\"Pentru companiile care caut\u0103 speciali\u0219ti IT, am preg\u0103tit o ofert\u0103 care dep\u0103\u0219e\u0219te abordarea tradi\u021bional\u0103 a agen\u021biilor de ocupare a for\u021bei de munc\u0103 din Polonia.\" \/>\n<meta name=\"robots\" content=\"index, follow, max-snippet:-1, max-image-preview:large, max-video-preview:-1\" \/>\n<link rel=\"canonical\" href=\"https:\/\/ewl.com.pl\/ewl\/ro\/recrutari-it-angajare-relocare-legalizare\/\" \/>\n<meta property=\"og:locale\" content=\"ro_RO\" \/>\n<meta property=\"og:type\" content=\"article\" \/>\n<meta property=\"og:title\" content=\"Rekrutacje IT - zatrudnienie, relokacja, legalizacja - EWL Group\" \/>\n<meta property=\"og:description\" content=\"Dla firm poszukuj\u0105cych specjalist\u00f3w IT przygotowali\u015bmy ofert\u0119 wychodz\u0105c\u0105 poza tradycyjne podej\u015bcie agencji pracy w Polsce.\" \/>\n<meta property=\"og:url\" content=\"https:\/\/ewl.com.pl\/ewl\/ro\/recrutari-it-angajare-relocare-legalizare\/\" \/>\n<meta property=\"og:site_name\" content=\"EWL Group\" \/>\n<meta property=\"article:modified_time\" content=\"2023-01-05T08:23:15+00:00\" \/>\n<meta property=\"og:image\" content=\"https:\/\/ewl.com.pl\/ewl\/wp-content\/uploads\/2021\/12\/rekrutacje-it-specjalisci-programisci.jpg\" \/>\n\t<meta property=\"og:image:width\" content=\"800\" \/>\n\t<meta property=\"og:image:height\" content=\"530\" \/>\n\t<meta property=\"og:image:type\" content=\"image\/jpeg\" \/>\n<meta name=\"twitter:card\" content=\"summary_large_image\" \/>\n<meta name=\"twitter:title\" content=\"Leasing pracowniczy i us\u0142uga wynajmu pracownik\u00f3w - EWL Group\" \/>\n<meta name=\"twitter:description\" content=\"Wybieraj\u0105c us\u0142ug\u0119 leasingu pracownik\u00f3w zoptymalizujesz koszty zatrudnienia i przygotujesz firm\u0119 na dynamiczne zmiany zapotrzebowania kadrowego\" \/>\n<meta name=\"twitter:image\" content=\"https:\/\/ewl.com.pl\/ewl\/wp-content\/uploads\/2021\/02\/pracownicy-na-wynajem-dla-firm-agencja-ewl.jpg\" \/>\n<script type=\"application\/ld+json\" class=\"yoast-schema-graph\">{\"@context\":\"https:\/\/schema.org\",\"@graph\":[{\"@type\":\"WebPage\",\"@id\":\"https:\/\/ewl.com.pl\/ewl\/ro\/recrutari-it-angajare-relocare-legalizare\/\",\"url\":\"https:\/\/ewl.com.pl\/ewl\/ro\/recrutari-it-angajare-relocare-legalizare\/\",\"name\":\"Recrut\u0103ri IT \u2013 angajare, relocare, legalizare\",\"isPartOf\":{\"@id\":\"https:\/\/ewl.com.pl\/ewl\/ro\/#website\"},\"datePublished\":\"2021-12-15T09:04:45+00:00\",\"dateModified\":\"2023-01-05T08:23:15+00:00\",\"description\":\"Pentru companiile care caut\u0103 speciali\u0219ti IT, am preg\u0103tit o ofert\u0103 care dep\u0103\u0219e\u0219te abordarea tradi\u021bional\u0103 a agen\u021biilor de ocupare a for\u021bei de munc\u0103 din Polonia.\",\"breadcrumb\":{\"@id\":\"https:\/\/ewl.com.pl\/ewl\/ro\/recrutari-it-angajare-relocare-legalizare\/#breadcrumb\"},\"inLanguage\":\"ro-RO\",\"potentialAction\":[{\"@type\":\"ReadAction\",\"target\":[\"https:\/\/ewl.com.pl\/ewl\/ro\/recrutari-it-angajare-relocare-legalizare\/\"]}]},{\"@type\":\"BreadcrumbList\",\"@id\":\"https:\/\/ewl.com.pl\/ewl\/ro\/recrutari-it-angajare-relocare-legalizare\/#breadcrumb\",\"itemListElement\":[{\"@type\":\"ListItem\",\"position\":1,\"name\":\"Home\",\"item\":\"https:\/\/ewl.com.pl\/ewl\/ro\/\"},{\"@type\":\"ListItem\",\"position\":2,\"name\":\"Recrut\u0103ri IT \u2013 angajare, relocare, legalizare\"}]},{\"@type\":\"WebSite\",\"@id\":\"https:\/\/ewl.com.pl\/ewl\/ro\/#website\",\"url\":\"https:\/\/ewl.com.pl\/ewl\/ro\/\",\"name\":\"EWL Group\",\"description\":\"\",\"publisher\":{\"@id\":\"https:\/\/ewl.com.pl\/ewl\/ro\/#organization\"},\"potentialAction\":[{\"@type\":\"SearchAction\",\"target\":{\"@type\":\"EntryPoint\",\"urlTemplate\":\"https:\/\/ewl.com.pl\/ewl\/ro\/?s={search_term_string}\"},\"query-input\":{\"@type\":\"PropertyValueSpecification\",\"valueRequired\":true,\"valueName\":\"search_term_string\"}}],\"inLanguage\":\"ro-RO\"},{\"@type\":\"Organization\",\"@id\":\"https:\/\/ewl.com.pl\/ewl\/ro\/#organization\",\"name\":\"EWL Group\",\"url\":\"https:\/\/ewl.com.pl\/ewl\/ro\/\",\"logo\":{\"@type\":\"ImageObject\",\"inLanguage\":\"ro-RO\",\"@id\":\"https:\/\/ewl.com.pl\/ewl\/ro\/#\/schema\/logo\/image\/\",\"url\":\"https:\/\/ewl.com.pl\/wp-content\/uploads\/2020\/06\/logo-white@2x.png\",\"contentUrl\":\"https:\/\/ewl.com.pl\/wp-content\/uploads\/2020\/06\/logo-white@2x.png\",\"width\":312,\"height\":130,\"caption\":\"EWL Group\"},\"image\":{\"@id\":\"https:\/\/ewl.com.pl\/ewl\/ro\/#\/schema\/logo\/image\/\"}}]}<\/script>\n<!-- \/ Yoast SEO plugin. -->","yoast_head_json":{"title":"Recrut\u0103ri IT \u2013 angajare, relocare, legalizare","description":"Pentru companiile care caut\u0103 speciali\u0219ti IT, am preg\u0103tit o ofert\u0103 care dep\u0103\u0219e\u0219te abordarea tradi\u021bional\u0103 a agen\u021biilor de ocupare a for\u021bei de munc\u0103 din Polonia.","robots":{"index":"index","follow":"follow","max-snippet":"max-snippet:-1","max-image-preview":"max-image-preview:large","max-video-preview":"max-video-preview:-1"},"canonical":"https:\/\/ewl.com.pl\/ewl\/ro\/recrutari-it-angajare-relocare-legalizare\/","og_locale":"ro_RO","og_type":"article","og_title":"Rekrutacje IT - zatrudnienie, relokacja, legalizacja - EWL Group","og_description":"Dla firm poszukuj\u0105cych specjalist\u00f3w IT przygotowali\u015bmy ofert\u0119 wychodz\u0105c\u0105 poza tradycyjne podej\u015bcie agencji pracy w Polsce.","og_url":"https:\/\/ewl.com.pl\/ewl\/ro\/recrutari-it-angajare-relocare-legalizare\/","og_site_name":"EWL Group","article_modified_time":"2023-01-05T08:23:15+00:00","og_image":[{"width":800,"height":530,"url":"https:\/\/ewl.com.pl\/ewl\/wp-content\/uploads\/2021\/12\/rekrutacje-it-specjalisci-programisci.jpg","type":"image\/jpeg"}],"twitter_card":"summary_large_image","twitter_title":"Leasing pracowniczy i us\u0142uga wynajmu pracownik\u00f3w - EWL Group","twitter_description":"Wybieraj\u0105c us\u0142ug\u0119 leasingu pracownik\u00f3w zoptymalizujesz koszty zatrudnienia i przygotujesz firm\u0119 na dynamiczne zmiany zapotrzebowania kadrowego","twitter_image":"https:\/\/ewl.com.pl\/ewl\/wp-content\/uploads\/2021\/02\/pracownicy-na-wynajem-dla-firm-agencja-ewl.jpg","schema":{"@context":"https:\/\/schema.org","@graph":[{"@type":"WebPage","@id":"https:\/\/ewl.com.pl\/ewl\/ro\/recrutari-it-angajare-relocare-legalizare\/","url":"https:\/\/ewl.com.pl\/ewl\/ro\/recrutari-it-angajare-relocare-legalizare\/","name":"Recrut\u0103ri IT \u2013 angajare, relocare, legalizare","isPartOf":{"@id":"https:\/\/ewl.com.pl\/ewl\/ro\/#website"},"datePublished":"2021-12-15T09:04:45+00:00","dateModified":"2023-01-05T08:23:15+00:00","description":"Pentru companiile care caut\u0103 speciali\u0219ti IT, am preg\u0103tit o ofert\u0103 care dep\u0103\u0219e\u0219te abordarea tradi\u021bional\u0103 a agen\u021biilor de ocupare a for\u021bei de munc\u0103 din Polonia.","breadcrumb":{"@id":"https:\/\/ewl.com.pl\/ewl\/ro\/recrutari-it-angajare-relocare-legalizare\/#breadcrumb"},"inLanguage":"ro-RO","potentialAction":[{"@type":"ReadAction","target":["https:\/\/ewl.com.pl\/ewl\/ro\/recrutari-it-angajare-relocare-legalizare\/"]}]},{"@type":"BreadcrumbList","@id":"https:\/\/ewl.com.pl\/ewl\/ro\/recrutari-it-angajare-relocare-legalizare\/#breadcrumb","itemListElement":[{"@type":"ListItem","position":1,"name":"Home","item":"https:\/\/ewl.com.pl\/ewl\/ro\/"},{"@type":"ListItem","position":2,"name":"Recrut\u0103ri IT \u2013 angajare, relocare, legalizare"}]},{"@type":"WebSite","@id":"https:\/\/ewl.com.pl\/ewl\/ro\/#website","url":"https:\/\/ewl.com.pl\/ewl\/ro\/","name":"EWL Group","description":"","publisher":{"@id":"https:\/\/ewl.com.pl\/ewl\/ro\/#organization"},"potentialAction":[{"@type":"SearchAction","target":{"@type":"EntryPoint","urlTemplate":"https:\/\/ewl.com.pl\/ewl\/ro\/?s={search_term_string}"},"query-input":{"@type":"PropertyValueSpecification","valueRequired":true,"valueName":"search_term_string"}}],"inLanguage":"ro-RO"},{"@type":"Organization","@id":"https:\/\/ewl.com.pl\/ewl\/ro\/#organization","name":"EWL Group","url":"https:\/\/ewl.com.pl\/ewl\/ro\/","logo":{"@type":"ImageObject","inLanguage":"ro-RO","@id":"https:\/\/ewl.com.pl\/ewl\/ro\/#\/schema\/logo\/image\/","url":"https:\/\/ewl.com.pl\/wp-content\/uploads\/2020\/06\/logo-white@2x.png","contentUrl":"https:\/\/ewl.com.pl\/wp-content\/uploads\/2020\/06\/logo-white@2x.png","width":312,"height":130,"caption":"EWL Group"},"image":{"@id":"https:\/\/ewl.com.pl\/ewl\/ro\/#\/schema\/logo\/image\/"}}]}},"_links":{"self":[{"href":"https:\/\/ewl.com.pl\/ewl\/ro\/wp-json\/wp\/v2\/pages\/66945","targetHints":{"allow":["GET"]}}],"collection":[{"href":"https:\/\/ewl.com.pl\/ewl\/ro\/wp-json\/wp\/v2\/pages"}],"about":[{"href":"https:\/\/ewl.com.pl\/ewl\/ro\/wp-json\/wp\/v2\/types\/page"}],"author":[{"embeddable":true,"href":"https:\/\/ewl.com.pl\/ewl\/ro\/wp-json\/wp\/v2\/users\/42"}],"replies":[{"embeddable":true,"href":"https:\/\/ewl.com.pl\/ewl\/ro\/wp-json\/wp\/v2\/comments?post=66945"}],"version-history":[{"count":3,"href":"https:\/\/ewl.com.pl\/ewl\/ro\/wp-json\/wp\/v2\/pages\/66945\/revisions"}],"predecessor-version":[{"id":66949,"href":"https:\/\/ewl.com.pl\/ewl\/ro\/wp-json\/wp\/v2\/pages\/66945\/revisions\/66949"}],"wp:attachment":[{"href":"https:\/\/ewl.com.pl\/ewl\/ro\/wp-json\/wp\/v2\/media?parent=66945"}],"curies":[{"name":"wp","href":"https:\/\/api.w.org\/{rel}","templated":true}]}}