{"id":72663,"date":"2023-05-08T13:48:17","date_gmt":"2023-05-08T11:48:17","guid":{"rendered":"https:\/\/ewl.com.pl\/personel-niewykwalifikowany\/"},"modified":"2023-06-21T15:01:22","modified_gmt":"2023-06-21T13:01:22","slug":"werving-van-ongeschoolde-arbeiders","status":"publish","type":"page","link":"https:\/\/ewl.com.pl\/ewl\/nl\/werving-van-ongeschoolde-arbeiders\/","title":{"rendered":"Werving van ongeschoolde arbeiders"},"content":{"rendered":"","protected":false},"excerpt":{"rendered":"","protected":false},"author":37,"featured_media":0,"parent":0,"menu_order":0,"comment_status":"closed","ping_status":"closed","template":"","meta":{"_acf_changed":false,"footnotes":""},"class_list":["post-72663","page","type-page","status-publish","hentry"],"acf":[],"yoast_head":"<!-- This site is optimized with the Yoast SEO plugin v24.9 - https:\/\/yoast.com\/wordpress\/plugins\/seo\/ -->\n<title>Aanwerving van ongeschoolde arbeiders - EWL Group services<\/title>\n<meta name=\"description\" content=\"Ben je op zoek naar werknemers? Wij kunnen u helpen om snel en effici\u00ebnt ongeschoolde arbeiders aan te werven. Bekijk ons aanbod.\" \/>\n<meta name=\"robots\" content=\"noindex, follow\" \/>\n<meta property=\"og:locale\" content=\"nl_NL\" \/>\n<meta property=\"og:type\" content=\"article\" \/>\n<meta property=\"og:title\" content=\"Pracownicy na produkcj\u0119 - rekrutacja, wynajem, outsourcing dla firm\" \/>\n<meta property=\"og:description\" content=\"Szybka i efektywna rekrutacja pracownik\u00f3w produkcyjnych. Dzi\u0119ki EWL, zrekrutowani pracownicy na produkcj\u0119 do\u0142\u0105cz\u0105 do Twojej firmy gdy tylko b\u0119d\u0105 potrzebni\" \/>\n<meta property=\"og:url\" content=\"https:\/\/ewl.com.pl\/ewl\/nl\/werving-van-ongeschoolde-arbeiders\/\" \/>\n<meta property=\"og:site_name\" content=\"EWL Group\" \/>\n<meta property=\"article:modified_time\" content=\"2023-06-21T13:01:22+00:00\" \/>\n<meta property=\"og:image\" content=\"https:\/\/ewl.com.pl\/ewl\/wp-content\/uploads\/2021\/03\/pracownicy-na-produkcje-rekrutacja-cudzoziemcow.jpg\" \/>\n\t<meta property=\"og:image:width\" content=\"800\" \/>\n\t<meta property=\"og:image:height\" content=\"490\" \/>\n\t<meta property=\"og:image:type\" content=\"image\/jpeg\" \/>\n<meta name=\"twitter:card\" content=\"summary_large_image\" \/>\n<meta name=\"twitter:title\" content=\"Pracownicy na produkcj\u0119 - rekrutacja, wynajem, outsourcing dla firm\" \/>\n<meta name=\"twitter:description\" content=\"Szybka i efektywna rekrutacja pracownik\u00f3w produkcyjnych. Dzi\u0119ki EWL, zrekrutowani pracownicy na produkcj\u0119 do\u0142\u0105cz\u0105 do Twojej firmy gdy tylko b\u0119d\u0105 potrzebni\" \/>\n<meta name=\"twitter:image\" content=\"https:\/\/ewl.com.pl\/ewl\/wp-content\/uploads\/2021\/03\/pracownicy-na-produkcje-rekrutacja-cudzoziemcow.jpg\" \/>\n<script type=\"application\/ld+json\" class=\"yoast-schema-graph\">{\"@context\":\"https:\/\/schema.org\",\"@graph\":[{\"@type\":\"WebPage\",\"@id\":\"https:\/\/ewl.com.pl\/ewl\/nl\/werving-van-ongeschoolde-arbeiders\/\",\"url\":\"https:\/\/ewl.com.pl\/ewl\/nl\/werving-van-ongeschoolde-arbeiders\/\",\"name\":\"Aanwerving van ongeschoolde arbeiders - EWL Group services\",\"isPartOf\":{\"@id\":\"https:\/\/ewl.com.pl\/ewl\/nl\/#website\"},\"datePublished\":\"2023-05-08T11:48:17+00:00\",\"dateModified\":\"2023-06-21T13:01:22+00:00\",\"description\":\"Ben je op zoek naar werknemers? Wij kunnen u helpen om snel en effici\u00ebnt ongeschoolde arbeiders aan te werven. Bekijk ons aanbod.\",\"breadcrumb\":{\"@id\":\"https:\/\/ewl.com.pl\/ewl\/nl\/werving-van-ongeschoolde-arbeiders\/#breadcrumb\"},\"inLanguage\":\"nl\",\"potentialAction\":[{\"@type\":\"ReadAction\",\"target\":[\"https:\/\/ewl.com.pl\/ewl\/nl\/werving-van-ongeschoolde-arbeiders\/\"]}]},{\"@type\":\"BreadcrumbList\",\"@id\":\"https:\/\/ewl.com.pl\/ewl\/nl\/werving-van-ongeschoolde-arbeiders\/#breadcrumb\",\"itemListElement\":[{\"@type\":\"ListItem\",\"position\":1,\"name\":\"Home\",\"item\":\"https:\/\/ewl.com.pl\/ewl\/nl\/\"},{\"@type\":\"ListItem\",\"position\":2,\"name\":\"Werving van ongeschoolde arbeiders\"}]},{\"@type\":\"WebSite\",\"@id\":\"https:\/\/ewl.com.pl\/ewl\/nl\/#website\",\"url\":\"https:\/\/ewl.com.pl\/ewl\/nl\/\",\"name\":\"EWL Group\",\"description\":\"\",\"publisher\":{\"@id\":\"https:\/\/ewl.com.pl\/ewl\/nl\/#organization\"},\"potentialAction\":[{\"@type\":\"SearchAction\",\"target\":{\"@type\":\"EntryPoint\",\"urlTemplate\":\"https:\/\/ewl.com.pl\/ewl\/nl\/?s={search_term_string}\"},\"query-input\":{\"@type\":\"PropertyValueSpecification\",\"valueRequired\":true,\"valueName\":\"search_term_string\"}}],\"inLanguage\":\"nl\"},{\"@type\":\"Organization\",\"@id\":\"https:\/\/ewl.com.pl\/ewl\/nl\/#organization\",\"name\":\"EWL Group\",\"url\":\"https:\/\/ewl.com.pl\/ewl\/nl\/\",\"logo\":{\"@type\":\"ImageObject\",\"inLanguage\":\"nl\",\"@id\":\"https:\/\/ewl.com.pl\/ewl\/nl\/#\/schema\/logo\/image\/\",\"url\":\"https:\/\/ewl.com.pl\/wp-content\/uploads\/2020\/06\/logo-white@2x.png\",\"contentUrl\":\"https:\/\/ewl.com.pl\/wp-content\/uploads\/2020\/06\/logo-white@2x.png\",\"width\":312,\"height\":130,\"caption\":\"EWL Group\"},\"image\":{\"@id\":\"https:\/\/ewl.com.pl\/ewl\/nl\/#\/schema\/logo\/image\/\"}}]}<\/script>\n<!-- \/ Yoast SEO plugin. -->","yoast_head_json":{"title":"Aanwerving van ongeschoolde arbeiders - EWL Group services","description":"Ben je op zoek naar werknemers? Wij kunnen u helpen om snel en effici\u00ebnt ongeschoolde arbeiders aan te werven. Bekijk ons aanbod.","robots":{"index":"noindex","follow":"follow"},"og_locale":"nl_NL","og_type":"article","og_title":"Pracownicy na produkcj\u0119 - rekrutacja, wynajem, outsourcing dla firm","og_description":"Szybka i efektywna rekrutacja pracownik\u00f3w produkcyjnych. Dzi\u0119ki EWL, zrekrutowani pracownicy na produkcj\u0119 do\u0142\u0105cz\u0105 do Twojej firmy gdy tylko b\u0119d\u0105 potrzebni","og_url":"https:\/\/ewl.com.pl\/ewl\/nl\/werving-van-ongeschoolde-arbeiders\/","og_site_name":"EWL Group","article_modified_time":"2023-06-21T13:01:22+00:00","og_image":[{"width":800,"height":490,"url":"https:\/\/ewl.com.pl\/ewl\/wp-content\/uploads\/2021\/03\/pracownicy-na-produkcje-rekrutacja-cudzoziemcow.jpg","type":"image\/jpeg"}],"twitter_card":"summary_large_image","twitter_title":"Pracownicy na produkcj\u0119 - rekrutacja, wynajem, outsourcing dla firm","twitter_description":"Szybka i efektywna rekrutacja pracownik\u00f3w produkcyjnych. Dzi\u0119ki EWL, zrekrutowani pracownicy na produkcj\u0119 do\u0142\u0105cz\u0105 do Twojej firmy gdy tylko b\u0119d\u0105 potrzebni","twitter_image":"https:\/\/ewl.com.pl\/ewl\/wp-content\/uploads\/2021\/03\/pracownicy-na-produkcje-rekrutacja-cudzoziemcow.jpg","schema":{"@context":"https:\/\/schema.org","@graph":[{"@type":"WebPage","@id":"https:\/\/ewl.com.pl\/ewl\/nl\/werving-van-ongeschoolde-arbeiders\/","url":"https:\/\/ewl.com.pl\/ewl\/nl\/werving-van-ongeschoolde-arbeiders\/","name":"Aanwerving van ongeschoolde arbeiders - EWL Group services","isPartOf":{"@id":"https:\/\/ewl.com.pl\/ewl\/nl\/#website"},"datePublished":"2023-05-08T11:48:17+00:00","dateModified":"2023-06-21T13:01:22+00:00","description":"Ben je op zoek naar werknemers? Wij kunnen u helpen om snel en effici\u00ebnt ongeschoolde arbeiders aan te werven. Bekijk ons aanbod.","breadcrumb":{"@id":"https:\/\/ewl.com.pl\/ewl\/nl\/werving-van-ongeschoolde-arbeiders\/#breadcrumb"},"inLanguage":"nl","potentialAction":[{"@type":"ReadAction","target":["https:\/\/ewl.com.pl\/ewl\/nl\/werving-van-ongeschoolde-arbeiders\/"]}]},{"@type":"BreadcrumbList","@id":"https:\/\/ewl.com.pl\/ewl\/nl\/werving-van-ongeschoolde-arbeiders\/#breadcrumb","itemListElement":[{"@type":"ListItem","position":1,"name":"Home","item":"https:\/\/ewl.com.pl\/ewl\/nl\/"},{"@type":"ListItem","position":2,"name":"Werving van ongeschoolde arbeiders"}]},{"@type":"WebSite","@id":"https:\/\/ewl.com.pl\/ewl\/nl\/#website","url":"https:\/\/ewl.com.pl\/ewl\/nl\/","name":"EWL Group","description":"","publisher":{"@id":"https:\/\/ewl.com.pl\/ewl\/nl\/#organization"},"potentialAction":[{"@type":"SearchAction","target":{"@type":"EntryPoint","urlTemplate":"https:\/\/ewl.com.pl\/ewl\/nl\/?s={search_term_string}"},"query-input":{"@type":"PropertyValueSpecification","valueRequired":true,"valueName":"search_term_string"}}],"inLanguage":"nl"},{"@type":"Organization","@id":"https:\/\/ewl.com.pl\/ewl\/nl\/#organization","name":"EWL Group","url":"https:\/\/ewl.com.pl\/ewl\/nl\/","logo":{"@type":"ImageObject","inLanguage":"nl","@id":"https:\/\/ewl.com.pl\/ewl\/nl\/#\/schema\/logo\/image\/","url":"https:\/\/ewl.com.pl\/wp-content\/uploads\/2020\/06\/logo-white@2x.png","contentUrl":"https:\/\/ewl.com.pl\/wp-content\/uploads\/2020\/06\/logo-white@2x.png","width":312,"height":130,"caption":"EWL Group"},"image":{"@id":"https:\/\/ewl.com.pl\/ewl\/nl\/#\/schema\/logo\/image\/"}}]}},"_links":{"self":[{"href":"https:\/\/ewl.com.pl\/ewl\/nl\/wp-json\/wp\/v2\/pages\/72663","targetHints":{"allow":["GET"]}}],"collection":[{"href":"https:\/\/ewl.com.pl\/ewl\/nl\/wp-json\/wp\/v2\/pages"}],"about":[{"href":"https:\/\/ewl.com.pl\/ewl\/nl\/wp-json\/wp\/v2\/types\/page"}],"author":[{"embeddable":true,"href":"https:\/\/ewl.com.pl\/ewl\/nl\/wp-json\/wp\/v2\/users\/37"}],"replies":[{"embeddable":true,"href":"https:\/\/ewl.com.pl\/ewl\/nl\/wp-json\/wp\/v2\/comments?post=72663"}],"version-history":[{"count":4,"href":"https:\/\/ewl.com.pl\/ewl\/nl\/wp-json\/wp\/v2\/pages\/72663\/revisions"}],"predecessor-version":[{"id":77997,"href":"https:\/\/ewl.com.pl\/ewl\/nl\/wp-json\/wp\/v2\/pages\/72663\/revisions\/77997"}],"wp:attachment":[{"href":"https:\/\/ewl.com.pl\/ewl\/nl\/wp-json\/wp\/v2\/media?parent=72663"}],"curies":[{"name":"wp","href":"https:\/\/api.w.org\/{rel}","templated":true}]}}