{"id":65351,"date":"2020-06-09T13:39:20","date_gmt":"2020-06-09T11:39:20","guid":{"rendered":"https:\/\/ewl.com.pl\/transgraniczne-delegowanie-pracownikow\/"},"modified":"2022-08-09T11:01:56","modified_gmt":"2022-08-09T09:01:56","slug":"grensoverschrijdende-detachering-van-werknemers","status":"publish","type":"page","link":"https:\/\/ewl.com.pl\/ewl\/nl\/grensoverschrijdende-detachering-van-werknemers\/","title":{"rendered":"Grensoverschrijdende detachering van werknemers"},"content":{"rendered":"","protected":false},"excerpt":{"rendered":"","protected":false},"author":42,"featured_media":0,"parent":0,"menu_order":0,"comment_status":"closed","ping_status":"closed","template":"","meta":{"_acf_changed":false,"footnotes":""},"class_list":["post-65351","page","type-page","status-publish","hentry"],"acf":[],"yoast_head":"<!-- This site is optimized with the Yoast SEO plugin v24.9 - https:\/\/yoast.com\/wordpress\/plugins\/seo\/ -->\n<title>Grensarbeiders detacheren om in het buitenland te werken<\/title>\n<meta name=\"description\" content=\"Onze diensten omvatten grensoverschrijdende detachering van werknemers naar Tsjechi\u00eb, Nederland en Duitsland, samen met legalisering van werkgelegenheid en dienstverlening\" \/>\n<meta name=\"robots\" content=\"index, follow, max-snippet:-1, max-image-preview:large, max-video-preview:-1\" \/>\n<link rel=\"canonical\" href=\"https:\/\/ewl.com.pl\/ewl\/nl\/grensoverschrijdende-detachering-van-werknemers\/\" \/>\n<meta property=\"og:locale\" content=\"nl_NL\" \/>\n<meta property=\"og:type\" content=\"article\" \/>\n<meta property=\"og:title\" content=\"Delegowanie pracownik\u00f3w transgranicznych do pracy za granic\u0105\" \/>\n<meta property=\"og:description\" content=\"Nasze us\u0142ugi obejmuj\u0105 transgraniczne delegowanie pracownik\u00f3w do Czech, Holandii i Niemiec wraz z legalizacj\u0105 zatrudnienia i obs\u0142ug\u0105\" \/>\n<meta property=\"og:url\" content=\"https:\/\/ewl.com.pl\/ewl\/nl\/grensoverschrijdende-detachering-van-werknemers\/\" \/>\n<meta property=\"og:site_name\" content=\"EWL Group\" \/>\n<meta property=\"article:modified_time\" content=\"2022-08-09T09:01:56+00:00\" \/>\n<meta name=\"twitter:card\" content=\"summary_large_image\" \/>\n<meta name=\"twitter:title\" content=\"Delegowanie pracownik\u00f3w transgranicznych do pracy za granic\u0105\" \/>\n<meta name=\"twitter:description\" content=\"Nasze us\u0142ugi obejmuj\u0105 transgraniczne delegowanie pracownik\u00f3w do Czech, Holandii i Niemiec wraz z legalizacj\u0105 zatrudnienia i obs\u0142ug\u0105\" \/>\n<script type=\"application\/ld+json\" class=\"yoast-schema-graph\">{\"@context\":\"https:\/\/schema.org\",\"@graph\":[{\"@type\":\"WebPage\",\"@id\":\"https:\/\/ewl.com.pl\/ewl\/nl\/grensoverschrijdende-detachering-van-werknemers\/\",\"url\":\"https:\/\/ewl.com.pl\/ewl\/nl\/grensoverschrijdende-detachering-van-werknemers\/\",\"name\":\"Grensarbeiders detacheren om in het buitenland te werken\",\"isPartOf\":{\"@id\":\"https:\/\/ewl.com.pl\/ewl\/nl\/#website\"},\"datePublished\":\"2020-06-09T11:39:20+00:00\",\"dateModified\":\"2022-08-09T09:01:56+00:00\",\"description\":\"Onze diensten omvatten grensoverschrijdende detachering van werknemers naar Tsjechi\u00eb, Nederland en Duitsland, samen met legalisering van werkgelegenheid en dienstverlening\",\"breadcrumb\":{\"@id\":\"https:\/\/ewl.com.pl\/ewl\/nl\/grensoverschrijdende-detachering-van-werknemers\/#breadcrumb\"},\"inLanguage\":\"nl\",\"potentialAction\":[{\"@type\":\"ReadAction\",\"target\":[\"https:\/\/ewl.com.pl\/ewl\/nl\/grensoverschrijdende-detachering-van-werknemers\/\"]}]},{\"@type\":\"BreadcrumbList\",\"@id\":\"https:\/\/ewl.com.pl\/ewl\/nl\/grensoverschrijdende-detachering-van-werknemers\/#breadcrumb\",\"itemListElement\":[{\"@type\":\"ListItem\",\"position\":1,\"name\":\"Home\",\"item\":\"https:\/\/ewl.com.pl\/ewl\/nl\/\"},{\"@type\":\"ListItem\",\"position\":2,\"name\":\"Grensoverschrijdende detachering van werknemers\"}]},{\"@type\":\"WebSite\",\"@id\":\"https:\/\/ewl.com.pl\/ewl\/nl\/#website\",\"url\":\"https:\/\/ewl.com.pl\/ewl\/nl\/\",\"name\":\"EWL Group\",\"description\":\"\",\"publisher\":{\"@id\":\"https:\/\/ewl.com.pl\/ewl\/nl\/#organization\"},\"potentialAction\":[{\"@type\":\"SearchAction\",\"target\":{\"@type\":\"EntryPoint\",\"urlTemplate\":\"https:\/\/ewl.com.pl\/ewl\/nl\/?s={search_term_string}\"},\"query-input\":{\"@type\":\"PropertyValueSpecification\",\"valueRequired\":true,\"valueName\":\"search_term_string\"}}],\"inLanguage\":\"nl\"},{\"@type\":\"Organization\",\"@id\":\"https:\/\/ewl.com.pl\/ewl\/nl\/#organization\",\"name\":\"EWL Group\",\"url\":\"https:\/\/ewl.com.pl\/ewl\/nl\/\",\"logo\":{\"@type\":\"ImageObject\",\"inLanguage\":\"nl\",\"@id\":\"https:\/\/ewl.com.pl\/ewl\/nl\/#\/schema\/logo\/image\/\",\"url\":\"https:\/\/ewl.com.pl\/wp-content\/uploads\/2020\/06\/logo-white@2x.png\",\"contentUrl\":\"https:\/\/ewl.com.pl\/wp-content\/uploads\/2020\/06\/logo-white@2x.png\",\"width\":312,\"height\":130,\"caption\":\"EWL Group\"},\"image\":{\"@id\":\"https:\/\/ewl.com.pl\/ewl\/nl\/#\/schema\/logo\/image\/\"}}]}<\/script>\n<!-- \/ Yoast SEO plugin. -->","yoast_head_json":{"title":"Grensarbeiders detacheren om in het buitenland te werken","description":"Onze diensten omvatten grensoverschrijdende detachering van werknemers naar Tsjechi\u00eb, Nederland en Duitsland, samen met legalisering van werkgelegenheid en dienstverlening","robots":{"index":"index","follow":"follow","max-snippet":"max-snippet:-1","max-image-preview":"max-image-preview:large","max-video-preview":"max-video-preview:-1"},"canonical":"https:\/\/ewl.com.pl\/ewl\/nl\/grensoverschrijdende-detachering-van-werknemers\/","og_locale":"nl_NL","og_type":"article","og_title":"Delegowanie pracownik\u00f3w transgranicznych do pracy za granic\u0105","og_description":"Nasze us\u0142ugi obejmuj\u0105 transgraniczne delegowanie pracownik\u00f3w do Czech, Holandii i Niemiec wraz z legalizacj\u0105 zatrudnienia i obs\u0142ug\u0105","og_url":"https:\/\/ewl.com.pl\/ewl\/nl\/grensoverschrijdende-detachering-van-werknemers\/","og_site_name":"EWL Group","article_modified_time":"2022-08-09T09:01:56+00:00","twitter_card":"summary_large_image","twitter_title":"Delegowanie pracownik\u00f3w transgranicznych do pracy za granic\u0105","twitter_description":"Nasze us\u0142ugi obejmuj\u0105 transgraniczne delegowanie pracownik\u00f3w do Czech, Holandii i Niemiec wraz z legalizacj\u0105 zatrudnienia i obs\u0142ug\u0105","schema":{"@context":"https:\/\/schema.org","@graph":[{"@type":"WebPage","@id":"https:\/\/ewl.com.pl\/ewl\/nl\/grensoverschrijdende-detachering-van-werknemers\/","url":"https:\/\/ewl.com.pl\/ewl\/nl\/grensoverschrijdende-detachering-van-werknemers\/","name":"Grensarbeiders detacheren om in het buitenland te werken","isPartOf":{"@id":"https:\/\/ewl.com.pl\/ewl\/nl\/#website"},"datePublished":"2020-06-09T11:39:20+00:00","dateModified":"2022-08-09T09:01:56+00:00","description":"Onze diensten omvatten grensoverschrijdende detachering van werknemers naar Tsjechi\u00eb, Nederland en Duitsland, samen met legalisering van werkgelegenheid en dienstverlening","breadcrumb":{"@id":"https:\/\/ewl.com.pl\/ewl\/nl\/grensoverschrijdende-detachering-van-werknemers\/#breadcrumb"},"inLanguage":"nl","potentialAction":[{"@type":"ReadAction","target":["https:\/\/ewl.com.pl\/ewl\/nl\/grensoverschrijdende-detachering-van-werknemers\/"]}]},{"@type":"BreadcrumbList","@id":"https:\/\/ewl.com.pl\/ewl\/nl\/grensoverschrijdende-detachering-van-werknemers\/#breadcrumb","itemListElement":[{"@type":"ListItem","position":1,"name":"Home","item":"https:\/\/ewl.com.pl\/ewl\/nl\/"},{"@type":"ListItem","position":2,"name":"Grensoverschrijdende detachering van werknemers"}]},{"@type":"WebSite","@id":"https:\/\/ewl.com.pl\/ewl\/nl\/#website","url":"https:\/\/ewl.com.pl\/ewl\/nl\/","name":"EWL Group","description":"","publisher":{"@id":"https:\/\/ewl.com.pl\/ewl\/nl\/#organization"},"potentialAction":[{"@type":"SearchAction","target":{"@type":"EntryPoint","urlTemplate":"https:\/\/ewl.com.pl\/ewl\/nl\/?s={search_term_string}"},"query-input":{"@type":"PropertyValueSpecification","valueRequired":true,"valueName":"search_term_string"}}],"inLanguage":"nl"},{"@type":"Organization","@id":"https:\/\/ewl.com.pl\/ewl\/nl\/#organization","name":"EWL Group","url":"https:\/\/ewl.com.pl\/ewl\/nl\/","logo":{"@type":"ImageObject","inLanguage":"nl","@id":"https:\/\/ewl.com.pl\/ewl\/nl\/#\/schema\/logo\/image\/","url":"https:\/\/ewl.com.pl\/wp-content\/uploads\/2020\/06\/logo-white@2x.png","contentUrl":"https:\/\/ewl.com.pl\/wp-content\/uploads\/2020\/06\/logo-white@2x.png","width":312,"height":130,"caption":"EWL Group"},"image":{"@id":"https:\/\/ewl.com.pl\/ewl\/nl\/#\/schema\/logo\/image\/"}}]}},"_links":{"self":[{"href":"https:\/\/ewl.com.pl\/ewl\/nl\/wp-json\/wp\/v2\/pages\/65351","targetHints":{"allow":["GET"]}}],"collection":[{"href":"https:\/\/ewl.com.pl\/ewl\/nl\/wp-json\/wp\/v2\/pages"}],"about":[{"href":"https:\/\/ewl.com.pl\/ewl\/nl\/wp-json\/wp\/v2\/types\/page"}],"author":[{"embeddable":true,"href":"https:\/\/ewl.com.pl\/ewl\/nl\/wp-json\/wp\/v2\/users\/42"}],"replies":[{"embeddable":true,"href":"https:\/\/ewl.com.pl\/ewl\/nl\/wp-json\/wp\/v2\/comments?post=65351"}],"version-history":[{"count":3,"href":"https:\/\/ewl.com.pl\/ewl\/nl\/wp-json\/wp\/v2\/pages\/65351\/revisions"}],"predecessor-version":[{"id":65512,"href":"https:\/\/ewl.com.pl\/ewl\/nl\/wp-json\/wp\/v2\/pages\/65351\/revisions\/65512"}],"wp:attachment":[{"href":"https:\/\/ewl.com.pl\/ewl\/nl\/wp-json\/wp\/v2\/media?parent=65351"}],"curies":[{"name":"wp","href":"https:\/\/api.w.org\/{rel}","templated":true}]}}