{"id":79098,"date":"2020-04-14T12:45:13","date_gmt":"2020-04-14T10:45:13","guid":{"rendered":"https:\/\/ewl.com.pl\/o-nas\/"},"modified":"2023-07-20T13:14:14","modified_gmt":"2023-07-20T11:14:14","slug":"apie-mus","status":"publish","type":"page","link":"https:\/\/ewl.com.pl\/ewl\/lt\/apie-mus\/","title":{"rendered":"Kas esame?"},"content":{"rendered":"","protected":false},"excerpt":{"rendered":"","protected":false},"author":1,"featured_media":0,"parent":0,"menu_order":0,"comment_status":"closed","ping_status":"closed","template":"","meta":{"_acf_changed":false,"footnotes":""},"class_list":["post-79098","page","type-page","status-publish","hentry"],"acf":[],"yoast_head":"<!-- This site is optimized with the Yoast SEO plugin v24.9 - https:\/\/yoast.com\/wordpress\/plugins\/seo\/ -->\n<title>Lider na rynku zatrudnienia obcokrajowc\u00f3w - EWL Group<\/title>\n<meta name=\"description\" content=\"Poznaj korzy\u015bci wsp\u00f3\u0142pracy z najwi\u0119ksz\u0105 agencj\u0105 na rynku. Wieloletnie do\u015bwiadczenie w rekrutacji pracownik\u00f3w z zagranicy. Leasing i outsourcing pracownik\u00f3w\" \/>\n<meta name=\"robots\" content=\"index, follow, max-snippet:-1, max-image-preview:large, max-video-preview:-1\" \/>\n<link rel=\"canonical\" href=\"https:\/\/ewl.com.pl\/ewl\/lt\/apie-mus\/\" \/>\n<meta property=\"og:locale\" content=\"lt_LT\" \/>\n<meta property=\"og:type\" content=\"article\" \/>\n<meta property=\"og:title\" content=\"Lider na rynku zatrudnienia obcokrajowc\u00f3w - EWL Group\" \/>\n<meta property=\"og:description\" content=\"Poznaj korzy\u015bci wsp\u00f3\u0142pracy z najwi\u0119ksz\u0105 agencj\u0105 na rynku. Wieloletnie do\u015bwiadczenie w rekrutacji pracownik\u00f3w z zagranicy. Leasing i outsourcing pracownik\u00f3w\" \/>\n<meta property=\"og:url\" content=\"https:\/\/ewl.com.pl\/ewl\/lt\/apie-mus\/\" \/>\n<meta property=\"og:site_name\" content=\"EWL Group\" \/>\n<meta property=\"article:modified_time\" content=\"2023-07-20T11:14:14+00:00\" \/>\n<meta name=\"twitter:card\" content=\"summary_large_image\" \/>\n<script type=\"application\/ld+json\" class=\"yoast-schema-graph\">{\"@context\":\"https:\/\/schema.org\",\"@graph\":[{\"@type\":\"WebPage\",\"@id\":\"https:\/\/ewl.com.pl\/ewl\/lt\/apie-mus\/\",\"url\":\"https:\/\/ewl.com.pl\/ewl\/lt\/apie-mus\/\",\"name\":\"Lider na rynku zatrudnienia obcokrajowc\u00f3w - EWL Group\",\"isPartOf\":{\"@id\":\"https:\/\/ewl.com.pl\/ewl\/lt\/#website\"},\"datePublished\":\"2020-04-14T10:45:13+00:00\",\"dateModified\":\"2023-07-20T11:14:14+00:00\",\"description\":\"Poznaj korzy\u015bci wsp\u00f3\u0142pracy z najwi\u0119ksz\u0105 agencj\u0105 na rynku. Wieloletnie do\u015bwiadczenie w rekrutacji pracownik\u00f3w z zagranicy. Leasing i outsourcing pracownik\u00f3w\",\"breadcrumb\":{\"@id\":\"https:\/\/ewl.com.pl\/ewl\/lt\/apie-mus\/#breadcrumb\"},\"inLanguage\":\"lt-LT\",\"potentialAction\":[{\"@type\":\"ReadAction\",\"target\":[\"https:\/\/ewl.com.pl\/ewl\/lt\/apie-mus\/\"]}]},{\"@type\":\"BreadcrumbList\",\"@id\":\"https:\/\/ewl.com.pl\/ewl\/lt\/apie-mus\/#breadcrumb\",\"itemListElement\":[{\"@type\":\"ListItem\",\"position\":1,\"name\":\"Home\",\"item\":\"https:\/\/ewl.com.pl\/ewl\/lt\/\"},{\"@type\":\"ListItem\",\"position\":2,\"name\":\"Kas esame?\"}]},{\"@type\":\"WebSite\",\"@id\":\"https:\/\/ewl.com.pl\/ewl\/lt\/#website\",\"url\":\"https:\/\/ewl.com.pl\/ewl\/lt\/\",\"name\":\"EWL Group\",\"description\":\"\",\"publisher\":{\"@id\":\"https:\/\/ewl.com.pl\/ewl\/lt\/#organization\"},\"potentialAction\":[{\"@type\":\"SearchAction\",\"target\":{\"@type\":\"EntryPoint\",\"urlTemplate\":\"https:\/\/ewl.com.pl\/ewl\/lt\/?s={search_term_string}\"},\"query-input\":{\"@type\":\"PropertyValueSpecification\",\"valueRequired\":true,\"valueName\":\"search_term_string\"}}],\"inLanguage\":\"lt-LT\"},{\"@type\":\"Organization\",\"@id\":\"https:\/\/ewl.com.pl\/ewl\/lt\/#organization\",\"name\":\"EWL Group\",\"url\":\"https:\/\/ewl.com.pl\/ewl\/lt\/\",\"logo\":{\"@type\":\"ImageObject\",\"inLanguage\":\"lt-LT\",\"@id\":\"https:\/\/ewl.com.pl\/ewl\/lt\/#\/schema\/logo\/image\/\",\"url\":\"https:\/\/ewl.com.pl\/wp-content\/uploads\/2020\/06\/logo-white@2x.png\",\"contentUrl\":\"https:\/\/ewl.com.pl\/wp-content\/uploads\/2020\/06\/logo-white@2x.png\",\"width\":312,\"height\":130,\"caption\":\"EWL Group\"},\"image\":{\"@id\":\"https:\/\/ewl.com.pl\/ewl\/lt\/#\/schema\/logo\/image\/\"}}]}<\/script>\n<!-- \/ Yoast SEO plugin. -->","yoast_head_json":{"title":"Lider na rynku zatrudnienia obcokrajowc\u00f3w - EWL Group","description":"Poznaj korzy\u015bci wsp\u00f3\u0142pracy z najwi\u0119ksz\u0105 agencj\u0105 na rynku. Wieloletnie do\u015bwiadczenie w rekrutacji pracownik\u00f3w z zagranicy. Leasing i outsourcing pracownik\u00f3w","robots":{"index":"index","follow":"follow","max-snippet":"max-snippet:-1","max-image-preview":"max-image-preview:large","max-video-preview":"max-video-preview:-1"},"canonical":"https:\/\/ewl.com.pl\/ewl\/lt\/apie-mus\/","og_locale":"lt_LT","og_type":"article","og_title":"Lider na rynku zatrudnienia obcokrajowc\u00f3w - EWL Group","og_description":"Poznaj korzy\u015bci wsp\u00f3\u0142pracy z najwi\u0119ksz\u0105 agencj\u0105 na rynku. Wieloletnie do\u015bwiadczenie w rekrutacji pracownik\u00f3w z zagranicy. Leasing i outsourcing pracownik\u00f3w","og_url":"https:\/\/ewl.com.pl\/ewl\/lt\/apie-mus\/","og_site_name":"EWL Group","article_modified_time":"2023-07-20T11:14:14+00:00","twitter_card":"summary_large_image","schema":{"@context":"https:\/\/schema.org","@graph":[{"@type":"WebPage","@id":"https:\/\/ewl.com.pl\/ewl\/lt\/apie-mus\/","url":"https:\/\/ewl.com.pl\/ewl\/lt\/apie-mus\/","name":"Lider na rynku zatrudnienia obcokrajowc\u00f3w - EWL Group","isPartOf":{"@id":"https:\/\/ewl.com.pl\/ewl\/lt\/#website"},"datePublished":"2020-04-14T10:45:13+00:00","dateModified":"2023-07-20T11:14:14+00:00","description":"Poznaj korzy\u015bci wsp\u00f3\u0142pracy z najwi\u0119ksz\u0105 agencj\u0105 na rynku. Wieloletnie do\u015bwiadczenie w rekrutacji pracownik\u00f3w z zagranicy. Leasing i outsourcing pracownik\u00f3w","breadcrumb":{"@id":"https:\/\/ewl.com.pl\/ewl\/lt\/apie-mus\/#breadcrumb"},"inLanguage":"lt-LT","potentialAction":[{"@type":"ReadAction","target":["https:\/\/ewl.com.pl\/ewl\/lt\/apie-mus\/"]}]},{"@type":"BreadcrumbList","@id":"https:\/\/ewl.com.pl\/ewl\/lt\/apie-mus\/#breadcrumb","itemListElement":[{"@type":"ListItem","position":1,"name":"Home","item":"https:\/\/ewl.com.pl\/ewl\/lt\/"},{"@type":"ListItem","position":2,"name":"Kas esame?"}]},{"@type":"WebSite","@id":"https:\/\/ewl.com.pl\/ewl\/lt\/#website","url":"https:\/\/ewl.com.pl\/ewl\/lt\/","name":"EWL Group","description":"","publisher":{"@id":"https:\/\/ewl.com.pl\/ewl\/lt\/#organization"},"potentialAction":[{"@type":"SearchAction","target":{"@type":"EntryPoint","urlTemplate":"https:\/\/ewl.com.pl\/ewl\/lt\/?s={search_term_string}"},"query-input":{"@type":"PropertyValueSpecification","valueRequired":true,"valueName":"search_term_string"}}],"inLanguage":"lt-LT"},{"@type":"Organization","@id":"https:\/\/ewl.com.pl\/ewl\/lt\/#organization","name":"EWL Group","url":"https:\/\/ewl.com.pl\/ewl\/lt\/","logo":{"@type":"ImageObject","inLanguage":"lt-LT","@id":"https:\/\/ewl.com.pl\/ewl\/lt\/#\/schema\/logo\/image\/","url":"https:\/\/ewl.com.pl\/wp-content\/uploads\/2020\/06\/logo-white@2x.png","contentUrl":"https:\/\/ewl.com.pl\/wp-content\/uploads\/2020\/06\/logo-white@2x.png","width":312,"height":130,"caption":"EWL Group"},"image":{"@id":"https:\/\/ewl.com.pl\/ewl\/lt\/#\/schema\/logo\/image\/"}}]}},"_links":{"self":[{"href":"https:\/\/ewl.com.pl\/ewl\/lt\/wp-json\/wp\/v2\/pages\/79098","targetHints":{"allow":["GET"]}}],"collection":[{"href":"https:\/\/ewl.com.pl\/ewl\/lt\/wp-json\/wp\/v2\/pages"}],"about":[{"href":"https:\/\/ewl.com.pl\/ewl\/lt\/wp-json\/wp\/v2\/types\/page"}],"author":[{"embeddable":true,"href":"https:\/\/ewl.com.pl\/ewl\/lt\/wp-json\/wp\/v2\/users\/1"}],"replies":[{"embeddable":true,"href":"https:\/\/ewl.com.pl\/ewl\/lt\/wp-json\/wp\/v2\/comments?post=79098"}],"version-history":[{"count":3,"href":"https:\/\/ewl.com.pl\/ewl\/lt\/wp-json\/wp\/v2\/pages\/79098\/revisions"}],"predecessor-version":[{"id":79104,"href":"https:\/\/ewl.com.pl\/ewl\/lt\/wp-json\/wp\/v2\/pages\/79098\/revisions\/79104"}],"wp:attachment":[{"href":"https:\/\/ewl.com.pl\/ewl\/lt\/wp-json\/wp\/v2\/media?parent=79098"}],"curies":[{"name":"wp","href":"https:\/\/api.w.org\/{rel}","templated":true}]}}