{"id":78764,"date":"2020-05-15T12:53:31","date_gmt":"2020-05-15T10:53:31","guid":{"rendered":"https:\/\/ewl.com.pl\/wynajem-nieruchomosci-dla-pracownikow\/"},"modified":"2023-07-20T13:00:06","modified_gmt":"2023-07-20T11:00:06","slug":"nekilnojamojo-turto-nuoma-darbuotojams","status":"publish","type":"page","link":"https:\/\/ewl.com.pl\/ewl\/lt\/nekilnojamojo-turto-nuoma-darbuotojams\/","title":{"rendered":"Nekilnojamojo turto nuoma darbuotojams"},"content":{"rendered":"","protected":false},"excerpt":{"rendered":"","protected":false},"author":1,"featured_media":0,"parent":0,"menu_order":0,"comment_status":"closed","ping_status":"closed","template":"","meta":{"_acf_changed":false,"footnotes":""},"class_list":["post-78764","page","type-page","status-publish","hentry"],"acf":[],"yoast_head":"<!-- This site is optimized with the Yoast SEO plugin v24.9 - https:\/\/yoast.com\/wordpress\/plugins\/seo\/ -->\n<title>EWL darbuotoj\u0173 apgyvendinimas ir vie\u0161bu\u010diai<\/title>\n<meta name=\"description\" content=\"Ar si\u016blote b\u016bst\u0105, vie\u0161but\u012f ar apgyvendinim\u0105 EWL darbuotojams? Susisiekite su mumis ir pateikite pasi\u016blym\u0105 i\u0161nuomoti savo turt\u0105.\" \/>\n<meta name=\"robots\" content=\"index, follow, max-snippet:-1, max-image-preview:large, max-video-preview:-1\" \/>\n<link rel=\"canonical\" href=\"https:\/\/ewl.com.pl\/ewl\/lt\/nekilnojamojo-turto-nuoma-darbuotojams\/\" \/>\n<meta property=\"og:locale\" content=\"lt_LT\" \/>\n<meta property=\"og:type\" content=\"article\" \/>\n<meta property=\"og:title\" content=\"EWL darbuotoj\u0173 apgyvendinimas ir vie\u0161bu\u010diai\" \/>\n<meta property=\"og:description\" content=\"Ar si\u016blote b\u016bst\u0105, vie\u0161but\u012f ar apgyvendinim\u0105 EWL darbuotojams? Susisiekite su mumis ir pateikite pasi\u016blym\u0105 i\u0161nuomoti savo turt\u0105.\" \/>\n<meta property=\"og:url\" content=\"https:\/\/ewl.com.pl\/ewl\/lt\/nekilnojamojo-turto-nuoma-darbuotojams\/\" \/>\n<meta property=\"og:site_name\" content=\"EWL Group\" \/>\n<meta property=\"article:modified_time\" content=\"2023-07-20T11:00:06+00:00\" \/>\n<meta name=\"twitter:card\" content=\"summary_large_image\" \/>\n<script type=\"application\/ld+json\" class=\"yoast-schema-graph\">{\"@context\":\"https:\/\/schema.org\",\"@graph\":[{\"@type\":\"WebPage\",\"@id\":\"https:\/\/ewl.com.pl\/ewl\/lt\/nekilnojamojo-turto-nuoma-darbuotojams\/\",\"url\":\"https:\/\/ewl.com.pl\/ewl\/lt\/nekilnojamojo-turto-nuoma-darbuotojams\/\",\"name\":\"EWL darbuotoj\u0173 apgyvendinimas ir vie\u0161bu\u010diai\",\"isPartOf\":{\"@id\":\"https:\/\/ewl.com.pl\/ewl\/lt\/#website\"},\"datePublished\":\"2020-05-15T10:53:31+00:00\",\"dateModified\":\"2023-07-20T11:00:06+00:00\",\"description\":\"Ar si\u016blote b\u016bst\u0105, vie\u0161but\u012f ar apgyvendinim\u0105 EWL darbuotojams? Susisiekite su mumis ir pateikite pasi\u016blym\u0105 i\u0161nuomoti savo turt\u0105.\",\"breadcrumb\":{\"@id\":\"https:\/\/ewl.com.pl\/ewl\/lt\/nekilnojamojo-turto-nuoma-darbuotojams\/#breadcrumb\"},\"inLanguage\":\"lt-LT\",\"potentialAction\":[{\"@type\":\"ReadAction\",\"target\":[\"https:\/\/ewl.com.pl\/ewl\/lt\/nekilnojamojo-turto-nuoma-darbuotojams\/\"]}]},{\"@type\":\"BreadcrumbList\",\"@id\":\"https:\/\/ewl.com.pl\/ewl\/lt\/nekilnojamojo-turto-nuoma-darbuotojams\/#breadcrumb\",\"itemListElement\":[{\"@type\":\"ListItem\",\"position\":1,\"name\":\"Home\",\"item\":\"https:\/\/ewl.com.pl\/ewl\/lt\/\"},{\"@type\":\"ListItem\",\"position\":2,\"name\":\"Nekilnojamojo turto nuoma darbuotojams\"}]},{\"@type\":\"WebSite\",\"@id\":\"https:\/\/ewl.com.pl\/ewl\/lt\/#website\",\"url\":\"https:\/\/ewl.com.pl\/ewl\/lt\/\",\"name\":\"EWL Group\",\"description\":\"\",\"publisher\":{\"@id\":\"https:\/\/ewl.com.pl\/ewl\/lt\/#organization\"},\"potentialAction\":[{\"@type\":\"SearchAction\",\"target\":{\"@type\":\"EntryPoint\",\"urlTemplate\":\"https:\/\/ewl.com.pl\/ewl\/lt\/?s={search_term_string}\"},\"query-input\":{\"@type\":\"PropertyValueSpecification\",\"valueRequired\":true,\"valueName\":\"search_term_string\"}}],\"inLanguage\":\"lt-LT\"},{\"@type\":\"Organization\",\"@id\":\"https:\/\/ewl.com.pl\/ewl\/lt\/#organization\",\"name\":\"EWL Group\",\"url\":\"https:\/\/ewl.com.pl\/ewl\/lt\/\",\"logo\":{\"@type\":\"ImageObject\",\"inLanguage\":\"lt-LT\",\"@id\":\"https:\/\/ewl.com.pl\/ewl\/lt\/#\/schema\/logo\/image\/\",\"url\":\"https:\/\/ewl.com.pl\/wp-content\/uploads\/2020\/06\/logo-white@2x.png\",\"contentUrl\":\"https:\/\/ewl.com.pl\/wp-content\/uploads\/2020\/06\/logo-white@2x.png\",\"width\":312,\"height\":130,\"caption\":\"EWL Group\"},\"image\":{\"@id\":\"https:\/\/ewl.com.pl\/ewl\/lt\/#\/schema\/logo\/image\/\"}}]}<\/script>\n<!-- \/ Yoast SEO plugin. -->","yoast_head_json":{"title":"EWL darbuotoj\u0173 apgyvendinimas ir vie\u0161bu\u010diai","description":"Ar si\u016blote b\u016bst\u0105, vie\u0161but\u012f ar apgyvendinim\u0105 EWL darbuotojams? Susisiekite su mumis ir pateikite pasi\u016blym\u0105 i\u0161nuomoti savo turt\u0105.","robots":{"index":"index","follow":"follow","max-snippet":"max-snippet:-1","max-image-preview":"max-image-preview:large","max-video-preview":"max-video-preview:-1"},"canonical":"https:\/\/ewl.com.pl\/ewl\/lt\/nekilnojamojo-turto-nuoma-darbuotojams\/","og_locale":"lt_LT","og_type":"article","og_title":"EWL darbuotoj\u0173 apgyvendinimas ir vie\u0161bu\u010diai","og_description":"Ar si\u016blote b\u016bst\u0105, vie\u0161but\u012f ar apgyvendinim\u0105 EWL darbuotojams? Susisiekite su mumis ir pateikite pasi\u016blym\u0105 i\u0161nuomoti savo turt\u0105.","og_url":"https:\/\/ewl.com.pl\/ewl\/lt\/nekilnojamojo-turto-nuoma-darbuotojams\/","og_site_name":"EWL Group","article_modified_time":"2023-07-20T11:00:06+00:00","twitter_card":"summary_large_image","schema":{"@context":"https:\/\/schema.org","@graph":[{"@type":"WebPage","@id":"https:\/\/ewl.com.pl\/ewl\/lt\/nekilnojamojo-turto-nuoma-darbuotojams\/","url":"https:\/\/ewl.com.pl\/ewl\/lt\/nekilnojamojo-turto-nuoma-darbuotojams\/","name":"EWL darbuotoj\u0173 apgyvendinimas ir vie\u0161bu\u010diai","isPartOf":{"@id":"https:\/\/ewl.com.pl\/ewl\/lt\/#website"},"datePublished":"2020-05-15T10:53:31+00:00","dateModified":"2023-07-20T11:00:06+00:00","description":"Ar si\u016blote b\u016bst\u0105, vie\u0161but\u012f ar apgyvendinim\u0105 EWL darbuotojams? Susisiekite su mumis ir pateikite pasi\u016blym\u0105 i\u0161nuomoti savo turt\u0105.","breadcrumb":{"@id":"https:\/\/ewl.com.pl\/ewl\/lt\/nekilnojamojo-turto-nuoma-darbuotojams\/#breadcrumb"},"inLanguage":"lt-LT","potentialAction":[{"@type":"ReadAction","target":["https:\/\/ewl.com.pl\/ewl\/lt\/nekilnojamojo-turto-nuoma-darbuotojams\/"]}]},{"@type":"BreadcrumbList","@id":"https:\/\/ewl.com.pl\/ewl\/lt\/nekilnojamojo-turto-nuoma-darbuotojams\/#breadcrumb","itemListElement":[{"@type":"ListItem","position":1,"name":"Home","item":"https:\/\/ewl.com.pl\/ewl\/lt\/"},{"@type":"ListItem","position":2,"name":"Nekilnojamojo turto nuoma darbuotojams"}]},{"@type":"WebSite","@id":"https:\/\/ewl.com.pl\/ewl\/lt\/#website","url":"https:\/\/ewl.com.pl\/ewl\/lt\/","name":"EWL Group","description":"","publisher":{"@id":"https:\/\/ewl.com.pl\/ewl\/lt\/#organization"},"potentialAction":[{"@type":"SearchAction","target":{"@type":"EntryPoint","urlTemplate":"https:\/\/ewl.com.pl\/ewl\/lt\/?s={search_term_string}"},"query-input":{"@type":"PropertyValueSpecification","valueRequired":true,"valueName":"search_term_string"}}],"inLanguage":"lt-LT"},{"@type":"Organization","@id":"https:\/\/ewl.com.pl\/ewl\/lt\/#organization","name":"EWL Group","url":"https:\/\/ewl.com.pl\/ewl\/lt\/","logo":{"@type":"ImageObject","inLanguage":"lt-LT","@id":"https:\/\/ewl.com.pl\/ewl\/lt\/#\/schema\/logo\/image\/","url":"https:\/\/ewl.com.pl\/wp-content\/uploads\/2020\/06\/logo-white@2x.png","contentUrl":"https:\/\/ewl.com.pl\/wp-content\/uploads\/2020\/06\/logo-white@2x.png","width":312,"height":130,"caption":"EWL Group"},"image":{"@id":"https:\/\/ewl.com.pl\/ewl\/lt\/#\/schema\/logo\/image\/"}}]}},"_links":{"self":[{"href":"https:\/\/ewl.com.pl\/ewl\/lt\/wp-json\/wp\/v2\/pages\/78764","targetHints":{"allow":["GET"]}}],"collection":[{"href":"https:\/\/ewl.com.pl\/ewl\/lt\/wp-json\/wp\/v2\/pages"}],"about":[{"href":"https:\/\/ewl.com.pl\/ewl\/lt\/wp-json\/wp\/v2\/types\/page"}],"author":[{"embeddable":true,"href":"https:\/\/ewl.com.pl\/ewl\/lt\/wp-json\/wp\/v2\/users\/1"}],"replies":[{"embeddable":true,"href":"https:\/\/ewl.com.pl\/ewl\/lt\/wp-json\/wp\/v2\/comments?post=78764"}],"version-history":[{"count":8,"href":"https:\/\/ewl.com.pl\/ewl\/lt\/wp-json\/wp\/v2\/pages\/78764\/revisions"}],"predecessor-version":[{"id":79097,"href":"https:\/\/ewl.com.pl\/ewl\/lt\/wp-json\/wp\/v2\/pages\/78764\/revisions\/79097"}],"wp:attachment":[{"href":"https:\/\/ewl.com.pl\/ewl\/lt\/wp-json\/wp\/v2\/media?parent=78764"}],"curies":[{"name":"wp","href":"https:\/\/api.w.org\/{rel}","templated":true}]}}