{"id":78761,"date":"2021-07-13T16:06:14","date_gmt":"2021-07-13T14:06:14","guid":{"rendered":"https:\/\/ewl.com.pl\/realizacja-projektu-w-ramach-europejskiego-funduszu-regionalnego\/"},"modified":"2023-07-20T12:45:39","modified_gmt":"2023-07-20T10:45:39","slug":"europos-regiono-fondo-igyvendinimo-projektas","status":"publish","type":"page","link":"https:\/\/ewl.com.pl\/ewl\/lt\/europos-regiono-fondo-igyvendinimo-projektas\/","title":{"rendered":"\u201eEWL S.A.\u201c \u012fgyvendina EUROPOS S\u0104JUNGOS I\u0160 DALIES FINANSUOJAM\u0104 PROJEKT\u0104 PAGAL EUROPOS REGIONIN\u0116S PL\u0116TROS FOND\u0104. Poveiksmis 1.1.1"},"content":{"rendered":"\n<figure class=\"wp-block-image size-large\"><img loading=\"lazy\" decoding=\"async\" width=\"1024\" height=\"131\" src=\"https:\/\/ewl.com.pl\/wp-content\/uploads\/2021\/07\/FE_POIS_poziom_pl-1_rgb-1024x131.png\" alt=\"\" class=\"wp-image-50017\" srcset=\"https:\/\/ewl.com.pl\/ewl\/wp-content\/uploads\/2021\/07\/FE_POIS_poziom_pl-1_rgb-1024x131.png 1024w, https:\/\/ewl.com.pl\/ewl\/wp-content\/uploads\/2021\/07\/FE_POIS_poziom_pl-1_rgb-300x38.png 300w, https:\/\/ewl.com.pl\/ewl\/wp-content\/uploads\/2021\/07\/FE_POIS_poziom_pl-1_rgb-768x99.png 768w, https:\/\/ewl.com.pl\/ewl\/wp-content\/uploads\/2021\/07\/FE_POIS_poziom_pl-1_rgb-1536x197.png 1536w, https:\/\/ewl.com.pl\/ewl\/wp-content\/uploads\/2021\/07\/FE_POIS_poziom_pl-1_rgb-2048x263.png 2048w\" sizes=\"auto, (max-width: 1024px) 100vw, 1024px\" \/><\/figure>\n\n\n\n<p>\u201eMigracijos platforma darbuotojui ir darbdaviui palaikyti naudojant pa\u017eangius optimizavimo ir rekomendacij\u0173 metodus, pagr\u012fstus reprezentavimo mokymu.\u201c<\/p>\n\n\n\n<p>Projekto tikslas \u2013 sukurti tarpvalstybin\u0117s migracijos platform\u0105 naudojant ma\u0161ininio mokymosi metodus, siekiant: maksimaliai padidinti darbuotojo ir darbdavio atrankos efektyvum\u0105, optimizuoti darbo pasi\u016blym\u0173 s\u0105lygas, automatizuoti darbuotoj\u0173 migracij\u0105 (proces\u0105 ir integracij\u0105), kaip rezultatas. suma\u017einti verslo rizik\u0105 \u0161alims.<\/p>\n\n\n\n<p><strong>Planuojamas projekto \u012fgyvendinimo laikotarpis \u2013 nuo 2021-03-01 iki 2023-11-30.<\/strong><\/p>\n\n\n\n<p>Projektas apima novatori\u0161kos migracijos platformos k\u016brim\u0105, padedan\u010di\u0105 darbuotojams ir darbdaviams tiek \u012fdarbinimo etape, tiek per vis\u0105 \u012fdarbinimo laikotarp\u012f, naudojant pa\u017eangius rekomendacinius metodus, pagr\u012fstus reprezentavimo mokymu.<\/p>\n\n\n\n<p><strong><strong>Planuojami projekto padariniai:<\/strong><\/strong><\/p>\n\n\n\n<ol class=\"wp-block-list\" type=\"1\">\n<li>Darbuotojo priderinimo prie optimalaus darbo pasi\u016blymo ir darbdaviui optimali\u0173 darbuotoj\u0173 atrankos proceso automatizavimas.<\/li>\n\n\n\n<li>Darbuotojo tobul\u0117jimo ir karjeros kelio pasi\u016blymas, rekomenduojant mokymus ir sertifikatus, leid\u017eian\u010dius kelti darbuotojo \u012fg\u016bd\u017eius ir kompetencijas tam tikroje srityje.<\/li>\n\n\n\n<li>Darbuotoj\u0173 derinimo su darbdaviais proceso automatizavimas, atsi\u017evelgiant \u012f pasirinktus kriterijus ir laikantis tam tikr\u0173 apribojim\u0173 (keli\u0173 kriterij\u0173 optimizavimas).<\/li>\n\n\n\n<li>Informacijos i\u0161traukimo i\u0161 asmens dokument\u0173, toki\u0173 kaip pasas ar viza, automatizavimas.<\/li>\n\n\n\n<li>Pradini\u0173 \u012fdarbinimo veiksm\u0173 paspartinimas, \u012fskaitant pokalbi\u0173 robot\u0105, leid\u017eiant\u012f pa\u017eengusiems darbuotojams susisiekti su sistema ir ie\u0161koti informacijos, reikalingos norint prad\u0117ti darb\u0105.<\/li>\n\n\n\n<li>Legalizavimo proces\u0173 automatizavimas.<\/li>\n<\/ol>\n\n\n\n<p>Sprendimas planuojamas dviem gav\u0117j\u0173 kategorijoms:<\/p>\n\n\n\n<p><strong><strong>1. Tiesioginiams gav\u0117jams:<\/strong><\/strong><\/p>\n\n\n\n<ul class=\"wp-block-list\">\n<li>migruojantiems darbuotojams<\/li>\n\n\n\n<li>darbdaviams<\/li>\n\n\n\n<li>\u012fdarbinimo agent\u016broms ir tarpininkams migracijos rinkoje<\/li>\n<\/ul>\n\n\n\n<p><strong>2. Netiesioginiams gav\u0117jams:<\/strong><\/p>\n\n\n\n<ul class=\"wp-block-list\">\n<li>platformai kaip \u201emarketplace\u201c institucijoms ir NVO, remian\u010dioms u\u017esienie\u010di\u0173 integracij\u0105 ir kvalifikacijos k\u0117lim\u0105 per specialius kursus. ir kalba<\/li>\n\n\n\n<li>vietos vald\u017eios institucijoms d\u0117l surinkt\u0173 \u017eini\u0173 ir ataskait\u0173, kurias platforma pateik\u0117 <em>pro publico bono<\/em> (EWL ir EWL fondo veiklos t\u0119stinumas) (ir sukurtos remiantis platformos tvarkomais duomenimis), tur\u0117s naujausi\u0173 \u017eini\u0173 apie darbo rink\u0105 ir darbuotoj\u0173 reikalavimus\/preferencijas. Tai pad\u0117s grei\u010diau sukurti geriau pritaikytas priemones, skatinan\u010dias darbo rink\u0105.<\/li>\n<\/ul>\n\n\n\n<p><strong>Bendra projekto vert\u0117 tai 12 109 880,88 PLN.<br>ES bendras finansavimas projektui siekia 8 519 344,64 PLN.<\/strong><\/p>\n","protected":false},"excerpt":{"rendered":"<p>\u201eMigracijos platforma darbuotojui ir darbdaviui palaikyti naudojant pa\u017eangius optimizavimo ir rekomendacij\u0173 metodus, pagr\u012fstus reprezentavimo mokymu.\u201c Projekto tikslas \u2013 sukurti tarpvalstybin\u0117s migracijos platform\u0105 naudojant ma\u0161ininio mokymosi metodus, siekiant: maksimaliai padidinti darbuotojo ir darbdavio atrankos efektyvum\u0105, optimizuoti darbo pasi\u016blym\u0173 s\u0105lygas, automatizuoti darbuotoj\u0173 migracij\u0105 (proces\u0105 ir integracij\u0105), kaip rezultatas. suma\u017einti verslo rizik\u0105 \u0161alims. Planuojamas projekto \u012fgyvendinimo laikotarpis \u2013 [&hellip;]<\/p>\n","protected":false},"author":42,"featured_media":0,"parent":0,"menu_order":0,"comment_status":"closed","ping_status":"closed","template":"","meta":{"_acf_changed":false,"footnotes":""},"class_list":["post-78761","page","type-page","status-publish","hentry"],"acf":[],"yoast_head":"<!-- This site is optimized with the Yoast SEO plugin v24.9 - https:\/\/yoast.com\/wordpress\/plugins\/seo\/ -->\n<title>\u201eEWL S.A.\u201c \u012fgyvendina EUROPOS S\u0104JUNGOS I\u0160 DALIES FINANSUOJAM\u0104 PROJEKT\u0104 PAGAL EUROPOS REGIONIN\u0116S PL\u0116TROS FOND\u0104. Poveiksmis 1.1.1<\/title>\n<meta name=\"robots\" content=\"noindex, follow\" \/>\n<meta property=\"og:locale\" content=\"lt_LT\" \/>\n<meta property=\"og:type\" content=\"article\" \/>\n<meta property=\"og:title\" content=\"\u201eEWL S.A.\u201c \u012fgyvendina EUROPOS S\u0104JUNGOS I\u0160 DALIES FINANSUOJAM\u0104 PROJEKT\u0104 PAGAL EUROPOS REGIONIN\u0116S PL\u0116TROS FOND\u0104. Poveiksmis 1.1.1\" \/>\n<meta property=\"og:description\" content=\"\u201eMigracijos platforma darbuotojui ir darbdaviui palaikyti naudojant pa\u017eangius optimizavimo ir rekomendacij\u0173 metodus, pagr\u012fstus reprezentavimo mokymu.\u201c Projekto tikslas \u2013 sukurti tarpvalstybin\u0117s migracijos platform\u0105 naudojant ma\u0161ininio mokymosi metodus, siekiant: maksimaliai padidinti darbuotojo ir darbdavio atrankos efektyvum\u0105, optimizuoti darbo pasi\u016blym\u0173 s\u0105lygas, automatizuoti darbuotoj\u0173 migracij\u0105 (proces\u0105 ir integracij\u0105), kaip rezultatas. suma\u017einti verslo rizik\u0105 \u0161alims. Planuojamas projekto \u012fgyvendinimo laikotarpis \u2013 [&hellip;]\" \/>\n<meta property=\"og:url\" content=\"https:\/\/ewl.com.pl\/ewl\/lt\/europos-regiono-fondo-igyvendinimo-projektas\/\" \/>\n<meta property=\"og:site_name\" content=\"EWL Group\" \/>\n<meta property=\"article:modified_time\" content=\"2023-07-20T10:45:39+00:00\" \/>\n<meta property=\"og:image\" content=\"https:\/\/ewl.com.pl\/wp-content\/uploads\/2021\/07\/FE_POIS_poziom_pl-1_rgb-1024x131.png\" \/>\n<meta name=\"twitter:card\" content=\"summary_large_image\" \/>\n<meta name=\"twitter:label1\" content=\"Est. reading time\" \/>\n\t<meta name=\"twitter:data1\" content=\"2 minut\u0117s\" \/>\n<script type=\"application\/ld+json\" class=\"yoast-schema-graph\">{\"@context\":\"https:\/\/schema.org\",\"@graph\":[{\"@type\":\"WebPage\",\"@id\":\"https:\/\/ewl.com.pl\/ewl\/lt\/europos-regiono-fondo-igyvendinimo-projektas\/\",\"url\":\"https:\/\/ewl.com.pl\/ewl\/lt\/europos-regiono-fondo-igyvendinimo-projektas\/\",\"name\":\"\u201eEWL S.A.\u201c \u012fgyvendina EUROPOS S\u0104JUNGOS I\u0160 DALIES FINANSUOJAM\u0104 PROJEKT\u0104 PAGAL EUROPOS REGIONIN\u0116S PL\u0116TROS FOND\u0104. Poveiksmis 1.1.1\",\"isPartOf\":{\"@id\":\"https:\/\/ewl.com.pl\/ewl\/lt\/#website\"},\"primaryImageOfPage\":{\"@id\":\"https:\/\/ewl.com.pl\/ewl\/lt\/europos-regiono-fondo-igyvendinimo-projektas\/#primaryimage\"},\"image\":{\"@id\":\"https:\/\/ewl.com.pl\/ewl\/lt\/europos-regiono-fondo-igyvendinimo-projektas\/#primaryimage\"},\"thumbnailUrl\":\"https:\/\/ewl.com.pl\/wp-content\/uploads\/2021\/07\/FE_POIS_poziom_pl-1_rgb-1024x131.png\",\"datePublished\":\"2021-07-13T14:06:14+00:00\",\"dateModified\":\"2023-07-20T10:45:39+00:00\",\"breadcrumb\":{\"@id\":\"https:\/\/ewl.com.pl\/ewl\/lt\/europos-regiono-fondo-igyvendinimo-projektas\/#breadcrumb\"},\"inLanguage\":\"lt-LT\",\"potentialAction\":[{\"@type\":\"ReadAction\",\"target\":[\"https:\/\/ewl.com.pl\/ewl\/lt\/europos-regiono-fondo-igyvendinimo-projektas\/\"]}]},{\"@type\":\"ImageObject\",\"inLanguage\":\"lt-LT\",\"@id\":\"https:\/\/ewl.com.pl\/ewl\/lt\/europos-regiono-fondo-igyvendinimo-projektas\/#primaryimage\",\"url\":\"https:\/\/ewl.com.pl\/wp-content\/uploads\/2021\/07\/FE_POIS_poziom_pl-1_rgb-1024x131.png\",\"contentUrl\":\"https:\/\/ewl.com.pl\/wp-content\/uploads\/2021\/07\/FE_POIS_poziom_pl-1_rgb-1024x131.png\"},{\"@type\":\"BreadcrumbList\",\"@id\":\"https:\/\/ewl.com.pl\/ewl\/lt\/europos-regiono-fondo-igyvendinimo-projektas\/#breadcrumb\",\"itemListElement\":[{\"@type\":\"ListItem\",\"position\":1,\"name\":\"Home\",\"item\":\"https:\/\/ewl.com.pl\/ewl\/lt\/\"},{\"@type\":\"ListItem\",\"position\":2,\"name\":\"\u201eEWL S.A.\u201c \u012fgyvendina EUROPOS S\u0104JUNGOS I\u0160 DALIES FINANSUOJAM\u0104 PROJEKT\u0104 PAGAL EUROPOS REGIONIN\u0116S PL\u0116TROS FOND\u0104. Poveiksmis 1.1.1\"}]},{\"@type\":\"WebSite\",\"@id\":\"https:\/\/ewl.com.pl\/ewl\/lt\/#website\",\"url\":\"https:\/\/ewl.com.pl\/ewl\/lt\/\",\"name\":\"EWL Group\",\"description\":\"\",\"publisher\":{\"@id\":\"https:\/\/ewl.com.pl\/ewl\/lt\/#organization\"},\"potentialAction\":[{\"@type\":\"SearchAction\",\"target\":{\"@type\":\"EntryPoint\",\"urlTemplate\":\"https:\/\/ewl.com.pl\/ewl\/lt\/?s={search_term_string}\"},\"query-input\":{\"@type\":\"PropertyValueSpecification\",\"valueRequired\":true,\"valueName\":\"search_term_string\"}}],\"inLanguage\":\"lt-LT\"},{\"@type\":\"Organization\",\"@id\":\"https:\/\/ewl.com.pl\/ewl\/lt\/#organization\",\"name\":\"EWL Group\",\"url\":\"https:\/\/ewl.com.pl\/ewl\/lt\/\",\"logo\":{\"@type\":\"ImageObject\",\"inLanguage\":\"lt-LT\",\"@id\":\"https:\/\/ewl.com.pl\/ewl\/lt\/#\/schema\/logo\/image\/\",\"url\":\"https:\/\/ewl.com.pl\/wp-content\/uploads\/2020\/06\/logo-white@2x.png\",\"contentUrl\":\"https:\/\/ewl.com.pl\/wp-content\/uploads\/2020\/06\/logo-white@2x.png\",\"width\":312,\"height\":130,\"caption\":\"EWL Group\"},\"image\":{\"@id\":\"https:\/\/ewl.com.pl\/ewl\/lt\/#\/schema\/logo\/image\/\"}}]}<\/script>\n<!-- \/ Yoast SEO plugin. -->","yoast_head_json":{"title":"\u201eEWL S.A.\u201c \u012fgyvendina EUROPOS S\u0104JUNGOS I\u0160 DALIES FINANSUOJAM\u0104 PROJEKT\u0104 PAGAL EUROPOS REGIONIN\u0116S PL\u0116TROS FOND\u0104. Poveiksmis 1.1.1","robots":{"index":"noindex","follow":"follow"},"og_locale":"lt_LT","og_type":"article","og_title":"\u201eEWL S.A.\u201c \u012fgyvendina EUROPOS S\u0104JUNGOS I\u0160 DALIES FINANSUOJAM\u0104 PROJEKT\u0104 PAGAL EUROPOS REGIONIN\u0116S PL\u0116TROS FOND\u0104. Poveiksmis 1.1.1","og_description":"\u201eMigracijos platforma darbuotojui ir darbdaviui palaikyti naudojant pa\u017eangius optimizavimo ir rekomendacij\u0173 metodus, pagr\u012fstus reprezentavimo mokymu.\u201c Projekto tikslas \u2013 sukurti tarpvalstybin\u0117s migracijos platform\u0105 naudojant ma\u0161ininio mokymosi metodus, siekiant: maksimaliai padidinti darbuotojo ir darbdavio atrankos efektyvum\u0105, optimizuoti darbo pasi\u016blym\u0173 s\u0105lygas, automatizuoti darbuotoj\u0173 migracij\u0105 (proces\u0105 ir integracij\u0105), kaip rezultatas. suma\u017einti verslo rizik\u0105 \u0161alims. Planuojamas projekto \u012fgyvendinimo laikotarpis \u2013 [&hellip;]","og_url":"https:\/\/ewl.com.pl\/ewl\/lt\/europos-regiono-fondo-igyvendinimo-projektas\/","og_site_name":"EWL Group","article_modified_time":"2023-07-20T10:45:39+00:00","og_image":[{"url":"https:\/\/ewl.com.pl\/wp-content\/uploads\/2021\/07\/FE_POIS_poziom_pl-1_rgb-1024x131.png","type":"","width":"","height":""}],"twitter_card":"summary_large_image","twitter_misc":{"Est. reading time":"2 minut\u0117s"},"schema":{"@context":"https:\/\/schema.org","@graph":[{"@type":"WebPage","@id":"https:\/\/ewl.com.pl\/ewl\/lt\/europos-regiono-fondo-igyvendinimo-projektas\/","url":"https:\/\/ewl.com.pl\/ewl\/lt\/europos-regiono-fondo-igyvendinimo-projektas\/","name":"\u201eEWL S.A.\u201c \u012fgyvendina EUROPOS S\u0104JUNGOS I\u0160 DALIES FINANSUOJAM\u0104 PROJEKT\u0104 PAGAL EUROPOS REGIONIN\u0116S PL\u0116TROS FOND\u0104. Poveiksmis 1.1.1","isPartOf":{"@id":"https:\/\/ewl.com.pl\/ewl\/lt\/#website"},"primaryImageOfPage":{"@id":"https:\/\/ewl.com.pl\/ewl\/lt\/europos-regiono-fondo-igyvendinimo-projektas\/#primaryimage"},"image":{"@id":"https:\/\/ewl.com.pl\/ewl\/lt\/europos-regiono-fondo-igyvendinimo-projektas\/#primaryimage"},"thumbnailUrl":"https:\/\/ewl.com.pl\/wp-content\/uploads\/2021\/07\/FE_POIS_poziom_pl-1_rgb-1024x131.png","datePublished":"2021-07-13T14:06:14+00:00","dateModified":"2023-07-20T10:45:39+00:00","breadcrumb":{"@id":"https:\/\/ewl.com.pl\/ewl\/lt\/europos-regiono-fondo-igyvendinimo-projektas\/#breadcrumb"},"inLanguage":"lt-LT","potentialAction":[{"@type":"ReadAction","target":["https:\/\/ewl.com.pl\/ewl\/lt\/europos-regiono-fondo-igyvendinimo-projektas\/"]}]},{"@type":"ImageObject","inLanguage":"lt-LT","@id":"https:\/\/ewl.com.pl\/ewl\/lt\/europos-regiono-fondo-igyvendinimo-projektas\/#primaryimage","url":"https:\/\/ewl.com.pl\/wp-content\/uploads\/2021\/07\/FE_POIS_poziom_pl-1_rgb-1024x131.png","contentUrl":"https:\/\/ewl.com.pl\/wp-content\/uploads\/2021\/07\/FE_POIS_poziom_pl-1_rgb-1024x131.png"},{"@type":"BreadcrumbList","@id":"https:\/\/ewl.com.pl\/ewl\/lt\/europos-regiono-fondo-igyvendinimo-projektas\/#breadcrumb","itemListElement":[{"@type":"ListItem","position":1,"name":"Home","item":"https:\/\/ewl.com.pl\/ewl\/lt\/"},{"@type":"ListItem","position":2,"name":"\u201eEWL S.A.\u201c \u012fgyvendina EUROPOS S\u0104JUNGOS I\u0160 DALIES FINANSUOJAM\u0104 PROJEKT\u0104 PAGAL EUROPOS REGIONIN\u0116S PL\u0116TROS FOND\u0104. Poveiksmis 1.1.1"}]},{"@type":"WebSite","@id":"https:\/\/ewl.com.pl\/ewl\/lt\/#website","url":"https:\/\/ewl.com.pl\/ewl\/lt\/","name":"EWL Group","description":"","publisher":{"@id":"https:\/\/ewl.com.pl\/ewl\/lt\/#organization"},"potentialAction":[{"@type":"SearchAction","target":{"@type":"EntryPoint","urlTemplate":"https:\/\/ewl.com.pl\/ewl\/lt\/?s={search_term_string}"},"query-input":{"@type":"PropertyValueSpecification","valueRequired":true,"valueName":"search_term_string"}}],"inLanguage":"lt-LT"},{"@type":"Organization","@id":"https:\/\/ewl.com.pl\/ewl\/lt\/#organization","name":"EWL Group","url":"https:\/\/ewl.com.pl\/ewl\/lt\/","logo":{"@type":"ImageObject","inLanguage":"lt-LT","@id":"https:\/\/ewl.com.pl\/ewl\/lt\/#\/schema\/logo\/image\/","url":"https:\/\/ewl.com.pl\/wp-content\/uploads\/2020\/06\/logo-white@2x.png","contentUrl":"https:\/\/ewl.com.pl\/wp-content\/uploads\/2020\/06\/logo-white@2x.png","width":312,"height":130,"caption":"EWL Group"},"image":{"@id":"https:\/\/ewl.com.pl\/ewl\/lt\/#\/schema\/logo\/image\/"}}]}},"_links":{"self":[{"href":"https:\/\/ewl.com.pl\/ewl\/lt\/wp-json\/wp\/v2\/pages\/78761","targetHints":{"allow":["GET"]}}],"collection":[{"href":"https:\/\/ewl.com.pl\/ewl\/lt\/wp-json\/wp\/v2\/pages"}],"about":[{"href":"https:\/\/ewl.com.pl\/ewl\/lt\/wp-json\/wp\/v2\/types\/page"}],"author":[{"embeddable":true,"href":"https:\/\/ewl.com.pl\/ewl\/lt\/wp-json\/wp\/v2\/users\/42"}],"replies":[{"embeddable":true,"href":"https:\/\/ewl.com.pl\/ewl\/lt\/wp-json\/wp\/v2\/comments?post=78761"}],"version-history":[{"count":2,"href":"https:\/\/ewl.com.pl\/ewl\/lt\/wp-json\/wp\/v2\/pages\/78761\/revisions"}],"predecessor-version":[{"id":79091,"href":"https:\/\/ewl.com.pl\/ewl\/lt\/wp-json\/wp\/v2\/pages\/78761\/revisions\/79091"}],"wp:attachment":[{"href":"https:\/\/ewl.com.pl\/ewl\/lt\/wp-json\/wp\/v2\/media?parent=78761"}],"curies":[{"name":"wp","href":"https:\/\/api.w.org\/{rel}","templated":true}]}}