{"id":78347,"date":"2020-05-15T12:46:20","date_gmt":"2020-05-15T10:46:20","guid":{"rendered":"https:\/\/ewl.com.pl\/outsourcing-procesow-i-funkcji\/"},"modified":"2023-07-24T12:13:49","modified_gmt":"2023-07-24T10:13:49","slug":"procesu-ir-funkciju-uzsakomosios-paslaugos","status":"publish","type":"page","link":"https:\/\/ewl.com.pl\/ewl\/lt\/procesu-ir-funkciju-uzsakomosios-paslaugos\/","title":{"rendered":"Proces\u0173 ir funkcij\u0173 u\u017esakomosios paslaugos"},"content":{"rendered":"","protected":false},"excerpt":{"rendered":"","protected":false},"author":1,"featured_media":0,"parent":0,"menu_order":0,"comment_status":"closed","ping_status":"closed","template":"","meta":{"_acf_changed":false,"footnotes":""},"class_list":["post-78347","page","type-page","status-publish","hentry"],"acf":[],"yoast_head":"<!-- This site is optimized with the Yoast SEO plugin v24.9 - https:\/\/yoast.com\/wordpress\/plugins\/seo\/ -->\n<title>Proces\u0173 ir funkcij\u0173 u\u017esakomosios paslaugos<\/title>\n<meta name=\"description\" content=\"Teikdami proces\u0173 u\u017esakom\u0173j\u0173 paslaug\u0173 paslaug\u0105, padedame \u012fmon\u0117ms didinti efektyvum\u0105 ir kartu ma\u017einti i\u0161laidas bei popierizm\u0105.\" \/>\n<meta name=\"robots\" content=\"index, follow, max-snippet:-1, max-image-preview:large, max-video-preview:-1\" \/>\n<link rel=\"canonical\" href=\"https:\/\/ewl.com.pl\/ewl\/lt\/procesu-ir-funkciju-uzsakomosios-paslaugos\/\" \/>\n<meta property=\"og:locale\" content=\"lt_LT\" \/>\n<meta property=\"og:type\" content=\"article\" \/>\n<meta property=\"og:title\" content=\"Outsourcing proces\u00f3w i funkcji - wynajem pracownik\u00f3w do zada\u0144\" \/>\n<meta property=\"og:description\" content=\"W ramach us\u0142ugi outsourcingu proces\u00f3w pomagamy firmom zwi\u0119ksza\u0107 efektywno\u015b\u0107 przy jednoczesnym obni\u017caniu koszt\u00f3w i formalno\u015bci\" \/>\n<meta property=\"og:url\" content=\"https:\/\/ewl.com.pl\/ewl\/lt\/procesu-ir-funkciju-uzsakomosios-paslaugos\/\" \/>\n<meta property=\"og:site_name\" content=\"EWL Group\" \/>\n<meta property=\"article:modified_time\" content=\"2023-07-24T10:13:49+00:00\" \/>\n<meta property=\"og:image\" content=\"https:\/\/ewl.com.pl\/ewl\/wp-content\/uploads\/2021\/03\/korzysci-outsourcing-procesow-biznesowych.jpg\" \/>\n\t<meta property=\"og:image:width\" content=\"800\" \/>\n\t<meta property=\"og:image:height\" content=\"483\" \/>\n\t<meta property=\"og:image:type\" content=\"image\/jpeg\" \/>\n<meta name=\"twitter:card\" content=\"summary_large_image\" \/>\n<meta name=\"twitter:title\" content=\"Outsourcing proces\u00f3w i funkcji - wynajem pracownik\u00f3w do zada\u0144\" \/>\n<meta name=\"twitter:description\" content=\"W ramach us\u0142ugi outsourcingu proces\u00f3w pomagamy firmom zwi\u0119ksza\u0107 efektywno\u015b\u0107 przy jednoczesnym obni\u017caniu koszt\u00f3w i formalno\u015bci\" \/>\n<meta name=\"twitter:image\" content=\"https:\/\/ewl.com.pl\/ewl\/wp-content\/uploads\/2021\/03\/korzysci-outsourcing-procesow-biznesowych.jpg\" \/>\n<script type=\"application\/ld+json\" class=\"yoast-schema-graph\">{\"@context\":\"https:\/\/schema.org\",\"@graph\":[{\"@type\":\"WebPage\",\"@id\":\"https:\/\/ewl.com.pl\/ewl\/lt\/procesu-ir-funkciju-uzsakomosios-paslaugos\/\",\"url\":\"https:\/\/ewl.com.pl\/ewl\/lt\/procesu-ir-funkciju-uzsakomosios-paslaugos\/\",\"name\":\"Proces\u0173 ir funkcij\u0173 u\u017esakomosios paslaugos\",\"isPartOf\":{\"@id\":\"https:\/\/ewl.com.pl\/ewl\/lt\/#website\"},\"datePublished\":\"2020-05-15T10:46:20+00:00\",\"dateModified\":\"2023-07-24T10:13:49+00:00\",\"description\":\"Teikdami proces\u0173 u\u017esakom\u0173j\u0173 paslaug\u0173 paslaug\u0105, padedame \u012fmon\u0117ms didinti efektyvum\u0105 ir kartu ma\u017einti i\u0161laidas bei popierizm\u0105.\",\"breadcrumb\":{\"@id\":\"https:\/\/ewl.com.pl\/ewl\/lt\/procesu-ir-funkciju-uzsakomosios-paslaugos\/#breadcrumb\"},\"inLanguage\":\"lt-LT\",\"potentialAction\":[{\"@type\":\"ReadAction\",\"target\":[\"https:\/\/ewl.com.pl\/ewl\/lt\/procesu-ir-funkciju-uzsakomosios-paslaugos\/\"]}]},{\"@type\":\"BreadcrumbList\",\"@id\":\"https:\/\/ewl.com.pl\/ewl\/lt\/procesu-ir-funkciju-uzsakomosios-paslaugos\/#breadcrumb\",\"itemListElement\":[{\"@type\":\"ListItem\",\"position\":1,\"name\":\"Home\",\"item\":\"https:\/\/ewl.com.pl\/ewl\/lt\/\"},{\"@type\":\"ListItem\",\"position\":2,\"name\":\"Proces\u0173 ir funkcij\u0173 u\u017esakomosios paslaugos\"}]},{\"@type\":\"WebSite\",\"@id\":\"https:\/\/ewl.com.pl\/ewl\/lt\/#website\",\"url\":\"https:\/\/ewl.com.pl\/ewl\/lt\/\",\"name\":\"EWL Group\",\"description\":\"\",\"publisher\":{\"@id\":\"https:\/\/ewl.com.pl\/ewl\/lt\/#organization\"},\"potentialAction\":[{\"@type\":\"SearchAction\",\"target\":{\"@type\":\"EntryPoint\",\"urlTemplate\":\"https:\/\/ewl.com.pl\/ewl\/lt\/?s={search_term_string}\"},\"query-input\":{\"@type\":\"PropertyValueSpecification\",\"valueRequired\":true,\"valueName\":\"search_term_string\"}}],\"inLanguage\":\"lt-LT\"},{\"@type\":\"Organization\",\"@id\":\"https:\/\/ewl.com.pl\/ewl\/lt\/#organization\",\"name\":\"EWL Group\",\"url\":\"https:\/\/ewl.com.pl\/ewl\/lt\/\",\"logo\":{\"@type\":\"ImageObject\",\"inLanguage\":\"lt-LT\",\"@id\":\"https:\/\/ewl.com.pl\/ewl\/lt\/#\/schema\/logo\/image\/\",\"url\":\"https:\/\/ewl.com.pl\/wp-content\/uploads\/2020\/06\/logo-white@2x.png\",\"contentUrl\":\"https:\/\/ewl.com.pl\/wp-content\/uploads\/2020\/06\/logo-white@2x.png\",\"width\":312,\"height\":130,\"caption\":\"EWL Group\"},\"image\":{\"@id\":\"https:\/\/ewl.com.pl\/ewl\/lt\/#\/schema\/logo\/image\/\"}}]}<\/script>\n<!-- \/ Yoast SEO plugin. -->","yoast_head_json":{"title":"Proces\u0173 ir funkcij\u0173 u\u017esakomosios paslaugos","description":"Teikdami proces\u0173 u\u017esakom\u0173j\u0173 paslaug\u0173 paslaug\u0105, padedame \u012fmon\u0117ms didinti efektyvum\u0105 ir kartu ma\u017einti i\u0161laidas bei popierizm\u0105.","robots":{"index":"index","follow":"follow","max-snippet":"max-snippet:-1","max-image-preview":"max-image-preview:large","max-video-preview":"max-video-preview:-1"},"canonical":"https:\/\/ewl.com.pl\/ewl\/lt\/procesu-ir-funkciju-uzsakomosios-paslaugos\/","og_locale":"lt_LT","og_type":"article","og_title":"Outsourcing proces\u00f3w i funkcji - wynajem pracownik\u00f3w do zada\u0144","og_description":"W ramach us\u0142ugi outsourcingu proces\u00f3w pomagamy firmom zwi\u0119ksza\u0107 efektywno\u015b\u0107 przy jednoczesnym obni\u017caniu koszt\u00f3w i formalno\u015bci","og_url":"https:\/\/ewl.com.pl\/ewl\/lt\/procesu-ir-funkciju-uzsakomosios-paslaugos\/","og_site_name":"EWL Group","article_modified_time":"2023-07-24T10:13:49+00:00","og_image":[{"width":800,"height":483,"url":"https:\/\/ewl.com.pl\/ewl\/wp-content\/uploads\/2021\/03\/korzysci-outsourcing-procesow-biznesowych.jpg","type":"image\/jpeg"}],"twitter_card":"summary_large_image","twitter_title":"Outsourcing proces\u00f3w i funkcji - wynajem pracownik\u00f3w do zada\u0144","twitter_description":"W ramach us\u0142ugi outsourcingu proces\u00f3w pomagamy firmom zwi\u0119ksza\u0107 efektywno\u015b\u0107 przy jednoczesnym obni\u017caniu koszt\u00f3w i formalno\u015bci","twitter_image":"https:\/\/ewl.com.pl\/ewl\/wp-content\/uploads\/2021\/03\/korzysci-outsourcing-procesow-biznesowych.jpg","schema":{"@context":"https:\/\/schema.org","@graph":[{"@type":"WebPage","@id":"https:\/\/ewl.com.pl\/ewl\/lt\/procesu-ir-funkciju-uzsakomosios-paslaugos\/","url":"https:\/\/ewl.com.pl\/ewl\/lt\/procesu-ir-funkciju-uzsakomosios-paslaugos\/","name":"Proces\u0173 ir funkcij\u0173 u\u017esakomosios paslaugos","isPartOf":{"@id":"https:\/\/ewl.com.pl\/ewl\/lt\/#website"},"datePublished":"2020-05-15T10:46:20+00:00","dateModified":"2023-07-24T10:13:49+00:00","description":"Teikdami proces\u0173 u\u017esakom\u0173j\u0173 paslaug\u0173 paslaug\u0105, padedame \u012fmon\u0117ms didinti efektyvum\u0105 ir kartu ma\u017einti i\u0161laidas bei popierizm\u0105.","breadcrumb":{"@id":"https:\/\/ewl.com.pl\/ewl\/lt\/procesu-ir-funkciju-uzsakomosios-paslaugos\/#breadcrumb"},"inLanguage":"lt-LT","potentialAction":[{"@type":"ReadAction","target":["https:\/\/ewl.com.pl\/ewl\/lt\/procesu-ir-funkciju-uzsakomosios-paslaugos\/"]}]},{"@type":"BreadcrumbList","@id":"https:\/\/ewl.com.pl\/ewl\/lt\/procesu-ir-funkciju-uzsakomosios-paslaugos\/#breadcrumb","itemListElement":[{"@type":"ListItem","position":1,"name":"Home","item":"https:\/\/ewl.com.pl\/ewl\/lt\/"},{"@type":"ListItem","position":2,"name":"Proces\u0173 ir funkcij\u0173 u\u017esakomosios paslaugos"}]},{"@type":"WebSite","@id":"https:\/\/ewl.com.pl\/ewl\/lt\/#website","url":"https:\/\/ewl.com.pl\/ewl\/lt\/","name":"EWL Group","description":"","publisher":{"@id":"https:\/\/ewl.com.pl\/ewl\/lt\/#organization"},"potentialAction":[{"@type":"SearchAction","target":{"@type":"EntryPoint","urlTemplate":"https:\/\/ewl.com.pl\/ewl\/lt\/?s={search_term_string}"},"query-input":{"@type":"PropertyValueSpecification","valueRequired":true,"valueName":"search_term_string"}}],"inLanguage":"lt-LT"},{"@type":"Organization","@id":"https:\/\/ewl.com.pl\/ewl\/lt\/#organization","name":"EWL Group","url":"https:\/\/ewl.com.pl\/ewl\/lt\/","logo":{"@type":"ImageObject","inLanguage":"lt-LT","@id":"https:\/\/ewl.com.pl\/ewl\/lt\/#\/schema\/logo\/image\/","url":"https:\/\/ewl.com.pl\/wp-content\/uploads\/2020\/06\/logo-white@2x.png","contentUrl":"https:\/\/ewl.com.pl\/wp-content\/uploads\/2020\/06\/logo-white@2x.png","width":312,"height":130,"caption":"EWL Group"},"image":{"@id":"https:\/\/ewl.com.pl\/ewl\/lt\/#\/schema\/logo\/image\/"}}]}},"_links":{"self":[{"href":"https:\/\/ewl.com.pl\/ewl\/lt\/wp-json\/wp\/v2\/pages\/78347","targetHints":{"allow":["GET"]}}],"collection":[{"href":"https:\/\/ewl.com.pl\/ewl\/lt\/wp-json\/wp\/v2\/pages"}],"about":[{"href":"https:\/\/ewl.com.pl\/ewl\/lt\/wp-json\/wp\/v2\/types\/page"}],"author":[{"embeddable":true,"href":"https:\/\/ewl.com.pl\/ewl\/lt\/wp-json\/wp\/v2\/users\/1"}],"replies":[{"embeddable":true,"href":"https:\/\/ewl.com.pl\/ewl\/lt\/wp-json\/wp\/v2\/comments?post=78347"}],"version-history":[{"count":11,"href":"https:\/\/ewl.com.pl\/ewl\/lt\/wp-json\/wp\/v2\/pages\/78347\/revisions"}],"predecessor-version":[{"id":79159,"href":"https:\/\/ewl.com.pl\/ewl\/lt\/wp-json\/wp\/v2\/pages\/78347\/revisions\/79159"}],"wp:attachment":[{"href":"https:\/\/ewl.com.pl\/ewl\/lt\/wp-json\/wp\/v2\/media?parent=78347"}],"curies":[{"name":"wp","href":"https:\/\/api.w.org\/{rel}","templated":true}]}}