{"id":78054,"date":"2023-06-21T17:04:46","date_gmt":"2023-06-21T15:04:46","guid":{"rendered":"https:\/\/ewl.com.pl\/?page_id=78054"},"modified":"2023-07-24T12:22:47","modified_gmt":"2023-07-24T10:22:47","slug":"medienos-apdirbimo-darbuotojai","status":"publish","type":"page","link":"https:\/\/ewl.com.pl\/ewl\/lt\/medienos-apdirbimo-darbuotojai\/","title":{"rendered":"Medienos apdirbimo darbuotojai"},"content":{"rendered":"","protected":false},"excerpt":{"rendered":"","protected":false},"author":37,"featured_media":0,"parent":0,"menu_order":0,"comment_status":"closed","ping_status":"closed","template":"","meta":{"_acf_changed":false,"footnotes":""},"class_list":["post-78054","page","type-page","status-publish","hentry"],"acf":[],"yoast_head":"<!-- This site is optimized with the Yoast SEO plugin v24.9 - https:\/\/yoast.com\/wordpress\/plugins\/seo\/ -->\n<title>Medienos apdirbimo darbuotojai<\/title>\n<meta name=\"description\" content=\"Ie\u0161kote darbuotoj\u0173? Galime pad\u0117ti greitai ir efektyviai \u012fdarbinti med\u017eio apdirbimo darbuotojus. Per\u017ei\u016br\u0117kite m\u016bs\u0173 pasi\u016blym\u0105.\" \/>\n<meta name=\"robots\" content=\"index, follow, max-snippet:-1, max-image-preview:large, max-video-preview:-1\" \/>\n<link rel=\"canonical\" href=\"https:\/\/ewl.com.pl\/ewl\/lt\/medienos-apdirbimo-darbuotojai\/\" \/>\n<meta property=\"og:locale\" content=\"lt_LT\" \/>\n<meta property=\"og:type\" content=\"article\" \/>\n<meta property=\"og:title\" content=\"Pracownicy na produkcj\u0119 - rekrutacja, wynajem, outsourcing dla firm\" \/>\n<meta property=\"og:description\" content=\"Szybka i efektywna rekrutacja pracownik\u00f3w produkcyjnych. Dzi\u0119ki EWL, zrekrutowani pracownicy na produkcj\u0119 do\u0142\u0105cz\u0105 do Twojej firmy gdy tylko b\u0119d\u0105 potrzebni\" \/>\n<meta property=\"og:url\" content=\"https:\/\/ewl.com.pl\/ewl\/lt\/medienos-apdirbimo-darbuotojai\/\" \/>\n<meta property=\"og:site_name\" content=\"EWL Group\" \/>\n<meta property=\"article:modified_time\" content=\"2023-07-24T10:22:47+00:00\" \/>\n<meta property=\"og:image\" content=\"https:\/\/ewl.com.pl\/ewl\/wp-content\/uploads\/2021\/03\/pracownicy-na-produkcje-rekrutacja-cudzoziemcow.jpg\" \/>\n\t<meta property=\"og:image:width\" content=\"800\" \/>\n\t<meta property=\"og:image:height\" content=\"490\" \/>\n\t<meta property=\"og:image:type\" content=\"image\/jpeg\" \/>\n<meta name=\"twitter:card\" content=\"summary_large_image\" \/>\n<meta name=\"twitter:title\" content=\"Pracownicy na produkcj\u0119 - rekrutacja, wynajem, outsourcing dla firm\" \/>\n<meta name=\"twitter:description\" content=\"Szybka i efektywna rekrutacja pracownik\u00f3w produkcyjnych. Dzi\u0119ki EWL, zrekrutowani pracownicy na produkcj\u0119 do\u0142\u0105cz\u0105 do Twojej firmy gdy tylko b\u0119d\u0105 potrzebni\" \/>\n<meta name=\"twitter:image\" content=\"https:\/\/ewl.com.pl\/ewl\/wp-content\/uploads\/2021\/03\/pracownicy-na-produkcje-rekrutacja-cudzoziemcow.jpg\" \/>\n<script type=\"application\/ld+json\" class=\"yoast-schema-graph\">{\"@context\":\"https:\/\/schema.org\",\"@graph\":[{\"@type\":\"WebPage\",\"@id\":\"https:\/\/ewl.com.pl\/ewl\/lt\/medienos-apdirbimo-darbuotojai\/\",\"url\":\"https:\/\/ewl.com.pl\/ewl\/lt\/medienos-apdirbimo-darbuotojai\/\",\"name\":\"Medienos apdirbimo darbuotojai\",\"isPartOf\":{\"@id\":\"https:\/\/ewl.com.pl\/ewl\/lt\/#website\"},\"datePublished\":\"2023-06-21T15:04:46+00:00\",\"dateModified\":\"2023-07-24T10:22:47+00:00\",\"description\":\"Ie\u0161kote darbuotoj\u0173? Galime pad\u0117ti greitai ir efektyviai \u012fdarbinti med\u017eio apdirbimo darbuotojus. Per\u017ei\u016br\u0117kite m\u016bs\u0173 pasi\u016blym\u0105.\",\"breadcrumb\":{\"@id\":\"https:\/\/ewl.com.pl\/ewl\/lt\/medienos-apdirbimo-darbuotojai\/#breadcrumb\"},\"inLanguage\":\"lt-LT\",\"potentialAction\":[{\"@type\":\"ReadAction\",\"target\":[\"https:\/\/ewl.com.pl\/ewl\/lt\/medienos-apdirbimo-darbuotojai\/\"]}]},{\"@type\":\"BreadcrumbList\",\"@id\":\"https:\/\/ewl.com.pl\/ewl\/lt\/medienos-apdirbimo-darbuotojai\/#breadcrumb\",\"itemListElement\":[{\"@type\":\"ListItem\",\"position\":1,\"name\":\"Home\",\"item\":\"https:\/\/ewl.com.pl\/ewl\/lt\/\"},{\"@type\":\"ListItem\",\"position\":2,\"name\":\"Medienos apdirbimo darbuotojai\"}]},{\"@type\":\"WebSite\",\"@id\":\"https:\/\/ewl.com.pl\/ewl\/lt\/#website\",\"url\":\"https:\/\/ewl.com.pl\/ewl\/lt\/\",\"name\":\"EWL Group\",\"description\":\"\",\"publisher\":{\"@id\":\"https:\/\/ewl.com.pl\/ewl\/lt\/#organization\"},\"potentialAction\":[{\"@type\":\"SearchAction\",\"target\":{\"@type\":\"EntryPoint\",\"urlTemplate\":\"https:\/\/ewl.com.pl\/ewl\/lt\/?s={search_term_string}\"},\"query-input\":{\"@type\":\"PropertyValueSpecification\",\"valueRequired\":true,\"valueName\":\"search_term_string\"}}],\"inLanguage\":\"lt-LT\"},{\"@type\":\"Organization\",\"@id\":\"https:\/\/ewl.com.pl\/ewl\/lt\/#organization\",\"name\":\"EWL Group\",\"url\":\"https:\/\/ewl.com.pl\/ewl\/lt\/\",\"logo\":{\"@type\":\"ImageObject\",\"inLanguage\":\"lt-LT\",\"@id\":\"https:\/\/ewl.com.pl\/ewl\/lt\/#\/schema\/logo\/image\/\",\"url\":\"https:\/\/ewl.com.pl\/wp-content\/uploads\/2020\/06\/logo-white@2x.png\",\"contentUrl\":\"https:\/\/ewl.com.pl\/wp-content\/uploads\/2020\/06\/logo-white@2x.png\",\"width\":312,\"height\":130,\"caption\":\"EWL Group\"},\"image\":{\"@id\":\"https:\/\/ewl.com.pl\/ewl\/lt\/#\/schema\/logo\/image\/\"}}]}<\/script>\n<!-- \/ Yoast SEO plugin. -->","yoast_head_json":{"title":"Medienos apdirbimo darbuotojai","description":"Ie\u0161kote darbuotoj\u0173? Galime pad\u0117ti greitai ir efektyviai \u012fdarbinti med\u017eio apdirbimo darbuotojus. Per\u017ei\u016br\u0117kite m\u016bs\u0173 pasi\u016blym\u0105.","robots":{"index":"index","follow":"follow","max-snippet":"max-snippet:-1","max-image-preview":"max-image-preview:large","max-video-preview":"max-video-preview:-1"},"canonical":"https:\/\/ewl.com.pl\/ewl\/lt\/medienos-apdirbimo-darbuotojai\/","og_locale":"lt_LT","og_type":"article","og_title":"Pracownicy na produkcj\u0119 - rekrutacja, wynajem, outsourcing dla firm","og_description":"Szybka i efektywna rekrutacja pracownik\u00f3w produkcyjnych. Dzi\u0119ki EWL, zrekrutowani pracownicy na produkcj\u0119 do\u0142\u0105cz\u0105 do Twojej firmy gdy tylko b\u0119d\u0105 potrzebni","og_url":"https:\/\/ewl.com.pl\/ewl\/lt\/medienos-apdirbimo-darbuotojai\/","og_site_name":"EWL Group","article_modified_time":"2023-07-24T10:22:47+00:00","og_image":[{"width":800,"height":490,"url":"https:\/\/ewl.com.pl\/ewl\/wp-content\/uploads\/2021\/03\/pracownicy-na-produkcje-rekrutacja-cudzoziemcow.jpg","type":"image\/jpeg"}],"twitter_card":"summary_large_image","twitter_title":"Pracownicy na produkcj\u0119 - rekrutacja, wynajem, outsourcing dla firm","twitter_description":"Szybka i efektywna rekrutacja pracownik\u00f3w produkcyjnych. Dzi\u0119ki EWL, zrekrutowani pracownicy na produkcj\u0119 do\u0142\u0105cz\u0105 do Twojej firmy gdy tylko b\u0119d\u0105 potrzebni","twitter_image":"https:\/\/ewl.com.pl\/ewl\/wp-content\/uploads\/2021\/03\/pracownicy-na-produkcje-rekrutacja-cudzoziemcow.jpg","schema":{"@context":"https:\/\/schema.org","@graph":[{"@type":"WebPage","@id":"https:\/\/ewl.com.pl\/ewl\/lt\/medienos-apdirbimo-darbuotojai\/","url":"https:\/\/ewl.com.pl\/ewl\/lt\/medienos-apdirbimo-darbuotojai\/","name":"Medienos apdirbimo darbuotojai","isPartOf":{"@id":"https:\/\/ewl.com.pl\/ewl\/lt\/#website"},"datePublished":"2023-06-21T15:04:46+00:00","dateModified":"2023-07-24T10:22:47+00:00","description":"Ie\u0161kote darbuotoj\u0173? Galime pad\u0117ti greitai ir efektyviai \u012fdarbinti med\u017eio apdirbimo darbuotojus. Per\u017ei\u016br\u0117kite m\u016bs\u0173 pasi\u016blym\u0105.","breadcrumb":{"@id":"https:\/\/ewl.com.pl\/ewl\/lt\/medienos-apdirbimo-darbuotojai\/#breadcrumb"},"inLanguage":"lt-LT","potentialAction":[{"@type":"ReadAction","target":["https:\/\/ewl.com.pl\/ewl\/lt\/medienos-apdirbimo-darbuotojai\/"]}]},{"@type":"BreadcrumbList","@id":"https:\/\/ewl.com.pl\/ewl\/lt\/medienos-apdirbimo-darbuotojai\/#breadcrumb","itemListElement":[{"@type":"ListItem","position":1,"name":"Home","item":"https:\/\/ewl.com.pl\/ewl\/lt\/"},{"@type":"ListItem","position":2,"name":"Medienos apdirbimo darbuotojai"}]},{"@type":"WebSite","@id":"https:\/\/ewl.com.pl\/ewl\/lt\/#website","url":"https:\/\/ewl.com.pl\/ewl\/lt\/","name":"EWL Group","description":"","publisher":{"@id":"https:\/\/ewl.com.pl\/ewl\/lt\/#organization"},"potentialAction":[{"@type":"SearchAction","target":{"@type":"EntryPoint","urlTemplate":"https:\/\/ewl.com.pl\/ewl\/lt\/?s={search_term_string}"},"query-input":{"@type":"PropertyValueSpecification","valueRequired":true,"valueName":"search_term_string"}}],"inLanguage":"lt-LT"},{"@type":"Organization","@id":"https:\/\/ewl.com.pl\/ewl\/lt\/#organization","name":"EWL Group","url":"https:\/\/ewl.com.pl\/ewl\/lt\/","logo":{"@type":"ImageObject","inLanguage":"lt-LT","@id":"https:\/\/ewl.com.pl\/ewl\/lt\/#\/schema\/logo\/image\/","url":"https:\/\/ewl.com.pl\/wp-content\/uploads\/2020\/06\/logo-white@2x.png","contentUrl":"https:\/\/ewl.com.pl\/wp-content\/uploads\/2020\/06\/logo-white@2x.png","width":312,"height":130,"caption":"EWL Group"},"image":{"@id":"https:\/\/ewl.com.pl\/ewl\/lt\/#\/schema\/logo\/image\/"}}]}},"_links":{"self":[{"href":"https:\/\/ewl.com.pl\/ewl\/lt\/wp-json\/wp\/v2\/pages\/78054","targetHints":{"allow":["GET"]}}],"collection":[{"href":"https:\/\/ewl.com.pl\/ewl\/lt\/wp-json\/wp\/v2\/pages"}],"about":[{"href":"https:\/\/ewl.com.pl\/ewl\/lt\/wp-json\/wp\/v2\/types\/page"}],"author":[{"embeddable":true,"href":"https:\/\/ewl.com.pl\/ewl\/lt\/wp-json\/wp\/v2\/users\/37"}],"replies":[{"embeddable":true,"href":"https:\/\/ewl.com.pl\/ewl\/lt\/wp-json\/wp\/v2\/comments?post=78054"}],"version-history":[{"count":5,"href":"https:\/\/ewl.com.pl\/ewl\/lt\/wp-json\/wp\/v2\/pages\/78054\/revisions"}],"predecessor-version":[{"id":79167,"href":"https:\/\/ewl.com.pl\/ewl\/lt\/wp-json\/wp\/v2\/pages\/78054\/revisions\/79167"}],"wp:attachment":[{"href":"https:\/\/ewl.com.pl\/ewl\/lt\/wp-json\/wp\/v2\/media?parent=78054"}],"curies":[{"name":"wp","href":"https:\/\/api.w.org\/{rel}","templated":true}]}}