{"id":52524,"date":"2020-05-15T12:46:20","date_gmt":"2020-05-15T10:46:20","guid":{"rendered":"https:\/\/ewl.com.pl\/outsourcing-procesow-i-pracownikow\/"},"modified":"2024-09-10T12:31:33","modified_gmt":"2024-09-10T10:31:33","slug":"outsourcing-of-processes-and-functions","status":"publish","type":"page","link":"https:\/\/ewl.com.pl\/ewl\/en\/outsourcing-of-processes-and-functions\/","title":{"rendered":"Outsourcing of processes and functions"},"content":{"rendered":"\n<img decoding=\"async\" src=\"https:\/\/ewl.com.pl\/wp-content\/uploads\/2024\/08\/08-2024-outsourcing-www-header-v1A-EN.png\" alt=\"Outsourcing of processes and functions\" style=\"width:1920px;height:auto\"\/>\n","protected":false},"excerpt":{"rendered":"","protected":false},"author":1,"featured_media":0,"parent":0,"menu_order":0,"comment_status":"closed","ping_status":"closed","template":"","meta":{"_acf_changed":false,"footnotes":""},"class_list":["post-52524","page","type-page","status-publish","hentry"],"acf":[],"yoast_head":"<!-- This site is optimized with the Yoast SEO plugin v24.9 - https:\/\/yoast.com\/wordpress\/plugins\/seo\/ -->\n<title>Outsourcing of processes and functions - EWL Group services<\/title>\n<meta name=\"description\" content=\"As part of our process outsourcing service, we help companies increase efficiency while reducing costs and paperwork\" \/>\n<meta name=\"robots\" content=\"index, follow, max-snippet:-1, max-image-preview:large, max-video-preview:-1\" \/>\n<link rel=\"canonical\" href=\"https:\/\/ewl.com.pl\/ewl\/en\/outsourcing-of-processes-and-functions\/\" \/>\n<meta property=\"og:locale\" content=\"en_US\" \/>\n<meta property=\"og:type\" content=\"article\" \/>\n<meta property=\"og:title\" content=\"Outsourcing proces\u00f3w i funkcji - wynajem pracownik\u00f3w do zada\u0144\" \/>\n<meta property=\"og:description\" content=\"W ramach us\u0142ugi outsourcingu proces\u00f3w pomagamy firmom zwi\u0119ksza\u0107 efektywno\u015b\u0107 przy jednoczesnym obni\u017caniu koszt\u00f3w i formalno\u015bci\" \/>\n<meta property=\"og:url\" content=\"https:\/\/ewl.com.pl\/ewl\/en\/outsourcing-of-processes-and-functions\/\" \/>\n<meta property=\"og:site_name\" content=\"EWL Group\" \/>\n<meta property=\"article:modified_time\" content=\"2024-09-10T10:31:33+00:00\" \/>\n<meta property=\"og:image\" content=\"https:\/\/ewl.com.pl\/ewl\/wp-content\/uploads\/2021\/03\/korzysci-outsourcing-procesow-biznesowych.jpg\" \/>\n\t<meta property=\"og:image:width\" content=\"800\" \/>\n\t<meta property=\"og:image:height\" content=\"483\" \/>\n\t<meta property=\"og:image:type\" content=\"image\/jpeg\" \/>\n<meta name=\"twitter:card\" content=\"summary_large_image\" \/>\n<meta name=\"twitter:title\" content=\"Outsourcing proces\u00f3w i funkcji - wynajem pracownik\u00f3w do zada\u0144\" \/>\n<meta name=\"twitter:description\" content=\"W ramach us\u0142ugi outsourcingu proces\u00f3w pomagamy firmom zwi\u0119ksza\u0107 efektywno\u015b\u0107 przy jednoczesnym obni\u017caniu koszt\u00f3w i formalno\u015bci\" \/>\n<meta name=\"twitter:image\" content=\"https:\/\/ewl.com.pl\/ewl\/wp-content\/uploads\/2021\/03\/korzysci-outsourcing-procesow-biznesowych.jpg\" \/>\n<meta name=\"twitter:label1\" content=\"Est. reading time\" \/>\n\t<meta name=\"twitter:data1\" content=\"1 minute\" \/>\n<script type=\"application\/ld+json\" class=\"yoast-schema-graph\">{\"@context\":\"https:\/\/schema.org\",\"@graph\":[{\"@type\":\"WebPage\",\"@id\":\"https:\/\/ewl.com.pl\/ewl\/en\/outsourcing-of-processes-and-functions\/\",\"url\":\"https:\/\/ewl.com.pl\/ewl\/en\/outsourcing-of-processes-and-functions\/\",\"name\":\"Outsourcing of processes and functions - EWL Group services\",\"isPartOf\":{\"@id\":\"https:\/\/ewl.com.pl\/ewl\/en\/#website\"},\"primaryImageOfPage\":{\"@id\":\"https:\/\/ewl.com.pl\/ewl\/en\/outsourcing-of-processes-and-functions\/#primaryimage\"},\"image\":{\"@id\":\"https:\/\/ewl.com.pl\/ewl\/en\/outsourcing-of-processes-and-functions\/#primaryimage\"},\"thumbnailUrl\":\"https:\/\/ewl.com.pl\/wp-content\/uploads\/2024\/08\/08-2024-outsourcing-www-header-v1A-EN.png\",\"datePublished\":\"2020-05-15T10:46:20+00:00\",\"dateModified\":\"2024-09-10T10:31:33+00:00\",\"description\":\"As part of our process outsourcing service, we help companies increase efficiency while reducing costs and paperwork\",\"breadcrumb\":{\"@id\":\"https:\/\/ewl.com.pl\/ewl\/en\/outsourcing-of-processes-and-functions\/#breadcrumb\"},\"inLanguage\":\"en-US\",\"potentialAction\":[{\"@type\":\"ReadAction\",\"target\":[\"https:\/\/ewl.com.pl\/ewl\/en\/outsourcing-of-processes-and-functions\/\"]}]},{\"@type\":\"ImageObject\",\"inLanguage\":\"en-US\",\"@id\":\"https:\/\/ewl.com.pl\/ewl\/en\/outsourcing-of-processes-and-functions\/#primaryimage\",\"url\":\"https:\/\/ewl.com.pl\/wp-content\/uploads\/2024\/08\/08-2024-outsourcing-www-header-v1A-EN.png\",\"contentUrl\":\"https:\/\/ewl.com.pl\/wp-content\/uploads\/2024\/08\/08-2024-outsourcing-www-header-v1A-EN.png\"},{\"@type\":\"BreadcrumbList\",\"@id\":\"https:\/\/ewl.com.pl\/ewl\/en\/outsourcing-of-processes-and-functions\/#breadcrumb\",\"itemListElement\":[{\"@type\":\"ListItem\",\"position\":1,\"name\":\"Home\",\"item\":\"https:\/\/ewl.com.pl\/ewl\/en\/\"},{\"@type\":\"ListItem\",\"position\":2,\"name\":\"Outsourcing of processes and functions\"}]},{\"@type\":\"WebSite\",\"@id\":\"https:\/\/ewl.com.pl\/ewl\/en\/#website\",\"url\":\"https:\/\/ewl.com.pl\/ewl\/en\/\",\"name\":\"EWL Group\",\"description\":\"\",\"publisher\":{\"@id\":\"https:\/\/ewl.com.pl\/ewl\/en\/#organization\"},\"potentialAction\":[{\"@type\":\"SearchAction\",\"target\":{\"@type\":\"EntryPoint\",\"urlTemplate\":\"https:\/\/ewl.com.pl\/ewl\/en\/?s={search_term_string}\"},\"query-input\":{\"@type\":\"PropertyValueSpecification\",\"valueRequired\":true,\"valueName\":\"search_term_string\"}}],\"inLanguage\":\"en-US\"},{\"@type\":\"Organization\",\"@id\":\"https:\/\/ewl.com.pl\/ewl\/en\/#organization\",\"name\":\"EWL Group\",\"url\":\"https:\/\/ewl.com.pl\/ewl\/en\/\",\"logo\":{\"@type\":\"ImageObject\",\"inLanguage\":\"en-US\",\"@id\":\"https:\/\/ewl.com.pl\/ewl\/en\/#\/schema\/logo\/image\/\",\"url\":\"https:\/\/ewl.com.pl\/wp-content\/uploads\/2020\/06\/logo-white@2x.png\",\"contentUrl\":\"https:\/\/ewl.com.pl\/wp-content\/uploads\/2020\/06\/logo-white@2x.png\",\"width\":312,\"height\":130,\"caption\":\"EWL Group\"},\"image\":{\"@id\":\"https:\/\/ewl.com.pl\/ewl\/en\/#\/schema\/logo\/image\/\"}}]}<\/script>\n<!-- \/ Yoast SEO plugin. -->","yoast_head_json":{"title":"Outsourcing of processes and functions - EWL Group services","description":"As part of our process outsourcing service, we help companies increase efficiency while reducing costs and paperwork","robots":{"index":"index","follow":"follow","max-snippet":"max-snippet:-1","max-image-preview":"max-image-preview:large","max-video-preview":"max-video-preview:-1"},"canonical":"https:\/\/ewl.com.pl\/ewl\/en\/outsourcing-of-processes-and-functions\/","og_locale":"en_US","og_type":"article","og_title":"Outsourcing proces\u00f3w i funkcji - wynajem pracownik\u00f3w do zada\u0144","og_description":"W ramach us\u0142ugi outsourcingu proces\u00f3w pomagamy firmom zwi\u0119ksza\u0107 efektywno\u015b\u0107 przy jednoczesnym obni\u017caniu koszt\u00f3w i formalno\u015bci","og_url":"https:\/\/ewl.com.pl\/ewl\/en\/outsourcing-of-processes-and-functions\/","og_site_name":"EWL Group","article_modified_time":"2024-09-10T10:31:33+00:00","og_image":[{"width":800,"height":483,"url":"https:\/\/ewl.com.pl\/ewl\/wp-content\/uploads\/2021\/03\/korzysci-outsourcing-procesow-biznesowych.jpg","type":"image\/jpeg"}],"twitter_card":"summary_large_image","twitter_title":"Outsourcing proces\u00f3w i funkcji - wynajem pracownik\u00f3w do zada\u0144","twitter_description":"W ramach us\u0142ugi outsourcingu proces\u00f3w pomagamy firmom zwi\u0119ksza\u0107 efektywno\u015b\u0107 przy jednoczesnym obni\u017caniu koszt\u00f3w i formalno\u015bci","twitter_image":"https:\/\/ewl.com.pl\/ewl\/wp-content\/uploads\/2021\/03\/korzysci-outsourcing-procesow-biznesowych.jpg","twitter_misc":{"Est. reading time":"1 minute"},"schema":{"@context":"https:\/\/schema.org","@graph":[{"@type":"WebPage","@id":"https:\/\/ewl.com.pl\/ewl\/en\/outsourcing-of-processes-and-functions\/","url":"https:\/\/ewl.com.pl\/ewl\/en\/outsourcing-of-processes-and-functions\/","name":"Outsourcing of processes and functions - EWL Group services","isPartOf":{"@id":"https:\/\/ewl.com.pl\/ewl\/en\/#website"},"primaryImageOfPage":{"@id":"https:\/\/ewl.com.pl\/ewl\/en\/outsourcing-of-processes-and-functions\/#primaryimage"},"image":{"@id":"https:\/\/ewl.com.pl\/ewl\/en\/outsourcing-of-processes-and-functions\/#primaryimage"},"thumbnailUrl":"https:\/\/ewl.com.pl\/wp-content\/uploads\/2024\/08\/08-2024-outsourcing-www-header-v1A-EN.png","datePublished":"2020-05-15T10:46:20+00:00","dateModified":"2024-09-10T10:31:33+00:00","description":"As part of our process outsourcing service, we help companies increase efficiency while reducing costs and paperwork","breadcrumb":{"@id":"https:\/\/ewl.com.pl\/ewl\/en\/outsourcing-of-processes-and-functions\/#breadcrumb"},"inLanguage":"en-US","potentialAction":[{"@type":"ReadAction","target":["https:\/\/ewl.com.pl\/ewl\/en\/outsourcing-of-processes-and-functions\/"]}]},{"@type":"ImageObject","inLanguage":"en-US","@id":"https:\/\/ewl.com.pl\/ewl\/en\/outsourcing-of-processes-and-functions\/#primaryimage","url":"https:\/\/ewl.com.pl\/wp-content\/uploads\/2024\/08\/08-2024-outsourcing-www-header-v1A-EN.png","contentUrl":"https:\/\/ewl.com.pl\/wp-content\/uploads\/2024\/08\/08-2024-outsourcing-www-header-v1A-EN.png"},{"@type":"BreadcrumbList","@id":"https:\/\/ewl.com.pl\/ewl\/en\/outsourcing-of-processes-and-functions\/#breadcrumb","itemListElement":[{"@type":"ListItem","position":1,"name":"Home","item":"https:\/\/ewl.com.pl\/ewl\/en\/"},{"@type":"ListItem","position":2,"name":"Outsourcing of processes and functions"}]},{"@type":"WebSite","@id":"https:\/\/ewl.com.pl\/ewl\/en\/#website","url":"https:\/\/ewl.com.pl\/ewl\/en\/","name":"EWL Group","description":"","publisher":{"@id":"https:\/\/ewl.com.pl\/ewl\/en\/#organization"},"potentialAction":[{"@type":"SearchAction","target":{"@type":"EntryPoint","urlTemplate":"https:\/\/ewl.com.pl\/ewl\/en\/?s={search_term_string}"},"query-input":{"@type":"PropertyValueSpecification","valueRequired":true,"valueName":"search_term_string"}}],"inLanguage":"en-US"},{"@type":"Organization","@id":"https:\/\/ewl.com.pl\/ewl\/en\/#organization","name":"EWL Group","url":"https:\/\/ewl.com.pl\/ewl\/en\/","logo":{"@type":"ImageObject","inLanguage":"en-US","@id":"https:\/\/ewl.com.pl\/ewl\/en\/#\/schema\/logo\/image\/","url":"https:\/\/ewl.com.pl\/wp-content\/uploads\/2020\/06\/logo-white@2x.png","contentUrl":"https:\/\/ewl.com.pl\/wp-content\/uploads\/2020\/06\/logo-white@2x.png","width":312,"height":130,"caption":"EWL Group"},"image":{"@id":"https:\/\/ewl.com.pl\/ewl\/en\/#\/schema\/logo\/image\/"}}]}},"_links":{"self":[{"href":"https:\/\/ewl.com.pl\/ewl\/en\/wp-json\/wp\/v2\/pages\/52524","targetHints":{"allow":["GET"]}}],"collection":[{"href":"https:\/\/ewl.com.pl\/ewl\/en\/wp-json\/wp\/v2\/pages"}],"about":[{"href":"https:\/\/ewl.com.pl\/ewl\/en\/wp-json\/wp\/v2\/types\/page"}],"author":[{"embeddable":true,"href":"https:\/\/ewl.com.pl\/ewl\/en\/wp-json\/wp\/v2\/users\/1"}],"replies":[{"embeddable":true,"href":"https:\/\/ewl.com.pl\/ewl\/en\/wp-json\/wp\/v2\/comments?post=52524"}],"version-history":[{"count":36,"href":"https:\/\/ewl.com.pl\/ewl\/en\/wp-json\/wp\/v2\/pages\/52524\/revisions"}],"predecessor-version":[{"id":86085,"href":"https:\/\/ewl.com.pl\/ewl\/en\/wp-json\/wp\/v2\/pages\/52524\/revisions\/86085"}],"wp:attachment":[{"href":"https:\/\/ewl.com.pl\/ewl\/en\/wp-json\/wp\/v2\/media?parent=52524"}],"curies":[{"name":"wp","href":"https:\/\/api.w.org\/{rel}","templated":true}]}}