{"id":48141,"date":"2021-03-18T12:34:00","date_gmt":"2021-03-18T11:34:00","guid":{"rendered":"https:\/\/ewl.com.pl\/pracownicy-produkcji\/"},"modified":"2021-12-01T13:21:22","modified_gmt":"2021-12-01T12:21:22","slug":"production-workers","status":"publish","type":"page","link":"https:\/\/ewl.com.pl\/ewl\/en\/production-workers\/","title":{"rendered":"Production workers \u2013 recruitment, leasing, outsourcing"},"content":{"rendered":"\n<div class=\"wp-block-image\"><figure class=\"alignright size-large is-resized\"><img loading=\"lazy\" decoding=\"async\" src=\"https:\/\/ewl.com.pl\/wp-content\/uploads\/2021\/03\/pracownicy-na-produkcje-rekrutacja-cudzoziemcow.jpg\" alt=\"Rekrutacja pracownik\u00f3w produkcyjnych - agencja zatrudnienia cudzoziemc\u00f3w EWL\" class=\"wp-image-47546\" width=\"300\" height=\"200\"\/><\/figure><\/div>\n\n\n\n<p>People are the strength of every company. The effective and quality development of a company is possible thanks to committed employees at every professional level \u2013 from specialists to workers on the production line. <strong>Production workers<\/strong> are the key element that determines, among others, the competitiveness of a company. Although work in production does not usually require high qualifications, its specific nature makes it necessary to fill many positions simultaneously in a short time.<\/p>\n\n\n<h2 class=\"wp-block-heading\" id=\"acquisition-of-production-workers\"><strong>Acquisition of production workers<\/strong><\/h2>\n\n\n<p><strong>Acquisition of production\nworkers<\/strong><strong><\/strong><\/p>\n\n\n\n<p>A sudden increase in production? A seasonal peak? The need for fast and effective <strong>recruitment of production workers<\/strong>? At the EWL employment agency we have proven solutions for every scenario. Thanks to a large and constantly updated candidate database and our experience in recruiting and <strong>employing production staff<\/strong>, also from the East, we offer services tailored to your needs! <\/p>\n\n\n\n<ul class=\"wp-block-list\"><li><strong>Recruitment and selection of employees for production <\/strong><\/li><li><strong><a href=\"https:\/\/ewl.com.pl\/en\/employee-leasing\/\">Employee leasing<\/a><\/strong><\/li><li><strong><a href=\"https:\/\/ewl.com.pl\/en\/process-outsourcing\/\">Outsourcing of production processes and functions<\/a><\/strong><\/li><li><strong>Transport and accommodation of employees to the workplace<\/strong><\/li><li><strong><a href=\"https:\/\/ewl.com.pl\/en\/legalization-of-employment-foreigners\/\">Legalization of employment and residence<\/a><\/strong><\/li><li><strong><a href=\"https:\/\/ewl.com.pl\/en\/posting-employees-abroad\/\">Cross-border posting of workers<\/a><\/strong><\/li><\/ul>\n\n\n\n<p><\/p>\n\n\n\n<hr class=\"wp-block-separator\"\/>\n\n\n\n<center><a class=\"btn btn__standard btn__standard--orange\" href=\"https:\/\/ewl.com.pl\/en\/kontakt\/?formSubject=zatrudnie\">Ask for full offer<\/a><\/center>\n\n\n\n<p><\/p>\n\n\n\n<hr class=\"wp-block-separator\"\/>\n\n\n\n<p><\/p>\n\n\n<h2 class=\"wp-block-heading\" id=\"outsourcing-of-production-processes-production-processes-controlled-by-specialists\"><strong>Outsourcing of production processes \u2013 production processes controlled by specialists<\/strong><\/h2>\n\n\n<p>The EWL Group is a proven and safe business partner, to whom you can confidently entrust part of your business! As an outsourcing agency we are experienced in strategic planning, effective execution and clear settlement of outsourced production processes.<\/p>\n\n\n\n<p>As part of our <strong><a href=\"https:\/\/ewl.com.pl\/en\/outsourcing-procesow-produkcyjnych\/\">service of outsourcing of production processes<\/a><\/strong> we will plan your production goals, provide you with efficient and motivated production staff, and ensure high quality and timely delivery of our service.<\/p>\n\n\n<h2 class=\"wp-block-heading\" id=\"employee-leasing-production-line-workers-for-hire\"><strong>Employee leasing \u2013 production line workers for hire<\/strong><\/h2>\n\n\n<p>We are specialists in temporary employment! By choosing to recruit with EWL, you can be sure that the recruited <strong>production workers will<\/strong> meet the requirements of the job. We recruit and hire large volumes of employees in a short time, while taking care of the quality of the processes.<\/p>\n\n\n\n<p>We have the experience and knowledge necessary to recruit and legally employ foreign workers. <a href=\"https:\/\/ewl.com.pl\/en\/zatrudnianie-cudzoziemcow\/\"><strong>Employment of foreigners<\/strong> <\/a>with the EWL expert team is a guarantee of legality and safety.<\/p>\n\n\n\n<p class=\"has-text-align-center\">  <strong>Please contact us!<\/strong><br>We will find the best solution to suit your company&#8217;s needs.<\/p>\n\n\n\n<div id=\"block-245186be-117c-4dd8-b09f-b35a0ef40bac\" class=\"wp-block-image\"><figure class=\"aligncenter size-large is-resized\"><img loading=\"lazy\" decoding=\"async\" src=\"https:\/\/ewl.com.pl\/wp-content\/uploads\/2021\/02\/zatrudnianie-cudzoziemcow-michal-wierzchowski-ewl.jpg\" alt=\"Zatrudnianie obcokrajowc\u00f3w z EWL Group - Micha\u0142 Wierzchowski\" class=\"wp-image-45358\" width=\"198\" height=\"200\"\/><figcaption><strong>Micha\u0142 Wierzchowski<\/strong><br>Sales Director in EWL Group<\/figcaption><\/figure><\/div>\n\n\n\n<center><a class=\"btn btn__standard btn__standard--orange\" href=\"https:\/\/ewl.com.pl\/en\/kontakt\/?formSubject=zatrudnie\">Ask for full offer<\/a><\/center>\n","protected":false},"excerpt":{"rendered":"<p>People are the strength of every company. The effective and quality development of a company is possible thanks to committed employees at every professional level \u2013 from specialists to workers on the production line. Production workers are the key element that determines, among others, the competitiveness of a company. Although work in production does not [&hellip;]<\/p>\n","protected":false},"author":42,"featured_media":0,"parent":0,"menu_order":0,"comment_status":"closed","ping_status":"closed","template":"","meta":{"_acf_changed":false,"footnotes":""},"class_list":["post-48141","page","type-page","status-publish","hentry"],"acf":[],"yoast_head":"<!-- This site is optimized with the Yoast SEO plugin v24.9 - https:\/\/yoast.com\/wordpress\/plugins\/seo\/ -->\n<title>Production workers - recruitment, hire, outsourcing for companies<\/title>\n<meta name=\"description\" content=\"Quick and efficient recruitment of production workers. Thanks to EWL, recruited production workers will join your company whenever they are needed\" \/>\n<meta name=\"robots\" content=\"index, follow, max-snippet:-1, max-image-preview:large, max-video-preview:-1\" \/>\n<link rel=\"canonical\" href=\"https:\/\/ewl.com.pl\/ewl\/en\/production-workers\/\" \/>\n<meta property=\"og:locale\" content=\"en_US\" \/>\n<meta property=\"og:type\" content=\"article\" \/>\n<meta property=\"og:title\" content=\"Pracownicy na produkcj\u0119 - rekrutacja, wynajem, outsourcing dla firm\" \/>\n<meta property=\"og:description\" content=\"Szybka i efektywna rekrutacja pracownik\u00f3w produkcyjnych. Dzi\u0119ki EWL, zrekrutowani pracownicy na produkcj\u0119 do\u0142\u0105cz\u0105 do Twojej firmy gdy tylko b\u0119d\u0105 potrzebni\" \/>\n<meta property=\"og:url\" content=\"https:\/\/ewl.com.pl\/ewl\/en\/production-workers\/\" \/>\n<meta property=\"og:site_name\" content=\"EWL Group\" \/>\n<meta property=\"article:modified_time\" content=\"2021-12-01T12:21:22+00:00\" \/>\n<meta property=\"og:image\" content=\"https:\/\/ewl.com.pl\/ewl\/wp-content\/uploads\/2021\/03\/pracownicy-na-produkcje-rekrutacja-cudzoziemcow.jpg\" \/>\n\t<meta property=\"og:image:width\" content=\"800\" \/>\n\t<meta property=\"og:image:height\" content=\"490\" \/>\n\t<meta property=\"og:image:type\" content=\"image\/jpeg\" \/>\n<meta name=\"twitter:card\" content=\"summary_large_image\" \/>\n<meta name=\"twitter:title\" content=\"Pracownicy na produkcj\u0119 - rekrutacja, wynajem, outsourcing dla firm\" \/>\n<meta name=\"twitter:description\" content=\"Szybka i efektywna rekrutacja pracownik\u00f3w produkcyjnych. Dzi\u0119ki EWL, zrekrutowani pracownicy na produkcj\u0119 do\u0142\u0105cz\u0105 do Twojej firmy gdy tylko b\u0119d\u0105 potrzebni\" \/>\n<meta name=\"twitter:image\" content=\"https:\/\/ewl.com.pl\/ewl\/wp-content\/uploads\/2021\/03\/pracownicy-na-produkcje-rekrutacja-cudzoziemcow.jpg\" \/>\n<meta name=\"twitter:label1\" content=\"Est. reading time\" \/>\n\t<meta name=\"twitter:data1\" content=\"3 minutes\" \/>\n<script type=\"application\/ld+json\" class=\"yoast-schema-graph\">{\"@context\":\"https:\/\/schema.org\",\"@graph\":[{\"@type\":\"WebPage\",\"@id\":\"https:\/\/ewl.com.pl\/ewl\/en\/production-workers\/\",\"url\":\"https:\/\/ewl.com.pl\/ewl\/en\/production-workers\/\",\"name\":\"Production workers - recruitment, hire, outsourcing for companies\",\"isPartOf\":{\"@id\":\"https:\/\/ewl.com.pl\/ewl\/en\/#website\"},\"primaryImageOfPage\":{\"@id\":\"https:\/\/ewl.com.pl\/ewl\/en\/production-workers\/#primaryimage\"},\"image\":{\"@id\":\"https:\/\/ewl.com.pl\/ewl\/en\/production-workers\/#primaryimage\"},\"thumbnailUrl\":\"https:\/\/ewl.com.pl\/wp-content\/uploads\/2021\/03\/pracownicy-na-produkcje-rekrutacja-cudzoziemcow.jpg\",\"datePublished\":\"2021-03-18T11:34:00+00:00\",\"dateModified\":\"2021-12-01T12:21:22+00:00\",\"description\":\"Quick and efficient recruitment of production workers. Thanks to EWL, recruited production workers will join your company whenever they are needed\",\"breadcrumb\":{\"@id\":\"https:\/\/ewl.com.pl\/ewl\/en\/production-workers\/#breadcrumb\"},\"inLanguage\":\"en-US\",\"potentialAction\":[{\"@type\":\"ReadAction\",\"target\":[\"https:\/\/ewl.com.pl\/ewl\/en\/production-workers\/\"]}]},{\"@type\":\"ImageObject\",\"inLanguage\":\"en-US\",\"@id\":\"https:\/\/ewl.com.pl\/ewl\/en\/production-workers\/#primaryimage\",\"url\":\"https:\/\/ewl.com.pl\/wp-content\/uploads\/2021\/03\/pracownicy-na-produkcje-rekrutacja-cudzoziemcow.jpg\",\"contentUrl\":\"https:\/\/ewl.com.pl\/wp-content\/uploads\/2021\/03\/pracownicy-na-produkcje-rekrutacja-cudzoziemcow.jpg\"},{\"@type\":\"BreadcrumbList\",\"@id\":\"https:\/\/ewl.com.pl\/ewl\/en\/production-workers\/#breadcrumb\",\"itemListElement\":[{\"@type\":\"ListItem\",\"position\":1,\"name\":\"Home\",\"item\":\"https:\/\/ewl.com.pl\/ewl\/en\/\"},{\"@type\":\"ListItem\",\"position\":2,\"name\":\"Production workers \u2013 recruitment, leasing, outsourcing\"}]},{\"@type\":\"WebSite\",\"@id\":\"https:\/\/ewl.com.pl\/ewl\/en\/#website\",\"url\":\"https:\/\/ewl.com.pl\/ewl\/en\/\",\"name\":\"EWL Group\",\"description\":\"\",\"publisher\":{\"@id\":\"https:\/\/ewl.com.pl\/ewl\/en\/#organization\"},\"potentialAction\":[{\"@type\":\"SearchAction\",\"target\":{\"@type\":\"EntryPoint\",\"urlTemplate\":\"https:\/\/ewl.com.pl\/ewl\/en\/?s={search_term_string}\"},\"query-input\":{\"@type\":\"PropertyValueSpecification\",\"valueRequired\":true,\"valueName\":\"search_term_string\"}}],\"inLanguage\":\"en-US\"},{\"@type\":\"Organization\",\"@id\":\"https:\/\/ewl.com.pl\/ewl\/en\/#organization\",\"name\":\"EWL Group\",\"url\":\"https:\/\/ewl.com.pl\/ewl\/en\/\",\"logo\":{\"@type\":\"ImageObject\",\"inLanguage\":\"en-US\",\"@id\":\"https:\/\/ewl.com.pl\/ewl\/en\/#\/schema\/logo\/image\/\",\"url\":\"https:\/\/ewl.com.pl\/wp-content\/uploads\/2020\/06\/logo-white@2x.png\",\"contentUrl\":\"https:\/\/ewl.com.pl\/wp-content\/uploads\/2020\/06\/logo-white@2x.png\",\"width\":312,\"height\":130,\"caption\":\"EWL Group\"},\"image\":{\"@id\":\"https:\/\/ewl.com.pl\/ewl\/en\/#\/schema\/logo\/image\/\"}}]}<\/script>\n<!-- \/ Yoast SEO plugin. -->","yoast_head_json":{"title":"Production workers - recruitment, hire, outsourcing for companies","description":"Quick and efficient recruitment of production workers. Thanks to EWL, recruited production workers will join your company whenever they are needed","robots":{"index":"index","follow":"follow","max-snippet":"max-snippet:-1","max-image-preview":"max-image-preview:large","max-video-preview":"max-video-preview:-1"},"canonical":"https:\/\/ewl.com.pl\/ewl\/en\/production-workers\/","og_locale":"en_US","og_type":"article","og_title":"Pracownicy na produkcj\u0119 - rekrutacja, wynajem, outsourcing dla firm","og_description":"Szybka i efektywna rekrutacja pracownik\u00f3w produkcyjnych. Dzi\u0119ki EWL, zrekrutowani pracownicy na produkcj\u0119 do\u0142\u0105cz\u0105 do Twojej firmy gdy tylko b\u0119d\u0105 potrzebni","og_url":"https:\/\/ewl.com.pl\/ewl\/en\/production-workers\/","og_site_name":"EWL Group","article_modified_time":"2021-12-01T12:21:22+00:00","og_image":[{"width":800,"height":490,"url":"https:\/\/ewl.com.pl\/ewl\/wp-content\/uploads\/2021\/03\/pracownicy-na-produkcje-rekrutacja-cudzoziemcow.jpg","type":"image\/jpeg"}],"twitter_card":"summary_large_image","twitter_title":"Pracownicy na produkcj\u0119 - rekrutacja, wynajem, outsourcing dla firm","twitter_description":"Szybka i efektywna rekrutacja pracownik\u00f3w produkcyjnych. Dzi\u0119ki EWL, zrekrutowani pracownicy na produkcj\u0119 do\u0142\u0105cz\u0105 do Twojej firmy gdy tylko b\u0119d\u0105 potrzebni","twitter_image":"https:\/\/ewl.com.pl\/ewl\/wp-content\/uploads\/2021\/03\/pracownicy-na-produkcje-rekrutacja-cudzoziemcow.jpg","twitter_misc":{"Est. reading time":"3 minutes"},"schema":{"@context":"https:\/\/schema.org","@graph":[{"@type":"WebPage","@id":"https:\/\/ewl.com.pl\/ewl\/en\/production-workers\/","url":"https:\/\/ewl.com.pl\/ewl\/en\/production-workers\/","name":"Production workers - recruitment, hire, outsourcing for companies","isPartOf":{"@id":"https:\/\/ewl.com.pl\/ewl\/en\/#website"},"primaryImageOfPage":{"@id":"https:\/\/ewl.com.pl\/ewl\/en\/production-workers\/#primaryimage"},"image":{"@id":"https:\/\/ewl.com.pl\/ewl\/en\/production-workers\/#primaryimage"},"thumbnailUrl":"https:\/\/ewl.com.pl\/wp-content\/uploads\/2021\/03\/pracownicy-na-produkcje-rekrutacja-cudzoziemcow.jpg","datePublished":"2021-03-18T11:34:00+00:00","dateModified":"2021-12-01T12:21:22+00:00","description":"Quick and efficient recruitment of production workers. Thanks to EWL, recruited production workers will join your company whenever they are needed","breadcrumb":{"@id":"https:\/\/ewl.com.pl\/ewl\/en\/production-workers\/#breadcrumb"},"inLanguage":"en-US","potentialAction":[{"@type":"ReadAction","target":["https:\/\/ewl.com.pl\/ewl\/en\/production-workers\/"]}]},{"@type":"ImageObject","inLanguage":"en-US","@id":"https:\/\/ewl.com.pl\/ewl\/en\/production-workers\/#primaryimage","url":"https:\/\/ewl.com.pl\/wp-content\/uploads\/2021\/03\/pracownicy-na-produkcje-rekrutacja-cudzoziemcow.jpg","contentUrl":"https:\/\/ewl.com.pl\/wp-content\/uploads\/2021\/03\/pracownicy-na-produkcje-rekrutacja-cudzoziemcow.jpg"},{"@type":"BreadcrumbList","@id":"https:\/\/ewl.com.pl\/ewl\/en\/production-workers\/#breadcrumb","itemListElement":[{"@type":"ListItem","position":1,"name":"Home","item":"https:\/\/ewl.com.pl\/ewl\/en\/"},{"@type":"ListItem","position":2,"name":"Production workers \u2013 recruitment, leasing, outsourcing"}]},{"@type":"WebSite","@id":"https:\/\/ewl.com.pl\/ewl\/en\/#website","url":"https:\/\/ewl.com.pl\/ewl\/en\/","name":"EWL Group","description":"","publisher":{"@id":"https:\/\/ewl.com.pl\/ewl\/en\/#organization"},"potentialAction":[{"@type":"SearchAction","target":{"@type":"EntryPoint","urlTemplate":"https:\/\/ewl.com.pl\/ewl\/en\/?s={search_term_string}"},"query-input":{"@type":"PropertyValueSpecification","valueRequired":true,"valueName":"search_term_string"}}],"inLanguage":"en-US"},{"@type":"Organization","@id":"https:\/\/ewl.com.pl\/ewl\/en\/#organization","name":"EWL Group","url":"https:\/\/ewl.com.pl\/ewl\/en\/","logo":{"@type":"ImageObject","inLanguage":"en-US","@id":"https:\/\/ewl.com.pl\/ewl\/en\/#\/schema\/logo\/image\/","url":"https:\/\/ewl.com.pl\/wp-content\/uploads\/2020\/06\/logo-white@2x.png","contentUrl":"https:\/\/ewl.com.pl\/wp-content\/uploads\/2020\/06\/logo-white@2x.png","width":312,"height":130,"caption":"EWL Group"},"image":{"@id":"https:\/\/ewl.com.pl\/ewl\/en\/#\/schema\/logo\/image\/"}}]}},"_links":{"self":[{"href":"https:\/\/ewl.com.pl\/ewl\/en\/wp-json\/wp\/v2\/pages\/48141","targetHints":{"allow":["GET"]}}],"collection":[{"href":"https:\/\/ewl.com.pl\/ewl\/en\/wp-json\/wp\/v2\/pages"}],"about":[{"href":"https:\/\/ewl.com.pl\/ewl\/en\/wp-json\/wp\/v2\/types\/page"}],"author":[{"embeddable":true,"href":"https:\/\/ewl.com.pl\/ewl\/en\/wp-json\/wp\/v2\/users\/42"}],"replies":[{"embeddable":true,"href":"https:\/\/ewl.com.pl\/ewl\/en\/wp-json\/wp\/v2\/comments?post=48141"}],"version-history":[{"count":3,"href":"https:\/\/ewl.com.pl\/ewl\/en\/wp-json\/wp\/v2\/pages\/48141\/revisions"}],"predecessor-version":[{"id":51624,"href":"https:\/\/ewl.com.pl\/ewl\/en\/wp-json\/wp\/v2\/pages\/48141\/revisions\/51624"}],"wp:attachment":[{"href":"https:\/\/ewl.com.pl\/ewl\/en\/wp-json\/wp\/v2\/media?parent=48141"}],"curies":[{"name":"wp","href":"https:\/\/api.w.org\/{rel}","templated":true}]}}