{"id":42986,"date":"2020-05-15T12:40:58","date_gmt":"2020-05-15T10:40:58","guid":{"rendered":"https:\/\/ewl.com.pl\/dla-inwestorow\/"},"modified":"2021-01-26T10:30:13","modified_gmt":"2021-01-26T09:30:13","slug":"for-investors","status":"publish","type":"page","link":"https:\/\/ewl.com.pl\/ewl\/en\/who-we-are\/for-investors\/","title":{"rendered":"For investors"},"content":{"rendered":"<h2 class=\"wp-block-heading\" id=\"pursuant-to-article-374-of-the-commercial-companies-code-we-would-like-to-inform-you-that\">Pursuant to Article 374 of the Commercial Companies Code we would like to inform you that:<\/h2>\n\n\n<ul class=\"wp-block-list\"><li> the company operates under the name: EWL Sp\u00f3\u0142ka akcyjna, <\/li><li>the company&#8217;s seat is: ul. Aleje Jerozolimskie 142 B, VI pi\u0119tro 02-305 Warszawa,<\/li><li>the registry court where the company&#8217;s documentation is kept is: S\u0105d Rejonowy dla m.st. Warszawy w Warszawie, XIII Wydzia\u0142 Gospodarczy KRS,<\/li><li>the company is entered in the National Court Register (<em>KRS<\/em>) under the number: 0000080338,<\/li><li>the company&#8217;s tax identification number (<em>NIP<\/em>) is: 1132330806,<\/li><li>the company&#8217;s share capital is: 100,000.00 PLN; the capital was paid in full.<\/li><\/ul>\n","protected":false},"excerpt":{"rendered":"<p>Pursuant to Article 374 of the Commercial Companies Code we would like to inform you that: the company operates under the name: EWL Sp\u00f3\u0142ka akcyjna, the company&#8217;s seat is: ul. Aleje Jerozolimskie 142 B, VI pi\u0119tro 02-305 Warszawa, the registry court where the company&#8217;s documentation is kept is: S\u0105d Rejonowy dla m.st. Warszawy w Warszawie, [&hellip;]<\/p>\n","protected":false},"author":1,"featured_media":0,"parent":42992,"menu_order":0,"comment_status":"closed","ping_status":"closed","template":"","meta":{"_acf_changed":false,"footnotes":""},"class_list":["post-42986","page","type-page","status-publish","hentry"],"acf":[],"yoast_head":"<!-- This site is optimized with the Yoast SEO plugin v24.9 - https:\/\/yoast.com\/wordpress\/plugins\/seo\/ -->\n<title>Agencja zatrudnienia - Informacje dla inwestor\u00f3w - EWL Group<\/title>\n<meta name=\"description\" content=\"Jedna z najwi\u0119kszych agencji zatrudnienia cudzoziemc\u00f3w w Polsce. Sprawdzony i stabilny partner na rynku pracy obcokrajowc\u00f3w.\" \/>\n<meta name=\"robots\" content=\"index, follow, max-snippet:-1, max-image-preview:large, max-video-preview:-1\" \/>\n<link rel=\"canonical\" href=\"https:\/\/ewl.com.pl\/ewl\/en\/who-we-are\/for-investors\/\" \/>\n<meta property=\"og:locale\" content=\"en_US\" \/>\n<meta property=\"og:type\" content=\"article\" \/>\n<meta property=\"og:title\" content=\"Agencja zatrudnienia - Informacje dla inwestor\u00f3w - EWL Group\" \/>\n<meta property=\"og:description\" content=\"Jedna z najwi\u0119kszych agencji zatrudnienia cudzoziemc\u00f3w w Polsce. Sprawdzony i stabilny partner na rynku pracy obcokrajowc\u00f3w.\" \/>\n<meta property=\"og:url\" content=\"https:\/\/ewl.com.pl\/ewl\/en\/who-we-are\/for-investors\/\" \/>\n<meta property=\"og:site_name\" content=\"EWL Group\" \/>\n<meta property=\"article:modified_time\" content=\"2021-01-26T09:30:13+00:00\" \/>\n<meta name=\"twitter:card\" content=\"summary_large_image\" \/>\n<script type=\"application\/ld+json\" class=\"yoast-schema-graph\">{\"@context\":\"https:\/\/schema.org\",\"@graph\":[{\"@type\":\"WebPage\",\"@id\":\"https:\/\/ewl.com.pl\/ewl\/en\/who-we-are\/for-investors\/\",\"url\":\"https:\/\/ewl.com.pl\/ewl\/en\/who-we-are\/for-investors\/\",\"name\":\"Agencja zatrudnienia - Informacje dla inwestor\u00f3w - EWL Group\",\"isPartOf\":{\"@id\":\"https:\/\/ewl.com.pl\/ewl\/en\/#website\"},\"datePublished\":\"2020-05-15T10:40:58+00:00\",\"dateModified\":\"2021-01-26T09:30:13+00:00\",\"description\":\"Jedna z najwi\u0119kszych agencji zatrudnienia cudzoziemc\u00f3w w Polsce. Sprawdzony i stabilny partner na rynku pracy obcokrajowc\u00f3w.\",\"breadcrumb\":{\"@id\":\"https:\/\/ewl.com.pl\/ewl\/en\/who-we-are\/for-investors\/#breadcrumb\"},\"inLanguage\":\"en-US\",\"potentialAction\":[{\"@type\":\"ReadAction\",\"target\":[\"https:\/\/ewl.com.pl\/ewl\/en\/who-we-are\/for-investors\/\"]}]},{\"@type\":\"BreadcrumbList\",\"@id\":\"https:\/\/ewl.com.pl\/ewl\/en\/who-we-are\/for-investors\/#breadcrumb\",\"itemListElement\":[{\"@type\":\"ListItem\",\"position\":1,\"name\":\"Home\",\"item\":\"https:\/\/ewl.com.pl\/ewl\/en\/\"},{\"@type\":\"ListItem\",\"position\":2,\"name\":\"Who we are\",\"item\":\"https:\/\/ewl.com.pl\/ewl\/en\/who-we-are\/\"},{\"@type\":\"ListItem\",\"position\":3,\"name\":\"For investors\"}]},{\"@type\":\"WebSite\",\"@id\":\"https:\/\/ewl.com.pl\/ewl\/en\/#website\",\"url\":\"https:\/\/ewl.com.pl\/ewl\/en\/\",\"name\":\"EWL Group\",\"description\":\"\",\"publisher\":{\"@id\":\"https:\/\/ewl.com.pl\/ewl\/en\/#organization\"},\"potentialAction\":[{\"@type\":\"SearchAction\",\"target\":{\"@type\":\"EntryPoint\",\"urlTemplate\":\"https:\/\/ewl.com.pl\/ewl\/en\/?s={search_term_string}\"},\"query-input\":{\"@type\":\"PropertyValueSpecification\",\"valueRequired\":true,\"valueName\":\"search_term_string\"}}],\"inLanguage\":\"en-US\"},{\"@type\":\"Organization\",\"@id\":\"https:\/\/ewl.com.pl\/ewl\/en\/#organization\",\"name\":\"EWL Group\",\"url\":\"https:\/\/ewl.com.pl\/ewl\/en\/\",\"logo\":{\"@type\":\"ImageObject\",\"inLanguage\":\"en-US\",\"@id\":\"https:\/\/ewl.com.pl\/ewl\/en\/#\/schema\/logo\/image\/\",\"url\":\"https:\/\/ewl.com.pl\/wp-content\/uploads\/2020\/06\/logo-white@2x.png\",\"contentUrl\":\"https:\/\/ewl.com.pl\/wp-content\/uploads\/2020\/06\/logo-white@2x.png\",\"width\":312,\"height\":130,\"caption\":\"EWL Group\"},\"image\":{\"@id\":\"https:\/\/ewl.com.pl\/ewl\/en\/#\/schema\/logo\/image\/\"}}]}<\/script>\n<!-- \/ Yoast SEO plugin. -->","yoast_head_json":{"title":"Agencja zatrudnienia - Informacje dla inwestor\u00f3w - EWL Group","description":"Jedna z najwi\u0119kszych agencji zatrudnienia cudzoziemc\u00f3w w Polsce. Sprawdzony i stabilny partner na rynku pracy obcokrajowc\u00f3w.","robots":{"index":"index","follow":"follow","max-snippet":"max-snippet:-1","max-image-preview":"max-image-preview:large","max-video-preview":"max-video-preview:-1"},"canonical":"https:\/\/ewl.com.pl\/ewl\/en\/who-we-are\/for-investors\/","og_locale":"en_US","og_type":"article","og_title":"Agencja zatrudnienia - Informacje dla inwestor\u00f3w - EWL Group","og_description":"Jedna z najwi\u0119kszych agencji zatrudnienia cudzoziemc\u00f3w w Polsce. Sprawdzony i stabilny partner na rynku pracy obcokrajowc\u00f3w.","og_url":"https:\/\/ewl.com.pl\/ewl\/en\/who-we-are\/for-investors\/","og_site_name":"EWL Group","article_modified_time":"2021-01-26T09:30:13+00:00","twitter_card":"summary_large_image","schema":{"@context":"https:\/\/schema.org","@graph":[{"@type":"WebPage","@id":"https:\/\/ewl.com.pl\/ewl\/en\/who-we-are\/for-investors\/","url":"https:\/\/ewl.com.pl\/ewl\/en\/who-we-are\/for-investors\/","name":"Agencja zatrudnienia - Informacje dla inwestor\u00f3w - EWL Group","isPartOf":{"@id":"https:\/\/ewl.com.pl\/ewl\/en\/#website"},"datePublished":"2020-05-15T10:40:58+00:00","dateModified":"2021-01-26T09:30:13+00:00","description":"Jedna z najwi\u0119kszych agencji zatrudnienia cudzoziemc\u00f3w w Polsce. Sprawdzony i stabilny partner na rynku pracy obcokrajowc\u00f3w.","breadcrumb":{"@id":"https:\/\/ewl.com.pl\/ewl\/en\/who-we-are\/for-investors\/#breadcrumb"},"inLanguage":"en-US","potentialAction":[{"@type":"ReadAction","target":["https:\/\/ewl.com.pl\/ewl\/en\/who-we-are\/for-investors\/"]}]},{"@type":"BreadcrumbList","@id":"https:\/\/ewl.com.pl\/ewl\/en\/who-we-are\/for-investors\/#breadcrumb","itemListElement":[{"@type":"ListItem","position":1,"name":"Home","item":"https:\/\/ewl.com.pl\/ewl\/en\/"},{"@type":"ListItem","position":2,"name":"Who we are","item":"https:\/\/ewl.com.pl\/ewl\/en\/who-we-are\/"},{"@type":"ListItem","position":3,"name":"For investors"}]},{"@type":"WebSite","@id":"https:\/\/ewl.com.pl\/ewl\/en\/#website","url":"https:\/\/ewl.com.pl\/ewl\/en\/","name":"EWL Group","description":"","publisher":{"@id":"https:\/\/ewl.com.pl\/ewl\/en\/#organization"},"potentialAction":[{"@type":"SearchAction","target":{"@type":"EntryPoint","urlTemplate":"https:\/\/ewl.com.pl\/ewl\/en\/?s={search_term_string}"},"query-input":{"@type":"PropertyValueSpecification","valueRequired":true,"valueName":"search_term_string"}}],"inLanguage":"en-US"},{"@type":"Organization","@id":"https:\/\/ewl.com.pl\/ewl\/en\/#organization","name":"EWL Group","url":"https:\/\/ewl.com.pl\/ewl\/en\/","logo":{"@type":"ImageObject","inLanguage":"en-US","@id":"https:\/\/ewl.com.pl\/ewl\/en\/#\/schema\/logo\/image\/","url":"https:\/\/ewl.com.pl\/wp-content\/uploads\/2020\/06\/logo-white@2x.png","contentUrl":"https:\/\/ewl.com.pl\/wp-content\/uploads\/2020\/06\/logo-white@2x.png","width":312,"height":130,"caption":"EWL Group"},"image":{"@id":"https:\/\/ewl.com.pl\/ewl\/en\/#\/schema\/logo\/image\/"}}]}},"_links":{"self":[{"href":"https:\/\/ewl.com.pl\/ewl\/en\/wp-json\/wp\/v2\/pages\/42986","targetHints":{"allow":["GET"]}}],"collection":[{"href":"https:\/\/ewl.com.pl\/ewl\/en\/wp-json\/wp\/v2\/pages"}],"about":[{"href":"https:\/\/ewl.com.pl\/ewl\/en\/wp-json\/wp\/v2\/types\/page"}],"author":[{"embeddable":true,"href":"https:\/\/ewl.com.pl\/ewl\/en\/wp-json\/wp\/v2\/users\/1"}],"replies":[{"embeddable":true,"href":"https:\/\/ewl.com.pl\/ewl\/en\/wp-json\/wp\/v2\/comments?post=42986"}],"version-history":[{"count":4,"href":"https:\/\/ewl.com.pl\/ewl\/en\/wp-json\/wp\/v2\/pages\/42986\/revisions"}],"predecessor-version":[{"id":43179,"href":"https:\/\/ewl.com.pl\/ewl\/en\/wp-json\/wp\/v2\/pages\/42986\/revisions\/43179"}],"up":[{"embeddable":true,"href":"https:\/\/ewl.com.pl\/ewl\/en\/wp-json\/wp\/v2\/pages\/42992"}],"wp:attachment":[{"href":"https:\/\/ewl.com.pl\/ewl\/en\/wp-json\/wp\/v2\/media?parent=42986"}],"curies":[{"name":"wp","href":"https:\/\/api.w.org\/{rel}","templated":true}]}}