{"id":72995,"date":"2023-05-26T08:48:10","date_gmt":"2023-05-26T06:48:10","guid":{"rendered":"https:\/\/ewl.com.pl\/?page_id=72995"},"modified":"2024-03-25T11:37:52","modified_gmt":"2024-03-25T10:37:52","slug":"grosshandel-mit-lebensmitteln","status":"publish","type":"page","link":"https:\/\/ewl.com.pl\/ewl\/de\/grosshandel-mit-lebensmitteln\/","title":{"rendered":"Effiziente Personalbeschaffung f\u00fcr den Lebensmittelgro\u00dfhandel"},"content":{"rendered":"","protected":false},"excerpt":{"rendered":"","protected":false},"author":37,"featured_media":0,"parent":0,"menu_order":0,"comment_status":"closed","ping_status":"closed","template":"","meta":{"_acf_changed":false,"footnotes":""},"class_list":["post-72995","page","type-page","status-publish","hentry"],"acf":[],"yoast_head":"<!-- This site is optimized with the Yoast SEO plugin v24.9 - https:\/\/yoast.com\/wordpress\/plugins\/seo\/ -->\n<title>Rekrutierung von Mitarbeitern im Lebensmittelgro\u00dfhandel - EWL.com.pl\/de\/<\/title>\n<meta name=\"description\" content=\"Schnelle und effiziente Rekrutierung von Mitarbeitern f\u00fcr den Lebensmittelgro\u00dfhandel. Mit EWL kommen die rekrutierten Mitarbeiter in Ihrem Unternehmen an, wann immer sie gebraucht werden. Wir laden Sie ein, sich unser Angebot anzuschauen.\" \/>\n<meta name=\"robots\" content=\"index, follow, max-snippet:-1, max-image-preview:large, max-video-preview:-1\" \/>\n<link rel=\"canonical\" href=\"https:\/\/ewl.com.pl\/ewl\/de\/grosshandel-mit-lebensmitteln\/\" \/>\n<meta property=\"og:locale\" content=\"de_DE\" \/>\n<meta property=\"og:type\" content=\"article\" \/>\n<meta property=\"og:title\" content=\"Pracownicy na produkcj\u0119 - rekrutacja, wynajem, outsourcing dla firm\" \/>\n<meta property=\"og:description\" content=\"Szybka i efektywna rekrutacja pracownik\u00f3w produkcyjnych. Dzi\u0119ki EWL, zrekrutowani pracownicy na produkcj\u0119 do\u0142\u0105cz\u0105 do Twojej firmy gdy tylko b\u0119d\u0105 potrzebni\" \/>\n<meta property=\"og:url\" content=\"https:\/\/ewl.com.pl\/ewl\/de\/grosshandel-mit-lebensmitteln\/\" \/>\n<meta property=\"og:site_name\" content=\"EWL Group\" \/>\n<meta property=\"article:modified_time\" content=\"2024-03-25T10:37:52+00:00\" \/>\n<meta property=\"og:image\" content=\"https:\/\/ewl.com.pl\/ewl\/wp-content\/uploads\/2021\/03\/pracownicy-na-produkcje-rekrutacja-cudzoziemcow.jpg\" \/>\n\t<meta property=\"og:image:width\" content=\"800\" \/>\n\t<meta property=\"og:image:height\" content=\"490\" \/>\n\t<meta property=\"og:image:type\" content=\"image\/jpeg\" \/>\n<meta name=\"twitter:card\" content=\"summary_large_image\" \/>\n<meta name=\"twitter:title\" content=\"Pracownicy na produkcj\u0119 - rekrutacja, wynajem, outsourcing dla firm\" \/>\n<meta name=\"twitter:description\" content=\"Szybka i efektywna rekrutacja pracownik\u00f3w produkcyjnych. Dzi\u0119ki EWL, zrekrutowani pracownicy na produkcj\u0119 do\u0142\u0105cz\u0105 do Twojej firmy gdy tylko b\u0119d\u0105 potrzebni\" \/>\n<meta name=\"twitter:image\" content=\"https:\/\/ewl.com.pl\/ewl\/wp-content\/uploads\/2021\/03\/pracownicy-na-produkcje-rekrutacja-cudzoziemcow.jpg\" \/>\n<script type=\"application\/ld+json\" class=\"yoast-schema-graph\">{\"@context\":\"https:\/\/schema.org\",\"@graph\":[{\"@type\":\"WebPage\",\"@id\":\"https:\/\/ewl.com.pl\/ewl\/de\/grosshandel-mit-lebensmitteln\/\",\"url\":\"https:\/\/ewl.com.pl\/ewl\/de\/grosshandel-mit-lebensmitteln\/\",\"name\":\"Rekrutierung von Mitarbeitern im Lebensmittelgro\u00dfhandel - EWL.com.pl\/de\/\",\"isPartOf\":{\"@id\":\"https:\/\/ewl.com.pl\/ewl\/de\/#website\"},\"datePublished\":\"2023-05-26T06:48:10+00:00\",\"dateModified\":\"2024-03-25T10:37:52+00:00\",\"description\":\"Schnelle und effiziente Rekrutierung von Mitarbeitern f\u00fcr den Lebensmittelgro\u00dfhandel. Mit EWL kommen die rekrutierten Mitarbeiter in Ihrem Unternehmen an, wann immer sie gebraucht werden. Wir laden Sie ein, sich unser Angebot anzuschauen.\",\"breadcrumb\":{\"@id\":\"https:\/\/ewl.com.pl\/ewl\/de\/grosshandel-mit-lebensmitteln\/#breadcrumb\"},\"inLanguage\":\"de-DE\",\"potentialAction\":[{\"@type\":\"ReadAction\",\"target\":[\"https:\/\/ewl.com.pl\/ewl\/de\/grosshandel-mit-lebensmitteln\/\"]}]},{\"@type\":\"BreadcrumbList\",\"@id\":\"https:\/\/ewl.com.pl\/ewl\/de\/grosshandel-mit-lebensmitteln\/#breadcrumb\",\"itemListElement\":[{\"@type\":\"ListItem\",\"position\":1,\"name\":\"Home\",\"item\":\"https:\/\/ewl.com.pl\/ewl\/de\/\"},{\"@type\":\"ListItem\",\"position\":2,\"name\":\"Effiziente Personalbeschaffung f\u00fcr den Lebensmittelgro\u00dfhandel\"}]},{\"@type\":\"WebSite\",\"@id\":\"https:\/\/ewl.com.pl\/ewl\/de\/#website\",\"url\":\"https:\/\/ewl.com.pl\/ewl\/de\/\",\"name\":\"EWL Group\",\"description\":\"\",\"publisher\":{\"@id\":\"https:\/\/ewl.com.pl\/ewl\/de\/#organization\"},\"potentialAction\":[{\"@type\":\"SearchAction\",\"target\":{\"@type\":\"EntryPoint\",\"urlTemplate\":\"https:\/\/ewl.com.pl\/ewl\/de\/?s={search_term_string}\"},\"query-input\":{\"@type\":\"PropertyValueSpecification\",\"valueRequired\":true,\"valueName\":\"search_term_string\"}}],\"inLanguage\":\"de-DE\"},{\"@type\":\"Organization\",\"@id\":\"https:\/\/ewl.com.pl\/ewl\/de\/#organization\",\"name\":\"EWL Group\",\"url\":\"https:\/\/ewl.com.pl\/ewl\/de\/\",\"logo\":{\"@type\":\"ImageObject\",\"inLanguage\":\"de-DE\",\"@id\":\"https:\/\/ewl.com.pl\/ewl\/de\/#\/schema\/logo\/image\/\",\"url\":\"https:\/\/ewl.com.pl\/wp-content\/uploads\/2020\/06\/logo-white@2x.png\",\"contentUrl\":\"https:\/\/ewl.com.pl\/wp-content\/uploads\/2020\/06\/logo-white@2x.png\",\"width\":312,\"height\":130,\"caption\":\"EWL Group\"},\"image\":{\"@id\":\"https:\/\/ewl.com.pl\/ewl\/de\/#\/schema\/logo\/image\/\"}}]}<\/script>\n<!-- \/ Yoast SEO plugin. -->","yoast_head_json":{"title":"Rekrutierung von Mitarbeitern im Lebensmittelgro\u00dfhandel - EWL.com.pl\/de\/","description":"Schnelle und effiziente Rekrutierung von Mitarbeitern f\u00fcr den Lebensmittelgro\u00dfhandel. Mit EWL kommen die rekrutierten Mitarbeiter in Ihrem Unternehmen an, wann immer sie gebraucht werden. Wir laden Sie ein, sich unser Angebot anzuschauen.","robots":{"index":"index","follow":"follow","max-snippet":"max-snippet:-1","max-image-preview":"max-image-preview:large","max-video-preview":"max-video-preview:-1"},"canonical":"https:\/\/ewl.com.pl\/ewl\/de\/grosshandel-mit-lebensmitteln\/","og_locale":"de_DE","og_type":"article","og_title":"Pracownicy na produkcj\u0119 - rekrutacja, wynajem, outsourcing dla firm","og_description":"Szybka i efektywna rekrutacja pracownik\u00f3w produkcyjnych. Dzi\u0119ki EWL, zrekrutowani pracownicy na produkcj\u0119 do\u0142\u0105cz\u0105 do Twojej firmy gdy tylko b\u0119d\u0105 potrzebni","og_url":"https:\/\/ewl.com.pl\/ewl\/de\/grosshandel-mit-lebensmitteln\/","og_site_name":"EWL Group","article_modified_time":"2024-03-25T10:37:52+00:00","og_image":[{"width":800,"height":490,"url":"https:\/\/ewl.com.pl\/ewl\/wp-content\/uploads\/2021\/03\/pracownicy-na-produkcje-rekrutacja-cudzoziemcow.jpg","type":"image\/jpeg"}],"twitter_card":"summary_large_image","twitter_title":"Pracownicy na produkcj\u0119 - rekrutacja, wynajem, outsourcing dla firm","twitter_description":"Szybka i efektywna rekrutacja pracownik\u00f3w produkcyjnych. Dzi\u0119ki EWL, zrekrutowani pracownicy na produkcj\u0119 do\u0142\u0105cz\u0105 do Twojej firmy gdy tylko b\u0119d\u0105 potrzebni","twitter_image":"https:\/\/ewl.com.pl\/ewl\/wp-content\/uploads\/2021\/03\/pracownicy-na-produkcje-rekrutacja-cudzoziemcow.jpg","schema":{"@context":"https:\/\/schema.org","@graph":[{"@type":"WebPage","@id":"https:\/\/ewl.com.pl\/ewl\/de\/grosshandel-mit-lebensmitteln\/","url":"https:\/\/ewl.com.pl\/ewl\/de\/grosshandel-mit-lebensmitteln\/","name":"Rekrutierung von Mitarbeitern im Lebensmittelgro\u00dfhandel - EWL.com.pl\/de\/","isPartOf":{"@id":"https:\/\/ewl.com.pl\/ewl\/de\/#website"},"datePublished":"2023-05-26T06:48:10+00:00","dateModified":"2024-03-25T10:37:52+00:00","description":"Schnelle und effiziente Rekrutierung von Mitarbeitern f\u00fcr den Lebensmittelgro\u00dfhandel. Mit EWL kommen die rekrutierten Mitarbeiter in Ihrem Unternehmen an, wann immer sie gebraucht werden. Wir laden Sie ein, sich unser Angebot anzuschauen.","breadcrumb":{"@id":"https:\/\/ewl.com.pl\/ewl\/de\/grosshandel-mit-lebensmitteln\/#breadcrumb"},"inLanguage":"de-DE","potentialAction":[{"@type":"ReadAction","target":["https:\/\/ewl.com.pl\/ewl\/de\/grosshandel-mit-lebensmitteln\/"]}]},{"@type":"BreadcrumbList","@id":"https:\/\/ewl.com.pl\/ewl\/de\/grosshandel-mit-lebensmitteln\/#breadcrumb","itemListElement":[{"@type":"ListItem","position":1,"name":"Home","item":"https:\/\/ewl.com.pl\/ewl\/de\/"},{"@type":"ListItem","position":2,"name":"Effiziente Personalbeschaffung f\u00fcr den Lebensmittelgro\u00dfhandel"}]},{"@type":"WebSite","@id":"https:\/\/ewl.com.pl\/ewl\/de\/#website","url":"https:\/\/ewl.com.pl\/ewl\/de\/","name":"EWL Group","description":"","publisher":{"@id":"https:\/\/ewl.com.pl\/ewl\/de\/#organization"},"potentialAction":[{"@type":"SearchAction","target":{"@type":"EntryPoint","urlTemplate":"https:\/\/ewl.com.pl\/ewl\/de\/?s={search_term_string}"},"query-input":{"@type":"PropertyValueSpecification","valueRequired":true,"valueName":"search_term_string"}}],"inLanguage":"de-DE"},{"@type":"Organization","@id":"https:\/\/ewl.com.pl\/ewl\/de\/#organization","name":"EWL Group","url":"https:\/\/ewl.com.pl\/ewl\/de\/","logo":{"@type":"ImageObject","inLanguage":"de-DE","@id":"https:\/\/ewl.com.pl\/ewl\/de\/#\/schema\/logo\/image\/","url":"https:\/\/ewl.com.pl\/wp-content\/uploads\/2020\/06\/logo-white@2x.png","contentUrl":"https:\/\/ewl.com.pl\/wp-content\/uploads\/2020\/06\/logo-white@2x.png","width":312,"height":130,"caption":"EWL Group"},"image":{"@id":"https:\/\/ewl.com.pl\/ewl\/de\/#\/schema\/logo\/image\/"}}]}},"_links":{"self":[{"href":"https:\/\/ewl.com.pl\/ewl\/de\/wp-json\/wp\/v2\/pages\/72995","targetHints":{"allow":["GET"]}}],"collection":[{"href":"https:\/\/ewl.com.pl\/ewl\/de\/wp-json\/wp\/v2\/pages"}],"about":[{"href":"https:\/\/ewl.com.pl\/ewl\/de\/wp-json\/wp\/v2\/types\/page"}],"author":[{"embeddable":true,"href":"https:\/\/ewl.com.pl\/ewl\/de\/wp-json\/wp\/v2\/users\/37"}],"replies":[{"embeddable":true,"href":"https:\/\/ewl.com.pl\/ewl\/de\/wp-json\/wp\/v2\/comments?post=72995"}],"version-history":[{"count":6,"href":"https:\/\/ewl.com.pl\/ewl\/de\/wp-json\/wp\/v2\/pages\/72995\/revisions"}],"predecessor-version":[{"id":83433,"href":"https:\/\/ewl.com.pl\/ewl\/de\/wp-json\/wp\/v2\/pages\/72995\/revisions\/83433"}],"wp:attachment":[{"href":"https:\/\/ewl.com.pl\/ewl\/de\/wp-json\/wp\/v2\/media?parent=72995"}],"curies":[{"name":"wp","href":"https:\/\/api.w.org\/{rel}","templated":true}]}}