{"id":66420,"date":"2022-07-08T16:38:58","date_gmt":"2022-07-08T14:38:58","guid":{"rendered":"https:\/\/ewl.com.pl\/case-study\/agencja-zatrudnienia-ewl-pomaga-zachowac-ciaglosc-produkcji-w-trudnej-branzy-spozywczej\/"},"modified":"2022-09-28T09:24:05","modified_gmt":"2022-09-28T07:24:05","slug":"die-arbeitsagentur-hilft-bei-der-aufrechterhaltung-der-produktionskontinuitat-in-der-lebensmittelbranche","status":"publish","type":"page","link":"https:\/\/ewl.com.pl\/ewl\/de\/case-study\/die-arbeitsagentur-hilft-bei-der-aufrechterhaltung-der-produktionskontinuitat-in-der-lebensmittelbranche\/","title":{"rendered":"Die Arbeitsagentur EWL hilft bei der Aufrechterhaltung der Produktionskontinuit\u00e4t in der schwierigen Lebensmittelbranche"},"content":{"rendered":"","protected":false},"excerpt":{"rendered":"","protected":false},"author":42,"featured_media":0,"parent":52399,"menu_order":0,"comment_status":"closed","ping_status":"closed","template":"info.php","meta":{"_acf_changed":false,"footnotes":""},"class_list":["post-66420","page","type-page","status-publish","hentry"],"acf":[],"yoast_head":"<!-- This site is optimized with the Yoast SEO plugin v24.9 - https:\/\/yoast.com\/wordpress\/plugins\/seo\/ -->\n<title>Aufrechterhaltung der Produktionskontinuit\u00e4t in der Lebensmittelbranche<\/title>\n<meta name=\"description\" content=\"Durch die Zusammenarbeit mit EWL hat eines der f\u00fchrenden Unternehmen der Gefl\u00fcgelbranche seinen Personalbedarf gesichert.\" \/>\n<meta name=\"robots\" content=\"index, follow, max-snippet:-1, max-image-preview:large, max-video-preview:-1\" \/>\n<link rel=\"canonical\" href=\"https:\/\/ewl.com.pl\/ewl\/de\/case-study\/die-arbeitsagentur-hilft-bei-der-aufrechterhaltung-der-produktionskontinuitat-in-der-lebensmittelbranche\/\" \/>\n<meta property=\"og:locale\" content=\"de_DE\" \/>\n<meta property=\"og:type\" content=\"article\" \/>\n<meta property=\"og:title\" content=\"Aufrechterhaltung der Produktionskontinuit\u00e4t in der Lebensmittelbranche\" \/>\n<meta property=\"og:description\" content=\"Durch die Zusammenarbeit mit EWL hat eines der f\u00fchrenden Unternehmen der Gefl\u00fcgelbranche seinen Personalbedarf gesichert.\" \/>\n<meta property=\"og:url\" content=\"https:\/\/ewl.com.pl\/ewl\/de\/case-study\/die-arbeitsagentur-hilft-bei-der-aufrechterhaltung-der-produktionskontinuitat-in-der-lebensmittelbranche\/\" \/>\n<meta property=\"og:site_name\" content=\"EWL Group\" \/>\n<meta property=\"article:modified_time\" content=\"2022-09-28T07:24:05+00:00\" \/>\n<meta name=\"twitter:card\" content=\"summary_large_image\" \/>\n<script type=\"application\/ld+json\" class=\"yoast-schema-graph\">{\"@context\":\"https:\/\/schema.org\",\"@graph\":[{\"@type\":\"WebPage\",\"@id\":\"https:\/\/ewl.com.pl\/ewl\/de\/case-study\/die-arbeitsagentur-hilft-bei-der-aufrechterhaltung-der-produktionskontinuitat-in-der-lebensmittelbranche\/\",\"url\":\"https:\/\/ewl.com.pl\/ewl\/de\/case-study\/die-arbeitsagentur-hilft-bei-der-aufrechterhaltung-der-produktionskontinuitat-in-der-lebensmittelbranche\/\",\"name\":\"Aufrechterhaltung der Produktionskontinuit\u00e4t in der Lebensmittelbranche\",\"isPartOf\":{\"@id\":\"https:\/\/ewl.com.pl\/ewl\/de\/#website\"},\"datePublished\":\"2022-07-08T14:38:58+00:00\",\"dateModified\":\"2022-09-28T07:24:05+00:00\",\"description\":\"Durch die Zusammenarbeit mit EWL hat eines der f\u00fchrenden Unternehmen der Gefl\u00fcgelbranche seinen Personalbedarf gesichert.\",\"breadcrumb\":{\"@id\":\"https:\/\/ewl.com.pl\/ewl\/de\/case-study\/die-arbeitsagentur-hilft-bei-der-aufrechterhaltung-der-produktionskontinuitat-in-der-lebensmittelbranche\/#breadcrumb\"},\"inLanguage\":\"de-DE\",\"potentialAction\":[{\"@type\":\"ReadAction\",\"target\":[\"https:\/\/ewl.com.pl\/ewl\/de\/case-study\/die-arbeitsagentur-hilft-bei-der-aufrechterhaltung-der-produktionskontinuitat-in-der-lebensmittelbranche\/\"]}]},{\"@type\":\"BreadcrumbList\",\"@id\":\"https:\/\/ewl.com.pl\/ewl\/de\/case-study\/die-arbeitsagentur-hilft-bei-der-aufrechterhaltung-der-produktionskontinuitat-in-der-lebensmittelbranche\/#breadcrumb\",\"itemListElement\":[{\"@type\":\"ListItem\",\"position\":1,\"name\":\"Home\",\"item\":\"https:\/\/ewl.com.pl\/ewl\/de\/\"},{\"@type\":\"ListItem\",\"position\":2,\"name\":\"Case study\",\"item\":\"https:\/\/ewl.com.pl\/ewl\/de\/case-study\/\"},{\"@type\":\"ListItem\",\"position\":3,\"name\":\"Die Arbeitsagentur EWL hilft bei der Aufrechterhaltung der Produktionskontinuit\u00e4t in der schwierigen Lebensmittelbranche\"}]},{\"@type\":\"WebSite\",\"@id\":\"https:\/\/ewl.com.pl\/ewl\/de\/#website\",\"url\":\"https:\/\/ewl.com.pl\/ewl\/de\/\",\"name\":\"EWL Group\",\"description\":\"\",\"publisher\":{\"@id\":\"https:\/\/ewl.com.pl\/ewl\/de\/#organization\"},\"potentialAction\":[{\"@type\":\"SearchAction\",\"target\":{\"@type\":\"EntryPoint\",\"urlTemplate\":\"https:\/\/ewl.com.pl\/ewl\/de\/?s={search_term_string}\"},\"query-input\":{\"@type\":\"PropertyValueSpecification\",\"valueRequired\":true,\"valueName\":\"search_term_string\"}}],\"inLanguage\":\"de-DE\"},{\"@type\":\"Organization\",\"@id\":\"https:\/\/ewl.com.pl\/ewl\/de\/#organization\",\"name\":\"EWL Group\",\"url\":\"https:\/\/ewl.com.pl\/ewl\/de\/\",\"logo\":{\"@type\":\"ImageObject\",\"inLanguage\":\"de-DE\",\"@id\":\"https:\/\/ewl.com.pl\/ewl\/de\/#\/schema\/logo\/image\/\",\"url\":\"https:\/\/ewl.com.pl\/wp-content\/uploads\/2020\/06\/logo-white@2x.png\",\"contentUrl\":\"https:\/\/ewl.com.pl\/wp-content\/uploads\/2020\/06\/logo-white@2x.png\",\"width\":312,\"height\":130,\"caption\":\"EWL Group\"},\"image\":{\"@id\":\"https:\/\/ewl.com.pl\/ewl\/de\/#\/schema\/logo\/image\/\"}}]}<\/script>\n<!-- \/ Yoast SEO plugin. -->","yoast_head_json":{"title":"Aufrechterhaltung der Produktionskontinuit\u00e4t in der Lebensmittelbranche","description":"Durch die Zusammenarbeit mit EWL hat eines der f\u00fchrenden Unternehmen der Gefl\u00fcgelbranche seinen Personalbedarf gesichert.","robots":{"index":"index","follow":"follow","max-snippet":"max-snippet:-1","max-image-preview":"max-image-preview:large","max-video-preview":"max-video-preview:-1"},"canonical":"https:\/\/ewl.com.pl\/ewl\/de\/case-study\/die-arbeitsagentur-hilft-bei-der-aufrechterhaltung-der-produktionskontinuitat-in-der-lebensmittelbranche\/","og_locale":"de_DE","og_type":"article","og_title":"Aufrechterhaltung der Produktionskontinuit\u00e4t in der Lebensmittelbranche","og_description":"Durch die Zusammenarbeit mit EWL hat eines der f\u00fchrenden Unternehmen der Gefl\u00fcgelbranche seinen Personalbedarf gesichert.","og_url":"https:\/\/ewl.com.pl\/ewl\/de\/case-study\/die-arbeitsagentur-hilft-bei-der-aufrechterhaltung-der-produktionskontinuitat-in-der-lebensmittelbranche\/","og_site_name":"EWL Group","article_modified_time":"2022-09-28T07:24:05+00:00","twitter_card":"summary_large_image","schema":{"@context":"https:\/\/schema.org","@graph":[{"@type":"WebPage","@id":"https:\/\/ewl.com.pl\/ewl\/de\/case-study\/die-arbeitsagentur-hilft-bei-der-aufrechterhaltung-der-produktionskontinuitat-in-der-lebensmittelbranche\/","url":"https:\/\/ewl.com.pl\/ewl\/de\/case-study\/die-arbeitsagentur-hilft-bei-der-aufrechterhaltung-der-produktionskontinuitat-in-der-lebensmittelbranche\/","name":"Aufrechterhaltung der Produktionskontinuit\u00e4t in der Lebensmittelbranche","isPartOf":{"@id":"https:\/\/ewl.com.pl\/ewl\/de\/#website"},"datePublished":"2022-07-08T14:38:58+00:00","dateModified":"2022-09-28T07:24:05+00:00","description":"Durch die Zusammenarbeit mit EWL hat eines der f\u00fchrenden Unternehmen der Gefl\u00fcgelbranche seinen Personalbedarf gesichert.","breadcrumb":{"@id":"https:\/\/ewl.com.pl\/ewl\/de\/case-study\/die-arbeitsagentur-hilft-bei-der-aufrechterhaltung-der-produktionskontinuitat-in-der-lebensmittelbranche\/#breadcrumb"},"inLanguage":"de-DE","potentialAction":[{"@type":"ReadAction","target":["https:\/\/ewl.com.pl\/ewl\/de\/case-study\/die-arbeitsagentur-hilft-bei-der-aufrechterhaltung-der-produktionskontinuitat-in-der-lebensmittelbranche\/"]}]},{"@type":"BreadcrumbList","@id":"https:\/\/ewl.com.pl\/ewl\/de\/case-study\/die-arbeitsagentur-hilft-bei-der-aufrechterhaltung-der-produktionskontinuitat-in-der-lebensmittelbranche\/#breadcrumb","itemListElement":[{"@type":"ListItem","position":1,"name":"Home","item":"https:\/\/ewl.com.pl\/ewl\/de\/"},{"@type":"ListItem","position":2,"name":"Case study","item":"https:\/\/ewl.com.pl\/ewl\/de\/case-study\/"},{"@type":"ListItem","position":3,"name":"Die Arbeitsagentur EWL hilft bei der Aufrechterhaltung der Produktionskontinuit\u00e4t in der schwierigen Lebensmittelbranche"}]},{"@type":"WebSite","@id":"https:\/\/ewl.com.pl\/ewl\/de\/#website","url":"https:\/\/ewl.com.pl\/ewl\/de\/","name":"EWL Group","description":"","publisher":{"@id":"https:\/\/ewl.com.pl\/ewl\/de\/#organization"},"potentialAction":[{"@type":"SearchAction","target":{"@type":"EntryPoint","urlTemplate":"https:\/\/ewl.com.pl\/ewl\/de\/?s={search_term_string}"},"query-input":{"@type":"PropertyValueSpecification","valueRequired":true,"valueName":"search_term_string"}}],"inLanguage":"de-DE"},{"@type":"Organization","@id":"https:\/\/ewl.com.pl\/ewl\/de\/#organization","name":"EWL Group","url":"https:\/\/ewl.com.pl\/ewl\/de\/","logo":{"@type":"ImageObject","inLanguage":"de-DE","@id":"https:\/\/ewl.com.pl\/ewl\/de\/#\/schema\/logo\/image\/","url":"https:\/\/ewl.com.pl\/wp-content\/uploads\/2020\/06\/logo-white@2x.png","contentUrl":"https:\/\/ewl.com.pl\/wp-content\/uploads\/2020\/06\/logo-white@2x.png","width":312,"height":130,"caption":"EWL Group"},"image":{"@id":"https:\/\/ewl.com.pl\/ewl\/de\/#\/schema\/logo\/image\/"}}]}},"_links":{"self":[{"href":"https:\/\/ewl.com.pl\/ewl\/de\/wp-json\/wp\/v2\/pages\/66420","targetHints":{"allow":["GET"]}}],"collection":[{"href":"https:\/\/ewl.com.pl\/ewl\/de\/wp-json\/wp\/v2\/pages"}],"about":[{"href":"https:\/\/ewl.com.pl\/ewl\/de\/wp-json\/wp\/v2\/types\/page"}],"author":[{"embeddable":true,"href":"https:\/\/ewl.com.pl\/ewl\/de\/wp-json\/wp\/v2\/users\/42"}],"replies":[{"embeddable":true,"href":"https:\/\/ewl.com.pl\/ewl\/de\/wp-json\/wp\/v2\/comments?post=66420"}],"version-history":[{"count":5,"href":"https:\/\/ewl.com.pl\/ewl\/de\/wp-json\/wp\/v2\/pages\/66420\/revisions"}],"predecessor-version":[{"id":66450,"href":"https:\/\/ewl.com.pl\/ewl\/de\/wp-json\/wp\/v2\/pages\/66420\/revisions\/66450"}],"up":[{"embeddable":true,"href":"https:\/\/ewl.com.pl\/ewl\/de\/wp-json\/wp\/v2\/pages\/52399"}],"wp:attachment":[{"href":"https:\/\/ewl.com.pl\/ewl\/de\/wp-json\/wp\/v2\/media?parent=66420"}],"curies":[{"name":"wp","href":"https:\/\/api.w.org\/{rel}","templated":true}]}}