{"id":55743,"date":"2022-03-08T16:02:10","date_gmt":"2022-03-08T15:02:10","guid":{"rendered":"https:\/\/ewl.com.pl\/case-study\/kompleksowa-pomoc-w-zatrudnianiu-cudzoziemcow\/"},"modified":"2022-04-12T15:24:45","modified_gmt":"2022-04-12T13:24:45","slug":"wie-kann-eine-umfassende-unterstuetzung-bei-der-beschaeftigung-von-auslaendern-gewaehrleistet-werden","status":"publish","type":"page","link":"https:\/\/ewl.com.pl\/ewl\/de\/case-study\/wie-kann-eine-umfassende-unterstuetzung-bei-der-beschaeftigung-von-auslaendern-gewaehrleistet-werden\/","title":{"rendered":"Wie kann eine umfassende Unterst\u00fctzung bei der Besch\u00e4ftigung von Ausl\u00e4ndern gew\u00e4hrleistet werden?"},"content":{"rendered":"","protected":false},"excerpt":{"rendered":"","protected":false},"author":42,"featured_media":0,"parent":52399,"menu_order":0,"comment_status":"closed","ping_status":"closed","template":"info.php","meta":{"_acf_changed":false,"footnotes":""},"class_list":["post-55743","page","type-page","status-publish","hentry"],"acf":[],"yoast_head":"<!-- This site is optimized with the Yoast SEO plugin v24.9 - https:\/\/yoast.com\/wordpress\/plugins\/seo\/ -->\n<title>Wie kann eine umfassende Unterst\u00fctzung bei der Besch\u00e4ftigung von Ausl\u00e4ndern sichergestellt werden?<\/title>\n<meta name=\"description\" content=\"Eine Fallstudie einer der EWL-Implementierungen f\u00fcr ein Unternehmen aus der HoReCa-Branche. Pr\u00fcfen Sie, wie EWL-Services und -L\u00f6sungen helfen, Ihr Gesch\u00e4ft zu verbessern!\" \/>\n<meta name=\"robots\" content=\"index, follow, max-snippet:-1, max-image-preview:large, max-video-preview:-1\" \/>\n<link rel=\"canonical\" href=\"https:\/\/ewl.com.pl\/ewl\/de\/case-study\/wie-kann-eine-umfassende-unterstuetzung-bei-der-beschaeftigung-von-auslaendern-gewaehrleistet-werden\/\" \/>\n<meta property=\"og:locale\" content=\"de_DE\" \/>\n<meta property=\"og:type\" content=\"article\" \/>\n<meta property=\"og:title\" content=\"Wie kann eine umfassende Unterst\u00fctzung bei der Besch\u00e4ftigung von Ausl\u00e4ndern sichergestellt werden?\" \/>\n<meta property=\"og:description\" content=\"Eine Fallstudie einer der EWL-Implementierungen f\u00fcr ein Unternehmen aus der HoReCa-Branche. Pr\u00fcfen Sie, wie EWL-Services und -L\u00f6sungen helfen, Ihr Gesch\u00e4ft zu verbessern!\" \/>\n<meta property=\"og:url\" content=\"https:\/\/ewl.com.pl\/ewl\/de\/case-study\/wie-kann-eine-umfassende-unterstuetzung-bei-der-beschaeftigung-von-auslaendern-gewaehrleistet-werden\/\" \/>\n<meta property=\"og:site_name\" content=\"EWL Group\" \/>\n<meta property=\"article:modified_time\" content=\"2022-04-12T13:24:45+00:00\" \/>\n<meta name=\"twitter:card\" content=\"summary_large_image\" \/>\n<script type=\"application\/ld+json\" class=\"yoast-schema-graph\">{\"@context\":\"https:\/\/schema.org\",\"@graph\":[{\"@type\":\"WebPage\",\"@id\":\"https:\/\/ewl.com.pl\/ewl\/de\/case-study\/wie-kann-eine-umfassende-unterstuetzung-bei-der-beschaeftigung-von-auslaendern-gewaehrleistet-werden\/\",\"url\":\"https:\/\/ewl.com.pl\/ewl\/de\/case-study\/wie-kann-eine-umfassende-unterstuetzung-bei-der-beschaeftigung-von-auslaendern-gewaehrleistet-werden\/\",\"name\":\"Wie kann eine umfassende Unterst\u00fctzung bei der Besch\u00e4ftigung von Ausl\u00e4ndern sichergestellt werden?\",\"isPartOf\":{\"@id\":\"https:\/\/ewl.com.pl\/ewl\/de\/#website\"},\"datePublished\":\"2022-03-08T15:02:10+00:00\",\"dateModified\":\"2022-04-12T13:24:45+00:00\",\"description\":\"Eine Fallstudie einer der EWL-Implementierungen f\u00fcr ein Unternehmen aus der HoReCa-Branche. Pr\u00fcfen Sie, wie EWL-Services und -L\u00f6sungen helfen, Ihr Gesch\u00e4ft zu verbessern!\",\"breadcrumb\":{\"@id\":\"https:\/\/ewl.com.pl\/ewl\/de\/case-study\/wie-kann-eine-umfassende-unterstuetzung-bei-der-beschaeftigung-von-auslaendern-gewaehrleistet-werden\/#breadcrumb\"},\"inLanguage\":\"de-DE\",\"potentialAction\":[{\"@type\":\"ReadAction\",\"target\":[\"https:\/\/ewl.com.pl\/ewl\/de\/case-study\/wie-kann-eine-umfassende-unterstuetzung-bei-der-beschaeftigung-von-auslaendern-gewaehrleistet-werden\/\"]}]},{\"@type\":\"BreadcrumbList\",\"@id\":\"https:\/\/ewl.com.pl\/ewl\/de\/case-study\/wie-kann-eine-umfassende-unterstuetzung-bei-der-beschaeftigung-von-auslaendern-gewaehrleistet-werden\/#breadcrumb\",\"itemListElement\":[{\"@type\":\"ListItem\",\"position\":1,\"name\":\"Home\",\"item\":\"https:\/\/ewl.com.pl\/ewl\/de\/\"},{\"@type\":\"ListItem\",\"position\":2,\"name\":\"Case study\",\"item\":\"https:\/\/ewl.com.pl\/ewl\/de\/case-study\/\"},{\"@type\":\"ListItem\",\"position\":3,\"name\":\"Wie kann eine umfassende Unterst\u00fctzung bei der Besch\u00e4ftigung von Ausl\u00e4ndern gew\u00e4hrleistet werden?\"}]},{\"@type\":\"WebSite\",\"@id\":\"https:\/\/ewl.com.pl\/ewl\/de\/#website\",\"url\":\"https:\/\/ewl.com.pl\/ewl\/de\/\",\"name\":\"EWL Group\",\"description\":\"\",\"publisher\":{\"@id\":\"https:\/\/ewl.com.pl\/ewl\/de\/#organization\"},\"potentialAction\":[{\"@type\":\"SearchAction\",\"target\":{\"@type\":\"EntryPoint\",\"urlTemplate\":\"https:\/\/ewl.com.pl\/ewl\/de\/?s={search_term_string}\"},\"query-input\":{\"@type\":\"PropertyValueSpecification\",\"valueRequired\":true,\"valueName\":\"search_term_string\"}}],\"inLanguage\":\"de-DE\"},{\"@type\":\"Organization\",\"@id\":\"https:\/\/ewl.com.pl\/ewl\/de\/#organization\",\"name\":\"EWL Group\",\"url\":\"https:\/\/ewl.com.pl\/ewl\/de\/\",\"logo\":{\"@type\":\"ImageObject\",\"inLanguage\":\"de-DE\",\"@id\":\"https:\/\/ewl.com.pl\/ewl\/de\/#\/schema\/logo\/image\/\",\"url\":\"https:\/\/ewl.com.pl\/wp-content\/uploads\/2020\/06\/logo-white@2x.png\",\"contentUrl\":\"https:\/\/ewl.com.pl\/wp-content\/uploads\/2020\/06\/logo-white@2x.png\",\"width\":312,\"height\":130,\"caption\":\"EWL Group\"},\"image\":{\"@id\":\"https:\/\/ewl.com.pl\/ewl\/de\/#\/schema\/logo\/image\/\"}}]}<\/script>\n<!-- \/ Yoast SEO plugin. -->","yoast_head_json":{"title":"Wie kann eine umfassende Unterst\u00fctzung bei der Besch\u00e4ftigung von Ausl\u00e4ndern sichergestellt werden?","description":"Eine Fallstudie einer der EWL-Implementierungen f\u00fcr ein Unternehmen aus der HoReCa-Branche. Pr\u00fcfen Sie, wie EWL-Services und -L\u00f6sungen helfen, Ihr Gesch\u00e4ft zu verbessern!","robots":{"index":"index","follow":"follow","max-snippet":"max-snippet:-1","max-image-preview":"max-image-preview:large","max-video-preview":"max-video-preview:-1"},"canonical":"https:\/\/ewl.com.pl\/ewl\/de\/case-study\/wie-kann-eine-umfassende-unterstuetzung-bei-der-beschaeftigung-von-auslaendern-gewaehrleistet-werden\/","og_locale":"de_DE","og_type":"article","og_title":"Wie kann eine umfassende Unterst\u00fctzung bei der Besch\u00e4ftigung von Ausl\u00e4ndern sichergestellt werden?","og_description":"Eine Fallstudie einer der EWL-Implementierungen f\u00fcr ein Unternehmen aus der HoReCa-Branche. Pr\u00fcfen Sie, wie EWL-Services und -L\u00f6sungen helfen, Ihr Gesch\u00e4ft zu verbessern!","og_url":"https:\/\/ewl.com.pl\/ewl\/de\/case-study\/wie-kann-eine-umfassende-unterstuetzung-bei-der-beschaeftigung-von-auslaendern-gewaehrleistet-werden\/","og_site_name":"EWL Group","article_modified_time":"2022-04-12T13:24:45+00:00","twitter_card":"summary_large_image","schema":{"@context":"https:\/\/schema.org","@graph":[{"@type":"WebPage","@id":"https:\/\/ewl.com.pl\/ewl\/de\/case-study\/wie-kann-eine-umfassende-unterstuetzung-bei-der-beschaeftigung-von-auslaendern-gewaehrleistet-werden\/","url":"https:\/\/ewl.com.pl\/ewl\/de\/case-study\/wie-kann-eine-umfassende-unterstuetzung-bei-der-beschaeftigung-von-auslaendern-gewaehrleistet-werden\/","name":"Wie kann eine umfassende Unterst\u00fctzung bei der Besch\u00e4ftigung von Ausl\u00e4ndern sichergestellt werden?","isPartOf":{"@id":"https:\/\/ewl.com.pl\/ewl\/de\/#website"},"datePublished":"2022-03-08T15:02:10+00:00","dateModified":"2022-04-12T13:24:45+00:00","description":"Eine Fallstudie einer der EWL-Implementierungen f\u00fcr ein Unternehmen aus der HoReCa-Branche. Pr\u00fcfen Sie, wie EWL-Services und -L\u00f6sungen helfen, Ihr Gesch\u00e4ft zu verbessern!","breadcrumb":{"@id":"https:\/\/ewl.com.pl\/ewl\/de\/case-study\/wie-kann-eine-umfassende-unterstuetzung-bei-der-beschaeftigung-von-auslaendern-gewaehrleistet-werden\/#breadcrumb"},"inLanguage":"de-DE","potentialAction":[{"@type":"ReadAction","target":["https:\/\/ewl.com.pl\/ewl\/de\/case-study\/wie-kann-eine-umfassende-unterstuetzung-bei-der-beschaeftigung-von-auslaendern-gewaehrleistet-werden\/"]}]},{"@type":"BreadcrumbList","@id":"https:\/\/ewl.com.pl\/ewl\/de\/case-study\/wie-kann-eine-umfassende-unterstuetzung-bei-der-beschaeftigung-von-auslaendern-gewaehrleistet-werden\/#breadcrumb","itemListElement":[{"@type":"ListItem","position":1,"name":"Home","item":"https:\/\/ewl.com.pl\/ewl\/de\/"},{"@type":"ListItem","position":2,"name":"Case study","item":"https:\/\/ewl.com.pl\/ewl\/de\/case-study\/"},{"@type":"ListItem","position":3,"name":"Wie kann eine umfassende Unterst\u00fctzung bei der Besch\u00e4ftigung von Ausl\u00e4ndern gew\u00e4hrleistet werden?"}]},{"@type":"WebSite","@id":"https:\/\/ewl.com.pl\/ewl\/de\/#website","url":"https:\/\/ewl.com.pl\/ewl\/de\/","name":"EWL Group","description":"","publisher":{"@id":"https:\/\/ewl.com.pl\/ewl\/de\/#organization"},"potentialAction":[{"@type":"SearchAction","target":{"@type":"EntryPoint","urlTemplate":"https:\/\/ewl.com.pl\/ewl\/de\/?s={search_term_string}"},"query-input":{"@type":"PropertyValueSpecification","valueRequired":true,"valueName":"search_term_string"}}],"inLanguage":"de-DE"},{"@type":"Organization","@id":"https:\/\/ewl.com.pl\/ewl\/de\/#organization","name":"EWL Group","url":"https:\/\/ewl.com.pl\/ewl\/de\/","logo":{"@type":"ImageObject","inLanguage":"de-DE","@id":"https:\/\/ewl.com.pl\/ewl\/de\/#\/schema\/logo\/image\/","url":"https:\/\/ewl.com.pl\/wp-content\/uploads\/2020\/06\/logo-white@2x.png","contentUrl":"https:\/\/ewl.com.pl\/wp-content\/uploads\/2020\/06\/logo-white@2x.png","width":312,"height":130,"caption":"EWL Group"},"image":{"@id":"https:\/\/ewl.com.pl\/ewl\/de\/#\/schema\/logo\/image\/"}}]}},"_links":{"self":[{"href":"https:\/\/ewl.com.pl\/ewl\/de\/wp-json\/wp\/v2\/pages\/55743","targetHints":{"allow":["GET"]}}],"collection":[{"href":"https:\/\/ewl.com.pl\/ewl\/de\/wp-json\/wp\/v2\/pages"}],"about":[{"href":"https:\/\/ewl.com.pl\/ewl\/de\/wp-json\/wp\/v2\/types\/page"}],"author":[{"embeddable":true,"href":"https:\/\/ewl.com.pl\/ewl\/de\/wp-json\/wp\/v2\/users\/42"}],"replies":[{"embeddable":true,"href":"https:\/\/ewl.com.pl\/ewl\/de\/wp-json\/wp\/v2\/comments?post=55743"}],"version-history":[{"count":4,"href":"https:\/\/ewl.com.pl\/ewl\/de\/wp-json\/wp\/v2\/pages\/55743\/revisions"}],"predecessor-version":[{"id":55774,"href":"https:\/\/ewl.com.pl\/ewl\/de\/wp-json\/wp\/v2\/pages\/55743\/revisions\/55774"}],"up":[{"embeddable":true,"href":"https:\/\/ewl.com.pl\/ewl\/de\/wp-json\/wp\/v2\/pages\/52399"}],"wp:attachment":[{"href":"https:\/\/ewl.com.pl\/ewl\/de\/wp-json\/wp\/v2\/media?parent=55743"}],"curies":[{"name":"wp","href":"https:\/\/api.w.org\/{rel}","templated":true}]}}