{"id":55664,"date":"2022-01-18T08:05:27","date_gmt":"2022-01-18T07:05:27","guid":{"rendered":"https:\/\/ewl.com.pl\/legalisierung-von-arbeitsauslaendern\/pakiet-uslug-legalizacji-zatrudnienia\/"},"modified":"2022-04-13T11:27:42","modified_gmt":"2022-04-13T09:27:42","slug":"paket-von-legalisierungsdienstleistungen","status":"publish","type":"page","link":"https:\/\/ewl.com.pl\/ewl\/de\/legalisierung-von-arbeitsauslaendern\/paket-von-legalisierungsdienstleistungen\/","title":{"rendered":"Paket von Legalisierungsdienstleistungen"},"content":{"rendered":"","protected":false},"excerpt":{"rendered":"","protected":false},"author":42,"featured_media":0,"parent":47128,"menu_order":0,"comment_status":"closed","ping_status":"closed","template":"","meta":{"_acf_changed":false,"footnotes":""},"class_list":["post-55664","page","type-page","status-publish","hentry"],"acf":[],"yoast_head":"<!-- This site is optimized with the Yoast SEO plugin v24.9 - https:\/\/yoast.com\/wordpress\/plugins\/seo\/ -->\n<title>Dienstleistungspakete zur Legalisierung f\u00fcr mittlere und gro\u00dfe Unternehmen - EWL Group<\/title>\n<meta name=\"description\" content=\"Um den Bed\u00fcrfnissen der Unternehmen in Polen gerecht zu werden, haben wir drei Varianten von Legalisierungsdienstleistungen f\u00fcr mittlere und gro\u00dfe Unternehmen entwickelt\" \/>\n<meta name=\"robots\" content=\"index, follow, max-snippet:-1, max-image-preview:large, max-video-preview:-1\" \/>\n<link rel=\"canonical\" href=\"https:\/\/ewl.com.pl\/ewl\/de\/legalisierung-von-arbeitsauslaendern\/paket-von-legalisierungsdienstleistungen\/\" \/>\n<meta property=\"og:locale\" content=\"de_DE\" \/>\n<meta property=\"og:type\" content=\"article\" \/>\n<meta property=\"og:title\" content=\"Dienstleistungspakete zur Legalisierung f\u00fcr mittlere und gro\u00dfe Unternehmen - EWL Group\" \/>\n<meta property=\"og:description\" content=\"Um den Bed\u00fcrfnissen der Unternehmen in Polen gerecht zu werden, haben wir drei Varianten von Legalisierungsdienstleistungen f\u00fcr mittlere und gro\u00dfe Unternehmen entwickelt\" \/>\n<meta property=\"og:url\" content=\"https:\/\/ewl.com.pl\/ewl\/de\/legalisierung-von-arbeitsauslaendern\/paket-von-legalisierungsdienstleistungen\/\" \/>\n<meta property=\"og:site_name\" content=\"EWL Group\" \/>\n<meta property=\"article:modified_time\" content=\"2022-04-13T09:27:42+00:00\" \/>\n<meta name=\"twitter:card\" content=\"summary_large_image\" \/>\n<script type=\"application\/ld+json\" class=\"yoast-schema-graph\">{\"@context\":\"https:\/\/schema.org\",\"@graph\":[{\"@type\":\"WebPage\",\"@id\":\"https:\/\/ewl.com.pl\/ewl\/de\/legalisierung-von-arbeitsauslaendern\/paket-von-legalisierungsdienstleistungen\/\",\"url\":\"https:\/\/ewl.com.pl\/ewl\/de\/legalisierung-von-arbeitsauslaendern\/paket-von-legalisierungsdienstleistungen\/\",\"name\":\"Dienstleistungspakete zur Legalisierung f\u00fcr mittlere und gro\u00dfe Unternehmen - EWL Group\",\"isPartOf\":{\"@id\":\"https:\/\/ewl.com.pl\/ewl\/de\/#website\"},\"datePublished\":\"2022-01-18T07:05:27+00:00\",\"dateModified\":\"2022-04-13T09:27:42+00:00\",\"description\":\"Um den Bed\u00fcrfnissen der Unternehmen in Polen gerecht zu werden, haben wir drei Varianten von Legalisierungsdienstleistungen f\u00fcr mittlere und gro\u00dfe Unternehmen entwickelt\",\"breadcrumb\":{\"@id\":\"https:\/\/ewl.com.pl\/ewl\/de\/legalisierung-von-arbeitsauslaendern\/paket-von-legalisierungsdienstleistungen\/#breadcrumb\"},\"inLanguage\":\"de-DE\",\"potentialAction\":[{\"@type\":\"ReadAction\",\"target\":[\"https:\/\/ewl.com.pl\/ewl\/de\/legalisierung-von-arbeitsauslaendern\/paket-von-legalisierungsdienstleistungen\/\"]}]},{\"@type\":\"BreadcrumbList\",\"@id\":\"https:\/\/ewl.com.pl\/ewl\/de\/legalisierung-von-arbeitsauslaendern\/paket-von-legalisierungsdienstleistungen\/#breadcrumb\",\"itemListElement\":[{\"@type\":\"ListItem\",\"position\":1,\"name\":\"Home\",\"item\":\"https:\/\/ewl.com.pl\/ewl\/de\/\"},{\"@type\":\"ListItem\",\"position\":2,\"name\":\"Legalisierung der Besch\u00e4ftigung von Ausl\u00e4ndern\",\"item\":\"https:\/\/ewl.com.pl\/ewl\/de\/legalisierung-von-arbeitsauslaendern\/\"},{\"@type\":\"ListItem\",\"position\":3,\"name\":\"Paket von Legalisierungsdienstleistungen\"}]},{\"@type\":\"WebSite\",\"@id\":\"https:\/\/ewl.com.pl\/ewl\/de\/#website\",\"url\":\"https:\/\/ewl.com.pl\/ewl\/de\/\",\"name\":\"EWL Group\",\"description\":\"\",\"publisher\":{\"@id\":\"https:\/\/ewl.com.pl\/ewl\/de\/#organization\"},\"potentialAction\":[{\"@type\":\"SearchAction\",\"target\":{\"@type\":\"EntryPoint\",\"urlTemplate\":\"https:\/\/ewl.com.pl\/ewl\/de\/?s={search_term_string}\"},\"query-input\":{\"@type\":\"PropertyValueSpecification\",\"valueRequired\":true,\"valueName\":\"search_term_string\"}}],\"inLanguage\":\"de-DE\"},{\"@type\":\"Organization\",\"@id\":\"https:\/\/ewl.com.pl\/ewl\/de\/#organization\",\"name\":\"EWL Group\",\"url\":\"https:\/\/ewl.com.pl\/ewl\/de\/\",\"logo\":{\"@type\":\"ImageObject\",\"inLanguage\":\"de-DE\",\"@id\":\"https:\/\/ewl.com.pl\/ewl\/de\/#\/schema\/logo\/image\/\",\"url\":\"https:\/\/ewl.com.pl\/wp-content\/uploads\/2020\/06\/logo-white@2x.png\",\"contentUrl\":\"https:\/\/ewl.com.pl\/wp-content\/uploads\/2020\/06\/logo-white@2x.png\",\"width\":312,\"height\":130,\"caption\":\"EWL Group\"},\"image\":{\"@id\":\"https:\/\/ewl.com.pl\/ewl\/de\/#\/schema\/logo\/image\/\"}}]}<\/script>\n<!-- \/ Yoast SEO plugin. -->","yoast_head_json":{"title":"Dienstleistungspakete zur Legalisierung f\u00fcr mittlere und gro\u00dfe Unternehmen - EWL Group","description":"Um den Bed\u00fcrfnissen der Unternehmen in Polen gerecht zu werden, haben wir drei Varianten von Legalisierungsdienstleistungen f\u00fcr mittlere und gro\u00dfe Unternehmen entwickelt","robots":{"index":"index","follow":"follow","max-snippet":"max-snippet:-1","max-image-preview":"max-image-preview:large","max-video-preview":"max-video-preview:-1"},"canonical":"https:\/\/ewl.com.pl\/ewl\/de\/legalisierung-von-arbeitsauslaendern\/paket-von-legalisierungsdienstleistungen\/","og_locale":"de_DE","og_type":"article","og_title":"Dienstleistungspakete zur Legalisierung f\u00fcr mittlere und gro\u00dfe Unternehmen - EWL Group","og_description":"Um den Bed\u00fcrfnissen der Unternehmen in Polen gerecht zu werden, haben wir drei Varianten von Legalisierungsdienstleistungen f\u00fcr mittlere und gro\u00dfe Unternehmen entwickelt","og_url":"https:\/\/ewl.com.pl\/ewl\/de\/legalisierung-von-arbeitsauslaendern\/paket-von-legalisierungsdienstleistungen\/","og_site_name":"EWL Group","article_modified_time":"2022-04-13T09:27:42+00:00","twitter_card":"summary_large_image","schema":{"@context":"https:\/\/schema.org","@graph":[{"@type":"WebPage","@id":"https:\/\/ewl.com.pl\/ewl\/de\/legalisierung-von-arbeitsauslaendern\/paket-von-legalisierungsdienstleistungen\/","url":"https:\/\/ewl.com.pl\/ewl\/de\/legalisierung-von-arbeitsauslaendern\/paket-von-legalisierungsdienstleistungen\/","name":"Dienstleistungspakete zur Legalisierung f\u00fcr mittlere und gro\u00dfe Unternehmen - EWL Group","isPartOf":{"@id":"https:\/\/ewl.com.pl\/ewl\/de\/#website"},"datePublished":"2022-01-18T07:05:27+00:00","dateModified":"2022-04-13T09:27:42+00:00","description":"Um den Bed\u00fcrfnissen der Unternehmen in Polen gerecht zu werden, haben wir drei Varianten von Legalisierungsdienstleistungen f\u00fcr mittlere und gro\u00dfe Unternehmen entwickelt","breadcrumb":{"@id":"https:\/\/ewl.com.pl\/ewl\/de\/legalisierung-von-arbeitsauslaendern\/paket-von-legalisierungsdienstleistungen\/#breadcrumb"},"inLanguage":"de-DE","potentialAction":[{"@type":"ReadAction","target":["https:\/\/ewl.com.pl\/ewl\/de\/legalisierung-von-arbeitsauslaendern\/paket-von-legalisierungsdienstleistungen\/"]}]},{"@type":"BreadcrumbList","@id":"https:\/\/ewl.com.pl\/ewl\/de\/legalisierung-von-arbeitsauslaendern\/paket-von-legalisierungsdienstleistungen\/#breadcrumb","itemListElement":[{"@type":"ListItem","position":1,"name":"Home","item":"https:\/\/ewl.com.pl\/ewl\/de\/"},{"@type":"ListItem","position":2,"name":"Legalisierung der Besch\u00e4ftigung von Ausl\u00e4ndern","item":"https:\/\/ewl.com.pl\/ewl\/de\/legalisierung-von-arbeitsauslaendern\/"},{"@type":"ListItem","position":3,"name":"Paket von Legalisierungsdienstleistungen"}]},{"@type":"WebSite","@id":"https:\/\/ewl.com.pl\/ewl\/de\/#website","url":"https:\/\/ewl.com.pl\/ewl\/de\/","name":"EWL Group","description":"","publisher":{"@id":"https:\/\/ewl.com.pl\/ewl\/de\/#organization"},"potentialAction":[{"@type":"SearchAction","target":{"@type":"EntryPoint","urlTemplate":"https:\/\/ewl.com.pl\/ewl\/de\/?s={search_term_string}"},"query-input":{"@type":"PropertyValueSpecification","valueRequired":true,"valueName":"search_term_string"}}],"inLanguage":"de-DE"},{"@type":"Organization","@id":"https:\/\/ewl.com.pl\/ewl\/de\/#organization","name":"EWL Group","url":"https:\/\/ewl.com.pl\/ewl\/de\/","logo":{"@type":"ImageObject","inLanguage":"de-DE","@id":"https:\/\/ewl.com.pl\/ewl\/de\/#\/schema\/logo\/image\/","url":"https:\/\/ewl.com.pl\/wp-content\/uploads\/2020\/06\/logo-white@2x.png","contentUrl":"https:\/\/ewl.com.pl\/wp-content\/uploads\/2020\/06\/logo-white@2x.png","width":312,"height":130,"caption":"EWL Group"},"image":{"@id":"https:\/\/ewl.com.pl\/ewl\/de\/#\/schema\/logo\/image\/"}}]}},"_links":{"self":[{"href":"https:\/\/ewl.com.pl\/ewl\/de\/wp-json\/wp\/v2\/pages\/55664","targetHints":{"allow":["GET"]}}],"collection":[{"href":"https:\/\/ewl.com.pl\/ewl\/de\/wp-json\/wp\/v2\/pages"}],"about":[{"href":"https:\/\/ewl.com.pl\/ewl\/de\/wp-json\/wp\/v2\/types\/page"}],"author":[{"embeddable":true,"href":"https:\/\/ewl.com.pl\/ewl\/de\/wp-json\/wp\/v2\/users\/42"}],"replies":[{"embeddable":true,"href":"https:\/\/ewl.com.pl\/ewl\/de\/wp-json\/wp\/v2\/comments?post=55664"}],"version-history":[{"count":9,"href":"https:\/\/ewl.com.pl\/ewl\/de\/wp-json\/wp\/v2\/pages\/55664\/revisions"}],"predecessor-version":[{"id":55858,"href":"https:\/\/ewl.com.pl\/ewl\/de\/wp-json\/wp\/v2\/pages\/55664\/revisions\/55858"}],"up":[{"embeddable":true,"href":"https:\/\/ewl.com.pl\/ewl\/de\/wp-json\/wp\/v2\/pages\/47128"}],"wp:attachment":[{"href":"https:\/\/ewl.com.pl\/ewl\/de\/wp-json\/wp\/v2\/media?parent=55664"}],"curies":[{"name":"wp","href":"https:\/\/api.w.org\/{rel}","templated":true}]}}