{"id":55426,"date":"2020-05-15T12:40:58","date_gmt":"2020-05-15T10:40:58","guid":{"rendered":"https:\/\/ewl.com.pl\/ueber-uns\/dla-inwestorow\/"},"modified":"2022-04-07T15:58:59","modified_gmt":"2022-04-07T13:58:59","slug":"fuer-investoren","status":"publish","type":"page","link":"https:\/\/ewl.com.pl\/ewl\/de\/ueber-uns\/fuer-investoren\/","title":{"rendered":"F\u00fcr Investoren"},"content":{"rendered":"<h2 class=\"wp-block-heading\" id=\"gemaess-art-374-des-gesetzes-ueber-handelsgesellschaften-informieren-wir-darueber\">Gem\u00e4\u00df Art. 374 des Gesetzes \u00fcber Handelsgesellschaften informieren wir dar\u00fcber:<\/h2>\n\n\n<ul class=\"wp-block-list\"><li>Die Gesellschaft ist unter dem Firmennamen t\u00e4tig: EWL Aktiengesellschaft,<\/li><li>Die Gesellschaft hat ihren Sitz in Warschau, Aleje Jerozolimskie 142 B (6. Stock), 02-305 Warschau,<\/li><li>das Registergericht, bei dem die Unterlagen der Gesellschaft aufbewahrt werden, ist Amtsgericht f\u00fcr die Hauptstadt Warschau in Warschau, XIII. Wirtschaftsabteilung des Nationalen Gerichtsregisters,<\/li><li>Die Gesellschaft ist im Nationalen Gerichtsregister unter der Nummer: 0000080338 eingetragen,<\/li><li>Die Gesellschaft hat die Steuer-Identifikationsnummer (NIP): 1132330806,<\/li><li>die H\u00f6he des Grundkapitals der Gesellschaft betr\u00e4gt: 100.000,00 PLN; das Kapital wurde in voller H\u00f6he eingezahlt.<\/li><\/ul>\n\n\n<h2 class=\"wp-block-heading\" id=\"erste-aufforderung-zur-einreichung-von-aktiendokumenten\">Erste Aufforderung zur Einreichung von Aktiendokumenten<\/h2>\n\n\n<p>Im Zusammenhang mit dem Inkrafttreten des Gesetzes vom 30. August 2019 zur \u00c4nderung des Gesetzbuches f\u00fcr Handelsgesellschaften und einiger anderer Gesetze (Gesetzblatt von 2019, Pos. 1798), im Folgenden als \u201eGesetz\u201c bezeichnet, hat EWL S.A. (im Folgenden: \u201edie Gesellschaft\u201c) ihre Aktion\u00e4re \u00fcber die Einf\u00fchrung der obligatorischen Dematerialisierung von Gesellschaftsaktien in die polnische Rechtsordnung, d.h. die Ersetzung der Papierform der Aktien durch eine elektronische Aufzeichnung im Aktion\u00e4rsregister informiert, das von der in Artikel 17 des Gesetzes genannten Stelle gef\u00fchrt wird.<br>Gem\u00e4\u00df den eingef\u00fchrten \u00c4nderungen erlischt die G\u00fcltigkeit der geltenden Aktiendokumente, die von der Gesellschaft ausgegeben werden, kraft Gesetzes am 1. M\u00e4rz 2021. Nach diesem Datum sind die Aktien kein Dokument, das den Aktion\u00e4rsstatus best\u00e4tigt, sondern lediglich ein Nachweis, der zur Aktualisierung des elektronischen Aktion\u00e4rsregisters erforderlich ist. Andererseits geht nach dem 1. Januar 2026 der Schutz der Mitgliedschaftsrechte f\u00fcr Aktion\u00e4re verloren, deren Aktienurkunden nicht bei der Gesellschaft hinterlegt wurden und die nicht im elektronischen Aktienregister eingetragen sind.<br>Im Zusammenhang mit den oben genannten \u00c4nderungen fordert der Vorstand der Gesellschaft gem\u00e4\u00df Artikel 16 des Gesetzes alle Aktion\u00e4re der EWL S.A. auf, die Aktienunterlagen bis sp\u00e4testens 24. August 2020 im Sekretariat des Gesellschaftsb\u00fcros in der Aleje Jerozolimskie Nr. 142B, 02-305 Warschau, an Werktagen (Montag bis Freitag) von 8.00 bis 16.00 Uhr einzureichen.<\/p>\n\n\n<h2 class=\"wp-block-heading\" id=\"zweite-aufforderung-zur-einreichung-von-aktiendokumenten\"><strong>Zweite Aufforderung zur Einreichung von Aktiendokumenten<\/strong><\/h2>\n\n\n<p>Im Zusammenhang mit dem Inkrafttreten des Gesetzes vom 30. August 2019 zur \u00c4nderung des Gesetzbuches f\u00fcr Handelsgesellschaften und einiger anderer Gesetze (Gesetzblatt von 2019, Pos. 1798), im Folgenden als \u201eGesetz\u201c bezeichnet, hat EWL S.A. (im Folgenden: \u201edie Gesellschaft\u201c) ihre Aktion\u00e4re \u00fcber die Einf\u00fchrung der obligatorischen Dematerialisierung von Gesellschaftsaktien in die polnische Rechtsordnung, d.h. die Ersetzung der Papierform der Aktien durch eine elektronische Aufzeichnung im Aktion\u00e4rsregister informiert, das von der in Artikel 17 des Gesetzes genannten Stelle gef\u00fchrt wird.<br>Gem\u00e4\u00df den eingef\u00fchrten \u00c4nderungen erlischt die G\u00fcltigkeit der geltenden Aktiendokumente, die von der Gesellschaft ausgegeben werden, kraft Gesetzes am 1. M\u00e4rz 2021. Nach diesem Datum sind die Aktien kein Dokument, das den Aktion\u00e4rsstatus best\u00e4tigt, sondern lediglich ein Nachweis, der zur Aktualisierung des elektronischen Aktion\u00e4rsregisters erforderlich ist. Andererseits geht nach dem 1. Januar 2026 der Schutz der Mitgliedschaftsrechte f\u00fcr Aktion\u00e4re verloren, deren Aktienurkunden nicht bei der Gesellschaft hinterlegt wurden und die nicht im elektronischen Aktienregister eingetragen sind.<br>Im Zusammenhang mit den oben genannten \u00c4nderungen fordert der Vorstand der Gesellschaft gem\u00e4\u00df Artikel 16 des Gesetzes alle Aktion\u00e4re der EWL S.A. auf, die Aktienunterlagen bis sp\u00e4testens 24. August 2020 im Sekretariat des Gesellschaftsb\u00fcros in der Aleje Jerozolimskie Nr. 142B, 02-305 Warschau, an Werktagen (Montag bis Freitag) von 8.00 bis 16.00 Uhr einzureichen.<\/p>\n","protected":false},"excerpt":{"rendered":"<p>Gem\u00e4\u00df Art. 374 des Gesetzes \u00fcber Handelsgesellschaften informieren wir dar\u00fcber: Die Gesellschaft ist unter dem Firmennamen t\u00e4tig: EWL Aktiengesellschaft, Die Gesellschaft hat ihren Sitz in Warschau, Aleje Jerozolimskie 142 B (6. Stock), 02-305 Warschau, das Registergericht, bei dem die Unterlagen der Gesellschaft aufbewahrt werden, ist Amtsgericht f\u00fcr die Hauptstadt Warschau in Warschau, XIII. Wirtschaftsabteilung des [&hellip;]<\/p>\n","protected":false},"author":1,"featured_media":0,"parent":46705,"menu_order":0,"comment_status":"closed","ping_status":"closed","template":"","meta":{"_acf_changed":false,"footnotes":""},"class_list":["post-55426","page","type-page","status-publish","hentry"],"acf":[],"yoast_head":"<!-- This site is optimized with the Yoast SEO plugin v24.9 - https:\/\/yoast.com\/wordpress\/plugins\/seo\/ -->\n<title>Arbeitsagentur - Informationen f\u00fcr Investoren - EWL Group<\/title>\n<meta name=\"description\" content=\"Eine der gr\u00f6\u00dften Arbeitsagenturen f\u00fcr Ausl\u00e4nder in Polen. Ein bew\u00e4hrter und stabiler Partner auf dem ausl\u00e4ndischen Arbeitsmarkt.\" \/>\n<meta name=\"robots\" content=\"index, follow, max-snippet:-1, max-image-preview:large, max-video-preview:-1\" \/>\n<link rel=\"canonical\" href=\"https:\/\/ewl.com.pl\/ewl\/de\/ueber-uns\/fuer-investoren\/\" \/>\n<meta property=\"og:locale\" content=\"de_DE\" \/>\n<meta property=\"og:type\" content=\"article\" \/>\n<meta property=\"og:title\" content=\"Arbeitsagentur - Informationen f\u00fcr Investoren - EWL Group\" \/>\n<meta property=\"og:description\" content=\"Eine der gr\u00f6\u00dften Arbeitsagenturen f\u00fcr Ausl\u00e4nder in Polen. Ein bew\u00e4hrter und stabiler Partner auf dem ausl\u00e4ndischen Arbeitsmarkt.\" \/>\n<meta property=\"og:url\" content=\"https:\/\/ewl.com.pl\/ewl\/de\/ueber-uns\/fuer-investoren\/\" \/>\n<meta property=\"og:site_name\" content=\"EWL Group\" \/>\n<meta property=\"article:modified_time\" content=\"2022-04-07T13:58:59+00:00\" \/>\n<meta name=\"twitter:card\" content=\"summary_large_image\" \/>\n<meta name=\"twitter:label1\" content=\"Est. reading time\" \/>\n\t<meta name=\"twitter:data1\" content=\"4 Minuten\" \/>\n<script type=\"application\/ld+json\" class=\"yoast-schema-graph\">{\"@context\":\"https:\/\/schema.org\",\"@graph\":[{\"@type\":\"WebPage\",\"@id\":\"https:\/\/ewl.com.pl\/ewl\/de\/ueber-uns\/fuer-investoren\/\",\"url\":\"https:\/\/ewl.com.pl\/ewl\/de\/ueber-uns\/fuer-investoren\/\",\"name\":\"Arbeitsagentur - Informationen f\u00fcr Investoren - EWL Group\",\"isPartOf\":{\"@id\":\"https:\/\/ewl.com.pl\/ewl\/de\/#website\"},\"datePublished\":\"2020-05-15T10:40:58+00:00\",\"dateModified\":\"2022-04-07T13:58:59+00:00\",\"description\":\"Eine der gr\u00f6\u00dften Arbeitsagenturen f\u00fcr Ausl\u00e4nder in Polen. Ein bew\u00e4hrter und stabiler Partner auf dem ausl\u00e4ndischen Arbeitsmarkt.\",\"breadcrumb\":{\"@id\":\"https:\/\/ewl.com.pl\/ewl\/de\/ueber-uns\/fuer-investoren\/#breadcrumb\"},\"inLanguage\":\"de-DE\",\"potentialAction\":[{\"@type\":\"ReadAction\",\"target\":[\"https:\/\/ewl.com.pl\/ewl\/de\/ueber-uns\/fuer-investoren\/\"]}]},{\"@type\":\"BreadcrumbList\",\"@id\":\"https:\/\/ewl.com.pl\/ewl\/de\/ueber-uns\/fuer-investoren\/#breadcrumb\",\"itemListElement\":[{\"@type\":\"ListItem\",\"position\":1,\"name\":\"Home\",\"item\":\"https:\/\/ewl.com.pl\/ewl\/de\/\"},{\"@type\":\"ListItem\",\"position\":2,\"name\":\"Wer sind wir?\",\"item\":\"https:\/\/ewl.com.pl\/ewl\/de\/ueber-uns\/\"},{\"@type\":\"ListItem\",\"position\":3,\"name\":\"F\u00fcr Investoren\"}]},{\"@type\":\"WebSite\",\"@id\":\"https:\/\/ewl.com.pl\/ewl\/de\/#website\",\"url\":\"https:\/\/ewl.com.pl\/ewl\/de\/\",\"name\":\"EWL Group\",\"description\":\"\",\"publisher\":{\"@id\":\"https:\/\/ewl.com.pl\/ewl\/de\/#organization\"},\"potentialAction\":[{\"@type\":\"SearchAction\",\"target\":{\"@type\":\"EntryPoint\",\"urlTemplate\":\"https:\/\/ewl.com.pl\/ewl\/de\/?s={search_term_string}\"},\"query-input\":{\"@type\":\"PropertyValueSpecification\",\"valueRequired\":true,\"valueName\":\"search_term_string\"}}],\"inLanguage\":\"de-DE\"},{\"@type\":\"Organization\",\"@id\":\"https:\/\/ewl.com.pl\/ewl\/de\/#organization\",\"name\":\"EWL Group\",\"url\":\"https:\/\/ewl.com.pl\/ewl\/de\/\",\"logo\":{\"@type\":\"ImageObject\",\"inLanguage\":\"de-DE\",\"@id\":\"https:\/\/ewl.com.pl\/ewl\/de\/#\/schema\/logo\/image\/\",\"url\":\"https:\/\/ewl.com.pl\/wp-content\/uploads\/2020\/06\/logo-white@2x.png\",\"contentUrl\":\"https:\/\/ewl.com.pl\/wp-content\/uploads\/2020\/06\/logo-white@2x.png\",\"width\":312,\"height\":130,\"caption\":\"EWL Group\"},\"image\":{\"@id\":\"https:\/\/ewl.com.pl\/ewl\/de\/#\/schema\/logo\/image\/\"}}]}<\/script>\n<!-- \/ Yoast SEO plugin. -->","yoast_head_json":{"title":"Arbeitsagentur - Informationen f\u00fcr Investoren - EWL Group","description":"Eine der gr\u00f6\u00dften Arbeitsagenturen f\u00fcr Ausl\u00e4nder in Polen. Ein bew\u00e4hrter und stabiler Partner auf dem ausl\u00e4ndischen Arbeitsmarkt.","robots":{"index":"index","follow":"follow","max-snippet":"max-snippet:-1","max-image-preview":"max-image-preview:large","max-video-preview":"max-video-preview:-1"},"canonical":"https:\/\/ewl.com.pl\/ewl\/de\/ueber-uns\/fuer-investoren\/","og_locale":"de_DE","og_type":"article","og_title":"Arbeitsagentur - Informationen f\u00fcr Investoren - EWL Group","og_description":"Eine der gr\u00f6\u00dften Arbeitsagenturen f\u00fcr Ausl\u00e4nder in Polen. Ein bew\u00e4hrter und stabiler Partner auf dem ausl\u00e4ndischen Arbeitsmarkt.","og_url":"https:\/\/ewl.com.pl\/ewl\/de\/ueber-uns\/fuer-investoren\/","og_site_name":"EWL Group","article_modified_time":"2022-04-07T13:58:59+00:00","twitter_card":"summary_large_image","twitter_misc":{"Est. reading time":"4 Minuten"},"schema":{"@context":"https:\/\/schema.org","@graph":[{"@type":"WebPage","@id":"https:\/\/ewl.com.pl\/ewl\/de\/ueber-uns\/fuer-investoren\/","url":"https:\/\/ewl.com.pl\/ewl\/de\/ueber-uns\/fuer-investoren\/","name":"Arbeitsagentur - Informationen f\u00fcr Investoren - EWL Group","isPartOf":{"@id":"https:\/\/ewl.com.pl\/ewl\/de\/#website"},"datePublished":"2020-05-15T10:40:58+00:00","dateModified":"2022-04-07T13:58:59+00:00","description":"Eine der gr\u00f6\u00dften Arbeitsagenturen f\u00fcr Ausl\u00e4nder in Polen. Ein bew\u00e4hrter und stabiler Partner auf dem ausl\u00e4ndischen Arbeitsmarkt.","breadcrumb":{"@id":"https:\/\/ewl.com.pl\/ewl\/de\/ueber-uns\/fuer-investoren\/#breadcrumb"},"inLanguage":"de-DE","potentialAction":[{"@type":"ReadAction","target":["https:\/\/ewl.com.pl\/ewl\/de\/ueber-uns\/fuer-investoren\/"]}]},{"@type":"BreadcrumbList","@id":"https:\/\/ewl.com.pl\/ewl\/de\/ueber-uns\/fuer-investoren\/#breadcrumb","itemListElement":[{"@type":"ListItem","position":1,"name":"Home","item":"https:\/\/ewl.com.pl\/ewl\/de\/"},{"@type":"ListItem","position":2,"name":"Wer sind wir?","item":"https:\/\/ewl.com.pl\/ewl\/de\/ueber-uns\/"},{"@type":"ListItem","position":3,"name":"F\u00fcr Investoren"}]},{"@type":"WebSite","@id":"https:\/\/ewl.com.pl\/ewl\/de\/#website","url":"https:\/\/ewl.com.pl\/ewl\/de\/","name":"EWL Group","description":"","publisher":{"@id":"https:\/\/ewl.com.pl\/ewl\/de\/#organization"},"potentialAction":[{"@type":"SearchAction","target":{"@type":"EntryPoint","urlTemplate":"https:\/\/ewl.com.pl\/ewl\/de\/?s={search_term_string}"},"query-input":{"@type":"PropertyValueSpecification","valueRequired":true,"valueName":"search_term_string"}}],"inLanguage":"de-DE"},{"@type":"Organization","@id":"https:\/\/ewl.com.pl\/ewl\/de\/#organization","name":"EWL Group","url":"https:\/\/ewl.com.pl\/ewl\/de\/","logo":{"@type":"ImageObject","inLanguage":"de-DE","@id":"https:\/\/ewl.com.pl\/ewl\/de\/#\/schema\/logo\/image\/","url":"https:\/\/ewl.com.pl\/wp-content\/uploads\/2020\/06\/logo-white@2x.png","contentUrl":"https:\/\/ewl.com.pl\/wp-content\/uploads\/2020\/06\/logo-white@2x.png","width":312,"height":130,"caption":"EWL Group"},"image":{"@id":"https:\/\/ewl.com.pl\/ewl\/de\/#\/schema\/logo\/image\/"}}]}},"_links":{"self":[{"href":"https:\/\/ewl.com.pl\/ewl\/de\/wp-json\/wp\/v2\/pages\/55426","targetHints":{"allow":["GET"]}}],"collection":[{"href":"https:\/\/ewl.com.pl\/ewl\/de\/wp-json\/wp\/v2\/pages"}],"about":[{"href":"https:\/\/ewl.com.pl\/ewl\/de\/wp-json\/wp\/v2\/types\/page"}],"author":[{"embeddable":true,"href":"https:\/\/ewl.com.pl\/ewl\/de\/wp-json\/wp\/v2\/users\/1"}],"replies":[{"embeddable":true,"href":"https:\/\/ewl.com.pl\/ewl\/de\/wp-json\/wp\/v2\/comments?post=55426"}],"version-history":[{"count":1,"href":"https:\/\/ewl.com.pl\/ewl\/de\/wp-json\/wp\/v2\/pages\/55426\/revisions"}],"predecessor-version":[{"id":55429,"href":"https:\/\/ewl.com.pl\/ewl\/de\/wp-json\/wp\/v2\/pages\/55426\/revisions\/55429"}],"up":[{"embeddable":true,"href":"https:\/\/ewl.com.pl\/ewl\/de\/wp-json\/wp\/v2\/pages\/46705"}],"wp:attachment":[{"href":"https:\/\/ewl.com.pl\/ewl\/de\/wp-json\/wp\/v2\/media?parent=55426"}],"curies":[{"name":"wp","href":"https:\/\/api.w.org\/{rel}","templated":true}]}}