{"id":55394,"date":"2021-07-13T16:06:14","date_gmt":"2021-07-13T14:06:14","guid":{"rendered":"https:\/\/ewl.com.pl\/realizacja-projektu-w-ramach-europejskiego-funduszu-regionalnego\/"},"modified":"2022-04-07T14:39:55","modified_gmt":"2022-04-07T12:39:55","slug":"durchfuehrung-des-projekts-im-rahmen-des-europaeischen-regionalfonds","status":"publish","type":"page","link":"https:\/\/ewl.com.pl\/ewl\/de\/durchfuehrung-des-projekts-im-rahmen-des-europaeischen-regionalfonds\/","title":{"rendered":"EWL S.A. f\u00fchrt ein Projekt durch, das von der EUROP\u00c4ISCHEN UNION IM RAHMEN DES EUROP\u00c4ISCHEN FONDS F\u00dcR REGIONALE ENTWICKLUNG KOFINANZIERT WIRD: Unterma\u00dfnahme 1.1.1"},"content":{"rendered":"\n<figure class=\"wp-block-image size-large\"><img loading=\"lazy\" decoding=\"async\" width=\"1024\" height=\"131\" src=\"https:\/\/ewl.com.pl\/wp-content\/uploads\/2022\/03\/FE_POIS_level_pl-1_rgb-1536x197-1-1024x131.png\" alt=\"Migrationsplattform f\u00fcr mitarbeiter und arbeitgeber \" class=\"wp-image-54516\" srcset=\"https:\/\/ewl.com.pl\/ewl\/wp-content\/uploads\/2022\/03\/FE_POIS_level_pl-1_rgb-1536x197-1-1024x131.png 1024w, https:\/\/ewl.com.pl\/ewl\/wp-content\/uploads\/2022\/03\/FE_POIS_level_pl-1_rgb-1536x197-1-300x38.png 300w, https:\/\/ewl.com.pl\/ewl\/wp-content\/uploads\/2022\/03\/FE_POIS_level_pl-1_rgb-1536x197-1-768x99.png 768w, https:\/\/ewl.com.pl\/ewl\/wp-content\/uploads\/2022\/03\/FE_POIS_level_pl-1_rgb-1536x197-1.png 1536w\" sizes=\"auto, (max-width: 1024px) 100vw, 1024px\" \/><\/figure>\n\n\n\n<p>\u201eMigrationsplattform zur Unterst\u00fctzung von Arbeitnehmern und Arbeitgebern durch fortschrittliche Optimierungs- und Empfehlungsmethoden auf der Grundlage von Repr\u00e4sentationslernen\u201c.<\/p>\n\n\n\n<p>Ziel des Projekts ist die Entwicklung einer Plattform f\u00fcr grenz\u00fcberschreitende Migration unter Verwendung von Methoden des maschinellen Lernens, um: die Effektivit\u00e4t der Anpassung von Arbeitnehmern und Arbeitgebern zu maximieren, die Bedingungen von Stellenangeboten zu optimieren, die Migration von Arbeitnehmern (Prozess und Integration) zu automatisieren und letztendlich die Gesch\u00e4ftsrisiken f\u00fcr die Parteien zu senken.<\/p>\n\n\n\n<p><strong>Der geplante Zeitraum f\u00fcr die Durchf\u00fchrung des Projekts ist 01-03-2021 bis 30-11-2023.<\/strong><\/p>\n\n\n\n<p>Das Projekt umfasst die Entwicklung einer innovativen Migrationsplattform, die Arbeitnehmer und Arbeitgeber sowohl in der Personalbeschaffungsphase, als auch w\u00e4hrend des gesamten Besch\u00e4ftigungszeitraums unterst\u00fctzt, indem sie fortschrittliche Empfehlungsmethoden auf der Grundlage von repr\u00e4sentativem Lernen anwendet.<\/p>\n\n\n\n<p><strong>Die geplanten Effekte des Projekts sind:<\/strong><\/p>\n\n\n\n<ol class=\"wp-block-list\" type=\"1\"><li>Automatisierung des Prozesses der Anpassung des Arbeitnehmers an das optimale Stellenangebot und der Anpassung der optimalen Arbeitnehmer an den Arbeitgeber.<\/li><li>Vorschlag eines Entwicklungs- und Karrierewegs f\u00fcr den Arbeitnehmer durch Empfehlung von Schulungen und Zertifikaten, um die F\u00e4higkeiten und Kompetenzen des Arbeitnehmers in einem bestimmten Bereich zu verbessern.<\/li><li>Automatisierung des Anpassungsprozesses zwischen Arbeitnehmern und Arbeitgebern unter Ber\u00fccksichtigung ausgew\u00e4hlter Kriterien und der Einhaltung bestimmter Einschr\u00e4nkungen (multikriterielle Optimierung).<\/li><li>Automatisierung der Extraktion von Informationen aus pers\u00f6nlichen Dokumenten wie Reisepass und Visum.<\/li><li>Beschleunigung der ersten Schritte bei der Personalbeschaffung, einschlie\u00dflich eines Chatbots, der einen erweiterten Kontakt zwischen dem Arbeitnehmer und dem System sowie die Suche nach den f\u00fcr die Arbeitsaufnahme erforderlichen Informationen erm\u00f6glicht.<\/li><li>Automatisierung der Legalisierungsprozesse.<\/li><\/ol>\n\n\n\n<p>Die L\u00f6sung ist f\u00fcr zwei Kategorien von Empf\u00e4ngern geplant:<\/p>\n\n\n\n<p><strong>1. Direkte Empf\u00e4nger:<\/strong><\/p>\n\n\n\n<p>\u2022 Migrantenarbeiter<br>\u2022 Arbeitgeber<br>\u2022 Arbeitsagenturen und Vermittler auf dem Migrationsmarkt<\/p>\n\n\n\n<p><strong>2. Indirekte Empf\u00e4nger:<\/strong><\/p>\n\n\n\n<p>\u2022 Plattform als \u201eMarktplatz\u201c f\u00fcr Institutionen und NGOs, die die Integration und Qualifizierung von Ausl\u00e4ndern durch Fach- und Sprachkurse unterst\u00fctzen<br>\u2022 Die lokalen Beh\u00f6rden werden dank dem gesammelten Wissen und den Berichten, die von der Plattform pro publico bono zur Verf\u00fcgung gestellt werden (Kontinuit\u00e4t der Ma\u00dfnahmen von EWL und der EWL-Stiftung) (und die auf der Grundlage der von der Plattform verarbeiteten Daten erstellt werden), \u00fcber die neuesten Erkenntnisse \u00fcber den Arbeitsmarkt und die Anforderungen\/Pr\u00e4ferenzen der Arbeitnehmer verf\u00fcgen. Dies wird eine schnellere Schaffung von besser angepassten Instrumenten zur Stimulierung des Arbeitsmarktes unterst\u00fctzen.<\/p>\n\n\n\n<p><strong>Der Gesamtwert des Projekts betr\u00e4gt 12 109 880,88 PLN.<br>Die Kofinanzierung des Projekts durch die EU betr\u00e4gt 8 519 344,64 PLN.<\/strong><\/p>\n","protected":false},"excerpt":{"rendered":"<p>\u201eMigrationsplattform zur Unterst\u00fctzung von Arbeitnehmern und Arbeitgebern durch fortschrittliche Optimierungs- und Empfehlungsmethoden auf der Grundlage von Repr\u00e4sentationslernen\u201c. Ziel des Projekts ist die Entwicklung einer Plattform f\u00fcr grenz\u00fcberschreitende Migration unter Verwendung von Methoden des maschinellen Lernens, um: die Effektivit\u00e4t der Anpassung von Arbeitnehmern und Arbeitgebern zu maximieren, die Bedingungen von Stellenangeboten zu optimieren, die Migration von [&hellip;]<\/p>\n","protected":false},"author":42,"featured_media":0,"parent":0,"menu_order":0,"comment_status":"closed","ping_status":"closed","template":"","meta":{"_acf_changed":false,"footnotes":""},"class_list":["post-55394","page","type-page","status-publish","hentry"],"acf":[],"yoast_head":"<!-- This site is optimized with the Yoast SEO plugin v24.9 - https:\/\/yoast.com\/wordpress\/plugins\/seo\/ -->\n<title>EWL S.A. f\u00fchrt ein Projekt durch, das von der EUROP\u00c4ISCHEN UNION IM RAHMEN DES EUROP\u00c4ISCHEN FONDS F\u00dcR REGIONALE ENTWICKLUNG KOFINANZIERT WIRD: Unterma\u00dfnahme 1.1.1<\/title>\n<meta name=\"robots\" content=\"noindex, follow\" \/>\n<meta property=\"og:locale\" content=\"de_DE\" \/>\n<meta property=\"og:type\" content=\"article\" \/>\n<meta property=\"og:title\" content=\"EWL S.A. f\u00fchrt ein Projekt durch, das von der EUROP\u00c4ISCHEN UNION IM RAHMEN DES EUROP\u00c4ISCHEN FONDS F\u00dcR REGIONALE ENTWICKLUNG KOFINANZIERT WIRD: Unterma\u00dfnahme 1.1.1\" \/>\n<meta property=\"og:description\" content=\"\u201eMigrationsplattform zur Unterst\u00fctzung von Arbeitnehmern und Arbeitgebern durch fortschrittliche Optimierungs- und Empfehlungsmethoden auf der Grundlage von Repr\u00e4sentationslernen\u201c. Ziel des Projekts ist die Entwicklung einer Plattform f\u00fcr grenz\u00fcberschreitende Migration unter Verwendung von Methoden des maschinellen Lernens, um: die Effektivit\u00e4t der Anpassung von Arbeitnehmern und Arbeitgebern zu maximieren, die Bedingungen von Stellenangeboten zu optimieren, die Migration von [&hellip;]\" \/>\n<meta property=\"og:url\" content=\"https:\/\/ewl.com.pl\/ewl\/de\/durchfuehrung-des-projekts-im-rahmen-des-europaeischen-regionalfonds\/\" \/>\n<meta property=\"og:site_name\" content=\"EWL Group\" \/>\n<meta property=\"article:modified_time\" content=\"2022-04-07T12:39:55+00:00\" \/>\n<meta property=\"og:image\" content=\"https:\/\/ewl.com.pl\/wp-content\/uploads\/2022\/03\/FE_POIS_level_pl-1_rgb-1536x197-1-1024x131.png\" \/>\n<meta name=\"twitter:card\" content=\"summary_large_image\" \/>\n<meta name=\"twitter:label1\" content=\"Est. reading time\" \/>\n\t<meta name=\"twitter:data1\" content=\"3 Minuten\" \/>\n<script type=\"application\/ld+json\" class=\"yoast-schema-graph\">{\"@context\":\"https:\/\/schema.org\",\"@graph\":[{\"@type\":\"WebPage\",\"@id\":\"https:\/\/ewl.com.pl\/ewl\/de\/durchfuehrung-des-projekts-im-rahmen-des-europaeischen-regionalfonds\/\",\"url\":\"https:\/\/ewl.com.pl\/ewl\/de\/durchfuehrung-des-projekts-im-rahmen-des-europaeischen-regionalfonds\/\",\"name\":\"EWL S.A. f\u00fchrt ein Projekt durch, das von der EUROP\u00c4ISCHEN UNION IM RAHMEN DES EUROP\u00c4ISCHEN FONDS F\u00dcR REGIONALE ENTWICKLUNG KOFINANZIERT WIRD: Unterma\u00dfnahme 1.1.1\",\"isPartOf\":{\"@id\":\"https:\/\/ewl.com.pl\/ewl\/de\/#website\"},\"primaryImageOfPage\":{\"@id\":\"https:\/\/ewl.com.pl\/ewl\/de\/durchfuehrung-des-projekts-im-rahmen-des-europaeischen-regionalfonds\/#primaryimage\"},\"image\":{\"@id\":\"https:\/\/ewl.com.pl\/ewl\/de\/durchfuehrung-des-projekts-im-rahmen-des-europaeischen-regionalfonds\/#primaryimage\"},\"thumbnailUrl\":\"https:\/\/ewl.com.pl\/wp-content\/uploads\/2022\/03\/FE_POIS_level_pl-1_rgb-1536x197-1-1024x131.png\",\"datePublished\":\"2021-07-13T14:06:14+00:00\",\"dateModified\":\"2022-04-07T12:39:55+00:00\",\"breadcrumb\":{\"@id\":\"https:\/\/ewl.com.pl\/ewl\/de\/durchfuehrung-des-projekts-im-rahmen-des-europaeischen-regionalfonds\/#breadcrumb\"},\"inLanguage\":\"de-DE\",\"potentialAction\":[{\"@type\":\"ReadAction\",\"target\":[\"https:\/\/ewl.com.pl\/ewl\/de\/durchfuehrung-des-projekts-im-rahmen-des-europaeischen-regionalfonds\/\"]}]},{\"@type\":\"ImageObject\",\"inLanguage\":\"de-DE\",\"@id\":\"https:\/\/ewl.com.pl\/ewl\/de\/durchfuehrung-des-projekts-im-rahmen-des-europaeischen-regionalfonds\/#primaryimage\",\"url\":\"https:\/\/ewl.com.pl\/wp-content\/uploads\/2022\/03\/FE_POIS_level_pl-1_rgb-1536x197-1-1024x131.png\",\"contentUrl\":\"https:\/\/ewl.com.pl\/wp-content\/uploads\/2022\/03\/FE_POIS_level_pl-1_rgb-1536x197-1-1024x131.png\"},{\"@type\":\"BreadcrumbList\",\"@id\":\"https:\/\/ewl.com.pl\/ewl\/de\/durchfuehrung-des-projekts-im-rahmen-des-europaeischen-regionalfonds\/#breadcrumb\",\"itemListElement\":[{\"@type\":\"ListItem\",\"position\":1,\"name\":\"Home\",\"item\":\"https:\/\/ewl.com.pl\/ewl\/de\/\"},{\"@type\":\"ListItem\",\"position\":2,\"name\":\"EWL S.A. f\u00fchrt ein Projekt durch, das von der EUROP\u00c4ISCHEN UNION IM RAHMEN DES EUROP\u00c4ISCHEN FONDS F\u00dcR REGIONALE ENTWICKLUNG KOFINANZIERT WIRD: Unterma\u00dfnahme 1.1.1\"}]},{\"@type\":\"WebSite\",\"@id\":\"https:\/\/ewl.com.pl\/ewl\/de\/#website\",\"url\":\"https:\/\/ewl.com.pl\/ewl\/de\/\",\"name\":\"EWL Group\",\"description\":\"\",\"publisher\":{\"@id\":\"https:\/\/ewl.com.pl\/ewl\/de\/#organization\"},\"potentialAction\":[{\"@type\":\"SearchAction\",\"target\":{\"@type\":\"EntryPoint\",\"urlTemplate\":\"https:\/\/ewl.com.pl\/ewl\/de\/?s={search_term_string}\"},\"query-input\":{\"@type\":\"PropertyValueSpecification\",\"valueRequired\":true,\"valueName\":\"search_term_string\"}}],\"inLanguage\":\"de-DE\"},{\"@type\":\"Organization\",\"@id\":\"https:\/\/ewl.com.pl\/ewl\/de\/#organization\",\"name\":\"EWL Group\",\"url\":\"https:\/\/ewl.com.pl\/ewl\/de\/\",\"logo\":{\"@type\":\"ImageObject\",\"inLanguage\":\"de-DE\",\"@id\":\"https:\/\/ewl.com.pl\/ewl\/de\/#\/schema\/logo\/image\/\",\"url\":\"https:\/\/ewl.com.pl\/wp-content\/uploads\/2020\/06\/logo-white@2x.png\",\"contentUrl\":\"https:\/\/ewl.com.pl\/wp-content\/uploads\/2020\/06\/logo-white@2x.png\",\"width\":312,\"height\":130,\"caption\":\"EWL Group\"},\"image\":{\"@id\":\"https:\/\/ewl.com.pl\/ewl\/de\/#\/schema\/logo\/image\/\"}}]}<\/script>\n<!-- \/ Yoast SEO plugin. -->","yoast_head_json":{"title":"EWL S.A. f\u00fchrt ein Projekt durch, das von der EUROP\u00c4ISCHEN UNION IM RAHMEN DES EUROP\u00c4ISCHEN FONDS F\u00dcR REGIONALE ENTWICKLUNG KOFINANZIERT WIRD: Unterma\u00dfnahme 1.1.1","robots":{"index":"noindex","follow":"follow"},"og_locale":"de_DE","og_type":"article","og_title":"EWL S.A. f\u00fchrt ein Projekt durch, das von der EUROP\u00c4ISCHEN UNION IM RAHMEN DES EUROP\u00c4ISCHEN FONDS F\u00dcR REGIONALE ENTWICKLUNG KOFINANZIERT WIRD: Unterma\u00dfnahme 1.1.1","og_description":"\u201eMigrationsplattform zur Unterst\u00fctzung von Arbeitnehmern und Arbeitgebern durch fortschrittliche Optimierungs- und Empfehlungsmethoden auf der Grundlage von Repr\u00e4sentationslernen\u201c. Ziel des Projekts ist die Entwicklung einer Plattform f\u00fcr grenz\u00fcberschreitende Migration unter Verwendung von Methoden des maschinellen Lernens, um: die Effektivit\u00e4t der Anpassung von Arbeitnehmern und Arbeitgebern zu maximieren, die Bedingungen von Stellenangeboten zu optimieren, die Migration von [&hellip;]","og_url":"https:\/\/ewl.com.pl\/ewl\/de\/durchfuehrung-des-projekts-im-rahmen-des-europaeischen-regionalfonds\/","og_site_name":"EWL Group","article_modified_time":"2022-04-07T12:39:55+00:00","og_image":[{"url":"https:\/\/ewl.com.pl\/wp-content\/uploads\/2022\/03\/FE_POIS_level_pl-1_rgb-1536x197-1-1024x131.png","type":"","width":"","height":""}],"twitter_card":"summary_large_image","twitter_misc":{"Est. reading time":"3 Minuten"},"schema":{"@context":"https:\/\/schema.org","@graph":[{"@type":"WebPage","@id":"https:\/\/ewl.com.pl\/ewl\/de\/durchfuehrung-des-projekts-im-rahmen-des-europaeischen-regionalfonds\/","url":"https:\/\/ewl.com.pl\/ewl\/de\/durchfuehrung-des-projekts-im-rahmen-des-europaeischen-regionalfonds\/","name":"EWL S.A. f\u00fchrt ein Projekt durch, das von der EUROP\u00c4ISCHEN UNION IM RAHMEN DES EUROP\u00c4ISCHEN FONDS F\u00dcR REGIONALE ENTWICKLUNG KOFINANZIERT WIRD: Unterma\u00dfnahme 1.1.1","isPartOf":{"@id":"https:\/\/ewl.com.pl\/ewl\/de\/#website"},"primaryImageOfPage":{"@id":"https:\/\/ewl.com.pl\/ewl\/de\/durchfuehrung-des-projekts-im-rahmen-des-europaeischen-regionalfonds\/#primaryimage"},"image":{"@id":"https:\/\/ewl.com.pl\/ewl\/de\/durchfuehrung-des-projekts-im-rahmen-des-europaeischen-regionalfonds\/#primaryimage"},"thumbnailUrl":"https:\/\/ewl.com.pl\/wp-content\/uploads\/2022\/03\/FE_POIS_level_pl-1_rgb-1536x197-1-1024x131.png","datePublished":"2021-07-13T14:06:14+00:00","dateModified":"2022-04-07T12:39:55+00:00","breadcrumb":{"@id":"https:\/\/ewl.com.pl\/ewl\/de\/durchfuehrung-des-projekts-im-rahmen-des-europaeischen-regionalfonds\/#breadcrumb"},"inLanguage":"de-DE","potentialAction":[{"@type":"ReadAction","target":["https:\/\/ewl.com.pl\/ewl\/de\/durchfuehrung-des-projekts-im-rahmen-des-europaeischen-regionalfonds\/"]}]},{"@type":"ImageObject","inLanguage":"de-DE","@id":"https:\/\/ewl.com.pl\/ewl\/de\/durchfuehrung-des-projekts-im-rahmen-des-europaeischen-regionalfonds\/#primaryimage","url":"https:\/\/ewl.com.pl\/wp-content\/uploads\/2022\/03\/FE_POIS_level_pl-1_rgb-1536x197-1-1024x131.png","contentUrl":"https:\/\/ewl.com.pl\/wp-content\/uploads\/2022\/03\/FE_POIS_level_pl-1_rgb-1536x197-1-1024x131.png"},{"@type":"BreadcrumbList","@id":"https:\/\/ewl.com.pl\/ewl\/de\/durchfuehrung-des-projekts-im-rahmen-des-europaeischen-regionalfonds\/#breadcrumb","itemListElement":[{"@type":"ListItem","position":1,"name":"Home","item":"https:\/\/ewl.com.pl\/ewl\/de\/"},{"@type":"ListItem","position":2,"name":"EWL S.A. f\u00fchrt ein Projekt durch, das von der EUROP\u00c4ISCHEN UNION IM RAHMEN DES EUROP\u00c4ISCHEN FONDS F\u00dcR REGIONALE ENTWICKLUNG KOFINANZIERT WIRD: Unterma\u00dfnahme 1.1.1"}]},{"@type":"WebSite","@id":"https:\/\/ewl.com.pl\/ewl\/de\/#website","url":"https:\/\/ewl.com.pl\/ewl\/de\/","name":"EWL Group","description":"","publisher":{"@id":"https:\/\/ewl.com.pl\/ewl\/de\/#organization"},"potentialAction":[{"@type":"SearchAction","target":{"@type":"EntryPoint","urlTemplate":"https:\/\/ewl.com.pl\/ewl\/de\/?s={search_term_string}"},"query-input":{"@type":"PropertyValueSpecification","valueRequired":true,"valueName":"search_term_string"}}],"inLanguage":"de-DE"},{"@type":"Organization","@id":"https:\/\/ewl.com.pl\/ewl\/de\/#organization","name":"EWL Group","url":"https:\/\/ewl.com.pl\/ewl\/de\/","logo":{"@type":"ImageObject","inLanguage":"de-DE","@id":"https:\/\/ewl.com.pl\/ewl\/de\/#\/schema\/logo\/image\/","url":"https:\/\/ewl.com.pl\/wp-content\/uploads\/2020\/06\/logo-white@2x.png","contentUrl":"https:\/\/ewl.com.pl\/wp-content\/uploads\/2020\/06\/logo-white@2x.png","width":312,"height":130,"caption":"EWL Group"},"image":{"@id":"https:\/\/ewl.com.pl\/ewl\/de\/#\/schema\/logo\/image\/"}}]}},"_links":{"self":[{"href":"https:\/\/ewl.com.pl\/ewl\/de\/wp-json\/wp\/v2\/pages\/55394","targetHints":{"allow":["GET"]}}],"collection":[{"href":"https:\/\/ewl.com.pl\/ewl\/de\/wp-json\/wp\/v2\/pages"}],"about":[{"href":"https:\/\/ewl.com.pl\/ewl\/de\/wp-json\/wp\/v2\/types\/page"}],"author":[{"embeddable":true,"href":"https:\/\/ewl.com.pl\/ewl\/de\/wp-json\/wp\/v2\/users\/42"}],"replies":[{"embeddable":true,"href":"https:\/\/ewl.com.pl\/ewl\/de\/wp-json\/wp\/v2\/comments?post=55394"}],"version-history":[{"count":1,"href":"https:\/\/ewl.com.pl\/ewl\/de\/wp-json\/wp\/v2\/pages\/55394\/revisions"}],"predecessor-version":[{"id":55419,"href":"https:\/\/ewl.com.pl\/ewl\/de\/wp-json\/wp\/v2\/pages\/55394\/revisions\/55419"}],"wp:attachment":[{"href":"https:\/\/ewl.com.pl\/ewl\/de\/wp-json\/wp\/v2\/media?parent=55394"}],"curies":[{"name":"wp","href":"https:\/\/api.w.org\/{rel}","templated":true}]}}