{"id":55290,"date":"2020-05-15T12:53:16","date_gmt":"2020-05-15T10:53:16","guid":{"rendered":"https:\/\/ewl.com.pl\/rozwoj-sieci-rekrutacyjnej\/"},"modified":"2022-04-14T21:11:34","modified_gmt":"2022-04-14T19:11:34","slug":"entwicklung-des-rekrutierungsnetzwerks","status":"publish","type":"page","link":"https:\/\/ewl.com.pl\/ewl\/de\/entwicklung-des-rekrutierungsnetzwerks\/","title":{"rendered":"Entwicklung des Rekrutierungsnetzwerks &#8211; EWL Partners"},"content":{"rendered":"\n<p>EWL Partners ist eine globale Marke, die ein Netzwerk von EWL-Rekrutierungspartnern auf der ganzen Welt zusammenbringt. Als Arbeitsmarktf\u00fchrer haben wir eines der gr\u00f6\u00dften Rekrutierungsnetzwerke aufgebaut, das mit Partnern aus verschiedenen Regionen und L\u00e4ndern zusammenarbeitet. Jeder Personalvermittler oder Freiberufler kann sich unserem Netzwerk anschlie\u00dfen und gemeinsam das Migrationsgesch\u00e4ft nach den besten Standards von EWL entwickeln.<\/p>\n\n\n<h2 class=\"wp-block-heading\" id=\"struktur-des-ewlpartnernetzes\">Struktur des EWL-Partnernetzes<\/h2>\n\n\n<p>Marcin Ko\u0142odziejczyk ist Gesch\u00e4ftsf\u00fchrer der gesamten EWL-Rekrutierungsstruktur und verf\u00fcgt \u00fcber langj\u00e4hrige Erfahrung in der Koordination und Durchf\u00fchrung von Rekrutierungsprojekten in Polen und im Ausland. Dar\u00fcber hinaus wird die Entwicklung des Netzes der Anwerbungspartner f\u00fcr die Entwicklung der lokalen Anwerbung in bestimmten Regionen und L\u00e4ndern unterst\u00fctzt:<\/p>\n\n\n\n<hr class=\"wp-block-separator\"\/>\n\n\n\n<p><strong>Stanislav Dombrovskyy<\/strong> &#8211; <a href=\"http:\/\/ewlpraca.com.ua\/\">http:\/\/ewlpraca.com.ua\/<\/a>  |&nbsp;&nbsp; <a href=\"&#109;a&#x69;l&#x74;o&#x3a;s&#x74;a&#x6e;i&#x73;&#108;&#x61;&#118;&#x2e;&#100;&#x6f;&#109;&#x62;&#114;&#x6f;&#118;&#x73;&#107;y&#x69;&#64;&#x65;w&#x6c;u&#x6b;r&#x61;i&#x6e;&#97;&#x2e;&#99;&#x6f;&#109;\"><strong>Kontakt<\/strong><\/a><\/p>\n\n\n\n<hr class=\"wp-block-separator\"\/>\n\n\n\n<p><strong>Mariana Semeniuk<\/strong> &#8211; <a href=\"https:\/\/ewlit.com.pl\/\">https:\/\/ewlit.com.pl\/<\/a>&nbsp;&nbsp; |&nbsp;&nbsp; <a href=\"&#x6d;&#x61;&#105;&#108;t&#x6f;&#x3a;&#x6d;&#97;&#114;i&#x61;&#x6e;&#x61;&#46;&#115;e&#x6d;&#x65;&#x6e;&#105;&#117;k&#x40;&#x65;&#x77;&#108;&#46;c&#x6f;&#x6d;&#x2e;&#112;l\"><strong>Kontakt<\/strong><\/a><\/p>\n\n\n\n<hr class=\"wp-block-separator\"\/>\n\n\n\n<p><strong>Irena Kowalik<\/strong> &#8211; <a href=\"https:\/\/struktura.ewlpartnerswarszawa.pl\/\">https:\/\/struktura.ewlpartnerswarszawa.pl\/<\/a>&nbsp;&nbsp; |&nbsp;&nbsp; <a href=\"m&#97;&#105;&#x6c;&#x74;o:&#105;&#114;&#x79;&#x6e;a&#46;&#107;&#111;&#x77;&#x61;li&#107;&#x40;&#x65;&#x77;l&#46;&#99;&#x6f;&#x6d;&#x2e;p&#108;\"><strong>Kontakt<\/strong><\/a><\/p>\n\n\n\n<hr class=\"wp-block-separator\"\/>\n\n\n\n<p><strong>Walery O\u017cog &#8211; <\/strong>Moldawien, Asien, Afrika, S\u00fcdamerika &nbsp;&nbsp;|&nbsp;&nbsp; <a href=\"&#x6d;&#97;i&#x6c;&#116;o&#x3a;&#119;a&#x6c;&#101;r&#x79;&#46;o&#x2e;&#115;i&#x72;&#107;o&#x77;&#115;k&#x69;&#64;e&#x77;&#108;&#46;&#x63;&#111;m&#x2e;&#112;l\"><strong>Kontakt<\/strong><\/a><\/p>\n\n\n\n<hr class=\"wp-block-separator\"\/>\n\n\n\n<p><strong>Ina Rudenka &#8211; <\/strong>Wei\u00dfrussland &nbsp;&nbsp;|&nbsp; &nbsp;<a href=\"&#x6d;&#x61;&#x69;&#x6c;&#x74;&#x6f;&#x3a;&#105;&#110;&#97;&#46;&#114;uden&#x6b;&#x61;&#x40;&#x65;&#x77;&#x6c;&#x2e;&#x63;&#111;&#109;&#46;&#112;&#108;\"><strong>Kontakt<\/strong><\/a><\/p>\n\n\n\n<hr class=\"wp-block-separator\"\/>\n\n\n\n<p><strong>Alina Necewicz<\/strong> &#8211; Einstellung von technischem Personal&nbsp;&nbsp; |&nbsp;&nbsp; <a href=\"m&#97;&#105;&#x6c;&#x74;&#x6f;:&#97;&#108;&#x69;&#x6e;&#x61;&#46;n&#101;&#x63;&#x65;&#x77;ic&#122;&#64;&#x65;&#x77;&#x6c;&#46;&#99;&#111;&#x6d;&#x2e;&#x70;l\"><strong>Kontakt<\/strong><\/a><\/p>\n\n\n\n<hr class=\"wp-block-separator\"\/>\n\n\n<h2 class=\"wp-block-heading\" id=\"zusammenarbeit-mit-ewl-partners\">Zusammenarbeit mit EWL Partners<\/h2>\n\n\n<p>Partner, die an einer <strong>Zusammenarbeit bei der Personalbeschaffung<\/strong> interessiert sind, werden gebeten, sich an die oben genannten Strukturen zu wenden oder sich via <strong><a href=\"https:\/\/ewl.com.pl\/de\/mitarbeiter-leasing\/\">Kontaktformular<\/a><\/strong> zu melden.<\/p>\n\n\n\n<p>Jeder der EWL-Rekrutierungspartner hat die M\u00f6glichkeit, eine eigene, kostenlose Rekrutierungs-Website zu nutzen, auf der <strong>alle Stellenangebote von EWL<\/strong> pr\u00e4sentiert werden. So k\u00f6nnen die Bewerber bequem und problemlos die verf\u00fcgbaren Stellen durchsuchen und sich bewerben. Der Personalverantwortliche erf\u00e4hrt kurz nach der \u00dcbermittlung der Bewerbung \u00fcber den Bewerber.<\/p>\n\n\n\n<p><strong>Wir laden Sie zur Zusammenarbeit ein!<\/strong><\/p>\n","protected":false},"excerpt":{"rendered":"<p>EWL Partners ist eine globale Marke, die ein Netzwerk von EWL-Rekrutierungspartnern auf der ganzen Welt zusammenbringt. Als Arbeitsmarktf\u00fchrer haben wir eines der gr\u00f6\u00dften Rekrutierungsnetzwerke aufgebaut, das mit Partnern aus verschiedenen Regionen und L\u00e4ndern zusammenarbeitet. Jeder Personalvermittler oder Freiberufler kann sich unserem Netzwerk anschlie\u00dfen und gemeinsam das Migrationsgesch\u00e4ft nach den besten Standards von EWL entwickeln. Struktur [&hellip;]<\/p>\n","protected":false},"author":1,"featured_media":0,"parent":0,"menu_order":0,"comment_status":"closed","ping_status":"closed","template":"","meta":{"_acf_changed":false,"footnotes":""},"class_list":["post-55290","page","type-page","status-publish","hentry"],"acf":[],"yoast_head":"<!-- This site is optimized with the Yoast SEO plugin v24.9 - https:\/\/yoast.com\/wordpress\/plugins\/seo\/ -->\n<title>Werden Sie Rekrutierungspartner in einer Arbeitsagentur - EWL Partners<\/title>\n<meta name=\"description\" content=\"Eine der am schnellsten wachsenden Arbeitsagenturen der Welt. Kontaktieren Sie uns f\u00fcr eine Zusammenarbeit und Unterst\u00fctzung bei der Rekrutierung von Mitarbeitern f\u00fcr die Arbeit im Ausland.\" \/>\n<meta name=\"robots\" content=\"index, follow, max-snippet:-1, max-image-preview:large, max-video-preview:-1\" \/>\n<link rel=\"canonical\" href=\"https:\/\/ewl.com.pl\/ewl\/de\/entwicklung-des-rekrutierungsnetzwerks\/\" \/>\n<meta property=\"og:locale\" content=\"de_DE\" \/>\n<meta property=\"og:type\" content=\"article\" \/>\n<meta property=\"og:title\" content=\"Werden Sie Rekrutierungspartner in einer Arbeitsagentur - EWL Partners\" \/>\n<meta property=\"og:description\" content=\"Eine der am schnellsten wachsenden Arbeitsagenturen der Welt. Kontaktieren Sie uns f\u00fcr eine Zusammenarbeit und Unterst\u00fctzung bei der Rekrutierung von Mitarbeitern f\u00fcr die Arbeit im Ausland.\" \/>\n<meta property=\"og:url\" content=\"https:\/\/ewl.com.pl\/ewl\/de\/entwicklung-des-rekrutierungsnetzwerks\/\" \/>\n<meta property=\"og:site_name\" content=\"EWL Group\" \/>\n<meta property=\"article:modified_time\" content=\"2022-04-14T19:11:34+00:00\" \/>\n<meta name=\"twitter:card\" content=\"summary_large_image\" \/>\n<meta name=\"twitter:label1\" content=\"Est. reading time\" \/>\n\t<meta name=\"twitter:data1\" content=\"2 Minuten\" \/>\n<script type=\"application\/ld+json\" class=\"yoast-schema-graph\">{\"@context\":\"https:\/\/schema.org\",\"@graph\":[{\"@type\":\"WebPage\",\"@id\":\"https:\/\/ewl.com.pl\/ewl\/de\/entwicklung-des-rekrutierungsnetzwerks\/\",\"url\":\"https:\/\/ewl.com.pl\/ewl\/de\/entwicklung-des-rekrutierungsnetzwerks\/\",\"name\":\"Werden Sie Rekrutierungspartner in einer Arbeitsagentur - EWL Partners\",\"isPartOf\":{\"@id\":\"https:\/\/ewl.com.pl\/ewl\/de\/#website\"},\"datePublished\":\"2020-05-15T10:53:16+00:00\",\"dateModified\":\"2022-04-14T19:11:34+00:00\",\"description\":\"Eine der am schnellsten wachsenden Arbeitsagenturen der Welt. Kontaktieren Sie uns f\u00fcr eine Zusammenarbeit und Unterst\u00fctzung bei der Rekrutierung von Mitarbeitern f\u00fcr die Arbeit im Ausland.\",\"breadcrumb\":{\"@id\":\"https:\/\/ewl.com.pl\/ewl\/de\/entwicklung-des-rekrutierungsnetzwerks\/#breadcrumb\"},\"inLanguage\":\"de-DE\",\"potentialAction\":[{\"@type\":\"ReadAction\",\"target\":[\"https:\/\/ewl.com.pl\/ewl\/de\/entwicklung-des-rekrutierungsnetzwerks\/\"]}]},{\"@type\":\"BreadcrumbList\",\"@id\":\"https:\/\/ewl.com.pl\/ewl\/de\/entwicklung-des-rekrutierungsnetzwerks\/#breadcrumb\",\"itemListElement\":[{\"@type\":\"ListItem\",\"position\":1,\"name\":\"Home\",\"item\":\"https:\/\/ewl.com.pl\/ewl\/de\/\"},{\"@type\":\"ListItem\",\"position\":2,\"name\":\"Entwicklung des Rekrutierungsnetzwerks &#8211; EWL Partners\"}]},{\"@type\":\"WebSite\",\"@id\":\"https:\/\/ewl.com.pl\/ewl\/de\/#website\",\"url\":\"https:\/\/ewl.com.pl\/ewl\/de\/\",\"name\":\"EWL Group\",\"description\":\"\",\"publisher\":{\"@id\":\"https:\/\/ewl.com.pl\/ewl\/de\/#organization\"},\"potentialAction\":[{\"@type\":\"SearchAction\",\"target\":{\"@type\":\"EntryPoint\",\"urlTemplate\":\"https:\/\/ewl.com.pl\/ewl\/de\/?s={search_term_string}\"},\"query-input\":{\"@type\":\"PropertyValueSpecification\",\"valueRequired\":true,\"valueName\":\"search_term_string\"}}],\"inLanguage\":\"de-DE\"},{\"@type\":\"Organization\",\"@id\":\"https:\/\/ewl.com.pl\/ewl\/de\/#organization\",\"name\":\"EWL Group\",\"url\":\"https:\/\/ewl.com.pl\/ewl\/de\/\",\"logo\":{\"@type\":\"ImageObject\",\"inLanguage\":\"de-DE\",\"@id\":\"https:\/\/ewl.com.pl\/ewl\/de\/#\/schema\/logo\/image\/\",\"url\":\"https:\/\/ewl.com.pl\/wp-content\/uploads\/2020\/06\/logo-white@2x.png\",\"contentUrl\":\"https:\/\/ewl.com.pl\/wp-content\/uploads\/2020\/06\/logo-white@2x.png\",\"width\":312,\"height\":130,\"caption\":\"EWL Group\"},\"image\":{\"@id\":\"https:\/\/ewl.com.pl\/ewl\/de\/#\/schema\/logo\/image\/\"}}]}<\/script>\n<!-- \/ Yoast SEO plugin. -->","yoast_head_json":{"title":"Werden Sie Rekrutierungspartner in einer Arbeitsagentur - EWL Partners","description":"Eine der am schnellsten wachsenden Arbeitsagenturen der Welt. Kontaktieren Sie uns f\u00fcr eine Zusammenarbeit und Unterst\u00fctzung bei der Rekrutierung von Mitarbeitern f\u00fcr die Arbeit im Ausland.","robots":{"index":"index","follow":"follow","max-snippet":"max-snippet:-1","max-image-preview":"max-image-preview:large","max-video-preview":"max-video-preview:-1"},"canonical":"https:\/\/ewl.com.pl\/ewl\/de\/entwicklung-des-rekrutierungsnetzwerks\/","og_locale":"de_DE","og_type":"article","og_title":"Werden Sie Rekrutierungspartner in einer Arbeitsagentur - EWL Partners","og_description":"Eine der am schnellsten wachsenden Arbeitsagenturen der Welt. Kontaktieren Sie uns f\u00fcr eine Zusammenarbeit und Unterst\u00fctzung bei der Rekrutierung von Mitarbeitern f\u00fcr die Arbeit im Ausland.","og_url":"https:\/\/ewl.com.pl\/ewl\/de\/entwicklung-des-rekrutierungsnetzwerks\/","og_site_name":"EWL Group","article_modified_time":"2022-04-14T19:11:34+00:00","twitter_card":"summary_large_image","twitter_misc":{"Est. reading time":"2 Minuten"},"schema":{"@context":"https:\/\/schema.org","@graph":[{"@type":"WebPage","@id":"https:\/\/ewl.com.pl\/ewl\/de\/entwicklung-des-rekrutierungsnetzwerks\/","url":"https:\/\/ewl.com.pl\/ewl\/de\/entwicklung-des-rekrutierungsnetzwerks\/","name":"Werden Sie Rekrutierungspartner in einer Arbeitsagentur - EWL Partners","isPartOf":{"@id":"https:\/\/ewl.com.pl\/ewl\/de\/#website"},"datePublished":"2020-05-15T10:53:16+00:00","dateModified":"2022-04-14T19:11:34+00:00","description":"Eine der am schnellsten wachsenden Arbeitsagenturen der Welt. Kontaktieren Sie uns f\u00fcr eine Zusammenarbeit und Unterst\u00fctzung bei der Rekrutierung von Mitarbeitern f\u00fcr die Arbeit im Ausland.","breadcrumb":{"@id":"https:\/\/ewl.com.pl\/ewl\/de\/entwicklung-des-rekrutierungsnetzwerks\/#breadcrumb"},"inLanguage":"de-DE","potentialAction":[{"@type":"ReadAction","target":["https:\/\/ewl.com.pl\/ewl\/de\/entwicklung-des-rekrutierungsnetzwerks\/"]}]},{"@type":"BreadcrumbList","@id":"https:\/\/ewl.com.pl\/ewl\/de\/entwicklung-des-rekrutierungsnetzwerks\/#breadcrumb","itemListElement":[{"@type":"ListItem","position":1,"name":"Home","item":"https:\/\/ewl.com.pl\/ewl\/de\/"},{"@type":"ListItem","position":2,"name":"Entwicklung des Rekrutierungsnetzwerks &#8211; EWL Partners"}]},{"@type":"WebSite","@id":"https:\/\/ewl.com.pl\/ewl\/de\/#website","url":"https:\/\/ewl.com.pl\/ewl\/de\/","name":"EWL Group","description":"","publisher":{"@id":"https:\/\/ewl.com.pl\/ewl\/de\/#organization"},"potentialAction":[{"@type":"SearchAction","target":{"@type":"EntryPoint","urlTemplate":"https:\/\/ewl.com.pl\/ewl\/de\/?s={search_term_string}"},"query-input":{"@type":"PropertyValueSpecification","valueRequired":true,"valueName":"search_term_string"}}],"inLanguage":"de-DE"},{"@type":"Organization","@id":"https:\/\/ewl.com.pl\/ewl\/de\/#organization","name":"EWL Group","url":"https:\/\/ewl.com.pl\/ewl\/de\/","logo":{"@type":"ImageObject","inLanguage":"de-DE","@id":"https:\/\/ewl.com.pl\/ewl\/de\/#\/schema\/logo\/image\/","url":"https:\/\/ewl.com.pl\/wp-content\/uploads\/2020\/06\/logo-white@2x.png","contentUrl":"https:\/\/ewl.com.pl\/wp-content\/uploads\/2020\/06\/logo-white@2x.png","width":312,"height":130,"caption":"EWL Group"},"image":{"@id":"https:\/\/ewl.com.pl\/ewl\/de\/#\/schema\/logo\/image\/"}}]}},"_links":{"self":[{"href":"https:\/\/ewl.com.pl\/ewl\/de\/wp-json\/wp\/v2\/pages\/55290","targetHints":{"allow":["GET"]}}],"collection":[{"href":"https:\/\/ewl.com.pl\/ewl\/de\/wp-json\/wp\/v2\/pages"}],"about":[{"href":"https:\/\/ewl.com.pl\/ewl\/de\/wp-json\/wp\/v2\/types\/page"}],"author":[{"embeddable":true,"href":"https:\/\/ewl.com.pl\/ewl\/de\/wp-json\/wp\/v2\/users\/1"}],"replies":[{"embeddable":true,"href":"https:\/\/ewl.com.pl\/ewl\/de\/wp-json\/wp\/v2\/comments?post=55290"}],"version-history":[{"count":3,"href":"https:\/\/ewl.com.pl\/ewl\/de\/wp-json\/wp\/v2\/pages\/55290\/revisions"}],"predecessor-version":[{"id":55988,"href":"https:\/\/ewl.com.pl\/ewl\/de\/wp-json\/wp\/v2\/pages\/55290\/revisions\/55988"}],"wp:attachment":[{"href":"https:\/\/ewl.com.pl\/ewl\/de\/wp-json\/wp\/v2\/media?parent=55290"}],"curies":[{"name":"wp","href":"https:\/\/api.w.org\/{rel}","templated":true}]}}