{"id":55282,"date":"2020-05-15T12:53:31","date_gmt":"2020-05-15T10:53:31","guid":{"rendered":"https:\/\/ewl.com.pl\/wynajem-nieruchomosci-dla-pracownikow\/"},"modified":"2022-04-14T21:09:23","modified_gmt":"2022-04-14T19:09:23","slug":"vermietung-von-immobilien-fuer-mitarbeiter","status":"publish","type":"page","link":"https:\/\/ewl.com.pl\/ewl\/de\/vermietung-von-immobilien-fuer-mitarbeiter\/","title":{"rendered":"Anmietung von Immobilien f\u00fcr Arbeitnehmer"},"content":{"rendered":"","protected":false},"excerpt":{"rendered":"","protected":false},"author":1,"featured_media":0,"parent":0,"menu_order":0,"comment_status":"closed","ping_status":"closed","template":"","meta":{"_acf_changed":false,"footnotes":""},"class_list":["post-55282","page","type-page","status-publish","hentry"],"acf":[],"yoast_head":"<!-- This site is optimized with the Yoast SEO plugin v24.9 - https:\/\/yoast.com\/wordpress\/plugins\/seo\/ -->\n<title>Immobilien f\u00fcr EWL Mitarbeiter - Mitarbeiterunterk\u00fcnfte und Hotels<\/title>\n<meta name=\"description\" content=\"Bieten Sie Wohnungen, Hotels oder Unterk\u00fcnfte f\u00fcr von EWL geworbene Mitarbeiter an? Kontaktieren Sie uns, um ein Mietangebot f\u00fcr Immobilien zu unterbreiten.\" \/>\n<meta name=\"robots\" content=\"index, follow, max-snippet:-1, max-image-preview:large, max-video-preview:-1\" \/>\n<link rel=\"canonical\" href=\"https:\/\/ewl.com.pl\/ewl\/de\/vermietung-von-immobilien-fuer-mitarbeiter\/\" \/>\n<meta property=\"og:locale\" content=\"de_DE\" \/>\n<meta property=\"og:type\" content=\"article\" \/>\n<meta property=\"og:title\" content=\"Immobilien f\u00fcr EWL Mitarbeiter - Mitarbeiterunterk\u00fcnfte und Hotels\" \/>\n<meta property=\"og:description\" content=\"Bieten Sie Wohnungen, Hotels oder Unterk\u00fcnfte f\u00fcr von EWL geworbene Mitarbeiter an? Kontaktieren Sie uns, um ein Mietangebot f\u00fcr Immobilien zu unterbreiten.\" \/>\n<meta property=\"og:url\" content=\"https:\/\/ewl.com.pl\/ewl\/de\/vermietung-von-immobilien-fuer-mitarbeiter\/\" \/>\n<meta property=\"og:site_name\" content=\"EWL Group\" \/>\n<meta property=\"article:modified_time\" content=\"2022-04-14T19:09:23+00:00\" \/>\n<meta name=\"twitter:card\" content=\"summary_large_image\" \/>\n<script type=\"application\/ld+json\" class=\"yoast-schema-graph\">{\"@context\":\"https:\/\/schema.org\",\"@graph\":[{\"@type\":\"WebPage\",\"@id\":\"https:\/\/ewl.com.pl\/ewl\/de\/vermietung-von-immobilien-fuer-mitarbeiter\/\",\"url\":\"https:\/\/ewl.com.pl\/ewl\/de\/vermietung-von-immobilien-fuer-mitarbeiter\/\",\"name\":\"Immobilien f\u00fcr EWL Mitarbeiter - Mitarbeiterunterk\u00fcnfte und Hotels\",\"isPartOf\":{\"@id\":\"https:\/\/ewl.com.pl\/ewl\/de\/#website\"},\"datePublished\":\"2020-05-15T10:53:31+00:00\",\"dateModified\":\"2022-04-14T19:09:23+00:00\",\"description\":\"Bieten Sie Wohnungen, Hotels oder Unterk\u00fcnfte f\u00fcr von EWL geworbene Mitarbeiter an? Kontaktieren Sie uns, um ein Mietangebot f\u00fcr Immobilien zu unterbreiten.\",\"breadcrumb\":{\"@id\":\"https:\/\/ewl.com.pl\/ewl\/de\/vermietung-von-immobilien-fuer-mitarbeiter\/#breadcrumb\"},\"inLanguage\":\"de-DE\",\"potentialAction\":[{\"@type\":\"ReadAction\",\"target\":[\"https:\/\/ewl.com.pl\/ewl\/de\/vermietung-von-immobilien-fuer-mitarbeiter\/\"]}]},{\"@type\":\"BreadcrumbList\",\"@id\":\"https:\/\/ewl.com.pl\/ewl\/de\/vermietung-von-immobilien-fuer-mitarbeiter\/#breadcrumb\",\"itemListElement\":[{\"@type\":\"ListItem\",\"position\":1,\"name\":\"Home\",\"item\":\"https:\/\/ewl.com.pl\/ewl\/de\/\"},{\"@type\":\"ListItem\",\"position\":2,\"name\":\"Anmietung von Immobilien f\u00fcr Arbeitnehmer\"}]},{\"@type\":\"WebSite\",\"@id\":\"https:\/\/ewl.com.pl\/ewl\/de\/#website\",\"url\":\"https:\/\/ewl.com.pl\/ewl\/de\/\",\"name\":\"EWL Group\",\"description\":\"\",\"publisher\":{\"@id\":\"https:\/\/ewl.com.pl\/ewl\/de\/#organization\"},\"potentialAction\":[{\"@type\":\"SearchAction\",\"target\":{\"@type\":\"EntryPoint\",\"urlTemplate\":\"https:\/\/ewl.com.pl\/ewl\/de\/?s={search_term_string}\"},\"query-input\":{\"@type\":\"PropertyValueSpecification\",\"valueRequired\":true,\"valueName\":\"search_term_string\"}}],\"inLanguage\":\"de-DE\"},{\"@type\":\"Organization\",\"@id\":\"https:\/\/ewl.com.pl\/ewl\/de\/#organization\",\"name\":\"EWL Group\",\"url\":\"https:\/\/ewl.com.pl\/ewl\/de\/\",\"logo\":{\"@type\":\"ImageObject\",\"inLanguage\":\"de-DE\",\"@id\":\"https:\/\/ewl.com.pl\/ewl\/de\/#\/schema\/logo\/image\/\",\"url\":\"https:\/\/ewl.com.pl\/wp-content\/uploads\/2020\/06\/logo-white@2x.png\",\"contentUrl\":\"https:\/\/ewl.com.pl\/wp-content\/uploads\/2020\/06\/logo-white@2x.png\",\"width\":312,\"height\":130,\"caption\":\"EWL Group\"},\"image\":{\"@id\":\"https:\/\/ewl.com.pl\/ewl\/de\/#\/schema\/logo\/image\/\"}}]}<\/script>\n<!-- \/ Yoast SEO plugin. -->","yoast_head_json":{"title":"Immobilien f\u00fcr EWL Mitarbeiter - Mitarbeiterunterk\u00fcnfte und Hotels","description":"Bieten Sie Wohnungen, Hotels oder Unterk\u00fcnfte f\u00fcr von EWL geworbene Mitarbeiter an? Kontaktieren Sie uns, um ein Mietangebot f\u00fcr Immobilien zu unterbreiten.","robots":{"index":"index","follow":"follow","max-snippet":"max-snippet:-1","max-image-preview":"max-image-preview:large","max-video-preview":"max-video-preview:-1"},"canonical":"https:\/\/ewl.com.pl\/ewl\/de\/vermietung-von-immobilien-fuer-mitarbeiter\/","og_locale":"de_DE","og_type":"article","og_title":"Immobilien f\u00fcr EWL Mitarbeiter - Mitarbeiterunterk\u00fcnfte und Hotels","og_description":"Bieten Sie Wohnungen, Hotels oder Unterk\u00fcnfte f\u00fcr von EWL geworbene Mitarbeiter an? Kontaktieren Sie uns, um ein Mietangebot f\u00fcr Immobilien zu unterbreiten.","og_url":"https:\/\/ewl.com.pl\/ewl\/de\/vermietung-von-immobilien-fuer-mitarbeiter\/","og_site_name":"EWL Group","article_modified_time":"2022-04-14T19:09:23+00:00","twitter_card":"summary_large_image","schema":{"@context":"https:\/\/schema.org","@graph":[{"@type":"WebPage","@id":"https:\/\/ewl.com.pl\/ewl\/de\/vermietung-von-immobilien-fuer-mitarbeiter\/","url":"https:\/\/ewl.com.pl\/ewl\/de\/vermietung-von-immobilien-fuer-mitarbeiter\/","name":"Immobilien f\u00fcr EWL Mitarbeiter - Mitarbeiterunterk\u00fcnfte und Hotels","isPartOf":{"@id":"https:\/\/ewl.com.pl\/ewl\/de\/#website"},"datePublished":"2020-05-15T10:53:31+00:00","dateModified":"2022-04-14T19:09:23+00:00","description":"Bieten Sie Wohnungen, Hotels oder Unterk\u00fcnfte f\u00fcr von EWL geworbene Mitarbeiter an? Kontaktieren Sie uns, um ein Mietangebot f\u00fcr Immobilien zu unterbreiten.","breadcrumb":{"@id":"https:\/\/ewl.com.pl\/ewl\/de\/vermietung-von-immobilien-fuer-mitarbeiter\/#breadcrumb"},"inLanguage":"de-DE","potentialAction":[{"@type":"ReadAction","target":["https:\/\/ewl.com.pl\/ewl\/de\/vermietung-von-immobilien-fuer-mitarbeiter\/"]}]},{"@type":"BreadcrumbList","@id":"https:\/\/ewl.com.pl\/ewl\/de\/vermietung-von-immobilien-fuer-mitarbeiter\/#breadcrumb","itemListElement":[{"@type":"ListItem","position":1,"name":"Home","item":"https:\/\/ewl.com.pl\/ewl\/de\/"},{"@type":"ListItem","position":2,"name":"Anmietung von Immobilien f\u00fcr Arbeitnehmer"}]},{"@type":"WebSite","@id":"https:\/\/ewl.com.pl\/ewl\/de\/#website","url":"https:\/\/ewl.com.pl\/ewl\/de\/","name":"EWL Group","description":"","publisher":{"@id":"https:\/\/ewl.com.pl\/ewl\/de\/#organization"},"potentialAction":[{"@type":"SearchAction","target":{"@type":"EntryPoint","urlTemplate":"https:\/\/ewl.com.pl\/ewl\/de\/?s={search_term_string}"},"query-input":{"@type":"PropertyValueSpecification","valueRequired":true,"valueName":"search_term_string"}}],"inLanguage":"de-DE"},{"@type":"Organization","@id":"https:\/\/ewl.com.pl\/ewl\/de\/#organization","name":"EWL Group","url":"https:\/\/ewl.com.pl\/ewl\/de\/","logo":{"@type":"ImageObject","inLanguage":"de-DE","@id":"https:\/\/ewl.com.pl\/ewl\/de\/#\/schema\/logo\/image\/","url":"https:\/\/ewl.com.pl\/wp-content\/uploads\/2020\/06\/logo-white@2x.png","contentUrl":"https:\/\/ewl.com.pl\/wp-content\/uploads\/2020\/06\/logo-white@2x.png","width":312,"height":130,"caption":"EWL Group"},"image":{"@id":"https:\/\/ewl.com.pl\/ewl\/de\/#\/schema\/logo\/image\/"}}]}},"_links":{"self":[{"href":"https:\/\/ewl.com.pl\/ewl\/de\/wp-json\/wp\/v2\/pages\/55282","targetHints":{"allow":["GET"]}}],"collection":[{"href":"https:\/\/ewl.com.pl\/ewl\/de\/wp-json\/wp\/v2\/pages"}],"about":[{"href":"https:\/\/ewl.com.pl\/ewl\/de\/wp-json\/wp\/v2\/types\/page"}],"author":[{"embeddable":true,"href":"https:\/\/ewl.com.pl\/ewl\/de\/wp-json\/wp\/v2\/users\/1"}],"replies":[{"embeddable":true,"href":"https:\/\/ewl.com.pl\/ewl\/de\/wp-json\/wp\/v2\/comments?post=55282"}],"version-history":[{"count":4,"href":"https:\/\/ewl.com.pl\/ewl\/de\/wp-json\/wp\/v2\/pages\/55282\/revisions"}],"predecessor-version":[{"id":55987,"href":"https:\/\/ewl.com.pl\/ewl\/de\/wp-json\/wp\/v2\/pages\/55282\/revisions\/55987"}],"wp:attachment":[{"href":"https:\/\/ewl.com.pl\/ewl\/de\/wp-json\/wp\/v2\/media?parent=55282"}],"curies":[{"name":"wp","href":"https:\/\/api.w.org\/{rel}","templated":true}]}}