{"id":55271,"date":"2021-02-24T09:10:05","date_gmt":"2021-02-24T08:10:05","guid":{"rendered":"https:\/\/ewl.com.pl\/pracownicy-tymczasowi\/"},"modified":"2022-04-11T13:10:34","modified_gmt":"2022-04-11T11:10:34","slug":"zeitarbeiter","status":"publish","type":"page","link":"https:\/\/ewl.com.pl\/ewl\/de\/zeitarbeiter\/","title":{"rendered":"Leiharbeitnehmer &#8211; Anwerbung und Besch\u00e4ftigung"},"content":{"rendered":"\n<div class=\"wp-block-image\"><figure class=\"alignright size-full is-resized\"><img loading=\"lazy\" decoding=\"async\" src=\"https:\/\/ewl.com.pl\/wp-content\/uploads\/2022\/03\/beschaftigung-von-auslandern-leasing-vermietung-ewl-group-300x200-1.jpg\" alt=\"EWL-Agentur - Einstellung von mitarbeitern \" class=\"wp-image-54768\" width=\"313\" height=\"181\"\/><\/figure><\/div>\n\n\n\n<p>Durch die rasante wirtschaftliche Entwicklung und die damit verbundene steigende Nachfrage nach Arbeitskr\u00e4ften wird es immer schwieriger, Bewerber f\u00fcr einen Arbeitsplatz zu finden. Viele Unternehmen, Produktionsbetriebe, Logistikunternehmen, internationale Konzerne und einheimische Unternehmer entscheiden sich f\u00fcr eine bew\u00e4hrte und effektive L\u00f6sung &#8211; die <strong>Arbeitnehmer\u00fcberlassung<\/strong> in Zusammenarbeit mit einer spezialisierten Zeitarbeitsfirma.<\/p>\n\n\n\n<p><\/p>\n\n\n<h2 class=\"wp-block-heading\" id=\"beschaeftigung-von-leiharbeitnehmern\">Besch\u00e4ftigung von Leiharbeitnehmern<\/h2>\n\n\n<p><strong>Die Einstellung von Zeitarbeitskr\u00e4ften, <\/strong>ihre Besch\u00e4ftigung und die anschlie\u00dfenden Personal- und Lohnverrechnungsdienste sind Aufgaben, die einem bew\u00e4hrten und erfahrenen Gesch\u00e4ftspartner anvertraut werden sollten. Unsere Unternehmensstrukturen erm\u00f6glichen es uns, auch gro\u00dfe Mengen an Zeitarbeitskr\u00e4ften schnell und effizient einzustellen. Im Rahmen der Arbeitnehmer\u00fcberlassung bieten wir u. a.:<\/p>\n\n\n\n<ul class=\"wp-block-list\"><li><strong>Genaue Analyse des Besch\u00e4ftigungsbedarfs und der Besch\u00e4ftigungsm\u00f6glichkeiten<\/strong><\/li><li><strong>Schnelle Rekrutierung und Auswahl von Zeitarbeitskr\u00e4ften<\/strong><\/li><li><strong>Dienstleistungen zur Legalisierung von Besch\u00e4ftigung und Aufenthalt<\/strong><\/li><li><strong>Reisetransfer und Unterbringung von Arbeitnehmern<\/strong><\/li><li><strong>Umfassende Projektverwaltung<\/strong><\/li><li><strong>Dauerhafte Unterst\u00fctzung durch den EWL-Koordinator<\/strong><\/li><\/ul>\n\n\n\n<p><\/p>\n\n\n\n<hr class=\"wp-block-separator\"\/>\n\n\n\n<p><\/p>\n\n\n\n\n\n<center><a href=\"https:\/\/ewl.com.pl\/de\/kontakt\/?formSubject=zatrudnie\" class=\"btn btn__standard btn__standard--orange\">Nehmen Sie Kontakt mit uns auf!<\/a>\n<\/center>\n\n\n\n<p><\/p>\n\n\n\n<hr class=\"wp-block-separator\"\/>\n\n\n\n<p><\/p>\n\n\n<h2 class=\"wp-block-heading\" id=\"zeitarbeit-die-ideale-loesung-fuer-branchen-mit-saisonbetrieben-idealne-rozwiazanie-dla-branz-sezonowych\">Zeitarbeit &#8211; die ideale L\u00f6sung f\u00fcr Branchen mit Saisonbetrieben \u2013 idealne rozwi\u0105zanie dla bran\u017c sezonowych<\/h2>\n\n\n<p><strong>Die Zeitarbeit <\/strong>oder die Einstellung von Arbeitnehmern \u00fcber eine Arbeitsagentur ist eine L\u00f6sung, die es erm\u00f6glicht, eine flexible Besch\u00e4ftigungsstruktur zu schaffen, das Budget zu optimieren und die Kontinuit\u00e4t der Produktions- und Logistikprozesse bei Personalengp\u00e4ssen zu sichern.<\/p>\n\n\n\n<p>Saisonarbeit in Zusammenarbeit mit einer Zeitarbeitsfirma ist mit vielen Vorteilen verbunden, sowohl f\u00fcr den Arbeitnehmer als auch f\u00fcr den Arbeitgeber. <strong>Ein Saisonarbeiter arbeitet<\/strong> in der Regel zu flexiblen Zeiten, so dass er die M\u00f6glichkeit hat, eine bezahlte Arbeit mit einem Studium oder anderen Aufgaben zu verbinden.<\/p>\n\n\n\n<p>Au\u00dferdem sammeln sie Erfahrungen, die sie auf dem Arbeitsmarkt wettbewerbsf\u00e4higer machen. <strong>Saisonarbeitskr\u00e4fte<\/strong>, die \u00fcber eine Arbeitsvermittlungsagentur besch\u00e4ftigt werden, bedeuten ein Minimum an Pflichten und Engagement seitens des entleihenden Arbeitgebers. Der gesamte Prozess der Anwerbung, Einstellung und Abrechnung des eingestellten Mitarbeiters wird von Spezialisten des EWL-Teams \u00fcberwacht.<\/p>\n\n\n<h2 class=\"wp-block-heading\" id=\"leiharbeit-gesetzliche-regelungen\">Leiharbeit \u2013 gesetzliche Regelungen<\/h2>\n\n\n<p>Die Zeitarbeit ist im Gesetz \u00fcber die Besch\u00e4ftigung von <strong>Zeitarbeitnehmern kodifiziert<\/strong>. Dieses Dokument regelt unter anderem die H\u00f6chstdauer der Besch\u00e4ftigung eines Zeitarbeitnehmers, die Berechnung des Jahresurlaubs, die Pflichten des Arbeitgebers und listet die T\u00e4tigkeiten auf, die Saisonarbeiter nicht ausf\u00fchren d\u00fcrfen.<\/p>\n\n\n\n<p><strong>Der Zeitarbeitsvertrag <\/strong>wird zwischen dem Zeitarbeitsunternehmen<strong> <\/strong>und dem Zeitarbeitnehmer f\u00fcr einen Zeitraum von h\u00f6chstens 18 Monaten innerhalb von 36 aufeinanderfolgenden Monaten geschlossen. Im Vertrag m\u00fcssen der entleihende Arbeitgeber, der Arbeitsort, die Position oder die beauftragte T\u00e4tigkeit sowie die H\u00f6he der Verg\u00fctung angegeben werden. Es sei angemerkt, dass <strong>das Gesetz \u00fcber die Besch\u00e4ftigung von Zeitarbeitnehmern<\/strong> eindeutig besagt, dass ein Zeitarbeitnehmer in Bezug auf die Arbeitsbedingungen und das Entgelt nicht schlechter behandelt werden darf als ein Vollzeitbesch\u00e4ftigter, der dieselbe oder eine \u00e4hnliche Position innehat.<\/p>\n\n\n<h2 class=\"wp-block-heading\" id=\"zeitarbeit-im-ausland-arbeitnehmer-aus-der-ukraine-entscheiden-sich-zumeist-fuer-polen\">Zeitarbeit im Ausland &#8211; Arbeitnehmer aus der Ukraine entscheiden sich zumeist f\u00fcr Polen!<\/h2>\n\n\n<p>Polen ist ein attraktiver Arbeitsmarkt f\u00fcr <strong>Arbeitnehmer aus dem Osten<\/strong>. Kulturelle und sprachliche N\u00e4he, relativ hohe Geh\u00e4lter und einfachere Verfahren zur Legalisierung von Arbeit und Aufenthalt als in anderen EU-L\u00e4ndern machen unser Land zu einem h\u00e4ufig gew\u00e4hlten Ziel f\u00fcr Arbeitsmigration.<\/p>\n\n\n\n<p>Die Arbeitgeber sch\u00e4tzen die Arbeitnehmer aus dem Osten f\u00fcr ihr Engagement, ihre hohe Motivation, ihre Bereitschaft zu \u00dcberstunden, ihre Mobilit\u00e4t und ihre Flexibilit\u00e4t. Wenn es auf dem lokalen Markt an arbeitsbereiten Kandidaten mangelt, sind <strong><a href=\"https:\/\/ewl.com.pl\/de\/arbeiter-aus-der-ukraine-und-osteuropa\/\">Arbeiter aus der Ukraine und dem Osten<\/a><\/strong> die beste L\u00f6sung, um die Kontinuit\u00e4t der Produktionsprozesse und die weitere Entwicklung des Unternehmens zu gew\u00e4hrleisten.<\/p>\n\n\n<h2 class=\"wp-block-heading\" id=\"beschaeftigung-von-auslaendern-fuer-zeitarbeit\">Besch\u00e4ftigung von Ausl\u00e4ndern f\u00fcr Zeitarbeit<\/h2>\n\n\n<p>Bei der Einstellung und <strong><a href=\"https:\/\/ewl.com.pl\/de\/beschaeftigung-von-auslaendern\/\">Besch\u00e4ftigung von ausl\u00e4ndischen<\/a><\/strong> Arbeitnehmern muss der Arbeitgeber eine Reihe von Verpflichtungen beachten. Zun\u00e4chst ist es notwendig, <strong><a href=\"https:\/\/ewl.com.pl\/de\/legalisierung-von-arbeitsauslaendern\/\">den Aufenthalt und die Arbeit des Ausl\u00e4nders in Polen<\/a><\/strong> zu legalisieren. Dazu m\u00fcssen entsprechende Antr\u00e4ge bei staatlichen Institutionen &#8211; Bezirksarbeits\u00e4mtern oder Woiwodschafts\u00e4mtern &#8211; eingereicht werden. Dar\u00fcber hinaus m\u00fcssen Ausl\u00e4nder in den ersten Monaten ihrer T\u00e4tigkeit eine Unterkunft und eine besondere Betreuung erhalten.<\/p>\n\n\n\n<p>Ein spezialisiertes <strong>Zeitarbeitsunternehmen<\/strong> kann dabei helfen. Warschau ist die Stadt, die am h\u00e4ufigsten von Ausl\u00e4ndern zum Arbeiten und Leben gew\u00e4hlt wird. Wenn Sie sich daf\u00fcr entscheiden, Zeitarbeitskr\u00e4fte aus der Ukraine in der Hauptstadt einzustellen, m\u00fcssen Sie daran denken, sie mit vielen Informationen zu versorgen.<\/p>\n\n\n\n<p>Wie komme ich zu meinem Arbeitsplatz? Wo soll die \u00e4rztliche Untersuchung stattfinden? Mit welchem Bus gelange ich am schnellsten ins Stadtzentrum? Wie kann ich einen Termin im B\u00fcro vereinbaren? Sie m\u00fcssen das nicht selber machen! Der EWL-Koordinator f\u00fcr Zeitarbeitskr\u00e4fte \u00fcbernimmt all das und noch mehr f\u00fcr Sie!<\/p>\n\n\n\n<p class=\"has-text-align-center\" id=\"block-820175d9-549d-4e1c-a000-3223d4728ab4\"><strong>Nehmen Sie Kontakt mit uns auf!<\/strong><br>Wir werden sicherlich die beste L\u00f6sung f\u00fcr die Bed\u00fcrfnisse Ihres Unternehmens finden.<\/p>\n\n\n\n<div id=\"block-24fbfd23-a77a-4d32-a9ea-fd42e498852e\" class=\"wp-block-image\"><figure class=\"aligncenter size-full is-resized\"><img loading=\"lazy\" decoding=\"async\" src=\"https:\/\/ewl.com.pl\/wp-content\/uploads\/2022\/03\/renata-ostrowska-mitarbeiter-leasing-agentur-ewl-3.png\" alt=\"Renata Ostrowska - Agentur EWL - Einstellung von Mitarbeitern \" class=\"wp-image-54764\" width=\"200\" height=\"200\" srcset=\"https:\/\/ewl.com.pl\/ewl\/wp-content\/uploads\/2022\/03\/renata-ostrowska-mitarbeiter-leasing-agentur-ewl-3.png 300w, https:\/\/ewl.com.pl\/ewl\/wp-content\/uploads\/2022\/03\/renata-ostrowska-mitarbeiter-leasing-agentur-ewl-3-150x150.png 150w\" sizes=\"auto, (max-width: 200px) 100vw, 200px\" \/><figcaption><strong>Renata Ostrowska<\/strong><br>Stellvertretende Verkaufsleiterin der EWL-Gruppe<\/figcaption><\/figure><\/div>\n\n\n\n\n\n<center><a href=\"https:\/\/ewl.com.pl\/de\/kontakt\/?formSubject=zatrudnie\" class=\"btn btn__standard btn__standard--orange\">Nehmen Sie Kontakt mit uns auf!<\/a>\n<\/center>\n","protected":false},"excerpt":{"rendered":"<p>Durch die rasante wirtschaftliche Entwicklung und die damit verbundene steigende Nachfrage nach Arbeitskr\u00e4ften wird es immer schwieriger, Bewerber f\u00fcr einen Arbeitsplatz zu finden. Viele Unternehmen, Produktionsbetriebe, Logistikunternehmen, internationale Konzerne und einheimische Unternehmer entscheiden sich f\u00fcr eine bew\u00e4hrte und effektive L\u00f6sung &#8211; die Arbeitnehmer\u00fcberlassung in Zusammenarbeit mit einer spezialisierten Zeitarbeitsfirma. Besch\u00e4ftigung von Leiharbeitnehmern Die Einstellung von [&hellip;]<\/p>\n","protected":false},"author":42,"featured_media":0,"parent":0,"menu_order":0,"comment_status":"closed","ping_status":"closed","template":"","meta":{"_acf_changed":false,"footnotes":""},"class_list":["post-55271","page","type-page","status-publish","hentry"],"acf":[],"yoast_head":"<!-- This site is optimized with the Yoast SEO plugin v24.9 - https:\/\/yoast.com\/wordpress\/plugins\/seo\/ -->\n<title>Zeitarbeiter f\u00fcr Ihr Unternehmen - Mitarbeitervermietung mit EWL<\/title>\n<meta name=\"description\" content=\"Bei der Einstellung von Zeitarbeitern von EWL geht es darum, Bewerber schnell zu gewinnen und ihren Aufenthalt und ihre Besch\u00e4ftigung zu legalisieren.\" \/>\n<meta name=\"robots\" content=\"index, follow, max-snippet:-1, max-image-preview:large, max-video-preview:-1\" \/>\n<link rel=\"canonical\" href=\"https:\/\/ewl.com.pl\/ewl\/de\/zeitarbeiter\/\" \/>\n<meta property=\"og:locale\" content=\"de_DE\" \/>\n<meta property=\"og:type\" content=\"article\" \/>\n<meta property=\"og:title\" content=\"Zeitarbeiter f\u00fcr Ihr Unternehmen - Mitarbeitervermietung mit EWL\" \/>\n<meta property=\"og:description\" content=\"Bei der Einstellung von Zeitarbeitern von EWL geht es darum, Bewerber schnell zu gewinnen und ihren Aufenthalt und ihre Besch\u00e4ftigung zu legalisieren.\" \/>\n<meta property=\"og:url\" content=\"https:\/\/ewl.com.pl\/ewl\/de\/zeitarbeiter\/\" \/>\n<meta property=\"og:site_name\" content=\"EWL Group\" \/>\n<meta property=\"article:modified_time\" content=\"2022-04-11T11:10:34+00:00\" \/>\n<meta property=\"og:image\" content=\"https:\/\/ewl.com.pl\/wp-content\/uploads\/2022\/03\/beschaftigung-von-auslandern-leasing-vermietung-ewl-group-300x200-1.jpg\" \/>\n<meta name=\"twitter:card\" content=\"summary_large_image\" \/>\n<meta name=\"twitter:label1\" content=\"Est. reading time\" \/>\n\t<meta name=\"twitter:data1\" content=\"5 Minuten\" \/>\n<script type=\"application\/ld+json\" class=\"yoast-schema-graph\">{\"@context\":\"https:\/\/schema.org\",\"@graph\":[{\"@type\":\"WebPage\",\"@id\":\"https:\/\/ewl.com.pl\/ewl\/de\/zeitarbeiter\/\",\"url\":\"https:\/\/ewl.com.pl\/ewl\/de\/zeitarbeiter\/\",\"name\":\"Zeitarbeiter f\u00fcr Ihr Unternehmen - Mitarbeitervermietung mit EWL\",\"isPartOf\":{\"@id\":\"https:\/\/ewl.com.pl\/ewl\/de\/#website\"},\"primaryImageOfPage\":{\"@id\":\"https:\/\/ewl.com.pl\/ewl\/de\/zeitarbeiter\/#primaryimage\"},\"image\":{\"@id\":\"https:\/\/ewl.com.pl\/ewl\/de\/zeitarbeiter\/#primaryimage\"},\"thumbnailUrl\":\"https:\/\/ewl.com.pl\/wp-content\/uploads\/2022\/03\/beschaftigung-von-auslandern-leasing-vermietung-ewl-group-300x200-1.jpg\",\"datePublished\":\"2021-02-24T08:10:05+00:00\",\"dateModified\":\"2022-04-11T11:10:34+00:00\",\"description\":\"Bei der Einstellung von Zeitarbeitern von EWL geht es darum, Bewerber schnell zu gewinnen und ihren Aufenthalt und ihre Besch\u00e4ftigung zu legalisieren.\",\"breadcrumb\":{\"@id\":\"https:\/\/ewl.com.pl\/ewl\/de\/zeitarbeiter\/#breadcrumb\"},\"inLanguage\":\"de-DE\",\"potentialAction\":[{\"@type\":\"ReadAction\",\"target\":[\"https:\/\/ewl.com.pl\/ewl\/de\/zeitarbeiter\/\"]}]},{\"@type\":\"ImageObject\",\"inLanguage\":\"de-DE\",\"@id\":\"https:\/\/ewl.com.pl\/ewl\/de\/zeitarbeiter\/#primaryimage\",\"url\":\"https:\/\/ewl.com.pl\/wp-content\/uploads\/2022\/03\/beschaftigung-von-auslandern-leasing-vermietung-ewl-group-300x200-1.jpg\",\"contentUrl\":\"https:\/\/ewl.com.pl\/wp-content\/uploads\/2022\/03\/beschaftigung-von-auslandern-leasing-vermietung-ewl-group-300x200-1.jpg\"},{\"@type\":\"BreadcrumbList\",\"@id\":\"https:\/\/ewl.com.pl\/ewl\/de\/zeitarbeiter\/#breadcrumb\",\"itemListElement\":[{\"@type\":\"ListItem\",\"position\":1,\"name\":\"Home\",\"item\":\"https:\/\/ewl.com.pl\/ewl\/de\/\"},{\"@type\":\"ListItem\",\"position\":2,\"name\":\"Leiharbeitnehmer &#8211; Anwerbung und Besch\u00e4ftigung\"}]},{\"@type\":\"WebSite\",\"@id\":\"https:\/\/ewl.com.pl\/ewl\/de\/#website\",\"url\":\"https:\/\/ewl.com.pl\/ewl\/de\/\",\"name\":\"EWL Group\",\"description\":\"\",\"publisher\":{\"@id\":\"https:\/\/ewl.com.pl\/ewl\/de\/#organization\"},\"potentialAction\":[{\"@type\":\"SearchAction\",\"target\":{\"@type\":\"EntryPoint\",\"urlTemplate\":\"https:\/\/ewl.com.pl\/ewl\/de\/?s={search_term_string}\"},\"query-input\":{\"@type\":\"PropertyValueSpecification\",\"valueRequired\":true,\"valueName\":\"search_term_string\"}}],\"inLanguage\":\"de-DE\"},{\"@type\":\"Organization\",\"@id\":\"https:\/\/ewl.com.pl\/ewl\/de\/#organization\",\"name\":\"EWL Group\",\"url\":\"https:\/\/ewl.com.pl\/ewl\/de\/\",\"logo\":{\"@type\":\"ImageObject\",\"inLanguage\":\"de-DE\",\"@id\":\"https:\/\/ewl.com.pl\/ewl\/de\/#\/schema\/logo\/image\/\",\"url\":\"https:\/\/ewl.com.pl\/wp-content\/uploads\/2020\/06\/logo-white@2x.png\",\"contentUrl\":\"https:\/\/ewl.com.pl\/wp-content\/uploads\/2020\/06\/logo-white@2x.png\",\"width\":312,\"height\":130,\"caption\":\"EWL Group\"},\"image\":{\"@id\":\"https:\/\/ewl.com.pl\/ewl\/de\/#\/schema\/logo\/image\/\"}}]}<\/script>\n<!-- \/ Yoast SEO plugin. -->","yoast_head_json":{"title":"Zeitarbeiter f\u00fcr Ihr Unternehmen - Mitarbeitervermietung mit EWL","description":"Bei der Einstellung von Zeitarbeitern von EWL geht es darum, Bewerber schnell zu gewinnen und ihren Aufenthalt und ihre Besch\u00e4ftigung zu legalisieren.","robots":{"index":"index","follow":"follow","max-snippet":"max-snippet:-1","max-image-preview":"max-image-preview:large","max-video-preview":"max-video-preview:-1"},"canonical":"https:\/\/ewl.com.pl\/ewl\/de\/zeitarbeiter\/","og_locale":"de_DE","og_type":"article","og_title":"Zeitarbeiter f\u00fcr Ihr Unternehmen - Mitarbeitervermietung mit EWL","og_description":"Bei der Einstellung von Zeitarbeitern von EWL geht es darum, Bewerber schnell zu gewinnen und ihren Aufenthalt und ihre Besch\u00e4ftigung zu legalisieren.","og_url":"https:\/\/ewl.com.pl\/ewl\/de\/zeitarbeiter\/","og_site_name":"EWL Group","article_modified_time":"2022-04-11T11:10:34+00:00","og_image":[{"url":"https:\/\/ewl.com.pl\/wp-content\/uploads\/2022\/03\/beschaftigung-von-auslandern-leasing-vermietung-ewl-group-300x200-1.jpg","type":"","width":"","height":""}],"twitter_card":"summary_large_image","twitter_misc":{"Est. reading time":"5 Minuten"},"schema":{"@context":"https:\/\/schema.org","@graph":[{"@type":"WebPage","@id":"https:\/\/ewl.com.pl\/ewl\/de\/zeitarbeiter\/","url":"https:\/\/ewl.com.pl\/ewl\/de\/zeitarbeiter\/","name":"Zeitarbeiter f\u00fcr Ihr Unternehmen - Mitarbeitervermietung mit EWL","isPartOf":{"@id":"https:\/\/ewl.com.pl\/ewl\/de\/#website"},"primaryImageOfPage":{"@id":"https:\/\/ewl.com.pl\/ewl\/de\/zeitarbeiter\/#primaryimage"},"image":{"@id":"https:\/\/ewl.com.pl\/ewl\/de\/zeitarbeiter\/#primaryimage"},"thumbnailUrl":"https:\/\/ewl.com.pl\/wp-content\/uploads\/2022\/03\/beschaftigung-von-auslandern-leasing-vermietung-ewl-group-300x200-1.jpg","datePublished":"2021-02-24T08:10:05+00:00","dateModified":"2022-04-11T11:10:34+00:00","description":"Bei der Einstellung von Zeitarbeitern von EWL geht es darum, Bewerber schnell zu gewinnen und ihren Aufenthalt und ihre Besch\u00e4ftigung zu legalisieren.","breadcrumb":{"@id":"https:\/\/ewl.com.pl\/ewl\/de\/zeitarbeiter\/#breadcrumb"},"inLanguage":"de-DE","potentialAction":[{"@type":"ReadAction","target":["https:\/\/ewl.com.pl\/ewl\/de\/zeitarbeiter\/"]}]},{"@type":"ImageObject","inLanguage":"de-DE","@id":"https:\/\/ewl.com.pl\/ewl\/de\/zeitarbeiter\/#primaryimage","url":"https:\/\/ewl.com.pl\/wp-content\/uploads\/2022\/03\/beschaftigung-von-auslandern-leasing-vermietung-ewl-group-300x200-1.jpg","contentUrl":"https:\/\/ewl.com.pl\/wp-content\/uploads\/2022\/03\/beschaftigung-von-auslandern-leasing-vermietung-ewl-group-300x200-1.jpg"},{"@type":"BreadcrumbList","@id":"https:\/\/ewl.com.pl\/ewl\/de\/zeitarbeiter\/#breadcrumb","itemListElement":[{"@type":"ListItem","position":1,"name":"Home","item":"https:\/\/ewl.com.pl\/ewl\/de\/"},{"@type":"ListItem","position":2,"name":"Leiharbeitnehmer &#8211; Anwerbung und Besch\u00e4ftigung"}]},{"@type":"WebSite","@id":"https:\/\/ewl.com.pl\/ewl\/de\/#website","url":"https:\/\/ewl.com.pl\/ewl\/de\/","name":"EWL Group","description":"","publisher":{"@id":"https:\/\/ewl.com.pl\/ewl\/de\/#organization"},"potentialAction":[{"@type":"SearchAction","target":{"@type":"EntryPoint","urlTemplate":"https:\/\/ewl.com.pl\/ewl\/de\/?s={search_term_string}"},"query-input":{"@type":"PropertyValueSpecification","valueRequired":true,"valueName":"search_term_string"}}],"inLanguage":"de-DE"},{"@type":"Organization","@id":"https:\/\/ewl.com.pl\/ewl\/de\/#organization","name":"EWL Group","url":"https:\/\/ewl.com.pl\/ewl\/de\/","logo":{"@type":"ImageObject","inLanguage":"de-DE","@id":"https:\/\/ewl.com.pl\/ewl\/de\/#\/schema\/logo\/image\/","url":"https:\/\/ewl.com.pl\/wp-content\/uploads\/2020\/06\/logo-white@2x.png","contentUrl":"https:\/\/ewl.com.pl\/wp-content\/uploads\/2020\/06\/logo-white@2x.png","width":312,"height":130,"caption":"EWL Group"},"image":{"@id":"https:\/\/ewl.com.pl\/ewl\/de\/#\/schema\/logo\/image\/"}}]}},"_links":{"self":[{"href":"https:\/\/ewl.com.pl\/ewl\/de\/wp-json\/wp\/v2\/pages\/55271","targetHints":{"allow":["GET"]}}],"collection":[{"href":"https:\/\/ewl.com.pl\/ewl\/de\/wp-json\/wp\/v2\/pages"}],"about":[{"href":"https:\/\/ewl.com.pl\/ewl\/de\/wp-json\/wp\/v2\/types\/page"}],"author":[{"embeddable":true,"href":"https:\/\/ewl.com.pl\/ewl\/de\/wp-json\/wp\/v2\/users\/42"}],"replies":[{"embeddable":true,"href":"https:\/\/ewl.com.pl\/ewl\/de\/wp-json\/wp\/v2\/comments?post=55271"}],"version-history":[{"count":2,"href":"https:\/\/ewl.com.pl\/ewl\/de\/wp-json\/wp\/v2\/pages\/55271\/revisions"}],"predecessor-version":[{"id":55634,"href":"https:\/\/ewl.com.pl\/ewl\/de\/wp-json\/wp\/v2\/pages\/55271\/revisions\/55634"}],"wp:attachment":[{"href":"https:\/\/ewl.com.pl\/ewl\/de\/wp-json\/wp\/v2\/media?parent=55271"}],"curies":[{"name":"wp","href":"https:\/\/api.w.org\/{rel}","templated":true}]}}