{"id":55209,"date":"2021-07-13T08:47:28","date_gmt":"2021-07-13T06:47:28","guid":{"rendered":"https:\/\/ewl.com.pl\/uslugi-opiekuncze-personel-medyczny-opieka-nad-seniorem\/"},"modified":"2022-04-11T13:00:24","modified_gmt":"2022-04-11T11:00:24","slug":"pflegedienste-medizinisches-personal-pflege-eines-senioren","status":"publish","type":"page","link":"https:\/\/ewl.com.pl\/ewl\/de\/pflegedienste-medizinisches-personal-pflege-eines-senioren\/","title":{"rendered":"Pflegeleistungen \u2013 medizinisches Personal und Altenpflege"},"content":{"rendered":"\n<div class=\"wp-block-image\"><figure class=\"alignright size-full\"><img loading=\"lazy\" decoding=\"async\" width=\"300\" height=\"200\" src=\"https:\/\/ewl.com.pl\/wp-content\/uploads\/2022\/03\/pflegedienste-ewl-assistent-fur-senioren-300x200-1.jpg\" alt=\"Pflegedienste - Assistent f\u00fcr Senioren z EWL\" class=\"wp-image-54788\"\/><\/figure><\/div>\n\n\n\n<p>Es wird gesch\u00e4tzt, dass in Polen im Jahr 2050 \u00fcber 30 % der Gesellschaft <strong>Menschen \u00fcber 65 Jahre sein werden<\/strong>. Der zivilisatorische Fortschritt, die moderne Medizin und die st\u00e4ndige Verbesserung der Lebensqualit\u00e4t f\u00fchren zu einer systematischen Zunahme der Zahl \u00e4lterer Menschen. Das ist gut. Unsere Eltern und Gro\u00dfeltern leben immer l\u00e4nger bei guter Gesundheit und Wohlbefinden.<\/p>\n\n\n\n<p>\u00c4ltere Personen ben\u00f6tigen jedoch h\u00e4ufig Hilfe bei allt\u00e4glichen T\u00e4tigkeiten wie Einkaufen, Putzen und Zubereiten von Mahlzeiten. Die Betreuung durch einen qualifizierten Assistenten kann den <strong>Komfort und die Lebensqualit\u00e4t \u00e4lterer Personen erheblich verbessern<\/strong>.<\/p>\n\n\n<h2 class=\"wp-block-heading\" id=\"pflegeagentur-personal-fuer-seniorenheime-pflegeeinrichtungen-und-privatpersonen\">Pflegeagentur \u2013 Personal f\u00fcr Seniorenheime, Pflegeeinrichtungen und Privatpersonen<\/h2>\n\n\n<p>Wir bei EWL wissen, dass <strong>die Beauftragung mit der Pflege eines \u00e4lteren Menschen<\/strong> \u2013 es sei ein Elternteil, ein Gro\u00dfelternteil oder ein anderer nahestehender Mensch \u2013 eine schwierige Entscheidung ist. Man braucht ein Gef\u00fchl der Sicherheit und Stabilit\u00e4t, um in einer so wichtigen Angelegenheit Vertrauen zu haben. Dank unserer Erfahrung auf dem Arbeitsmarkt, unserer F\u00e4higkeit, Bewerber zu pr\u00fcfen, und dem erforderlichen Know-how sind die von uns angebotenen Pflegedienstleistungen auf h\u00f6chstem Niveau.<\/p>\n\n\n\n<p>Das Angebot der EWL-Agentur richtet sich nicht nur an Krankenh\u00e4user und Pflegeheime, sondern auch an Privatpersonen, die <strong>private Pflegeleistungen<\/strong> f\u00fcr ihre Angeh\u00f6rigen suchen.<\/p>\n\n\n\n<p>Wir befassen uns f\u00fcr Sie:<\/p>\n\n\n\n<ul class=\"wp-block-list\"><li><strong><strong>Beschaffung von qualifiziertem Personal f\u00fcr die Pflege \u00e4lterer oder kranker Menschen,<\/strong><\/strong><\/li><li><strong><a href=\"https:\/\/ewl.com.pl\/de\/legalisierung-von-arbeitsauslaendern\/\"><strong>Legalisierung des Aufenthalts und der Arbeit von Pflegekr\u00e4ften<\/strong>,<\/a><\/strong><\/li><li><strong><strong>umfassende Besch\u00e4ftigungsdienstleistungen und Abrechnungen mit den Arbeitnehmern<\/strong>,<\/strong><\/li><li><strong><strong>Unterbringung von Pflegekr\u00e4ften in der N\u00e4he des Arbeitsplatzes<\/strong>.<\/strong><\/li><\/ul>\n\n\n\n<p><\/p>\n\n\n\n<hr class=\"wp-block-separator\"\/>\n\n\n\n<p><\/p>\n\n\n\n\n\n<center><a href=\"https:\/\/ewl.com.pl\/de\/kontakt\/?formSubject=zatrudnie\" class=\"btn btn__standard btn__standard--orange\">Nehmen Sie Kontakt mit uns auf!<\/a>\n<\/center>\n\n\n\n<p><\/p>\n\n\n\n<hr class=\"wp-block-separator\"\/>\n\n\n\n<p><\/p>\n\n\n\n<p>Die \u00dcberpr\u00fcfung der <strong>Erfahrung und Qualifikation der Betreuer<\/strong> und Assistenten erfolgt durch EWL-Experten mit langj\u00e4hriger Erfahrung in diesem Bereich. Neben einem Zyklus von Gespr\u00e4chen mit den Bewerbern f\u00fchren wir auch Umfragen zum Einf\u00fchlungsverm\u00f6gen und zur Krisenbereitschaft sowie spezielle Frageb\u00f6gen durch, die eine gr\u00fcndliche Analyse der <strong>Vorbereitung auf den Beruf des Altenpflegers<\/strong> oder Seniorenassistenten erm\u00f6glichen.<\/p>\n\n\n<h2 class=\"wp-block-heading\" id=\"gesundheitspersonal-krankenschwestern-aus-der-ukraine\">Gesundheitspersonal &#8211; Krankenschwestern aus der Ukraine<\/h2>\n\n\n<p><strong>Die Pflege eines \u00e4lteren Menschen<\/strong> erfordert oft die Verabreichung von Medikamenten in der vorgeschriebenen Dosierung, die Verabreichung von Injektionen zu bestimmten Zeiten oder den Wechsel von Verb\u00e4nden. Das sind viele Aufgaben, die nicht jeder \u00fcbernehmen kann. Sie sind mit einem hohen Ma\u00df an Verantwortung verbunden und erfordern h\u00e4ufig eine entsprechende Ausbildung oder spezielle Kenntnisse.<\/p>\n\n\n\n<p><strong>Eine qualifizierte medizinische Pflegekraft <\/strong>ist die beste L\u00f6sung f\u00fcr die Betreuung einer \u00e4lteren, pflegebed\u00fcrftigen Person. Wir rekrutieren Krankenschwestern aus der Ukraine, die \u00fcber die erforderlichen Kenntnisse und F\u00e4higkeiten sowie \u00fcber Erfahrung in der Pflege von Senioren verf\u00fcgen. Sie helfen bei der Rund-um-die-Uhr-Pflege \u00e4lterer Menschen oder betreuen sie zu bestimmten Zeiten.<\/p>\n\n\n\n<p><strong>Pflegekr\u00e4fte aus der Ukraine <\/strong>zeichnen sich durch Einf\u00fchlungsverm\u00f6gen, Verst\u00e4ndnis und W\u00e4rme sowie Nachsicht aus. Deshalb machen die <strong><a href=\"https:\/\/ewl.com.pl\/de\/arbeiter-aus-der-ukraine-und-osteuropa\/\">Arbeitnehmer aus dem Osten<\/a><\/strong> ihre Arbeit so gut und sind es wert, dass man ihnen vertraut.<\/p>\n\n\n\n<div class=\"wp-block-image\"><figure class=\"aligncenter size-full\"><img loading=\"lazy\" decoding=\"async\" width=\"993\" height=\"263\" src=\"https:\/\/ewl.com.pl\/wp-content\/uploads\/2022\/03\/betreuer-einer-alteren-person-aus-der-ukraine-ewl.jpg\" alt=\"Betreuer einer \u00e4lteren Person aus der Ukraine EWL \" class=\"wp-image-54792\" srcset=\"https:\/\/ewl.com.pl\/ewl\/wp-content\/uploads\/2022\/03\/betreuer-einer-alteren-person-aus-der-ukraine-ewl.jpg 993w, https:\/\/ewl.com.pl\/ewl\/wp-content\/uploads\/2022\/03\/betreuer-einer-alteren-person-aus-der-ukraine-ewl-300x79.jpg 300w, https:\/\/ewl.com.pl\/ewl\/wp-content\/uploads\/2022\/03\/betreuer-einer-alteren-person-aus-der-ukraine-ewl-768x203.jpg 768w\" sizes=\"auto, (max-width: 993px) 100vw, 993px\" \/><\/figure><\/div>\n\n\n<h2 class=\"wp-block-heading\" id=\"agentur-fuer-pflegekraefte-warum-spezialisten-waehlen\">Agentur f\u00fcr Pflegekr\u00e4fte &#8211; warum Spezialisten w\u00e4hlen?<\/h2>\n\n\n<p>Die richtige Person zu finden, die sich auf entsprechend Weise um unsere Angeh\u00f6rigen k\u00fcmmert, ist eine schwierige und zeitaufwendige Aufgabe. Wenn wir zudem planen, <strong>eine aus der Ukraine stammende Pflegekraft f\u00fcr eine \u00e4ltere Person einzustellen<\/strong>, m\u00fcssen wir au\u00dferdem die Vorschriften kennen, die die Legalisierung ihrer Arbeit und ihres Aufenthalts in Polen erm\u00f6glichen.<\/p>\n\n\n\n<p>Deshalb lohnt es sich, einer bew\u00e4hrten Betreuungsagentur zu vertrauen. Wissen und Erfahrung im Bereich der Personalvermittlung sowie das Know-how, das f\u00fcr eine <strong>schnelle Legalisierung der Besch\u00e4ftigung<\/strong> erforderlich ist, machen Agenturen zur besten und sichersten Wahl, wenn es darum geht, eine so wichtige Entscheidung zu treffen.<\/p>\n\n\n<h2 class=\"wp-block-heading\" id=\"seniorenassistentin-seniorentagespflege\">Seniorenassistentin &#8211; Seniorentagespflege<\/h2>\n\n\n<p>Es lohnt sich, f\u00fcr den Komfort der Senioren zu sorgen, auch wenn sie noch so selbstst\u00e4ndig sind. Hier kann ein <strong>Assistent f\u00fcr \u00e4ltere Menschen helfen<\/strong>. Die Betreuungsperson unterst\u00fctzt den Senior bei der Bew\u00e4ltigung des Alltags. Sie erledigt den Einkauf und tr\u00e4gt ihn nach Hause, vereinbart Termine und bringt oder begleitet den Senior zum Arzt, putzt und kocht.<\/p>\n\n\n\n<p>Die Arbeitszeiten eines Altenpflegehelfers richten sich nach den Bed\u00fcrfnissen der Senioren. <strong>Die Tagespflege f\u00fcr \u00e4ltere<\/strong> <strong>Menschen<\/strong> ist eine L\u00f6sung, die die Lebensqualit\u00e4t und den Komfort erheblich verbessert.<\/p>\n\n\n<h2 class=\"wp-block-heading\" id=\"langzeitpflege-sicherheit-schutz-und-komfort-fuer-aeltere-menschen\">Langzeitpflege &#8211; Sicherheit, Schutz und Komfort f\u00fcr \u00e4ltere Menschen<\/h2>\n\n\n<p>Wie das Sprichwort sagt: &#8222;Alte B\u00e4ume pflanzt man nicht um&#8220;. Aus diesem Grund z\u00f6gern viele Senioren, das Angebot von Pflegeheimen anzunehmen und <strong>ihren Wohnort zu wechseln<\/strong>. Sie sind an vertraute Orte, Menschen und einen bestimmten Tagesablauf gebunden. Mit der Zeit kann es f\u00fcr sie jedoch immer schwieriger werden, f\u00fcr ihre eigenen Bed\u00fcrfnisse zu sorgen. Immer \u00f6fter haben sie nicht mehr die Kraft, den Einkauf zu erledigen oder das Haus zu putzen.<\/p>\n\n\n\n<p>In solchen Situationen ist die <strong>Einstellung eines Altenpflegers<\/strong> eine L\u00f6sung, die es ihnen erm\u00f6glicht, in ihrer eigenen Wohnung zu bleiben, w\u00e4hrend sie gleichzeitig entlastet werden. <\/p>\n\n\n\n<p><strong>Pflegedienstleistungen<\/strong> sind jedoch mehr als nur Einkaufen, Zubereiten von Mahlzeiten oder die F\u00fchrung des Haushalts. Es bedeutet auch t\u00e4glichen Kontakt mit dem Kunden. Lange Gespr\u00e4che oder ein Spaziergang tragen dazu bei, das geistige Wohlbefinden der Senioren zu f\u00f6rdern. Daher bem\u00fchen wir uns bei unserer Arbeit, das Risiko eines Wechsels der Betreuungsperson w\u00e4hrend des Kontakts so gering wie m\u00f6glich zu halten.<\/p>\n\n\n\n<p><strong>Die Langzeitpflege eines \u00e4lteren Menschen<\/strong> gibt der Pflegekraft die M\u00f6glichkeit, die Bed\u00fcrfnisse der \u00e4lteren Person kennenzulernen und eine Beziehung zu ihr aufzubauen, was das Wohlbefinden des Klienten erheblich verbessert.<\/p>\n\n\n<p id=\"block-cc8faf16-04b3-4cec-856d-25c4ebc9dc0c\" class=\"has-text-align-center\"><strong>Wir laden Sie ein, mit uns Kontakt aufzunehmen!<\/strong><br>Wir werden sicherlich die beste L\u00f6sung f\u00fcr die Bed\u00fcrfnisse Ihres Unternehmens finden.<\/p>\n\n\n<div id=\"block-755fc39c-d594-4ac0-9a47-1a6d9f7ca4db\" class=\"wp-block-image\"><figure class=\"aligncenter size-large is-resized\"><img loading=\"lazy\" decoding=\"async\" src=\"https:\/\/ewl.com.pl\/wp-content\/uploads\/2021\/07\/mariana-semeniuk-agencja-pracy-ewl_.jpg\" alt=\"Mariana Semeniuk z agencji zatrudnienia EWL\" class=\"wp-image-50041\" width=\"200\" height=\"194\" srcset=\"https:\/\/ewl.com.pl\/ewl\/wp-content\/uploads\/2021\/07\/mariana-semeniuk-agencja-pracy-ewl_.jpg 400w, https:\/\/ewl.com.pl\/ewl\/wp-content\/uploads\/2021\/07\/mariana-semeniuk-agencja-pracy-ewl_-300x291.jpg 300w\" sizes=\"auto, (max-width: 200px) 100vw, 200px\" \/><figcaption><strong>Mariana Semeniuk<\/strong><br>Direktorin bei EWL Partners<\/figcaption><\/figure><\/div>\n\n\n\n\n\n<center><a href=\"https:\/\/ewl.com.pl\/de\/kontakt\/?formSubject=zatrudnie\" class=\"btn btn__standard btn__standard--orange\">Nehmen Sie Kontakt mit uns auf!<\/a>\n<\/center>\n","protected":false},"excerpt":{"rendered":"<p>Es wird gesch\u00e4tzt, dass in Polen im Jahr 2050 \u00fcber 30 % der Gesellschaft Menschen \u00fcber 65 Jahre sein werden. Der zivilisatorische Fortschritt, die moderne Medizin und die st\u00e4ndige Verbesserung der Lebensqualit\u00e4t f\u00fchren zu einer systematischen Zunahme der Zahl \u00e4lterer Menschen. Das ist gut. Unsere Eltern und Gro\u00dfeltern leben immer l\u00e4nger bei guter Gesundheit und [&hellip;]<\/p>\n","protected":false},"author":42,"featured_media":0,"parent":0,"menu_order":0,"comment_status":"closed","ping_status":"closed","template":"","meta":{"_acf_changed":false,"footnotes":""},"class_list":["post-55209","page","type-page","status-publish","hentry"],"acf":[],"yoast_head":"<!-- This site is optimized with the Yoast SEO plugin v24.9 - https:\/\/yoast.com\/wordpress\/plugins\/seo\/ -->\n<title>Pflegeleistungen \u2013 medizinisches Personal und Altenpflege<\/title>\n<meta name=\"description\" content=\"Sie suchen Personal f\u00fcr ein Pflegeheim, Krankenhaus oder eine andere Pflegeeinrichtung? Oder suchen Sie eine Pflegekraft f\u00fcr einen \u00e4lteren Menschen? Siehe EWL-Angebot\" \/>\n<meta name=\"robots\" content=\"index, follow, max-snippet:-1, max-image-preview:large, max-video-preview:-1\" \/>\n<link rel=\"canonical\" href=\"https:\/\/ewl.com.pl\/ewl\/de\/pflegedienste-medizinisches-personal-pflege-eines-senioren\/\" \/>\n<meta property=\"og:locale\" content=\"de_DE\" \/>\n<meta property=\"og:type\" content=\"article\" \/>\n<meta property=\"og:title\" content=\"Pflegeleistungen \u2013 medizinisches Personal und Altenpflege\" \/>\n<meta property=\"og:description\" content=\"Sie suchen Personal f\u00fcr ein Pflegeheim, Krankenhaus oder eine andere Pflegeeinrichtung? Oder suchen Sie eine Pflegekraft f\u00fcr einen \u00e4lteren Menschen? Siehe EWL-Angebot\" \/>\n<meta property=\"og:url\" content=\"https:\/\/ewl.com.pl\/ewl\/de\/pflegedienste-medizinisches-personal-pflege-eines-senioren\/\" \/>\n<meta property=\"og:site_name\" content=\"EWL Group\" \/>\n<meta property=\"article:modified_time\" content=\"2022-04-11T11:00:24+00:00\" \/>\n<meta property=\"og:image\" content=\"https:\/\/ewl.com.pl\/wp-content\/uploads\/2022\/03\/pflegedienste-ewl-assistent-fur-senioren-300x200-1.jpg\" \/>\n<meta name=\"twitter:card\" content=\"summary_large_image\" \/>\n<meta name=\"twitter:label1\" content=\"Est. reading time\" \/>\n\t<meta name=\"twitter:data1\" content=\"6 Minuten\" \/>\n<script type=\"application\/ld+json\" class=\"yoast-schema-graph\">{\"@context\":\"https:\/\/schema.org\",\"@graph\":[{\"@type\":\"WebPage\",\"@id\":\"https:\/\/ewl.com.pl\/ewl\/de\/pflegedienste-medizinisches-personal-pflege-eines-senioren\/\",\"url\":\"https:\/\/ewl.com.pl\/ewl\/de\/pflegedienste-medizinisches-personal-pflege-eines-senioren\/\",\"name\":\"Pflegeleistungen \u2013 medizinisches Personal und Altenpflege\",\"isPartOf\":{\"@id\":\"https:\/\/ewl.com.pl\/ewl\/de\/#website\"},\"primaryImageOfPage\":{\"@id\":\"https:\/\/ewl.com.pl\/ewl\/de\/pflegedienste-medizinisches-personal-pflege-eines-senioren\/#primaryimage\"},\"image\":{\"@id\":\"https:\/\/ewl.com.pl\/ewl\/de\/pflegedienste-medizinisches-personal-pflege-eines-senioren\/#primaryimage\"},\"thumbnailUrl\":\"https:\/\/ewl.com.pl\/wp-content\/uploads\/2022\/03\/pflegedienste-ewl-assistent-fur-senioren-300x200-1.jpg\",\"datePublished\":\"2021-07-13T06:47:28+00:00\",\"dateModified\":\"2022-04-11T11:00:24+00:00\",\"description\":\"Sie suchen Personal f\u00fcr ein Pflegeheim, Krankenhaus oder eine andere Pflegeeinrichtung? Oder suchen Sie eine Pflegekraft f\u00fcr einen \u00e4lteren Menschen? Siehe EWL-Angebot\",\"breadcrumb\":{\"@id\":\"https:\/\/ewl.com.pl\/ewl\/de\/pflegedienste-medizinisches-personal-pflege-eines-senioren\/#breadcrumb\"},\"inLanguage\":\"de-DE\",\"potentialAction\":[{\"@type\":\"ReadAction\",\"target\":[\"https:\/\/ewl.com.pl\/ewl\/de\/pflegedienste-medizinisches-personal-pflege-eines-senioren\/\"]}]},{\"@type\":\"ImageObject\",\"inLanguage\":\"de-DE\",\"@id\":\"https:\/\/ewl.com.pl\/ewl\/de\/pflegedienste-medizinisches-personal-pflege-eines-senioren\/#primaryimage\",\"url\":\"https:\/\/ewl.com.pl\/wp-content\/uploads\/2022\/03\/pflegedienste-ewl-assistent-fur-senioren-300x200-1.jpg\",\"contentUrl\":\"https:\/\/ewl.com.pl\/wp-content\/uploads\/2022\/03\/pflegedienste-ewl-assistent-fur-senioren-300x200-1.jpg\"},{\"@type\":\"BreadcrumbList\",\"@id\":\"https:\/\/ewl.com.pl\/ewl\/de\/pflegedienste-medizinisches-personal-pflege-eines-senioren\/#breadcrumb\",\"itemListElement\":[{\"@type\":\"ListItem\",\"position\":1,\"name\":\"Home\",\"item\":\"https:\/\/ewl.com.pl\/ewl\/de\/\"},{\"@type\":\"ListItem\",\"position\":2,\"name\":\"Pflegeleistungen \u2013 medizinisches Personal und Altenpflege\"}]},{\"@type\":\"WebSite\",\"@id\":\"https:\/\/ewl.com.pl\/ewl\/de\/#website\",\"url\":\"https:\/\/ewl.com.pl\/ewl\/de\/\",\"name\":\"EWL Group\",\"description\":\"\",\"publisher\":{\"@id\":\"https:\/\/ewl.com.pl\/ewl\/de\/#organization\"},\"potentialAction\":[{\"@type\":\"SearchAction\",\"target\":{\"@type\":\"EntryPoint\",\"urlTemplate\":\"https:\/\/ewl.com.pl\/ewl\/de\/?s={search_term_string}\"},\"query-input\":{\"@type\":\"PropertyValueSpecification\",\"valueRequired\":true,\"valueName\":\"search_term_string\"}}],\"inLanguage\":\"de-DE\"},{\"@type\":\"Organization\",\"@id\":\"https:\/\/ewl.com.pl\/ewl\/de\/#organization\",\"name\":\"EWL Group\",\"url\":\"https:\/\/ewl.com.pl\/ewl\/de\/\",\"logo\":{\"@type\":\"ImageObject\",\"inLanguage\":\"de-DE\",\"@id\":\"https:\/\/ewl.com.pl\/ewl\/de\/#\/schema\/logo\/image\/\",\"url\":\"https:\/\/ewl.com.pl\/wp-content\/uploads\/2020\/06\/logo-white@2x.png\",\"contentUrl\":\"https:\/\/ewl.com.pl\/wp-content\/uploads\/2020\/06\/logo-white@2x.png\",\"width\":312,\"height\":130,\"caption\":\"EWL Group\"},\"image\":{\"@id\":\"https:\/\/ewl.com.pl\/ewl\/de\/#\/schema\/logo\/image\/\"}}]}<\/script>\n<!-- \/ Yoast SEO plugin. -->","yoast_head_json":{"title":"Pflegeleistungen \u2013 medizinisches Personal und Altenpflege","description":"Sie suchen Personal f\u00fcr ein Pflegeheim, Krankenhaus oder eine andere Pflegeeinrichtung? Oder suchen Sie eine Pflegekraft f\u00fcr einen \u00e4lteren Menschen? Siehe EWL-Angebot","robots":{"index":"index","follow":"follow","max-snippet":"max-snippet:-1","max-image-preview":"max-image-preview:large","max-video-preview":"max-video-preview:-1"},"canonical":"https:\/\/ewl.com.pl\/ewl\/de\/pflegedienste-medizinisches-personal-pflege-eines-senioren\/","og_locale":"de_DE","og_type":"article","og_title":"Pflegeleistungen \u2013 medizinisches Personal und Altenpflege","og_description":"Sie suchen Personal f\u00fcr ein Pflegeheim, Krankenhaus oder eine andere Pflegeeinrichtung? Oder suchen Sie eine Pflegekraft f\u00fcr einen \u00e4lteren Menschen? Siehe EWL-Angebot","og_url":"https:\/\/ewl.com.pl\/ewl\/de\/pflegedienste-medizinisches-personal-pflege-eines-senioren\/","og_site_name":"EWL Group","article_modified_time":"2022-04-11T11:00:24+00:00","og_image":[{"url":"https:\/\/ewl.com.pl\/wp-content\/uploads\/2022\/03\/pflegedienste-ewl-assistent-fur-senioren-300x200-1.jpg","type":"","width":"","height":""}],"twitter_card":"summary_large_image","twitter_misc":{"Est. reading time":"6 Minuten"},"schema":{"@context":"https:\/\/schema.org","@graph":[{"@type":"WebPage","@id":"https:\/\/ewl.com.pl\/ewl\/de\/pflegedienste-medizinisches-personal-pflege-eines-senioren\/","url":"https:\/\/ewl.com.pl\/ewl\/de\/pflegedienste-medizinisches-personal-pflege-eines-senioren\/","name":"Pflegeleistungen \u2013 medizinisches Personal und Altenpflege","isPartOf":{"@id":"https:\/\/ewl.com.pl\/ewl\/de\/#website"},"primaryImageOfPage":{"@id":"https:\/\/ewl.com.pl\/ewl\/de\/pflegedienste-medizinisches-personal-pflege-eines-senioren\/#primaryimage"},"image":{"@id":"https:\/\/ewl.com.pl\/ewl\/de\/pflegedienste-medizinisches-personal-pflege-eines-senioren\/#primaryimage"},"thumbnailUrl":"https:\/\/ewl.com.pl\/wp-content\/uploads\/2022\/03\/pflegedienste-ewl-assistent-fur-senioren-300x200-1.jpg","datePublished":"2021-07-13T06:47:28+00:00","dateModified":"2022-04-11T11:00:24+00:00","description":"Sie suchen Personal f\u00fcr ein Pflegeheim, Krankenhaus oder eine andere Pflegeeinrichtung? Oder suchen Sie eine Pflegekraft f\u00fcr einen \u00e4lteren Menschen? Siehe EWL-Angebot","breadcrumb":{"@id":"https:\/\/ewl.com.pl\/ewl\/de\/pflegedienste-medizinisches-personal-pflege-eines-senioren\/#breadcrumb"},"inLanguage":"de-DE","potentialAction":[{"@type":"ReadAction","target":["https:\/\/ewl.com.pl\/ewl\/de\/pflegedienste-medizinisches-personal-pflege-eines-senioren\/"]}]},{"@type":"ImageObject","inLanguage":"de-DE","@id":"https:\/\/ewl.com.pl\/ewl\/de\/pflegedienste-medizinisches-personal-pflege-eines-senioren\/#primaryimage","url":"https:\/\/ewl.com.pl\/wp-content\/uploads\/2022\/03\/pflegedienste-ewl-assistent-fur-senioren-300x200-1.jpg","contentUrl":"https:\/\/ewl.com.pl\/wp-content\/uploads\/2022\/03\/pflegedienste-ewl-assistent-fur-senioren-300x200-1.jpg"},{"@type":"BreadcrumbList","@id":"https:\/\/ewl.com.pl\/ewl\/de\/pflegedienste-medizinisches-personal-pflege-eines-senioren\/#breadcrumb","itemListElement":[{"@type":"ListItem","position":1,"name":"Home","item":"https:\/\/ewl.com.pl\/ewl\/de\/"},{"@type":"ListItem","position":2,"name":"Pflegeleistungen \u2013 medizinisches Personal und Altenpflege"}]},{"@type":"WebSite","@id":"https:\/\/ewl.com.pl\/ewl\/de\/#website","url":"https:\/\/ewl.com.pl\/ewl\/de\/","name":"EWL Group","description":"","publisher":{"@id":"https:\/\/ewl.com.pl\/ewl\/de\/#organization"},"potentialAction":[{"@type":"SearchAction","target":{"@type":"EntryPoint","urlTemplate":"https:\/\/ewl.com.pl\/ewl\/de\/?s={search_term_string}"},"query-input":{"@type":"PropertyValueSpecification","valueRequired":true,"valueName":"search_term_string"}}],"inLanguage":"de-DE"},{"@type":"Organization","@id":"https:\/\/ewl.com.pl\/ewl\/de\/#organization","name":"EWL Group","url":"https:\/\/ewl.com.pl\/ewl\/de\/","logo":{"@type":"ImageObject","inLanguage":"de-DE","@id":"https:\/\/ewl.com.pl\/ewl\/de\/#\/schema\/logo\/image\/","url":"https:\/\/ewl.com.pl\/wp-content\/uploads\/2020\/06\/logo-white@2x.png","contentUrl":"https:\/\/ewl.com.pl\/wp-content\/uploads\/2020\/06\/logo-white@2x.png","width":312,"height":130,"caption":"EWL Group"},"image":{"@id":"https:\/\/ewl.com.pl\/ewl\/de\/#\/schema\/logo\/image\/"}}]}},"_links":{"self":[{"href":"https:\/\/ewl.com.pl\/ewl\/de\/wp-json\/wp\/v2\/pages\/55209","targetHints":{"allow":["GET"]}}],"collection":[{"href":"https:\/\/ewl.com.pl\/ewl\/de\/wp-json\/wp\/v2\/pages"}],"about":[{"href":"https:\/\/ewl.com.pl\/ewl\/de\/wp-json\/wp\/v2\/types\/page"}],"author":[{"embeddable":true,"href":"https:\/\/ewl.com.pl\/ewl\/de\/wp-json\/wp\/v2\/users\/42"}],"replies":[{"embeddable":true,"href":"https:\/\/ewl.com.pl\/ewl\/de\/wp-json\/wp\/v2\/comments?post=55209"}],"version-history":[{"count":2,"href":"https:\/\/ewl.com.pl\/ewl\/de\/wp-json\/wp\/v2\/pages\/55209\/revisions"}],"predecessor-version":[{"id":55631,"href":"https:\/\/ewl.com.pl\/ewl\/de\/wp-json\/wp\/v2\/pages\/55209\/revisions\/55631"}],"wp:attachment":[{"href":"https:\/\/ewl.com.pl\/ewl\/de\/wp-json\/wp\/v2\/media?parent=55209"}],"curies":[{"name":"wp","href":"https:\/\/api.w.org\/{rel}","templated":true}]}}