{"id":55169,"date":"2021-04-01T12:32:15","date_gmt":"2021-04-01T10:32:15","guid":{"rendered":"https:\/\/ewl.com.pl\/rekrutacja-pracownikow-technicznych-i-wykwalifikowanych\/"},"modified":"2022-04-11T12:51:35","modified_gmt":"2022-04-11T10:51:35","slug":"rekrutierung-von-technischen-und-qualifizierten-arbeitskraeften","status":"publish","type":"page","link":"https:\/\/ewl.com.pl\/ewl\/de\/rekrutierung-von-technischen-und-qualifizierten-arbeitskraeften\/","title":{"rendered":"Beschaffung von technischen und qualifizierten Arbeitnehmern"},"content":{"rendered":"\n<div class=\"wp-block-image\"><figure class=\"alignright size-full is-resized\"><img loading=\"lazy\" decoding=\"async\" src=\"https:\/\/ewl.com.pl\/wp-content\/uploads\/2022\/03\/rekrutierung-von-qualifizierten-technischen-mitarbeitern-ewl.jpg\" alt=\"Rekrutierung von qualifizierten technischen Mitarbeitern\" class=\"wp-image-54780\" width=\"300\" height=\"200\" srcset=\"https:\/\/ewl.com.pl\/ewl\/wp-content\/uploads\/2022\/03\/rekrutierung-von-qualifizierten-technischen-mitarbeitern-ewl.jpg 800w, https:\/\/ewl.com.pl\/ewl\/wp-content\/uploads\/2022\/03\/rekrutierung-von-qualifizierten-technischen-mitarbeitern-ewl-300x200.jpg 300w, https:\/\/ewl.com.pl\/ewl\/wp-content\/uploads\/2022\/03\/rekrutierung-von-qualifizierten-technischen-mitarbeitern-ewl-768x513.jpg 768w\" sizes=\"auto, (max-width: 300px) 100vw, 300px\" \/><\/figure><\/div>\n\n\n\n<p>Die Entwicklung moderner Technologien, auch im Bereich der Produktionstechnologie, hat erhebliche Auswirkungen auf den Personalbeschaffungsbedarf der Unternehmen. Die Unternehmen suchen in ihrem Bem\u00fchen, einen Wettbewerbsvorteil zu erlangen und aufrechtzuerhalten, in zunehmendem Ma\u00dfe nach qualifizierten Arbeitnehmern, nach Spezialisten in einem bestimmten Bereich.<\/p>\n\n\n\n<p>Eine erfahrene und bew\u00e4hrte Zeitarbeitsagentur wie EWL hilft Ihnen bei der Suche und Besch\u00e4ftigung von technischem Personal und unterst\u00fctzt Ihr Unternehmen bei der <strong>Beschaffung von qualifizierten Arbeitern<\/strong>.<\/p>\n\n\n<h2 class=\"wp-block-heading\" id=\"beschaeftigung-von-technischen-arbeitnehmern\">Besch\u00e4ftigung von technischen Arbeitnehmern<\/h2>\n\n\n<p><strong>Die Beschaffung von technischem Personal<\/strong> erfordert Kenntnisse der Personalabteilung \u00fcber den Markt, die F\u00e4higkeit, Bewerber zu finden und zu pr\u00fcfen, sowie die erforderlichen zeitlichen Ressourcen und das notwendige Branchen-Know-how. Das EWL-Team unterst\u00fctzt seine Gesch\u00e4ftspartner bei der Beschaffung und Auswahl von <strong>technischem<\/strong> <strong>Personal<\/strong> und bietet Dienstleistungen in den Bereichen an:<\/p>\n\n\n\n<ul class=\"wp-block-list\"><li><strong>Auswahl und Besch\u00e4ftigung von technischen Arbeitnehmern<\/strong><\/li><li><strong><a href=\"https:\/\/ewl.com.pl\/de\/mitarbeiter-leasing\/\">Vermietung von qualifizierten Arbeitnehmern auf Leasing-Basis<\/a><\/strong><\/li><li><strong><a href=\"https:\/\/ewl.com.pl\/de\/prozess-und-mitarbeiter-outsourcing\/\">Outsourcing von technischen Prozessen und Funktionen<\/a><\/strong><\/li><li><strong>Unterkunft und Transport der Arbeitnehmer zum Arbeitsplatz<\/strong><\/li><li><strong><a href=\"https:\/\/ewl.com.pl\/de\/legalisierung-von-arbeitsauslaendern\/\">Legalisierung des Aufenthalts und der Besch\u00e4ftigung von Ausl\u00e4ndern<\/a><\/strong><\/li><li><strong><a href=\"https:\/\/ewl.com.pl\/de\/grenzueberschreitende-entsendung-von-arbeitnehmern\/\">Grenz\u00fcberschreitende Entsendung von Arbeitnehmern zur Arbeit<\/a><\/strong><\/li><\/ul>\n\n\n\n<p><\/p>\n\n\n\n<hr class=\"wp-block-separator\"\/>\n\n\n\n<p><\/p>\n\n\n\n\n\n<center><a href=\"https:\/\/ewl.com.pl\/de\/kontakt\/?formSubject=zatrudnie\" class=\"btn btn__standard btn__standard--orange\">Nehmen Sie Kontakt mit uns auf!<\/a>\n<\/center>\n\n\n\n<p><\/p>\n\n\n\n<hr class=\"wp-block-separator\"\/>\n\n\n\n<p><\/p>\n\n\n<h2 class=\"wp-block-heading\" id=\"methoden-zur-beschaffung-von-arbeitnehmern\">Methoden zur Beschaffung von Arbeitnehmern<\/h2>\n\n\n<p>Jedem Prozess der <strong>Beschaffung von technischem Personal<\/strong> geht eine Analyse der Bed\u00fcrfnisse des Kunden voraus. Ein Schl\u00fcsselfaktor bei der Besch\u00e4ftigungsplanung ist die Ermittlung der erforderlichen Qualifikationen und F\u00e4higkeiten, die der ideale Bewerber haben sollte. Die Methoden der Personalbeschaffung und Personalauswahl stehen in engem Zusammenhang mit dem Niveau der Stelle und ihren Anforderungen.<\/p>\n\n\n\n<p><strong>Die technischen Arbeitnehmer<\/strong> m\u00fcssen die richtigen Kenntnisse und Kompetenzen haben, die es ihnen erm\u00f6glichen, ihre Aufgaben korrekt auszuf\u00fchren und zur Entwicklung des Unternehmens beizutragen.<\/p>\n\n\n<h2 class=\"wp-block-heading\" id=\"der-qualifizierte-arbeitnehmer-wissen-und-erfahrung\">Der qualifizierte Arbeitnehmer \u2013 Wissen und Erfahrung<\/h2>\n\n\n<p>Motivation, Arbeitsbereitschaft und Branchen-Know-how machen aus einem guten Bewerber den besten Arbeitnehmer. <strong>Ein qualifizierter Arbeiter<\/strong> hat eine viel h\u00f6here Arbeitseffizienz, und seine Einarbeitung in neue Aufgaben ist in der Regel schneller und damit auch kosteng\u00fcnstiger.<\/p>\n\n\n\n<p><strong>Ein qualifizierter Arbeitnehmer<\/strong>, sowohl im technischen, als auch im physischen Bereich, der \u00fcber Erfahrung verf\u00fcgt und diese mit seinen Kollegen teilt, bringt dem Unternehmen einen neuen Mehrwert. Bei EWL bieten wir Unterst\u00fctzung bei der Beschaffung von Arbeitnehmern f\u00fcr Arbeitsstellen:<\/p>\n\n\n\n<ul class=\"wp-block-list\"><li><strong>Polsterer \/ M\u00f6belpolsterer \/ Helfer des Polsterers<\/strong><\/li><li><strong>Isolator \u2013 Industrieschlosser<\/strong><\/li><li><strong>Elektromonteur von Elektroinstallationen<\/strong><\/li><li><strong>Schmelzer auf Induktions\u00f6fen<\/strong><\/li><li><strong>Elektromechaniker<\/strong><\/li><li><strong>CNC-Bediener (Fanuc- und Siemens-Steuerungssysteme)<\/strong><\/li><li><strong>Konventioneller Dreher<\/strong><\/li><li><strong>Schwei\u00dfer (Mig, Mag) \/ Schwei\u00dferassistent<\/strong><\/li><li><strong>Instandhaltungsspezialist (Schwerindustrie)<\/strong><\/li><li><strong>Schlosser<\/strong> <\/li><li><strong>Tischler<\/strong><\/li><li><strong>Zuschneider<\/strong> <\/li><li><strong>N\u00e4herin<\/strong><\/li><\/ul>\n\n\n<h2 class=\"wp-block-heading\" id=\"arbeitnehmer-aus-der-ukraine-technisches-personal-von-jenseits-der-ostgrenze\">Arbeitnehmer aus der Ukraine \u2013 technisches Personal von jenseits der Ostgrenze<\/h2>\n\n\n<p>Bei der Suche nach geeigneten <strong>Bewerbern f\u00fcr technische Stellen<\/strong> sowie bei der Beschaffung von qualifizierten Arbeitern empfiehlt es sich, die Dienstleistungen einer Arbeitsagentur zu nutzen, die auf die <strong><a href=\"https:\/\/ewl.com.pl\/de\/arbeiter-aus-der-ukraine-und-osteuropa\/\">Beschaffung und Auswahl von Bewerbern aus der Ukraine spezialisiert ist<\/a><\/strong>. <a href=\"https:\/\/ewl.com.pl\/de\/\">Die Agentur EWL-Gruppe<\/a> hat langj\u00e4hrige Erfahrung in der Suche und Besch\u00e4ftigung von Arbeitnehmern aus dem Ausland.<\/p>\n\n\n\n<p>Wir besch\u00e4ftigen uns umfassend mit dem Beschaffungsprozess von Bewerbern und \u00fcberpr\u00fcfen ihre F\u00e4higkeiten. Wir besch\u00e4ftigen die besten <strong>Arbeitnehmer f\u00fcr f\u00fchrende Produktionsunternehmen<\/strong> im In- und Ausland. Wir sorgen f\u00fcr die Rechtssicherheit unserer Gesch\u00e4ftspartner. <strong><a href=\"https:\/\/ewl.com.pl\/de\/legalisierung-von-arbeitsauslaendern\/\">Die Legalisierung der Arbeit von Ausl\u00e4ndern<\/a><\/strong> und Fragen im Zusammenhang mit der Verl\u00e4ngerung ihres Aufenthalts in Polen liegen auf unserer Seite.<\/p>\n\n\n\n<p class=\"has-text-align-center\"><strong>Nehmen Sie Kontakt mit uns auf!<\/strong><br>Wir werden sicherlich die beste L\u00f6sung f\u00fcr die Bed\u00fcrfnisse Ihres Unternehmens finden.<\/p>\n\n\n\n<div class=\"wp-block-image\"><figure class=\"aligncenter size-full\"><img loading=\"lazy\" decoding=\"async\" width=\"198\" height=\"200\" src=\"https:\/\/ewl.com.pl\/wp-content\/uploads\/2022\/03\/alina-necewicz-rekrutierung-von-spezialisten-ewl.png\" alt=\"Fachliche und technische Rekrutierung - Alina Necewicz von der EWL Group\" class=\"wp-image-54784\"\/><figcaption><strong>Alina Necewicz<\/strong><br>Technical Recruitment Manager bei der EWL-Gruppe<\/figcaption><\/figure><\/div>\n\n\n\n\n\n<center><a href=\"https:\/\/ewl.com.pl\/de\/kontakt\/?formSubject=zatrudnie\" class=\"btn btn__standard btn__standard--orange\">Nehmen Sie Kontakt mit uns auf!<\/a>\n<\/center>\n","protected":false},"excerpt":{"rendered":"<p>Die Entwicklung moderner Technologien, auch im Bereich der Produktionstechnologie, hat erhebliche Auswirkungen auf den Personalbeschaffungsbedarf der Unternehmen. Die Unternehmen suchen in ihrem Bem\u00fchen, einen Wettbewerbsvorteil zu erlangen und aufrechtzuerhalten, in zunehmendem Ma\u00dfe nach qualifizierten Arbeitnehmern, nach Spezialisten in einem bestimmten Bereich. Eine erfahrene und bew\u00e4hrte Zeitarbeitsagentur wie EWL hilft Ihnen bei der Suche und Besch\u00e4ftigung [&hellip;]<\/p>\n","protected":false},"author":42,"featured_media":0,"parent":0,"menu_order":0,"comment_status":"closed","ping_status":"closed","template":"","meta":{"_acf_changed":false,"footnotes":""},"class_list":["post-55169","page","type-page","status-publish","hentry"],"acf":[],"yoast_head":"<!-- This site is optimized with the Yoast SEO plugin v24.9 - https:\/\/yoast.com\/wordpress\/plugins\/seo\/ -->\n<title>Technische Arbeiter - Rekrutierung, Leasing, Legalisierung der Arbeit<\/title>\n<meta name=\"description\" content=\"Das professionelle EWL-Team unterst\u00fctzt seine Gesch\u00e4ftspartner bei der Rekrutierung und Auswahl von Fachpersonal und bietet flexible Formen der Zusammenarbeit.\" \/>\n<meta name=\"robots\" content=\"index, follow, max-snippet:-1, max-image-preview:large, max-video-preview:-1\" \/>\n<link rel=\"canonical\" href=\"https:\/\/ewl.com.pl\/ewl\/de\/rekrutierung-von-technischen-und-qualifizierten-arbeitskraeften\/\" \/>\n<meta property=\"og:locale\" content=\"de_DE\" \/>\n<meta property=\"og:type\" content=\"article\" \/>\n<meta property=\"og:title\" content=\"Technische Arbeiter - Rekrutierung, Leasing, Legalisierung der Arbeit\" \/>\n<meta property=\"og:description\" content=\"Das professionelle EWL-Team unterst\u00fctzt seine Gesch\u00e4ftspartner bei der Rekrutierung und Auswahl von Fachpersonal und bietet flexible Formen der Zusammenarbeit.\" \/>\n<meta property=\"og:url\" content=\"https:\/\/ewl.com.pl\/ewl\/de\/rekrutierung-von-technischen-und-qualifizierten-arbeitskraeften\/\" \/>\n<meta property=\"og:site_name\" content=\"EWL Group\" \/>\n<meta property=\"article:modified_time\" content=\"2022-04-11T10:51:35+00:00\" \/>\n<meta property=\"og:image\" content=\"https:\/\/ewl.com.pl\/wp-content\/uploads\/2022\/03\/rekrutierung-von-qualifizierten-technischen-mitarbeitern-ewl.jpg\" \/>\n<meta name=\"twitter:card\" content=\"summary_large_image\" \/>\n<meta name=\"twitter:label1\" content=\"Est. reading time\" \/>\n\t<meta name=\"twitter:data1\" content=\"4 Minuten\" \/>\n<script type=\"application\/ld+json\" class=\"yoast-schema-graph\">{\"@context\":\"https:\/\/schema.org\",\"@graph\":[{\"@type\":\"WebPage\",\"@id\":\"https:\/\/ewl.com.pl\/ewl\/de\/rekrutierung-von-technischen-und-qualifizierten-arbeitskraeften\/\",\"url\":\"https:\/\/ewl.com.pl\/ewl\/de\/rekrutierung-von-technischen-und-qualifizierten-arbeitskraeften\/\",\"name\":\"Technische Arbeiter - Rekrutierung, Leasing, Legalisierung der Arbeit\",\"isPartOf\":{\"@id\":\"https:\/\/ewl.com.pl\/ewl\/de\/#website\"},\"primaryImageOfPage\":{\"@id\":\"https:\/\/ewl.com.pl\/ewl\/de\/rekrutierung-von-technischen-und-qualifizierten-arbeitskraeften\/#primaryimage\"},\"image\":{\"@id\":\"https:\/\/ewl.com.pl\/ewl\/de\/rekrutierung-von-technischen-und-qualifizierten-arbeitskraeften\/#primaryimage\"},\"thumbnailUrl\":\"https:\/\/ewl.com.pl\/wp-content\/uploads\/2022\/03\/rekrutierung-von-qualifizierten-technischen-mitarbeitern-ewl.jpg\",\"datePublished\":\"2021-04-01T10:32:15+00:00\",\"dateModified\":\"2022-04-11T10:51:35+00:00\",\"description\":\"Das professionelle EWL-Team unterst\u00fctzt seine Gesch\u00e4ftspartner bei der Rekrutierung und Auswahl von Fachpersonal und bietet flexible Formen der Zusammenarbeit.\",\"breadcrumb\":{\"@id\":\"https:\/\/ewl.com.pl\/ewl\/de\/rekrutierung-von-technischen-und-qualifizierten-arbeitskraeften\/#breadcrumb\"},\"inLanguage\":\"de-DE\",\"potentialAction\":[{\"@type\":\"ReadAction\",\"target\":[\"https:\/\/ewl.com.pl\/ewl\/de\/rekrutierung-von-technischen-und-qualifizierten-arbeitskraeften\/\"]}]},{\"@type\":\"ImageObject\",\"inLanguage\":\"de-DE\",\"@id\":\"https:\/\/ewl.com.pl\/ewl\/de\/rekrutierung-von-technischen-und-qualifizierten-arbeitskraeften\/#primaryimage\",\"url\":\"https:\/\/ewl.com.pl\/wp-content\/uploads\/2022\/03\/rekrutierung-von-qualifizierten-technischen-mitarbeitern-ewl.jpg\",\"contentUrl\":\"https:\/\/ewl.com.pl\/wp-content\/uploads\/2022\/03\/rekrutierung-von-qualifizierten-technischen-mitarbeitern-ewl.jpg\"},{\"@type\":\"BreadcrumbList\",\"@id\":\"https:\/\/ewl.com.pl\/ewl\/de\/rekrutierung-von-technischen-und-qualifizierten-arbeitskraeften\/#breadcrumb\",\"itemListElement\":[{\"@type\":\"ListItem\",\"position\":1,\"name\":\"Home\",\"item\":\"https:\/\/ewl.com.pl\/ewl\/de\/\"},{\"@type\":\"ListItem\",\"position\":2,\"name\":\"Beschaffung von technischen und qualifizierten Arbeitnehmern\"}]},{\"@type\":\"WebSite\",\"@id\":\"https:\/\/ewl.com.pl\/ewl\/de\/#website\",\"url\":\"https:\/\/ewl.com.pl\/ewl\/de\/\",\"name\":\"EWL Group\",\"description\":\"\",\"publisher\":{\"@id\":\"https:\/\/ewl.com.pl\/ewl\/de\/#organization\"},\"potentialAction\":[{\"@type\":\"SearchAction\",\"target\":{\"@type\":\"EntryPoint\",\"urlTemplate\":\"https:\/\/ewl.com.pl\/ewl\/de\/?s={search_term_string}\"},\"query-input\":{\"@type\":\"PropertyValueSpecification\",\"valueRequired\":true,\"valueName\":\"search_term_string\"}}],\"inLanguage\":\"de-DE\"},{\"@type\":\"Organization\",\"@id\":\"https:\/\/ewl.com.pl\/ewl\/de\/#organization\",\"name\":\"EWL Group\",\"url\":\"https:\/\/ewl.com.pl\/ewl\/de\/\",\"logo\":{\"@type\":\"ImageObject\",\"inLanguage\":\"de-DE\",\"@id\":\"https:\/\/ewl.com.pl\/ewl\/de\/#\/schema\/logo\/image\/\",\"url\":\"https:\/\/ewl.com.pl\/wp-content\/uploads\/2020\/06\/logo-white@2x.png\",\"contentUrl\":\"https:\/\/ewl.com.pl\/wp-content\/uploads\/2020\/06\/logo-white@2x.png\",\"width\":312,\"height\":130,\"caption\":\"EWL Group\"},\"image\":{\"@id\":\"https:\/\/ewl.com.pl\/ewl\/de\/#\/schema\/logo\/image\/\"}}]}<\/script>\n<!-- \/ Yoast SEO plugin. -->","yoast_head_json":{"title":"Technische Arbeiter - Rekrutierung, Leasing, Legalisierung der Arbeit","description":"Das professionelle EWL-Team unterst\u00fctzt seine Gesch\u00e4ftspartner bei der Rekrutierung und Auswahl von Fachpersonal und bietet flexible Formen der Zusammenarbeit.","robots":{"index":"index","follow":"follow","max-snippet":"max-snippet:-1","max-image-preview":"max-image-preview:large","max-video-preview":"max-video-preview:-1"},"canonical":"https:\/\/ewl.com.pl\/ewl\/de\/rekrutierung-von-technischen-und-qualifizierten-arbeitskraeften\/","og_locale":"de_DE","og_type":"article","og_title":"Technische Arbeiter - Rekrutierung, Leasing, Legalisierung der Arbeit","og_description":"Das professionelle EWL-Team unterst\u00fctzt seine Gesch\u00e4ftspartner bei der Rekrutierung und Auswahl von Fachpersonal und bietet flexible Formen der Zusammenarbeit.","og_url":"https:\/\/ewl.com.pl\/ewl\/de\/rekrutierung-von-technischen-und-qualifizierten-arbeitskraeften\/","og_site_name":"EWL Group","article_modified_time":"2022-04-11T10:51:35+00:00","og_image":[{"url":"https:\/\/ewl.com.pl\/wp-content\/uploads\/2022\/03\/rekrutierung-von-qualifizierten-technischen-mitarbeitern-ewl.jpg","type":"","width":"","height":""}],"twitter_card":"summary_large_image","twitter_misc":{"Est. reading time":"4 Minuten"},"schema":{"@context":"https:\/\/schema.org","@graph":[{"@type":"WebPage","@id":"https:\/\/ewl.com.pl\/ewl\/de\/rekrutierung-von-technischen-und-qualifizierten-arbeitskraeften\/","url":"https:\/\/ewl.com.pl\/ewl\/de\/rekrutierung-von-technischen-und-qualifizierten-arbeitskraeften\/","name":"Technische Arbeiter - Rekrutierung, Leasing, Legalisierung der Arbeit","isPartOf":{"@id":"https:\/\/ewl.com.pl\/ewl\/de\/#website"},"primaryImageOfPage":{"@id":"https:\/\/ewl.com.pl\/ewl\/de\/rekrutierung-von-technischen-und-qualifizierten-arbeitskraeften\/#primaryimage"},"image":{"@id":"https:\/\/ewl.com.pl\/ewl\/de\/rekrutierung-von-technischen-und-qualifizierten-arbeitskraeften\/#primaryimage"},"thumbnailUrl":"https:\/\/ewl.com.pl\/wp-content\/uploads\/2022\/03\/rekrutierung-von-qualifizierten-technischen-mitarbeitern-ewl.jpg","datePublished":"2021-04-01T10:32:15+00:00","dateModified":"2022-04-11T10:51:35+00:00","description":"Das professionelle EWL-Team unterst\u00fctzt seine Gesch\u00e4ftspartner bei der Rekrutierung und Auswahl von Fachpersonal und bietet flexible Formen der Zusammenarbeit.","breadcrumb":{"@id":"https:\/\/ewl.com.pl\/ewl\/de\/rekrutierung-von-technischen-und-qualifizierten-arbeitskraeften\/#breadcrumb"},"inLanguage":"de-DE","potentialAction":[{"@type":"ReadAction","target":["https:\/\/ewl.com.pl\/ewl\/de\/rekrutierung-von-technischen-und-qualifizierten-arbeitskraeften\/"]}]},{"@type":"ImageObject","inLanguage":"de-DE","@id":"https:\/\/ewl.com.pl\/ewl\/de\/rekrutierung-von-technischen-und-qualifizierten-arbeitskraeften\/#primaryimage","url":"https:\/\/ewl.com.pl\/wp-content\/uploads\/2022\/03\/rekrutierung-von-qualifizierten-technischen-mitarbeitern-ewl.jpg","contentUrl":"https:\/\/ewl.com.pl\/wp-content\/uploads\/2022\/03\/rekrutierung-von-qualifizierten-technischen-mitarbeitern-ewl.jpg"},{"@type":"BreadcrumbList","@id":"https:\/\/ewl.com.pl\/ewl\/de\/rekrutierung-von-technischen-und-qualifizierten-arbeitskraeften\/#breadcrumb","itemListElement":[{"@type":"ListItem","position":1,"name":"Home","item":"https:\/\/ewl.com.pl\/ewl\/de\/"},{"@type":"ListItem","position":2,"name":"Beschaffung von technischen und qualifizierten Arbeitnehmern"}]},{"@type":"WebSite","@id":"https:\/\/ewl.com.pl\/ewl\/de\/#website","url":"https:\/\/ewl.com.pl\/ewl\/de\/","name":"EWL Group","description":"","publisher":{"@id":"https:\/\/ewl.com.pl\/ewl\/de\/#organization"},"potentialAction":[{"@type":"SearchAction","target":{"@type":"EntryPoint","urlTemplate":"https:\/\/ewl.com.pl\/ewl\/de\/?s={search_term_string}"},"query-input":{"@type":"PropertyValueSpecification","valueRequired":true,"valueName":"search_term_string"}}],"inLanguage":"de-DE"},{"@type":"Organization","@id":"https:\/\/ewl.com.pl\/ewl\/de\/#organization","name":"EWL Group","url":"https:\/\/ewl.com.pl\/ewl\/de\/","logo":{"@type":"ImageObject","inLanguage":"de-DE","@id":"https:\/\/ewl.com.pl\/ewl\/de\/#\/schema\/logo\/image\/","url":"https:\/\/ewl.com.pl\/wp-content\/uploads\/2020\/06\/logo-white@2x.png","contentUrl":"https:\/\/ewl.com.pl\/wp-content\/uploads\/2020\/06\/logo-white@2x.png","width":312,"height":130,"caption":"EWL Group"},"image":{"@id":"https:\/\/ewl.com.pl\/ewl\/de\/#\/schema\/logo\/image\/"}}]}},"_links":{"self":[{"href":"https:\/\/ewl.com.pl\/ewl\/de\/wp-json\/wp\/v2\/pages\/55169","targetHints":{"allow":["GET"]}}],"collection":[{"href":"https:\/\/ewl.com.pl\/ewl\/de\/wp-json\/wp\/v2\/pages"}],"about":[{"href":"https:\/\/ewl.com.pl\/ewl\/de\/wp-json\/wp\/v2\/types\/page"}],"author":[{"embeddable":true,"href":"https:\/\/ewl.com.pl\/ewl\/de\/wp-json\/wp\/v2\/users\/42"}],"replies":[{"embeddable":true,"href":"https:\/\/ewl.com.pl\/ewl\/de\/wp-json\/wp\/v2\/comments?post=55169"}],"version-history":[{"count":4,"href":"https:\/\/ewl.com.pl\/ewl\/de\/wp-json\/wp\/v2\/pages\/55169\/revisions"}],"predecessor-version":[{"id":55607,"href":"https:\/\/ewl.com.pl\/ewl\/de\/wp-json\/wp\/v2\/pages\/55169\/revisions\/55607"}],"wp:attachment":[{"href":"https:\/\/ewl.com.pl\/ewl\/de\/wp-json\/wp\/v2\/media?parent=55169"}],"curies":[{"name":"wp","href":"https:\/\/api.w.org\/{rel}","templated":true}]}}