{"id":55015,"date":"2021-03-18T12:34:00","date_gmt":"2021-03-18T11:34:00","guid":{"rendered":"https:\/\/ewl.com.pl\/pracownicy-produkcji\/"},"modified":"2022-04-11T12:43:39","modified_gmt":"2022-04-11T10:43:39","slug":"produktions-arbeiter","status":"publish","type":"page","link":"https:\/\/ewl.com.pl\/ewl\/de\/produktions-arbeiter\/","title":{"rendered":"Produktionsarbeiter \u2013 Personalbeschaffung, Vermietung, Outsourcing"},"content":{"rendered":"\n<div class=\"wp-block-image\"><figure class=\"alignright size-full is-resized\"><img loading=\"lazy\" decoding=\"async\" src=\"https:\/\/ewl.com.pl\/wp-content\/uploads\/2022\/03\/produktionsarbeiter-anwerbung-von-auslandern.jpg\" alt=\"Arbeiter f\u00fcr die Produktion - Arbeitsagentur f\u00fcr Ausl\u00e4nder EWL\" class=\"wp-image-54776\" width=\"300\" height=\"200\"\/><\/figure><\/div>\n\n\n\n<p><strong>Produktionsarbeiter <\/strong>sind ein Schl\u00fcsselelement, das u.a. die Wettbewerbsf\u00e4higkeit eines Unternehmens bestimmt. Obwohl die Arbeit in der Produktion in der Regel keine hohen Qualifikationen erfordert, m\u00fcssen aufgrund ihrer Besonderheit viele Stellen gleichzeitig in kurzer Zeit besetzt werden.<\/p>\n\n\n<h2 class=\"wp-block-heading\" id=\"gewinnung-von-produktionsarbeitern\">Gewinnung von Produktionsarbeitern<\/h2>\n\n\n<p>Ein pl\u00f6tzlicher Anstieg der Produktion? Saisonaler H\u00f6hepunkt? Notwendige schnelle und effektive B<strong>eschaffung von Produktionsarbeitern<\/strong>? Die EWL Arbeitsagentur hat bew\u00e4hrte L\u00f6sungen f\u00fcr jedes Szenario. Dank einer gro\u00dfen und st\u00e4ndig aktualisierten Bewerberdatenbank sowie unserer Erfahrung in der Beschaffung und <strong>Besch\u00e4ftigung von Produktionspersonal<\/strong>, auch von jenseits der Ostgrenze, bieten wir ma\u00dfgeschneiderte Dienstleistungen an! <\/p>\n\n\n\n<p>In kurzer Zeit k\u00f6nnen wir f\u00fcr Sie Produktionsarbeiter finden und besch\u00e4ftigen, die Ihr bestehendes Personal unterst\u00fctzen oder die St\u00e4rke Ihrer neu er\u00f6ffneten Produktionslinie werden.<\/p>\n\n\n\n<p>Zu ihren Aufgaben geh\u00f6ren:<\/p>\n\n\n\n<ul class=\"wp-block-list\"><li><strong>Bedienung von Produktionsmaschinen,<\/strong><\/li><li><strong>Sammeln von Produkten aus der Produktionslinie,<\/strong><\/li><li><strong>Qualit\u00e4tskontrolle von Form und Gewicht des Produkts,<\/strong><\/li><li><strong>Sortieren der hergestellten Produkte,<\/strong><\/li><li><strong>Falten von Kartonverpackungen,<\/strong><\/li><li><strong>Etikettierung der Schachteln,<\/strong><\/li><li><strong>Kommissionierung, Verpackung und Versand von Waren.<\/strong><\/li><\/ul>\n\n\n\n<p>Die von uns geworbenen Arbeitnehmer f\u00fchren ihre <strong>Produktionsaufgaben in verschiedenen Branchen<\/strong> , wie der Lebensmittelproduktion, der Chemie- und Kosmetikproduktion, der Fleisch- und Fischproduktion und -verarbeitung sowie der Verpackung von Halbfertigprodukten und frischen Mahlzeiten erfolgreich aus.<\/p>\n\n\n\n<hr class=\"wp-block-separator\"\/>\n\n\n\n<center><a href=\"https:\/\/ewl.com.pl\/de\/kontakt\/?formSubject=zatrudnie\" class=\"btn btn__standard btn__standard--orange\">Nehmen Sie Kontakt mit uns auf!<\/a>\n<\/center>\n\n\n\n<p><\/p>\n\n\n\n<p><\/p>\n\n\n\n<hr class=\"wp-block-separator\"\/>\n\n\n\n<p><\/p>\n\n\n<h2 class=\"wp-block-heading\" id=\"outsourcing-von-produktionsprozessen-produktionsprozesse-unter-der-kontrolle-von-spezialisten\">Outsourcing von Produktionsprozessen \u2013 Produktionsprozesse unter der Kontrolle von Spezialisten<\/h2>\n\n\n<p>Die EWL-Gruppe ist ein bew\u00e4hrter und sicherer Gesch\u00e4ftspartner, dem Sie ohne Angst einen Teil Ihres Gesch\u00e4fts anvertrauen k\u00f6nnen! Als Outsourcing-Agentur haben wir Erfahrung in der strategischen Planung, effektiven Durchf\u00fchrung und klaren Abrechnung der uns beauftragten Produktionsprozesse.<\/p>\n\n\n\n<p>Im Rahmen der <strong>Dienstleistung des Outsourcings von Produktionsprozessen<\/strong> planen wir Ihre Produktionsaufgaben, stellen Ihnen effizientes und motiviertes Produktionspersonal zur Verf\u00fcgung und gew\u00e4hrleisten die hohe Qualit\u00e4t und Rechtzeitigkeit unserer Dienstleistung.<\/p>\n\n\n<h2 class=\"wp-block-heading\" id=\"arbeitnehmerleasing-arbeitnehmer-der-produktionslinie-zu-vermieten\">Arbeitnehmer-Leasing \u2013 Arbeitnehmer der Produktionslinie zu vermieten<\/h2>\n\n\n<p>Wir sind Spezialisten im Bereich Zeitarbeit! Wenn Sie sich f\u00fcr eine Personalbeschaffung mit EWL entscheiden, k\u00f6nnen Sie sicher sein, dass die von Ihnen gew\u00e4hlten <strong>Produktionsarbeiter<\/strong> den Anforderungen der jeweiligen Stelle entsprechen. Wir gewinnen und besch\u00e4ftigen eine gro\u00dfe Anzahl von Arbeitnehmern in kurzer Zeit und gew\u00e4hrleisten gleichzeitig die Qualit\u00e4t der Prozesse.<\/p>\n\n\n\n<p>Wir haben die notwendige Erfahrung und das Wissen, um ausl\u00e4ndische Arbeitnehmer zu werben und legal zu besch\u00e4ftigen. <strong><a href=\"https:\/\/ewl.com.pl\/de\/beschaeftigung-von-auslaendern\/\">Die Besch\u00e4ftigung von Ausl\u00e4ndern<\/a><\/strong> mit dem Expertenteam von EWL ist eine Garantie f\u00fcr Legalit\u00e4t und Sicherheit.<\/p>\n\n\n\n<p class=\"has-text-align-center\">  <strong>Nehmen Sie Kontakt mit uns auf!<\/strong><br>Wir werden sicherlich die beste L\u00f6sung f\u00fcr die Bed\u00fcrfnisse Ihres Unternehmens finden.<\/p>\n\n\n\n<div id=\"block-245186be-117c-4dd8-b09f-b35a0ef40bac\" class=\"wp-block-image\"><figure class=\"aligncenter size-large is-resized\"><img loading=\"lazy\" decoding=\"async\" src=\"https:\/\/ewl.com.pl\/wp-content\/uploads\/2021\/02\/zatrudnianie-cudzoziemcow-michal-wierzchowski-ewl.jpg\" alt=\"Zatrudnianie obcokrajowc\u00f3w z EWL Group - Micha\u0142 Wierzchowski\" class=\"wp-image-54939\" width=\"198\" height=\"200\"\/><figcaption><strong>Micha\u0142 Wierzchowski<\/strong><br>Verkaufsdirektor bei der EWL-Gruppe<\/figcaption><\/figure><\/div>\n\n\n\n\n\n<center><a href=\"https:\/\/ewl.com.pl\/de\/kontakt\/?formSubject=zatrudnie\" class=\"btn btn__standard btn__standard--orange\">Nehmen Sie Kontakt mit uns auf!<\/a>\n<\/center>\n","protected":false},"excerpt":{"rendered":"<p>Produktionsarbeiter sind ein Schl\u00fcsselelement, das u.a. die Wettbewerbsf\u00e4higkeit eines Unternehmens bestimmt. Obwohl die Arbeit in der Produktion in der Regel keine hohen Qualifikationen erfordert, m\u00fcssen aufgrund ihrer Besonderheit viele Stellen gleichzeitig in kurzer Zeit besetzt werden. Gewinnung von Produktionsarbeitern Ein pl\u00f6tzlicher Anstieg der Produktion? Saisonaler H\u00f6hepunkt? Notwendige schnelle und effektive Beschaffung von Produktionsarbeitern? Die EWL [&hellip;]<\/p>\n","protected":false},"author":42,"featured_media":0,"parent":0,"menu_order":0,"comment_status":"closed","ping_status":"closed","template":"","meta":{"_acf_changed":false,"footnotes":""},"class_list":["post-55015","page","type-page","status-publish","hentry"],"acf":[],"yoast_head":"<!-- This site is optimized with the Yoast SEO plugin v24.9 - https:\/\/yoast.com\/wordpress\/plugins\/seo\/ -->\n<title>Produktionsmitarbeiter - Rekrutierung, Vermietung, Outsourcing f\u00fcr Unternehmen<\/title>\n<meta name=\"description\" content=\"Schnelle und effektive Rekrutierung von Produktionsmitarbeitern. Dank EWL kommen rekrutierte Produktionsmitarbeiter immer dann in Ihr Unternehmen, wenn sie gebraucht werden\" \/>\n<meta name=\"robots\" content=\"index, follow, max-snippet:-1, max-image-preview:large, max-video-preview:-1\" \/>\n<link rel=\"canonical\" href=\"https:\/\/ewl.com.pl\/ewl\/de\/produktions-arbeiter\/\" \/>\n<meta property=\"og:locale\" content=\"de_DE\" \/>\n<meta property=\"og:type\" content=\"article\" \/>\n<meta property=\"og:title\" content=\"Pracownicy na produkcj\u0119 - rekrutacja, wynajem, outsourcing dla firm\" \/>\n<meta property=\"og:description\" content=\"Szybka i efektywna rekrutacja pracownik\u00f3w produkcyjnych. Dzi\u0119ki EWL, zrekrutowani pracownicy na produkcj\u0119 do\u0142\u0105cz\u0105 do Twojej firmy gdy tylko b\u0119d\u0105 potrzebni\" \/>\n<meta property=\"og:url\" content=\"https:\/\/ewl.com.pl\/ewl\/de\/produktions-arbeiter\/\" \/>\n<meta property=\"og:site_name\" content=\"EWL Group\" \/>\n<meta property=\"article:modified_time\" content=\"2022-04-11T10:43:39+00:00\" \/>\n<meta property=\"og:image\" content=\"https:\/\/ewl.com.pl\/ewl\/wp-content\/uploads\/2021\/03\/pracownicy-na-produkcje-rekrutacja-cudzoziemcow.jpg\" \/>\n\t<meta property=\"og:image:width\" content=\"800\" \/>\n\t<meta property=\"og:image:height\" content=\"490\" \/>\n\t<meta property=\"og:image:type\" content=\"image\/jpeg\" \/>\n<meta name=\"twitter:card\" content=\"summary_large_image\" \/>\n<meta name=\"twitter:title\" content=\"Pracownicy na produkcj\u0119 - rekrutacja, wynajem, outsourcing dla firm\" \/>\n<meta name=\"twitter:description\" content=\"Szybka i efektywna rekrutacja pracownik\u00f3w produkcyjnych. Dzi\u0119ki EWL, zrekrutowani pracownicy na produkcj\u0119 do\u0142\u0105cz\u0105 do Twojej firmy gdy tylko b\u0119d\u0105 potrzebni\" \/>\n<meta name=\"twitter:image\" content=\"https:\/\/ewl.com.pl\/ewl\/wp-content\/uploads\/2021\/03\/pracownicy-na-produkcje-rekrutacja-cudzoziemcow.jpg\" \/>\n<meta name=\"twitter:label1\" content=\"Est. reading time\" \/>\n\t<meta name=\"twitter:data1\" content=\"3 Minuten\" \/>\n<script type=\"application\/ld+json\" class=\"yoast-schema-graph\">{\"@context\":\"https:\/\/schema.org\",\"@graph\":[{\"@type\":\"WebPage\",\"@id\":\"https:\/\/ewl.com.pl\/ewl\/de\/produktions-arbeiter\/\",\"url\":\"https:\/\/ewl.com.pl\/ewl\/de\/produktions-arbeiter\/\",\"name\":\"Produktionsmitarbeiter - Rekrutierung, Vermietung, Outsourcing f\u00fcr Unternehmen\",\"isPartOf\":{\"@id\":\"https:\/\/ewl.com.pl\/ewl\/de\/#website\"},\"primaryImageOfPage\":{\"@id\":\"https:\/\/ewl.com.pl\/ewl\/de\/produktions-arbeiter\/#primaryimage\"},\"image\":{\"@id\":\"https:\/\/ewl.com.pl\/ewl\/de\/produktions-arbeiter\/#primaryimage\"},\"thumbnailUrl\":\"https:\/\/ewl.com.pl\/wp-content\/uploads\/2022\/03\/produktionsarbeiter-anwerbung-von-auslandern.jpg\",\"datePublished\":\"2021-03-18T11:34:00+00:00\",\"dateModified\":\"2022-04-11T10:43:39+00:00\",\"description\":\"Schnelle und effektive Rekrutierung von Produktionsmitarbeitern. Dank EWL kommen rekrutierte Produktionsmitarbeiter immer dann in Ihr Unternehmen, wenn sie gebraucht werden\",\"breadcrumb\":{\"@id\":\"https:\/\/ewl.com.pl\/ewl\/de\/produktions-arbeiter\/#breadcrumb\"},\"inLanguage\":\"de-DE\",\"potentialAction\":[{\"@type\":\"ReadAction\",\"target\":[\"https:\/\/ewl.com.pl\/ewl\/de\/produktions-arbeiter\/\"]}]},{\"@type\":\"ImageObject\",\"inLanguage\":\"de-DE\",\"@id\":\"https:\/\/ewl.com.pl\/ewl\/de\/produktions-arbeiter\/#primaryimage\",\"url\":\"https:\/\/ewl.com.pl\/wp-content\/uploads\/2022\/03\/produktionsarbeiter-anwerbung-von-auslandern.jpg\",\"contentUrl\":\"https:\/\/ewl.com.pl\/wp-content\/uploads\/2022\/03\/produktionsarbeiter-anwerbung-von-auslandern.jpg\"},{\"@type\":\"BreadcrumbList\",\"@id\":\"https:\/\/ewl.com.pl\/ewl\/de\/produktions-arbeiter\/#breadcrumb\",\"itemListElement\":[{\"@type\":\"ListItem\",\"position\":1,\"name\":\"Home\",\"item\":\"https:\/\/ewl.com.pl\/ewl\/de\/\"},{\"@type\":\"ListItem\",\"position\":2,\"name\":\"Produktionsarbeiter \u2013 Personalbeschaffung, Vermietung, Outsourcing\"}]},{\"@type\":\"WebSite\",\"@id\":\"https:\/\/ewl.com.pl\/ewl\/de\/#website\",\"url\":\"https:\/\/ewl.com.pl\/ewl\/de\/\",\"name\":\"EWL Group\",\"description\":\"\",\"publisher\":{\"@id\":\"https:\/\/ewl.com.pl\/ewl\/de\/#organization\"},\"potentialAction\":[{\"@type\":\"SearchAction\",\"target\":{\"@type\":\"EntryPoint\",\"urlTemplate\":\"https:\/\/ewl.com.pl\/ewl\/de\/?s={search_term_string}\"},\"query-input\":{\"@type\":\"PropertyValueSpecification\",\"valueRequired\":true,\"valueName\":\"search_term_string\"}}],\"inLanguage\":\"de-DE\"},{\"@type\":\"Organization\",\"@id\":\"https:\/\/ewl.com.pl\/ewl\/de\/#organization\",\"name\":\"EWL Group\",\"url\":\"https:\/\/ewl.com.pl\/ewl\/de\/\",\"logo\":{\"@type\":\"ImageObject\",\"inLanguage\":\"de-DE\",\"@id\":\"https:\/\/ewl.com.pl\/ewl\/de\/#\/schema\/logo\/image\/\",\"url\":\"https:\/\/ewl.com.pl\/wp-content\/uploads\/2020\/06\/logo-white@2x.png\",\"contentUrl\":\"https:\/\/ewl.com.pl\/wp-content\/uploads\/2020\/06\/logo-white@2x.png\",\"width\":312,\"height\":130,\"caption\":\"EWL Group\"},\"image\":{\"@id\":\"https:\/\/ewl.com.pl\/ewl\/de\/#\/schema\/logo\/image\/\"}}]}<\/script>\n<!-- \/ Yoast SEO plugin. -->","yoast_head_json":{"title":"Produktionsmitarbeiter - Rekrutierung, Vermietung, Outsourcing f\u00fcr Unternehmen","description":"Schnelle und effektive Rekrutierung von Produktionsmitarbeitern. Dank EWL kommen rekrutierte Produktionsmitarbeiter immer dann in Ihr Unternehmen, wenn sie gebraucht werden","robots":{"index":"index","follow":"follow","max-snippet":"max-snippet:-1","max-image-preview":"max-image-preview:large","max-video-preview":"max-video-preview:-1"},"canonical":"https:\/\/ewl.com.pl\/ewl\/de\/produktions-arbeiter\/","og_locale":"de_DE","og_type":"article","og_title":"Pracownicy na produkcj\u0119 - rekrutacja, wynajem, outsourcing dla firm","og_description":"Szybka i efektywna rekrutacja pracownik\u00f3w produkcyjnych. Dzi\u0119ki EWL, zrekrutowani pracownicy na produkcj\u0119 do\u0142\u0105cz\u0105 do Twojej firmy gdy tylko b\u0119d\u0105 potrzebni","og_url":"https:\/\/ewl.com.pl\/ewl\/de\/produktions-arbeiter\/","og_site_name":"EWL Group","article_modified_time":"2022-04-11T10:43:39+00:00","og_image":[{"width":800,"height":490,"url":"https:\/\/ewl.com.pl\/ewl\/wp-content\/uploads\/2021\/03\/pracownicy-na-produkcje-rekrutacja-cudzoziemcow.jpg","type":"image\/jpeg"}],"twitter_card":"summary_large_image","twitter_title":"Pracownicy na produkcj\u0119 - rekrutacja, wynajem, outsourcing dla firm","twitter_description":"Szybka i efektywna rekrutacja pracownik\u00f3w produkcyjnych. Dzi\u0119ki EWL, zrekrutowani pracownicy na produkcj\u0119 do\u0142\u0105cz\u0105 do Twojej firmy gdy tylko b\u0119d\u0105 potrzebni","twitter_image":"https:\/\/ewl.com.pl\/ewl\/wp-content\/uploads\/2021\/03\/pracownicy-na-produkcje-rekrutacja-cudzoziemcow.jpg","twitter_misc":{"Est. reading time":"3 Minuten"},"schema":{"@context":"https:\/\/schema.org","@graph":[{"@type":"WebPage","@id":"https:\/\/ewl.com.pl\/ewl\/de\/produktions-arbeiter\/","url":"https:\/\/ewl.com.pl\/ewl\/de\/produktions-arbeiter\/","name":"Produktionsmitarbeiter - Rekrutierung, Vermietung, Outsourcing f\u00fcr Unternehmen","isPartOf":{"@id":"https:\/\/ewl.com.pl\/ewl\/de\/#website"},"primaryImageOfPage":{"@id":"https:\/\/ewl.com.pl\/ewl\/de\/produktions-arbeiter\/#primaryimage"},"image":{"@id":"https:\/\/ewl.com.pl\/ewl\/de\/produktions-arbeiter\/#primaryimage"},"thumbnailUrl":"https:\/\/ewl.com.pl\/wp-content\/uploads\/2022\/03\/produktionsarbeiter-anwerbung-von-auslandern.jpg","datePublished":"2021-03-18T11:34:00+00:00","dateModified":"2022-04-11T10:43:39+00:00","description":"Schnelle und effektive Rekrutierung von Produktionsmitarbeitern. Dank EWL kommen rekrutierte Produktionsmitarbeiter immer dann in Ihr Unternehmen, wenn sie gebraucht werden","breadcrumb":{"@id":"https:\/\/ewl.com.pl\/ewl\/de\/produktions-arbeiter\/#breadcrumb"},"inLanguage":"de-DE","potentialAction":[{"@type":"ReadAction","target":["https:\/\/ewl.com.pl\/ewl\/de\/produktions-arbeiter\/"]}]},{"@type":"ImageObject","inLanguage":"de-DE","@id":"https:\/\/ewl.com.pl\/ewl\/de\/produktions-arbeiter\/#primaryimage","url":"https:\/\/ewl.com.pl\/wp-content\/uploads\/2022\/03\/produktionsarbeiter-anwerbung-von-auslandern.jpg","contentUrl":"https:\/\/ewl.com.pl\/wp-content\/uploads\/2022\/03\/produktionsarbeiter-anwerbung-von-auslandern.jpg"},{"@type":"BreadcrumbList","@id":"https:\/\/ewl.com.pl\/ewl\/de\/produktions-arbeiter\/#breadcrumb","itemListElement":[{"@type":"ListItem","position":1,"name":"Home","item":"https:\/\/ewl.com.pl\/ewl\/de\/"},{"@type":"ListItem","position":2,"name":"Produktionsarbeiter \u2013 Personalbeschaffung, Vermietung, Outsourcing"}]},{"@type":"WebSite","@id":"https:\/\/ewl.com.pl\/ewl\/de\/#website","url":"https:\/\/ewl.com.pl\/ewl\/de\/","name":"EWL Group","description":"","publisher":{"@id":"https:\/\/ewl.com.pl\/ewl\/de\/#organization"},"potentialAction":[{"@type":"SearchAction","target":{"@type":"EntryPoint","urlTemplate":"https:\/\/ewl.com.pl\/ewl\/de\/?s={search_term_string}"},"query-input":{"@type":"PropertyValueSpecification","valueRequired":true,"valueName":"search_term_string"}}],"inLanguage":"de-DE"},{"@type":"Organization","@id":"https:\/\/ewl.com.pl\/ewl\/de\/#organization","name":"EWL Group","url":"https:\/\/ewl.com.pl\/ewl\/de\/","logo":{"@type":"ImageObject","inLanguage":"de-DE","@id":"https:\/\/ewl.com.pl\/ewl\/de\/#\/schema\/logo\/image\/","url":"https:\/\/ewl.com.pl\/wp-content\/uploads\/2020\/06\/logo-white@2x.png","contentUrl":"https:\/\/ewl.com.pl\/wp-content\/uploads\/2020\/06\/logo-white@2x.png","width":312,"height":130,"caption":"EWL Group"},"image":{"@id":"https:\/\/ewl.com.pl\/ewl\/de\/#\/schema\/logo\/image\/"}}]}},"_links":{"self":[{"href":"https:\/\/ewl.com.pl\/ewl\/de\/wp-json\/wp\/v2\/pages\/55015","targetHints":{"allow":["GET"]}}],"collection":[{"href":"https:\/\/ewl.com.pl\/ewl\/de\/wp-json\/wp\/v2\/pages"}],"about":[{"href":"https:\/\/ewl.com.pl\/ewl\/de\/wp-json\/wp\/v2\/types\/page"}],"author":[{"embeddable":true,"href":"https:\/\/ewl.com.pl\/ewl\/de\/wp-json\/wp\/v2\/users\/42"}],"replies":[{"embeddable":true,"href":"https:\/\/ewl.com.pl\/ewl\/de\/wp-json\/wp\/v2\/comments?post=55015"}],"version-history":[{"count":7,"href":"https:\/\/ewl.com.pl\/ewl\/de\/wp-json\/wp\/v2\/pages\/55015\/revisions"}],"predecessor-version":[{"id":55600,"href":"https:\/\/ewl.com.pl\/ewl\/de\/wp-json\/wp\/v2\/pages\/55015\/revisions\/55600"}],"wp:attachment":[{"href":"https:\/\/ewl.com.pl\/ewl\/de\/wp-json\/wp\/v2\/media?parent=55015"}],"curies":[{"name":"wp","href":"https:\/\/api.w.org\/{rel}","templated":true}]}}