{"id":54974,"date":"2021-05-24T21:16:04","date_gmt":"2021-05-24T19:16:04","guid":{"rendered":"https:\/\/ewl.com.pl\/pracownicy-z-ukrainy-i-europy-wschodniej\/"},"modified":"2024-04-24T10:22:09","modified_gmt":"2024-04-24T08:22:09","slug":"arbeiter-aus-der-ukraine-und-osteuropa","status":"publish","type":"page","link":"https:\/\/ewl.com.pl\/ewl\/de\/arbeiter-aus-der-ukraine-und-osteuropa\/","title":{"rendered":"Arbeitnehmer aus der Ukraine und Osteuropa"},"content":{"rendered":"<div class=\"wp-block-image\">\n<figure class=\"alignright size-full\"><img loading=\"lazy\" decoding=\"async\" width=\"300\" height=\"200\" src=\"https:\/\/ewl.com.pl\/wp-content\/uploads\/2022\/03\/arbeiter-aus-der-ukraine-und-dem-osten-ewl-300x200-1.jpg\" alt=\"Arbeiter aus der Ukraine und dem Osten\" class=\"wp-image-54760\"\/><\/figure><\/div>\n\n\n<p>Schnelle Entwicklung der polnischen Wirtschaft in den letzten Jahren f\u00fchrte zu einer erh\u00f6hten Nachfrage nach <strong>Arbeitnehmern aus dem<\/strong> Ausland. Polen geh\u00f6rt zu den Spitzenl\u00e4ndern unter den OECD-L\u00e4ndern, die ausl\u00e4ndische <strong><a href=\"https:\/\/ewl.com.pl\/de\/zeitarbeiter\/\">Zeitarbeitnehmer<\/a><\/strong> aufnehmen. Bei der Besetzung freier Stellen entscheiden sich die Unternehmen h\u00e4ufig f\u00fcr <strong>Arbeitnehmer aus der Ukraine und Osteuropa<\/strong>, die f\u00fcr ihre Motivation und ihr Engagement gesch\u00e4tzt werden.<\/p>\n\n\n<h2 class=\"wp-block-heading\" id=\"arbeitnehmer-aus-der-ukraine-angebot-fuer-unternehmen\">Arbeitnehmer aus der Ukraine \u2013 Angebot f\u00fcr Unternehmen<\/h2>\n\n\n<p>Die EWL-Gruppe unterst\u00fctzt als erfahrener Gesch\u00e4ftspartner seit \u00fcber 14 Jahren Unternehmen bei der <strong>Beschaffung und Besch\u00e4ftigung von ausl\u00e4ndischen Arbeitnehmern<\/strong>. Unser Angebot umfasst:<\/p>\n\n\n\n<ul class=\"wp-block-list\">\n<li><strong>Beschaffung der Arbeitnehmer aus der Ukraine und Osteuropa<\/strong><\/li>\n\n\n\n<li><strong><a href=\"https:\/\/ewl.com.pl\/de\/mitarbeiter-leasing\/\">Komplexe Dienstleistung im Bereich Leasing (Vermietung) von Arbeitnehmern aus der Ukraine<\/a><\/strong><\/li>\n\n\n\n<li><strong><a href=\"https:\/\/ewl.com.pl\/de\/legalisierung-von-arbeitsauslaendern\/\">Bearbeitung des Prozesses der Legalisierung von Besch\u00e4ftigung und Aufenthalt von Ukrainern in Polen<\/a><\/strong><\/li>\n\n\n\n<li><strong><a href=\"https:\/\/ewl.com.pl\/de\/prozess-und-mitarbeiter-outsourcing\/\">Outsourcing von Prozessen und Funktionen<\/a><\/strong><\/li>\n\n\n\n<li><strong><a href=\"https:\/\/ewl.com.pl\/de\/grenzueberschreitende-entsendung-von-arbeitnehmern\/\">Entsendung von Arbeitnehmern aus der Ukraine in europ\u00e4ische L\u00e4nder<\/a><\/strong><\/li>\n<\/ul>\n\n\n\n<p><\/p>\n\n\n\n<hr class=\"wp-block-separator has-css-opacity\"\/>\n\n\n\n<center><a href=\"https:\/\/ewl.com.pl\/de\/kontakt\/?formSubject=zatrudnie\" class=\"btn btn__standard btn__standard--orange\">Nehmen Sie Kontakt mit uns auf!<\/a>\n<\/center>\n\n\n\n<p><\/p>\n\n\n\n<hr class=\"wp-block-separator has-css-opacity\"\/>\n\n\n\n<p><\/p>\n\n\n<h2 class=\"wp-block-heading\" id=\"beschaeftigung-arbeitnehmer-aus-der-ukraine\">Besch\u00e4ftigung \u2013 Arbeitnehmer aus der Ukraine<\/h2>\n\n\n<p>Das polnische Rechtssystem hat einige der liberalsten Vorschriften f\u00fcr die Migration von Ausl\u00e4ndern in Europa. Dank der so genannten vereinfachten Prozedur ist eine <strong>Besch\u00e4ftigung von Arbeitnehmern aus der Ukraine<\/strong> in nur 7 Arbeitstagen m\u00f6glich. Der Prozess der Besch\u00e4ftigung von Ukrainern in Polen beschr\u00e4nkt sich jedoch nicht nur auf die Registrierung der Erkl\u00e4rung \u00fcber die Beauftragung der Arbeit im zust\u00e4ndigen Kreisamt.<\/p>\n\n\n\n<p>Der erste Schritt bei der Suche nach Arbeitskr\u00e4ften aus der Ukraine ist das Beschaffen von Bewerbern auf dem lokalen Arbeitsmarkt oder in ihrem Herkunftsland. <strong>Die Beschaffung von Arbeitnehmern aus der Ukraine<\/strong> erfordert Kenntnisse des lokalen Arbeitsmarktes, damit sie effektiv ist. Ukrainer suchen oft Arbeit auf Empfehlung und verlassen sich auf die Meinung von Familie und Freunden.<\/p>\n\n\n\n<hr class=\"wp-block-separator has-css-opacity\"\/>\n\n\n\n<p><em><strong>Sehen Sie auch:<\/strong><\/em><\/p>\n\n\n\n<ul class=\"wp-block-list\">\n<li><em>Wie sollte die Beschaffung von Arbeitnehmern aus der Ukraine aussehen?<\/em><\/li>\n\n\n\n<li><em><a href=\"https:\/\/ewl.com.pl\/en\/hiring-an-employee-from-ukraine-in-3-steps\/\">Besch\u00e4ftigung eines Arbeitnehmers aus der Ukraine in 3 Schritten<\/a><\/em><\/li>\n<\/ul>\n\n\n\n<hr class=\"wp-block-separator has-css-opacity\"\/>\n\n\n\n<p>Arbeitsagenturen, die sich auf die <strong>Gewinnung von Arbeitnehmern aus der Ukraine<\/strong> spezialisiert haben, verf\u00fcgen \u00fcber ein ausgebautes Netz von Au\u00dfenstellen in der Ukraine und \u00fcber Gesch\u00e4ftspartner, die sie bei ihren Personalbeschaffungsaufgaben unterst\u00fctzen. Dank der Erfahrung, dem notwendigen Know-how und einer erkennbaren Marke k\u00f6nnen <strong>Zeitarbeitsagenturen<\/strong> in kurzer Zeit auch gro\u00dfe Mengen an Arbeitskr\u00e4ften aus der Ukraine werben.<\/p>\n\n\n\n<p>Die Legalisierung der Arbeit und des Aufenthalts von Ukrainern in Polen setzt voraus, dass der Unternehmer mit den Rechtsvorschriften vertraut ist, die Dokumente rechtzeitig vorlegt und sich \u00fcber die Gesetzes\u00e4nderungen auf dem Laufenden h\u00e4lt. Die Dokumente, auf deren Grundlage die <strong>Besch\u00e4ftigung von Arbeitnehmern aus der Ukraine<\/strong> in Polen am h\u00e4ufigsten legalisiert wird, sind:<\/p>\n\n\n\n<ul class=\"wp-block-list\">\n<li>Erkl\u00e4rung \u00fcber die Beauftragung der Arbeit<\/li>\n\n\n\n<li>Arbeitserlaubnis Typ A<\/li>\n\n\n\n<li>Aufenthaltskarte f\u00fcr einen Ukrainer<\/li>\n<\/ul>\n\n\n\n<p>Unternehmen, die bei der Besch\u00e4ftigung von Ausl\u00e4ndern vermitteln, wissen, wie sie <strong>sicherstellen k\u00f6nnen, dass Arbeitnehmer aus der Ukraine legal<\/strong> in Polen arbeiten. Sie sorgen f\u00fcr die rechtzeitige Einreichung von Antr\u00e4gen, verfolgen \u00c4nderungen in der Gesetzgebung, helfen beim Ausf\u00fcllen von Dokumenten den Arbeitnehmern und unterst\u00fctzen ihre Gesch\u00e4ftspartner bei der Einf\u00fchrung des neuen <strong>Personals aus der Ukraine<\/strong> in das Unternehmen.<\/p>\n\n\n\n<p>Die Nutzung der Dienstleistungen einer zuverl\u00e4ssigen <strong>Zeitarbeitsagentur<\/strong>, die sich auf die Gewinnung von Arbeitnehmern aus dem Ausland spezialisiert hat, entlastet nicht nur die internen Personalabteilungen, sondern erm\u00f6glicht auch die Sicherung des rechtlichen Risikos im Zusammenhang mit der <strong>Legalisierung der Besch\u00e4ftigung von Arbeitnehmern aus der Ukraine<\/strong>.<\/p>\n\n\n<h2 class=\"wp-block-heading\" id=\"arbeitnehmer-aus-der-ukraine-und-dem-osten-flexible-formen-der-beschaeftigung\">Arbeitnehmer aus der Ukraine und dem Osten \u2013 flexible Formen der Besch\u00e4ftigung<\/h2>\n\n\n<p>Durch die Zusammenarbeit mit einem erfahrenen Personalvermittler sparen Unternehmer nicht nur Zeit und eigene Humanressourcen. Flexible Besch\u00e4ftigungsformen, wie z.B. <strong>Leasing von Arbeitnehmern<\/strong> aus der Ukraine oder <strong>Arbeitnehmer-Outsourcing<\/strong> bieten die M\u00f6glichkeit, den Stand und die Struktur der Besch\u00e4ftigung an die aktuellen Bed\u00fcrfnisse des Unternehmens anzupassen, ohne dass Kosten, z.B. f\u00fcr Gruppenentlassungen oder Personalbeschaffungsmarketing, anfallen.<\/p>\n\n\n\n<p><strong>Vermietung von Arbeitnehmern aus der Ukraine<\/strong> bedeutet ein Minimum an Formalit\u00e4ten bei gleichzeitiger Aufrechterhaltung eines hocheffektiven Personalbeschaffungsprozesses und Schutz vor rechtlichen Risiken. <strong><a href=\"https:\/\/ewl.com.pl\/de\/\">Die Zeitarbeitsagentur<\/a><\/strong> sorgt f\u00fcr die effiziente Beschaffung von Arbeitskr\u00e4ften aus dem Osten, plant ihre Ankunft in Polen und organisiert ihre Unterkunft.<\/p>\n\n\n\n<hr class=\"wp-block-separator has-css-opacity\"\/>\n\n\n\n<p><em><strong>Lesen Sie auch:<\/strong><\/em><\/p>\n\n\n\n<ul class=\"wp-block-list\">\n<li><em>Flexible Besch\u00e4ftigungsformen \u2013 ein Schritt zur Budgetoptimierung<\/em><\/li>\n<\/ul>\n\n\n\n<hr class=\"wp-block-separator has-css-opacity\"\/>\n\n\n\n<p><strong>Arbeitnehmerinnen aus der Ukraine<\/strong> unterzeichnen einen Vertrag mit der Arbeitsagentur, und die Agentur ist f\u00fcr die Erledigung aller Formalit\u00e4ten im Zusammenhang mit der <strong>Legalisierung der Arbeit und des Aufenthalts eines Ausl\u00e4nders<\/strong> sowie f\u00fcr die F\u00fchrung der Personalakten, die Abrechnung der Arbeitszeit und die Zahlung des Lohns zust\u00e4ndig.<\/p>\n\n\n<h2 class=\"wp-block-heading\" id=\"arbeitnehmer-aus-der-ukraine-saisonale-zunahme-der-beschaeftigung\">Arbeitnehmer aus der Ukraine \u2013 saisonale Zunahme der Besch\u00e4ftigung<\/h2>\n\n\n<p>In Branchen, die durch Saisonalit\u00e4t der Produktion gekennzeichnet sind, <strong>ist die Nachfrage nach Arbeitskr\u00e4ften<\/strong> variabel. Die Anpassung der Besch\u00e4ftigungsstruktur an den aktuellen Bedarf des Unternehmens ist von entscheidender Bedeutung f\u00fcr die Aufrechterhaltung der Rentabilit\u00e4t des Unternehmens und das Erreichen einer positiven finanziellen Bilanz.<\/p>\n\n\n\n<p><strong>Die Besch\u00e4ftigung von Ukrainern f\u00fcr Saisonarbeit<\/strong>, z.B. bei der Ernte, ist eine bew\u00e4hrte L\u00f6sung, die von Arbeitgebern sowohl in Polen, als auch im Ausland genutzt wird. Zeitarbeitnehmer werden f\u00fcr die Zeitr\u00e4ume mit hohem Bedarf besch\u00e4ftigt, wodurch die Kontinuit\u00e4t der Prozesse gew\u00e4hrleistet und gleichzeitig die Flexibilit\u00e4t der Besch\u00e4ftigungsstruktur erhalten wird.<\/p>\n\n\n\n<hr class=\"wp-block-separator has-css-opacity\"\/>\n\n\n\n<p><em><strong>Sehen Sie auch:<\/strong><\/em><\/p>\n\n\n\n<ul class=\"wp-block-list\">\n<li><em>Wie kann man Saisonarbeiter aus der Ukraine legal besch\u00e4ftigen?<\/em><\/li>\n<\/ul>\n\n\n\n<hr class=\"wp-block-separator has-css-opacity\"\/>\n\n\n\n<p>Die EWL-Gruppe wirbt und besch\u00e4ftigt jedes Jahr eine gro\u00dfe Anzahl von Saisonarbeitern aus der Ukraine, die in der Landwirtschaft, im Gartenbau, im Tourismus und im Gastst\u00e4ttengewerbe arbeiten. Dank der Erfahrung und dem Fachwissen unserer Experten entsenden wir erfolgreich <strong>Arbeitgeber aus der Ukraine<\/strong> nach Deutschland <strong>und in die Benelux-L\u00e4nder<\/strong>.<\/p>\n\n\n<p id=\"block-cc8faf16-04b3-4cec-856d-25c4ebc9dc0c\" class=\"has-text-align-center\"><strong>Nehmen Sie Kontakt mit uns auf!<\/strong><br \/>Wir werden sicherlich die beste L\u00f6sung f\u00fcr die Bed\u00fcrfnisse Ihres Unternehmens finden.<\/p>\n\n<div class=\"wp-block-image\">\n<figure class=\"aligncenter size-full is-resized\" id=\"block-755fc39c-d594-4ac0-9a47-1a6d9f7ca4db\"><img loading=\"lazy\" decoding=\"async\" width=\"300\" height=\"300\" src=\"https:\/\/ewl.com.pl\/wp-content\/uploads\/2022\/03\/renata-ostrowska-mitarbeiter-leasing-agentur-ewl-3.png\" alt=\"Renata Ostrowska - Agentur EWL - Einstellung von Mitarbeitern \" class=\"wp-image-54764\" style=\"width:200px;height:200px\" srcset=\"https:\/\/ewl.com.pl\/ewl\/wp-content\/uploads\/2022\/03\/renata-ostrowska-mitarbeiter-leasing-agentur-ewl-3.png 300w, https:\/\/ewl.com.pl\/ewl\/wp-content\/uploads\/2022\/03\/renata-ostrowska-mitarbeiter-leasing-agentur-ewl-3-150x150.png 150w\" sizes=\"auto, (max-width: 300px) 100vw, 300px\" \/><figcaption class=\"wp-element-caption\"><strong>Renata Ostrowska<\/strong><br>Stellvertretender Verkaufsdirektor bei der EWL-Gruppe<\/figcaption><\/figure><\/div>\n\n\n<center><a href=\"https:\/\/ewl.com.pl\/de\/kontakt\/?formSubject=zatrudnie\" class=\"btn btn__standard btn__standard--orange\">Nehmen Sie Kontakt mit uns auf!<\/a>\n<\/center>\n","protected":false},"excerpt":{"rendered":"<p>Schnelle Entwicklung der polnischen Wirtschaft in den letzten Jahren f\u00fchrte zu einer erh\u00f6hten Nachfrage nach Arbeitnehmern aus dem Ausland. Polen geh\u00f6rt zu den Spitzenl\u00e4ndern unter den OECD-L\u00e4ndern, die ausl\u00e4ndische Zeitarbeitnehmer aufnehmen. Bei der Besetzung freier Stellen entscheiden sich die Unternehmen h\u00e4ufig f\u00fcr Arbeitnehmer aus der Ukraine und Osteuropa, die f\u00fcr ihre Motivation und ihr Engagement [&hellip;]<\/p>\n","protected":false},"author":42,"featured_media":0,"parent":0,"menu_order":0,"comment_status":"closed","ping_status":"closed","template":"","meta":{"_acf_changed":false,"footnotes":""},"class_list":["post-54974","page","type-page","status-publish","hentry"],"acf":[],"yoast_head":"<!-- This site is optimized with the Yoast SEO plugin v24.9 - https:\/\/yoast.com\/wordpress\/plugins\/seo\/ -->\n<title>Arbeiter aus der Ukraine besch\u00e4ftigen: Personalbeschaffung f\u00fcr Ihr Unternehmen - EWL.com.pl\/de\/<\/title>\n<meta name=\"description\" content=\"Wir rekrutieren Mitarbeiter aus der Ukraine und den osteurop\u00e4ischen L\u00e4ndern. Setzen Sie auf die Erfahrung des Arbeitsmarktf\u00fchrers. Schauen Sie sich das Angebot der EWL-Agentur an\" \/>\n<meta name=\"robots\" content=\"index, follow, max-snippet:-1, max-image-preview:large, max-video-preview:-1\" \/>\n<link rel=\"canonical\" href=\"https:\/\/ewl.com.pl\/ewl\/de\/arbeiter-aus-der-ukraine-und-osteuropa\/\" \/>\n<meta property=\"og:locale\" content=\"de_DE\" \/>\n<meta property=\"og:type\" content=\"article\" \/>\n<meta property=\"og:title\" content=\"Arbeiter aus der Ukraine besch\u00e4ftigen: Personalbeschaffung f\u00fcr Ihr Unternehmen - EWL.com.pl\/de\/\" \/>\n<meta property=\"og:description\" content=\"Wir rekrutieren Mitarbeiter aus der Ukraine und den osteurop\u00e4ischen L\u00e4ndern. Setzen Sie auf die Erfahrung des Arbeitsmarktf\u00fchrers. Schauen Sie sich das Angebot der EWL-Agentur an\" \/>\n<meta property=\"og:url\" content=\"https:\/\/ewl.com.pl\/ewl\/de\/arbeiter-aus-der-ukraine-und-osteuropa\/\" \/>\n<meta property=\"og:site_name\" content=\"EWL Group\" \/>\n<meta property=\"article:modified_time\" content=\"2024-04-24T08:22:09+00:00\" \/>\n<meta property=\"og:image\" content=\"https:\/\/ewl.com.pl\/wp-content\/uploads\/2022\/03\/arbeiter-aus-der-ukraine-und-dem-osten-ewl-300x200-1.jpg\" \/>\n<meta name=\"twitter:card\" content=\"summary_large_image\" \/>\n<meta name=\"twitter:label1\" content=\"Est. reading time\" \/>\n\t<meta name=\"twitter:data1\" content=\"6 Minuten\" \/>\n<script type=\"application\/ld+json\" class=\"yoast-schema-graph\">{\"@context\":\"https:\/\/schema.org\",\"@graph\":[{\"@type\":\"WebPage\",\"@id\":\"https:\/\/ewl.com.pl\/ewl\/de\/arbeiter-aus-der-ukraine-und-osteuropa\/\",\"url\":\"https:\/\/ewl.com.pl\/ewl\/de\/arbeiter-aus-der-ukraine-und-osteuropa\/\",\"name\":\"Arbeiter aus der Ukraine besch\u00e4ftigen: Personalbeschaffung f\u00fcr Ihr Unternehmen - EWL.com.pl\/de\/\",\"isPartOf\":{\"@id\":\"https:\/\/ewl.com.pl\/ewl\/de\/#website\"},\"primaryImageOfPage\":{\"@id\":\"https:\/\/ewl.com.pl\/ewl\/de\/arbeiter-aus-der-ukraine-und-osteuropa\/#primaryimage\"},\"image\":{\"@id\":\"https:\/\/ewl.com.pl\/ewl\/de\/arbeiter-aus-der-ukraine-und-osteuropa\/#primaryimage\"},\"thumbnailUrl\":\"https:\/\/ewl.com.pl\/wp-content\/uploads\/2022\/03\/arbeiter-aus-der-ukraine-und-dem-osten-ewl-300x200-1.jpg\",\"datePublished\":\"2021-05-24T19:16:04+00:00\",\"dateModified\":\"2024-04-24T08:22:09+00:00\",\"description\":\"Wir rekrutieren Mitarbeiter aus der Ukraine und den osteurop\u00e4ischen L\u00e4ndern. Setzen Sie auf die Erfahrung des Arbeitsmarktf\u00fchrers. Schauen Sie sich das Angebot der EWL-Agentur an\",\"breadcrumb\":{\"@id\":\"https:\/\/ewl.com.pl\/ewl\/de\/arbeiter-aus-der-ukraine-und-osteuropa\/#breadcrumb\"},\"inLanguage\":\"de-DE\",\"potentialAction\":[{\"@type\":\"ReadAction\",\"target\":[\"https:\/\/ewl.com.pl\/ewl\/de\/arbeiter-aus-der-ukraine-und-osteuropa\/\"]}]},{\"@type\":\"ImageObject\",\"inLanguage\":\"de-DE\",\"@id\":\"https:\/\/ewl.com.pl\/ewl\/de\/arbeiter-aus-der-ukraine-und-osteuropa\/#primaryimage\",\"url\":\"https:\/\/ewl.com.pl\/wp-content\/uploads\/2022\/03\/arbeiter-aus-der-ukraine-und-dem-osten-ewl-300x200-1.jpg\",\"contentUrl\":\"https:\/\/ewl.com.pl\/wp-content\/uploads\/2022\/03\/arbeiter-aus-der-ukraine-und-dem-osten-ewl-300x200-1.jpg\"},{\"@type\":\"BreadcrumbList\",\"@id\":\"https:\/\/ewl.com.pl\/ewl\/de\/arbeiter-aus-der-ukraine-und-osteuropa\/#breadcrumb\",\"itemListElement\":[{\"@type\":\"ListItem\",\"position\":1,\"name\":\"Home\",\"item\":\"https:\/\/ewl.com.pl\/ewl\/de\/\"},{\"@type\":\"ListItem\",\"position\":2,\"name\":\"Arbeitnehmer aus der Ukraine und Osteuropa\"}]},{\"@type\":\"WebSite\",\"@id\":\"https:\/\/ewl.com.pl\/ewl\/de\/#website\",\"url\":\"https:\/\/ewl.com.pl\/ewl\/de\/\",\"name\":\"EWL Group\",\"description\":\"\",\"publisher\":{\"@id\":\"https:\/\/ewl.com.pl\/ewl\/de\/#organization\"},\"potentialAction\":[{\"@type\":\"SearchAction\",\"target\":{\"@type\":\"EntryPoint\",\"urlTemplate\":\"https:\/\/ewl.com.pl\/ewl\/de\/?s={search_term_string}\"},\"query-input\":{\"@type\":\"PropertyValueSpecification\",\"valueRequired\":true,\"valueName\":\"search_term_string\"}}],\"inLanguage\":\"de-DE\"},{\"@type\":\"Organization\",\"@id\":\"https:\/\/ewl.com.pl\/ewl\/de\/#organization\",\"name\":\"EWL Group\",\"url\":\"https:\/\/ewl.com.pl\/ewl\/de\/\",\"logo\":{\"@type\":\"ImageObject\",\"inLanguage\":\"de-DE\",\"@id\":\"https:\/\/ewl.com.pl\/ewl\/de\/#\/schema\/logo\/image\/\",\"url\":\"https:\/\/ewl.com.pl\/wp-content\/uploads\/2020\/06\/logo-white@2x.png\",\"contentUrl\":\"https:\/\/ewl.com.pl\/wp-content\/uploads\/2020\/06\/logo-white@2x.png\",\"width\":312,\"height\":130,\"caption\":\"EWL Group\"},\"image\":{\"@id\":\"https:\/\/ewl.com.pl\/ewl\/de\/#\/schema\/logo\/image\/\"}}]}<\/script>\n<!-- \/ Yoast SEO plugin. -->","yoast_head_json":{"title":"Arbeiter aus der Ukraine besch\u00e4ftigen: Personalbeschaffung f\u00fcr Ihr Unternehmen - EWL.com.pl\/de\/","description":"Wir rekrutieren Mitarbeiter aus der Ukraine und den osteurop\u00e4ischen L\u00e4ndern. Setzen Sie auf die Erfahrung des Arbeitsmarktf\u00fchrers. Schauen Sie sich das Angebot der EWL-Agentur an","robots":{"index":"index","follow":"follow","max-snippet":"max-snippet:-1","max-image-preview":"max-image-preview:large","max-video-preview":"max-video-preview:-1"},"canonical":"https:\/\/ewl.com.pl\/ewl\/de\/arbeiter-aus-der-ukraine-und-osteuropa\/","og_locale":"de_DE","og_type":"article","og_title":"Arbeiter aus der Ukraine besch\u00e4ftigen: Personalbeschaffung f\u00fcr Ihr Unternehmen - EWL.com.pl\/de\/","og_description":"Wir rekrutieren Mitarbeiter aus der Ukraine und den osteurop\u00e4ischen L\u00e4ndern. Setzen Sie auf die Erfahrung des Arbeitsmarktf\u00fchrers. Schauen Sie sich das Angebot der EWL-Agentur an","og_url":"https:\/\/ewl.com.pl\/ewl\/de\/arbeiter-aus-der-ukraine-und-osteuropa\/","og_site_name":"EWL Group","article_modified_time":"2024-04-24T08:22:09+00:00","og_image":[{"url":"https:\/\/ewl.com.pl\/wp-content\/uploads\/2022\/03\/arbeiter-aus-der-ukraine-und-dem-osten-ewl-300x200-1.jpg","type":"","width":"","height":""}],"twitter_card":"summary_large_image","twitter_misc":{"Est. reading time":"6 Minuten"},"schema":{"@context":"https:\/\/schema.org","@graph":[{"@type":"WebPage","@id":"https:\/\/ewl.com.pl\/ewl\/de\/arbeiter-aus-der-ukraine-und-osteuropa\/","url":"https:\/\/ewl.com.pl\/ewl\/de\/arbeiter-aus-der-ukraine-und-osteuropa\/","name":"Arbeiter aus der Ukraine besch\u00e4ftigen: Personalbeschaffung f\u00fcr Ihr Unternehmen - EWL.com.pl\/de\/","isPartOf":{"@id":"https:\/\/ewl.com.pl\/ewl\/de\/#website"},"primaryImageOfPage":{"@id":"https:\/\/ewl.com.pl\/ewl\/de\/arbeiter-aus-der-ukraine-und-osteuropa\/#primaryimage"},"image":{"@id":"https:\/\/ewl.com.pl\/ewl\/de\/arbeiter-aus-der-ukraine-und-osteuropa\/#primaryimage"},"thumbnailUrl":"https:\/\/ewl.com.pl\/wp-content\/uploads\/2022\/03\/arbeiter-aus-der-ukraine-und-dem-osten-ewl-300x200-1.jpg","datePublished":"2021-05-24T19:16:04+00:00","dateModified":"2024-04-24T08:22:09+00:00","description":"Wir rekrutieren Mitarbeiter aus der Ukraine und den osteurop\u00e4ischen L\u00e4ndern. Setzen Sie auf die Erfahrung des Arbeitsmarktf\u00fchrers. Schauen Sie sich das Angebot der EWL-Agentur an","breadcrumb":{"@id":"https:\/\/ewl.com.pl\/ewl\/de\/arbeiter-aus-der-ukraine-und-osteuropa\/#breadcrumb"},"inLanguage":"de-DE","potentialAction":[{"@type":"ReadAction","target":["https:\/\/ewl.com.pl\/ewl\/de\/arbeiter-aus-der-ukraine-und-osteuropa\/"]}]},{"@type":"ImageObject","inLanguage":"de-DE","@id":"https:\/\/ewl.com.pl\/ewl\/de\/arbeiter-aus-der-ukraine-und-osteuropa\/#primaryimage","url":"https:\/\/ewl.com.pl\/wp-content\/uploads\/2022\/03\/arbeiter-aus-der-ukraine-und-dem-osten-ewl-300x200-1.jpg","contentUrl":"https:\/\/ewl.com.pl\/wp-content\/uploads\/2022\/03\/arbeiter-aus-der-ukraine-und-dem-osten-ewl-300x200-1.jpg"},{"@type":"BreadcrumbList","@id":"https:\/\/ewl.com.pl\/ewl\/de\/arbeiter-aus-der-ukraine-und-osteuropa\/#breadcrumb","itemListElement":[{"@type":"ListItem","position":1,"name":"Home","item":"https:\/\/ewl.com.pl\/ewl\/de\/"},{"@type":"ListItem","position":2,"name":"Arbeitnehmer aus der Ukraine und Osteuropa"}]},{"@type":"WebSite","@id":"https:\/\/ewl.com.pl\/ewl\/de\/#website","url":"https:\/\/ewl.com.pl\/ewl\/de\/","name":"EWL Group","description":"","publisher":{"@id":"https:\/\/ewl.com.pl\/ewl\/de\/#organization"},"potentialAction":[{"@type":"SearchAction","target":{"@type":"EntryPoint","urlTemplate":"https:\/\/ewl.com.pl\/ewl\/de\/?s={search_term_string}"},"query-input":{"@type":"PropertyValueSpecification","valueRequired":true,"valueName":"search_term_string"}}],"inLanguage":"de-DE"},{"@type":"Organization","@id":"https:\/\/ewl.com.pl\/ewl\/de\/#organization","name":"EWL Group","url":"https:\/\/ewl.com.pl\/ewl\/de\/","logo":{"@type":"ImageObject","inLanguage":"de-DE","@id":"https:\/\/ewl.com.pl\/ewl\/de\/#\/schema\/logo\/image\/","url":"https:\/\/ewl.com.pl\/wp-content\/uploads\/2020\/06\/logo-white@2x.png","contentUrl":"https:\/\/ewl.com.pl\/wp-content\/uploads\/2020\/06\/logo-white@2x.png","width":312,"height":130,"caption":"EWL Group"},"image":{"@id":"https:\/\/ewl.com.pl\/ewl\/de\/#\/schema\/logo\/image\/"}}]}},"_links":{"self":[{"href":"https:\/\/ewl.com.pl\/ewl\/de\/wp-json\/wp\/v2\/pages\/54974","targetHints":{"allow":["GET"]}}],"collection":[{"href":"https:\/\/ewl.com.pl\/ewl\/de\/wp-json\/wp\/v2\/pages"}],"about":[{"href":"https:\/\/ewl.com.pl\/ewl\/de\/wp-json\/wp\/v2\/types\/page"}],"author":[{"embeddable":true,"href":"https:\/\/ewl.com.pl\/ewl\/de\/wp-json\/wp\/v2\/users\/42"}],"replies":[{"embeddable":true,"href":"https:\/\/ewl.com.pl\/ewl\/de\/wp-json\/wp\/v2\/comments?post=54974"}],"version-history":[{"count":10,"href":"https:\/\/ewl.com.pl\/ewl\/de\/wp-json\/wp\/v2\/pages\/54974\/revisions"}],"predecessor-version":[{"id":83818,"href":"https:\/\/ewl.com.pl\/ewl\/de\/wp-json\/wp\/v2\/pages\/54974\/revisions\/83818"}],"wp:attachment":[{"href":"https:\/\/ewl.com.pl\/ewl\/de\/wp-json\/wp\/v2\/media?parent=54974"}],"curies":[{"name":"wp","href":"https:\/\/api.w.org\/{rel}","templated":true}]}}