{"id":52157,"date":"2021-12-15T10:04:45","date_gmt":"2021-12-15T09:04:45","guid":{"rendered":"https:\/\/ewl.com.pl\/rekrutacje-it-zatrudnienie-relokacja-legalizacja\/"},"modified":"2022-01-12T15:24:12","modified_gmt":"2022-01-12T14:24:12","slug":"rekrutierung-it-beschaeftigung-umzug-legalisierung","status":"publish","type":"page","link":"https:\/\/ewl.com.pl\/ewl\/de\/rekrutierung-it-beschaeftigung-umzug-legalisierung\/","title":{"rendered":"IT-Recruiting &#8211; Anstellung, Umzug, Legalisierung"},"content":{"rendered":"","protected":false},"excerpt":{"rendered":"","protected":false},"author":42,"featured_media":0,"parent":0,"menu_order":0,"comment_status":"closed","ping_status":"closed","template":"","meta":{"_acf_changed":false,"footnotes":""},"class_list":["post-52157","page","type-page","status-publish","hentry"],"acf":[],"yoast_head":"<!-- This site is optimized with the Yoast SEO plugin v24.9 - https:\/\/yoast.com\/wordpress\/plugins\/seo\/ -->\n<title>IT-Recruiting - Anstellung, Umzug, Legalisierung - EWL Group<\/title>\n<meta name=\"description\" content=\"F\u00fcr Unternehmen, die IT-Spezialisten suchen, haben wir ein Angebot vorbereitet, das \u00fcber den traditionellen Ansatz der Arbeitsagenturen in Polen hinausgeht.\" \/>\n<meta name=\"robots\" content=\"index, follow, max-snippet:-1, max-image-preview:large, max-video-preview:-1\" \/>\n<link rel=\"canonical\" href=\"https:\/\/ewl.com.pl\/ewl\/de\/rekrutierung-it-beschaeftigung-umzug-legalisierung\/\" \/>\n<meta property=\"og:locale\" content=\"de_DE\" \/>\n<meta property=\"og:type\" content=\"article\" \/>\n<meta property=\"og:title\" content=\"Rekrutacje IT - zatrudnienie, relokacja, legalizacja - EWL Group\" \/>\n<meta property=\"og:description\" content=\"Dla firm poszukuj\u0105cych specjalist\u00f3w IT przygotowali\u015bmy ofert\u0119 wychodz\u0105c\u0105 poza tradycyjne podej\u015bcie agencji pracy w Polsce.\" \/>\n<meta property=\"og:url\" content=\"https:\/\/ewl.com.pl\/ewl\/de\/rekrutierung-it-beschaeftigung-umzug-legalisierung\/\" \/>\n<meta property=\"og:site_name\" content=\"EWL Group\" \/>\n<meta property=\"article:modified_time\" content=\"2022-01-12T14:24:12+00:00\" \/>\n<meta property=\"og:image\" content=\"https:\/\/ewl.com.pl\/ewl\/wp-content\/uploads\/2021\/12\/rekrutacje-it-specjalisci-programisci.jpg\" \/>\n\t<meta property=\"og:image:width\" content=\"800\" \/>\n\t<meta property=\"og:image:height\" content=\"530\" \/>\n\t<meta property=\"og:image:type\" content=\"image\/jpeg\" \/>\n<meta name=\"twitter:card\" content=\"summary_large_image\" \/>\n<meta name=\"twitter:title\" content=\"Leasing pracowniczy i us\u0142uga wynajmu pracownik\u00f3w - EWL Group\" \/>\n<meta name=\"twitter:description\" content=\"Wybieraj\u0105c us\u0142ug\u0119 leasingu pracownik\u00f3w zoptymalizujesz koszty zatrudnienia i przygotujesz firm\u0119 na dynamiczne zmiany zapotrzebowania kadrowego\" \/>\n<meta name=\"twitter:image\" content=\"https:\/\/ewl.com.pl\/ewl\/wp-content\/uploads\/2021\/02\/pracownicy-na-wynajem-dla-firm-agencja-ewl.jpg\" \/>\n<script type=\"application\/ld+json\" class=\"yoast-schema-graph\">{\"@context\":\"https:\/\/schema.org\",\"@graph\":[{\"@type\":\"WebPage\",\"@id\":\"https:\/\/ewl.com.pl\/ewl\/de\/rekrutierung-it-beschaeftigung-umzug-legalisierung\/\",\"url\":\"https:\/\/ewl.com.pl\/ewl\/de\/rekrutierung-it-beschaeftigung-umzug-legalisierung\/\",\"name\":\"IT-Recruiting - Anstellung, Umzug, Legalisierung - EWL Group\",\"isPartOf\":{\"@id\":\"https:\/\/ewl.com.pl\/ewl\/de\/#website\"},\"datePublished\":\"2021-12-15T09:04:45+00:00\",\"dateModified\":\"2022-01-12T14:24:12+00:00\",\"description\":\"F\u00fcr Unternehmen, die IT-Spezialisten suchen, haben wir ein Angebot vorbereitet, das \u00fcber den traditionellen Ansatz der Arbeitsagenturen in Polen hinausgeht.\",\"breadcrumb\":{\"@id\":\"https:\/\/ewl.com.pl\/ewl\/de\/rekrutierung-it-beschaeftigung-umzug-legalisierung\/#breadcrumb\"},\"inLanguage\":\"de-DE\",\"potentialAction\":[{\"@type\":\"ReadAction\",\"target\":[\"https:\/\/ewl.com.pl\/ewl\/de\/rekrutierung-it-beschaeftigung-umzug-legalisierung\/\"]}]},{\"@type\":\"BreadcrumbList\",\"@id\":\"https:\/\/ewl.com.pl\/ewl\/de\/rekrutierung-it-beschaeftigung-umzug-legalisierung\/#breadcrumb\",\"itemListElement\":[{\"@type\":\"ListItem\",\"position\":1,\"name\":\"Home\",\"item\":\"https:\/\/ewl.com.pl\/ewl\/de\/\"},{\"@type\":\"ListItem\",\"position\":2,\"name\":\"IT-Recruiting &#8211; Anstellung, Umzug, Legalisierung\"}]},{\"@type\":\"WebSite\",\"@id\":\"https:\/\/ewl.com.pl\/ewl\/de\/#website\",\"url\":\"https:\/\/ewl.com.pl\/ewl\/de\/\",\"name\":\"EWL Group\",\"description\":\"\",\"publisher\":{\"@id\":\"https:\/\/ewl.com.pl\/ewl\/de\/#organization\"},\"potentialAction\":[{\"@type\":\"SearchAction\",\"target\":{\"@type\":\"EntryPoint\",\"urlTemplate\":\"https:\/\/ewl.com.pl\/ewl\/de\/?s={search_term_string}\"},\"query-input\":{\"@type\":\"PropertyValueSpecification\",\"valueRequired\":true,\"valueName\":\"search_term_string\"}}],\"inLanguage\":\"de-DE\"},{\"@type\":\"Organization\",\"@id\":\"https:\/\/ewl.com.pl\/ewl\/de\/#organization\",\"name\":\"EWL Group\",\"url\":\"https:\/\/ewl.com.pl\/ewl\/de\/\",\"logo\":{\"@type\":\"ImageObject\",\"inLanguage\":\"de-DE\",\"@id\":\"https:\/\/ewl.com.pl\/ewl\/de\/#\/schema\/logo\/image\/\",\"url\":\"https:\/\/ewl.com.pl\/wp-content\/uploads\/2020\/06\/logo-white@2x.png\",\"contentUrl\":\"https:\/\/ewl.com.pl\/wp-content\/uploads\/2020\/06\/logo-white@2x.png\",\"width\":312,\"height\":130,\"caption\":\"EWL Group\"},\"image\":{\"@id\":\"https:\/\/ewl.com.pl\/ewl\/de\/#\/schema\/logo\/image\/\"}}]}<\/script>\n<!-- \/ Yoast SEO plugin. -->","yoast_head_json":{"title":"IT-Recruiting - Anstellung, Umzug, Legalisierung - EWL Group","description":"F\u00fcr Unternehmen, die IT-Spezialisten suchen, haben wir ein Angebot vorbereitet, das \u00fcber den traditionellen Ansatz der Arbeitsagenturen in Polen hinausgeht.","robots":{"index":"index","follow":"follow","max-snippet":"max-snippet:-1","max-image-preview":"max-image-preview:large","max-video-preview":"max-video-preview:-1"},"canonical":"https:\/\/ewl.com.pl\/ewl\/de\/rekrutierung-it-beschaeftigung-umzug-legalisierung\/","og_locale":"de_DE","og_type":"article","og_title":"Rekrutacje IT - zatrudnienie, relokacja, legalizacja - EWL Group","og_description":"Dla firm poszukuj\u0105cych specjalist\u00f3w IT przygotowali\u015bmy ofert\u0119 wychodz\u0105c\u0105 poza tradycyjne podej\u015bcie agencji pracy w Polsce.","og_url":"https:\/\/ewl.com.pl\/ewl\/de\/rekrutierung-it-beschaeftigung-umzug-legalisierung\/","og_site_name":"EWL Group","article_modified_time":"2022-01-12T14:24:12+00:00","og_image":[{"width":800,"height":530,"url":"https:\/\/ewl.com.pl\/ewl\/wp-content\/uploads\/2021\/12\/rekrutacje-it-specjalisci-programisci.jpg","type":"image\/jpeg"}],"twitter_card":"summary_large_image","twitter_title":"Leasing pracowniczy i us\u0142uga wynajmu pracownik\u00f3w - EWL Group","twitter_description":"Wybieraj\u0105c us\u0142ug\u0119 leasingu pracownik\u00f3w zoptymalizujesz koszty zatrudnienia i przygotujesz firm\u0119 na dynamiczne zmiany zapotrzebowania kadrowego","twitter_image":"https:\/\/ewl.com.pl\/ewl\/wp-content\/uploads\/2021\/02\/pracownicy-na-wynajem-dla-firm-agencja-ewl.jpg","schema":{"@context":"https:\/\/schema.org","@graph":[{"@type":"WebPage","@id":"https:\/\/ewl.com.pl\/ewl\/de\/rekrutierung-it-beschaeftigung-umzug-legalisierung\/","url":"https:\/\/ewl.com.pl\/ewl\/de\/rekrutierung-it-beschaeftigung-umzug-legalisierung\/","name":"IT-Recruiting - Anstellung, Umzug, Legalisierung - EWL Group","isPartOf":{"@id":"https:\/\/ewl.com.pl\/ewl\/de\/#website"},"datePublished":"2021-12-15T09:04:45+00:00","dateModified":"2022-01-12T14:24:12+00:00","description":"F\u00fcr Unternehmen, die IT-Spezialisten suchen, haben wir ein Angebot vorbereitet, das \u00fcber den traditionellen Ansatz der Arbeitsagenturen in Polen hinausgeht.","breadcrumb":{"@id":"https:\/\/ewl.com.pl\/ewl\/de\/rekrutierung-it-beschaeftigung-umzug-legalisierung\/#breadcrumb"},"inLanguage":"de-DE","potentialAction":[{"@type":"ReadAction","target":["https:\/\/ewl.com.pl\/ewl\/de\/rekrutierung-it-beschaeftigung-umzug-legalisierung\/"]}]},{"@type":"BreadcrumbList","@id":"https:\/\/ewl.com.pl\/ewl\/de\/rekrutierung-it-beschaeftigung-umzug-legalisierung\/#breadcrumb","itemListElement":[{"@type":"ListItem","position":1,"name":"Home","item":"https:\/\/ewl.com.pl\/ewl\/de\/"},{"@type":"ListItem","position":2,"name":"IT-Recruiting &#8211; Anstellung, Umzug, Legalisierung"}]},{"@type":"WebSite","@id":"https:\/\/ewl.com.pl\/ewl\/de\/#website","url":"https:\/\/ewl.com.pl\/ewl\/de\/","name":"EWL Group","description":"","publisher":{"@id":"https:\/\/ewl.com.pl\/ewl\/de\/#organization"},"potentialAction":[{"@type":"SearchAction","target":{"@type":"EntryPoint","urlTemplate":"https:\/\/ewl.com.pl\/ewl\/de\/?s={search_term_string}"},"query-input":{"@type":"PropertyValueSpecification","valueRequired":true,"valueName":"search_term_string"}}],"inLanguage":"de-DE"},{"@type":"Organization","@id":"https:\/\/ewl.com.pl\/ewl\/de\/#organization","name":"EWL Group","url":"https:\/\/ewl.com.pl\/ewl\/de\/","logo":{"@type":"ImageObject","inLanguage":"de-DE","@id":"https:\/\/ewl.com.pl\/ewl\/de\/#\/schema\/logo\/image\/","url":"https:\/\/ewl.com.pl\/wp-content\/uploads\/2020\/06\/logo-white@2x.png","contentUrl":"https:\/\/ewl.com.pl\/wp-content\/uploads\/2020\/06\/logo-white@2x.png","width":312,"height":130,"caption":"EWL Group"},"image":{"@id":"https:\/\/ewl.com.pl\/ewl\/de\/#\/schema\/logo\/image\/"}}]}},"_links":{"self":[{"href":"https:\/\/ewl.com.pl\/ewl\/de\/wp-json\/wp\/v2\/pages\/52157","targetHints":{"allow":["GET"]}}],"collection":[{"href":"https:\/\/ewl.com.pl\/ewl\/de\/wp-json\/wp\/v2\/pages"}],"about":[{"href":"https:\/\/ewl.com.pl\/ewl\/de\/wp-json\/wp\/v2\/types\/page"}],"author":[{"embeddable":true,"href":"https:\/\/ewl.com.pl\/ewl\/de\/wp-json\/wp\/v2\/users\/42"}],"replies":[{"embeddable":true,"href":"https:\/\/ewl.com.pl\/ewl\/de\/wp-json\/wp\/v2\/comments?post=52157"}],"version-history":[{"count":6,"href":"https:\/\/ewl.com.pl\/ewl\/de\/wp-json\/wp\/v2\/pages\/52157\/revisions"}],"predecessor-version":[{"id":52758,"href":"https:\/\/ewl.com.pl\/ewl\/de\/wp-json\/wp\/v2\/pages\/52157\/revisions\/52758"}],"wp:attachment":[{"href":"https:\/\/ewl.com.pl\/ewl\/de\/wp-json\/wp\/v2\/media?parent=52157"}],"curies":[{"name":"wp","href":"https:\/\/api.w.org\/{rel}","templated":true}]}}