{"id":52131,"date":"2020-05-15T12:46:20","date_gmt":"2020-05-15T10:46:20","guid":{"rendered":"https:\/\/ewl.com.pl\/outsourcing-procesow-i-pracownikow\/"},"modified":"2024-09-10T12:32:13","modified_gmt":"2024-09-10T10:32:13","slug":"auslagerung-von-prozessen-und-funktionen","status":"publish","type":"page","link":"https:\/\/ewl.com.pl\/ewl\/de\/auslagerung-von-prozessen-und-funktionen\/","title":{"rendered":"Prozess Outsourcing und Funktionen"},"content":{"rendered":"\n<img decoding=\"async\" src=\"https:\/\/ewl.com.pl\/wp-content\/uploads\/2024\/08\/08-2024-outsourcing-www-header-v1A-DE.png\" alt=\"Prozess Outsourcing und Funktionen\" style=\"width:1920px;height:auto\"\/>\n","protected":false},"excerpt":{"rendered":"","protected":false},"author":1,"featured_media":0,"parent":0,"menu_order":0,"comment_status":"closed","ping_status":"closed","template":"","meta":{"_acf_changed":false,"footnotes":""},"class_list":["post-52131","page","type-page","status-publish","hentry"],"acf":[],"yoast_head":"<!-- This site is optimized with the Yoast SEO plugin v24.9 - https:\/\/yoast.com\/wordpress\/plugins\/seo\/ -->\n<title>Outsourcing Dienstleistungen f\u00fcr Prozesse und Funktionen - EWL.com.pl\/de\/<\/title>\n<meta name=\"description\" content=\"Im Rahmen des Process Outsourcing Service unterst\u00fctzen wir Unternehmen dabei, die Effizienz zu steigern und gleichzeitig Kosten und Formalit\u00e4ten zu reduzieren\" \/>\n<meta name=\"robots\" content=\"index, follow, max-snippet:-1, max-image-preview:large, max-video-preview:-1\" \/>\n<link rel=\"canonical\" href=\"https:\/\/ewl.com.pl\/ewl\/de\/auslagerung-von-prozessen-und-funktionen\/\" \/>\n<meta property=\"og:locale\" content=\"de_DE\" \/>\n<meta property=\"og:type\" content=\"article\" \/>\n<meta property=\"og:title\" content=\"Outsourcing proces\u00f3w i funkcji - wynajem pracownik\u00f3w do zada\u0144\" \/>\n<meta property=\"og:description\" content=\"W ramach us\u0142ugi outsourcingu proces\u00f3w pomagamy firmom zwi\u0119ksza\u0107 efektywno\u015b\u0107 przy jednoczesnym obni\u017caniu koszt\u00f3w i formalno\u015bci\" \/>\n<meta property=\"og:url\" content=\"https:\/\/ewl.com.pl\/ewl\/de\/auslagerung-von-prozessen-und-funktionen\/\" \/>\n<meta property=\"og:site_name\" content=\"EWL Group\" \/>\n<meta property=\"article:modified_time\" content=\"2024-09-10T10:32:13+00:00\" \/>\n<meta property=\"og:image\" content=\"https:\/\/ewl.com.pl\/ewl\/wp-content\/uploads\/2021\/03\/korzysci-outsourcing-procesow-biznesowych.jpg\" \/>\n\t<meta property=\"og:image:width\" content=\"800\" \/>\n\t<meta property=\"og:image:height\" content=\"483\" \/>\n\t<meta property=\"og:image:type\" content=\"image\/jpeg\" \/>\n<meta name=\"twitter:card\" content=\"summary_large_image\" \/>\n<meta name=\"twitter:title\" content=\"Outsourcing proces\u00f3w i funkcji - wynajem pracownik\u00f3w do zada\u0144\" \/>\n<meta name=\"twitter:description\" content=\"W ramach us\u0142ugi outsourcingu proces\u00f3w pomagamy firmom zwi\u0119ksza\u0107 efektywno\u015b\u0107 przy jednoczesnym obni\u017caniu koszt\u00f3w i formalno\u015bci\" \/>\n<meta name=\"twitter:image\" content=\"https:\/\/ewl.com.pl\/ewl\/wp-content\/uploads\/2021\/03\/korzysci-outsourcing-procesow-biznesowych.jpg\" \/>\n<meta name=\"twitter:label1\" content=\"Est. reading time\" \/>\n\t<meta name=\"twitter:data1\" content=\"1 Minute\" \/>\n<script type=\"application\/ld+json\" class=\"yoast-schema-graph\">{\"@context\":\"https:\/\/schema.org\",\"@graph\":[{\"@type\":\"WebPage\",\"@id\":\"https:\/\/ewl.com.pl\/ewl\/de\/auslagerung-von-prozessen-und-funktionen\/\",\"url\":\"https:\/\/ewl.com.pl\/ewl\/de\/auslagerung-von-prozessen-und-funktionen\/\",\"name\":\"Outsourcing Dienstleistungen f\u00fcr Prozesse und Funktionen - EWL.com.pl\/de\/\",\"isPartOf\":{\"@id\":\"https:\/\/ewl.com.pl\/ewl\/de\/#website\"},\"primaryImageOfPage\":{\"@id\":\"https:\/\/ewl.com.pl\/ewl\/de\/auslagerung-von-prozessen-und-funktionen\/#primaryimage\"},\"image\":{\"@id\":\"https:\/\/ewl.com.pl\/ewl\/de\/auslagerung-von-prozessen-und-funktionen\/#primaryimage\"},\"thumbnailUrl\":\"https:\/\/ewl.com.pl\/wp-content\/uploads\/2024\/08\/08-2024-outsourcing-www-header-v1A-DE.png\",\"datePublished\":\"2020-05-15T10:46:20+00:00\",\"dateModified\":\"2024-09-10T10:32:13+00:00\",\"description\":\"Im Rahmen des Process Outsourcing Service unterst\u00fctzen wir Unternehmen dabei, die Effizienz zu steigern und gleichzeitig Kosten und Formalit\u00e4ten zu reduzieren\",\"breadcrumb\":{\"@id\":\"https:\/\/ewl.com.pl\/ewl\/de\/auslagerung-von-prozessen-und-funktionen\/#breadcrumb\"},\"inLanguage\":\"de-DE\",\"potentialAction\":[{\"@type\":\"ReadAction\",\"target\":[\"https:\/\/ewl.com.pl\/ewl\/de\/auslagerung-von-prozessen-und-funktionen\/\"]}]},{\"@type\":\"ImageObject\",\"inLanguage\":\"de-DE\",\"@id\":\"https:\/\/ewl.com.pl\/ewl\/de\/auslagerung-von-prozessen-und-funktionen\/#primaryimage\",\"url\":\"https:\/\/ewl.com.pl\/wp-content\/uploads\/2024\/08\/08-2024-outsourcing-www-header-v1A-DE.png\",\"contentUrl\":\"https:\/\/ewl.com.pl\/wp-content\/uploads\/2024\/08\/08-2024-outsourcing-www-header-v1A-DE.png\"},{\"@type\":\"BreadcrumbList\",\"@id\":\"https:\/\/ewl.com.pl\/ewl\/de\/auslagerung-von-prozessen-und-funktionen\/#breadcrumb\",\"itemListElement\":[{\"@type\":\"ListItem\",\"position\":1,\"name\":\"Home\",\"item\":\"https:\/\/ewl.com.pl\/ewl\/de\/\"},{\"@type\":\"ListItem\",\"position\":2,\"name\":\"Prozess Outsourcing und Funktionen\"}]},{\"@type\":\"WebSite\",\"@id\":\"https:\/\/ewl.com.pl\/ewl\/de\/#website\",\"url\":\"https:\/\/ewl.com.pl\/ewl\/de\/\",\"name\":\"EWL Group\",\"description\":\"\",\"publisher\":{\"@id\":\"https:\/\/ewl.com.pl\/ewl\/de\/#organization\"},\"potentialAction\":[{\"@type\":\"SearchAction\",\"target\":{\"@type\":\"EntryPoint\",\"urlTemplate\":\"https:\/\/ewl.com.pl\/ewl\/de\/?s={search_term_string}\"},\"query-input\":{\"@type\":\"PropertyValueSpecification\",\"valueRequired\":true,\"valueName\":\"search_term_string\"}}],\"inLanguage\":\"de-DE\"},{\"@type\":\"Organization\",\"@id\":\"https:\/\/ewl.com.pl\/ewl\/de\/#organization\",\"name\":\"EWL Group\",\"url\":\"https:\/\/ewl.com.pl\/ewl\/de\/\",\"logo\":{\"@type\":\"ImageObject\",\"inLanguage\":\"de-DE\",\"@id\":\"https:\/\/ewl.com.pl\/ewl\/de\/#\/schema\/logo\/image\/\",\"url\":\"https:\/\/ewl.com.pl\/wp-content\/uploads\/2020\/06\/logo-white@2x.png\",\"contentUrl\":\"https:\/\/ewl.com.pl\/wp-content\/uploads\/2020\/06\/logo-white@2x.png\",\"width\":312,\"height\":130,\"caption\":\"EWL Group\"},\"image\":{\"@id\":\"https:\/\/ewl.com.pl\/ewl\/de\/#\/schema\/logo\/image\/\"}}]}<\/script>\n<!-- \/ Yoast SEO plugin. -->","yoast_head_json":{"title":"Outsourcing Dienstleistungen f\u00fcr Prozesse und Funktionen - EWL.com.pl\/de\/","description":"Im Rahmen des Process Outsourcing Service unterst\u00fctzen wir Unternehmen dabei, die Effizienz zu steigern und gleichzeitig Kosten und Formalit\u00e4ten zu reduzieren","robots":{"index":"index","follow":"follow","max-snippet":"max-snippet:-1","max-image-preview":"max-image-preview:large","max-video-preview":"max-video-preview:-1"},"canonical":"https:\/\/ewl.com.pl\/ewl\/de\/auslagerung-von-prozessen-und-funktionen\/","og_locale":"de_DE","og_type":"article","og_title":"Outsourcing proces\u00f3w i funkcji - wynajem pracownik\u00f3w do zada\u0144","og_description":"W ramach us\u0142ugi outsourcingu proces\u00f3w pomagamy firmom zwi\u0119ksza\u0107 efektywno\u015b\u0107 przy jednoczesnym obni\u017caniu koszt\u00f3w i formalno\u015bci","og_url":"https:\/\/ewl.com.pl\/ewl\/de\/auslagerung-von-prozessen-und-funktionen\/","og_site_name":"EWL Group","article_modified_time":"2024-09-10T10:32:13+00:00","og_image":[{"width":800,"height":483,"url":"https:\/\/ewl.com.pl\/ewl\/wp-content\/uploads\/2021\/03\/korzysci-outsourcing-procesow-biznesowych.jpg","type":"image\/jpeg"}],"twitter_card":"summary_large_image","twitter_title":"Outsourcing proces\u00f3w i funkcji - wynajem pracownik\u00f3w do zada\u0144","twitter_description":"W ramach us\u0142ugi outsourcingu proces\u00f3w pomagamy firmom zwi\u0119ksza\u0107 efektywno\u015b\u0107 przy jednoczesnym obni\u017caniu koszt\u00f3w i formalno\u015bci","twitter_image":"https:\/\/ewl.com.pl\/ewl\/wp-content\/uploads\/2021\/03\/korzysci-outsourcing-procesow-biznesowych.jpg","twitter_misc":{"Est. reading time":"1 Minute"},"schema":{"@context":"https:\/\/schema.org","@graph":[{"@type":"WebPage","@id":"https:\/\/ewl.com.pl\/ewl\/de\/auslagerung-von-prozessen-und-funktionen\/","url":"https:\/\/ewl.com.pl\/ewl\/de\/auslagerung-von-prozessen-und-funktionen\/","name":"Outsourcing Dienstleistungen f\u00fcr Prozesse und Funktionen - EWL.com.pl\/de\/","isPartOf":{"@id":"https:\/\/ewl.com.pl\/ewl\/de\/#website"},"primaryImageOfPage":{"@id":"https:\/\/ewl.com.pl\/ewl\/de\/auslagerung-von-prozessen-und-funktionen\/#primaryimage"},"image":{"@id":"https:\/\/ewl.com.pl\/ewl\/de\/auslagerung-von-prozessen-und-funktionen\/#primaryimage"},"thumbnailUrl":"https:\/\/ewl.com.pl\/wp-content\/uploads\/2024\/08\/08-2024-outsourcing-www-header-v1A-DE.png","datePublished":"2020-05-15T10:46:20+00:00","dateModified":"2024-09-10T10:32:13+00:00","description":"Im Rahmen des Process Outsourcing Service unterst\u00fctzen wir Unternehmen dabei, die Effizienz zu steigern und gleichzeitig Kosten und Formalit\u00e4ten zu reduzieren","breadcrumb":{"@id":"https:\/\/ewl.com.pl\/ewl\/de\/auslagerung-von-prozessen-und-funktionen\/#breadcrumb"},"inLanguage":"de-DE","potentialAction":[{"@type":"ReadAction","target":["https:\/\/ewl.com.pl\/ewl\/de\/auslagerung-von-prozessen-und-funktionen\/"]}]},{"@type":"ImageObject","inLanguage":"de-DE","@id":"https:\/\/ewl.com.pl\/ewl\/de\/auslagerung-von-prozessen-und-funktionen\/#primaryimage","url":"https:\/\/ewl.com.pl\/wp-content\/uploads\/2024\/08\/08-2024-outsourcing-www-header-v1A-DE.png","contentUrl":"https:\/\/ewl.com.pl\/wp-content\/uploads\/2024\/08\/08-2024-outsourcing-www-header-v1A-DE.png"},{"@type":"BreadcrumbList","@id":"https:\/\/ewl.com.pl\/ewl\/de\/auslagerung-von-prozessen-und-funktionen\/#breadcrumb","itemListElement":[{"@type":"ListItem","position":1,"name":"Home","item":"https:\/\/ewl.com.pl\/ewl\/de\/"},{"@type":"ListItem","position":2,"name":"Prozess Outsourcing und Funktionen"}]},{"@type":"WebSite","@id":"https:\/\/ewl.com.pl\/ewl\/de\/#website","url":"https:\/\/ewl.com.pl\/ewl\/de\/","name":"EWL Group","description":"","publisher":{"@id":"https:\/\/ewl.com.pl\/ewl\/de\/#organization"},"potentialAction":[{"@type":"SearchAction","target":{"@type":"EntryPoint","urlTemplate":"https:\/\/ewl.com.pl\/ewl\/de\/?s={search_term_string}"},"query-input":{"@type":"PropertyValueSpecification","valueRequired":true,"valueName":"search_term_string"}}],"inLanguage":"de-DE"},{"@type":"Organization","@id":"https:\/\/ewl.com.pl\/ewl\/de\/#organization","name":"EWL Group","url":"https:\/\/ewl.com.pl\/ewl\/de\/","logo":{"@type":"ImageObject","inLanguage":"de-DE","@id":"https:\/\/ewl.com.pl\/ewl\/de\/#\/schema\/logo\/image\/","url":"https:\/\/ewl.com.pl\/wp-content\/uploads\/2020\/06\/logo-white@2x.png","contentUrl":"https:\/\/ewl.com.pl\/wp-content\/uploads\/2020\/06\/logo-white@2x.png","width":312,"height":130,"caption":"EWL Group"},"image":{"@id":"https:\/\/ewl.com.pl\/ewl\/de\/#\/schema\/logo\/image\/"}}]}},"_links":{"self":[{"href":"https:\/\/ewl.com.pl\/ewl\/de\/wp-json\/wp\/v2\/pages\/52131","targetHints":{"allow":["GET"]}}],"collection":[{"href":"https:\/\/ewl.com.pl\/ewl\/de\/wp-json\/wp\/v2\/pages"}],"about":[{"href":"https:\/\/ewl.com.pl\/ewl\/de\/wp-json\/wp\/v2\/types\/page"}],"author":[{"embeddable":true,"href":"https:\/\/ewl.com.pl\/ewl\/de\/wp-json\/wp\/v2\/users\/1"}],"replies":[{"embeddable":true,"href":"https:\/\/ewl.com.pl\/ewl\/de\/wp-json\/wp\/v2\/comments?post=52131"}],"version-history":[{"count":50,"href":"https:\/\/ewl.com.pl\/ewl\/de\/wp-json\/wp\/v2\/pages\/52131\/revisions"}],"predecessor-version":[{"id":86087,"href":"https:\/\/ewl.com.pl\/ewl\/de\/wp-json\/wp\/v2\/pages\/52131\/revisions\/86087"}],"wp:attachment":[{"href":"https:\/\/ewl.com.pl\/ewl\/de\/wp-json\/wp\/v2\/media?parent=52131"}],"curies":[{"name":"wp","href":"https:\/\/api.w.org\/{rel}","templated":true}]}}